{"id":995,"date":"2017-02-23T22:41:56","date_gmt":"2017-02-23T21:41:56","guid":{"rendered":"http:\/\/eschringen.de\/wordpress\/?page_id=995"},"modified":"2024-11-28T21:18:03","modified_gmt":"2024-11-28T20:18:03","slug":"11-09-01-11-september-2001","status":"publish","type":"page","link":"https:\/\/eschringen.de\/wordpress\/geschichte\/archiv\/11-09-01-11-september-2001\/","title":{"rendered":"11.09.2001 &#8211; 11. September 2001"},"content":{"rendered":"\n<p><b><u>Aus leider aktuellem Anlass:<\/u><\/b><br>als f\u00fcr die Inhalte der &#8222;Eschringer Webseid&#8220; verantwortlicher Redakteur habe ich mir die Freiheit herausgenommen, nach den schrecklichen Terrorakten in New York, Washington und Pittsburgh im Namen aller Eschringer den mir\/uns bekannten Amerikanern unsere Anteilnahme auszudr\u00fccken: der Familie Chevalier (unseren &#8222;Exil-Eschringern&#8220;) als auch Mr. Fred Clinton, einem Eschringen verbundenen ehemaligen US-Soldaten.<\/p>\n\n\n\n<p>Roland Schmitt<\/p>\n\n\n\n<p>Inzwischen habe ich hierauf auch Reaktionen erhalten, die ich den Besuchern unserer Website nicht vorenthalten m\u00f6chte:<\/p>\n\n\n\n<hr class=\"wp-block-separator has-alpha-channel-opacity\"\/>\n\n\n\n<p>&#8230; liebe Eschringer, liebe Saarl\u00e4nder,<\/p>\n\n\n\n<p>was ein gutes Gef\u00fchl in dieser Zeit gute Freunde in der Heimat zu wissen und besonders im Heimatort meiner Frau Melanie. Die Ereignisse in unserer neuen Heimat erinnerten uns an den b\u00f6sen Krieg. Ich m\u00f6chte mich bei Ihnen und auch allen Eschringern bedanken f\u00fcr ihre Sorgen um uns und alle, die diese Katastrophe erleben mussten, doch ich kann Ihnen versichern, dass wir in einem sicheren Platz sind, auch unsere Kinder sind alle o.k.<br>Wir k\u00f6nnen nur beten und hoffen, dass unsere Helfer in der gro\u00dfen Stadt New York noch \u00dcberlebende finden. Bitte geben Sie unseren Dank zu allen unseren Lieben und Freunde in Eschringen und im Saarland&#8230;<\/p>\n\n\n\n<p>In Freundschaft immer<\/p>\n\n\n\n<p>Ihre Eschringer in USA<\/p>\n\n\n\n<p>Melanie und Hansj\u00f6rg Chevalier<\/p>\n\n\n\n<hr class=\"wp-block-separator has-alpha-channel-opacity\"\/>\n\n\n\n<p>&#8230; Mr Schmitt,<\/p>\n\n\n\n<p>your message is well received and heartwarming. On behalf of the American people I thank you for your concern and expression of sympathy. As to escalation, I am afraid that we must consider that the United States is at war. Although a war different from what we in the world have known in the past, a war nonetheless. I fully expect that our government will move in that direction and then determine who we are at war with. These terrible acts cannot go unpunished and in my opinion our court system is not the correct venue to extract this punishment.<\/p>\n\n\n\n<p><i>\u00dcbersetzung: Ihre Mitteilung ist gut empfangen worden und herzerfreuend. Im Namen des amerikanischen Volkes danke ich Ihnen f\u00fcr Ihre Sorge und Ihren Ausdruck der Anteilnahme. Hinsichtlich der Eskalation bef\u00fcrchte ich, dass wir eingestehen m\u00fcssen, dass sich die Vereinigten Staaten im Krieg befinden. Obgleich ein Krieg, andersgeartet als das, was wir in der Welt in der Vergangenheit gekannt haben, ist es nichtsdestotrotz ein Krieg. Ich erwarte uneingeschr\u00e4nkt, dass sich unsere Regierung in diese Richtung bewegt und dann entscheidet, mit wem wir uns im Krieg befinden.<br>Diese schrecklichen Handlungen k\u00f6nnen nicht ungestraft bleiben und meiner Meinung nach ist unser Gerichtssystem nicht der korrekte Ort, um diese Bestrafung zu bestimmen.<br><\/i><br>Fred Clinton<\/p>\n","protected":false},"excerpt":{"rendered":"<p>Aus leider aktuellem Anlass:als f\u00fcr die Inhalte der &#8222;Eschringer Webseid&#8220; verantwortlicher Redakteur habe ich mir die Freiheit herausgenommen, nach den schrecklichen Terrorakten in New York, Washington und Pittsburgh im Namen aller Eschringer den mir\/uns bekannten Amerikanern unsere Anteilnahme auszudr\u00fccken: der Familie Chevalier (unseren &#8222;Exil-Eschringern&#8220;) als auch Mr. Fred Clinton, einem Eschringen verbundenen ehemaligen US-Soldaten. Roland &#8230; <a title=\"11.09.2001 &#8211; 11. September 2001\" class=\"read-more\" href=\"https:\/\/eschringen.de\/wordpress\/geschichte\/archiv\/11-09-01-11-september-2001\/\" aria-label=\"Mehr Informationen \u00fcber 11.09.2001 &#8211; 11. September 2001\">Weiterlesen &#8230;<\/a><\/p>\n","protected":false},"author":1,"featured_media":0,"parent":403,"menu_order":60,"comment_status":"closed","ping_status":"closed","template":"","meta":{"ngg_post_thumbnail":0,"footnotes":""},"class_list":["post-995","page","type-page","status-publish"],"yoast_head":"<!-- This site is optimized with the Yoast SEO plugin v27.4 - https:\/\/yoast.com\/product\/yoast-seo-wordpress\/ -->\n<title>11.09.2001 - 11. September 2001 - Eschringen<\/title>\n<meta name=\"robots\" content=\"index, follow, max-snippet:-1, max-image-preview:large, max-video-preview:-1\" \/>\n<link rel=\"canonical\" href=\"https:\/\/eschringen.de\/wordpress\/geschichte\/archiv\/11-09-01-11-september-2001\/\" \/>\n<meta property=\"og:locale\" content=\"de_DE\" \/>\n<meta property=\"og:type\" content=\"article\" \/>\n<meta property=\"og:title\" content=\"11.09.2001 - 11. September 2001 - Eschringen\" \/>\n<meta property=\"og:description\" content=\"Aus leider aktuellem Anlass:als f\u00fcr die Inhalte der &#8222;Eschringer Webseid&#8220; verantwortlicher Redakteur habe ich mir die Freiheit herausgenommen, nach den schrecklichen Terrorakten in New York, Washington und Pittsburgh im Namen aller Eschringer den mir\/uns bekannten Amerikanern unsere Anteilnahme auszudr\u00fccken: der Familie Chevalier (unseren &#8222;Exil-Eschringern&#8220;) als auch Mr. Fred Clinton, einem Eschringen verbundenen ehemaligen US-Soldaten. Roland ... Weiterlesen ...\" \/>\n<meta property=\"og:url\" content=\"https:\/\/eschringen.de\/wordpress\/geschichte\/archiv\/11-09-01-11-september-2001\/\" \/>\n<meta property=\"og:site_name\" content=\"Eschringen\" \/>\n<meta property=\"article:modified_time\" content=\"2024-11-28T20:18:03+00:00\" \/>\n<meta name=\"twitter:card\" content=\"summary_large_image\" \/>\n<meta name=\"twitter:label1\" content=\"Gesch\u00e4tzte Lesezeit\" \/>\n\t<meta name=\"twitter:data1\" content=\"3\u00a0Minuten\" \/>\n<script type=\"application\/ld+json\" class=\"yoast-schema-graph\">{\"@context\":\"https:\\\/\\\/schema.org\",\"@graph\":[{\"@type\":\"WebPage\",\"@id\":\"https:\\\/\\\/eschringen.de\\\/wordpress\\\/geschichte\\\/archiv\\\/11-09-01-11-september-2001\\\/\",\"url\":\"https:\\\/\\\/eschringen.de\\\/wordpress\\\/geschichte\\\/archiv\\\/11-09-01-11-september-2001\\\/\",\"name\":\"11.09.2001 - 11. September 2001 - Eschringen\",\"isPartOf\":{\"@id\":\"https:\\\/\\\/eschringen.de\\\/wordpress\\\/#website\"},\"datePublished\":\"2017-02-23T21:41:56+00:00\",\"dateModified\":\"2024-11-28T20:18:03+00:00\",\"breadcrumb\":{\"@id\":\"https:\\\/\\\/eschringen.de\\\/wordpress\\\/geschichte\\\/archiv\\\/11-09-01-11-september-2001\\\/#breadcrumb\"},\"inLanguage\":\"de\",\"potentialAction\":[{\"@type\":\"ReadAction\",\"target\":[\"https:\\\/\\\/eschringen.de\\\/wordpress\\\/geschichte\\\/archiv\\\/11-09-01-11-september-2001\\\/\"]}]},{\"@type\":\"BreadcrumbList\",\"@id\":\"https:\\\/\\\/eschringen.de\\\/wordpress\\\/geschichte\\\/archiv\\\/11-09-01-11-september-2001\\\/#breadcrumb\",\"itemListElement\":[{\"@type\":\"ListItem\",\"position\":1,\"name\":\"Startseite\",\"item\":\"https:\\\/\\\/eschringen.de\\\/wordpress\\\/\"},{\"@type\":\"ListItem\",\"position\":2,\"name\":\"Geschichte\",\"item\":\"https:\\\/\\\/eschringen.de\\\/wordpress\\\/geschichte\\\/\"},{\"@type\":\"ListItem\",\"position\":3,\"name\":\"Archiv\",\"item\":\"https:\\\/\\\/eschringen.de\\\/wordpress\\\/geschichte\\\/archiv\\\/\"},{\"@type\":\"ListItem\",\"position\":4,\"name\":\"11.09.2001 &#8211; 11. September 2001\"}]},{\"@type\":\"WebSite\",\"@id\":\"https:\\\/\\\/eschringen.de\\\/wordpress\\\/#website\",\"url\":\"https:\\\/\\\/eschringen.de\\\/wordpress\\\/\",\"name\":\"Eschringen\",\"description\":\"\",\"publisher\":{\"@id\":\"https:\\\/\\\/eschringen.de\\\/wordpress\\\/#organization\"},\"potentialAction\":[{\"@type\":\"SearchAction\",\"target\":{\"@type\":\"EntryPoint\",\"urlTemplate\":\"https:\\\/\\\/eschringen.de\\\/wordpress\\\/?s={search_term_string}\"},\"query-input\":{\"@type\":\"PropertyValueSpecification\",\"valueRequired\":true,\"valueName\":\"search_term_string\"}}],\"inLanguage\":\"de\"},{\"@type\":\"Organization\",\"@id\":\"https:\\\/\\\/eschringen.de\\\/wordpress\\\/#organization\",\"name\":\"Eschringen\",\"url\":\"https:\\\/\\\/eschringen.de\\\/wordpress\\\/\",\"logo\":{\"@type\":\"ImageObject\",\"inLanguage\":\"de\",\"@id\":\"https:\\\/\\\/eschringen.de\\\/wordpress\\\/#\\\/schema\\\/logo\\\/image\\\/\",\"url\":\"https:\\\/\\\/eschringen.de\\\/wordpress\\\/wp-content\\\/uploads\\\/2017\\\/03\\\/2017_kw15.jpg\",\"contentUrl\":\"https:\\\/\\\/eschringen.de\\\/wordpress\\\/wp-content\\\/uploads\\\/2017\\\/03\\\/2017_kw15.jpg\",\"width\":784,\"height\":447,\"caption\":\"Eschringen\"},\"image\":{\"@id\":\"https:\\\/\\\/eschringen.de\\\/wordpress\\\/#\\\/schema\\\/logo\\\/image\\\/\"}}]}<\/script>\n<!-- \/ Yoast SEO plugin. -->","yoast_head_json":{"title":"11.09.2001 - 11. September 2001 - Eschringen","robots":{"index":"index","follow":"follow","max-snippet":"max-snippet:-1","max-image-preview":"max-image-preview:large","max-video-preview":"max-video-preview:-1"},"canonical":"https:\/\/eschringen.de\/wordpress\/geschichte\/archiv\/11-09-01-11-september-2001\/","og_locale":"de_DE","og_type":"article","og_title":"11.09.2001 - 11. September 2001 - Eschringen","og_description":"Aus leider aktuellem Anlass:als f\u00fcr die Inhalte der &#8222;Eschringer Webseid&#8220; verantwortlicher Redakteur habe ich mir die Freiheit herausgenommen, nach den schrecklichen Terrorakten in New York, Washington und Pittsburgh im Namen aller Eschringer den mir\/uns bekannten Amerikanern unsere Anteilnahme auszudr\u00fccken: der Familie Chevalier (unseren &#8222;Exil-Eschringern&#8220;) als auch Mr. Fred Clinton, einem Eschringen verbundenen ehemaligen US-Soldaten. Roland ... Weiterlesen ...","og_url":"https:\/\/eschringen.de\/wordpress\/geschichte\/archiv\/11-09-01-11-september-2001\/","og_site_name":"Eschringen","article_modified_time":"2024-11-28T20:18:03+00:00","twitter_card":"summary_large_image","twitter_misc":{"Gesch\u00e4tzte Lesezeit":"3\u00a0Minuten"},"schema":{"@context":"https:\/\/schema.org","@graph":[{"@type":"WebPage","@id":"https:\/\/eschringen.de\/wordpress\/geschichte\/archiv\/11-09-01-11-september-2001\/","url":"https:\/\/eschringen.de\/wordpress\/geschichte\/archiv\/11-09-01-11-september-2001\/","name":"11.09.2001 - 11. September 2001 - Eschringen","isPartOf":{"@id":"https:\/\/eschringen.de\/wordpress\/#website"},"datePublished":"2017-02-23T21:41:56+00:00","dateModified":"2024-11-28T20:18:03+00:00","breadcrumb":{"@id":"https:\/\/eschringen.de\/wordpress\/geschichte\/archiv\/11-09-01-11-september-2001\/#breadcrumb"},"inLanguage":"de","potentialAction":[{"@type":"ReadAction","target":["https:\/\/eschringen.de\/wordpress\/geschichte\/archiv\/11-09-01-11-september-2001\/"]}]},{"@type":"BreadcrumbList","@id":"https:\/\/eschringen.de\/wordpress\/geschichte\/archiv\/11-09-01-11-september-2001\/#breadcrumb","itemListElement":[{"@type":"ListItem","position":1,"name":"Startseite","item":"https:\/\/eschringen.de\/wordpress\/"},{"@type":"ListItem","position":2,"name":"Geschichte","item":"https:\/\/eschringen.de\/wordpress\/geschichte\/"},{"@type":"ListItem","position":3,"name":"Archiv","item":"https:\/\/eschringen.de\/wordpress\/geschichte\/archiv\/"},{"@type":"ListItem","position":4,"name":"11.09.2001 &#8211; 11. September 2001"}]},{"@type":"WebSite","@id":"https:\/\/eschringen.de\/wordpress\/#website","url":"https:\/\/eschringen.de\/wordpress\/","name":"Eschringen","description":"","publisher":{"@id":"https:\/\/eschringen.de\/wordpress\/#organization"},"potentialAction":[{"@type":"SearchAction","target":{"@type":"EntryPoint","urlTemplate":"https:\/\/eschringen.de\/wordpress\/?s={search_term_string}"},"query-input":{"@type":"PropertyValueSpecification","valueRequired":true,"valueName":"search_term_string"}}],"inLanguage":"de"},{"@type":"Organization","@id":"https:\/\/eschringen.de\/wordpress\/#organization","name":"Eschringen","url":"https:\/\/eschringen.de\/wordpress\/","logo":{"@type":"ImageObject","inLanguage":"de","@id":"https:\/\/eschringen.de\/wordpress\/#\/schema\/logo\/image\/","url":"https:\/\/eschringen.de\/wordpress\/wp-content\/uploads\/2017\/03\/2017_kw15.jpg","contentUrl":"https:\/\/eschringen.de\/wordpress\/wp-content\/uploads\/2017\/03\/2017_kw15.jpg","width":784,"height":447,"caption":"Eschringen"},"image":{"@id":"https:\/\/eschringen.de\/wordpress\/#\/schema\/logo\/image\/"}}]}},"jetpack_sharing_enabled":true,"_links":{"self":[{"href":"https:\/\/eschringen.de\/wordpress\/wp-json\/wp\/v2\/pages\/995","targetHints":{"allow":["GET"]}}],"collection":[{"href":"https:\/\/eschringen.de\/wordpress\/wp-json\/wp\/v2\/pages"}],"about":[{"href":"https:\/\/eschringen.de\/wordpress\/wp-json\/wp\/v2\/types\/page"}],"author":[{"embeddable":true,"href":"https:\/\/eschringen.de\/wordpress\/wp-json\/wp\/v2\/users\/1"}],"replies":[{"embeddable":true,"href":"https:\/\/eschringen.de\/wordpress\/wp-json\/wp\/v2\/comments?post=995"}],"version-history":[{"count":2,"href":"https:\/\/eschringen.de\/wordpress\/wp-json\/wp\/v2\/pages\/995\/revisions"}],"predecessor-version":[{"id":5002,"href":"https:\/\/eschringen.de\/wordpress\/wp-json\/wp\/v2\/pages\/995\/revisions\/5002"}],"up":[{"embeddable":true,"href":"https:\/\/eschringen.de\/wordpress\/wp-json\/wp\/v2\/pages\/403"}],"wp:attachment":[{"href":"https:\/\/eschringen.de\/wordpress\/wp-json\/wp\/v2\/media?parent=995"}],"curies":[{"name":"wp","href":"https:\/\/api.w.org\/{rel}","templated":true}]}}