{"id":993,"date":"2017-02-23T22:38:20","date_gmt":"2017-02-23T21:38:20","guid":{"rendered":"http:\/\/eschringen.de\/wordpress\/?page_id=993"},"modified":"2024-11-28T21:13:59","modified_gmt":"2024-11-28T20:13:59","slug":"19-09-01-der-apostolische-nuntius-erzbischof-giovanni-lajolo-auf-stippvisite","status":"publish","type":"page","link":"https:\/\/eschringen.de\/wordpress\/geschichte\/archiv\/19-09-01-der-apostolische-nuntius-erzbischof-giovanni-lajolo-auf-stippvisite\/","title":{"rendered":"19.09.2001 &#8211; Der Apostolische Nuntius, Erzbischof Giovanni Lajolo, auf Stippvisite"},"content":{"rendered":"<div class=\"wp-block-image\">\n<figure class=\"alignleft\"><img data-recalc-dims=\"1\" decoding=\"async\" src=\"https:\/\/i0.wp.com\/eschringen.de\/wordpress\/wp-content\/uploads\/2024\/11\/lajolo1.jpg?w=1200&#038;ssl=1\" alt=\"\"\/><figcaption class=\"wp-element-caption\">Dr. Lajolo lauscht den Ausf\u00fchrungen von Heinrich Moog (verdeckt)<\/figcaption><\/figure>\n<\/div>\n\n\n<p>Hoher Besuch stellte sich am sp\u00e4ten Nachmittag des 19. September 2001 in unserem Dorf ein. Der Vertreter des Vatikans in Deutschland legte auf seiner eskortierten R\u00fcckfahrt zum Airport Ensheim zwecks R\u00fcckflug nach Berlin einen Halt an der St. Laurentiuskapelle ein. Dort wurde er von einer kleinen Delegation um Pastoralreferent Bernhard Marondel begr\u00fc\u00dft. Ortschronist Heinrich Moog erl\u00e4uterte Dr. Lajolo die bewegte Geschichte einer der \u00e4ltesten Kirchen auf Saarbr\u00fccker Gebiet. Zum Abschluss betete man gemeinsam ein Vaterunser, dann segnete der Apostolische Nuntius das kleine Gotteshaus. Zur Erinnerung an seinen Kurzbesuch erhielt der Erzbischof diverse Geschenke, u. a. auch ein Fl\u00e4schchen Lorenzwasser!<br>Als Vertreter des Heiligen Stuhls war Dr. Lajolo (geb. 1935 in Novara\/Piemont) nach Saarbr\u00fccken gekommen, um mit Ministerpr\u00e4sident Peter M\u00fcller einen Vertrag zu unterzeichnen, der Rechtssicherheit und die Finanzierung katholischer Schulen im Saarland garantieren soll.<\/p>\n\n\n<div class=\"wp-block-image\">\n<figure class=\"alignleft\"><img data-recalc-dims=\"1\" decoding=\"async\" src=\"https:\/\/i0.wp.com\/eschringen.de\/wordpress\/wp-content\/uploads\/2024\/11\/lajolo2.jpg?w=1200&#038;ssl=1\" alt=\"\"\/><figcaption class=\"wp-element-caption\">Bernhard Marondel und der apostolische Nuntius im Gespr\u00e4ch unter den Augen des hl. Laurentius!<\/figcaption><\/figure>\n<\/div>\n\n<div class=\"wp-block-image\">\n<figure class=\"alignright\"><img data-recalc-dims=\"1\" decoding=\"async\" src=\"https:\/\/i0.wp.com\/eschringen.de\/wordpress\/wp-content\/uploads\/2024\/11\/lajolo3.jpg?w=1200&#038;ssl=1\" alt=\"\"\/><figcaption class=\"wp-element-caption\">Zum Abschied ein kleines Gruppenbild mit Damen.<\/figcaption><\/figure>\n<\/div>","protected":false},"excerpt":{"rendered":"<p>Hoher Besuch stellte sich am sp\u00e4ten Nachmittag des 19. September 2001 in unserem Dorf ein. Der Vertreter des Vatikans in Deutschland legte auf seiner eskortierten R\u00fcckfahrt zum Airport Ensheim zwecks R\u00fcckflug nach Berlin einen Halt an der St. Laurentiuskapelle ein. Dort wurde er von einer kleinen Delegation um Pastoralreferent Bernhard Marondel begr\u00fc\u00dft. Ortschronist Heinrich Moog &#8230; <a title=\"19.09.2001 &#8211; Der Apostolische Nuntius, Erzbischof Giovanni Lajolo, auf Stippvisite\" class=\"read-more\" href=\"https:\/\/eschringen.de\/wordpress\/geschichte\/archiv\/19-09-01-der-apostolische-nuntius-erzbischof-giovanni-lajolo-auf-stippvisite\/\" aria-label=\"Mehr Informationen \u00fcber 19.09.2001 &#8211; Der Apostolische Nuntius, Erzbischof Giovanni Lajolo, auf Stippvisite\">Weiterlesen &#8230;<\/a><\/p>\n","protected":false},"author":1,"featured_media":0,"parent":403,"menu_order":59,"comment_status":"closed","ping_status":"closed","template":"","meta":{"ngg_post_thumbnail":0,"footnotes":""},"class_list":["post-993","page","type-page","status-publish"],"yoast_head":"<!-- This site is optimized with the Yoast SEO plugin v27.3 - https:\/\/yoast.com\/product\/yoast-seo-wordpress\/ -->\n<title>19.09.2001 - Der Apostolische Nuntius, Erzbischof Giovanni Lajolo, auf Stippvisite - Eschringen<\/title>\n<meta name=\"robots\" content=\"index, follow, max-snippet:-1, max-image-preview:large, max-video-preview:-1\" \/>\n<link rel=\"canonical\" href=\"https:\/\/eschringen.de\/wordpress\/geschichte\/archiv\/19-09-01-der-apostolische-nuntius-erzbischof-giovanni-lajolo-auf-stippvisite\/\" \/>\n<meta property=\"og:locale\" content=\"de_DE\" \/>\n<meta property=\"og:type\" content=\"article\" \/>\n<meta property=\"og:title\" content=\"19.09.2001 - Der Apostolische Nuntius, Erzbischof Giovanni Lajolo, auf Stippvisite - Eschringen\" \/>\n<meta property=\"og:description\" content=\"Hoher Besuch stellte sich am sp\u00e4ten Nachmittag des 19. September 2001 in unserem Dorf ein. Der Vertreter des Vatikans in Deutschland legte auf seiner eskortierten R\u00fcckfahrt zum Airport Ensheim zwecks R\u00fcckflug nach Berlin einen Halt an der St. Laurentiuskapelle ein. Dort wurde er von einer kleinen Delegation um Pastoralreferent Bernhard Marondel begr\u00fc\u00dft. Ortschronist Heinrich Moog ... Weiterlesen ...\" \/>\n<meta property=\"og:url\" content=\"https:\/\/eschringen.de\/wordpress\/geschichte\/archiv\/19-09-01-der-apostolische-nuntius-erzbischof-giovanni-lajolo-auf-stippvisite\/\" \/>\n<meta property=\"og:site_name\" content=\"Eschringen\" \/>\n<meta property=\"article:modified_time\" content=\"2024-11-28T20:13:59+00:00\" \/>\n<meta property=\"og:image\" content=\"https:\/\/eschringen.de\/wordpress\/wp-content\/uploads\/2024\/11\/lajolo1.jpg\" \/>\n<meta name=\"twitter:card\" content=\"summary_large_image\" \/>\n<meta name=\"twitter:label1\" content=\"Gesch\u00e4tzte Lesezeit\" \/>\n\t<meta name=\"twitter:data1\" content=\"2\u00a0Minuten\" \/>\n<script type=\"application\/ld+json\" class=\"yoast-schema-graph\">{\"@context\":\"https:\\\/\\\/schema.org\",\"@graph\":[{\"@type\":\"WebPage\",\"@id\":\"https:\\\/\\\/eschringen.de\\\/wordpress\\\/geschichte\\\/archiv\\\/19-09-01-der-apostolische-nuntius-erzbischof-giovanni-lajolo-auf-stippvisite\\\/\",\"url\":\"https:\\\/\\\/eschringen.de\\\/wordpress\\\/geschichte\\\/archiv\\\/19-09-01-der-apostolische-nuntius-erzbischof-giovanni-lajolo-auf-stippvisite\\\/\",\"name\":\"19.09.2001 - Der Apostolische Nuntius, Erzbischof Giovanni Lajolo, auf Stippvisite - Eschringen\",\"isPartOf\":{\"@id\":\"https:\\\/\\\/eschringen.de\\\/wordpress\\\/#website\"},\"primaryImageOfPage\":{\"@id\":\"https:\\\/\\\/eschringen.de\\\/wordpress\\\/geschichte\\\/archiv\\\/19-09-01-der-apostolische-nuntius-erzbischof-giovanni-lajolo-auf-stippvisite\\\/#primaryimage\"},\"image\":{\"@id\":\"https:\\\/\\\/eschringen.de\\\/wordpress\\\/geschichte\\\/archiv\\\/19-09-01-der-apostolische-nuntius-erzbischof-giovanni-lajolo-auf-stippvisite\\\/#primaryimage\"},\"thumbnailUrl\":\"https:\\\/\\\/eschringen.de\\\/wordpress\\\/wp-content\\\/uploads\\\/2024\\\/11\\\/lajolo1.jpg\",\"datePublished\":\"2017-02-23T21:38:20+00:00\",\"dateModified\":\"2024-11-28T20:13:59+00:00\",\"breadcrumb\":{\"@id\":\"https:\\\/\\\/eschringen.de\\\/wordpress\\\/geschichte\\\/archiv\\\/19-09-01-der-apostolische-nuntius-erzbischof-giovanni-lajolo-auf-stippvisite\\\/#breadcrumb\"},\"inLanguage\":\"de\",\"potentialAction\":[{\"@type\":\"ReadAction\",\"target\":[\"https:\\\/\\\/eschringen.de\\\/wordpress\\\/geschichte\\\/archiv\\\/19-09-01-der-apostolische-nuntius-erzbischof-giovanni-lajolo-auf-stippvisite\\\/\"]}]},{\"@type\":\"ImageObject\",\"inLanguage\":\"de\",\"@id\":\"https:\\\/\\\/eschringen.de\\\/wordpress\\\/geschichte\\\/archiv\\\/19-09-01-der-apostolische-nuntius-erzbischof-giovanni-lajolo-auf-stippvisite\\\/#primaryimage\",\"url\":\"https:\\\/\\\/i0.wp.com\\\/eschringen.de\\\/wordpress\\\/wp-content\\\/uploads\\\/2024\\\/11\\\/lajolo1.jpg?fit=300%2C202&ssl=1\",\"contentUrl\":\"https:\\\/\\\/i0.wp.com\\\/eschringen.de\\\/wordpress\\\/wp-content\\\/uploads\\\/2024\\\/11\\\/lajolo1.jpg?fit=300%2C202&ssl=1\",\"width\":300,\"height\":202},{\"@type\":\"BreadcrumbList\",\"@id\":\"https:\\\/\\\/eschringen.de\\\/wordpress\\\/geschichte\\\/archiv\\\/19-09-01-der-apostolische-nuntius-erzbischof-giovanni-lajolo-auf-stippvisite\\\/#breadcrumb\",\"itemListElement\":[{\"@type\":\"ListItem\",\"position\":1,\"name\":\"Startseite\",\"item\":\"https:\\\/\\\/eschringen.de\\\/wordpress\\\/\"},{\"@type\":\"ListItem\",\"position\":2,\"name\":\"Geschichte\",\"item\":\"https:\\\/\\\/eschringen.de\\\/wordpress\\\/geschichte\\\/\"},{\"@type\":\"ListItem\",\"position\":3,\"name\":\"Archiv\",\"item\":\"https:\\\/\\\/eschringen.de\\\/wordpress\\\/geschichte\\\/archiv\\\/\"},{\"@type\":\"ListItem\",\"position\":4,\"name\":\"19.09.2001 &#8211; Der Apostolische Nuntius, Erzbischof Giovanni Lajolo, auf Stippvisite\"}]},{\"@type\":\"WebSite\",\"@id\":\"https:\\\/\\\/eschringen.de\\\/wordpress\\\/#website\",\"url\":\"https:\\\/\\\/eschringen.de\\\/wordpress\\\/\",\"name\":\"Eschringen\",\"description\":\"\",\"publisher\":{\"@id\":\"https:\\\/\\\/eschringen.de\\\/wordpress\\\/#organization\"},\"potentialAction\":[{\"@type\":\"SearchAction\",\"target\":{\"@type\":\"EntryPoint\",\"urlTemplate\":\"https:\\\/\\\/eschringen.de\\\/wordpress\\\/?s={search_term_string}\"},\"query-input\":{\"@type\":\"PropertyValueSpecification\",\"valueRequired\":true,\"valueName\":\"search_term_string\"}}],\"inLanguage\":\"de\"},{\"@type\":\"Organization\",\"@id\":\"https:\\\/\\\/eschringen.de\\\/wordpress\\\/#organization\",\"name\":\"Eschringen\",\"url\":\"https:\\\/\\\/eschringen.de\\\/wordpress\\\/\",\"logo\":{\"@type\":\"ImageObject\",\"inLanguage\":\"de\",\"@id\":\"https:\\\/\\\/eschringen.de\\\/wordpress\\\/#\\\/schema\\\/logo\\\/image\\\/\",\"url\":\"https:\\\/\\\/eschringen.de\\\/wordpress\\\/wp-content\\\/uploads\\\/2017\\\/03\\\/2017_kw15.jpg\",\"contentUrl\":\"https:\\\/\\\/eschringen.de\\\/wordpress\\\/wp-content\\\/uploads\\\/2017\\\/03\\\/2017_kw15.jpg\",\"width\":784,\"height\":447,\"caption\":\"Eschringen\"},\"image\":{\"@id\":\"https:\\\/\\\/eschringen.de\\\/wordpress\\\/#\\\/schema\\\/logo\\\/image\\\/\"}}]}<\/script>\n<!-- \/ Yoast SEO plugin. -->","yoast_head_json":{"title":"19.09.2001 - Der Apostolische Nuntius, Erzbischof Giovanni Lajolo, auf Stippvisite - Eschringen","robots":{"index":"index","follow":"follow","max-snippet":"max-snippet:-1","max-image-preview":"max-image-preview:large","max-video-preview":"max-video-preview:-1"},"canonical":"https:\/\/eschringen.de\/wordpress\/geschichte\/archiv\/19-09-01-der-apostolische-nuntius-erzbischof-giovanni-lajolo-auf-stippvisite\/","og_locale":"de_DE","og_type":"article","og_title":"19.09.2001 - Der Apostolische Nuntius, Erzbischof Giovanni Lajolo, auf Stippvisite - Eschringen","og_description":"Hoher Besuch stellte sich am sp\u00e4ten Nachmittag des 19. September 2001 in unserem Dorf ein. Der Vertreter des Vatikans in Deutschland legte auf seiner eskortierten R\u00fcckfahrt zum Airport Ensheim zwecks R\u00fcckflug nach Berlin einen Halt an der St. Laurentiuskapelle ein. Dort wurde er von einer kleinen Delegation um Pastoralreferent Bernhard Marondel begr\u00fc\u00dft. Ortschronist Heinrich Moog ... Weiterlesen ...","og_url":"https:\/\/eschringen.de\/wordpress\/geschichte\/archiv\/19-09-01-der-apostolische-nuntius-erzbischof-giovanni-lajolo-auf-stippvisite\/","og_site_name":"Eschringen","article_modified_time":"2024-11-28T20:13:59+00:00","og_image":[{"url":"https:\/\/eschringen.de\/wordpress\/wp-content\/uploads\/2024\/11\/lajolo1.jpg","type":"","width":"","height":""}],"twitter_card":"summary_large_image","twitter_misc":{"Gesch\u00e4tzte Lesezeit":"2\u00a0Minuten"},"schema":{"@context":"https:\/\/schema.org","@graph":[{"@type":"WebPage","@id":"https:\/\/eschringen.de\/wordpress\/geschichte\/archiv\/19-09-01-der-apostolische-nuntius-erzbischof-giovanni-lajolo-auf-stippvisite\/","url":"https:\/\/eschringen.de\/wordpress\/geschichte\/archiv\/19-09-01-der-apostolische-nuntius-erzbischof-giovanni-lajolo-auf-stippvisite\/","name":"19.09.2001 - Der Apostolische Nuntius, Erzbischof Giovanni Lajolo, auf Stippvisite - Eschringen","isPartOf":{"@id":"https:\/\/eschringen.de\/wordpress\/#website"},"primaryImageOfPage":{"@id":"https:\/\/eschringen.de\/wordpress\/geschichte\/archiv\/19-09-01-der-apostolische-nuntius-erzbischof-giovanni-lajolo-auf-stippvisite\/#primaryimage"},"image":{"@id":"https:\/\/eschringen.de\/wordpress\/geschichte\/archiv\/19-09-01-der-apostolische-nuntius-erzbischof-giovanni-lajolo-auf-stippvisite\/#primaryimage"},"thumbnailUrl":"https:\/\/eschringen.de\/wordpress\/wp-content\/uploads\/2024\/11\/lajolo1.jpg","datePublished":"2017-02-23T21:38:20+00:00","dateModified":"2024-11-28T20:13:59+00:00","breadcrumb":{"@id":"https:\/\/eschringen.de\/wordpress\/geschichte\/archiv\/19-09-01-der-apostolische-nuntius-erzbischof-giovanni-lajolo-auf-stippvisite\/#breadcrumb"},"inLanguage":"de","potentialAction":[{"@type":"ReadAction","target":["https:\/\/eschringen.de\/wordpress\/geschichte\/archiv\/19-09-01-der-apostolische-nuntius-erzbischof-giovanni-lajolo-auf-stippvisite\/"]}]},{"@type":"ImageObject","inLanguage":"de","@id":"https:\/\/eschringen.de\/wordpress\/geschichte\/archiv\/19-09-01-der-apostolische-nuntius-erzbischof-giovanni-lajolo-auf-stippvisite\/#primaryimage","url":"https:\/\/i0.wp.com\/eschringen.de\/wordpress\/wp-content\/uploads\/2024\/11\/lajolo1.jpg?fit=300%2C202&ssl=1","contentUrl":"https:\/\/i0.wp.com\/eschringen.de\/wordpress\/wp-content\/uploads\/2024\/11\/lajolo1.jpg?fit=300%2C202&ssl=1","width":300,"height":202},{"@type":"BreadcrumbList","@id":"https:\/\/eschringen.de\/wordpress\/geschichte\/archiv\/19-09-01-der-apostolische-nuntius-erzbischof-giovanni-lajolo-auf-stippvisite\/#breadcrumb","itemListElement":[{"@type":"ListItem","position":1,"name":"Startseite","item":"https:\/\/eschringen.de\/wordpress\/"},{"@type":"ListItem","position":2,"name":"Geschichte","item":"https:\/\/eschringen.de\/wordpress\/geschichte\/"},{"@type":"ListItem","position":3,"name":"Archiv","item":"https:\/\/eschringen.de\/wordpress\/geschichte\/archiv\/"},{"@type":"ListItem","position":4,"name":"19.09.2001 &#8211; Der Apostolische Nuntius, Erzbischof Giovanni Lajolo, auf Stippvisite"}]},{"@type":"WebSite","@id":"https:\/\/eschringen.de\/wordpress\/#website","url":"https:\/\/eschringen.de\/wordpress\/","name":"Eschringen","description":"","publisher":{"@id":"https:\/\/eschringen.de\/wordpress\/#organization"},"potentialAction":[{"@type":"SearchAction","target":{"@type":"EntryPoint","urlTemplate":"https:\/\/eschringen.de\/wordpress\/?s={search_term_string}"},"query-input":{"@type":"PropertyValueSpecification","valueRequired":true,"valueName":"search_term_string"}}],"inLanguage":"de"},{"@type":"Organization","@id":"https:\/\/eschringen.de\/wordpress\/#organization","name":"Eschringen","url":"https:\/\/eschringen.de\/wordpress\/","logo":{"@type":"ImageObject","inLanguage":"de","@id":"https:\/\/eschringen.de\/wordpress\/#\/schema\/logo\/image\/","url":"https:\/\/eschringen.de\/wordpress\/wp-content\/uploads\/2017\/03\/2017_kw15.jpg","contentUrl":"https:\/\/eschringen.de\/wordpress\/wp-content\/uploads\/2017\/03\/2017_kw15.jpg","width":784,"height":447,"caption":"Eschringen"},"image":{"@id":"https:\/\/eschringen.de\/wordpress\/#\/schema\/logo\/image\/"}}]}},"jetpack_sharing_enabled":true,"_links":{"self":[{"href":"https:\/\/eschringen.de\/wordpress\/wp-json\/wp\/v2\/pages\/993","targetHints":{"allow":["GET"]}}],"collection":[{"href":"https:\/\/eschringen.de\/wordpress\/wp-json\/wp\/v2\/pages"}],"about":[{"href":"https:\/\/eschringen.de\/wordpress\/wp-json\/wp\/v2\/types\/page"}],"author":[{"embeddable":true,"href":"https:\/\/eschringen.de\/wordpress\/wp-json\/wp\/v2\/users\/1"}],"replies":[{"embeddable":true,"href":"https:\/\/eschringen.de\/wordpress\/wp-json\/wp\/v2\/comments?post=993"}],"version-history":[{"count":2,"href":"https:\/\/eschringen.de\/wordpress\/wp-json\/wp\/v2\/pages\/993\/revisions"}],"predecessor-version":[{"id":4996,"href":"https:\/\/eschringen.de\/wordpress\/wp-json\/wp\/v2\/pages\/993\/revisions\/4996"}],"up":[{"embeddable":true,"href":"https:\/\/eschringen.de\/wordpress\/wp-json\/wp\/v2\/pages\/403"}],"wp:attachment":[{"href":"https:\/\/eschringen.de\/wordpress\/wp-json\/wp\/v2\/media?parent=993"}],"curies":[{"name":"wp","href":"https:\/\/api.w.org\/{rel}","templated":true}]}}