{"id":991,"date":"2017-02-23T22:32:46","date_gmt":"2017-02-23T21:32:46","guid":{"rendered":"http:\/\/eschringen.de\/wordpress\/?page_id=991"},"modified":"2024-11-28T21:17:01","modified_gmt":"2024-11-28T20:17:01","slug":"29-11-01-marcel-adam-begeisterte-mit-seinem-soloprogramm","status":"publish","type":"page","link":"https:\/\/eschringen.de\/wordpress\/geschichte\/archiv\/29-11-01-marcel-adam-begeisterte-mit-seinem-soloprogramm\/","title":{"rendered":"29.11.2001 &#8211; Marcel Adam begeisterte mit seinem Soloprogramm"},"content":{"rendered":"<div class=\"wp-block-image\">\n<figure class=\"alignleft\"><img data-recalc-dims=\"1\" decoding=\"async\" src=\"https:\/\/i0.wp.com\/eschringen.de\/wordpress\/wp-content\/uploads\/2024\/11\/adampost1.jpg?w=1200&#038;ssl=1\" alt=\"\"\/><\/figure>\n<\/div>\n\n\n<p> &#8222;Ausverkauft!&#8220; hie\u00df es schon etliche Tage vor Marcel Adams Konzert im Eschringer Gasthaus &#8222;Zur Post&#8220;. Der Auftritt des sympathischen Liedermachers, Chansoniers und Mundart-Kom\u00f6dianten aus Grosblie(derstroff) hatte sich schnell herumgesprochen.<br>Als es endlich so weit ist und Adam abends die B\u00fchne im gem\u00fctlichen, im Nu gef\u00fcllten Saal der &#8222;Post&#8220; betritt, wird es mucksm\u00e4uschen still. Nicht nur aus der n\u00e4heren Umgebung, sondern z. B. auch aus Bexbach haben sich Besucher eingefunden.<\/p>\n\n\n<div class=\"wp-block-image\">\n<figure class=\"alignright\"><img data-recalc-dims=\"1\" decoding=\"async\" src=\"https:\/\/i0.wp.com\/eschringen.de\/wordpress\/wp-content\/uploads\/2024\/11\/adampost3.jpg?w=1200&#038;ssl=1\" alt=\"\"\/><\/figure>\n<\/div>\n\n\n<p>Mit einem franz\u00f6sischen Chanson er\u00f6ffnet Adam sein Konzert, doch dann geht&#8217;s schon bald weiter mit Liedern im lothringer Platt. &#8222;Ihr versteht mich doch hier?&#8220; Was von der Mehrzahl der Anwesenden freim\u00fctig bejaht wird. Und zwar keinesfalls zuf\u00e4llig, denn zumindest die Sprache der \u00c4lteren (Eschringer) im Saale ist bekannterma\u00dfen noch lothringisch gepr\u00e4gt. Dialektw\u00f6rter wie &#8222;Hus&#8220; (f\u00fcr &#8222;Haus&#8220;) oder &#8222;Zitt&#8220; (f\u00fcr &#8222;Zeit&#8220;) scheinen jedenfalls wohlvertraut. Adam versteht sich ja nicht nur als S\u00e4nger, sondern auch als Geschichtenerz\u00e4hler. Auf seinem barhocker\u00e4hnlichen Stuhl sitzend blickt er in die Runde und verbindet mit mal lustigen, mal hintersinnigen Zwischenansagen seine Lieder. Und wo es sich anbietet, kommuniziert er auch mit dem Publikum. Er bezieht es bisweilen aktiv in sein Programm mit ein, animiert zum Mitsingen wie z. B. bei &#8222;&#8217;s Lili in de W\u00e4schkisch&#8220;, was angesichts des einfachen Refrains (&#8222;lalala, lalala&#8220;) auch nicht schwer f\u00e4llt. Adam l\u00e4sst in vielen seiner selbstverfassten Lieder Erinnerungen an die Kindheit und Jugendzeit aufleben, ruft so seine Erlebnisse bei den Gro\u00dfeltern im Hambach ab; wo man fr\u00fcher z. B. noch Lebensmittel und Getr\u00e4nke im Brunnen k\u00fchlte, da es keinen &#8222;frigo&#8220; (K\u00fchlschrank) gab. Immer wieder verbeugt er sich vor seiner Familie und vor Freunden, besingt &#8211; recht unkonventionell &#8211; seine Liebste (&#8222;Min Minsch&#8220;), beschreibt verschmitzt die ungebrochene Lebenslust seiner Gro\u00dfeltern (&#8222;Wenn de Opa unn de Oma&#8230;&#8220;) oder aber erweist einem verstorbenen Musikerkollegen seine Reverenz (&#8222;Flamenco Blues&#8220;). Auch nachdenkliche T\u00f6ne kommen nicht zu kurz, ob ganz pers\u00f6nlich in &#8222;Min Testament&#8220; oder gesellschaftskritisch in &#8222;Obdachlos&#8220;. Sein kom\u00f6diantisches Talent spiegelt sich nicht nur in eingestreuten Anekdoten wider, sondern kommt auch in Liedern wie &#8222;Wenn de Deitsche riwwer kumme&#8220; zum Ausdruck, wenn er das manchmal noch nicht ganz reibungslose deutsch-franz\u00f6sische Verh\u00e4ltnis in der Region beschreibt.<\/p>\n\n\n<div class=\"wp-block-image\">\n<figure class=\"alignleft\"><img data-recalc-dims=\"1\" decoding=\"async\" src=\"https:\/\/i0.wp.com\/eschringen.de\/wordpress\/wp-content\/uploads\/2024\/11\/adampost2.jpg?w=1200&#038;ssl=1\" alt=\"\"\/><\/figure>\n<\/div>\n\n\n<p>Nicht nur franz\u00f6sische Chansons und Mundartlieder bringt Adam an diesem Abend zu Geh\u00f6r, er versucht sich auch mit Erfolg an Adaptionen deutscher Gedichte und Lieder. Aus seinem j\u00fcngsten Album &#8222;Lothringer&#8220; bringt er seine Version des NENA-Hits &#8222;Wunder gescheh&#8217;n&#8220;, das fast genauso anzur\u00fchren vermag wie die gelungene Vertonung des Bonh\u00f6ffer-Gedichts &#8222;Von guten M\u00e4chten&#8220;. Adam pr\u00e4sentiert auch St\u00fccke aus seinem geplanten vierten Soloalbum, das 2003 erscheinen soll. Stolz ist er z. B. auf eine Neufassung von &#8222;Inch&#8216; Allah&#8220;, das einst Adamo bekannt gemacht hatte. Nach gut zwei Stunden, die wie im Flug vergangen waren, neigt sich Adams Auftritt dem Ende entgegen. Doch selbstverst\u00e4ndlich wird er vom Publikum nicht ohne Zugaben entlassen. Die AG Eschringer Vereine will auch zuk\u00fcnftig hin und wieder Kleinkunstveranstaltungen anbieten. Und auf die Frage, ob Marcel Adam nicht Lust h\u00e4tte, auch mal in Triobesetzung nach Eschringen zu kommen, bekennt Marcel Adam: &#8222;Warum nicht? Ich komme gerne wieder!&#8220;<\/p>\n","protected":false},"excerpt":{"rendered":"<p>&#8222;Ausverkauft!&#8220; hie\u00df es schon etliche Tage vor Marcel Adams Konzert im Eschringer Gasthaus &#8222;Zur Post&#8220;. Der Auftritt des sympathischen Liedermachers, Chansoniers und Mundart-Kom\u00f6dianten aus Grosblie(derstroff) hatte sich schnell herumgesprochen.Als es endlich so weit ist und Adam abends die B\u00fchne im gem\u00fctlichen, im Nu gef\u00fcllten Saal der &#8222;Post&#8220; betritt, wird es mucksm\u00e4uschen still. Nicht nur aus &#8230; <a title=\"29.11.2001 &#8211; Marcel Adam begeisterte mit seinem Soloprogramm\" class=\"read-more\" href=\"https:\/\/eschringen.de\/wordpress\/geschichte\/archiv\/29-11-01-marcel-adam-begeisterte-mit-seinem-soloprogramm\/\" aria-label=\"Mehr Informationen \u00fcber 29.11.2001 &#8211; Marcel Adam begeisterte mit seinem Soloprogramm\">Weiterlesen &#8230;<\/a><\/p>\n","protected":false},"author":1,"featured_media":0,"parent":403,"menu_order":58,"comment_status":"closed","ping_status":"closed","template":"","meta":{"ngg_post_thumbnail":0,"footnotes":""},"class_list":["post-991","page","type-page","status-publish"],"yoast_head":"<!-- This site is optimized with the Yoast SEO plugin v27.4 - https:\/\/yoast.com\/product\/yoast-seo-wordpress\/ -->\n<title>29.11.2001 - Marcel Adam begeisterte mit seinem Soloprogramm - Eschringen<\/title>\n<meta name=\"robots\" content=\"index, follow, max-snippet:-1, max-image-preview:large, max-video-preview:-1\" \/>\n<link rel=\"canonical\" href=\"https:\/\/eschringen.de\/wordpress\/geschichte\/archiv\/29-11-01-marcel-adam-begeisterte-mit-seinem-soloprogramm\/\" \/>\n<meta property=\"og:locale\" content=\"de_DE\" \/>\n<meta property=\"og:type\" content=\"article\" \/>\n<meta property=\"og:title\" content=\"29.11.2001 - Marcel Adam begeisterte mit seinem Soloprogramm - Eschringen\" \/>\n<meta property=\"og:description\" content=\"&#8222;Ausverkauft!&#8220; hie\u00df es schon etliche Tage vor Marcel Adams Konzert im Eschringer Gasthaus &#8222;Zur Post&#8220;. Der Auftritt des sympathischen Liedermachers, Chansoniers und Mundart-Kom\u00f6dianten aus Grosblie(derstroff) hatte sich schnell herumgesprochen.Als es endlich so weit ist und Adam abends die B\u00fchne im gem\u00fctlichen, im Nu gef\u00fcllten Saal der &#8222;Post&#8220; betritt, wird es mucksm\u00e4uschen still. Nicht nur aus ... Weiterlesen ...\" \/>\n<meta property=\"og:url\" content=\"https:\/\/eschringen.de\/wordpress\/geschichte\/archiv\/29-11-01-marcel-adam-begeisterte-mit-seinem-soloprogramm\/\" \/>\n<meta property=\"og:site_name\" content=\"Eschringen\" \/>\n<meta property=\"article:modified_time\" content=\"2024-11-28T20:17:01+00:00\" \/>\n<meta property=\"og:image\" content=\"https:\/\/eschringen.de\/wordpress\/wp-content\/uploads\/2024\/11\/adampost1.jpg\" \/>\n<meta name=\"twitter:card\" content=\"summary_large_image\" \/>\n<meta name=\"twitter:label1\" content=\"Gesch\u00e4tzte Lesezeit\" \/>\n\t<meta name=\"twitter:data1\" content=\"4\u00a0Minuten\" \/>\n<script type=\"application\/ld+json\" class=\"yoast-schema-graph\">{\"@context\":\"https:\\\/\\\/schema.org\",\"@graph\":[{\"@type\":\"WebPage\",\"@id\":\"https:\\\/\\\/eschringen.de\\\/wordpress\\\/geschichte\\\/archiv\\\/29-11-01-marcel-adam-begeisterte-mit-seinem-soloprogramm\\\/\",\"url\":\"https:\\\/\\\/eschringen.de\\\/wordpress\\\/geschichte\\\/archiv\\\/29-11-01-marcel-adam-begeisterte-mit-seinem-soloprogramm\\\/\",\"name\":\"29.11.2001 - Marcel Adam begeisterte mit seinem Soloprogramm - Eschringen\",\"isPartOf\":{\"@id\":\"https:\\\/\\\/eschringen.de\\\/wordpress\\\/#website\"},\"primaryImageOfPage\":{\"@id\":\"https:\\\/\\\/eschringen.de\\\/wordpress\\\/geschichte\\\/archiv\\\/29-11-01-marcel-adam-begeisterte-mit-seinem-soloprogramm\\\/#primaryimage\"},\"image\":{\"@id\":\"https:\\\/\\\/eschringen.de\\\/wordpress\\\/geschichte\\\/archiv\\\/29-11-01-marcel-adam-begeisterte-mit-seinem-soloprogramm\\\/#primaryimage\"},\"thumbnailUrl\":\"https:\\\/\\\/eschringen.de\\\/wordpress\\\/wp-content\\\/uploads\\\/2024\\\/11\\\/adampost1.jpg\",\"datePublished\":\"2017-02-23T21:32:46+00:00\",\"dateModified\":\"2024-11-28T20:17:01+00:00\",\"breadcrumb\":{\"@id\":\"https:\\\/\\\/eschringen.de\\\/wordpress\\\/geschichte\\\/archiv\\\/29-11-01-marcel-adam-begeisterte-mit-seinem-soloprogramm\\\/#breadcrumb\"},\"inLanguage\":\"de\",\"potentialAction\":[{\"@type\":\"ReadAction\",\"target\":[\"https:\\\/\\\/eschringen.de\\\/wordpress\\\/geschichte\\\/archiv\\\/29-11-01-marcel-adam-begeisterte-mit-seinem-soloprogramm\\\/\"]}]},{\"@type\":\"ImageObject\",\"inLanguage\":\"de\",\"@id\":\"https:\\\/\\\/eschringen.de\\\/wordpress\\\/geschichte\\\/archiv\\\/29-11-01-marcel-adam-begeisterte-mit-seinem-soloprogramm\\\/#primaryimage\",\"url\":\"https:\\\/\\\/i0.wp.com\\\/eschringen.de\\\/wordpress\\\/wp-content\\\/uploads\\\/2024\\\/11\\\/adampost1.jpg?fit=300%2C210&ssl=1\",\"contentUrl\":\"https:\\\/\\\/i0.wp.com\\\/eschringen.de\\\/wordpress\\\/wp-content\\\/uploads\\\/2024\\\/11\\\/adampost1.jpg?fit=300%2C210&ssl=1\",\"width\":300,\"height\":210},{\"@type\":\"BreadcrumbList\",\"@id\":\"https:\\\/\\\/eschringen.de\\\/wordpress\\\/geschichte\\\/archiv\\\/29-11-01-marcel-adam-begeisterte-mit-seinem-soloprogramm\\\/#breadcrumb\",\"itemListElement\":[{\"@type\":\"ListItem\",\"position\":1,\"name\":\"Startseite\",\"item\":\"https:\\\/\\\/eschringen.de\\\/wordpress\\\/\"},{\"@type\":\"ListItem\",\"position\":2,\"name\":\"Geschichte\",\"item\":\"https:\\\/\\\/eschringen.de\\\/wordpress\\\/geschichte\\\/\"},{\"@type\":\"ListItem\",\"position\":3,\"name\":\"Archiv\",\"item\":\"https:\\\/\\\/eschringen.de\\\/wordpress\\\/geschichte\\\/archiv\\\/\"},{\"@type\":\"ListItem\",\"position\":4,\"name\":\"29.11.2001 &#8211; Marcel Adam begeisterte mit seinem Soloprogramm\"}]},{\"@type\":\"WebSite\",\"@id\":\"https:\\\/\\\/eschringen.de\\\/wordpress\\\/#website\",\"url\":\"https:\\\/\\\/eschringen.de\\\/wordpress\\\/\",\"name\":\"Eschringen\",\"description\":\"\",\"publisher\":{\"@id\":\"https:\\\/\\\/eschringen.de\\\/wordpress\\\/#organization\"},\"potentialAction\":[{\"@type\":\"SearchAction\",\"target\":{\"@type\":\"EntryPoint\",\"urlTemplate\":\"https:\\\/\\\/eschringen.de\\\/wordpress\\\/?s={search_term_string}\"},\"query-input\":{\"@type\":\"PropertyValueSpecification\",\"valueRequired\":true,\"valueName\":\"search_term_string\"}}],\"inLanguage\":\"de\"},{\"@type\":\"Organization\",\"@id\":\"https:\\\/\\\/eschringen.de\\\/wordpress\\\/#organization\",\"name\":\"Eschringen\",\"url\":\"https:\\\/\\\/eschringen.de\\\/wordpress\\\/\",\"logo\":{\"@type\":\"ImageObject\",\"inLanguage\":\"de\",\"@id\":\"https:\\\/\\\/eschringen.de\\\/wordpress\\\/#\\\/schema\\\/logo\\\/image\\\/\",\"url\":\"https:\\\/\\\/eschringen.de\\\/wordpress\\\/wp-content\\\/uploads\\\/2017\\\/03\\\/2017_kw15.jpg\",\"contentUrl\":\"https:\\\/\\\/eschringen.de\\\/wordpress\\\/wp-content\\\/uploads\\\/2017\\\/03\\\/2017_kw15.jpg\",\"width\":784,\"height\":447,\"caption\":\"Eschringen\"},\"image\":{\"@id\":\"https:\\\/\\\/eschringen.de\\\/wordpress\\\/#\\\/schema\\\/logo\\\/image\\\/\"}}]}<\/script>\n<!-- \/ Yoast SEO plugin. -->","yoast_head_json":{"title":"29.11.2001 - Marcel Adam begeisterte mit seinem Soloprogramm - Eschringen","robots":{"index":"index","follow":"follow","max-snippet":"max-snippet:-1","max-image-preview":"max-image-preview:large","max-video-preview":"max-video-preview:-1"},"canonical":"https:\/\/eschringen.de\/wordpress\/geschichte\/archiv\/29-11-01-marcel-adam-begeisterte-mit-seinem-soloprogramm\/","og_locale":"de_DE","og_type":"article","og_title":"29.11.2001 - Marcel Adam begeisterte mit seinem Soloprogramm - Eschringen","og_description":"&#8222;Ausverkauft!&#8220; hie\u00df es schon etliche Tage vor Marcel Adams Konzert im Eschringer Gasthaus &#8222;Zur Post&#8220;. Der Auftritt des sympathischen Liedermachers, Chansoniers und Mundart-Kom\u00f6dianten aus Grosblie(derstroff) hatte sich schnell herumgesprochen.Als es endlich so weit ist und Adam abends die B\u00fchne im gem\u00fctlichen, im Nu gef\u00fcllten Saal der &#8222;Post&#8220; betritt, wird es mucksm\u00e4uschen still. Nicht nur aus ... Weiterlesen ...","og_url":"https:\/\/eschringen.de\/wordpress\/geschichte\/archiv\/29-11-01-marcel-adam-begeisterte-mit-seinem-soloprogramm\/","og_site_name":"Eschringen","article_modified_time":"2024-11-28T20:17:01+00:00","og_image":[{"url":"https:\/\/eschringen.de\/wordpress\/wp-content\/uploads\/2024\/11\/adampost1.jpg","type":"","width":"","height":""}],"twitter_card":"summary_large_image","twitter_misc":{"Gesch\u00e4tzte Lesezeit":"4\u00a0Minuten"},"schema":{"@context":"https:\/\/schema.org","@graph":[{"@type":"WebPage","@id":"https:\/\/eschringen.de\/wordpress\/geschichte\/archiv\/29-11-01-marcel-adam-begeisterte-mit-seinem-soloprogramm\/","url":"https:\/\/eschringen.de\/wordpress\/geschichte\/archiv\/29-11-01-marcel-adam-begeisterte-mit-seinem-soloprogramm\/","name":"29.11.2001 - Marcel Adam begeisterte mit seinem Soloprogramm - Eschringen","isPartOf":{"@id":"https:\/\/eschringen.de\/wordpress\/#website"},"primaryImageOfPage":{"@id":"https:\/\/eschringen.de\/wordpress\/geschichte\/archiv\/29-11-01-marcel-adam-begeisterte-mit-seinem-soloprogramm\/#primaryimage"},"image":{"@id":"https:\/\/eschringen.de\/wordpress\/geschichte\/archiv\/29-11-01-marcel-adam-begeisterte-mit-seinem-soloprogramm\/#primaryimage"},"thumbnailUrl":"https:\/\/eschringen.de\/wordpress\/wp-content\/uploads\/2024\/11\/adampost1.jpg","datePublished":"2017-02-23T21:32:46+00:00","dateModified":"2024-11-28T20:17:01+00:00","breadcrumb":{"@id":"https:\/\/eschringen.de\/wordpress\/geschichte\/archiv\/29-11-01-marcel-adam-begeisterte-mit-seinem-soloprogramm\/#breadcrumb"},"inLanguage":"de","potentialAction":[{"@type":"ReadAction","target":["https:\/\/eschringen.de\/wordpress\/geschichte\/archiv\/29-11-01-marcel-adam-begeisterte-mit-seinem-soloprogramm\/"]}]},{"@type":"ImageObject","inLanguage":"de","@id":"https:\/\/eschringen.de\/wordpress\/geschichte\/archiv\/29-11-01-marcel-adam-begeisterte-mit-seinem-soloprogramm\/#primaryimage","url":"https:\/\/i0.wp.com\/eschringen.de\/wordpress\/wp-content\/uploads\/2024\/11\/adampost1.jpg?fit=300%2C210&ssl=1","contentUrl":"https:\/\/i0.wp.com\/eschringen.de\/wordpress\/wp-content\/uploads\/2024\/11\/adampost1.jpg?fit=300%2C210&ssl=1","width":300,"height":210},{"@type":"BreadcrumbList","@id":"https:\/\/eschringen.de\/wordpress\/geschichte\/archiv\/29-11-01-marcel-adam-begeisterte-mit-seinem-soloprogramm\/#breadcrumb","itemListElement":[{"@type":"ListItem","position":1,"name":"Startseite","item":"https:\/\/eschringen.de\/wordpress\/"},{"@type":"ListItem","position":2,"name":"Geschichte","item":"https:\/\/eschringen.de\/wordpress\/geschichte\/"},{"@type":"ListItem","position":3,"name":"Archiv","item":"https:\/\/eschringen.de\/wordpress\/geschichte\/archiv\/"},{"@type":"ListItem","position":4,"name":"29.11.2001 &#8211; Marcel Adam begeisterte mit seinem Soloprogramm"}]},{"@type":"WebSite","@id":"https:\/\/eschringen.de\/wordpress\/#website","url":"https:\/\/eschringen.de\/wordpress\/","name":"Eschringen","description":"","publisher":{"@id":"https:\/\/eschringen.de\/wordpress\/#organization"},"potentialAction":[{"@type":"SearchAction","target":{"@type":"EntryPoint","urlTemplate":"https:\/\/eschringen.de\/wordpress\/?s={search_term_string}"},"query-input":{"@type":"PropertyValueSpecification","valueRequired":true,"valueName":"search_term_string"}}],"inLanguage":"de"},{"@type":"Organization","@id":"https:\/\/eschringen.de\/wordpress\/#organization","name":"Eschringen","url":"https:\/\/eschringen.de\/wordpress\/","logo":{"@type":"ImageObject","inLanguage":"de","@id":"https:\/\/eschringen.de\/wordpress\/#\/schema\/logo\/image\/","url":"https:\/\/eschringen.de\/wordpress\/wp-content\/uploads\/2017\/03\/2017_kw15.jpg","contentUrl":"https:\/\/eschringen.de\/wordpress\/wp-content\/uploads\/2017\/03\/2017_kw15.jpg","width":784,"height":447,"caption":"Eschringen"},"image":{"@id":"https:\/\/eschringen.de\/wordpress\/#\/schema\/logo\/image\/"}}]}},"jetpack_sharing_enabled":true,"_links":{"self":[{"href":"https:\/\/eschringen.de\/wordpress\/wp-json\/wp\/v2\/pages\/991","targetHints":{"allow":["GET"]}}],"collection":[{"href":"https:\/\/eschringen.de\/wordpress\/wp-json\/wp\/v2\/pages"}],"about":[{"href":"https:\/\/eschringen.de\/wordpress\/wp-json\/wp\/v2\/types\/page"}],"author":[{"embeddable":true,"href":"https:\/\/eschringen.de\/wordpress\/wp-json\/wp\/v2\/users\/1"}],"replies":[{"embeddable":true,"href":"https:\/\/eschringen.de\/wordpress\/wp-json\/wp\/v2\/comments?post=991"}],"version-history":[{"count":2,"href":"https:\/\/eschringen.de\/wordpress\/wp-json\/wp\/v2\/pages\/991\/revisions"}],"predecessor-version":[{"id":5001,"href":"https:\/\/eschringen.de\/wordpress\/wp-json\/wp\/v2\/pages\/991\/revisions\/5001"}],"up":[{"embeddable":true,"href":"https:\/\/eschringen.de\/wordpress\/wp-json\/wp\/v2\/pages\/403"}],"wp:attachment":[{"href":"https:\/\/eschringen.de\/wordpress\/wp-json\/wp\/v2\/media?parent=991"}],"curies":[{"name":"wp","href":"https:\/\/api.w.org\/{rel}","templated":true}]}}