{"id":972,"date":"2017-02-23T19:52:41","date_gmt":"2017-02-23T18:52:41","guid":{"rendered":"http:\/\/eschringen.de\/wordpress\/?page_id=972"},"modified":"2024-11-28T21:12:05","modified_gmt":"2024-11-28T20:12:05","slug":"11-02-02-menschen-gestalten-und-veraendern-ihr-dorf","status":"publish","type":"page","link":"https:\/\/eschringen.de\/wordpress\/geschichte\/archiv\/11-02-02-menschen-gestalten-und-veraendern-ihr-dorf\/","title":{"rendered":"11.02.2002 &#8211; Menschen gestalten und ver\u00e4ndern ihr Dorf!"},"content":{"rendered":"\n<h5 class=\"wp-block-heading\">Joachim G\u00fcth referierte bei der Eschringer Geschichtswerkstatt<\/h5>\n\n\n\n<p>Mit dem langj\u00e4hrigen Mitarbeiter des Instituts f\u00fcr Landeskunde hatte die Eschringer Geschichtswerkstatt am 11. M\u00e4rz 2002 einen ausgewiesenen Kenner aller Aspekte der Siedlungsgeschichte und Stadt- bzw. Dorfkultur eingeladen. Unabh\u00e4ngig von der geplanten Teilnahme Eschringens am diesj\u00e4hrigen Wettbewerb &#8222;Unser Dorf soll sch\u00f6ner werden&#8220; sollte der \u00fcber die Grenzen des Saarlandes hinaus bekannte, streitbare Wissenschaftler im Rahmen eines Diavortrages verdeutlichen helfen, wie ein Dorf wachsen und dabei seine Identit\u00e4t bewahren k\u00f6nne. Roland Schmitt als Vorsitzender der Geschichtswerkstatt war hocherfreut, dass sich im Saal des Gasthauses &#8222;Zur Post&#8220; so viele zahlreiche interessierte B\u00fcrgerinnen und B\u00fcrger aus Eschringen, aber auch aus den Nachbargemeinden eingefunden hatten. Und sein Versprechen, dass man mit einem zwar \u00e4u\u00dferst kritischen, aber auch anregenden und unterhaltsamen Vortrag rechnen k\u00f6nne, erf\u00fcllte sich voll.<\/p>\n\n\n\n<p>Schon eingangs seiner Ausf\u00fchrungen korrigierte G\u00fcth das Motto der Veranstaltung: &#8222;Eschringen &#8211; ein Dorf ver\u00e4ndert sich!&#8220; Zum einen existierten keine &#8222;klassischen&#8220;, von der Landwirtschaft gepr\u00e4gten D\u00f6rfer mehr. Viele sog. &#8222;D\u00f6rfer&#8220; h\u00e4tten sich radikal in ihren Strukturen und Funktionen gewandelt, dienten mehr und mehr nur noch als Wohngemeinden. Eschringen z\u00e4hle mit seinen Neubaugebieten ja auch dazu. Zum anderen k\u00f6nne sich ein Dorf als anonyme Siedlung nicht ver\u00e4ndern, hierf\u00fcr seien im Menschen verantwortlich: die dort lebenden B\u00fcrger, Repr\u00e4sentanten der zust\u00e4ndigen Verwaltung, dort agierende Unternehmer usw. Man m\u00fcsse sich einen Fragenkatalog erstellen: Warum etwas wann, wie und wo ver\u00e4ndert werde; wie es fr\u00fcher einmal gewesen und wie es &#8222;kulturvoll&#8220; korrekt sei. Heutzutage w\u00fcrden sich viele Menschen von fremdbestimmtem Konsum leiten lassen; die Kardinalfrage hei\u00dfe &#8222;Haben oder sein!&#8220;.<\/p>\n\n\n\n<p>Nach seinen einleitenden Ausf\u00fchrungen zeigte G\u00fcth, assistiert von seiner Gattin am Diaprojektor, eine interessante Auswahl aus seinem gro\u00dfen Lichtbilderfundus. Mittels Doppelprojektion stellte er markante Bilder nebeneinander, darunter des \u00f6fteren Aufnahmen des gleichen Motivs, zu unterschiedlichen Zeiten aufgenommen. Somit konnte man z. T. gravierende Ver\u00e4nderung bestens erkennen. \u00dcber die H\u00e4lfte der Dias zeigten Panoramabilder und Fotografien unterschiedlichster \u00d6rtlichkeiten von und in Eschringen. Sie stammten aus den fr\u00fchen 1980er Jahren, aber auch aus 2002. Mit schonungsloser Offenheit kritisierte er erkennbare Baus\u00fcnden und unbedachte &#8222;Modernisierungen&#8220; alter H\u00e4userfassaden, erkl\u00e4rte, warum bestimmte Geh\u00f6lze (z. B. Nadelb\u00e4ume) nichts in einem Dorf zu suchen h\u00e4tten (&#8222;die geh\u00f6ren in den Wald, nicht in einen Vorgarten!&#8220;). Gleichwohl r\u00e4umte er auch ein, dass er die Besonderheiten der Eschringer Geschichte durchaus kenne und diese auch in seiner Kritik ber\u00fccksichtige. Gewiss h\u00e4tten Artilleriebeschuss und Fliegerbombentreffer im 2. Weltkrieg zahllose alte Geb\u00e4ude hier zerst\u00f6rt bzw. schwer besch\u00e4digt; auch der sog. &#8222;Wiederaufbau&#8220; durch die &#8222;Organisation Todt&#8220; habe ihre Spuren hinterlassen. Trotzdem monierte er, gingen viele Menschen oft gedanken- und geschichtslos mit ihrem unmittelbaren Lebensraum um, orientierten sich zu sehr an aufgesetzten, modischen, durch die Werbung vermittelte Trends: z. B. bei der Ziegelbedachung, bei der Fensterausstattung oder der (&#8222;exotischen&#8220;) Gartengestaltung. Wenngleich sich so mancher im Publikum auch &#8222;getroffen&#8220; f\u00fchlte, bot der anschauliche und spannende Vortrag auch viel zum Schmunzeln und sogar Lachen. Roland Schmitt dankte Herrn G\u00fcth und seiner Frau f\u00fcr die wertvollen Hinweise und Anregungen. Man werde sie, mit Blick auf die Teilnahme am Wettbewerb &#8222;Unser Dorf soll sch\u00f6ner werden&#8220;, aber auch generell f\u00fcr Eschringen zu nutzen wissen.<\/p>\n","protected":false},"excerpt":{"rendered":"<p>Joachim G\u00fcth referierte bei der Eschringer Geschichtswerkstatt Mit dem langj\u00e4hrigen Mitarbeiter des Instituts f\u00fcr Landeskunde hatte die Eschringer Geschichtswerkstatt am 11. M\u00e4rz 2002 einen ausgewiesenen Kenner aller Aspekte der Siedlungsgeschichte und Stadt- bzw. Dorfkultur eingeladen. Unabh\u00e4ngig von der geplanten Teilnahme Eschringens am diesj\u00e4hrigen Wettbewerb &#8222;Unser Dorf soll sch\u00f6ner werden&#8220; sollte der \u00fcber die Grenzen des &#8230; <a title=\"11.02.2002 &#8211; Menschen gestalten und ver\u00e4ndern ihr Dorf!\" class=\"read-more\" href=\"https:\/\/eschringen.de\/wordpress\/geschichte\/archiv\/11-02-02-menschen-gestalten-und-veraendern-ihr-dorf\/\" aria-label=\"Mehr Informationen \u00fcber 11.02.2002 &#8211; Menschen gestalten und ver\u00e4ndern ihr Dorf!\">Weiterlesen &#8230;<\/a><\/p>\n","protected":false},"author":1,"featured_media":0,"parent":403,"menu_order":57,"comment_status":"closed","ping_status":"closed","template":"","meta":{"ngg_post_thumbnail":0,"footnotes":""},"class_list":["post-972","page","type-page","status-publish"],"yoast_head":"<!-- This site is optimized with the Yoast SEO plugin v27.4 - https:\/\/yoast.com\/product\/yoast-seo-wordpress\/ -->\n<title>11.02.2002 - Menschen gestalten und ver\u00e4ndern ihr Dorf! - Eschringen<\/title>\n<meta name=\"robots\" content=\"index, follow, max-snippet:-1, max-image-preview:large, max-video-preview:-1\" \/>\n<link rel=\"canonical\" href=\"https:\/\/eschringen.de\/wordpress\/geschichte\/archiv\/11-02-02-menschen-gestalten-und-veraendern-ihr-dorf\/\" \/>\n<meta property=\"og:locale\" content=\"de_DE\" \/>\n<meta property=\"og:type\" content=\"article\" \/>\n<meta property=\"og:title\" content=\"11.02.2002 - Menschen gestalten und ver\u00e4ndern ihr Dorf! - Eschringen\" \/>\n<meta property=\"og:description\" content=\"Joachim G\u00fcth referierte bei der Eschringer Geschichtswerkstatt Mit dem langj\u00e4hrigen Mitarbeiter des Instituts f\u00fcr Landeskunde hatte die Eschringer Geschichtswerkstatt am 11. M\u00e4rz 2002 einen ausgewiesenen Kenner aller Aspekte der Siedlungsgeschichte und Stadt- bzw. Dorfkultur eingeladen. Unabh\u00e4ngig von der geplanten Teilnahme Eschringens am diesj\u00e4hrigen Wettbewerb &#8222;Unser Dorf soll sch\u00f6ner werden&#8220; sollte der \u00fcber die Grenzen des ... Weiterlesen ...\" \/>\n<meta property=\"og:url\" content=\"https:\/\/eschringen.de\/wordpress\/geschichte\/archiv\/11-02-02-menschen-gestalten-und-veraendern-ihr-dorf\/\" \/>\n<meta property=\"og:site_name\" content=\"Eschringen\" \/>\n<meta property=\"article:modified_time\" content=\"2024-11-28T20:12:05+00:00\" \/>\n<meta name=\"twitter:card\" content=\"summary_large_image\" \/>\n<meta name=\"twitter:label1\" content=\"Gesch\u00e4tzte Lesezeit\" \/>\n\t<meta name=\"twitter:data1\" content=\"3\u00a0Minuten\" \/>\n<script type=\"application\/ld+json\" class=\"yoast-schema-graph\">{\"@context\":\"https:\\\/\\\/schema.org\",\"@graph\":[{\"@type\":\"WebPage\",\"@id\":\"https:\\\/\\\/eschringen.de\\\/wordpress\\\/geschichte\\\/archiv\\\/11-02-02-menschen-gestalten-und-veraendern-ihr-dorf\\\/\",\"url\":\"https:\\\/\\\/eschringen.de\\\/wordpress\\\/geschichte\\\/archiv\\\/11-02-02-menschen-gestalten-und-veraendern-ihr-dorf\\\/\",\"name\":\"11.02.2002 - Menschen gestalten und ver\u00e4ndern ihr Dorf! - Eschringen\",\"isPartOf\":{\"@id\":\"https:\\\/\\\/eschringen.de\\\/wordpress\\\/#website\"},\"datePublished\":\"2017-02-23T18:52:41+00:00\",\"dateModified\":\"2024-11-28T20:12:05+00:00\",\"breadcrumb\":{\"@id\":\"https:\\\/\\\/eschringen.de\\\/wordpress\\\/geschichte\\\/archiv\\\/11-02-02-menschen-gestalten-und-veraendern-ihr-dorf\\\/#breadcrumb\"},\"inLanguage\":\"de\",\"potentialAction\":[{\"@type\":\"ReadAction\",\"target\":[\"https:\\\/\\\/eschringen.de\\\/wordpress\\\/geschichte\\\/archiv\\\/11-02-02-menschen-gestalten-und-veraendern-ihr-dorf\\\/\"]}]},{\"@type\":\"BreadcrumbList\",\"@id\":\"https:\\\/\\\/eschringen.de\\\/wordpress\\\/geschichte\\\/archiv\\\/11-02-02-menschen-gestalten-und-veraendern-ihr-dorf\\\/#breadcrumb\",\"itemListElement\":[{\"@type\":\"ListItem\",\"position\":1,\"name\":\"Startseite\",\"item\":\"https:\\\/\\\/eschringen.de\\\/wordpress\\\/\"},{\"@type\":\"ListItem\",\"position\":2,\"name\":\"Geschichte\",\"item\":\"https:\\\/\\\/eschringen.de\\\/wordpress\\\/geschichte\\\/\"},{\"@type\":\"ListItem\",\"position\":3,\"name\":\"Archiv\",\"item\":\"https:\\\/\\\/eschringen.de\\\/wordpress\\\/geschichte\\\/archiv\\\/\"},{\"@type\":\"ListItem\",\"position\":4,\"name\":\"11.02.2002 &#8211; Menschen gestalten und ver\u00e4ndern ihr Dorf!\"}]},{\"@type\":\"WebSite\",\"@id\":\"https:\\\/\\\/eschringen.de\\\/wordpress\\\/#website\",\"url\":\"https:\\\/\\\/eschringen.de\\\/wordpress\\\/\",\"name\":\"Eschringen\",\"description\":\"\",\"publisher\":{\"@id\":\"https:\\\/\\\/eschringen.de\\\/wordpress\\\/#organization\"},\"potentialAction\":[{\"@type\":\"SearchAction\",\"target\":{\"@type\":\"EntryPoint\",\"urlTemplate\":\"https:\\\/\\\/eschringen.de\\\/wordpress\\\/?s={search_term_string}\"},\"query-input\":{\"@type\":\"PropertyValueSpecification\",\"valueRequired\":true,\"valueName\":\"search_term_string\"}}],\"inLanguage\":\"de\"},{\"@type\":\"Organization\",\"@id\":\"https:\\\/\\\/eschringen.de\\\/wordpress\\\/#organization\",\"name\":\"Eschringen\",\"url\":\"https:\\\/\\\/eschringen.de\\\/wordpress\\\/\",\"logo\":{\"@type\":\"ImageObject\",\"inLanguage\":\"de\",\"@id\":\"https:\\\/\\\/eschringen.de\\\/wordpress\\\/#\\\/schema\\\/logo\\\/image\\\/\",\"url\":\"https:\\\/\\\/eschringen.de\\\/wordpress\\\/wp-content\\\/uploads\\\/2017\\\/03\\\/2017_kw15.jpg\",\"contentUrl\":\"https:\\\/\\\/eschringen.de\\\/wordpress\\\/wp-content\\\/uploads\\\/2017\\\/03\\\/2017_kw15.jpg\",\"width\":784,\"height\":447,\"caption\":\"Eschringen\"},\"image\":{\"@id\":\"https:\\\/\\\/eschringen.de\\\/wordpress\\\/#\\\/schema\\\/logo\\\/image\\\/\"}}]}<\/script>\n<!-- \/ Yoast SEO plugin. -->","yoast_head_json":{"title":"11.02.2002 - Menschen gestalten und ver\u00e4ndern ihr Dorf! - Eschringen","robots":{"index":"index","follow":"follow","max-snippet":"max-snippet:-1","max-image-preview":"max-image-preview:large","max-video-preview":"max-video-preview:-1"},"canonical":"https:\/\/eschringen.de\/wordpress\/geschichte\/archiv\/11-02-02-menschen-gestalten-und-veraendern-ihr-dorf\/","og_locale":"de_DE","og_type":"article","og_title":"11.02.2002 - Menschen gestalten und ver\u00e4ndern ihr Dorf! - Eschringen","og_description":"Joachim G\u00fcth referierte bei der Eschringer Geschichtswerkstatt Mit dem langj\u00e4hrigen Mitarbeiter des Instituts f\u00fcr Landeskunde hatte die Eschringer Geschichtswerkstatt am 11. M\u00e4rz 2002 einen ausgewiesenen Kenner aller Aspekte der Siedlungsgeschichte und Stadt- bzw. Dorfkultur eingeladen. Unabh\u00e4ngig von der geplanten Teilnahme Eschringens am diesj\u00e4hrigen Wettbewerb &#8222;Unser Dorf soll sch\u00f6ner werden&#8220; sollte der \u00fcber die Grenzen des ... Weiterlesen ...","og_url":"https:\/\/eschringen.de\/wordpress\/geschichte\/archiv\/11-02-02-menschen-gestalten-und-veraendern-ihr-dorf\/","og_site_name":"Eschringen","article_modified_time":"2024-11-28T20:12:05+00:00","twitter_card":"summary_large_image","twitter_misc":{"Gesch\u00e4tzte Lesezeit":"3\u00a0Minuten"},"schema":{"@context":"https:\/\/schema.org","@graph":[{"@type":"WebPage","@id":"https:\/\/eschringen.de\/wordpress\/geschichte\/archiv\/11-02-02-menschen-gestalten-und-veraendern-ihr-dorf\/","url":"https:\/\/eschringen.de\/wordpress\/geschichte\/archiv\/11-02-02-menschen-gestalten-und-veraendern-ihr-dorf\/","name":"11.02.2002 - Menschen gestalten und ver\u00e4ndern ihr Dorf! - Eschringen","isPartOf":{"@id":"https:\/\/eschringen.de\/wordpress\/#website"},"datePublished":"2017-02-23T18:52:41+00:00","dateModified":"2024-11-28T20:12:05+00:00","breadcrumb":{"@id":"https:\/\/eschringen.de\/wordpress\/geschichte\/archiv\/11-02-02-menschen-gestalten-und-veraendern-ihr-dorf\/#breadcrumb"},"inLanguage":"de","potentialAction":[{"@type":"ReadAction","target":["https:\/\/eschringen.de\/wordpress\/geschichte\/archiv\/11-02-02-menschen-gestalten-und-veraendern-ihr-dorf\/"]}]},{"@type":"BreadcrumbList","@id":"https:\/\/eschringen.de\/wordpress\/geschichte\/archiv\/11-02-02-menschen-gestalten-und-veraendern-ihr-dorf\/#breadcrumb","itemListElement":[{"@type":"ListItem","position":1,"name":"Startseite","item":"https:\/\/eschringen.de\/wordpress\/"},{"@type":"ListItem","position":2,"name":"Geschichte","item":"https:\/\/eschringen.de\/wordpress\/geschichte\/"},{"@type":"ListItem","position":3,"name":"Archiv","item":"https:\/\/eschringen.de\/wordpress\/geschichte\/archiv\/"},{"@type":"ListItem","position":4,"name":"11.02.2002 &#8211; Menschen gestalten und ver\u00e4ndern ihr Dorf!"}]},{"@type":"WebSite","@id":"https:\/\/eschringen.de\/wordpress\/#website","url":"https:\/\/eschringen.de\/wordpress\/","name":"Eschringen","description":"","publisher":{"@id":"https:\/\/eschringen.de\/wordpress\/#organization"},"potentialAction":[{"@type":"SearchAction","target":{"@type":"EntryPoint","urlTemplate":"https:\/\/eschringen.de\/wordpress\/?s={search_term_string}"},"query-input":{"@type":"PropertyValueSpecification","valueRequired":true,"valueName":"search_term_string"}}],"inLanguage":"de"},{"@type":"Organization","@id":"https:\/\/eschringen.de\/wordpress\/#organization","name":"Eschringen","url":"https:\/\/eschringen.de\/wordpress\/","logo":{"@type":"ImageObject","inLanguage":"de","@id":"https:\/\/eschringen.de\/wordpress\/#\/schema\/logo\/image\/","url":"https:\/\/eschringen.de\/wordpress\/wp-content\/uploads\/2017\/03\/2017_kw15.jpg","contentUrl":"https:\/\/eschringen.de\/wordpress\/wp-content\/uploads\/2017\/03\/2017_kw15.jpg","width":784,"height":447,"caption":"Eschringen"},"image":{"@id":"https:\/\/eschringen.de\/wordpress\/#\/schema\/logo\/image\/"}}]}},"jetpack_sharing_enabled":true,"_links":{"self":[{"href":"https:\/\/eschringen.de\/wordpress\/wp-json\/wp\/v2\/pages\/972","targetHints":{"allow":["GET"]}}],"collection":[{"href":"https:\/\/eschringen.de\/wordpress\/wp-json\/wp\/v2\/pages"}],"about":[{"href":"https:\/\/eschringen.de\/wordpress\/wp-json\/wp\/v2\/types\/page"}],"author":[{"embeddable":true,"href":"https:\/\/eschringen.de\/wordpress\/wp-json\/wp\/v2\/users\/1"}],"replies":[{"embeddable":true,"href":"https:\/\/eschringen.de\/wordpress\/wp-json\/wp\/v2\/comments?post=972"}],"version-history":[{"count":2,"href":"https:\/\/eschringen.de\/wordpress\/wp-json\/wp\/v2\/pages\/972\/revisions"}],"predecessor-version":[{"id":4991,"href":"https:\/\/eschringen.de\/wordpress\/wp-json\/wp\/v2\/pages\/972\/revisions\/4991"}],"up":[{"embeddable":true,"href":"https:\/\/eschringen.de\/wordpress\/wp-json\/wp\/v2\/pages\/403"}],"wp:attachment":[{"href":"https:\/\/eschringen.de\/wordpress\/wp-json\/wp\/v2\/media?parent=972"}],"curies":[{"name":"wp","href":"https:\/\/api.w.org\/{rel}","templated":true}]}}