{"id":968,"date":"2017-02-23T19:38:56","date_gmt":"2017-02-23T18:38:56","guid":{"rendered":"http:\/\/eschringen.de\/wordpress\/?page_id=968"},"modified":"2024-11-28T21:10:26","modified_gmt":"2024-11-28T20:10:26","slug":"07-11-02-sean-tyrrell-gastierte-im-eschringer-gasthaus-zur-post","status":"publish","type":"page","link":"https:\/\/eschringen.de\/wordpress\/geschichte\/archiv\/07-11-02-sean-tyrrell-gastierte-im-eschringer-gasthaus-zur-post\/","title":{"rendered":"07.11.2002 &#8211; Se\u00e1n Tyrrell gastierte im Eschringer Gasthaus &#8222;Zur Post&#8220;"},"content":{"rendered":"\n<h5 class=\"wp-block-heading\">Irische Balladen mit Novemberstimmung:<\/h5>\n\n\n<div class=\"wp-block-image\">\n<figure class=\"alignright\"><img data-recalc-dims=\"1\" decoding=\"async\" src=\"https:\/\/i0.wp.com\/eschringen.de\/wordpress\/wp-content\/uploads\/2024\/11\/tyrrell1.jpg?w=1200&#038;ssl=1\" alt=\"\"\/><\/figure>\n<\/div>\n\n<div class=\"wp-block-image\">\n<figure class=\"alignleft\"><img data-recalc-dims=\"1\" decoding=\"async\" src=\"https:\/\/i0.wp.com\/eschringen.de\/wordpress\/wp-content\/uploads\/2024\/11\/tyrrpost2.jpg?w=1200&#038;ssl=1\" alt=\"\"\/><\/figure>\n<\/div>\n\n\n<p>H\u00e4tte ich geahnt, welch&#8216; entspannte und konzentrierte Atmosph\u00e4re hier herrschen w\u00fcrde, ich h\u00e4tte unseren Auftritt bestimmt mitgeschnitten&#8220;, zeigte sich Se\u00e1n Tyrrell, der Barde von der irischen Westk\u00fcste, begeistert und etwas traurig zugleich &#8211; ob der verpassten Chance. Tyrrell plant n\u00e4mlich ein Live-Album, und da h\u00e4tte er sich auch Ausschnitte des Konzertes im Gasthaus &#8222;Zur Post&#8220; vorstellen k\u00f6nnen. Der gut gef\u00fcllte Saal bot einen wahrlich angenehmen Rahmen f\u00fcr die eher melancholischen, manchmal auch skurrilen Lieder und Balladen. Das Publikum h\u00f6rte schlicht und ergreifend einfach zu, lie\u00df die sanften Lieder auf sich wirken. Tyrrells sonore Stimme, dazu die dezenten Saitenkl\u00e4nge von Mandocello und Mandola, wobei sein Partner Fergus Feeley vertr\u00e4umt, verschmitzt die passenden Harmonien und Soli einflocht, verstr\u00f6mten durchaus den Charme der rauen irischen  Westk\u00fcste. Auf seine Ballade &#8222;November Rain&#8220; verzichtete Tyrrell angesichts des tr\u00fcben Wetters ganz bewusst: &#8222;Ich denke, wir spielen lieber was Aufheiterndes!&#8220; Sprachs und brachte auch wohlige Kl\u00e4nge mit einem lateinamerikanischen Touch zu Geh\u00f6r. Gegen Ende des Konzertes, das durch mehrere Zugaben erfreulich verl\u00e4ngert wurde, bemerkte Tyrrell, dass man tats\u00e4chlich mit manchen Liedern durch die Welt gereist sei: so auch nach Katmandu, wo man auf der Suche nach dem &#8222;Green Eye of the Little Yellow God&#8220; war, oder an die (indische) &#8222;Coast of Malabar&#8220;, wo von einer unerf\u00fcllten Seemannsliebe zu einem einheimischen M\u00e4dchen erz\u00e4hlt wurde.<br>Tyrrell bedankte sich nachdr\u00fccklich bei dem aufmerksamen Publikum, lie\u00df nicht unerw\u00e4hnt, dass er sich solche Rahmenbedingungen \u00f6fters w\u00fcnschte und w\u00fcrde gerne, irgendwann einmal wieder, einer Einladung durch die AG Eschringer Vereine folgen.<\/p>\n\n\n\n<p><a href=\"http:\/\/www.seantyrrell.com\" target=\"_blank\" rel=\"noopener\">www.seantyrrell.com<\/a><\/p>\n","protected":false},"excerpt":{"rendered":"<p>Irische Balladen mit Novemberstimmung: H\u00e4tte ich geahnt, welch&#8216; entspannte und konzentrierte Atmosph\u00e4re hier herrschen w\u00fcrde, ich h\u00e4tte unseren Auftritt bestimmt mitgeschnitten&#8220;, zeigte sich Se\u00e1n Tyrrell, der Barde von der irischen Westk\u00fcste, begeistert und etwas traurig zugleich &#8211; ob der verpassten Chance. Tyrrell plant n\u00e4mlich ein Live-Album, und da h\u00e4tte er sich auch Ausschnitte des Konzertes &#8230; <a title=\"07.11.2002 &#8211; Se\u00e1n Tyrrell gastierte im Eschringer Gasthaus &#8222;Zur Post&#8220;\" class=\"read-more\" href=\"https:\/\/eschringen.de\/wordpress\/geschichte\/archiv\/07-11-02-sean-tyrrell-gastierte-im-eschringer-gasthaus-zur-post\/\" aria-label=\"Mehr Informationen \u00fcber 07.11.2002 &#8211; Se\u00e1n Tyrrell gastierte im Eschringer Gasthaus &#8222;Zur Post&#8220;\">Weiterlesen &#8230;<\/a><\/p>\n","protected":false},"author":1,"featured_media":0,"parent":403,"menu_order":55,"comment_status":"closed","ping_status":"closed","template":"","meta":{"ngg_post_thumbnail":0,"footnotes":""},"class_list":["post-968","page","type-page","status-publish"],"yoast_head":"<!-- This site is optimized with the Yoast SEO plugin v27.4 - https:\/\/yoast.com\/product\/yoast-seo-wordpress\/ -->\n<title>07.11.2002 - Se\u00e1n Tyrrell gastierte im Eschringer Gasthaus &quot;Zur Post&quot; - Eschringen<\/title>\n<meta name=\"robots\" content=\"index, follow, max-snippet:-1, max-image-preview:large, max-video-preview:-1\" \/>\n<link rel=\"canonical\" href=\"https:\/\/eschringen.de\/wordpress\/geschichte\/archiv\/07-11-02-sean-tyrrell-gastierte-im-eschringer-gasthaus-zur-post\/\" \/>\n<meta property=\"og:locale\" content=\"de_DE\" \/>\n<meta property=\"og:type\" content=\"article\" \/>\n<meta property=\"og:title\" content=\"07.11.2002 - Se\u00e1n Tyrrell gastierte im Eschringer Gasthaus &quot;Zur Post&quot; - Eschringen\" \/>\n<meta property=\"og:description\" content=\"Irische Balladen mit Novemberstimmung: H\u00e4tte ich geahnt, welch&#8216; entspannte und konzentrierte Atmosph\u00e4re hier herrschen w\u00fcrde, ich h\u00e4tte unseren Auftritt bestimmt mitgeschnitten&#8220;, zeigte sich Se\u00e1n Tyrrell, der Barde von der irischen Westk\u00fcste, begeistert und etwas traurig zugleich &#8211; ob der verpassten Chance. Tyrrell plant n\u00e4mlich ein Live-Album, und da h\u00e4tte er sich auch Ausschnitte des Konzertes ... Weiterlesen ...\" \/>\n<meta property=\"og:url\" content=\"https:\/\/eschringen.de\/wordpress\/geschichte\/archiv\/07-11-02-sean-tyrrell-gastierte-im-eschringer-gasthaus-zur-post\/\" \/>\n<meta property=\"og:site_name\" content=\"Eschringen\" \/>\n<meta property=\"article:modified_time\" content=\"2024-11-28T20:10:26+00:00\" \/>\n<meta property=\"og:image\" content=\"https:\/\/eschringen.de\/wordpress\/wp-content\/uploads\/2024\/11\/tyrrell1.jpg\" \/>\n<meta name=\"twitter:card\" content=\"summary_large_image\" \/>\n<meta name=\"twitter:label1\" content=\"Gesch\u00e4tzte Lesezeit\" \/>\n\t<meta name=\"twitter:data1\" content=\"2\u00a0Minuten\" \/>\n<script type=\"application\/ld+json\" class=\"yoast-schema-graph\">{\"@context\":\"https:\\\/\\\/schema.org\",\"@graph\":[{\"@type\":\"WebPage\",\"@id\":\"https:\\\/\\\/eschringen.de\\\/wordpress\\\/geschichte\\\/archiv\\\/07-11-02-sean-tyrrell-gastierte-im-eschringer-gasthaus-zur-post\\\/\",\"url\":\"https:\\\/\\\/eschringen.de\\\/wordpress\\\/geschichte\\\/archiv\\\/07-11-02-sean-tyrrell-gastierte-im-eschringer-gasthaus-zur-post\\\/\",\"name\":\"07.11.2002 - Se\u00e1n Tyrrell gastierte im Eschringer Gasthaus \\\"Zur Post\\\" - Eschringen\",\"isPartOf\":{\"@id\":\"https:\\\/\\\/eschringen.de\\\/wordpress\\\/#website\"},\"primaryImageOfPage\":{\"@id\":\"https:\\\/\\\/eschringen.de\\\/wordpress\\\/geschichte\\\/archiv\\\/07-11-02-sean-tyrrell-gastierte-im-eschringer-gasthaus-zur-post\\\/#primaryimage\"},\"image\":{\"@id\":\"https:\\\/\\\/eschringen.de\\\/wordpress\\\/geschichte\\\/archiv\\\/07-11-02-sean-tyrrell-gastierte-im-eschringer-gasthaus-zur-post\\\/#primaryimage\"},\"thumbnailUrl\":\"https:\\\/\\\/eschringen.de\\\/wordpress\\\/wp-content\\\/uploads\\\/2024\\\/11\\\/tyrrell1.jpg\",\"datePublished\":\"2017-02-23T18:38:56+00:00\",\"dateModified\":\"2024-11-28T20:10:26+00:00\",\"breadcrumb\":{\"@id\":\"https:\\\/\\\/eschringen.de\\\/wordpress\\\/geschichte\\\/archiv\\\/07-11-02-sean-tyrrell-gastierte-im-eschringer-gasthaus-zur-post\\\/#breadcrumb\"},\"inLanguage\":\"de\",\"potentialAction\":[{\"@type\":\"ReadAction\",\"target\":[\"https:\\\/\\\/eschringen.de\\\/wordpress\\\/geschichte\\\/archiv\\\/07-11-02-sean-tyrrell-gastierte-im-eschringer-gasthaus-zur-post\\\/\"]}]},{\"@type\":\"ImageObject\",\"inLanguage\":\"de\",\"@id\":\"https:\\\/\\\/eschringen.de\\\/wordpress\\\/geschichte\\\/archiv\\\/07-11-02-sean-tyrrell-gastierte-im-eschringer-gasthaus-zur-post\\\/#primaryimage\",\"url\":\"https:\\\/\\\/i0.wp.com\\\/eschringen.de\\\/wordpress\\\/wp-content\\\/uploads\\\/2024\\\/11\\\/tyrrell1.jpg?fit=245%2C395&ssl=1\",\"contentUrl\":\"https:\\\/\\\/i0.wp.com\\\/eschringen.de\\\/wordpress\\\/wp-content\\\/uploads\\\/2024\\\/11\\\/tyrrell1.jpg?fit=245%2C395&ssl=1\",\"width\":245,\"height\":395},{\"@type\":\"BreadcrumbList\",\"@id\":\"https:\\\/\\\/eschringen.de\\\/wordpress\\\/geschichte\\\/archiv\\\/07-11-02-sean-tyrrell-gastierte-im-eschringer-gasthaus-zur-post\\\/#breadcrumb\",\"itemListElement\":[{\"@type\":\"ListItem\",\"position\":1,\"name\":\"Startseite\",\"item\":\"https:\\\/\\\/eschringen.de\\\/wordpress\\\/\"},{\"@type\":\"ListItem\",\"position\":2,\"name\":\"Geschichte\",\"item\":\"https:\\\/\\\/eschringen.de\\\/wordpress\\\/geschichte\\\/\"},{\"@type\":\"ListItem\",\"position\":3,\"name\":\"Archiv\",\"item\":\"https:\\\/\\\/eschringen.de\\\/wordpress\\\/geschichte\\\/archiv\\\/\"},{\"@type\":\"ListItem\",\"position\":4,\"name\":\"07.11.2002 &#8211; Se\u00e1n Tyrrell gastierte im Eschringer Gasthaus &#8222;Zur Post&#8220;\"}]},{\"@type\":\"WebSite\",\"@id\":\"https:\\\/\\\/eschringen.de\\\/wordpress\\\/#website\",\"url\":\"https:\\\/\\\/eschringen.de\\\/wordpress\\\/\",\"name\":\"Eschringen\",\"description\":\"\",\"publisher\":{\"@id\":\"https:\\\/\\\/eschringen.de\\\/wordpress\\\/#organization\"},\"potentialAction\":[{\"@type\":\"SearchAction\",\"target\":{\"@type\":\"EntryPoint\",\"urlTemplate\":\"https:\\\/\\\/eschringen.de\\\/wordpress\\\/?s={search_term_string}\"},\"query-input\":{\"@type\":\"PropertyValueSpecification\",\"valueRequired\":true,\"valueName\":\"search_term_string\"}}],\"inLanguage\":\"de\"},{\"@type\":\"Organization\",\"@id\":\"https:\\\/\\\/eschringen.de\\\/wordpress\\\/#organization\",\"name\":\"Eschringen\",\"url\":\"https:\\\/\\\/eschringen.de\\\/wordpress\\\/\",\"logo\":{\"@type\":\"ImageObject\",\"inLanguage\":\"de\",\"@id\":\"https:\\\/\\\/eschringen.de\\\/wordpress\\\/#\\\/schema\\\/logo\\\/image\\\/\",\"url\":\"https:\\\/\\\/eschringen.de\\\/wordpress\\\/wp-content\\\/uploads\\\/2017\\\/03\\\/2017_kw15.jpg\",\"contentUrl\":\"https:\\\/\\\/eschringen.de\\\/wordpress\\\/wp-content\\\/uploads\\\/2017\\\/03\\\/2017_kw15.jpg\",\"width\":784,\"height\":447,\"caption\":\"Eschringen\"},\"image\":{\"@id\":\"https:\\\/\\\/eschringen.de\\\/wordpress\\\/#\\\/schema\\\/logo\\\/image\\\/\"}}]}<\/script>\n<!-- \/ Yoast SEO plugin. -->","yoast_head_json":{"title":"07.11.2002 - Se\u00e1n Tyrrell gastierte im Eschringer Gasthaus \"Zur Post\" - Eschringen","robots":{"index":"index","follow":"follow","max-snippet":"max-snippet:-1","max-image-preview":"max-image-preview:large","max-video-preview":"max-video-preview:-1"},"canonical":"https:\/\/eschringen.de\/wordpress\/geschichte\/archiv\/07-11-02-sean-tyrrell-gastierte-im-eschringer-gasthaus-zur-post\/","og_locale":"de_DE","og_type":"article","og_title":"07.11.2002 - Se\u00e1n Tyrrell gastierte im Eschringer Gasthaus \"Zur Post\" - Eschringen","og_description":"Irische Balladen mit Novemberstimmung: H\u00e4tte ich geahnt, welch&#8216; entspannte und konzentrierte Atmosph\u00e4re hier herrschen w\u00fcrde, ich h\u00e4tte unseren Auftritt bestimmt mitgeschnitten&#8220;, zeigte sich Se\u00e1n Tyrrell, der Barde von der irischen Westk\u00fcste, begeistert und etwas traurig zugleich &#8211; ob der verpassten Chance. Tyrrell plant n\u00e4mlich ein Live-Album, und da h\u00e4tte er sich auch Ausschnitte des Konzertes ... Weiterlesen ...","og_url":"https:\/\/eschringen.de\/wordpress\/geschichte\/archiv\/07-11-02-sean-tyrrell-gastierte-im-eschringer-gasthaus-zur-post\/","og_site_name":"Eschringen","article_modified_time":"2024-11-28T20:10:26+00:00","og_image":[{"url":"https:\/\/eschringen.de\/wordpress\/wp-content\/uploads\/2024\/11\/tyrrell1.jpg","type":"","width":"","height":""}],"twitter_card":"summary_large_image","twitter_misc":{"Gesch\u00e4tzte Lesezeit":"2\u00a0Minuten"},"schema":{"@context":"https:\/\/schema.org","@graph":[{"@type":"WebPage","@id":"https:\/\/eschringen.de\/wordpress\/geschichte\/archiv\/07-11-02-sean-tyrrell-gastierte-im-eschringer-gasthaus-zur-post\/","url":"https:\/\/eschringen.de\/wordpress\/geschichte\/archiv\/07-11-02-sean-tyrrell-gastierte-im-eschringer-gasthaus-zur-post\/","name":"07.11.2002 - Se\u00e1n Tyrrell gastierte im Eschringer Gasthaus \"Zur Post\" - Eschringen","isPartOf":{"@id":"https:\/\/eschringen.de\/wordpress\/#website"},"primaryImageOfPage":{"@id":"https:\/\/eschringen.de\/wordpress\/geschichte\/archiv\/07-11-02-sean-tyrrell-gastierte-im-eschringer-gasthaus-zur-post\/#primaryimage"},"image":{"@id":"https:\/\/eschringen.de\/wordpress\/geschichte\/archiv\/07-11-02-sean-tyrrell-gastierte-im-eschringer-gasthaus-zur-post\/#primaryimage"},"thumbnailUrl":"https:\/\/eschringen.de\/wordpress\/wp-content\/uploads\/2024\/11\/tyrrell1.jpg","datePublished":"2017-02-23T18:38:56+00:00","dateModified":"2024-11-28T20:10:26+00:00","breadcrumb":{"@id":"https:\/\/eschringen.de\/wordpress\/geschichte\/archiv\/07-11-02-sean-tyrrell-gastierte-im-eschringer-gasthaus-zur-post\/#breadcrumb"},"inLanguage":"de","potentialAction":[{"@type":"ReadAction","target":["https:\/\/eschringen.de\/wordpress\/geschichte\/archiv\/07-11-02-sean-tyrrell-gastierte-im-eschringer-gasthaus-zur-post\/"]}]},{"@type":"ImageObject","inLanguage":"de","@id":"https:\/\/eschringen.de\/wordpress\/geschichte\/archiv\/07-11-02-sean-tyrrell-gastierte-im-eschringer-gasthaus-zur-post\/#primaryimage","url":"https:\/\/i0.wp.com\/eschringen.de\/wordpress\/wp-content\/uploads\/2024\/11\/tyrrell1.jpg?fit=245%2C395&ssl=1","contentUrl":"https:\/\/i0.wp.com\/eschringen.de\/wordpress\/wp-content\/uploads\/2024\/11\/tyrrell1.jpg?fit=245%2C395&ssl=1","width":245,"height":395},{"@type":"BreadcrumbList","@id":"https:\/\/eschringen.de\/wordpress\/geschichte\/archiv\/07-11-02-sean-tyrrell-gastierte-im-eschringer-gasthaus-zur-post\/#breadcrumb","itemListElement":[{"@type":"ListItem","position":1,"name":"Startseite","item":"https:\/\/eschringen.de\/wordpress\/"},{"@type":"ListItem","position":2,"name":"Geschichte","item":"https:\/\/eschringen.de\/wordpress\/geschichte\/"},{"@type":"ListItem","position":3,"name":"Archiv","item":"https:\/\/eschringen.de\/wordpress\/geschichte\/archiv\/"},{"@type":"ListItem","position":4,"name":"07.11.2002 &#8211; Se\u00e1n Tyrrell gastierte im Eschringer Gasthaus &#8222;Zur Post&#8220;"}]},{"@type":"WebSite","@id":"https:\/\/eschringen.de\/wordpress\/#website","url":"https:\/\/eschringen.de\/wordpress\/","name":"Eschringen","description":"","publisher":{"@id":"https:\/\/eschringen.de\/wordpress\/#organization"},"potentialAction":[{"@type":"SearchAction","target":{"@type":"EntryPoint","urlTemplate":"https:\/\/eschringen.de\/wordpress\/?s={search_term_string}"},"query-input":{"@type":"PropertyValueSpecification","valueRequired":true,"valueName":"search_term_string"}}],"inLanguage":"de"},{"@type":"Organization","@id":"https:\/\/eschringen.de\/wordpress\/#organization","name":"Eschringen","url":"https:\/\/eschringen.de\/wordpress\/","logo":{"@type":"ImageObject","inLanguage":"de","@id":"https:\/\/eschringen.de\/wordpress\/#\/schema\/logo\/image\/","url":"https:\/\/eschringen.de\/wordpress\/wp-content\/uploads\/2017\/03\/2017_kw15.jpg","contentUrl":"https:\/\/eschringen.de\/wordpress\/wp-content\/uploads\/2017\/03\/2017_kw15.jpg","width":784,"height":447,"caption":"Eschringen"},"image":{"@id":"https:\/\/eschringen.de\/wordpress\/#\/schema\/logo\/image\/"}}]}},"jetpack_sharing_enabled":true,"_links":{"self":[{"href":"https:\/\/eschringen.de\/wordpress\/wp-json\/wp\/v2\/pages\/968","targetHints":{"allow":["GET"]}}],"collection":[{"href":"https:\/\/eschringen.de\/wordpress\/wp-json\/wp\/v2\/pages"}],"about":[{"href":"https:\/\/eschringen.de\/wordpress\/wp-json\/wp\/v2\/types\/page"}],"author":[{"embeddable":true,"href":"https:\/\/eschringen.de\/wordpress\/wp-json\/wp\/v2\/users\/1"}],"replies":[{"embeddable":true,"href":"https:\/\/eschringen.de\/wordpress\/wp-json\/wp\/v2\/comments?post=968"}],"version-history":[{"count":2,"href":"https:\/\/eschringen.de\/wordpress\/wp-json\/wp\/v2\/pages\/968\/revisions"}],"predecessor-version":[{"id":4990,"href":"https:\/\/eschringen.de\/wordpress\/wp-json\/wp\/v2\/pages\/968\/revisions\/4990"}],"up":[{"embeddable":true,"href":"https:\/\/eschringen.de\/wordpress\/wp-json\/wp\/v2\/pages\/403"}],"wp:attachment":[{"href":"https:\/\/eschringen.de\/wordpress\/wp-json\/wp\/v2\/media?parent=968"}],"curies":[{"name":"wp","href":"https:\/\/api.w.org\/{rel}","templated":true}]}}