{"id":965,"date":"2017-02-23T19:13:34","date_gmt":"2017-02-23T18:13:34","guid":{"rendered":"http:\/\/eschringen.de\/wordpress\/?page_id=965"},"modified":"2024-11-28T21:08:12","modified_gmt":"2024-11-28T20:08:12","slug":"maerz-2003-sonderheft-der-eschringer-hefte-von-heinrich-moog","status":"publish","type":"page","link":"https:\/\/eschringen.de\/wordpress\/geschichte\/archiv\/maerz-2003-sonderheft-der-eschringer-hefte-von-heinrich-moog\/","title":{"rendered":"M\u00e4rz 2003 &#8211; Sonderheft der &#8222;Eschringer Hefte&#8220; von Heinrich Moog"},"content":{"rendered":"<div class=\"wp-block-image\">\n<figure class=\"alignleft\"><img data-recalc-dims=\"1\" decoding=\"async\" src=\"https:\/\/i0.wp.com\/eschringen.de\/wordpress\/wp-content\/uploads\/2024\/11\/heft.jpg?w=1200&#038;ssl=1\" alt=\"Eschringer Hefte 5\"\/><\/figure>\n<\/div>\n\n\n<p><b>Eschringer Hefte &#8211; Sonderheft<\/b><\/p>\n\n\n\n<p><b>In der Zwangsjacke des Nationalsozialismus w\u00e4hrend der Jahre 1939-1945<\/b><br>Die Eschringer Kriegsjahre 1939 &#8211; 1945: Aufzeichnungen und Gespr\u00e4chsprofile von Zeitzeugen<\/p>\n\n\n\n<p>Preis: 4,00 Euro<\/p>\n\n\n\n<p>Anfang M\u00e4rz erschien in der Reihe &#8222;Eschringer Hefte&#8220; das Sonderheft &#8222;In der Zwangsjacke des Nationalsozialismus w\u00e4hrend der Jahre 1939-1945&#8220; von Heinrich Moog. Die Geschichtswerkstatt Eschringen hatte zur Vorstellung des Heftes, das sich als Erg\u00e4nzung zur letzten Ausgabe Nr. 4 (&#8222;Keiner wusste, wie es weitergehen sollte!&#8220;) versteht, ins Gasthaus &#8222;Zur Post&#8220; geladen. Heinrich Moog rezitierte Ausz\u00fcge aus seinen Kriegserinnerungen, beginnend von seiner Schulzeit im Missionshaus St. Wendel, \u00fcber seinen Einsatz beim Reichsarbeitsdienst, wo er als bekennender Katholik schikaniert wurde, bis hin zu der gef\u00e4hrlichen und strapazi\u00f6sen Kriegsphase, die ihn als Sanit\u00e4ter nach Polen und Russland f\u00fchrte. Sehr deutlich wurde seine Au\u00dfenseiterposition als katholischer Christ inmitten von dem Nazi-Regime gr\u00f6\u00dftenteils wohlgesonnenen Soldaten. Sein lesenswerter Bericht ist mit einer Vielzahl bislang unver\u00f6ffentlichter Fotos aus dem Privatarchiv versehen.<\/p>\n\n\n\n<p><a href=\"http:\/\/eschringen.de\/wordpress\/geschichte\/eschringer-hefte\/\">Weitere Informationen zu den Eschringer Heften<\/a><\/p>\n","protected":false},"excerpt":{"rendered":"<p>Eschringer Hefte &#8211; Sonderheft In der Zwangsjacke des Nationalsozialismus w\u00e4hrend der Jahre 1939-1945Die Eschringer Kriegsjahre 1939 &#8211; 1945: Aufzeichnungen und Gespr\u00e4chsprofile von Zeitzeugen Preis: 4,00 Euro Anfang M\u00e4rz erschien in der Reihe &#8222;Eschringer Hefte&#8220; das Sonderheft &#8222;In der Zwangsjacke des Nationalsozialismus w\u00e4hrend der Jahre 1939-1945&#8220; von Heinrich Moog. Die Geschichtswerkstatt Eschringen hatte zur Vorstellung des &#8230; <a title=\"M\u00e4rz 2003 &#8211; Sonderheft der &#8222;Eschringer Hefte&#8220; von Heinrich Moog\" class=\"read-more\" href=\"https:\/\/eschringen.de\/wordpress\/geschichte\/archiv\/maerz-2003-sonderheft-der-eschringer-hefte-von-heinrich-moog\/\" aria-label=\"Mehr Informationen \u00fcber M\u00e4rz 2003 &#8211; Sonderheft der &#8222;Eschringer Hefte&#8220; von Heinrich Moog\">Weiterlesen &#8230;<\/a><\/p>\n","protected":false},"author":1,"featured_media":0,"parent":403,"menu_order":54,"comment_status":"closed","ping_status":"closed","template":"","meta":{"ngg_post_thumbnail":0,"footnotes":""},"class_list":["post-965","page","type-page","status-publish"],"yoast_head":"<!-- This site is optimized with the Yoast SEO plugin v27.3 - https:\/\/yoast.com\/product\/yoast-seo-wordpress\/ -->\n<title>M\u00e4rz 2003 - Sonderheft der &quot;Eschringer Hefte&quot; von Heinrich Moog - Eschringen<\/title>\n<meta name=\"robots\" content=\"index, follow, max-snippet:-1, max-image-preview:large, max-video-preview:-1\" \/>\n<link rel=\"canonical\" href=\"https:\/\/eschringen.de\/wordpress\/geschichte\/archiv\/maerz-2003-sonderheft-der-eschringer-hefte-von-heinrich-moog\/\" \/>\n<meta property=\"og:locale\" content=\"de_DE\" \/>\n<meta property=\"og:type\" content=\"article\" \/>\n<meta property=\"og:title\" content=\"M\u00e4rz 2003 - Sonderheft der &quot;Eschringer Hefte&quot; von Heinrich Moog - Eschringen\" \/>\n<meta property=\"og:description\" content=\"Eschringer Hefte &#8211; Sonderheft In der Zwangsjacke des Nationalsozialismus w\u00e4hrend der Jahre 1939-1945Die Eschringer Kriegsjahre 1939 &#8211; 1945: Aufzeichnungen und Gespr\u00e4chsprofile von Zeitzeugen Preis: 4,00 Euro Anfang M\u00e4rz erschien in der Reihe &#8222;Eschringer Hefte&#8220; das Sonderheft &#8222;In der Zwangsjacke des Nationalsozialismus w\u00e4hrend der Jahre 1939-1945&#8220; von Heinrich Moog. Die Geschichtswerkstatt Eschringen hatte zur Vorstellung des ... Weiterlesen ...\" \/>\n<meta property=\"og:url\" content=\"https:\/\/eschringen.de\/wordpress\/geschichte\/archiv\/maerz-2003-sonderheft-der-eschringer-hefte-von-heinrich-moog\/\" \/>\n<meta property=\"og:site_name\" content=\"Eschringen\" \/>\n<meta property=\"article:modified_time\" content=\"2024-11-28T20:08:12+00:00\" \/>\n<meta property=\"og:image\" content=\"https:\/\/eschringen.de\/wordpress\/wp-content\/uploads\/2024\/11\/heft.jpg\" \/>\n<meta name=\"twitter:card\" content=\"summary_large_image\" \/>\n<meta name=\"twitter:label1\" content=\"Gesch\u00e4tzte Lesezeit\" \/>\n\t<meta name=\"twitter:data1\" content=\"2\u00a0Minuten\" \/>\n<script type=\"application\/ld+json\" class=\"yoast-schema-graph\">{\"@context\":\"https:\\\/\\\/schema.org\",\"@graph\":[{\"@type\":\"WebPage\",\"@id\":\"https:\\\/\\\/eschringen.de\\\/wordpress\\\/geschichte\\\/archiv\\\/maerz-2003-sonderheft-der-eschringer-hefte-von-heinrich-moog\\\/\",\"url\":\"https:\\\/\\\/eschringen.de\\\/wordpress\\\/geschichte\\\/archiv\\\/maerz-2003-sonderheft-der-eschringer-hefte-von-heinrich-moog\\\/\",\"name\":\"M\u00e4rz 2003 - Sonderheft der \\\"Eschringer Hefte\\\" von Heinrich Moog - Eschringen\",\"isPartOf\":{\"@id\":\"https:\\\/\\\/eschringen.de\\\/wordpress\\\/#website\"},\"primaryImageOfPage\":{\"@id\":\"https:\\\/\\\/eschringen.de\\\/wordpress\\\/geschichte\\\/archiv\\\/maerz-2003-sonderheft-der-eschringer-hefte-von-heinrich-moog\\\/#primaryimage\"},\"image\":{\"@id\":\"https:\\\/\\\/eschringen.de\\\/wordpress\\\/geschichte\\\/archiv\\\/maerz-2003-sonderheft-der-eschringer-hefte-von-heinrich-moog\\\/#primaryimage\"},\"thumbnailUrl\":\"https:\\\/\\\/eschringen.de\\\/wordpress\\\/wp-content\\\/uploads\\\/2024\\\/11\\\/heft.jpg\",\"datePublished\":\"2017-02-23T18:13:34+00:00\",\"dateModified\":\"2024-11-28T20:08:12+00:00\",\"breadcrumb\":{\"@id\":\"https:\\\/\\\/eschringen.de\\\/wordpress\\\/geschichte\\\/archiv\\\/maerz-2003-sonderheft-der-eschringer-hefte-von-heinrich-moog\\\/#breadcrumb\"},\"inLanguage\":\"de\",\"potentialAction\":[{\"@type\":\"ReadAction\",\"target\":[\"https:\\\/\\\/eschringen.de\\\/wordpress\\\/geschichte\\\/archiv\\\/maerz-2003-sonderheft-der-eschringer-hefte-von-heinrich-moog\\\/\"]}]},{\"@type\":\"ImageObject\",\"inLanguage\":\"de\",\"@id\":\"https:\\\/\\\/eschringen.de\\\/wordpress\\\/geschichte\\\/archiv\\\/maerz-2003-sonderheft-der-eschringer-hefte-von-heinrich-moog\\\/#primaryimage\",\"url\":\"https:\\\/\\\/i0.wp.com\\\/eschringen.de\\\/wordpress\\\/wp-content\\\/uploads\\\/2024\\\/11\\\/heft.jpg?fit=197%2C275&ssl=1\",\"contentUrl\":\"https:\\\/\\\/i0.wp.com\\\/eschringen.de\\\/wordpress\\\/wp-content\\\/uploads\\\/2024\\\/11\\\/heft.jpg?fit=197%2C275&ssl=1\",\"width\":197,\"height\":275},{\"@type\":\"BreadcrumbList\",\"@id\":\"https:\\\/\\\/eschringen.de\\\/wordpress\\\/geschichte\\\/archiv\\\/maerz-2003-sonderheft-der-eschringer-hefte-von-heinrich-moog\\\/#breadcrumb\",\"itemListElement\":[{\"@type\":\"ListItem\",\"position\":1,\"name\":\"Startseite\",\"item\":\"https:\\\/\\\/eschringen.de\\\/wordpress\\\/\"},{\"@type\":\"ListItem\",\"position\":2,\"name\":\"Geschichte\",\"item\":\"https:\\\/\\\/eschringen.de\\\/wordpress\\\/geschichte\\\/\"},{\"@type\":\"ListItem\",\"position\":3,\"name\":\"Archiv\",\"item\":\"https:\\\/\\\/eschringen.de\\\/wordpress\\\/geschichte\\\/archiv\\\/\"},{\"@type\":\"ListItem\",\"position\":4,\"name\":\"M\u00e4rz 2003 &#8211; Sonderheft der &#8222;Eschringer Hefte&#8220; von Heinrich Moog\"}]},{\"@type\":\"WebSite\",\"@id\":\"https:\\\/\\\/eschringen.de\\\/wordpress\\\/#website\",\"url\":\"https:\\\/\\\/eschringen.de\\\/wordpress\\\/\",\"name\":\"Eschringen\",\"description\":\"\",\"publisher\":{\"@id\":\"https:\\\/\\\/eschringen.de\\\/wordpress\\\/#organization\"},\"potentialAction\":[{\"@type\":\"SearchAction\",\"target\":{\"@type\":\"EntryPoint\",\"urlTemplate\":\"https:\\\/\\\/eschringen.de\\\/wordpress\\\/?s={search_term_string}\"},\"query-input\":{\"@type\":\"PropertyValueSpecification\",\"valueRequired\":true,\"valueName\":\"search_term_string\"}}],\"inLanguage\":\"de\"},{\"@type\":\"Organization\",\"@id\":\"https:\\\/\\\/eschringen.de\\\/wordpress\\\/#organization\",\"name\":\"Eschringen\",\"url\":\"https:\\\/\\\/eschringen.de\\\/wordpress\\\/\",\"logo\":{\"@type\":\"ImageObject\",\"inLanguage\":\"de\",\"@id\":\"https:\\\/\\\/eschringen.de\\\/wordpress\\\/#\\\/schema\\\/logo\\\/image\\\/\",\"url\":\"https:\\\/\\\/eschringen.de\\\/wordpress\\\/wp-content\\\/uploads\\\/2017\\\/03\\\/2017_kw15.jpg\",\"contentUrl\":\"https:\\\/\\\/eschringen.de\\\/wordpress\\\/wp-content\\\/uploads\\\/2017\\\/03\\\/2017_kw15.jpg\",\"width\":784,\"height\":447,\"caption\":\"Eschringen\"},\"image\":{\"@id\":\"https:\\\/\\\/eschringen.de\\\/wordpress\\\/#\\\/schema\\\/logo\\\/image\\\/\"}}]}<\/script>\n<!-- \/ Yoast SEO plugin. -->","yoast_head_json":{"title":"M\u00e4rz 2003 - Sonderheft der \"Eschringer Hefte\" von Heinrich Moog - Eschringen","robots":{"index":"index","follow":"follow","max-snippet":"max-snippet:-1","max-image-preview":"max-image-preview:large","max-video-preview":"max-video-preview:-1"},"canonical":"https:\/\/eschringen.de\/wordpress\/geschichte\/archiv\/maerz-2003-sonderheft-der-eschringer-hefte-von-heinrich-moog\/","og_locale":"de_DE","og_type":"article","og_title":"M\u00e4rz 2003 - Sonderheft der \"Eschringer Hefte\" von Heinrich Moog - Eschringen","og_description":"Eschringer Hefte &#8211; Sonderheft In der Zwangsjacke des Nationalsozialismus w\u00e4hrend der Jahre 1939-1945Die Eschringer Kriegsjahre 1939 &#8211; 1945: Aufzeichnungen und Gespr\u00e4chsprofile von Zeitzeugen Preis: 4,00 Euro Anfang M\u00e4rz erschien in der Reihe &#8222;Eschringer Hefte&#8220; das Sonderheft &#8222;In der Zwangsjacke des Nationalsozialismus w\u00e4hrend der Jahre 1939-1945&#8220; von Heinrich Moog. Die Geschichtswerkstatt Eschringen hatte zur Vorstellung des ... Weiterlesen ...","og_url":"https:\/\/eschringen.de\/wordpress\/geschichte\/archiv\/maerz-2003-sonderheft-der-eschringer-hefte-von-heinrich-moog\/","og_site_name":"Eschringen","article_modified_time":"2024-11-28T20:08:12+00:00","og_image":[{"url":"https:\/\/eschringen.de\/wordpress\/wp-content\/uploads\/2024\/11\/heft.jpg","type":"","width":"","height":""}],"twitter_card":"summary_large_image","twitter_misc":{"Gesch\u00e4tzte Lesezeit":"2\u00a0Minuten"},"schema":{"@context":"https:\/\/schema.org","@graph":[{"@type":"WebPage","@id":"https:\/\/eschringen.de\/wordpress\/geschichte\/archiv\/maerz-2003-sonderheft-der-eschringer-hefte-von-heinrich-moog\/","url":"https:\/\/eschringen.de\/wordpress\/geschichte\/archiv\/maerz-2003-sonderheft-der-eschringer-hefte-von-heinrich-moog\/","name":"M\u00e4rz 2003 - Sonderheft der \"Eschringer Hefte\" von Heinrich Moog - Eschringen","isPartOf":{"@id":"https:\/\/eschringen.de\/wordpress\/#website"},"primaryImageOfPage":{"@id":"https:\/\/eschringen.de\/wordpress\/geschichte\/archiv\/maerz-2003-sonderheft-der-eschringer-hefte-von-heinrich-moog\/#primaryimage"},"image":{"@id":"https:\/\/eschringen.de\/wordpress\/geschichte\/archiv\/maerz-2003-sonderheft-der-eschringer-hefte-von-heinrich-moog\/#primaryimage"},"thumbnailUrl":"https:\/\/eschringen.de\/wordpress\/wp-content\/uploads\/2024\/11\/heft.jpg","datePublished":"2017-02-23T18:13:34+00:00","dateModified":"2024-11-28T20:08:12+00:00","breadcrumb":{"@id":"https:\/\/eschringen.de\/wordpress\/geschichte\/archiv\/maerz-2003-sonderheft-der-eschringer-hefte-von-heinrich-moog\/#breadcrumb"},"inLanguage":"de","potentialAction":[{"@type":"ReadAction","target":["https:\/\/eschringen.de\/wordpress\/geschichte\/archiv\/maerz-2003-sonderheft-der-eschringer-hefte-von-heinrich-moog\/"]}]},{"@type":"ImageObject","inLanguage":"de","@id":"https:\/\/eschringen.de\/wordpress\/geschichte\/archiv\/maerz-2003-sonderheft-der-eschringer-hefte-von-heinrich-moog\/#primaryimage","url":"https:\/\/i0.wp.com\/eschringen.de\/wordpress\/wp-content\/uploads\/2024\/11\/heft.jpg?fit=197%2C275&ssl=1","contentUrl":"https:\/\/i0.wp.com\/eschringen.de\/wordpress\/wp-content\/uploads\/2024\/11\/heft.jpg?fit=197%2C275&ssl=1","width":197,"height":275},{"@type":"BreadcrumbList","@id":"https:\/\/eschringen.de\/wordpress\/geschichte\/archiv\/maerz-2003-sonderheft-der-eschringer-hefte-von-heinrich-moog\/#breadcrumb","itemListElement":[{"@type":"ListItem","position":1,"name":"Startseite","item":"https:\/\/eschringen.de\/wordpress\/"},{"@type":"ListItem","position":2,"name":"Geschichte","item":"https:\/\/eschringen.de\/wordpress\/geschichte\/"},{"@type":"ListItem","position":3,"name":"Archiv","item":"https:\/\/eschringen.de\/wordpress\/geschichte\/archiv\/"},{"@type":"ListItem","position":4,"name":"M\u00e4rz 2003 &#8211; Sonderheft der &#8222;Eschringer Hefte&#8220; von Heinrich Moog"}]},{"@type":"WebSite","@id":"https:\/\/eschringen.de\/wordpress\/#website","url":"https:\/\/eschringen.de\/wordpress\/","name":"Eschringen","description":"","publisher":{"@id":"https:\/\/eschringen.de\/wordpress\/#organization"},"potentialAction":[{"@type":"SearchAction","target":{"@type":"EntryPoint","urlTemplate":"https:\/\/eschringen.de\/wordpress\/?s={search_term_string}"},"query-input":{"@type":"PropertyValueSpecification","valueRequired":true,"valueName":"search_term_string"}}],"inLanguage":"de"},{"@type":"Organization","@id":"https:\/\/eschringen.de\/wordpress\/#organization","name":"Eschringen","url":"https:\/\/eschringen.de\/wordpress\/","logo":{"@type":"ImageObject","inLanguage":"de","@id":"https:\/\/eschringen.de\/wordpress\/#\/schema\/logo\/image\/","url":"https:\/\/eschringen.de\/wordpress\/wp-content\/uploads\/2017\/03\/2017_kw15.jpg","contentUrl":"https:\/\/eschringen.de\/wordpress\/wp-content\/uploads\/2017\/03\/2017_kw15.jpg","width":784,"height":447,"caption":"Eschringen"},"image":{"@id":"https:\/\/eschringen.de\/wordpress\/#\/schema\/logo\/image\/"}}]}},"jetpack_sharing_enabled":true,"_links":{"self":[{"href":"https:\/\/eschringen.de\/wordpress\/wp-json\/wp\/v2\/pages\/965","targetHints":{"allow":["GET"]}}],"collection":[{"href":"https:\/\/eschringen.de\/wordpress\/wp-json\/wp\/v2\/pages"}],"about":[{"href":"https:\/\/eschringen.de\/wordpress\/wp-json\/wp\/v2\/types\/page"}],"author":[{"embeddable":true,"href":"https:\/\/eschringen.de\/wordpress\/wp-json\/wp\/v2\/users\/1"}],"replies":[{"embeddable":true,"href":"https:\/\/eschringen.de\/wordpress\/wp-json\/wp\/v2\/comments?post=965"}],"version-history":[{"count":2,"href":"https:\/\/eschringen.de\/wordpress\/wp-json\/wp\/v2\/pages\/965\/revisions"}],"predecessor-version":[{"id":4986,"href":"https:\/\/eschringen.de\/wordpress\/wp-json\/wp\/v2\/pages\/965\/revisions\/4986"}],"up":[{"embeddable":true,"href":"https:\/\/eschringen.de\/wordpress\/wp-json\/wp\/v2\/pages\/403"}],"wp:attachment":[{"href":"https:\/\/eschringen.de\/wordpress\/wp-json\/wp\/v2\/media?parent=965"}],"curies":[{"name":"wp","href":"https:\/\/api.w.org\/{rel}","templated":true}]}}