{"id":959,"date":"2017-02-23T18:57:40","date_gmt":"2017-02-23T17:57:40","guid":{"rendered":"http:\/\/eschringen.de\/wordpress\/?page_id=959"},"modified":"2024-11-28T20:58:41","modified_gmt":"2024-11-28T19:58:41","slug":"01-11-03-1-eschringer-home-pages","status":"publish","type":"page","link":"https:\/\/eschringen.de\/wordpress\/geschichte\/archiv\/01-11-03-1-eschringer-home-pages\/","title":{"rendered":"01.11.2003 &#8211; 1. Eschringer Home-Pages"},"content":{"rendered":"\n<p>So sah er aus, der Er\u00f6ffnungsartikel der 1. Eschringer Home-Pages im November 2003:<\/p>\n\n\n\n<hr class=\"wp-block-separator has-alpha-channel-opacity\"\/>\n\n\n\n<p><strong>Noch mehr Papier im Briefkasten? Aber was f\u00fcr welches!<\/strong><\/p>\n\n\n<div class=\"wp-block-image\">\n<figure class=\"alignleft size-full\"><img data-recalc-dims=\"1\" loading=\"lazy\" decoding=\"async\" width=\"400\" height=\"557\" src=\"https:\/\/i0.wp.com\/eschringen.de\/wordpress\/wp-content\/uploads\/2024\/11\/0311.jpg?resize=400%2C557&#038;ssl=1\" alt=\"\" class=\"wp-image-4967\" srcset=\"https:\/\/i0.wp.com\/eschringen.de\/wordpress\/wp-content\/uploads\/2024\/11\/0311.jpg?w=400&amp;ssl=1 400w, https:\/\/i0.wp.com\/eschringen.de\/wordpress\/wp-content\/uploads\/2024\/11\/0311.jpg?resize=215%2C300&amp;ssl=1 215w\" sizes=\"auto, (max-width: 400px) 100vw, 400px\" \/><\/figure>\n<\/div>\n\n\n<p>Was soll denn das nun sein? &#8222;<b><i>Die Eschringer Homepages<\/i><\/b>&#8222;? Wieder so was Neumodisch-Englisches? Seit fast f\u00fcnf Jahren gibt\u2019s bekanntlich eine Eschringer Seite im Internet (im Fachjargon eben &#8222;website&#8220; oder &#8222;homepage&#8220; genannt) unter <b>www.eschringen.de<\/b>, und die wird durchaus von Eschringern &#8211; in nah und fern &#8211; &#8222;angesteuert&#8220; und gelesen. Aber (noch) nicht jede\/r hat einen Computer und auch einen Zugang ins Internet, und dann \u00fcbersieht man halt dort leicht Neuigkeiten und Erg\u00e4nzungen. Und sind wir doch mal ehrlich: Am sch\u00f6nsten ist nach wie vor das Bl\u00e4ttern und Lesen von Papier. Da hat man was in der Hand und kann es sich an allen m\u00f6glichen \u00d6rtlichkeiten (und stillen \u00d6rtchen!) zu Gem\u00fcte f\u00fchren. Aus dieser \u00dcberlegung heraus legen wir &#8211; das Team der &#8222;<b><i>Eschringer Homepages<\/i><\/b>&#8220; &#8211; Ihnen heute die erste Ausgabe unserer Mini-Lokalzeitung vor. Wir wollen weder der <i>SZ<\/i>, dem <i>Wochenspiegel<\/i> noch dem <i>bl\u00e4dche <\/i>Konkurrenz machen, sondern diese Bl\u00e4tter lediglich mit spezifisch Eschringer Themen und Neuigkeiten erg\u00e4nzen, den B\u00fcrgerinnen und B\u00fcrgern als auch den hier ans\u00e4ssigen Vereinen und Organisationen eine Plattform f\u00fcr weitergehende und zus\u00e4tzliche Informationen geben. Die &#8222;<b><i>Eschringer Homepages<\/i><\/b>&#8220; sollen monatlich und dabei gratis erscheinen. Wir freuen uns \u00fcber konstruktive Kritik und Anregungen, gerne auch \u00fcber Beitr\u00e4ge in jedweder Form (Berichte, Meldungen, auch Gedichte, Anekdoten u. a. Geschichten). Also, geben Sie uns (und sich) eine Chance, wirken Sie &#8211; wenn m\u00f6glich &#8211; aktiv an unserer kleinen Zeitung mit!<\/p>\n\n\n\n<p>Ihr <b><i>Homepages<\/i><\/b>-Team<\/p>\n\n\n\n<hr class=\"wp-block-separator has-alpha-channel-opacity\"\/>\n\n\n\n<p>Seitdem erscheint monatlich eine Ausgabe. Wenn Sie sich f\u00fcr die Ausgaben interessieren, so klicken Sie doch mal auf unsere <a href=\"http:\/\/eschringen.de\/wordpress\/home-pages\/\">Home-Pages<\/a> Seite.<br>Dort k\u00f6nnen Sie sich alle Ausgaben als PDF-Datei herunterladen.<\/p>\n","protected":false},"excerpt":{"rendered":"<p>So sah er aus, der Er\u00f6ffnungsartikel der 1. Eschringer Home-Pages im November 2003: Noch mehr Papier im Briefkasten? Aber was f\u00fcr welches! Was soll denn das nun sein? &#8222;Die Eschringer Homepages&#8222;? Wieder so was Neumodisch-Englisches? Seit fast f\u00fcnf Jahren gibt\u2019s bekanntlich eine Eschringer Seite im Internet (im Fachjargon eben &#8222;website&#8220; oder &#8222;homepage&#8220; genannt) unter www.eschringen.de, &#8230; <a title=\"01.11.2003 &#8211; 1. Eschringer Home-Pages\" class=\"read-more\" href=\"https:\/\/eschringen.de\/wordpress\/geschichte\/archiv\/01-11-03-1-eschringer-home-pages\/\" aria-label=\"Mehr Informationen \u00fcber 01.11.2003 &#8211; 1. Eschringer Home-Pages\">Weiterlesen &#8230;<\/a><\/p>\n","protected":false},"author":1,"featured_media":0,"parent":403,"menu_order":51,"comment_status":"closed","ping_status":"closed","template":"","meta":{"ngg_post_thumbnail":0,"footnotes":""},"class_list":["post-959","page","type-page","status-publish"],"yoast_head":"<!-- This site is optimized with the Yoast SEO plugin v27.3 - https:\/\/yoast.com\/product\/yoast-seo-wordpress\/ -->\n<title>01.11.2003 - 1. Eschringer Home-Pages - Eschringen<\/title>\n<meta name=\"robots\" content=\"index, follow, max-snippet:-1, max-image-preview:large, max-video-preview:-1\" \/>\n<link rel=\"canonical\" href=\"https:\/\/eschringen.de\/wordpress\/geschichte\/archiv\/01-11-03-1-eschringer-home-pages\/\" \/>\n<meta property=\"og:locale\" content=\"de_DE\" \/>\n<meta property=\"og:type\" content=\"article\" \/>\n<meta property=\"og:title\" content=\"01.11.2003 - 1. Eschringer Home-Pages - Eschringen\" \/>\n<meta property=\"og:description\" content=\"So sah er aus, der Er\u00f6ffnungsartikel der 1. Eschringer Home-Pages im November 2003: Noch mehr Papier im Briefkasten? Aber was f\u00fcr welches! Was soll denn das nun sein? &#8222;Die Eschringer Homepages&#8222;? Wieder so was Neumodisch-Englisches? Seit fast f\u00fcnf Jahren gibt\u2019s bekanntlich eine Eschringer Seite im Internet (im Fachjargon eben &#8222;website&#8220; oder &#8222;homepage&#8220; genannt) unter www.eschringen.de, ... Weiterlesen ...\" \/>\n<meta property=\"og:url\" content=\"https:\/\/eschringen.de\/wordpress\/geschichte\/archiv\/01-11-03-1-eschringer-home-pages\/\" \/>\n<meta property=\"og:site_name\" content=\"Eschringen\" \/>\n<meta property=\"article:modified_time\" content=\"2024-11-28T19:58:41+00:00\" \/>\n<meta property=\"og:image\" content=\"https:\/\/i0.wp.com\/eschringen.de\/wordpress\/wp-content\/uploads\/2024\/11\/0311.jpg?fit=400%2C557&ssl=1\" \/>\n\t<meta property=\"og:image:width\" content=\"400\" \/>\n\t<meta property=\"og:image:height\" content=\"557\" \/>\n\t<meta property=\"og:image:type\" content=\"image\/jpeg\" \/>\n<meta name=\"twitter:card\" content=\"summary_large_image\" \/>\n<meta name=\"twitter:label1\" content=\"Gesch\u00e4tzte Lesezeit\" \/>\n\t<meta name=\"twitter:data1\" content=\"2\u00a0Minuten\" \/>\n<script type=\"application\/ld+json\" class=\"yoast-schema-graph\">{\"@context\":\"https:\\\/\\\/schema.org\",\"@graph\":[{\"@type\":\"WebPage\",\"@id\":\"https:\\\/\\\/eschringen.de\\\/wordpress\\\/geschichte\\\/archiv\\\/01-11-03-1-eschringer-home-pages\\\/\",\"url\":\"https:\\\/\\\/eschringen.de\\\/wordpress\\\/geschichte\\\/archiv\\\/01-11-03-1-eschringer-home-pages\\\/\",\"name\":\"01.11.2003 - 1. Eschringer Home-Pages - Eschringen\",\"isPartOf\":{\"@id\":\"https:\\\/\\\/eschringen.de\\\/wordpress\\\/#website\"},\"primaryImageOfPage\":{\"@id\":\"https:\\\/\\\/eschringen.de\\\/wordpress\\\/geschichte\\\/archiv\\\/01-11-03-1-eschringer-home-pages\\\/#primaryimage\"},\"image\":{\"@id\":\"https:\\\/\\\/eschringen.de\\\/wordpress\\\/geschichte\\\/archiv\\\/01-11-03-1-eschringer-home-pages\\\/#primaryimage\"},\"thumbnailUrl\":\"https:\\\/\\\/eschringen.de\\\/wordpress\\\/wp-content\\\/uploads\\\/2024\\\/11\\\/0311.jpg\",\"datePublished\":\"2017-02-23T17:57:40+00:00\",\"dateModified\":\"2024-11-28T19:58:41+00:00\",\"breadcrumb\":{\"@id\":\"https:\\\/\\\/eschringen.de\\\/wordpress\\\/geschichte\\\/archiv\\\/01-11-03-1-eschringer-home-pages\\\/#breadcrumb\"},\"inLanguage\":\"de\",\"potentialAction\":[{\"@type\":\"ReadAction\",\"target\":[\"https:\\\/\\\/eschringen.de\\\/wordpress\\\/geschichte\\\/archiv\\\/01-11-03-1-eschringer-home-pages\\\/\"]}]},{\"@type\":\"ImageObject\",\"inLanguage\":\"de\",\"@id\":\"https:\\\/\\\/eschringen.de\\\/wordpress\\\/geschichte\\\/archiv\\\/01-11-03-1-eschringer-home-pages\\\/#primaryimage\",\"url\":\"https:\\\/\\\/i0.wp.com\\\/eschringen.de\\\/wordpress\\\/wp-content\\\/uploads\\\/2024\\\/11\\\/0311.jpg?fit=400%2C557&ssl=1\",\"contentUrl\":\"https:\\\/\\\/i0.wp.com\\\/eschringen.de\\\/wordpress\\\/wp-content\\\/uploads\\\/2024\\\/11\\\/0311.jpg?fit=400%2C557&ssl=1\",\"width\":400,\"height\":557},{\"@type\":\"BreadcrumbList\",\"@id\":\"https:\\\/\\\/eschringen.de\\\/wordpress\\\/geschichte\\\/archiv\\\/01-11-03-1-eschringer-home-pages\\\/#breadcrumb\",\"itemListElement\":[{\"@type\":\"ListItem\",\"position\":1,\"name\":\"Startseite\",\"item\":\"https:\\\/\\\/eschringen.de\\\/wordpress\\\/\"},{\"@type\":\"ListItem\",\"position\":2,\"name\":\"Geschichte\",\"item\":\"https:\\\/\\\/eschringen.de\\\/wordpress\\\/geschichte\\\/\"},{\"@type\":\"ListItem\",\"position\":3,\"name\":\"Archiv\",\"item\":\"https:\\\/\\\/eschringen.de\\\/wordpress\\\/geschichte\\\/archiv\\\/\"},{\"@type\":\"ListItem\",\"position\":4,\"name\":\"01.11.2003 &#8211; 1. Eschringer Home-Pages\"}]},{\"@type\":\"WebSite\",\"@id\":\"https:\\\/\\\/eschringen.de\\\/wordpress\\\/#website\",\"url\":\"https:\\\/\\\/eschringen.de\\\/wordpress\\\/\",\"name\":\"Eschringen\",\"description\":\"\",\"publisher\":{\"@id\":\"https:\\\/\\\/eschringen.de\\\/wordpress\\\/#organization\"},\"potentialAction\":[{\"@type\":\"SearchAction\",\"target\":{\"@type\":\"EntryPoint\",\"urlTemplate\":\"https:\\\/\\\/eschringen.de\\\/wordpress\\\/?s={search_term_string}\"},\"query-input\":{\"@type\":\"PropertyValueSpecification\",\"valueRequired\":true,\"valueName\":\"search_term_string\"}}],\"inLanguage\":\"de\"},{\"@type\":\"Organization\",\"@id\":\"https:\\\/\\\/eschringen.de\\\/wordpress\\\/#organization\",\"name\":\"Eschringen\",\"url\":\"https:\\\/\\\/eschringen.de\\\/wordpress\\\/\",\"logo\":{\"@type\":\"ImageObject\",\"inLanguage\":\"de\",\"@id\":\"https:\\\/\\\/eschringen.de\\\/wordpress\\\/#\\\/schema\\\/logo\\\/image\\\/\",\"url\":\"https:\\\/\\\/eschringen.de\\\/wordpress\\\/wp-content\\\/uploads\\\/2017\\\/03\\\/2017_kw15.jpg\",\"contentUrl\":\"https:\\\/\\\/eschringen.de\\\/wordpress\\\/wp-content\\\/uploads\\\/2017\\\/03\\\/2017_kw15.jpg\",\"width\":784,\"height\":447,\"caption\":\"Eschringen\"},\"image\":{\"@id\":\"https:\\\/\\\/eschringen.de\\\/wordpress\\\/#\\\/schema\\\/logo\\\/image\\\/\"}}]}<\/script>\n<!-- \/ Yoast SEO plugin. -->","yoast_head_json":{"title":"01.11.2003 - 1. Eschringer Home-Pages - Eschringen","robots":{"index":"index","follow":"follow","max-snippet":"max-snippet:-1","max-image-preview":"max-image-preview:large","max-video-preview":"max-video-preview:-1"},"canonical":"https:\/\/eschringen.de\/wordpress\/geschichte\/archiv\/01-11-03-1-eschringer-home-pages\/","og_locale":"de_DE","og_type":"article","og_title":"01.11.2003 - 1. Eschringer Home-Pages - Eschringen","og_description":"So sah er aus, der Er\u00f6ffnungsartikel der 1. Eschringer Home-Pages im November 2003: Noch mehr Papier im Briefkasten? Aber was f\u00fcr welches! Was soll denn das nun sein? &#8222;Die Eschringer Homepages&#8222;? Wieder so was Neumodisch-Englisches? Seit fast f\u00fcnf Jahren gibt\u2019s bekanntlich eine Eschringer Seite im Internet (im Fachjargon eben &#8222;website&#8220; oder &#8222;homepage&#8220; genannt) unter www.eschringen.de, ... Weiterlesen ...","og_url":"https:\/\/eschringen.de\/wordpress\/geschichte\/archiv\/01-11-03-1-eschringer-home-pages\/","og_site_name":"Eschringen","article_modified_time":"2024-11-28T19:58:41+00:00","og_image":[{"width":400,"height":557,"url":"https:\/\/i0.wp.com\/eschringen.de\/wordpress\/wp-content\/uploads\/2024\/11\/0311.jpg?fit=400%2C557&ssl=1","type":"image\/jpeg"}],"twitter_card":"summary_large_image","twitter_misc":{"Gesch\u00e4tzte Lesezeit":"2\u00a0Minuten"},"schema":{"@context":"https:\/\/schema.org","@graph":[{"@type":"WebPage","@id":"https:\/\/eschringen.de\/wordpress\/geschichte\/archiv\/01-11-03-1-eschringer-home-pages\/","url":"https:\/\/eschringen.de\/wordpress\/geschichte\/archiv\/01-11-03-1-eschringer-home-pages\/","name":"01.11.2003 - 1. Eschringer Home-Pages - Eschringen","isPartOf":{"@id":"https:\/\/eschringen.de\/wordpress\/#website"},"primaryImageOfPage":{"@id":"https:\/\/eschringen.de\/wordpress\/geschichte\/archiv\/01-11-03-1-eschringer-home-pages\/#primaryimage"},"image":{"@id":"https:\/\/eschringen.de\/wordpress\/geschichte\/archiv\/01-11-03-1-eschringer-home-pages\/#primaryimage"},"thumbnailUrl":"https:\/\/eschringen.de\/wordpress\/wp-content\/uploads\/2024\/11\/0311.jpg","datePublished":"2017-02-23T17:57:40+00:00","dateModified":"2024-11-28T19:58:41+00:00","breadcrumb":{"@id":"https:\/\/eschringen.de\/wordpress\/geschichte\/archiv\/01-11-03-1-eschringer-home-pages\/#breadcrumb"},"inLanguage":"de","potentialAction":[{"@type":"ReadAction","target":["https:\/\/eschringen.de\/wordpress\/geschichte\/archiv\/01-11-03-1-eschringer-home-pages\/"]}]},{"@type":"ImageObject","inLanguage":"de","@id":"https:\/\/eschringen.de\/wordpress\/geschichte\/archiv\/01-11-03-1-eschringer-home-pages\/#primaryimage","url":"https:\/\/i0.wp.com\/eschringen.de\/wordpress\/wp-content\/uploads\/2024\/11\/0311.jpg?fit=400%2C557&ssl=1","contentUrl":"https:\/\/i0.wp.com\/eschringen.de\/wordpress\/wp-content\/uploads\/2024\/11\/0311.jpg?fit=400%2C557&ssl=1","width":400,"height":557},{"@type":"BreadcrumbList","@id":"https:\/\/eschringen.de\/wordpress\/geschichte\/archiv\/01-11-03-1-eschringer-home-pages\/#breadcrumb","itemListElement":[{"@type":"ListItem","position":1,"name":"Startseite","item":"https:\/\/eschringen.de\/wordpress\/"},{"@type":"ListItem","position":2,"name":"Geschichte","item":"https:\/\/eschringen.de\/wordpress\/geschichte\/"},{"@type":"ListItem","position":3,"name":"Archiv","item":"https:\/\/eschringen.de\/wordpress\/geschichte\/archiv\/"},{"@type":"ListItem","position":4,"name":"01.11.2003 &#8211; 1. Eschringer Home-Pages"}]},{"@type":"WebSite","@id":"https:\/\/eschringen.de\/wordpress\/#website","url":"https:\/\/eschringen.de\/wordpress\/","name":"Eschringen","description":"","publisher":{"@id":"https:\/\/eschringen.de\/wordpress\/#organization"},"potentialAction":[{"@type":"SearchAction","target":{"@type":"EntryPoint","urlTemplate":"https:\/\/eschringen.de\/wordpress\/?s={search_term_string}"},"query-input":{"@type":"PropertyValueSpecification","valueRequired":true,"valueName":"search_term_string"}}],"inLanguage":"de"},{"@type":"Organization","@id":"https:\/\/eschringen.de\/wordpress\/#organization","name":"Eschringen","url":"https:\/\/eschringen.de\/wordpress\/","logo":{"@type":"ImageObject","inLanguage":"de","@id":"https:\/\/eschringen.de\/wordpress\/#\/schema\/logo\/image\/","url":"https:\/\/eschringen.de\/wordpress\/wp-content\/uploads\/2017\/03\/2017_kw15.jpg","contentUrl":"https:\/\/eschringen.de\/wordpress\/wp-content\/uploads\/2017\/03\/2017_kw15.jpg","width":784,"height":447,"caption":"Eschringen"},"image":{"@id":"https:\/\/eschringen.de\/wordpress\/#\/schema\/logo\/image\/"}}]}},"jetpack_sharing_enabled":true,"_links":{"self":[{"href":"https:\/\/eschringen.de\/wordpress\/wp-json\/wp\/v2\/pages\/959","targetHints":{"allow":["GET"]}}],"collection":[{"href":"https:\/\/eschringen.de\/wordpress\/wp-json\/wp\/v2\/pages"}],"about":[{"href":"https:\/\/eschringen.de\/wordpress\/wp-json\/wp\/v2\/types\/page"}],"author":[{"embeddable":true,"href":"https:\/\/eschringen.de\/wordpress\/wp-json\/wp\/v2\/users\/1"}],"replies":[{"embeddable":true,"href":"https:\/\/eschringen.de\/wordpress\/wp-json\/wp\/v2\/comments?post=959"}],"version-history":[{"count":2,"href":"https:\/\/eschringen.de\/wordpress\/wp-json\/wp\/v2\/pages\/959\/revisions"}],"predecessor-version":[{"id":4968,"href":"https:\/\/eschringen.de\/wordpress\/wp-json\/wp\/v2\/pages\/959\/revisions\/4968"}],"up":[{"embeddable":true,"href":"https:\/\/eschringen.de\/wordpress\/wp-json\/wp\/v2\/pages\/403"}],"wp:attachment":[{"href":"https:\/\/eschringen.de\/wordpress\/wp-json\/wp\/v2\/media?parent=959"}],"curies":[{"name":"wp","href":"https:\/\/api.w.org\/{rel}","templated":true}]}}