{"id":941,"date":"2017-02-23T14:12:13","date_gmt":"2017-02-23T13:12:13","guid":{"rendered":"http:\/\/eschringen.de\/wordpress\/?page_id=941"},"modified":"2024-11-28T13:58:54","modified_gmt":"2024-11-28T12:58:54","slug":"26-04-04-michael-w-king-alan-cook-gastierten-in-der-post","status":"publish","type":"page","link":"https:\/\/eschringen.de\/wordpress\/geschichte\/archiv\/26-04-04-michael-w-king-alan-cook-gastierten-in-der-post\/","title":{"rendered":"26.04.04 &#8211; Michael W. King &#038; Alan Cook gastierten in der &#8222;Post&#8220;"},"content":{"rendered":"<h5><span style=\"font-size: small;\"> &#8222;Eschringen &#8211; the Nashville of Germany!&#8220;<\/span><\/h5>\n<p><img data-recalc-dims=\"1\" loading=\"lazy\" decoding=\"async\" class=\"alignright\" src=\"https:\/\/i0.wp.com\/eschringen.de\/wordpress\/wp-content\/uploads\/2024\/11\/mwk3.jpg?resize=300%2C206&#038;ssl=1\" width=\"300\" height=\"206\" align=\"right\" border=\"0\" hspace=\"15\" vspace=\"4\">Ein paar Leute mehr h\u00e4tten Michael Weston King (MWK) und sein Kompagnon Alan Cook schon verdient gehabt. Nichtsdestotrotz: Der gem\u00fctliche Saal der &#8222;Post&#8220; war gut gef\u00fcllt, und wer den Weg dorthin gefunden hatte, wurde nicht entt\u00e4uscht. Der englische Singer\/Songwriter und Gitarrist und sein Kollege an der (selten geh\u00f6rten und gesehenen) Pedal Steel Guitar, der Dobro und der Mandoline, f\u00fchlten sich sichtlich wohl, auch angesichts des Endes der anstrengenden Deutschlandtour, die sie kreuz und quer durch die Republik gef\u00fchrt hatte. Roland Schmitt als Initiator des Konzertes und AG-Gesch\u00e4ftsf\u00fchrer stellte das Duo vor und lag mit seiner Einsch\u00e4tzung richtig, dass ein unterhaltsamer Abend folgen werde. Denn MWK erwies sich nicht nur als ausdrucksstarker S\u00e4nger seiner meist selbstverfassten Lieder, sondern auch als exzellenter Geschichtenerz\u00e4hler &#8211; wenn er z. B. von seinen nicht gerade aufbauenden Erfahrungen als Anf\u00e4nger in den Pubs von Liverpool berichtete.<\/p>\n<p><span style=\"font-size: small;\"><img data-recalc-dims=\"1\" loading=\"lazy\" decoding=\"async\" class=\"alignleft\" src=\"https:\/\/i0.wp.com\/eschringen.de\/wordpress\/wp-content\/uploads\/2024\/11\/mwk1.jpg?resize=300%2C293&#038;ssl=1\" width=\"300\" height=\"293\" align=\"left\" border=\"0\" hspace=\"15\"><\/span>Sein Englisch war den Fremdsprache-Vertrauten gut verst\u00e4ndlich, wenngleich so manche Redewendung wie z. B. in dem Songtitel &#8222;Always The Bridesmaid (Never The Bride)&#8220; (zu dt. etwa &#8222;Stets die Brautjungfer (nie die Braut))&#8220; nicht gleich einleuchteten. MWK pr\u00e4sentierte eine gelungene Auswahl seiner zwei Studio-Soloalben und der vier CDs, die er mit seiner legend\u00e4ren Band THE GOOD SONS zwischen 1995 und 2001 aufgenommen hatte. Auch wenn sein Repertoire noch nicht (so) bekannt ist, blieben doch einige Songs und Balladen wegen ihrer eing\u00e4ngigen Melodien und spannenden Inhalte bei den aufmerksamen H\u00f6rern h\u00e4ngen. Z. B. die Hymne &#8222;Tim Hardin &#8217;65&#8220; an eines seiner musikalischen Idole, das skurrile &#8222;Lay Me Down&#8220;, das die Beerdigung des Singer\/Songwriters Townes VanZandt verarbeitet, oder das seiner (Wahl) Heimatstadt Birmingham gewidmete &#8222;Celestial City&#8220;. Dazu kamen noch einige feine Coverversionen, u. a. &#8222;Blue Red &amp; Grey&#8220; von WHO-Boss Pete Townshend oder das sanftm\u00fctige &#8222;Annie&#8220; (eine Komposition von Ronnie Lane &amp; Eric Clapton). Einen nicht zu untersch\u00e4tzenden Verdienst an den abwechslungsreichen und stimmigen Arrangements hatte Alan Cook, der dezent im Hintergrund blieb, aber effektiv die an sich eher spr\u00f6den Songs veredelte. Der Sound kam gut r\u00fcber, wof\u00fcr Stefan Vogelgesang am Mischpult sorgte. Der Abend endete nat\u00fcrlich nicht ohne Zugaben, und daf\u00fcr verzichteten die beiden gar auf jegliche Verst\u00e4rkung. Und so machte sich eine gute Stimmung breit, und eingedenk so mancher Gespr\u00e4che am Nachmittag zog MWK letztlich einen verwegenen Vergleich: &#8222;Ihm erscheine Eschringen als das Nashville von Deutschland!&#8220;<br \/>\n<img data-recalc-dims=\"1\" loading=\"lazy\" decoding=\"async\" src=\"https:\/\/i0.wp.com\/eschringen.de\/wordpress\/wp-content\/uploads\/2024\/11\/mwk4.jpg?resize=197%2C300&#038;ssl=1\" width=\"197\" height=\"300\" align=\"left\" border=\"0\" hspace=\"15\" vspace=\"3\">P.S. Aus England kamen schlie\u00dflich wenige Tage sp\u00e4ter e-mails von Michael &amp; Alan, und diese belegen eindeutig, dass es beiden hier gefallen hat:<\/p>\n<p>Michael: &#8222;Wir hatten eine tolle Zeit in Eschringen und wirklich viel Spa\u00df dort bei unserer Show&#8220;.<\/p>\n<p><img data-recalc-dims=\"1\" loading=\"lazy\" decoding=\"async\" src=\"https:\/\/i0.wp.com\/eschringen.de\/wordpress\/wp-content\/uploads\/2024\/11\/mwk2.jpg?resize=300%2C198&#038;ssl=1\" width=\"300\" height=\"198\" align=\"right\" border=\"0\" hspace=\"20\" vspace=\"3\">Alan: &#8222;Hatten eine gro\u00dfartige Zeit bei euch&#8230;bestes Konzert der Tour!&#8220;<\/p>\n<p>P.P.S. Wer sich noch keine CD(s) von MWK zulegen konnte, kann dies bei Vogelgesang Audio Video in Ensheim nachholen.<\/p>\n<p><a href=\"http:\/\/www.michaelwestonking.com\" target=\"_blank\" rel=\"noopener\">www.michaelwestonking.com<\/a><\/p>\n","protected":false},"excerpt":{"rendered":"<p>&#8222;Eschringen &#8211; the Nashville of Germany!&#8220; Ein paar Leute mehr h\u00e4tten Michael Weston King (MWK) und sein Kompagnon Alan Cook schon verdient gehabt. Nichtsdestotrotz: Der gem\u00fctliche Saal der &#8222;Post&#8220; war gut gef\u00fcllt, und wer den Weg dorthin gefunden hatte, wurde nicht entt\u00e4uscht. Der englische Singer\/Songwriter und Gitarrist und sein Kollege an der (selten geh\u00f6rten und &#8230; <a title=\"26.04.04 &#8211; Michael W. King &#038; Alan Cook gastierten in der &#8222;Post&#8220;\" class=\"read-more\" href=\"https:\/\/eschringen.de\/wordpress\/geschichte\/archiv\/26-04-04-michael-w-king-alan-cook-gastierten-in-der-post\/\" aria-label=\"Mehr Informationen \u00fcber 26.04.04 &#8211; Michael W. King &#038; Alan Cook gastierten in der &#8222;Post&#8220;\">Weiterlesen &#8230;<\/a><\/p>\n","protected":false},"author":1,"featured_media":0,"parent":403,"menu_order":50,"comment_status":"closed","ping_status":"closed","template":"","meta":{"ngg_post_thumbnail":0,"footnotes":""},"class_list":["post-941","page","type-page","status-publish"],"yoast_head":"<!-- This site is optimized with the Yoast SEO plugin v27.4 - https:\/\/yoast.com\/product\/yoast-seo-wordpress\/ -->\n<title>26.04.04 - Michael W. King &amp; Alan Cook gastierten in der &quot;Post&quot; - Eschringen<\/title>\n<meta name=\"robots\" content=\"index, follow, max-snippet:-1, max-image-preview:large, max-video-preview:-1\" \/>\n<link rel=\"canonical\" href=\"https:\/\/eschringen.de\/wordpress\/geschichte\/archiv\/26-04-04-michael-w-king-alan-cook-gastierten-in-der-post\/\" \/>\n<meta property=\"og:locale\" content=\"de_DE\" \/>\n<meta property=\"og:type\" content=\"article\" \/>\n<meta property=\"og:title\" content=\"26.04.04 - Michael W. King &amp; Alan Cook gastierten in der &quot;Post&quot; - Eschringen\" \/>\n<meta property=\"og:description\" content=\"&#8222;Eschringen &#8211; the Nashville of Germany!&#8220; Ein paar Leute mehr h\u00e4tten Michael Weston King (MWK) und sein Kompagnon Alan Cook schon verdient gehabt. Nichtsdestotrotz: Der gem\u00fctliche Saal der &#8222;Post&#8220; war gut gef\u00fcllt, und wer den Weg dorthin gefunden hatte, wurde nicht entt\u00e4uscht. Der englische Singer\/Songwriter und Gitarrist und sein Kollege an der (selten geh\u00f6rten und ... Weiterlesen ...\" \/>\n<meta property=\"og:url\" content=\"https:\/\/eschringen.de\/wordpress\/geschichte\/archiv\/26-04-04-michael-w-king-alan-cook-gastierten-in-der-post\/\" \/>\n<meta property=\"og:site_name\" content=\"Eschringen\" \/>\n<meta property=\"article:modified_time\" content=\"2024-11-28T12:58:54+00:00\" \/>\n<meta property=\"og:image\" content=\"https:\/\/eschringen.de\/wordpress\/wp-content\/uploads\/2024\/11\/mwk3.jpg\" \/>\n<meta name=\"twitter:card\" content=\"summary_large_image\" \/>\n<meta name=\"twitter:label1\" content=\"Gesch\u00e4tzte Lesezeit\" \/>\n\t<meta name=\"twitter:data1\" content=\"4\u00a0Minuten\" \/>\n<script type=\"application\/ld+json\" class=\"yoast-schema-graph\">{\"@context\":\"https:\\\/\\\/schema.org\",\"@graph\":[{\"@type\":\"WebPage\",\"@id\":\"https:\\\/\\\/eschringen.de\\\/wordpress\\\/geschichte\\\/archiv\\\/26-04-04-michael-w-king-alan-cook-gastierten-in-der-post\\\/\",\"url\":\"https:\\\/\\\/eschringen.de\\\/wordpress\\\/geschichte\\\/archiv\\\/26-04-04-michael-w-king-alan-cook-gastierten-in-der-post\\\/\",\"name\":\"26.04.04 - Michael W. King & Alan Cook gastierten in der \\\"Post\\\" - Eschringen\",\"isPartOf\":{\"@id\":\"https:\\\/\\\/eschringen.de\\\/wordpress\\\/#website\"},\"primaryImageOfPage\":{\"@id\":\"https:\\\/\\\/eschringen.de\\\/wordpress\\\/geschichte\\\/archiv\\\/26-04-04-michael-w-king-alan-cook-gastierten-in-der-post\\\/#primaryimage\"},\"image\":{\"@id\":\"https:\\\/\\\/eschringen.de\\\/wordpress\\\/geschichte\\\/archiv\\\/26-04-04-michael-w-king-alan-cook-gastierten-in-der-post\\\/#primaryimage\"},\"thumbnailUrl\":\"https:\\\/\\\/eschringen.de\\\/wordpress\\\/wp-content\\\/uploads\\\/2024\\\/11\\\/mwk3.jpg\",\"datePublished\":\"2017-02-23T13:12:13+00:00\",\"dateModified\":\"2024-11-28T12:58:54+00:00\",\"breadcrumb\":{\"@id\":\"https:\\\/\\\/eschringen.de\\\/wordpress\\\/geschichte\\\/archiv\\\/26-04-04-michael-w-king-alan-cook-gastierten-in-der-post\\\/#breadcrumb\"},\"inLanguage\":\"de\",\"potentialAction\":[{\"@type\":\"ReadAction\",\"target\":[\"https:\\\/\\\/eschringen.de\\\/wordpress\\\/geschichte\\\/archiv\\\/26-04-04-michael-w-king-alan-cook-gastierten-in-der-post\\\/\"]}]},{\"@type\":\"ImageObject\",\"inLanguage\":\"de\",\"@id\":\"https:\\\/\\\/eschringen.de\\\/wordpress\\\/geschichte\\\/archiv\\\/26-04-04-michael-w-king-alan-cook-gastierten-in-der-post\\\/#primaryimage\",\"url\":\"https:\\\/\\\/i0.wp.com\\\/eschringen.de\\\/wordpress\\\/wp-content\\\/uploads\\\/2024\\\/11\\\/mwk3.jpg?fit=300%2C206&ssl=1\",\"contentUrl\":\"https:\\\/\\\/i0.wp.com\\\/eschringen.de\\\/wordpress\\\/wp-content\\\/uploads\\\/2024\\\/11\\\/mwk3.jpg?fit=300%2C206&ssl=1\",\"width\":300,\"height\":206},{\"@type\":\"BreadcrumbList\",\"@id\":\"https:\\\/\\\/eschringen.de\\\/wordpress\\\/geschichte\\\/archiv\\\/26-04-04-michael-w-king-alan-cook-gastierten-in-der-post\\\/#breadcrumb\",\"itemListElement\":[{\"@type\":\"ListItem\",\"position\":1,\"name\":\"Startseite\",\"item\":\"https:\\\/\\\/eschringen.de\\\/wordpress\\\/\"},{\"@type\":\"ListItem\",\"position\":2,\"name\":\"Geschichte\",\"item\":\"https:\\\/\\\/eschringen.de\\\/wordpress\\\/geschichte\\\/\"},{\"@type\":\"ListItem\",\"position\":3,\"name\":\"Archiv\",\"item\":\"https:\\\/\\\/eschringen.de\\\/wordpress\\\/geschichte\\\/archiv\\\/\"},{\"@type\":\"ListItem\",\"position\":4,\"name\":\"26.04.04 &#8211; Michael W. King &#038; Alan Cook gastierten in der &#8222;Post&#8220;\"}]},{\"@type\":\"WebSite\",\"@id\":\"https:\\\/\\\/eschringen.de\\\/wordpress\\\/#website\",\"url\":\"https:\\\/\\\/eschringen.de\\\/wordpress\\\/\",\"name\":\"Eschringen\",\"description\":\"\",\"publisher\":{\"@id\":\"https:\\\/\\\/eschringen.de\\\/wordpress\\\/#organization\"},\"potentialAction\":[{\"@type\":\"SearchAction\",\"target\":{\"@type\":\"EntryPoint\",\"urlTemplate\":\"https:\\\/\\\/eschringen.de\\\/wordpress\\\/?s={search_term_string}\"},\"query-input\":{\"@type\":\"PropertyValueSpecification\",\"valueRequired\":true,\"valueName\":\"search_term_string\"}}],\"inLanguage\":\"de\"},{\"@type\":\"Organization\",\"@id\":\"https:\\\/\\\/eschringen.de\\\/wordpress\\\/#organization\",\"name\":\"Eschringen\",\"url\":\"https:\\\/\\\/eschringen.de\\\/wordpress\\\/\",\"logo\":{\"@type\":\"ImageObject\",\"inLanguage\":\"de\",\"@id\":\"https:\\\/\\\/eschringen.de\\\/wordpress\\\/#\\\/schema\\\/logo\\\/image\\\/\",\"url\":\"https:\\\/\\\/eschringen.de\\\/wordpress\\\/wp-content\\\/uploads\\\/2017\\\/03\\\/2017_kw15.jpg\",\"contentUrl\":\"https:\\\/\\\/eschringen.de\\\/wordpress\\\/wp-content\\\/uploads\\\/2017\\\/03\\\/2017_kw15.jpg\",\"width\":784,\"height\":447,\"caption\":\"Eschringen\"},\"image\":{\"@id\":\"https:\\\/\\\/eschringen.de\\\/wordpress\\\/#\\\/schema\\\/logo\\\/image\\\/\"}}]}<\/script>\n<!-- \/ Yoast SEO plugin. -->","yoast_head_json":{"title":"26.04.04 - Michael W. King & Alan Cook gastierten in der \"Post\" - Eschringen","robots":{"index":"index","follow":"follow","max-snippet":"max-snippet:-1","max-image-preview":"max-image-preview:large","max-video-preview":"max-video-preview:-1"},"canonical":"https:\/\/eschringen.de\/wordpress\/geschichte\/archiv\/26-04-04-michael-w-king-alan-cook-gastierten-in-der-post\/","og_locale":"de_DE","og_type":"article","og_title":"26.04.04 - Michael W. King & Alan Cook gastierten in der \"Post\" - Eschringen","og_description":"&#8222;Eschringen &#8211; the Nashville of Germany!&#8220; Ein paar Leute mehr h\u00e4tten Michael Weston King (MWK) und sein Kompagnon Alan Cook schon verdient gehabt. Nichtsdestotrotz: Der gem\u00fctliche Saal der &#8222;Post&#8220; war gut gef\u00fcllt, und wer den Weg dorthin gefunden hatte, wurde nicht entt\u00e4uscht. Der englische Singer\/Songwriter und Gitarrist und sein Kollege an der (selten geh\u00f6rten und ... Weiterlesen ...","og_url":"https:\/\/eschringen.de\/wordpress\/geschichte\/archiv\/26-04-04-michael-w-king-alan-cook-gastierten-in-der-post\/","og_site_name":"Eschringen","article_modified_time":"2024-11-28T12:58:54+00:00","og_image":[{"url":"https:\/\/eschringen.de\/wordpress\/wp-content\/uploads\/2024\/11\/mwk3.jpg","type":"","width":"","height":""}],"twitter_card":"summary_large_image","twitter_misc":{"Gesch\u00e4tzte Lesezeit":"4\u00a0Minuten"},"schema":{"@context":"https:\/\/schema.org","@graph":[{"@type":"WebPage","@id":"https:\/\/eschringen.de\/wordpress\/geschichte\/archiv\/26-04-04-michael-w-king-alan-cook-gastierten-in-der-post\/","url":"https:\/\/eschringen.de\/wordpress\/geschichte\/archiv\/26-04-04-michael-w-king-alan-cook-gastierten-in-der-post\/","name":"26.04.04 - Michael W. King & Alan Cook gastierten in der \"Post\" - Eschringen","isPartOf":{"@id":"https:\/\/eschringen.de\/wordpress\/#website"},"primaryImageOfPage":{"@id":"https:\/\/eschringen.de\/wordpress\/geschichte\/archiv\/26-04-04-michael-w-king-alan-cook-gastierten-in-der-post\/#primaryimage"},"image":{"@id":"https:\/\/eschringen.de\/wordpress\/geschichte\/archiv\/26-04-04-michael-w-king-alan-cook-gastierten-in-der-post\/#primaryimage"},"thumbnailUrl":"https:\/\/eschringen.de\/wordpress\/wp-content\/uploads\/2024\/11\/mwk3.jpg","datePublished":"2017-02-23T13:12:13+00:00","dateModified":"2024-11-28T12:58:54+00:00","breadcrumb":{"@id":"https:\/\/eschringen.de\/wordpress\/geschichte\/archiv\/26-04-04-michael-w-king-alan-cook-gastierten-in-der-post\/#breadcrumb"},"inLanguage":"de","potentialAction":[{"@type":"ReadAction","target":["https:\/\/eschringen.de\/wordpress\/geschichte\/archiv\/26-04-04-michael-w-king-alan-cook-gastierten-in-der-post\/"]}]},{"@type":"ImageObject","inLanguage":"de","@id":"https:\/\/eschringen.de\/wordpress\/geschichte\/archiv\/26-04-04-michael-w-king-alan-cook-gastierten-in-der-post\/#primaryimage","url":"https:\/\/i0.wp.com\/eschringen.de\/wordpress\/wp-content\/uploads\/2024\/11\/mwk3.jpg?fit=300%2C206&ssl=1","contentUrl":"https:\/\/i0.wp.com\/eschringen.de\/wordpress\/wp-content\/uploads\/2024\/11\/mwk3.jpg?fit=300%2C206&ssl=1","width":300,"height":206},{"@type":"BreadcrumbList","@id":"https:\/\/eschringen.de\/wordpress\/geschichte\/archiv\/26-04-04-michael-w-king-alan-cook-gastierten-in-der-post\/#breadcrumb","itemListElement":[{"@type":"ListItem","position":1,"name":"Startseite","item":"https:\/\/eschringen.de\/wordpress\/"},{"@type":"ListItem","position":2,"name":"Geschichte","item":"https:\/\/eschringen.de\/wordpress\/geschichte\/"},{"@type":"ListItem","position":3,"name":"Archiv","item":"https:\/\/eschringen.de\/wordpress\/geschichte\/archiv\/"},{"@type":"ListItem","position":4,"name":"26.04.04 &#8211; Michael W. King &#038; Alan Cook gastierten in der &#8222;Post&#8220;"}]},{"@type":"WebSite","@id":"https:\/\/eschringen.de\/wordpress\/#website","url":"https:\/\/eschringen.de\/wordpress\/","name":"Eschringen","description":"","publisher":{"@id":"https:\/\/eschringen.de\/wordpress\/#organization"},"potentialAction":[{"@type":"SearchAction","target":{"@type":"EntryPoint","urlTemplate":"https:\/\/eschringen.de\/wordpress\/?s={search_term_string}"},"query-input":{"@type":"PropertyValueSpecification","valueRequired":true,"valueName":"search_term_string"}}],"inLanguage":"de"},{"@type":"Organization","@id":"https:\/\/eschringen.de\/wordpress\/#organization","name":"Eschringen","url":"https:\/\/eschringen.de\/wordpress\/","logo":{"@type":"ImageObject","inLanguage":"de","@id":"https:\/\/eschringen.de\/wordpress\/#\/schema\/logo\/image\/","url":"https:\/\/eschringen.de\/wordpress\/wp-content\/uploads\/2017\/03\/2017_kw15.jpg","contentUrl":"https:\/\/eschringen.de\/wordpress\/wp-content\/uploads\/2017\/03\/2017_kw15.jpg","width":784,"height":447,"caption":"Eschringen"},"image":{"@id":"https:\/\/eschringen.de\/wordpress\/#\/schema\/logo\/image\/"}}]}},"jetpack_sharing_enabled":true,"_links":{"self":[{"href":"https:\/\/eschringen.de\/wordpress\/wp-json\/wp\/v2\/pages\/941","targetHints":{"allow":["GET"]}}],"collection":[{"href":"https:\/\/eschringen.de\/wordpress\/wp-json\/wp\/v2\/pages"}],"about":[{"href":"https:\/\/eschringen.de\/wordpress\/wp-json\/wp\/v2\/types\/page"}],"author":[{"embeddable":true,"href":"https:\/\/eschringen.de\/wordpress\/wp-json\/wp\/v2\/users\/1"}],"replies":[{"embeddable":true,"href":"https:\/\/eschringen.de\/wordpress\/wp-json\/wp\/v2\/comments?post=941"}],"version-history":[{"count":2,"href":"https:\/\/eschringen.de\/wordpress\/wp-json\/wp\/v2\/pages\/941\/revisions"}],"predecessor-version":[{"id":4966,"href":"https:\/\/eschringen.de\/wordpress\/wp-json\/wp\/v2\/pages\/941\/revisions\/4966"}],"up":[{"embeddable":true,"href":"https:\/\/eschringen.de\/wordpress\/wp-json\/wp\/v2\/pages\/403"}],"wp:attachment":[{"href":"https:\/\/eschringen.de\/wordpress\/wp-json\/wp\/v2\/media?parent=941"}],"curies":[{"name":"wp","href":"https:\/\/api.w.org\/{rel}","templated":true}]}}