{"id":890,"date":"2017-02-20T18:38:33","date_gmt":"2017-02-20T17:38:33","guid":{"rendered":"http:\/\/eschringen.de\/wordpress\/?page_id=890"},"modified":"2024-11-28T13:40:36","modified_gmt":"2024-11-28T12:40:36","slug":"22-01-05-pfarrfamilienabend","status":"publish","type":"page","link":"https:\/\/eschringen.de\/wordpress\/geschichte\/archiv\/22-01-05-pfarrfamilienabend\/","title":{"rendered":"22.01.05 &#8211; Pfarrfamilienabend"},"content":{"rendered":"<table border=\"1\" frame=\"box\" rules=\"all\" cellspacing=\"1\" cellpadding=\"1\" align=\"center\">\n<tbody>\n<tr>\n<td style=\"text-align: center;\" width=\"260\" height=\"198\"><img data-recalc-dims=\"1\" decoding=\"async\" src=\"https:\/\/i0.wp.com\/eschringen.de\/wordpress\/wp-content\/uploads\/2024\/11\/pfarr1.jpg?w=1200&#038;ssl=1\"><br \/>\n<span style=\"font-size: xx-small;\">Aufbau der Lichtanlage bis in die Nacht<\/span><\/td>\n<td style=\"text-align: center;\" width=\"260\" height=\"198\"><img data-recalc-dims=\"1\" decoding=\"async\" src=\"https:\/\/i0.wp.com\/eschringen.de\/wordpress\/wp-content\/uploads\/2024\/11\/pfarr2.jpg?w=1200&#038;ssl=1\"><br \/>\n<span style=\"font-size: xx-small;\">Auch die K\u00fcnstler helfen beim Aufbau<\/span><\/td>\n<\/tr>\n<tr>\n<td style=\"text-align: center;\" width=\"250\" height=\"188\"><img data-recalc-dims=\"1\" decoding=\"async\" src=\"https:\/\/i0.wp.com\/eschringen.de\/wordpress\/wp-content\/uploads\/2024\/11\/pfarr3.jpg?w=1200&#038;ssl=1\"><br \/>\n<span style=\"font-size: xx-small;\">Die B\u00fchnenarbeiterinnen<\/span><\/td>\n<td style=\"text-align: center;\" width=\"250\" height=\"188\"><img data-recalc-dims=\"1\" decoding=\"async\" src=\"https:\/\/i0.wp.com\/eschringen.de\/wordpress\/wp-content\/uploads\/2024\/11\/pfarr4.jpg?w=1200&#038;ssl=1\"><br \/>\n<span style=\"font-size: xx-small;\">Wer soll da noch den \u00dcberblick behalten ?<\/span><\/td>\n<\/tr>\n<tr>\n<td style=\"text-align: center;\" align=\"center\" width=\"250\" height=\"163\"><img data-recalc-dims=\"1\" loading=\"lazy\" decoding=\"async\" src=\"https:\/\/i0.wp.com\/eschringen.de\/wordpress\/wp-content\/uploads\/2024\/11\/pfarr12.jpg?resize=250%2C188&#038;ssl=1\" width=\"250\" height=\"188\" align=\"middle\"><br \/>\n<span style=\"font-size: xx-small;\">Die letzten Vorbereitungen vorm Start<\/span><\/td>\n<td style=\"text-align: center;\"><img data-recalc-dims=\"1\" decoding=\"async\" src=\"https:\/\/i0.wp.com\/eschringen.de\/wordpress\/wp-content\/uploads\/2024\/11\/pfarr6.jpg?w=1200&#038;ssl=1\"><br \/>\n<span style=\"font-size: xx-small;\">Der Kirchenchor mit seiner Gerichtsverhandlung<\/span><\/td>\n<\/tr>\n<tr>\n<td style=\"text-align: center;\" align=\"center\" width=\"250\" height=\"201\"><img data-recalc-dims=\"1\" decoding=\"async\" src=\"https:\/\/i0.wp.com\/eschringen.de\/wordpress\/wp-content\/uploads\/2024\/11\/pfarr7.jpg?w=1200&#038;ssl=1\"><br \/>\n<span style=\"font-size: xx-small;\">Heavy Metal am Pfarrfamilienabend<\/span><\/td>\n<td style=\"text-align: center;\"><img data-recalc-dims=\"1\" decoding=\"async\" src=\"https:\/\/i0.wp.com\/eschringen.de\/wordpress\/wp-content\/uploads\/2024\/11\/pfarr8.jpg?w=1200&#038;ssl=1\"><br \/>\n<span style=\"font-size: xx-small;\">Dazu die Ges\u00e4nge der Messdiener<\/span><\/td>\n<\/tr>\n<tr>\n<td style=\"text-align: center;\" align=\"center\" width=\"250\" height=\"155\"><img data-recalc-dims=\"1\" decoding=\"async\" src=\"https:\/\/i0.wp.com\/eschringen.de\/wordpress\/wp-content\/uploads\/2024\/11\/pfarr9.jpg?w=1200&#038;ssl=1\"><br \/>\n<span style=\"font-size: xx-small;\">Showtanz der Dorfsch\u00f6nheiten<\/span><\/td>\n<td style=\"text-align: center;\"><img data-recalc-dims=\"1\" decoding=\"async\" src=\"https:\/\/i0.wp.com\/eschringen.de\/wordpress\/wp-content\/uploads\/2024\/11\/pfarr10.jpg?w=1200&#038;ssl=1\"><br \/>\n<span style=\"font-size: xx-small;\">Die Jugendgruppen stellen sich vor<\/span><\/td>\n<\/tr>\n<tr>\n<td style=\"text-align: center;\" align=\"center\" width=\"250\" height=\"188\"><img data-recalc-dims=\"1\" decoding=\"async\" src=\"https:\/\/i0.wp.com\/eschringen.de\/wordpress\/wp-content\/uploads\/2024\/11\/pfarr11.jpg?w=1200&#038;ssl=1\"><br \/>\n<span style=\"font-size: xx-small;\">Alles im Griff am Infostand<\/span><\/td>\n<td style=\"text-align: center;\"><img data-recalc-dims=\"1\" loading=\"lazy\" decoding=\"async\" src=\"https:\/\/i0.wp.com\/eschringen.de\/wordpress\/wp-content\/uploads\/2024\/11\/pfarr5.jpg?resize=250%2C188&#038;ssl=1\" width=\"250\" height=\"188\" align=\"middle\"><br \/>\n<span style=\"font-size: xx-small;\">Der Moderator vor seinem &#8222;Rockauftritt&#8220;<\/span><\/td>\n<\/tr>\n<\/tbody>\n<\/table>\n<p>&nbsp;<\/p>\n","protected":false},"excerpt":{"rendered":"<p>Aufbau der Lichtanlage bis in die Nacht Auch die K\u00fcnstler helfen beim Aufbau Die B\u00fchnenarbeiterinnen Wer soll da noch den \u00dcberblick behalten ? Die letzten Vorbereitungen vorm Start Der Kirchenchor mit seiner Gerichtsverhandlung Heavy Metal am Pfarrfamilienabend Dazu die Ges\u00e4nge der Messdiener Showtanz der Dorfsch\u00f6nheiten Die Jugendgruppen stellen sich vor Alles im Griff am Infostand &#8230; <a title=\"22.01.05 &#8211; Pfarrfamilienabend\" class=\"read-more\" href=\"https:\/\/eschringen.de\/wordpress\/geschichte\/archiv\/22-01-05-pfarrfamilienabend\/\" aria-label=\"Mehr Informationen \u00fcber 22.01.05 &#8211; Pfarrfamilienabend\">Weiterlesen &#8230;<\/a><\/p>\n","protected":false},"author":1,"featured_media":0,"parent":403,"menu_order":45,"comment_status":"closed","ping_status":"closed","template":"","meta":{"ngg_post_thumbnail":0,"footnotes":""},"class_list":["post-890","page","type-page","status-publish"],"yoast_head":"<!-- This site is optimized with the Yoast SEO plugin v27.3 - https:\/\/yoast.com\/product\/yoast-seo-wordpress\/ -->\n<title>22.01.05 - Pfarrfamilienabend - Eschringen<\/title>\n<meta name=\"robots\" content=\"index, follow, max-snippet:-1, max-image-preview:large, max-video-preview:-1\" \/>\n<link rel=\"canonical\" href=\"https:\/\/eschringen.de\/wordpress\/geschichte\/archiv\/22-01-05-pfarrfamilienabend\/\" \/>\n<meta property=\"og:locale\" content=\"de_DE\" \/>\n<meta property=\"og:type\" content=\"article\" \/>\n<meta property=\"og:title\" content=\"22.01.05 - Pfarrfamilienabend - Eschringen\" \/>\n<meta property=\"og:description\" content=\"Aufbau der Lichtanlage bis in die Nacht Auch die K\u00fcnstler helfen beim Aufbau Die B\u00fchnenarbeiterinnen Wer soll da noch den \u00dcberblick behalten ? Die letzten Vorbereitungen vorm Start Der Kirchenchor mit seiner Gerichtsverhandlung Heavy Metal am Pfarrfamilienabend Dazu die Ges\u00e4nge der Messdiener Showtanz der Dorfsch\u00f6nheiten Die Jugendgruppen stellen sich vor Alles im Griff am Infostand ... Weiterlesen ...\" \/>\n<meta property=\"og:url\" content=\"https:\/\/eschringen.de\/wordpress\/geschichte\/archiv\/22-01-05-pfarrfamilienabend\/\" \/>\n<meta property=\"og:site_name\" content=\"Eschringen\" \/>\n<meta property=\"article:modified_time\" content=\"2024-11-28T12:40:36+00:00\" \/>\n<meta property=\"og:image\" content=\"https:\/\/eschringen.de\/wordpress\/wp-content\/uploads\/2024\/11\/pfarr1.jpg\" \/>\n<meta name=\"twitter:card\" content=\"summary_large_image\" \/>\n<meta name=\"twitter:label1\" content=\"Gesch\u00e4tzte Lesezeit\" \/>\n\t<meta name=\"twitter:data1\" content=\"3\u00a0Minuten\" \/>\n<script type=\"application\/ld+json\" class=\"yoast-schema-graph\">{\"@context\":\"https:\\\/\\\/schema.org\",\"@graph\":[{\"@type\":\"WebPage\",\"@id\":\"https:\\\/\\\/eschringen.de\\\/wordpress\\\/geschichte\\\/archiv\\\/22-01-05-pfarrfamilienabend\\\/\",\"url\":\"https:\\\/\\\/eschringen.de\\\/wordpress\\\/geschichte\\\/archiv\\\/22-01-05-pfarrfamilienabend\\\/\",\"name\":\"22.01.05 - Pfarrfamilienabend - Eschringen\",\"isPartOf\":{\"@id\":\"https:\\\/\\\/eschringen.de\\\/wordpress\\\/#website\"},\"primaryImageOfPage\":{\"@id\":\"https:\\\/\\\/eschringen.de\\\/wordpress\\\/geschichte\\\/archiv\\\/22-01-05-pfarrfamilienabend\\\/#primaryimage\"},\"image\":{\"@id\":\"https:\\\/\\\/eschringen.de\\\/wordpress\\\/geschichte\\\/archiv\\\/22-01-05-pfarrfamilienabend\\\/#primaryimage\"},\"thumbnailUrl\":\"https:\\\/\\\/eschringen.de\\\/wordpress\\\/wp-content\\\/uploads\\\/2024\\\/11\\\/pfarr1.jpg\",\"datePublished\":\"2017-02-20T17:38:33+00:00\",\"dateModified\":\"2024-11-28T12:40:36+00:00\",\"breadcrumb\":{\"@id\":\"https:\\\/\\\/eschringen.de\\\/wordpress\\\/geschichte\\\/archiv\\\/22-01-05-pfarrfamilienabend\\\/#breadcrumb\"},\"inLanguage\":\"de\",\"potentialAction\":[{\"@type\":\"ReadAction\",\"target\":[\"https:\\\/\\\/eschringen.de\\\/wordpress\\\/geschichte\\\/archiv\\\/22-01-05-pfarrfamilienabend\\\/\"]}]},{\"@type\":\"ImageObject\",\"inLanguage\":\"de\",\"@id\":\"https:\\\/\\\/eschringen.de\\\/wordpress\\\/geschichte\\\/archiv\\\/22-01-05-pfarrfamilienabend\\\/#primaryimage\",\"url\":\"https:\\\/\\\/i0.wp.com\\\/eschringen.de\\\/wordpress\\\/wp-content\\\/uploads\\\/2024\\\/11\\\/pfarr1.jpg?fit=250%2C197&ssl=1\",\"contentUrl\":\"https:\\\/\\\/i0.wp.com\\\/eschringen.de\\\/wordpress\\\/wp-content\\\/uploads\\\/2024\\\/11\\\/pfarr1.jpg?fit=250%2C197&ssl=1\",\"width\":250,\"height\":197},{\"@type\":\"BreadcrumbList\",\"@id\":\"https:\\\/\\\/eschringen.de\\\/wordpress\\\/geschichte\\\/archiv\\\/22-01-05-pfarrfamilienabend\\\/#breadcrumb\",\"itemListElement\":[{\"@type\":\"ListItem\",\"position\":1,\"name\":\"Startseite\",\"item\":\"https:\\\/\\\/eschringen.de\\\/wordpress\\\/\"},{\"@type\":\"ListItem\",\"position\":2,\"name\":\"Geschichte\",\"item\":\"https:\\\/\\\/eschringen.de\\\/wordpress\\\/geschichte\\\/\"},{\"@type\":\"ListItem\",\"position\":3,\"name\":\"Archiv\",\"item\":\"https:\\\/\\\/eschringen.de\\\/wordpress\\\/geschichte\\\/archiv\\\/\"},{\"@type\":\"ListItem\",\"position\":4,\"name\":\"22.01.05 &#8211; Pfarrfamilienabend\"}]},{\"@type\":\"WebSite\",\"@id\":\"https:\\\/\\\/eschringen.de\\\/wordpress\\\/#website\",\"url\":\"https:\\\/\\\/eschringen.de\\\/wordpress\\\/\",\"name\":\"Eschringen\",\"description\":\"\",\"publisher\":{\"@id\":\"https:\\\/\\\/eschringen.de\\\/wordpress\\\/#organization\"},\"potentialAction\":[{\"@type\":\"SearchAction\",\"target\":{\"@type\":\"EntryPoint\",\"urlTemplate\":\"https:\\\/\\\/eschringen.de\\\/wordpress\\\/?s={search_term_string}\"},\"query-input\":{\"@type\":\"PropertyValueSpecification\",\"valueRequired\":true,\"valueName\":\"search_term_string\"}}],\"inLanguage\":\"de\"},{\"@type\":\"Organization\",\"@id\":\"https:\\\/\\\/eschringen.de\\\/wordpress\\\/#organization\",\"name\":\"Eschringen\",\"url\":\"https:\\\/\\\/eschringen.de\\\/wordpress\\\/\",\"logo\":{\"@type\":\"ImageObject\",\"inLanguage\":\"de\",\"@id\":\"https:\\\/\\\/eschringen.de\\\/wordpress\\\/#\\\/schema\\\/logo\\\/image\\\/\",\"url\":\"https:\\\/\\\/eschringen.de\\\/wordpress\\\/wp-content\\\/uploads\\\/2017\\\/03\\\/2017_kw15.jpg\",\"contentUrl\":\"https:\\\/\\\/eschringen.de\\\/wordpress\\\/wp-content\\\/uploads\\\/2017\\\/03\\\/2017_kw15.jpg\",\"width\":784,\"height\":447,\"caption\":\"Eschringen\"},\"image\":{\"@id\":\"https:\\\/\\\/eschringen.de\\\/wordpress\\\/#\\\/schema\\\/logo\\\/image\\\/\"}}]}<\/script>\n<!-- \/ Yoast SEO plugin. -->","yoast_head_json":{"title":"22.01.05 - Pfarrfamilienabend - Eschringen","robots":{"index":"index","follow":"follow","max-snippet":"max-snippet:-1","max-image-preview":"max-image-preview:large","max-video-preview":"max-video-preview:-1"},"canonical":"https:\/\/eschringen.de\/wordpress\/geschichte\/archiv\/22-01-05-pfarrfamilienabend\/","og_locale":"de_DE","og_type":"article","og_title":"22.01.05 - Pfarrfamilienabend - Eschringen","og_description":"Aufbau der Lichtanlage bis in die Nacht Auch die K\u00fcnstler helfen beim Aufbau Die B\u00fchnenarbeiterinnen Wer soll da noch den \u00dcberblick behalten ? Die letzten Vorbereitungen vorm Start Der Kirchenchor mit seiner Gerichtsverhandlung Heavy Metal am Pfarrfamilienabend Dazu die Ges\u00e4nge der Messdiener Showtanz der Dorfsch\u00f6nheiten Die Jugendgruppen stellen sich vor Alles im Griff am Infostand ... Weiterlesen ...","og_url":"https:\/\/eschringen.de\/wordpress\/geschichte\/archiv\/22-01-05-pfarrfamilienabend\/","og_site_name":"Eschringen","article_modified_time":"2024-11-28T12:40:36+00:00","og_image":[{"url":"https:\/\/eschringen.de\/wordpress\/wp-content\/uploads\/2024\/11\/pfarr1.jpg","type":"","width":"","height":""}],"twitter_card":"summary_large_image","twitter_misc":{"Gesch\u00e4tzte Lesezeit":"3\u00a0Minuten"},"schema":{"@context":"https:\/\/schema.org","@graph":[{"@type":"WebPage","@id":"https:\/\/eschringen.de\/wordpress\/geschichte\/archiv\/22-01-05-pfarrfamilienabend\/","url":"https:\/\/eschringen.de\/wordpress\/geschichte\/archiv\/22-01-05-pfarrfamilienabend\/","name":"22.01.05 - Pfarrfamilienabend - Eschringen","isPartOf":{"@id":"https:\/\/eschringen.de\/wordpress\/#website"},"primaryImageOfPage":{"@id":"https:\/\/eschringen.de\/wordpress\/geschichte\/archiv\/22-01-05-pfarrfamilienabend\/#primaryimage"},"image":{"@id":"https:\/\/eschringen.de\/wordpress\/geschichte\/archiv\/22-01-05-pfarrfamilienabend\/#primaryimage"},"thumbnailUrl":"https:\/\/eschringen.de\/wordpress\/wp-content\/uploads\/2024\/11\/pfarr1.jpg","datePublished":"2017-02-20T17:38:33+00:00","dateModified":"2024-11-28T12:40:36+00:00","breadcrumb":{"@id":"https:\/\/eschringen.de\/wordpress\/geschichte\/archiv\/22-01-05-pfarrfamilienabend\/#breadcrumb"},"inLanguage":"de","potentialAction":[{"@type":"ReadAction","target":["https:\/\/eschringen.de\/wordpress\/geschichte\/archiv\/22-01-05-pfarrfamilienabend\/"]}]},{"@type":"ImageObject","inLanguage":"de","@id":"https:\/\/eschringen.de\/wordpress\/geschichte\/archiv\/22-01-05-pfarrfamilienabend\/#primaryimage","url":"https:\/\/i0.wp.com\/eschringen.de\/wordpress\/wp-content\/uploads\/2024\/11\/pfarr1.jpg?fit=250%2C197&ssl=1","contentUrl":"https:\/\/i0.wp.com\/eschringen.de\/wordpress\/wp-content\/uploads\/2024\/11\/pfarr1.jpg?fit=250%2C197&ssl=1","width":250,"height":197},{"@type":"BreadcrumbList","@id":"https:\/\/eschringen.de\/wordpress\/geschichte\/archiv\/22-01-05-pfarrfamilienabend\/#breadcrumb","itemListElement":[{"@type":"ListItem","position":1,"name":"Startseite","item":"https:\/\/eschringen.de\/wordpress\/"},{"@type":"ListItem","position":2,"name":"Geschichte","item":"https:\/\/eschringen.de\/wordpress\/geschichte\/"},{"@type":"ListItem","position":3,"name":"Archiv","item":"https:\/\/eschringen.de\/wordpress\/geschichte\/archiv\/"},{"@type":"ListItem","position":4,"name":"22.01.05 &#8211; Pfarrfamilienabend"}]},{"@type":"WebSite","@id":"https:\/\/eschringen.de\/wordpress\/#website","url":"https:\/\/eschringen.de\/wordpress\/","name":"Eschringen","description":"","publisher":{"@id":"https:\/\/eschringen.de\/wordpress\/#organization"},"potentialAction":[{"@type":"SearchAction","target":{"@type":"EntryPoint","urlTemplate":"https:\/\/eschringen.de\/wordpress\/?s={search_term_string}"},"query-input":{"@type":"PropertyValueSpecification","valueRequired":true,"valueName":"search_term_string"}}],"inLanguage":"de"},{"@type":"Organization","@id":"https:\/\/eschringen.de\/wordpress\/#organization","name":"Eschringen","url":"https:\/\/eschringen.de\/wordpress\/","logo":{"@type":"ImageObject","inLanguage":"de","@id":"https:\/\/eschringen.de\/wordpress\/#\/schema\/logo\/image\/","url":"https:\/\/eschringen.de\/wordpress\/wp-content\/uploads\/2017\/03\/2017_kw15.jpg","contentUrl":"https:\/\/eschringen.de\/wordpress\/wp-content\/uploads\/2017\/03\/2017_kw15.jpg","width":784,"height":447,"caption":"Eschringen"},"image":{"@id":"https:\/\/eschringen.de\/wordpress\/#\/schema\/logo\/image\/"}}]}},"jetpack_sharing_enabled":true,"_links":{"self":[{"href":"https:\/\/eschringen.de\/wordpress\/wp-json\/wp\/v2\/pages\/890","targetHints":{"allow":["GET"]}}],"collection":[{"href":"https:\/\/eschringen.de\/wordpress\/wp-json\/wp\/v2\/pages"}],"about":[{"href":"https:\/\/eschringen.de\/wordpress\/wp-json\/wp\/v2\/types\/page"}],"author":[{"embeddable":true,"href":"https:\/\/eschringen.de\/wordpress\/wp-json\/wp\/v2\/users\/1"}],"replies":[{"embeddable":true,"href":"https:\/\/eschringen.de\/wordpress\/wp-json\/wp\/v2\/comments?post=890"}],"version-history":[{"count":5,"href":"https:\/\/eschringen.de\/wordpress\/wp-json\/wp\/v2\/pages\/890\/revisions"}],"predecessor-version":[{"id":4936,"href":"https:\/\/eschringen.de\/wordpress\/wp-json\/wp\/v2\/pages\/890\/revisions\/4936"}],"up":[{"embeddable":true,"href":"https:\/\/eschringen.de\/wordpress\/wp-json\/wp\/v2\/pages\/403"}],"wp:attachment":[{"href":"https:\/\/eschringen.de\/wordpress\/wp-json\/wp\/v2\/media?parent=890"}],"curies":[{"name":"wp","href":"https:\/\/api.w.org\/{rel}","templated":true}]}}