{"id":878,"date":"2017-02-20T18:12:51","date_gmt":"2017-02-20T17:12:51","guid":{"rendered":"http:\/\/eschringen.de\/wordpress\/?page_id=878"},"modified":"2024-11-28T13:19:37","modified_gmt":"2024-11-28T12:19:37","slug":"19-11-05-pfaelzer-quartett-begeisterte-mit-ihrem-herbstkonzert","status":"publish","type":"page","link":"https:\/\/eschringen.de\/wordpress\/geschichte\/archiv\/19-11-05-pfaelzer-quartett-begeisterte-mit-ihrem-herbstkonzert\/","title":{"rendered":"19.11.05 &#8211; Pf\u00e4lzer Quartett begeisterte mit ihrem Herbstkonzert"},"content":{"rendered":"<p>Eine gewisse Ratlosigkeit hatte sich unter den Veranstaltern nach dem schwach besuchten Konzert des zum Quartett aufgestockten Trios REINIG, BRAUN + B\u00d6HM ausgebreitet. Trotz relativ gro\u00dfen Aufwandes und entsprechender Werbung hatten nur knapp 30 G\u00e4ste den Weg in den Saal des Gasthauses \u201eZur Post\u201c gefunden. Dabei bot die Gruppe um den S\u00e4nger und Gitarristen Peter Braun zum einen authentische Volkslieder (wenngleich zeitgem\u00e4\u00df arrangiert), zum anderen nachdenkliche Balladen und lebensfrohe Tanzlieder. Roland Schmitt, Leiter der Geschichtswerkstatt, zeigte sich entsprechend entt\u00e4uscht: \u201eAlle, die gekommen waren, erlebten einen musikalisch sehr abwechslungsreichen Abend, und das in deutscher Sprache bzw. pf\u00e4lzischem Dialekt gesungen. Und alle waren von dem Dargebotenen durchweg begeistert. Vielleicht passte der Samstagabendtermin nicht, weil am Wochenende sich viele auf ihr Familienleben konzentrieren. Und aus der Stadt und dem Umland waren auch ganz wenige gekommen \u2013 m\u00f6glicherweise war die Werbung da nicht optimal\u201c.<br \/>\n<img data-recalc-dims=\"1\" loading=\"lazy\" decoding=\"async\" class=\"alignleft\" src=\"https:\/\/i0.wp.com\/eschringen.de\/wordpress\/wp-content\/uploads\/2024\/11\/reinig.jpg?resize=400%2C257&#038;ssl=1\" width=\"400\" height=\"257\" align=\"left\" hspace=\"5\" vspace=\"5\">Die drei Musiker (neben Braun noch Paul Reinig\/Akkordeon, Mandoline, Gitarre; R\u00fcdiger B\u00f6hm\/Klavier, Fl\u00f6ten, Krummhorn) sowie die Cellistin Charlotte Lettenbauer pr\u00e4sentierten mit viel Spielfreude eine ausgewogene Mixtur aus traditionellen Liedern (z. B. \u201eDe P\u00e4lzer Bauer\u201c \u2013 angelehnt an das auch hierzulande bekannte Klagelied vom \u201eLothinger Bauer\u201c) und modernen (Liebes-) Balladen (z. B. \u201eVerzehl ma nix\u201c oder \u201eAnja\u201c). Ihr handwerkliches K\u00f6nnen stellten die Vier besonders bei flotten Tanzliedern, dem \u201eBirkweiler\u201c (im \u201eSchottisch\u201c-Rhythmus) oder dem Kerwelied \u201eHeit is Kerb in unserm Dorf\u201c, unter Beweis. Eine weitere St\u00e4rke sind aber auch die nachdenklichen, ganz auf die \u201edunkle\u201c Jahreszeit eingestimmten Lieder, z. B. \u201eWinderdaache\u201c (mit dem Text des in Saarbr\u00fccken lebenden Journalisten Gerd Heger) oder \u201eAn de Herbscht\u201c. Nicht von ungef\u00e4hr gingen nach dem tollen Konzert etliche Exemplare der preisgekr\u00f6nten CDs \u201e\u00fcber die (Laden-) Theke.<br \/>\nStimmen aus dem Publikum: \u201eDie verstanden ihr Handwerk. Ich hab\u2019 zwar nicht immer alles bei den Dialektliedern mitgekriegt, daf\u00fcr ging halt die Musik gut bei. Schade, dass so wenige Leute gekommen sind\u201c&#8230;; \u201eDas hat wirklich Spa\u00df gemacht; das waren teils lebenslustige, teils melancholische Texte, und die Musik klang sehr vielf\u00e4ltig und mitrei\u00dfend\u201c. F\u00fcr ihr erstes Gastspiel im Saarland h\u00e4tten sie sich zwar einen gr\u00f6\u00dferen Zuspruch gew\u00fcnscht, doch mit ihren Eintr\u00e4gen ins G\u00e4stebuch der \u201ePost\u201c best\u00e4tigten die Musiker, dass es ihnen in Eschringen sehr wohl gut gefallen hat: \u201e&#8230;toller Abend, tolles Publikum, toller Raum&#8230;Diese B\u00fchne &#8211; &#8230;ein Traum f\u00fcr alle Cellisten!\u201c<\/p>\n<p><a href=\"http:\/\/www.lieder-um-die-pfalz.de\/\" target=\"_blank\" rel=\"noopener\">www.lieder-um-die-pfalz.de<\/a> &nbsp;<\/p>\n","protected":false},"excerpt":{"rendered":"<p>Eine gewisse Ratlosigkeit hatte sich unter den Veranstaltern nach dem schwach besuchten Konzert des zum Quartett aufgestockten Trios REINIG, BRAUN + B\u00d6HM ausgebreitet. Trotz relativ gro\u00dfen Aufwandes und entsprechender Werbung hatten nur knapp 30 G\u00e4ste den Weg in den Saal des Gasthauses \u201eZur Post\u201c gefunden. Dabei bot die Gruppe um den S\u00e4nger und Gitarristen Peter &#8230; <a title=\"19.11.05 &#8211; Pf\u00e4lzer Quartett begeisterte mit ihrem Herbstkonzert\" class=\"read-more\" href=\"https:\/\/eschringen.de\/wordpress\/geschichte\/archiv\/19-11-05-pfaelzer-quartett-begeisterte-mit-ihrem-herbstkonzert\/\" aria-label=\"Mehr Informationen \u00fcber 19.11.05 &#8211; Pf\u00e4lzer Quartett begeisterte mit ihrem Herbstkonzert\">Weiterlesen &#8230;<\/a><\/p>\n","protected":false},"author":1,"featured_media":0,"parent":403,"menu_order":39,"comment_status":"closed","ping_status":"closed","template":"","meta":{"ngg_post_thumbnail":0,"footnotes":""},"class_list":["post-878","page","type-page","status-publish"],"yoast_head":"<!-- This site is optimized with the Yoast SEO plugin v27.3 - https:\/\/yoast.com\/product\/yoast-seo-wordpress\/ -->\n<title>19.11.05 - Pf\u00e4lzer Quartett begeisterte mit ihrem Herbstkonzert - Eschringen<\/title>\n<meta name=\"robots\" content=\"index, follow, max-snippet:-1, max-image-preview:large, max-video-preview:-1\" \/>\n<link rel=\"canonical\" href=\"https:\/\/eschringen.de\/wordpress\/geschichte\/archiv\/19-11-05-pfaelzer-quartett-begeisterte-mit-ihrem-herbstkonzert\/\" \/>\n<meta property=\"og:locale\" content=\"de_DE\" \/>\n<meta property=\"og:type\" content=\"article\" \/>\n<meta property=\"og:title\" content=\"19.11.05 - Pf\u00e4lzer Quartett begeisterte mit ihrem Herbstkonzert - Eschringen\" \/>\n<meta property=\"og:description\" content=\"Eine gewisse Ratlosigkeit hatte sich unter den Veranstaltern nach dem schwach besuchten Konzert des zum Quartett aufgestockten Trios REINIG, BRAUN + B\u00d6HM ausgebreitet. Trotz relativ gro\u00dfen Aufwandes und entsprechender Werbung hatten nur knapp 30 G\u00e4ste den Weg in den Saal des Gasthauses \u201eZur Post\u201c gefunden. Dabei bot die Gruppe um den S\u00e4nger und Gitarristen Peter ... Weiterlesen ...\" \/>\n<meta property=\"og:url\" content=\"https:\/\/eschringen.de\/wordpress\/geschichte\/archiv\/19-11-05-pfaelzer-quartett-begeisterte-mit-ihrem-herbstkonzert\/\" \/>\n<meta property=\"og:site_name\" content=\"Eschringen\" \/>\n<meta property=\"article:modified_time\" content=\"2024-11-28T12:19:37+00:00\" \/>\n<meta property=\"og:image\" content=\"https:\/\/eschringen.de\/wordpress\/wp-content\/uploads\/2024\/11\/reinig.jpg\" \/>\n<meta name=\"twitter:card\" content=\"summary_large_image\" \/>\n<meta name=\"twitter:label1\" content=\"Gesch\u00e4tzte Lesezeit\" \/>\n\t<meta name=\"twitter:data1\" content=\"3\u00a0Minuten\" \/>\n<script type=\"application\/ld+json\" class=\"yoast-schema-graph\">{\"@context\":\"https:\\\/\\\/schema.org\",\"@graph\":[{\"@type\":\"WebPage\",\"@id\":\"https:\\\/\\\/eschringen.de\\\/wordpress\\\/geschichte\\\/archiv\\\/19-11-05-pfaelzer-quartett-begeisterte-mit-ihrem-herbstkonzert\\\/\",\"url\":\"https:\\\/\\\/eschringen.de\\\/wordpress\\\/geschichte\\\/archiv\\\/19-11-05-pfaelzer-quartett-begeisterte-mit-ihrem-herbstkonzert\\\/\",\"name\":\"19.11.05 - Pf\u00e4lzer Quartett begeisterte mit ihrem Herbstkonzert - Eschringen\",\"isPartOf\":{\"@id\":\"https:\\\/\\\/eschringen.de\\\/wordpress\\\/#website\"},\"primaryImageOfPage\":{\"@id\":\"https:\\\/\\\/eschringen.de\\\/wordpress\\\/geschichte\\\/archiv\\\/19-11-05-pfaelzer-quartett-begeisterte-mit-ihrem-herbstkonzert\\\/#primaryimage\"},\"image\":{\"@id\":\"https:\\\/\\\/eschringen.de\\\/wordpress\\\/geschichte\\\/archiv\\\/19-11-05-pfaelzer-quartett-begeisterte-mit-ihrem-herbstkonzert\\\/#primaryimage\"},\"thumbnailUrl\":\"https:\\\/\\\/eschringen.de\\\/wordpress\\\/wp-content\\\/uploads\\\/2024\\\/11\\\/reinig.jpg\",\"datePublished\":\"2017-02-20T17:12:51+00:00\",\"dateModified\":\"2024-11-28T12:19:37+00:00\",\"breadcrumb\":{\"@id\":\"https:\\\/\\\/eschringen.de\\\/wordpress\\\/geschichte\\\/archiv\\\/19-11-05-pfaelzer-quartett-begeisterte-mit-ihrem-herbstkonzert\\\/#breadcrumb\"},\"inLanguage\":\"de\",\"potentialAction\":[{\"@type\":\"ReadAction\",\"target\":[\"https:\\\/\\\/eschringen.de\\\/wordpress\\\/geschichte\\\/archiv\\\/19-11-05-pfaelzer-quartett-begeisterte-mit-ihrem-herbstkonzert\\\/\"]}]},{\"@type\":\"ImageObject\",\"inLanguage\":\"de\",\"@id\":\"https:\\\/\\\/eschringen.de\\\/wordpress\\\/geschichte\\\/archiv\\\/19-11-05-pfaelzer-quartett-begeisterte-mit-ihrem-herbstkonzert\\\/#primaryimage\",\"url\":\"https:\\\/\\\/i0.wp.com\\\/eschringen.de\\\/wordpress\\\/wp-content\\\/uploads\\\/2024\\\/11\\\/reinig.jpg?fit=400%2C257&ssl=1\",\"contentUrl\":\"https:\\\/\\\/i0.wp.com\\\/eschringen.de\\\/wordpress\\\/wp-content\\\/uploads\\\/2024\\\/11\\\/reinig.jpg?fit=400%2C257&ssl=1\",\"width\":400,\"height\":257},{\"@type\":\"BreadcrumbList\",\"@id\":\"https:\\\/\\\/eschringen.de\\\/wordpress\\\/geschichte\\\/archiv\\\/19-11-05-pfaelzer-quartett-begeisterte-mit-ihrem-herbstkonzert\\\/#breadcrumb\",\"itemListElement\":[{\"@type\":\"ListItem\",\"position\":1,\"name\":\"Startseite\",\"item\":\"https:\\\/\\\/eschringen.de\\\/wordpress\\\/\"},{\"@type\":\"ListItem\",\"position\":2,\"name\":\"Geschichte\",\"item\":\"https:\\\/\\\/eschringen.de\\\/wordpress\\\/geschichte\\\/\"},{\"@type\":\"ListItem\",\"position\":3,\"name\":\"Archiv\",\"item\":\"https:\\\/\\\/eschringen.de\\\/wordpress\\\/geschichte\\\/archiv\\\/\"},{\"@type\":\"ListItem\",\"position\":4,\"name\":\"19.11.05 &#8211; Pf\u00e4lzer Quartett begeisterte mit ihrem Herbstkonzert\"}]},{\"@type\":\"WebSite\",\"@id\":\"https:\\\/\\\/eschringen.de\\\/wordpress\\\/#website\",\"url\":\"https:\\\/\\\/eschringen.de\\\/wordpress\\\/\",\"name\":\"Eschringen\",\"description\":\"\",\"publisher\":{\"@id\":\"https:\\\/\\\/eschringen.de\\\/wordpress\\\/#organization\"},\"potentialAction\":[{\"@type\":\"SearchAction\",\"target\":{\"@type\":\"EntryPoint\",\"urlTemplate\":\"https:\\\/\\\/eschringen.de\\\/wordpress\\\/?s={search_term_string}\"},\"query-input\":{\"@type\":\"PropertyValueSpecification\",\"valueRequired\":true,\"valueName\":\"search_term_string\"}}],\"inLanguage\":\"de\"},{\"@type\":\"Organization\",\"@id\":\"https:\\\/\\\/eschringen.de\\\/wordpress\\\/#organization\",\"name\":\"Eschringen\",\"url\":\"https:\\\/\\\/eschringen.de\\\/wordpress\\\/\",\"logo\":{\"@type\":\"ImageObject\",\"inLanguage\":\"de\",\"@id\":\"https:\\\/\\\/eschringen.de\\\/wordpress\\\/#\\\/schema\\\/logo\\\/image\\\/\",\"url\":\"https:\\\/\\\/eschringen.de\\\/wordpress\\\/wp-content\\\/uploads\\\/2017\\\/03\\\/2017_kw15.jpg\",\"contentUrl\":\"https:\\\/\\\/eschringen.de\\\/wordpress\\\/wp-content\\\/uploads\\\/2017\\\/03\\\/2017_kw15.jpg\",\"width\":784,\"height\":447,\"caption\":\"Eschringen\"},\"image\":{\"@id\":\"https:\\\/\\\/eschringen.de\\\/wordpress\\\/#\\\/schema\\\/logo\\\/image\\\/\"}}]}<\/script>\n<!-- \/ Yoast SEO plugin. -->","yoast_head_json":{"title":"19.11.05 - Pf\u00e4lzer Quartett begeisterte mit ihrem Herbstkonzert - Eschringen","robots":{"index":"index","follow":"follow","max-snippet":"max-snippet:-1","max-image-preview":"max-image-preview:large","max-video-preview":"max-video-preview:-1"},"canonical":"https:\/\/eschringen.de\/wordpress\/geschichte\/archiv\/19-11-05-pfaelzer-quartett-begeisterte-mit-ihrem-herbstkonzert\/","og_locale":"de_DE","og_type":"article","og_title":"19.11.05 - Pf\u00e4lzer Quartett begeisterte mit ihrem Herbstkonzert - Eschringen","og_description":"Eine gewisse Ratlosigkeit hatte sich unter den Veranstaltern nach dem schwach besuchten Konzert des zum Quartett aufgestockten Trios REINIG, BRAUN + B\u00d6HM ausgebreitet. Trotz relativ gro\u00dfen Aufwandes und entsprechender Werbung hatten nur knapp 30 G\u00e4ste den Weg in den Saal des Gasthauses \u201eZur Post\u201c gefunden. Dabei bot die Gruppe um den S\u00e4nger und Gitarristen Peter ... Weiterlesen ...","og_url":"https:\/\/eschringen.de\/wordpress\/geschichte\/archiv\/19-11-05-pfaelzer-quartett-begeisterte-mit-ihrem-herbstkonzert\/","og_site_name":"Eschringen","article_modified_time":"2024-11-28T12:19:37+00:00","og_image":[{"url":"https:\/\/eschringen.de\/wordpress\/wp-content\/uploads\/2024\/11\/reinig.jpg","type":"","width":"","height":""}],"twitter_card":"summary_large_image","twitter_misc":{"Gesch\u00e4tzte Lesezeit":"3\u00a0Minuten"},"schema":{"@context":"https:\/\/schema.org","@graph":[{"@type":"WebPage","@id":"https:\/\/eschringen.de\/wordpress\/geschichte\/archiv\/19-11-05-pfaelzer-quartett-begeisterte-mit-ihrem-herbstkonzert\/","url":"https:\/\/eschringen.de\/wordpress\/geschichte\/archiv\/19-11-05-pfaelzer-quartett-begeisterte-mit-ihrem-herbstkonzert\/","name":"19.11.05 - Pf\u00e4lzer Quartett begeisterte mit ihrem Herbstkonzert - Eschringen","isPartOf":{"@id":"https:\/\/eschringen.de\/wordpress\/#website"},"primaryImageOfPage":{"@id":"https:\/\/eschringen.de\/wordpress\/geschichte\/archiv\/19-11-05-pfaelzer-quartett-begeisterte-mit-ihrem-herbstkonzert\/#primaryimage"},"image":{"@id":"https:\/\/eschringen.de\/wordpress\/geschichte\/archiv\/19-11-05-pfaelzer-quartett-begeisterte-mit-ihrem-herbstkonzert\/#primaryimage"},"thumbnailUrl":"https:\/\/eschringen.de\/wordpress\/wp-content\/uploads\/2024\/11\/reinig.jpg","datePublished":"2017-02-20T17:12:51+00:00","dateModified":"2024-11-28T12:19:37+00:00","breadcrumb":{"@id":"https:\/\/eschringen.de\/wordpress\/geschichte\/archiv\/19-11-05-pfaelzer-quartett-begeisterte-mit-ihrem-herbstkonzert\/#breadcrumb"},"inLanguage":"de","potentialAction":[{"@type":"ReadAction","target":["https:\/\/eschringen.de\/wordpress\/geschichte\/archiv\/19-11-05-pfaelzer-quartett-begeisterte-mit-ihrem-herbstkonzert\/"]}]},{"@type":"ImageObject","inLanguage":"de","@id":"https:\/\/eschringen.de\/wordpress\/geschichte\/archiv\/19-11-05-pfaelzer-quartett-begeisterte-mit-ihrem-herbstkonzert\/#primaryimage","url":"https:\/\/i0.wp.com\/eschringen.de\/wordpress\/wp-content\/uploads\/2024\/11\/reinig.jpg?fit=400%2C257&ssl=1","contentUrl":"https:\/\/i0.wp.com\/eschringen.de\/wordpress\/wp-content\/uploads\/2024\/11\/reinig.jpg?fit=400%2C257&ssl=1","width":400,"height":257},{"@type":"BreadcrumbList","@id":"https:\/\/eschringen.de\/wordpress\/geschichte\/archiv\/19-11-05-pfaelzer-quartett-begeisterte-mit-ihrem-herbstkonzert\/#breadcrumb","itemListElement":[{"@type":"ListItem","position":1,"name":"Startseite","item":"https:\/\/eschringen.de\/wordpress\/"},{"@type":"ListItem","position":2,"name":"Geschichte","item":"https:\/\/eschringen.de\/wordpress\/geschichte\/"},{"@type":"ListItem","position":3,"name":"Archiv","item":"https:\/\/eschringen.de\/wordpress\/geschichte\/archiv\/"},{"@type":"ListItem","position":4,"name":"19.11.05 &#8211; Pf\u00e4lzer Quartett begeisterte mit ihrem Herbstkonzert"}]},{"@type":"WebSite","@id":"https:\/\/eschringen.de\/wordpress\/#website","url":"https:\/\/eschringen.de\/wordpress\/","name":"Eschringen","description":"","publisher":{"@id":"https:\/\/eschringen.de\/wordpress\/#organization"},"potentialAction":[{"@type":"SearchAction","target":{"@type":"EntryPoint","urlTemplate":"https:\/\/eschringen.de\/wordpress\/?s={search_term_string}"},"query-input":{"@type":"PropertyValueSpecification","valueRequired":true,"valueName":"search_term_string"}}],"inLanguage":"de"},{"@type":"Organization","@id":"https:\/\/eschringen.de\/wordpress\/#organization","name":"Eschringen","url":"https:\/\/eschringen.de\/wordpress\/","logo":{"@type":"ImageObject","inLanguage":"de","@id":"https:\/\/eschringen.de\/wordpress\/#\/schema\/logo\/image\/","url":"https:\/\/eschringen.de\/wordpress\/wp-content\/uploads\/2017\/03\/2017_kw15.jpg","contentUrl":"https:\/\/eschringen.de\/wordpress\/wp-content\/uploads\/2017\/03\/2017_kw15.jpg","width":784,"height":447,"caption":"Eschringen"},"image":{"@id":"https:\/\/eschringen.de\/wordpress\/#\/schema\/logo\/image\/"}}]}},"jetpack_sharing_enabled":true,"_links":{"self":[{"href":"https:\/\/eschringen.de\/wordpress\/wp-json\/wp\/v2\/pages\/878","targetHints":{"allow":["GET"]}}],"collection":[{"href":"https:\/\/eschringen.de\/wordpress\/wp-json\/wp\/v2\/pages"}],"about":[{"href":"https:\/\/eschringen.de\/wordpress\/wp-json\/wp\/v2\/types\/page"}],"author":[{"embeddable":true,"href":"https:\/\/eschringen.de\/wordpress\/wp-json\/wp\/v2\/users\/1"}],"replies":[{"embeddable":true,"href":"https:\/\/eschringen.de\/wordpress\/wp-json\/wp\/v2\/comments?post=878"}],"version-history":[{"count":2,"href":"https:\/\/eschringen.de\/wordpress\/wp-json\/wp\/v2\/pages\/878\/revisions"}],"predecessor-version":[{"id":4893,"href":"https:\/\/eschringen.de\/wordpress\/wp-json\/wp\/v2\/pages\/878\/revisions\/4893"}],"up":[{"embeddable":true,"href":"https:\/\/eschringen.de\/wordpress\/wp-json\/wp\/v2\/pages\/403"}],"wp:attachment":[{"href":"https:\/\/eschringen.de\/wordpress\/wp-json\/wp\/v2\/media?parent=878"}],"curies":[{"name":"wp","href":"https:\/\/api.w.org\/{rel}","templated":true}]}}