{"id":860,"date":"2017-02-19T21:12:15","date_gmt":"2017-02-19T20:12:15","guid":{"rendered":"http:\/\/eschringen.de\/wordpress\/?page_id=860"},"modified":"2024-11-28T13:18:19","modified_gmt":"2024-11-28T12:18:19","slug":"13-03-06-gitarrenvirtuose-eddie-walker-in-der-post","status":"publish","type":"page","link":"https:\/\/eschringen.de\/wordpress\/geschichte\/archiv\/13-03-06-gitarrenvirtuose-eddie-walker-in-der-post\/","title":{"rendered":"13.03.06 &#8211; Gitarrenvirtuose Eddie Walker in der \u201ePost\u201c"},"content":{"rendered":"<p>Mehr so zum Spa\u00df hatte bei seinem Konzert 2004 der englische Singer\/Songwriter Michael Weston King angesichts der tollen Atmosph\u00e4re im Gasthaus \u201eZur Post\u201c Eschringen als das \u201eNashville of Germany\u201c bezeichnet. Nun war sein Landsmann Eddie Walker aus der im Nordosten gelegenen Industriestadt Middlesborough im Rahmen seiner Deutschlandtournee zu Gast und trat mit vielen seiner Lieder den Beweis an, dass King mit seiner k\u00fchnen These gar nicht so falsch liegt. Denn Walker pr\u00e4sentierte neben dem von ihm so geliebten Blues der fr\u00fchen 1920er und 1930er Jahre auch Songs, die dem Country &amp; Western-Genre zugerechnet werden k\u00f6nnen.<br \/>\n<img data-recalc-dims=\"1\" loading=\"lazy\" decoding=\"async\" class=\"alignleft\" src=\"https:\/\/i0.wp.com\/eschringen.de\/wordpress\/wp-content\/uploads\/2024\/11\/Eddie.jpg?resize=204%2C300&#038;ssl=1\" width=\"204\" height=\"300\" align=\"left\" hspace=\"5\" vspace=\"7\"> Er versteht sich durchaus auch als Bewahrer des musikalischen Erbes amerikanischer Interpreten und Komponisten, die inzwischen in Vergessenheit zu geraten scheinen. Auff\u00e4llig folglich etliche Lieder und Tunes, mit denen Walker seine Vorbilder w\u00fcrdigte: angefangen vom \u201eTribute To Merle (Haggard)\u201c, \u00fcber das \u201cTribute To Reverend Gary Davis\u201d bis hin zum selbst komponierten \u201cMind To Ramble\u201d, das er seinem Idol \u201cMississippi\u201d John Hurt widmete. Nat\u00fcrlich wartete er auch mit Originalst\u00fccken seiner Lieblinge auf, die er nicht nur handwerklich auf der Gitarre und stimmlich gekonnt, sondern auch mit viel Herz und Leidenschaft interpretierte. Zwischen den mal melancholisch-zur\u00fcckgenommenen (z. B. Steve Goodmans \u201cSpoon River\u201d), mal fr\u00f6hlich-flotten Liedern (z. B. das auch durch Johnny Cash ber\u00fchmt gewordene \u201cYou Are My Sunshine\u201d von Jimmie Davis) platzierte er instrumentale Ragtime- und Hillbilly-Tunes, wobei er sein brillantes Finger-Picking demonstrieren konnte. Eingestreut immer wieder auch kleine, pfiffige Stories, teilweise brandaktuell zur \u201cVogelgrippe\u201d oder zum \u201cDauerwinter\u201d: \u201c&#8230;wenn ich bei Konzerten in Bayern aus dem Auto stieg, stand mir manchmal der Schnee bis zum Hals\u201d \u2013 eine augenzwinkernde Anspielung auf seine K\u00f6rper\u201dgr\u00f6\u00dfe\u201d.<br \/>\nJedenfalls hatte Walker schon bald das Publikum im bestens gef\u00fcllten Saal auf seiner Seite, konnte gar viele Besucher bei \u201cBlind\u201d Arthur Blakes \u201cDiddy Wha Diddy zum Mitsingen animieren. Szenenapplaus dann bei Jimmie Rodgers\u2019 \u201cMississippi River Blues\u201d, wenn er seine \u201cMundtrompete\u201d virtuos zum Einsatz brachte. Nat\u00fcrlich lie\u00df ihn das \u201cPost\u201d-Publikum nicht ohne (mehrere) Zugaben von der B\u00fchne. Und es schloss sich der Kreis mit \u201cSong For Steve Goodman\u201d, einer weiteren Hommage, diesmal an den Komponisten des Welthits \u201cCity Of New Orleans\u201d gerichtet. Ein wahrlich unvergesslicher Konzertabend, und AG-Vorstandsmitglied Roland Schmitt konnte viele mehr als zufriedene Zuh\u00f6rer einen guten Nachhauseweg w\u00fcnschen.<\/p>\n<p>P. S. W\u00e4hrend seines zweit\u00e4gigen Aufenthaltes in Eschringen arbeitete Walker \u00fcbrigens an einem neuen Song mit dem Titel \u201cRed Shoes On My Feet\u201d (inspiriert von einer Liedzeile aus John Hurts \u201cRichland Women Blues\u201d), der allerdings nicht mehr fertig wurde.<\/p>\n<p><a target=\"_blank\"> http:\/\/www.eddiewalker.net\/<\/a><\/p>\n","protected":false},"excerpt":{"rendered":"<p>Mehr so zum Spa\u00df hatte bei seinem Konzert 2004 der englische Singer\/Songwriter Michael Weston King angesichts der tollen Atmosph\u00e4re im Gasthaus \u201eZur Post\u201c Eschringen als das \u201eNashville of Germany\u201c bezeichnet. Nun war sein Landsmann Eddie Walker aus der im Nordosten gelegenen Industriestadt Middlesborough im Rahmen seiner Deutschlandtournee zu Gast und trat mit vielen seiner Lieder &#8230; <a title=\"13.03.06 &#8211; Gitarrenvirtuose Eddie Walker in der \u201ePost\u201c\" class=\"read-more\" href=\"https:\/\/eschringen.de\/wordpress\/geschichte\/archiv\/13-03-06-gitarrenvirtuose-eddie-walker-in-der-post\/\" aria-label=\"Mehr Informationen \u00fcber 13.03.06 &#8211; Gitarrenvirtuose Eddie Walker in der \u201ePost\u201c\">Weiterlesen &#8230;<\/a><\/p>\n","protected":false},"author":1,"featured_media":0,"parent":403,"menu_order":38,"comment_status":"closed","ping_status":"closed","template":"","meta":{"ngg_post_thumbnail":0,"footnotes":""},"class_list":["post-860","page","type-page","status-publish"],"yoast_head":"<!-- This site is optimized with the Yoast SEO plugin v27.4 - https:\/\/yoast.com\/product\/yoast-seo-wordpress\/ -->\n<title>13.03.06 - Gitarrenvirtuose Eddie Walker in der \u201ePost\u201c - Eschringen<\/title>\n<meta name=\"robots\" content=\"index, follow, max-snippet:-1, max-image-preview:large, max-video-preview:-1\" \/>\n<link rel=\"canonical\" href=\"https:\/\/eschringen.de\/wordpress\/geschichte\/archiv\/13-03-06-gitarrenvirtuose-eddie-walker-in-der-post\/\" \/>\n<meta property=\"og:locale\" content=\"de_DE\" \/>\n<meta property=\"og:type\" content=\"article\" \/>\n<meta property=\"og:title\" content=\"13.03.06 - Gitarrenvirtuose Eddie Walker in der \u201ePost\u201c - Eschringen\" \/>\n<meta property=\"og:description\" content=\"Mehr so zum Spa\u00df hatte bei seinem Konzert 2004 der englische Singer\/Songwriter Michael Weston King angesichts der tollen Atmosph\u00e4re im Gasthaus \u201eZur Post\u201c Eschringen als das \u201eNashville of Germany\u201c bezeichnet. Nun war sein Landsmann Eddie Walker aus der im Nordosten gelegenen Industriestadt Middlesborough im Rahmen seiner Deutschlandtournee zu Gast und trat mit vielen seiner Lieder ... Weiterlesen ...\" \/>\n<meta property=\"og:url\" content=\"https:\/\/eschringen.de\/wordpress\/geschichte\/archiv\/13-03-06-gitarrenvirtuose-eddie-walker-in-der-post\/\" \/>\n<meta property=\"og:site_name\" content=\"Eschringen\" \/>\n<meta property=\"article:modified_time\" content=\"2024-11-28T12:18:19+00:00\" \/>\n<meta property=\"og:image\" content=\"https:\/\/eschringen.de\/wordpress\/wp-content\/uploads\/2024\/11\/Eddie.jpg\" \/>\n<meta name=\"twitter:card\" content=\"summary_large_image\" \/>\n<meta name=\"twitter:label1\" content=\"Gesch\u00e4tzte Lesezeit\" \/>\n\t<meta name=\"twitter:data1\" content=\"3\u00a0Minuten\" \/>\n<script type=\"application\/ld+json\" class=\"yoast-schema-graph\">{\"@context\":\"https:\\\/\\\/schema.org\",\"@graph\":[{\"@type\":\"WebPage\",\"@id\":\"https:\\\/\\\/eschringen.de\\\/wordpress\\\/geschichte\\\/archiv\\\/13-03-06-gitarrenvirtuose-eddie-walker-in-der-post\\\/\",\"url\":\"https:\\\/\\\/eschringen.de\\\/wordpress\\\/geschichte\\\/archiv\\\/13-03-06-gitarrenvirtuose-eddie-walker-in-der-post\\\/\",\"name\":\"13.03.06 - Gitarrenvirtuose Eddie Walker in der \u201ePost\u201c - Eschringen\",\"isPartOf\":{\"@id\":\"https:\\\/\\\/eschringen.de\\\/wordpress\\\/#website\"},\"primaryImageOfPage\":{\"@id\":\"https:\\\/\\\/eschringen.de\\\/wordpress\\\/geschichte\\\/archiv\\\/13-03-06-gitarrenvirtuose-eddie-walker-in-der-post\\\/#primaryimage\"},\"image\":{\"@id\":\"https:\\\/\\\/eschringen.de\\\/wordpress\\\/geschichte\\\/archiv\\\/13-03-06-gitarrenvirtuose-eddie-walker-in-der-post\\\/#primaryimage\"},\"thumbnailUrl\":\"https:\\\/\\\/eschringen.de\\\/wordpress\\\/wp-content\\\/uploads\\\/2024\\\/11\\\/Eddie.jpg\",\"datePublished\":\"2017-02-19T20:12:15+00:00\",\"dateModified\":\"2024-11-28T12:18:19+00:00\",\"breadcrumb\":{\"@id\":\"https:\\\/\\\/eschringen.de\\\/wordpress\\\/geschichte\\\/archiv\\\/13-03-06-gitarrenvirtuose-eddie-walker-in-der-post\\\/#breadcrumb\"},\"inLanguage\":\"de\",\"potentialAction\":[{\"@type\":\"ReadAction\",\"target\":[\"https:\\\/\\\/eschringen.de\\\/wordpress\\\/geschichte\\\/archiv\\\/13-03-06-gitarrenvirtuose-eddie-walker-in-der-post\\\/\"]}]},{\"@type\":\"ImageObject\",\"inLanguage\":\"de\",\"@id\":\"https:\\\/\\\/eschringen.de\\\/wordpress\\\/geschichte\\\/archiv\\\/13-03-06-gitarrenvirtuose-eddie-walker-in-der-post\\\/#primaryimage\",\"url\":\"https:\\\/\\\/i0.wp.com\\\/eschringen.de\\\/wordpress\\\/wp-content\\\/uploads\\\/2024\\\/11\\\/Eddie.jpg?fit=204%2C300&ssl=1\",\"contentUrl\":\"https:\\\/\\\/i0.wp.com\\\/eschringen.de\\\/wordpress\\\/wp-content\\\/uploads\\\/2024\\\/11\\\/Eddie.jpg?fit=204%2C300&ssl=1\",\"width\":204,\"height\":300},{\"@type\":\"BreadcrumbList\",\"@id\":\"https:\\\/\\\/eschringen.de\\\/wordpress\\\/geschichte\\\/archiv\\\/13-03-06-gitarrenvirtuose-eddie-walker-in-der-post\\\/#breadcrumb\",\"itemListElement\":[{\"@type\":\"ListItem\",\"position\":1,\"name\":\"Startseite\",\"item\":\"https:\\\/\\\/eschringen.de\\\/wordpress\\\/\"},{\"@type\":\"ListItem\",\"position\":2,\"name\":\"Geschichte\",\"item\":\"https:\\\/\\\/eschringen.de\\\/wordpress\\\/geschichte\\\/\"},{\"@type\":\"ListItem\",\"position\":3,\"name\":\"Archiv\",\"item\":\"https:\\\/\\\/eschringen.de\\\/wordpress\\\/geschichte\\\/archiv\\\/\"},{\"@type\":\"ListItem\",\"position\":4,\"name\":\"13.03.06 &#8211; Gitarrenvirtuose Eddie Walker in der \u201ePost\u201c\"}]},{\"@type\":\"WebSite\",\"@id\":\"https:\\\/\\\/eschringen.de\\\/wordpress\\\/#website\",\"url\":\"https:\\\/\\\/eschringen.de\\\/wordpress\\\/\",\"name\":\"Eschringen\",\"description\":\"\",\"publisher\":{\"@id\":\"https:\\\/\\\/eschringen.de\\\/wordpress\\\/#organization\"},\"potentialAction\":[{\"@type\":\"SearchAction\",\"target\":{\"@type\":\"EntryPoint\",\"urlTemplate\":\"https:\\\/\\\/eschringen.de\\\/wordpress\\\/?s={search_term_string}\"},\"query-input\":{\"@type\":\"PropertyValueSpecification\",\"valueRequired\":true,\"valueName\":\"search_term_string\"}}],\"inLanguage\":\"de\"},{\"@type\":\"Organization\",\"@id\":\"https:\\\/\\\/eschringen.de\\\/wordpress\\\/#organization\",\"name\":\"Eschringen\",\"url\":\"https:\\\/\\\/eschringen.de\\\/wordpress\\\/\",\"logo\":{\"@type\":\"ImageObject\",\"inLanguage\":\"de\",\"@id\":\"https:\\\/\\\/eschringen.de\\\/wordpress\\\/#\\\/schema\\\/logo\\\/image\\\/\",\"url\":\"https:\\\/\\\/eschringen.de\\\/wordpress\\\/wp-content\\\/uploads\\\/2017\\\/03\\\/2017_kw15.jpg\",\"contentUrl\":\"https:\\\/\\\/eschringen.de\\\/wordpress\\\/wp-content\\\/uploads\\\/2017\\\/03\\\/2017_kw15.jpg\",\"width\":784,\"height\":447,\"caption\":\"Eschringen\"},\"image\":{\"@id\":\"https:\\\/\\\/eschringen.de\\\/wordpress\\\/#\\\/schema\\\/logo\\\/image\\\/\"}}]}<\/script>\n<!-- \/ Yoast SEO plugin. -->","yoast_head_json":{"title":"13.03.06 - Gitarrenvirtuose Eddie Walker in der \u201ePost\u201c - Eschringen","robots":{"index":"index","follow":"follow","max-snippet":"max-snippet:-1","max-image-preview":"max-image-preview:large","max-video-preview":"max-video-preview:-1"},"canonical":"https:\/\/eschringen.de\/wordpress\/geschichte\/archiv\/13-03-06-gitarrenvirtuose-eddie-walker-in-der-post\/","og_locale":"de_DE","og_type":"article","og_title":"13.03.06 - Gitarrenvirtuose Eddie Walker in der \u201ePost\u201c - Eschringen","og_description":"Mehr so zum Spa\u00df hatte bei seinem Konzert 2004 der englische Singer\/Songwriter Michael Weston King angesichts der tollen Atmosph\u00e4re im Gasthaus \u201eZur Post\u201c Eschringen als das \u201eNashville of Germany\u201c bezeichnet. Nun war sein Landsmann Eddie Walker aus der im Nordosten gelegenen Industriestadt Middlesborough im Rahmen seiner Deutschlandtournee zu Gast und trat mit vielen seiner Lieder ... Weiterlesen ...","og_url":"https:\/\/eschringen.de\/wordpress\/geschichte\/archiv\/13-03-06-gitarrenvirtuose-eddie-walker-in-der-post\/","og_site_name":"Eschringen","article_modified_time":"2024-11-28T12:18:19+00:00","og_image":[{"url":"https:\/\/eschringen.de\/wordpress\/wp-content\/uploads\/2024\/11\/Eddie.jpg","type":"","width":"","height":""}],"twitter_card":"summary_large_image","twitter_misc":{"Gesch\u00e4tzte Lesezeit":"3\u00a0Minuten"},"schema":{"@context":"https:\/\/schema.org","@graph":[{"@type":"WebPage","@id":"https:\/\/eschringen.de\/wordpress\/geschichte\/archiv\/13-03-06-gitarrenvirtuose-eddie-walker-in-der-post\/","url":"https:\/\/eschringen.de\/wordpress\/geschichte\/archiv\/13-03-06-gitarrenvirtuose-eddie-walker-in-der-post\/","name":"13.03.06 - Gitarrenvirtuose Eddie Walker in der \u201ePost\u201c - Eschringen","isPartOf":{"@id":"https:\/\/eschringen.de\/wordpress\/#website"},"primaryImageOfPage":{"@id":"https:\/\/eschringen.de\/wordpress\/geschichte\/archiv\/13-03-06-gitarrenvirtuose-eddie-walker-in-der-post\/#primaryimage"},"image":{"@id":"https:\/\/eschringen.de\/wordpress\/geschichte\/archiv\/13-03-06-gitarrenvirtuose-eddie-walker-in-der-post\/#primaryimage"},"thumbnailUrl":"https:\/\/eschringen.de\/wordpress\/wp-content\/uploads\/2024\/11\/Eddie.jpg","datePublished":"2017-02-19T20:12:15+00:00","dateModified":"2024-11-28T12:18:19+00:00","breadcrumb":{"@id":"https:\/\/eschringen.de\/wordpress\/geschichte\/archiv\/13-03-06-gitarrenvirtuose-eddie-walker-in-der-post\/#breadcrumb"},"inLanguage":"de","potentialAction":[{"@type":"ReadAction","target":["https:\/\/eschringen.de\/wordpress\/geschichte\/archiv\/13-03-06-gitarrenvirtuose-eddie-walker-in-der-post\/"]}]},{"@type":"ImageObject","inLanguage":"de","@id":"https:\/\/eschringen.de\/wordpress\/geschichte\/archiv\/13-03-06-gitarrenvirtuose-eddie-walker-in-der-post\/#primaryimage","url":"https:\/\/i0.wp.com\/eschringen.de\/wordpress\/wp-content\/uploads\/2024\/11\/Eddie.jpg?fit=204%2C300&ssl=1","contentUrl":"https:\/\/i0.wp.com\/eschringen.de\/wordpress\/wp-content\/uploads\/2024\/11\/Eddie.jpg?fit=204%2C300&ssl=1","width":204,"height":300},{"@type":"BreadcrumbList","@id":"https:\/\/eschringen.de\/wordpress\/geschichte\/archiv\/13-03-06-gitarrenvirtuose-eddie-walker-in-der-post\/#breadcrumb","itemListElement":[{"@type":"ListItem","position":1,"name":"Startseite","item":"https:\/\/eschringen.de\/wordpress\/"},{"@type":"ListItem","position":2,"name":"Geschichte","item":"https:\/\/eschringen.de\/wordpress\/geschichte\/"},{"@type":"ListItem","position":3,"name":"Archiv","item":"https:\/\/eschringen.de\/wordpress\/geschichte\/archiv\/"},{"@type":"ListItem","position":4,"name":"13.03.06 &#8211; Gitarrenvirtuose Eddie Walker in der \u201ePost\u201c"}]},{"@type":"WebSite","@id":"https:\/\/eschringen.de\/wordpress\/#website","url":"https:\/\/eschringen.de\/wordpress\/","name":"Eschringen","description":"","publisher":{"@id":"https:\/\/eschringen.de\/wordpress\/#organization"},"potentialAction":[{"@type":"SearchAction","target":{"@type":"EntryPoint","urlTemplate":"https:\/\/eschringen.de\/wordpress\/?s={search_term_string}"},"query-input":{"@type":"PropertyValueSpecification","valueRequired":true,"valueName":"search_term_string"}}],"inLanguage":"de"},{"@type":"Organization","@id":"https:\/\/eschringen.de\/wordpress\/#organization","name":"Eschringen","url":"https:\/\/eschringen.de\/wordpress\/","logo":{"@type":"ImageObject","inLanguage":"de","@id":"https:\/\/eschringen.de\/wordpress\/#\/schema\/logo\/image\/","url":"https:\/\/eschringen.de\/wordpress\/wp-content\/uploads\/2017\/03\/2017_kw15.jpg","contentUrl":"https:\/\/eschringen.de\/wordpress\/wp-content\/uploads\/2017\/03\/2017_kw15.jpg","width":784,"height":447,"caption":"Eschringen"},"image":{"@id":"https:\/\/eschringen.de\/wordpress\/#\/schema\/logo\/image\/"}}]}},"jetpack_sharing_enabled":true,"_links":{"self":[{"href":"https:\/\/eschringen.de\/wordpress\/wp-json\/wp\/v2\/pages\/860","targetHints":{"allow":["GET"]}}],"collection":[{"href":"https:\/\/eschringen.de\/wordpress\/wp-json\/wp\/v2\/pages"}],"about":[{"href":"https:\/\/eschringen.de\/wordpress\/wp-json\/wp\/v2\/types\/page"}],"author":[{"embeddable":true,"href":"https:\/\/eschringen.de\/wordpress\/wp-json\/wp\/v2\/users\/1"}],"replies":[{"embeddable":true,"href":"https:\/\/eschringen.de\/wordpress\/wp-json\/wp\/v2\/comments?post=860"}],"version-history":[{"count":3,"href":"https:\/\/eschringen.de\/wordpress\/wp-json\/wp\/v2\/pages\/860\/revisions"}],"predecessor-version":[{"id":4891,"href":"https:\/\/eschringen.de\/wordpress\/wp-json\/wp\/v2\/pages\/860\/revisions\/4891"}],"up":[{"embeddable":true,"href":"https:\/\/eschringen.de\/wordpress\/wp-json\/wp\/v2\/pages\/403"}],"wp:attachment":[{"href":"https:\/\/eschringen.de\/wordpress\/wp-json\/wp\/v2\/media?parent=860"}],"curies":[{"name":"wp","href":"https:\/\/api.w.org\/{rel}","templated":true}]}}