{"id":853,"date":"2017-02-19T21:03:08","date_gmt":"2017-02-19T20:03:08","guid":{"rendered":"http:\/\/eschringen.de\/wordpress\/?page_id=853"},"modified":"2024-11-28T13:14:35","modified_gmt":"2024-11-28T12:14:35","slug":"19-10-06-yannick-monot-bot-musikpalette-von-cajun-bis-chanson","status":"publish","type":"page","link":"https:\/\/eschringen.de\/wordpress\/geschichte\/archiv\/19-10-06-yannick-monot-bot-musikpalette-von-cajun-bis-chanson\/","title":{"rendered":"19.10.06 &#8211; Yannick Monot bot Musikpalette von Cajun bis Chanson"},"content":{"rendered":"<p><img data-recalc-dims=\"1\" loading=\"lazy\" decoding=\"async\" class=\"alignright\" src=\"https:\/\/i0.wp.com\/eschringen.de\/wordpress\/wp-content\/uploads\/2024\/11\/YannickMonot.jpg?resize=300%2C400&#038;ssl=1\" width=\"300\" height=\"400\" align=\"right\" hspace=\"5\" vspace=\"5\">Mit seinem Soloprogramm gastierte das ehemalige Gr\u00fcndungsmitglied des Trios LE CLOU auf Einladung der AG Eschringer Vereine e. V. im Gasthaus \u201eZur Post\u201c. Der sympathische S\u00e4nger, Gitarrist und Akkordeonist nahm das Publikum mit auf eine musikalische \u201eTour de France\u201c und anschlie\u00dfend auf eine Reise durch das frankophone Nordamerika, von Kanada (Qu\u00e9bec) bis in den S\u00fcden der USA (Louisiana).<br \/>\nEingangs interpretierte er Chansons von Charles Trenet (z. B. \u201eLa mer\u201c) und Georges Brassens (z. B. \u201eL\u2019auvergnat\u201c), \u00fcberraschte auch mit Liedern, die an sich dem amerikanischen Folksong zuzurechnen sind, aber deren Texte eben ins Franz\u00f6sische \u00fcbertragen worden waren. Monot zeigte sich erfreut \u00fcber das konzentrierte Auditorium, bekannte sp\u00e4ter, dass er sich auf diese eher seltenen Rahmenbedingungen erst habe einstellen m\u00fcssen. Besondere Aufmerksamkeit erwarb er sich durch seine filigranen, auf der Gitarre vorgetragenen Instrumentalst\u00fccke und durch die zum Mitswingen anregenden typischen Cajun-St\u00fccke, vornehmlich Two-Steps und Walzer, bei denen er auf ein kleines Akkordeon zur\u00fcckgriff. Balladen von Bob Dylan (\u201eGirl From The North Country\u201c) und Eigenkompositionen (\u201eSainte Marie\u201c) vervollst\u00e4ndigten die breite Musikpalette, stets durch pfiffige Kommentare eingeleitet.<br \/>\nNach einem Zugabenteil bedankte sich Monot bei seinem aufmerksamen Publikum f\u00fcr ein gelungenes Konzert, f\u00fcr das sich die Veranstalter einen gr\u00f6\u00dferen Zuspruch gew\u00fcnscht h\u00e4tten. (rs)<\/p>\n","protected":false},"excerpt":{"rendered":"<p>Mit seinem Soloprogramm gastierte das ehemalige Gr\u00fcndungsmitglied des Trios LE CLOU auf Einladung der AG Eschringer Vereine e. V. im Gasthaus \u201eZur Post\u201c. Der sympathische S\u00e4nger, Gitarrist und Akkordeonist nahm das Publikum mit auf eine musikalische \u201eTour de France\u201c und anschlie\u00dfend auf eine Reise durch das frankophone Nordamerika, von Kanada (Qu\u00e9bec) bis in den S\u00fcden &#8230; <a title=\"19.10.06 &#8211; Yannick Monot bot Musikpalette von Cajun bis Chanson\" class=\"read-more\" href=\"https:\/\/eschringen.de\/wordpress\/geschichte\/archiv\/19-10-06-yannick-monot-bot-musikpalette-von-cajun-bis-chanson\/\" aria-label=\"Mehr Informationen \u00fcber 19.10.06 &#8211; Yannick Monot bot Musikpalette von Cajun bis Chanson\">Weiterlesen &#8230;<\/a><\/p>\n","protected":false},"author":1,"featured_media":0,"parent":403,"menu_order":35,"comment_status":"closed","ping_status":"closed","template":"","meta":{"ngg_post_thumbnail":0,"footnotes":""},"class_list":["post-853","page","type-page","status-publish"],"yoast_head":"<!-- This site is optimized with the Yoast SEO plugin v27.3 - https:\/\/yoast.com\/product\/yoast-seo-wordpress\/ -->\n<title>19.10.06 - Yannick Monot bot Musikpalette von Cajun bis Chanson - Eschringen<\/title>\n<meta name=\"robots\" content=\"index, follow, max-snippet:-1, max-image-preview:large, max-video-preview:-1\" \/>\n<link rel=\"canonical\" href=\"https:\/\/eschringen.de\/wordpress\/geschichte\/archiv\/19-10-06-yannick-monot-bot-musikpalette-von-cajun-bis-chanson\/\" \/>\n<meta property=\"og:locale\" content=\"de_DE\" \/>\n<meta property=\"og:type\" content=\"article\" \/>\n<meta property=\"og:title\" content=\"19.10.06 - Yannick Monot bot Musikpalette von Cajun bis Chanson - Eschringen\" \/>\n<meta property=\"og:description\" content=\"Mit seinem Soloprogramm gastierte das ehemalige Gr\u00fcndungsmitglied des Trios LE CLOU auf Einladung der AG Eschringer Vereine e. V. im Gasthaus \u201eZur Post\u201c. Der sympathische S\u00e4nger, Gitarrist und Akkordeonist nahm das Publikum mit auf eine musikalische \u201eTour de France\u201c und anschlie\u00dfend auf eine Reise durch das frankophone Nordamerika, von Kanada (Qu\u00e9bec) bis in den S\u00fcden ... Weiterlesen ...\" \/>\n<meta property=\"og:url\" content=\"https:\/\/eschringen.de\/wordpress\/geschichte\/archiv\/19-10-06-yannick-monot-bot-musikpalette-von-cajun-bis-chanson\/\" \/>\n<meta property=\"og:site_name\" content=\"Eschringen\" \/>\n<meta property=\"article:modified_time\" content=\"2024-11-28T12:14:35+00:00\" \/>\n<meta property=\"og:image\" content=\"https:\/\/eschringen.de\/wordpress\/wp-content\/uploads\/2024\/11\/YannickMonot.jpg\" \/>\n<meta name=\"twitter:card\" content=\"summary_large_image\" \/>\n<meta name=\"twitter:label1\" content=\"Gesch\u00e4tzte Lesezeit\" \/>\n\t<meta name=\"twitter:data1\" content=\"2\u00a0Minuten\" \/>\n<script type=\"application\/ld+json\" class=\"yoast-schema-graph\">{\"@context\":\"https:\\\/\\\/schema.org\",\"@graph\":[{\"@type\":\"WebPage\",\"@id\":\"https:\\\/\\\/eschringen.de\\\/wordpress\\\/geschichte\\\/archiv\\\/19-10-06-yannick-monot-bot-musikpalette-von-cajun-bis-chanson\\\/\",\"url\":\"https:\\\/\\\/eschringen.de\\\/wordpress\\\/geschichte\\\/archiv\\\/19-10-06-yannick-monot-bot-musikpalette-von-cajun-bis-chanson\\\/\",\"name\":\"19.10.06 - Yannick Monot bot Musikpalette von Cajun bis Chanson - Eschringen\",\"isPartOf\":{\"@id\":\"https:\\\/\\\/eschringen.de\\\/wordpress\\\/#website\"},\"primaryImageOfPage\":{\"@id\":\"https:\\\/\\\/eschringen.de\\\/wordpress\\\/geschichte\\\/archiv\\\/19-10-06-yannick-monot-bot-musikpalette-von-cajun-bis-chanson\\\/#primaryimage\"},\"image\":{\"@id\":\"https:\\\/\\\/eschringen.de\\\/wordpress\\\/geschichte\\\/archiv\\\/19-10-06-yannick-monot-bot-musikpalette-von-cajun-bis-chanson\\\/#primaryimage\"},\"thumbnailUrl\":\"https:\\\/\\\/eschringen.de\\\/wordpress\\\/wp-content\\\/uploads\\\/2024\\\/11\\\/YannickMonot.jpg\",\"datePublished\":\"2017-02-19T20:03:08+00:00\",\"dateModified\":\"2024-11-28T12:14:35+00:00\",\"breadcrumb\":{\"@id\":\"https:\\\/\\\/eschringen.de\\\/wordpress\\\/geschichte\\\/archiv\\\/19-10-06-yannick-monot-bot-musikpalette-von-cajun-bis-chanson\\\/#breadcrumb\"},\"inLanguage\":\"de\",\"potentialAction\":[{\"@type\":\"ReadAction\",\"target\":[\"https:\\\/\\\/eschringen.de\\\/wordpress\\\/geschichte\\\/archiv\\\/19-10-06-yannick-monot-bot-musikpalette-von-cajun-bis-chanson\\\/\"]}]},{\"@type\":\"ImageObject\",\"inLanguage\":\"de\",\"@id\":\"https:\\\/\\\/eschringen.de\\\/wordpress\\\/geschichte\\\/archiv\\\/19-10-06-yannick-monot-bot-musikpalette-von-cajun-bis-chanson\\\/#primaryimage\",\"url\":\"https:\\\/\\\/i0.wp.com\\\/eschringen.de\\\/wordpress\\\/wp-content\\\/uploads\\\/2024\\\/11\\\/YannickMonot.jpg?fit=300%2C400&ssl=1\",\"contentUrl\":\"https:\\\/\\\/i0.wp.com\\\/eschringen.de\\\/wordpress\\\/wp-content\\\/uploads\\\/2024\\\/11\\\/YannickMonot.jpg?fit=300%2C400&ssl=1\",\"width\":300,\"height\":400},{\"@type\":\"BreadcrumbList\",\"@id\":\"https:\\\/\\\/eschringen.de\\\/wordpress\\\/geschichte\\\/archiv\\\/19-10-06-yannick-monot-bot-musikpalette-von-cajun-bis-chanson\\\/#breadcrumb\",\"itemListElement\":[{\"@type\":\"ListItem\",\"position\":1,\"name\":\"Startseite\",\"item\":\"https:\\\/\\\/eschringen.de\\\/wordpress\\\/\"},{\"@type\":\"ListItem\",\"position\":2,\"name\":\"Geschichte\",\"item\":\"https:\\\/\\\/eschringen.de\\\/wordpress\\\/geschichte\\\/\"},{\"@type\":\"ListItem\",\"position\":3,\"name\":\"Archiv\",\"item\":\"https:\\\/\\\/eschringen.de\\\/wordpress\\\/geschichte\\\/archiv\\\/\"},{\"@type\":\"ListItem\",\"position\":4,\"name\":\"19.10.06 &#8211; Yannick Monot bot Musikpalette von Cajun bis Chanson\"}]},{\"@type\":\"WebSite\",\"@id\":\"https:\\\/\\\/eschringen.de\\\/wordpress\\\/#website\",\"url\":\"https:\\\/\\\/eschringen.de\\\/wordpress\\\/\",\"name\":\"Eschringen\",\"description\":\"\",\"publisher\":{\"@id\":\"https:\\\/\\\/eschringen.de\\\/wordpress\\\/#organization\"},\"potentialAction\":[{\"@type\":\"SearchAction\",\"target\":{\"@type\":\"EntryPoint\",\"urlTemplate\":\"https:\\\/\\\/eschringen.de\\\/wordpress\\\/?s={search_term_string}\"},\"query-input\":{\"@type\":\"PropertyValueSpecification\",\"valueRequired\":true,\"valueName\":\"search_term_string\"}}],\"inLanguage\":\"de\"},{\"@type\":\"Organization\",\"@id\":\"https:\\\/\\\/eschringen.de\\\/wordpress\\\/#organization\",\"name\":\"Eschringen\",\"url\":\"https:\\\/\\\/eschringen.de\\\/wordpress\\\/\",\"logo\":{\"@type\":\"ImageObject\",\"inLanguage\":\"de\",\"@id\":\"https:\\\/\\\/eschringen.de\\\/wordpress\\\/#\\\/schema\\\/logo\\\/image\\\/\",\"url\":\"https:\\\/\\\/eschringen.de\\\/wordpress\\\/wp-content\\\/uploads\\\/2017\\\/03\\\/2017_kw15.jpg\",\"contentUrl\":\"https:\\\/\\\/eschringen.de\\\/wordpress\\\/wp-content\\\/uploads\\\/2017\\\/03\\\/2017_kw15.jpg\",\"width\":784,\"height\":447,\"caption\":\"Eschringen\"},\"image\":{\"@id\":\"https:\\\/\\\/eschringen.de\\\/wordpress\\\/#\\\/schema\\\/logo\\\/image\\\/\"}}]}<\/script>\n<!-- \/ Yoast SEO plugin. -->","yoast_head_json":{"title":"19.10.06 - Yannick Monot bot Musikpalette von Cajun bis Chanson - Eschringen","robots":{"index":"index","follow":"follow","max-snippet":"max-snippet:-1","max-image-preview":"max-image-preview:large","max-video-preview":"max-video-preview:-1"},"canonical":"https:\/\/eschringen.de\/wordpress\/geschichte\/archiv\/19-10-06-yannick-monot-bot-musikpalette-von-cajun-bis-chanson\/","og_locale":"de_DE","og_type":"article","og_title":"19.10.06 - Yannick Monot bot Musikpalette von Cajun bis Chanson - Eschringen","og_description":"Mit seinem Soloprogramm gastierte das ehemalige Gr\u00fcndungsmitglied des Trios LE CLOU auf Einladung der AG Eschringer Vereine e. V. im Gasthaus \u201eZur Post\u201c. Der sympathische S\u00e4nger, Gitarrist und Akkordeonist nahm das Publikum mit auf eine musikalische \u201eTour de France\u201c und anschlie\u00dfend auf eine Reise durch das frankophone Nordamerika, von Kanada (Qu\u00e9bec) bis in den S\u00fcden ... Weiterlesen ...","og_url":"https:\/\/eschringen.de\/wordpress\/geschichte\/archiv\/19-10-06-yannick-monot-bot-musikpalette-von-cajun-bis-chanson\/","og_site_name":"Eschringen","article_modified_time":"2024-11-28T12:14:35+00:00","og_image":[{"url":"https:\/\/eschringen.de\/wordpress\/wp-content\/uploads\/2024\/11\/YannickMonot.jpg","type":"","width":"","height":""}],"twitter_card":"summary_large_image","twitter_misc":{"Gesch\u00e4tzte Lesezeit":"2\u00a0Minuten"},"schema":{"@context":"https:\/\/schema.org","@graph":[{"@type":"WebPage","@id":"https:\/\/eschringen.de\/wordpress\/geschichte\/archiv\/19-10-06-yannick-monot-bot-musikpalette-von-cajun-bis-chanson\/","url":"https:\/\/eschringen.de\/wordpress\/geschichte\/archiv\/19-10-06-yannick-monot-bot-musikpalette-von-cajun-bis-chanson\/","name":"19.10.06 - Yannick Monot bot Musikpalette von Cajun bis Chanson - Eschringen","isPartOf":{"@id":"https:\/\/eschringen.de\/wordpress\/#website"},"primaryImageOfPage":{"@id":"https:\/\/eschringen.de\/wordpress\/geschichte\/archiv\/19-10-06-yannick-monot-bot-musikpalette-von-cajun-bis-chanson\/#primaryimage"},"image":{"@id":"https:\/\/eschringen.de\/wordpress\/geschichte\/archiv\/19-10-06-yannick-monot-bot-musikpalette-von-cajun-bis-chanson\/#primaryimage"},"thumbnailUrl":"https:\/\/eschringen.de\/wordpress\/wp-content\/uploads\/2024\/11\/YannickMonot.jpg","datePublished":"2017-02-19T20:03:08+00:00","dateModified":"2024-11-28T12:14:35+00:00","breadcrumb":{"@id":"https:\/\/eschringen.de\/wordpress\/geschichte\/archiv\/19-10-06-yannick-monot-bot-musikpalette-von-cajun-bis-chanson\/#breadcrumb"},"inLanguage":"de","potentialAction":[{"@type":"ReadAction","target":["https:\/\/eschringen.de\/wordpress\/geschichte\/archiv\/19-10-06-yannick-monot-bot-musikpalette-von-cajun-bis-chanson\/"]}]},{"@type":"ImageObject","inLanguage":"de","@id":"https:\/\/eschringen.de\/wordpress\/geschichte\/archiv\/19-10-06-yannick-monot-bot-musikpalette-von-cajun-bis-chanson\/#primaryimage","url":"https:\/\/i0.wp.com\/eschringen.de\/wordpress\/wp-content\/uploads\/2024\/11\/YannickMonot.jpg?fit=300%2C400&ssl=1","contentUrl":"https:\/\/i0.wp.com\/eschringen.de\/wordpress\/wp-content\/uploads\/2024\/11\/YannickMonot.jpg?fit=300%2C400&ssl=1","width":300,"height":400},{"@type":"BreadcrumbList","@id":"https:\/\/eschringen.de\/wordpress\/geschichte\/archiv\/19-10-06-yannick-monot-bot-musikpalette-von-cajun-bis-chanson\/#breadcrumb","itemListElement":[{"@type":"ListItem","position":1,"name":"Startseite","item":"https:\/\/eschringen.de\/wordpress\/"},{"@type":"ListItem","position":2,"name":"Geschichte","item":"https:\/\/eschringen.de\/wordpress\/geschichte\/"},{"@type":"ListItem","position":3,"name":"Archiv","item":"https:\/\/eschringen.de\/wordpress\/geschichte\/archiv\/"},{"@type":"ListItem","position":4,"name":"19.10.06 &#8211; Yannick Monot bot Musikpalette von Cajun bis Chanson"}]},{"@type":"WebSite","@id":"https:\/\/eschringen.de\/wordpress\/#website","url":"https:\/\/eschringen.de\/wordpress\/","name":"Eschringen","description":"","publisher":{"@id":"https:\/\/eschringen.de\/wordpress\/#organization"},"potentialAction":[{"@type":"SearchAction","target":{"@type":"EntryPoint","urlTemplate":"https:\/\/eschringen.de\/wordpress\/?s={search_term_string}"},"query-input":{"@type":"PropertyValueSpecification","valueRequired":true,"valueName":"search_term_string"}}],"inLanguage":"de"},{"@type":"Organization","@id":"https:\/\/eschringen.de\/wordpress\/#organization","name":"Eschringen","url":"https:\/\/eschringen.de\/wordpress\/","logo":{"@type":"ImageObject","inLanguage":"de","@id":"https:\/\/eschringen.de\/wordpress\/#\/schema\/logo\/image\/","url":"https:\/\/eschringen.de\/wordpress\/wp-content\/uploads\/2017\/03\/2017_kw15.jpg","contentUrl":"https:\/\/eschringen.de\/wordpress\/wp-content\/uploads\/2017\/03\/2017_kw15.jpg","width":784,"height":447,"caption":"Eschringen"},"image":{"@id":"https:\/\/eschringen.de\/wordpress\/#\/schema\/logo\/image\/"}}]}},"jetpack_sharing_enabled":true,"_links":{"self":[{"href":"https:\/\/eschringen.de\/wordpress\/wp-json\/wp\/v2\/pages\/853","targetHints":{"allow":["GET"]}}],"collection":[{"href":"https:\/\/eschringen.de\/wordpress\/wp-json\/wp\/v2\/pages"}],"about":[{"href":"https:\/\/eschringen.de\/wordpress\/wp-json\/wp\/v2\/types\/page"}],"author":[{"embeddable":true,"href":"https:\/\/eschringen.de\/wordpress\/wp-json\/wp\/v2\/users\/1"}],"replies":[{"embeddable":true,"href":"https:\/\/eschringen.de\/wordpress\/wp-json\/wp\/v2\/comments?post=853"}],"version-history":[{"count":2,"href":"https:\/\/eschringen.de\/wordpress\/wp-json\/wp\/v2\/pages\/853\/revisions"}],"predecessor-version":[{"id":4884,"href":"https:\/\/eschringen.de\/wordpress\/wp-json\/wp\/v2\/pages\/853\/revisions\/4884"}],"up":[{"embeddable":true,"href":"https:\/\/eschringen.de\/wordpress\/wp-json\/wp\/v2\/pages\/403"}],"wp:attachment":[{"href":"https:\/\/eschringen.de\/wordpress\/wp-json\/wp\/v2\/media?parent=853"}],"curies":[{"name":"wp","href":"https:\/\/api.w.org\/{rel}","templated":true}]}}