{"id":847,"date":"2017-02-19T20:55:01","date_gmt":"2017-02-19T19:55:01","guid":{"rendered":"http:\/\/eschringen.de\/wordpress\/?page_id=847"},"modified":"2024-11-24T23:09:12","modified_gmt":"2024-11-24T22:09:12","slug":"12-04-07-edeltraud-rey-amuesierte-mit-bayerischen-liedern-und-geschichten","status":"publish","type":"page","link":"https:\/\/eschringen.de\/wordpress\/geschichte\/archiv\/12-04-07-edeltraud-rey-amuesierte-mit-bayerischen-liedern-und-geschichten\/","title":{"rendered":"12.04.07 &#8211; Edeltraud Rey am\u00fcsierte mit bayerischen Liedern und Geschichten"},"content":{"rendered":"<p><img data-recalc-dims=\"1\" loading=\"lazy\" decoding=\"async\" class=\"alignleft\" src=\"https:\/\/i0.wp.com\/eschringen.de\/wordpress\/wp-content\/uploads\/2024\/11\/ReyKonzert1.jpg?resize=300%2C200&#038;ssl=1\" width=\"300\" height=\"200\" align=\"left\" hspace=\"5\" vspace=\"5\">In ihrer Heimat ist die \u201ekecke Blondine\u201c (Saarbr\u00fccker Zeitung) l\u00e4ngst keine Unbekannte mehr. Umso gespannter war sie bei ihrem ersten Gastspiel im Saarland, ob ihr Programm \u201e&#8230;una bavarese vera\u201c auch in der Ferne ankommen w\u00fcrde.<br \/>\nDer Saal im Gasthaus \u201eZur Post\u201c war gut gef\u00fcllt, und an sich war es irgendwie auch ein bisschen wie ein Heimspiel. Vor allem als Edeltraud Rey zuvor bewusst geworden war, dass sie ja auf einst bayerischer Erde auftreten w\u00fcrde. Die \u201eDame in schwarz\u201c (und barfu\u00df) begr\u00fc\u00dfte das Publikum mit einer Art Lobeslied (\u201eVorm Fernseha\u201c), denn in diesen Zeiten will es schon einiges bedeuten,<br clear=\"left\"><img data-recalc-dims=\"1\" loading=\"lazy\" decoding=\"async\" class=\"alignright\" src=\"https:\/\/i0.wp.com\/eschringen.de\/wordpress\/wp-content\/uploads\/2024\/11\/ReyKonzert3.jpg?resize=300%2C384&#038;ssl=1\" width=\"300\" height=\"384\" align=\"right\" hspace=\"5\" vspace=\"5\">wenn Menschen sich zu einem Konzert aufmachen statt vor der Glotze zu sitzen. Edeltraud Rey verzichtete auf einen gegl\u00e4tteten mundartlichen Vortrag; sie verstellte sich nicht, auch mit dem Risiko, dass ihr oberbayerischer Dialekt nicht immer komplett verstanden wurde. Sie hatte aber clevererweise ein Infoblatt verteilt, auf dem sie bayerische Begriffe und Redewendungen erkl\u00e4rte. Besonders schwierige W\u00f6rter und S\u00e4tze erl\u00e4uterte sie \u201evor Ort\u201c: z. B. was man unter einer \u201eQuadratratschn\u201c (= st\u00e4ndig tratschende Frau) oder unter einem \u201eKeandlgfuadada\u201c (= dicker, feister Mann) zu verstehen hat. Ihre mit Gitarre begleiteten Lieder gingen gut ins Ohr, die Texte drehten sich um den Alltag, nat\u00fcrlich auch spezifisch weiblichen Themen und der Tatsache, dass \u201eM\u00e4nnlein und Weiblein\u201c an sich nicht zusammenpassen, dann doch aber irgendwie zueiander finden. Der wohl beliebteste Titel aus ihrem Repertoire hie\u00df denn auch nicht von ungef\u00e4hr \u201eKoa Weib, koa Mo\u201c. Dass die Stimmung im Saal bestens war, unterstrich das Publikum bei \u201eT-T-T-Tierisch\u201c, wo es mitklatschte und mitsang. Jedenfalls endete der vern\u00fcgliche Abend nach einigen Zugaben f\u00fcr alle Anwesenden mehr als zufriedenstellend. Edeltraud Rey d\u00fcrfte ihr Ausflug in den einst westlichsten Ort Bayerns in guter Erinnerung bleiben.<\/p>\n","protected":false},"excerpt":{"rendered":"<p>In ihrer Heimat ist die \u201ekecke Blondine\u201c (Saarbr\u00fccker Zeitung) l\u00e4ngst keine Unbekannte mehr. Umso gespannter war sie bei ihrem ersten Gastspiel im Saarland, ob ihr Programm \u201e&#8230;una bavarese vera\u201c auch in der Ferne ankommen w\u00fcrde. Der Saal im Gasthaus \u201eZur Post\u201c war gut gef\u00fcllt, und an sich war es irgendwie auch ein bisschen wie ein &#8230; <a title=\"12.04.07 &#8211; Edeltraud Rey am\u00fcsierte mit bayerischen Liedern und Geschichten\" class=\"read-more\" href=\"https:\/\/eschringen.de\/wordpress\/geschichte\/archiv\/12-04-07-edeltraud-rey-amuesierte-mit-bayerischen-liedern-und-geschichten\/\" aria-label=\"Mehr Informationen \u00fcber 12.04.07 &#8211; Edeltraud Rey am\u00fcsierte mit bayerischen Liedern und Geschichten\">Weiterlesen &#8230;<\/a><\/p>\n","protected":false},"author":1,"featured_media":0,"parent":403,"menu_order":33,"comment_status":"closed","ping_status":"closed","template":"","meta":{"ngg_post_thumbnail":0,"footnotes":""},"class_list":["post-847","page","type-page","status-publish"],"yoast_head":"<!-- This site is optimized with the Yoast SEO plugin v27.4 - https:\/\/yoast.com\/product\/yoast-seo-wordpress\/ -->\n<title>12.04.07 - Edeltraud Rey am\u00fcsierte mit bayerischen Liedern und Geschichten - Eschringen<\/title>\n<meta name=\"robots\" content=\"index, follow, max-snippet:-1, max-image-preview:large, max-video-preview:-1\" \/>\n<link rel=\"canonical\" href=\"https:\/\/eschringen.de\/wordpress\/geschichte\/archiv\/12-04-07-edeltraud-rey-amuesierte-mit-bayerischen-liedern-und-geschichten\/\" \/>\n<meta property=\"og:locale\" content=\"de_DE\" \/>\n<meta property=\"og:type\" content=\"article\" \/>\n<meta property=\"og:title\" content=\"12.04.07 - Edeltraud Rey am\u00fcsierte mit bayerischen Liedern und Geschichten - Eschringen\" \/>\n<meta property=\"og:description\" content=\"In ihrer Heimat ist die \u201ekecke Blondine\u201c (Saarbr\u00fccker Zeitung) l\u00e4ngst keine Unbekannte mehr. Umso gespannter war sie bei ihrem ersten Gastspiel im Saarland, ob ihr Programm \u201e&#8230;una bavarese vera\u201c auch in der Ferne ankommen w\u00fcrde. Der Saal im Gasthaus \u201eZur Post\u201c war gut gef\u00fcllt, und an sich war es irgendwie auch ein bisschen wie ein ... Weiterlesen ...\" \/>\n<meta property=\"og:url\" content=\"https:\/\/eschringen.de\/wordpress\/geschichte\/archiv\/12-04-07-edeltraud-rey-amuesierte-mit-bayerischen-liedern-und-geschichten\/\" \/>\n<meta property=\"og:site_name\" content=\"Eschringen\" \/>\n<meta property=\"article:modified_time\" content=\"2024-11-24T22:09:12+00:00\" \/>\n<meta property=\"og:image\" content=\"https:\/\/eschringen.de\/wordpress\/wp-content\/uploads\/2024\/11\/ReyKonzert1.jpg\" \/>\n<meta name=\"twitter:card\" content=\"summary_large_image\" \/>\n<meta name=\"twitter:label1\" content=\"Gesch\u00e4tzte Lesezeit\" \/>\n\t<meta name=\"twitter:data1\" content=\"2\u00a0Minuten\" \/>\n<script type=\"application\/ld+json\" class=\"yoast-schema-graph\">{\"@context\":\"https:\\\/\\\/schema.org\",\"@graph\":[{\"@type\":\"WebPage\",\"@id\":\"https:\\\/\\\/eschringen.de\\\/wordpress\\\/geschichte\\\/archiv\\\/12-04-07-edeltraud-rey-amuesierte-mit-bayerischen-liedern-und-geschichten\\\/\",\"url\":\"https:\\\/\\\/eschringen.de\\\/wordpress\\\/geschichte\\\/archiv\\\/12-04-07-edeltraud-rey-amuesierte-mit-bayerischen-liedern-und-geschichten\\\/\",\"name\":\"12.04.07 - Edeltraud Rey am\u00fcsierte mit bayerischen Liedern und Geschichten - Eschringen\",\"isPartOf\":{\"@id\":\"https:\\\/\\\/eschringen.de\\\/wordpress\\\/#website\"},\"primaryImageOfPage\":{\"@id\":\"https:\\\/\\\/eschringen.de\\\/wordpress\\\/geschichte\\\/archiv\\\/12-04-07-edeltraud-rey-amuesierte-mit-bayerischen-liedern-und-geschichten\\\/#primaryimage\"},\"image\":{\"@id\":\"https:\\\/\\\/eschringen.de\\\/wordpress\\\/geschichte\\\/archiv\\\/12-04-07-edeltraud-rey-amuesierte-mit-bayerischen-liedern-und-geschichten\\\/#primaryimage\"},\"thumbnailUrl\":\"https:\\\/\\\/eschringen.de\\\/wordpress\\\/wp-content\\\/uploads\\\/2024\\\/11\\\/ReyKonzert1.jpg\",\"datePublished\":\"2017-02-19T19:55:01+00:00\",\"dateModified\":\"2024-11-24T22:09:12+00:00\",\"breadcrumb\":{\"@id\":\"https:\\\/\\\/eschringen.de\\\/wordpress\\\/geschichte\\\/archiv\\\/12-04-07-edeltraud-rey-amuesierte-mit-bayerischen-liedern-und-geschichten\\\/#breadcrumb\"},\"inLanguage\":\"de\",\"potentialAction\":[{\"@type\":\"ReadAction\",\"target\":[\"https:\\\/\\\/eschringen.de\\\/wordpress\\\/geschichte\\\/archiv\\\/12-04-07-edeltraud-rey-amuesierte-mit-bayerischen-liedern-und-geschichten\\\/\"]}]},{\"@type\":\"ImageObject\",\"inLanguage\":\"de\",\"@id\":\"https:\\\/\\\/eschringen.de\\\/wordpress\\\/geschichte\\\/archiv\\\/12-04-07-edeltraud-rey-amuesierte-mit-bayerischen-liedern-und-geschichten\\\/#primaryimage\",\"url\":\"https:\\\/\\\/i0.wp.com\\\/eschringen.de\\\/wordpress\\\/wp-content\\\/uploads\\\/2024\\\/11\\\/ReyKonzert1.jpg?fit=300%2C200&ssl=1\",\"contentUrl\":\"https:\\\/\\\/i0.wp.com\\\/eschringen.de\\\/wordpress\\\/wp-content\\\/uploads\\\/2024\\\/11\\\/ReyKonzert1.jpg?fit=300%2C200&ssl=1\",\"width\":300,\"height\":200},{\"@type\":\"BreadcrumbList\",\"@id\":\"https:\\\/\\\/eschringen.de\\\/wordpress\\\/geschichte\\\/archiv\\\/12-04-07-edeltraud-rey-amuesierte-mit-bayerischen-liedern-und-geschichten\\\/#breadcrumb\",\"itemListElement\":[{\"@type\":\"ListItem\",\"position\":1,\"name\":\"Startseite\",\"item\":\"https:\\\/\\\/eschringen.de\\\/wordpress\\\/\"},{\"@type\":\"ListItem\",\"position\":2,\"name\":\"Geschichte\",\"item\":\"https:\\\/\\\/eschringen.de\\\/wordpress\\\/geschichte\\\/\"},{\"@type\":\"ListItem\",\"position\":3,\"name\":\"Archiv\",\"item\":\"https:\\\/\\\/eschringen.de\\\/wordpress\\\/geschichte\\\/archiv\\\/\"},{\"@type\":\"ListItem\",\"position\":4,\"name\":\"12.04.07 &#8211; Edeltraud Rey am\u00fcsierte mit bayerischen Liedern und Geschichten\"}]},{\"@type\":\"WebSite\",\"@id\":\"https:\\\/\\\/eschringen.de\\\/wordpress\\\/#website\",\"url\":\"https:\\\/\\\/eschringen.de\\\/wordpress\\\/\",\"name\":\"Eschringen\",\"description\":\"\",\"publisher\":{\"@id\":\"https:\\\/\\\/eschringen.de\\\/wordpress\\\/#organization\"},\"potentialAction\":[{\"@type\":\"SearchAction\",\"target\":{\"@type\":\"EntryPoint\",\"urlTemplate\":\"https:\\\/\\\/eschringen.de\\\/wordpress\\\/?s={search_term_string}\"},\"query-input\":{\"@type\":\"PropertyValueSpecification\",\"valueRequired\":true,\"valueName\":\"search_term_string\"}}],\"inLanguage\":\"de\"},{\"@type\":\"Organization\",\"@id\":\"https:\\\/\\\/eschringen.de\\\/wordpress\\\/#organization\",\"name\":\"Eschringen\",\"url\":\"https:\\\/\\\/eschringen.de\\\/wordpress\\\/\",\"logo\":{\"@type\":\"ImageObject\",\"inLanguage\":\"de\",\"@id\":\"https:\\\/\\\/eschringen.de\\\/wordpress\\\/#\\\/schema\\\/logo\\\/image\\\/\",\"url\":\"https:\\\/\\\/eschringen.de\\\/wordpress\\\/wp-content\\\/uploads\\\/2017\\\/03\\\/2017_kw15.jpg\",\"contentUrl\":\"https:\\\/\\\/eschringen.de\\\/wordpress\\\/wp-content\\\/uploads\\\/2017\\\/03\\\/2017_kw15.jpg\",\"width\":784,\"height\":447,\"caption\":\"Eschringen\"},\"image\":{\"@id\":\"https:\\\/\\\/eschringen.de\\\/wordpress\\\/#\\\/schema\\\/logo\\\/image\\\/\"}}]}<\/script>\n<!-- \/ Yoast SEO plugin. -->","yoast_head_json":{"title":"12.04.07 - Edeltraud Rey am\u00fcsierte mit bayerischen Liedern und Geschichten - Eschringen","robots":{"index":"index","follow":"follow","max-snippet":"max-snippet:-1","max-image-preview":"max-image-preview:large","max-video-preview":"max-video-preview:-1"},"canonical":"https:\/\/eschringen.de\/wordpress\/geschichte\/archiv\/12-04-07-edeltraud-rey-amuesierte-mit-bayerischen-liedern-und-geschichten\/","og_locale":"de_DE","og_type":"article","og_title":"12.04.07 - Edeltraud Rey am\u00fcsierte mit bayerischen Liedern und Geschichten - Eschringen","og_description":"In ihrer Heimat ist die \u201ekecke Blondine\u201c (Saarbr\u00fccker Zeitung) l\u00e4ngst keine Unbekannte mehr. Umso gespannter war sie bei ihrem ersten Gastspiel im Saarland, ob ihr Programm \u201e&#8230;una bavarese vera\u201c auch in der Ferne ankommen w\u00fcrde. Der Saal im Gasthaus \u201eZur Post\u201c war gut gef\u00fcllt, und an sich war es irgendwie auch ein bisschen wie ein ... Weiterlesen ...","og_url":"https:\/\/eschringen.de\/wordpress\/geschichte\/archiv\/12-04-07-edeltraud-rey-amuesierte-mit-bayerischen-liedern-und-geschichten\/","og_site_name":"Eschringen","article_modified_time":"2024-11-24T22:09:12+00:00","og_image":[{"url":"https:\/\/eschringen.de\/wordpress\/wp-content\/uploads\/2024\/11\/ReyKonzert1.jpg","type":"","width":"","height":""}],"twitter_card":"summary_large_image","twitter_misc":{"Gesch\u00e4tzte Lesezeit":"2\u00a0Minuten"},"schema":{"@context":"https:\/\/schema.org","@graph":[{"@type":"WebPage","@id":"https:\/\/eschringen.de\/wordpress\/geschichte\/archiv\/12-04-07-edeltraud-rey-amuesierte-mit-bayerischen-liedern-und-geschichten\/","url":"https:\/\/eschringen.de\/wordpress\/geschichte\/archiv\/12-04-07-edeltraud-rey-amuesierte-mit-bayerischen-liedern-und-geschichten\/","name":"12.04.07 - Edeltraud Rey am\u00fcsierte mit bayerischen Liedern und Geschichten - Eschringen","isPartOf":{"@id":"https:\/\/eschringen.de\/wordpress\/#website"},"primaryImageOfPage":{"@id":"https:\/\/eschringen.de\/wordpress\/geschichte\/archiv\/12-04-07-edeltraud-rey-amuesierte-mit-bayerischen-liedern-und-geschichten\/#primaryimage"},"image":{"@id":"https:\/\/eschringen.de\/wordpress\/geschichte\/archiv\/12-04-07-edeltraud-rey-amuesierte-mit-bayerischen-liedern-und-geschichten\/#primaryimage"},"thumbnailUrl":"https:\/\/eschringen.de\/wordpress\/wp-content\/uploads\/2024\/11\/ReyKonzert1.jpg","datePublished":"2017-02-19T19:55:01+00:00","dateModified":"2024-11-24T22:09:12+00:00","breadcrumb":{"@id":"https:\/\/eschringen.de\/wordpress\/geschichte\/archiv\/12-04-07-edeltraud-rey-amuesierte-mit-bayerischen-liedern-und-geschichten\/#breadcrumb"},"inLanguage":"de","potentialAction":[{"@type":"ReadAction","target":["https:\/\/eschringen.de\/wordpress\/geschichte\/archiv\/12-04-07-edeltraud-rey-amuesierte-mit-bayerischen-liedern-und-geschichten\/"]}]},{"@type":"ImageObject","inLanguage":"de","@id":"https:\/\/eschringen.de\/wordpress\/geschichte\/archiv\/12-04-07-edeltraud-rey-amuesierte-mit-bayerischen-liedern-und-geschichten\/#primaryimage","url":"https:\/\/i0.wp.com\/eschringen.de\/wordpress\/wp-content\/uploads\/2024\/11\/ReyKonzert1.jpg?fit=300%2C200&ssl=1","contentUrl":"https:\/\/i0.wp.com\/eschringen.de\/wordpress\/wp-content\/uploads\/2024\/11\/ReyKonzert1.jpg?fit=300%2C200&ssl=1","width":300,"height":200},{"@type":"BreadcrumbList","@id":"https:\/\/eschringen.de\/wordpress\/geschichte\/archiv\/12-04-07-edeltraud-rey-amuesierte-mit-bayerischen-liedern-und-geschichten\/#breadcrumb","itemListElement":[{"@type":"ListItem","position":1,"name":"Startseite","item":"https:\/\/eschringen.de\/wordpress\/"},{"@type":"ListItem","position":2,"name":"Geschichte","item":"https:\/\/eschringen.de\/wordpress\/geschichte\/"},{"@type":"ListItem","position":3,"name":"Archiv","item":"https:\/\/eschringen.de\/wordpress\/geschichte\/archiv\/"},{"@type":"ListItem","position":4,"name":"12.04.07 &#8211; Edeltraud Rey am\u00fcsierte mit bayerischen Liedern und Geschichten"}]},{"@type":"WebSite","@id":"https:\/\/eschringen.de\/wordpress\/#website","url":"https:\/\/eschringen.de\/wordpress\/","name":"Eschringen","description":"","publisher":{"@id":"https:\/\/eschringen.de\/wordpress\/#organization"},"potentialAction":[{"@type":"SearchAction","target":{"@type":"EntryPoint","urlTemplate":"https:\/\/eschringen.de\/wordpress\/?s={search_term_string}"},"query-input":{"@type":"PropertyValueSpecification","valueRequired":true,"valueName":"search_term_string"}}],"inLanguage":"de"},{"@type":"Organization","@id":"https:\/\/eschringen.de\/wordpress\/#organization","name":"Eschringen","url":"https:\/\/eschringen.de\/wordpress\/","logo":{"@type":"ImageObject","inLanguage":"de","@id":"https:\/\/eschringen.de\/wordpress\/#\/schema\/logo\/image\/","url":"https:\/\/eschringen.de\/wordpress\/wp-content\/uploads\/2017\/03\/2017_kw15.jpg","contentUrl":"https:\/\/eschringen.de\/wordpress\/wp-content\/uploads\/2017\/03\/2017_kw15.jpg","width":784,"height":447,"caption":"Eschringen"},"image":{"@id":"https:\/\/eschringen.de\/wordpress\/#\/schema\/logo\/image\/"}}]}},"jetpack_sharing_enabled":true,"_links":{"self":[{"href":"https:\/\/eschringen.de\/wordpress\/wp-json\/wp\/v2\/pages\/847","targetHints":{"allow":["GET"]}}],"collection":[{"href":"https:\/\/eschringen.de\/wordpress\/wp-json\/wp\/v2\/pages"}],"about":[{"href":"https:\/\/eschringen.de\/wordpress\/wp-json\/wp\/v2\/types\/page"}],"author":[{"embeddable":true,"href":"https:\/\/eschringen.de\/wordpress\/wp-json\/wp\/v2\/users\/1"}],"replies":[{"embeddable":true,"href":"https:\/\/eschringen.de\/wordpress\/wp-json\/wp\/v2\/comments?post=847"}],"version-history":[{"count":2,"href":"https:\/\/eschringen.de\/wordpress\/wp-json\/wp\/v2\/pages\/847\/revisions"}],"predecessor-version":[{"id":4868,"href":"https:\/\/eschringen.de\/wordpress\/wp-json\/wp\/v2\/pages\/847\/revisions\/4868"}],"up":[{"embeddable":true,"href":"https:\/\/eschringen.de\/wordpress\/wp-json\/wp\/v2\/pages\/403"}],"wp:attachment":[{"href":"https:\/\/eschringen.de\/wordpress\/wp-json\/wp\/v2\/media?parent=847"}],"curies":[{"name":"wp","href":"https:\/\/api.w.org\/{rel}","templated":true}]}}