{"id":838,"date":"2017-02-19T20:33:35","date_gmt":"2017-02-19T19:33:35","guid":{"rendered":"http:\/\/eschringen.de\/wordpress\/?page_id=838"},"modified":"2024-11-24T22:56:59","modified_gmt":"2024-11-24T21:56:59","slug":"02-08-07-zuenftige-einweihung-der-bayerischen-info-tafel","status":"publish","type":"page","link":"https:\/\/eschringen.de\/wordpress\/geschichte\/archiv\/02-08-07-zuenftige-einweihung-der-bayerischen-info-tafel\/","title":{"rendered":"02.08.07 &#8211; Z\u00fcnftige Einweihung der \u201ebayerischen\u201c Info-Tafel"},"content":{"rendered":"<div><img data-recalc-dims=\"1\" loading=\"lazy\" decoding=\"async\" class=\"aligncenter\" src=\"https:\/\/i0.wp.com\/eschringen.de\/wordpress\/wp-content\/uploads\/2024\/11\/BayGrenz1.jpg?resize=590%2C443&#038;ssl=1\" width=\"590\" height=\"443\" border=\"1\" hspace=\"0\" vspace=\"4\"><\/div>\n<p>Getreu dem Motto \u201eGut Ding will Weile haben\u201c steht seit Ende Juli 2007 endlich die im vergangenen Jahr von der Geschichtswerkstatt Eschringen\/VHS Halberg initiierte SaarErlebnisland-Info-Tafel am Parkplatz des erneuerten ZKE\/EVS-Kl\u00e4rwerks. Sie wurde dankenswerterweise mit Mitteln des Wirtschaftsministeriums und durch tatkr\u00e4ftige Mithilfe seitens des Stadtverbandes Saarbr\u00fccken realisiert und mit Helfern der AG Eschringer Vereine e. V. installiert.<br \/>\n<img data-recalc-dims=\"1\" loading=\"lazy\" decoding=\"async\" class=\"alignleft\" src=\"https:\/\/i0.wp.com\/eschringen.de\/wordpress\/wp-content\/uploads\/2024\/11\/BayGrenz2.jpg?resize=300%2C289&#038;ssl=1\" width=\"300\" height=\"289\" align=\"left\" border=\"1\" hspace=\"4\" vspace=\"5\"> Am Vormittag des 2. August 2007 wurde nun diese Info-Tafel offiziell eingeweiht. AG-Vorsitzender Arno Schmitt begr\u00fc\u00dfte die G\u00e4ste, die den Weg nach Eschringen (bzw. an seine alte Banngrenze nach Fechingen zu) gefunden hatten: u. a. aus dem \u201epreu\u00dfischen Teil\u201c des Bezirks Halberg den Vorsitzenden der AG Fechinger Ortsvereine, G\u00fcnter Nieser, und Bezirksb\u00fcrgermeisterin Anette H\u00fcbinger. Letztere hatte sich, trotz gef\u00fcllten Terminkalenders (bekanntlich ist sie ja als CDU-Bundestagsabgeordnete auch oft \u201eau\u00dfer Landes\u201c), die Teilnahme an der kleinen Zeremonie nicht nehmen lassen wollen. Des Weiteren fanden sich Aktive von Geschichtswerkstatt und NABU-Ortsgruppe ein. VertreterInnen der eingangs erw\u00e4hnten Institutionen waren der Einweihung leider ferngeblieben.<br clear=\"left\"><img data-recalc-dims=\"1\" loading=\"lazy\" decoding=\"async\" class=\"alignright\" src=\"https:\/\/i0.wp.com\/eschringen.de\/wordpress\/wp-content\/uploads\/2024\/11\/BayGrenz3.jpg?resize=300%2C400&#038;ssl=1\" width=\"300\" height=\"400\" align=\"right\" border=\"1\" hspace=\"5\" vspace=\"3\"> Nach Begr\u00fc\u00dfung und kurzer Einf\u00fchrung enth\u00fcllten Arno Schmitt und Bezirksb\u00fcrgermeisterin H\u00fcbinger unter Applaus die Info-Tafel. Roland Schmitt, AG-Gesch\u00e4ftsf\u00fchrer und Leiter der Geschichtswerkstatt, erl\u00e4uterte dann anhand der Texte und Abbildungen (vornehmlich historische Fotos) die \u00fcber 100-j\u00e4hrige \u201ewei\u00df-blaue\u201c Geschichte Eschringens. Der Parkplatz dr\u00e4nge sich als Standort deshalb auf, weil unmittelbar hier seit dem Ende des Wiener Kongresses ab 1816 die ehemalige bayerisch-preu\u00dfische Landesgrenze verlief. Hier d\u00fcrfte auch f\u00fcr lange Zeit (von 1818 bis in die 1930er Jahre) ein gusseisernes Grenzzeichen gestanden haben. Einen Original-Abguss hatten die Initiatoren eigens f\u00fcr Einweihung aus dem Fundus geholt und neben der Info-Tafel aufgeh\u00e4ngt. Mit dieser Tafel wolle man, so R. Schmitt, bei den Einheimischen das Interesse f\u00fcr die \u201ebayerische\u201c Zeit Eschringens und der Umgebung wecken sowie Durchreisende auf diese lokale Besonderheit aufmerksam machen.<br clear=\"right\"><img data-recalc-dims=\"1\" loading=\"lazy\" decoding=\"async\" class=\"alignleft\" src=\"https:\/\/i0.wp.com\/eschringen.de\/wordpress\/wp-content\/uploads\/2024\/11\/BayGrenz4A.jpg?resize=300%2C225&#038;ssl=1\" width=\"300\" height=\"225\" align=\"left\" border=\"1\" hspace=\"5\" vspace=\"3\"> Nicht Sekt oder Champagner, sondern Bockbier und Pils sorgten f\u00fcr einen z\u00fcnftigen Ausklang.<\/p>\n<p>&nbsp;<\/p>\n<p>Hier noch einmal die Infotafel allein als <a href=\"http:\/\/www.eschringen.de\/wordpress\/wp-content\/uploads\/2017\/02\/Infotafel.pdf\">PDF-Datei<\/a><\/p>\n","protected":false},"excerpt":{"rendered":"<p>Getreu dem Motto \u201eGut Ding will Weile haben\u201c steht seit Ende Juli 2007 endlich die im vergangenen Jahr von der Geschichtswerkstatt Eschringen\/VHS Halberg initiierte SaarErlebnisland-Info-Tafel am Parkplatz des erneuerten ZKE\/EVS-Kl\u00e4rwerks. Sie wurde dankenswerterweise mit Mitteln des Wirtschaftsministeriums und durch tatkr\u00e4ftige Mithilfe seitens des Stadtverbandes Saarbr\u00fccken realisiert und mit Helfern der AG Eschringer Vereine e. V. &#8230; <a title=\"02.08.07 &#8211; Z\u00fcnftige Einweihung der \u201ebayerischen\u201c Info-Tafel\" class=\"read-more\" href=\"https:\/\/eschringen.de\/wordpress\/geschichte\/archiv\/02-08-07-zuenftige-einweihung-der-bayerischen-info-tafel\/\" aria-label=\"Mehr Informationen \u00fcber 02.08.07 &#8211; Z\u00fcnftige Einweihung der \u201ebayerischen\u201c Info-Tafel\">Weiterlesen &#8230;<\/a><\/p>\n","protected":false},"author":1,"featured_media":0,"parent":403,"menu_order":30,"comment_status":"closed","ping_status":"closed","template":"","meta":{"ngg_post_thumbnail":0,"footnotes":""},"class_list":["post-838","page","type-page","status-publish"],"yoast_head":"<!-- This site is optimized with the Yoast SEO plugin v27.4 - https:\/\/yoast.com\/product\/yoast-seo-wordpress\/ -->\n<title>02.08.07 - Z\u00fcnftige Einweihung der \u201ebayerischen\u201c Info-Tafel - Eschringen<\/title>\n<meta name=\"robots\" content=\"index, follow, max-snippet:-1, max-image-preview:large, max-video-preview:-1\" \/>\n<link rel=\"canonical\" href=\"https:\/\/eschringen.de\/wordpress\/geschichte\/archiv\/02-08-07-zuenftige-einweihung-der-bayerischen-info-tafel\/\" \/>\n<meta property=\"og:locale\" content=\"de_DE\" \/>\n<meta property=\"og:type\" content=\"article\" \/>\n<meta property=\"og:title\" content=\"02.08.07 - Z\u00fcnftige Einweihung der \u201ebayerischen\u201c Info-Tafel - Eschringen\" \/>\n<meta property=\"og:description\" content=\"Getreu dem Motto \u201eGut Ding will Weile haben\u201c steht seit Ende Juli 2007 endlich die im vergangenen Jahr von der Geschichtswerkstatt Eschringen\/VHS Halberg initiierte SaarErlebnisland-Info-Tafel am Parkplatz des erneuerten ZKE\/EVS-Kl\u00e4rwerks. Sie wurde dankenswerterweise mit Mitteln des Wirtschaftsministeriums und durch tatkr\u00e4ftige Mithilfe seitens des Stadtverbandes Saarbr\u00fccken realisiert und mit Helfern der AG Eschringer Vereine e. V. ... Weiterlesen ...\" \/>\n<meta property=\"og:url\" content=\"https:\/\/eschringen.de\/wordpress\/geschichte\/archiv\/02-08-07-zuenftige-einweihung-der-bayerischen-info-tafel\/\" \/>\n<meta property=\"og:site_name\" content=\"Eschringen\" \/>\n<meta property=\"article:modified_time\" content=\"2024-11-24T21:56:59+00:00\" \/>\n<meta property=\"og:image\" content=\"https:\/\/eschringen.de\/wordpress\/wp-content\/uploads\/2024\/11\/BayGrenz1.jpg\" \/>\n<meta name=\"twitter:card\" content=\"summary_large_image\" \/>\n<meta name=\"twitter:label1\" content=\"Gesch\u00e4tzte Lesezeit\" \/>\n\t<meta name=\"twitter:data1\" content=\"3\u00a0Minuten\" \/>\n<script type=\"application\/ld+json\" class=\"yoast-schema-graph\">{\"@context\":\"https:\\\/\\\/schema.org\",\"@graph\":[{\"@type\":\"WebPage\",\"@id\":\"https:\\\/\\\/eschringen.de\\\/wordpress\\\/geschichte\\\/archiv\\\/02-08-07-zuenftige-einweihung-der-bayerischen-info-tafel\\\/\",\"url\":\"https:\\\/\\\/eschringen.de\\\/wordpress\\\/geschichte\\\/archiv\\\/02-08-07-zuenftige-einweihung-der-bayerischen-info-tafel\\\/\",\"name\":\"02.08.07 - Z\u00fcnftige Einweihung der \u201ebayerischen\u201c Info-Tafel - Eschringen\",\"isPartOf\":{\"@id\":\"https:\\\/\\\/eschringen.de\\\/wordpress\\\/#website\"},\"primaryImageOfPage\":{\"@id\":\"https:\\\/\\\/eschringen.de\\\/wordpress\\\/geschichte\\\/archiv\\\/02-08-07-zuenftige-einweihung-der-bayerischen-info-tafel\\\/#primaryimage\"},\"image\":{\"@id\":\"https:\\\/\\\/eschringen.de\\\/wordpress\\\/geschichte\\\/archiv\\\/02-08-07-zuenftige-einweihung-der-bayerischen-info-tafel\\\/#primaryimage\"},\"thumbnailUrl\":\"https:\\\/\\\/eschringen.de\\\/wordpress\\\/wp-content\\\/uploads\\\/2024\\\/11\\\/BayGrenz1.jpg\",\"datePublished\":\"2017-02-19T19:33:35+00:00\",\"dateModified\":\"2024-11-24T21:56:59+00:00\",\"breadcrumb\":{\"@id\":\"https:\\\/\\\/eschringen.de\\\/wordpress\\\/geschichte\\\/archiv\\\/02-08-07-zuenftige-einweihung-der-bayerischen-info-tafel\\\/#breadcrumb\"},\"inLanguage\":\"de\",\"potentialAction\":[{\"@type\":\"ReadAction\",\"target\":[\"https:\\\/\\\/eschringen.de\\\/wordpress\\\/geschichte\\\/archiv\\\/02-08-07-zuenftige-einweihung-der-bayerischen-info-tafel\\\/\"]}]},{\"@type\":\"ImageObject\",\"inLanguage\":\"de\",\"@id\":\"https:\\\/\\\/eschringen.de\\\/wordpress\\\/geschichte\\\/archiv\\\/02-08-07-zuenftige-einweihung-der-bayerischen-info-tafel\\\/#primaryimage\",\"url\":\"https:\\\/\\\/i0.wp.com\\\/eschringen.de\\\/wordpress\\\/wp-content\\\/uploads\\\/2024\\\/11\\\/BayGrenz1.jpg?fit=590%2C443&ssl=1\",\"contentUrl\":\"https:\\\/\\\/i0.wp.com\\\/eschringen.de\\\/wordpress\\\/wp-content\\\/uploads\\\/2024\\\/11\\\/BayGrenz1.jpg?fit=590%2C443&ssl=1\",\"width\":590,\"height\":443},{\"@type\":\"BreadcrumbList\",\"@id\":\"https:\\\/\\\/eschringen.de\\\/wordpress\\\/geschichte\\\/archiv\\\/02-08-07-zuenftige-einweihung-der-bayerischen-info-tafel\\\/#breadcrumb\",\"itemListElement\":[{\"@type\":\"ListItem\",\"position\":1,\"name\":\"Startseite\",\"item\":\"https:\\\/\\\/eschringen.de\\\/wordpress\\\/\"},{\"@type\":\"ListItem\",\"position\":2,\"name\":\"Geschichte\",\"item\":\"https:\\\/\\\/eschringen.de\\\/wordpress\\\/geschichte\\\/\"},{\"@type\":\"ListItem\",\"position\":3,\"name\":\"Archiv\",\"item\":\"https:\\\/\\\/eschringen.de\\\/wordpress\\\/geschichte\\\/archiv\\\/\"},{\"@type\":\"ListItem\",\"position\":4,\"name\":\"02.08.07 &#8211; Z\u00fcnftige Einweihung der \u201ebayerischen\u201c Info-Tafel\"}]},{\"@type\":\"WebSite\",\"@id\":\"https:\\\/\\\/eschringen.de\\\/wordpress\\\/#website\",\"url\":\"https:\\\/\\\/eschringen.de\\\/wordpress\\\/\",\"name\":\"Eschringen\",\"description\":\"\",\"publisher\":{\"@id\":\"https:\\\/\\\/eschringen.de\\\/wordpress\\\/#organization\"},\"potentialAction\":[{\"@type\":\"SearchAction\",\"target\":{\"@type\":\"EntryPoint\",\"urlTemplate\":\"https:\\\/\\\/eschringen.de\\\/wordpress\\\/?s={search_term_string}\"},\"query-input\":{\"@type\":\"PropertyValueSpecification\",\"valueRequired\":true,\"valueName\":\"search_term_string\"}}],\"inLanguage\":\"de\"},{\"@type\":\"Organization\",\"@id\":\"https:\\\/\\\/eschringen.de\\\/wordpress\\\/#organization\",\"name\":\"Eschringen\",\"url\":\"https:\\\/\\\/eschringen.de\\\/wordpress\\\/\",\"logo\":{\"@type\":\"ImageObject\",\"inLanguage\":\"de\",\"@id\":\"https:\\\/\\\/eschringen.de\\\/wordpress\\\/#\\\/schema\\\/logo\\\/image\\\/\",\"url\":\"https:\\\/\\\/eschringen.de\\\/wordpress\\\/wp-content\\\/uploads\\\/2017\\\/03\\\/2017_kw15.jpg\",\"contentUrl\":\"https:\\\/\\\/eschringen.de\\\/wordpress\\\/wp-content\\\/uploads\\\/2017\\\/03\\\/2017_kw15.jpg\",\"width\":784,\"height\":447,\"caption\":\"Eschringen\"},\"image\":{\"@id\":\"https:\\\/\\\/eschringen.de\\\/wordpress\\\/#\\\/schema\\\/logo\\\/image\\\/\"}}]}<\/script>\n<!-- \/ Yoast SEO plugin. -->","yoast_head_json":{"title":"02.08.07 - Z\u00fcnftige Einweihung der \u201ebayerischen\u201c Info-Tafel - Eschringen","robots":{"index":"index","follow":"follow","max-snippet":"max-snippet:-1","max-image-preview":"max-image-preview:large","max-video-preview":"max-video-preview:-1"},"canonical":"https:\/\/eschringen.de\/wordpress\/geschichte\/archiv\/02-08-07-zuenftige-einweihung-der-bayerischen-info-tafel\/","og_locale":"de_DE","og_type":"article","og_title":"02.08.07 - Z\u00fcnftige Einweihung der \u201ebayerischen\u201c Info-Tafel - Eschringen","og_description":"Getreu dem Motto \u201eGut Ding will Weile haben\u201c steht seit Ende Juli 2007 endlich die im vergangenen Jahr von der Geschichtswerkstatt Eschringen\/VHS Halberg initiierte SaarErlebnisland-Info-Tafel am Parkplatz des erneuerten ZKE\/EVS-Kl\u00e4rwerks. Sie wurde dankenswerterweise mit Mitteln des Wirtschaftsministeriums und durch tatkr\u00e4ftige Mithilfe seitens des Stadtverbandes Saarbr\u00fccken realisiert und mit Helfern der AG Eschringer Vereine e. V. ... Weiterlesen ...","og_url":"https:\/\/eschringen.de\/wordpress\/geschichte\/archiv\/02-08-07-zuenftige-einweihung-der-bayerischen-info-tafel\/","og_site_name":"Eschringen","article_modified_time":"2024-11-24T21:56:59+00:00","og_image":[{"url":"https:\/\/eschringen.de\/wordpress\/wp-content\/uploads\/2024\/11\/BayGrenz1.jpg","type":"","width":"","height":""}],"twitter_card":"summary_large_image","twitter_misc":{"Gesch\u00e4tzte Lesezeit":"3\u00a0Minuten"},"schema":{"@context":"https:\/\/schema.org","@graph":[{"@type":"WebPage","@id":"https:\/\/eschringen.de\/wordpress\/geschichte\/archiv\/02-08-07-zuenftige-einweihung-der-bayerischen-info-tafel\/","url":"https:\/\/eschringen.de\/wordpress\/geschichte\/archiv\/02-08-07-zuenftige-einweihung-der-bayerischen-info-tafel\/","name":"02.08.07 - Z\u00fcnftige Einweihung der \u201ebayerischen\u201c Info-Tafel - Eschringen","isPartOf":{"@id":"https:\/\/eschringen.de\/wordpress\/#website"},"primaryImageOfPage":{"@id":"https:\/\/eschringen.de\/wordpress\/geschichte\/archiv\/02-08-07-zuenftige-einweihung-der-bayerischen-info-tafel\/#primaryimage"},"image":{"@id":"https:\/\/eschringen.de\/wordpress\/geschichte\/archiv\/02-08-07-zuenftige-einweihung-der-bayerischen-info-tafel\/#primaryimage"},"thumbnailUrl":"https:\/\/eschringen.de\/wordpress\/wp-content\/uploads\/2024\/11\/BayGrenz1.jpg","datePublished":"2017-02-19T19:33:35+00:00","dateModified":"2024-11-24T21:56:59+00:00","breadcrumb":{"@id":"https:\/\/eschringen.de\/wordpress\/geschichte\/archiv\/02-08-07-zuenftige-einweihung-der-bayerischen-info-tafel\/#breadcrumb"},"inLanguage":"de","potentialAction":[{"@type":"ReadAction","target":["https:\/\/eschringen.de\/wordpress\/geschichte\/archiv\/02-08-07-zuenftige-einweihung-der-bayerischen-info-tafel\/"]}]},{"@type":"ImageObject","inLanguage":"de","@id":"https:\/\/eschringen.de\/wordpress\/geschichte\/archiv\/02-08-07-zuenftige-einweihung-der-bayerischen-info-tafel\/#primaryimage","url":"https:\/\/i0.wp.com\/eschringen.de\/wordpress\/wp-content\/uploads\/2024\/11\/BayGrenz1.jpg?fit=590%2C443&ssl=1","contentUrl":"https:\/\/i0.wp.com\/eschringen.de\/wordpress\/wp-content\/uploads\/2024\/11\/BayGrenz1.jpg?fit=590%2C443&ssl=1","width":590,"height":443},{"@type":"BreadcrumbList","@id":"https:\/\/eschringen.de\/wordpress\/geschichte\/archiv\/02-08-07-zuenftige-einweihung-der-bayerischen-info-tafel\/#breadcrumb","itemListElement":[{"@type":"ListItem","position":1,"name":"Startseite","item":"https:\/\/eschringen.de\/wordpress\/"},{"@type":"ListItem","position":2,"name":"Geschichte","item":"https:\/\/eschringen.de\/wordpress\/geschichte\/"},{"@type":"ListItem","position":3,"name":"Archiv","item":"https:\/\/eschringen.de\/wordpress\/geschichte\/archiv\/"},{"@type":"ListItem","position":4,"name":"02.08.07 &#8211; Z\u00fcnftige Einweihung der \u201ebayerischen\u201c Info-Tafel"}]},{"@type":"WebSite","@id":"https:\/\/eschringen.de\/wordpress\/#website","url":"https:\/\/eschringen.de\/wordpress\/","name":"Eschringen","description":"","publisher":{"@id":"https:\/\/eschringen.de\/wordpress\/#organization"},"potentialAction":[{"@type":"SearchAction","target":{"@type":"EntryPoint","urlTemplate":"https:\/\/eschringen.de\/wordpress\/?s={search_term_string}"},"query-input":{"@type":"PropertyValueSpecification","valueRequired":true,"valueName":"search_term_string"}}],"inLanguage":"de"},{"@type":"Organization","@id":"https:\/\/eschringen.de\/wordpress\/#organization","name":"Eschringen","url":"https:\/\/eschringen.de\/wordpress\/","logo":{"@type":"ImageObject","inLanguage":"de","@id":"https:\/\/eschringen.de\/wordpress\/#\/schema\/logo\/image\/","url":"https:\/\/eschringen.de\/wordpress\/wp-content\/uploads\/2017\/03\/2017_kw15.jpg","contentUrl":"https:\/\/eschringen.de\/wordpress\/wp-content\/uploads\/2017\/03\/2017_kw15.jpg","width":784,"height":447,"caption":"Eschringen"},"image":{"@id":"https:\/\/eschringen.de\/wordpress\/#\/schema\/logo\/image\/"}}]}},"jetpack_sharing_enabled":true,"_links":{"self":[{"href":"https:\/\/eschringen.de\/wordpress\/wp-json\/wp\/v2\/pages\/838","targetHints":{"allow":["GET"]}}],"collection":[{"href":"https:\/\/eschringen.de\/wordpress\/wp-json\/wp\/v2\/pages"}],"about":[{"href":"https:\/\/eschringen.de\/wordpress\/wp-json\/wp\/v2\/types\/page"}],"author":[{"embeddable":true,"href":"https:\/\/eschringen.de\/wordpress\/wp-json\/wp\/v2\/users\/1"}],"replies":[{"embeddable":true,"href":"https:\/\/eschringen.de\/wordpress\/wp-json\/wp\/v2\/comments?post=838"}],"version-history":[{"count":5,"href":"https:\/\/eschringen.de\/wordpress\/wp-json\/wp\/v2\/pages\/838\/revisions"}],"predecessor-version":[{"id":4844,"href":"https:\/\/eschringen.de\/wordpress\/wp-json\/wp\/v2\/pages\/838\/revisions\/4844"}],"up":[{"embeddable":true,"href":"https:\/\/eschringen.de\/wordpress\/wp-json\/wp\/v2\/pages\/403"}],"wp:attachment":[{"href":"https:\/\/eschringen.de\/wordpress\/wp-json\/wp\/v2\/media?parent=838"}],"curies":[{"name":"wp","href":"https:\/\/api.w.org\/{rel}","templated":true}]}}