{"id":836,"date":"2017-02-19T20:30:19","date_gmt":"2017-02-19T19:30:19","guid":{"rendered":"http:\/\/eschringen.de\/wordpress\/?page_id=836"},"modified":"2024-11-24T22:53:20","modified_gmt":"2024-11-24T21:53:20","slug":"29-10-07-julian-dawson-live-in-der-post-sympathisch-magisch-gut","status":"publish","type":"page","link":"https:\/\/eschringen.de\/wordpress\/geschichte\/archiv\/29-10-07-julian-dawson-live-in-der-post-sympathisch-magisch-gut\/","title":{"rendered":"29.10.07 &#8211; Julian Dawson live in der \u201ePost\u201c: sympathisch, magisch, gut!"},"content":{"rendered":"<p>So l\u00e4sst sich in leichter Abwandlung eines auf eine Schokolade angewandten Mottos der Auftritt des englischen Singer\/Songwriters Julian Dawson umschreiben. Wiederum war ein Konzert, zu dem die AG Eschringer Vereine in das Gasthaus \u201eZur Post\u201c eingeladen hatte, sehr gut besucht, praktisch ausverkauft. G\u00e4ste aus nah und sehr fern hatten sich eingefunden: u. a. auch ein Ehepaar aus London! F\u00fcr letzteres hatte Dawson in der Mitte seines Programms sogar eine \u00dcberraschung parat: ein Liebeslied f\u00fcr etwas \u201e\u00e4ltere Semester\u201c, denn die beiden feierten just an jenem Abend ihre \u201eSilberne Hochzeit\u201c.<br \/>\n<img data-recalc-dims=\"1\" loading=\"lazy\" decoding=\"async\" class=\"alignleft\" src=\"https:\/\/i0.wp.com\/eschringen.de\/wordpress\/wp-content\/uploads\/2024\/11\/JDawson01A.jpg?resize=400%2C300&#038;ssl=1\" width=\"400\" height=\"300\" align=\"left\" hspace=\"5\" vspace=\"5\"> AG-Gesch\u00e4ftsf\u00fchrer Roland Schmitt, der das Publikum begr\u00fc\u00dfte, wies zu Anfang gleich auf zwei Probleme hin: dass Julian Dawson an einer Erk\u00e4ltung laboriere, die ihm das Singen erschwere (dagegen k\u00e4mpfte der S\u00e4nger den Abend \u00fcber tapfer und weitgehend erfolgreich an), und dass dieser stehend nicht auf die kleine B\u00fchne passe! Der sympathische H\u00fcne mit der charakteristischen Glatze entschied sich folglich, vor der B\u00fchne seinen Auftritt durchzuf\u00fchren. Als gro\u00dfer Pluspunkt erwies sich, dass Dawson das Publikum in deutscher Sprache in seine Songs einf\u00fchrte und immer wieder mit kleinen Anekdoten f\u00fcr Heiterkeitserfolge sorgte. Er sch\u00f6pfte bei seiner ausgewogenen Liederauswahl aus einem gro\u00dfen Repertoire, das sich bekanntlich auf rund 20 Alben bel\u00e4uft. Vor allem zu Beginn brachte Dawson St\u00fccke aus den 1980er und 1990er Jahre, die kleine Hits gewesen waren: z. B. \u201eCold, Cold World\u201c, \u201eAs Real As Disneyland\u201c, \u201eCover To Cover\u201c oder den a capella-Ohrwurm \u201eWhere Are All The Lonely Girls\u201c. Gleichwohl hatte er nicht \u201enur\u201c Liebeslieder zu bieten, sondern auch sehr ernsthafte Songs, wie z. B. \u201eUneasy Rider\u201c, eine kritische Reminiszenz an die Hippie-\u00c4ra, oder die nachdenkliche Ballade \u201eGabriel\u2019s Hill\u201c. Auff\u00e4llig auch, das etliche der meist selbstkomponierten St\u00fccke sich um \u201eRegen\u201c drehten (u. a. \u201eIf I Needed Rain\u201c), was aber sehr wohl passte, denn drau\u00dfen gab es tats\u00e4chlich Schauer. Hie und da streute Dawson auch fremde Songs ein, z. B. den KINKS-Klassiker \u201eSunny Afternoon\u201c. Den spontan angestimmten SMALL FACES-Hit \u201eLazy Sunday\u201c konnte er allerdings nicht zu Ende singen, da die angegriffene Stimme vor\u00fcbergehend streikte.<br \/>\n<img data-recalc-dims=\"1\" loading=\"lazy\" decoding=\"async\" class=\"alignright\" src=\"https:\/\/i0.wp.com\/eschringen.de\/wordpress\/wp-content\/uploads\/2024\/11\/JDawson02A.jpg?resize=400%2C300&#038;ssl=1\" width=\"400\" height=\"300\" align=\"right\" hspace=\"5\" vspace=\"5\"> Das Publikum zeigte sich von Dawsons lockerer, aber auch sehr professioneller Darbietung sehr angetan; nicht nur mit Gesang und Gitarre wusste er zu \u00fcberzeugen, auch mit seinem tollen Mundharmonikaspiel (im \u201eSportin\u2019 Life Blues\u201c). Nach mehreren Zugaben endete ein durchweg unterhaltsamer und musikalisch vielseitiger Abend. Auch Dawson schien sehr zufrieden, bedankte sich beim aufmerksamen und bisweilen (mit)sangesfreudigen Publikum und gab seiner Hoffnung Ausdruck, \u201eirgendwann mal\u201c wieder in Eschringen auftreten zu k\u00f6nnen.<\/p>\n<p>(rs)<\/p>\n","protected":false},"excerpt":{"rendered":"<p>So l\u00e4sst sich in leichter Abwandlung eines auf eine Schokolade angewandten Mottos der Auftritt des englischen Singer\/Songwriters Julian Dawson umschreiben. Wiederum war ein Konzert, zu dem die AG Eschringer Vereine in das Gasthaus \u201eZur Post\u201c eingeladen hatte, sehr gut besucht, praktisch ausverkauft. G\u00e4ste aus nah und sehr fern hatten sich eingefunden: u. a. auch ein &#8230; <a title=\"29.10.07 &#8211; Julian Dawson live in der \u201ePost\u201c: sympathisch, magisch, gut!\" class=\"read-more\" href=\"https:\/\/eschringen.de\/wordpress\/geschichte\/archiv\/29-10-07-julian-dawson-live-in-der-post-sympathisch-magisch-gut\/\" aria-label=\"Mehr Informationen \u00fcber 29.10.07 &#8211; Julian Dawson live in der \u201ePost\u201c: sympathisch, magisch, gut!\">Weiterlesen &#8230;<\/a><\/p>\n","protected":false},"author":1,"featured_media":0,"parent":403,"menu_order":29,"comment_status":"closed","ping_status":"closed","template":"","meta":{"ngg_post_thumbnail":0,"footnotes":""},"class_list":["post-836","page","type-page","status-publish"],"yoast_head":"<!-- This site is optimized with the Yoast SEO plugin v27.3 - https:\/\/yoast.com\/product\/yoast-seo-wordpress\/ -->\n<title>29.10.07 - Julian Dawson live in der \u201ePost\u201c: sympathisch, magisch, gut! - Eschringen<\/title>\n<meta name=\"robots\" content=\"index, follow, max-snippet:-1, max-image-preview:large, max-video-preview:-1\" \/>\n<link rel=\"canonical\" href=\"https:\/\/eschringen.de\/wordpress\/geschichte\/archiv\/29-10-07-julian-dawson-live-in-der-post-sympathisch-magisch-gut\/\" \/>\n<meta property=\"og:locale\" content=\"de_DE\" \/>\n<meta property=\"og:type\" content=\"article\" \/>\n<meta property=\"og:title\" content=\"29.10.07 - Julian Dawson live in der \u201ePost\u201c: sympathisch, magisch, gut! - Eschringen\" \/>\n<meta property=\"og:description\" content=\"So l\u00e4sst sich in leichter Abwandlung eines auf eine Schokolade angewandten Mottos der Auftritt des englischen Singer\/Songwriters Julian Dawson umschreiben. Wiederum war ein Konzert, zu dem die AG Eschringer Vereine in das Gasthaus \u201eZur Post\u201c eingeladen hatte, sehr gut besucht, praktisch ausverkauft. G\u00e4ste aus nah und sehr fern hatten sich eingefunden: u. a. auch ein ... Weiterlesen ...\" \/>\n<meta property=\"og:url\" content=\"https:\/\/eschringen.de\/wordpress\/geschichte\/archiv\/29-10-07-julian-dawson-live-in-der-post-sympathisch-magisch-gut\/\" \/>\n<meta property=\"og:site_name\" content=\"Eschringen\" \/>\n<meta property=\"article:modified_time\" content=\"2024-11-24T21:53:20+00:00\" \/>\n<meta property=\"og:image\" content=\"https:\/\/eschringen.de\/wordpress\/wp-content\/uploads\/2024\/11\/JDawson01A.jpg\" \/>\n<meta name=\"twitter:card\" content=\"summary_large_image\" \/>\n<meta name=\"twitter:label1\" content=\"Gesch\u00e4tzte Lesezeit\" \/>\n\t<meta name=\"twitter:data1\" content=\"3\u00a0Minuten\" \/>\n<script type=\"application\/ld+json\" class=\"yoast-schema-graph\">{\"@context\":\"https:\\\/\\\/schema.org\",\"@graph\":[{\"@type\":\"WebPage\",\"@id\":\"https:\\\/\\\/eschringen.de\\\/wordpress\\\/geschichte\\\/archiv\\\/29-10-07-julian-dawson-live-in-der-post-sympathisch-magisch-gut\\\/\",\"url\":\"https:\\\/\\\/eschringen.de\\\/wordpress\\\/geschichte\\\/archiv\\\/29-10-07-julian-dawson-live-in-der-post-sympathisch-magisch-gut\\\/\",\"name\":\"29.10.07 - Julian Dawson live in der \u201ePost\u201c: sympathisch, magisch, gut! - Eschringen\",\"isPartOf\":{\"@id\":\"https:\\\/\\\/eschringen.de\\\/wordpress\\\/#website\"},\"primaryImageOfPage\":{\"@id\":\"https:\\\/\\\/eschringen.de\\\/wordpress\\\/geschichte\\\/archiv\\\/29-10-07-julian-dawson-live-in-der-post-sympathisch-magisch-gut\\\/#primaryimage\"},\"image\":{\"@id\":\"https:\\\/\\\/eschringen.de\\\/wordpress\\\/geschichte\\\/archiv\\\/29-10-07-julian-dawson-live-in-der-post-sympathisch-magisch-gut\\\/#primaryimage\"},\"thumbnailUrl\":\"https:\\\/\\\/eschringen.de\\\/wordpress\\\/wp-content\\\/uploads\\\/2024\\\/11\\\/JDawson01A.jpg\",\"datePublished\":\"2017-02-19T19:30:19+00:00\",\"dateModified\":\"2024-11-24T21:53:20+00:00\",\"breadcrumb\":{\"@id\":\"https:\\\/\\\/eschringen.de\\\/wordpress\\\/geschichte\\\/archiv\\\/29-10-07-julian-dawson-live-in-der-post-sympathisch-magisch-gut\\\/#breadcrumb\"},\"inLanguage\":\"de\",\"potentialAction\":[{\"@type\":\"ReadAction\",\"target\":[\"https:\\\/\\\/eschringen.de\\\/wordpress\\\/geschichte\\\/archiv\\\/29-10-07-julian-dawson-live-in-der-post-sympathisch-magisch-gut\\\/\"]}]},{\"@type\":\"ImageObject\",\"inLanguage\":\"de\",\"@id\":\"https:\\\/\\\/eschringen.de\\\/wordpress\\\/geschichte\\\/archiv\\\/29-10-07-julian-dawson-live-in-der-post-sympathisch-magisch-gut\\\/#primaryimage\",\"url\":\"https:\\\/\\\/i0.wp.com\\\/eschringen.de\\\/wordpress\\\/wp-content\\\/uploads\\\/2024\\\/11\\\/JDawson01A.jpg?fit=400%2C300&ssl=1\",\"contentUrl\":\"https:\\\/\\\/i0.wp.com\\\/eschringen.de\\\/wordpress\\\/wp-content\\\/uploads\\\/2024\\\/11\\\/JDawson01A.jpg?fit=400%2C300&ssl=1\",\"width\":400,\"height\":300},{\"@type\":\"BreadcrumbList\",\"@id\":\"https:\\\/\\\/eschringen.de\\\/wordpress\\\/geschichte\\\/archiv\\\/29-10-07-julian-dawson-live-in-der-post-sympathisch-magisch-gut\\\/#breadcrumb\",\"itemListElement\":[{\"@type\":\"ListItem\",\"position\":1,\"name\":\"Startseite\",\"item\":\"https:\\\/\\\/eschringen.de\\\/wordpress\\\/\"},{\"@type\":\"ListItem\",\"position\":2,\"name\":\"Geschichte\",\"item\":\"https:\\\/\\\/eschringen.de\\\/wordpress\\\/geschichte\\\/\"},{\"@type\":\"ListItem\",\"position\":3,\"name\":\"Archiv\",\"item\":\"https:\\\/\\\/eschringen.de\\\/wordpress\\\/geschichte\\\/archiv\\\/\"},{\"@type\":\"ListItem\",\"position\":4,\"name\":\"29.10.07 &#8211; Julian Dawson live in der \u201ePost\u201c: sympathisch, magisch, gut!\"}]},{\"@type\":\"WebSite\",\"@id\":\"https:\\\/\\\/eschringen.de\\\/wordpress\\\/#website\",\"url\":\"https:\\\/\\\/eschringen.de\\\/wordpress\\\/\",\"name\":\"Eschringen\",\"description\":\"\",\"publisher\":{\"@id\":\"https:\\\/\\\/eschringen.de\\\/wordpress\\\/#organization\"},\"potentialAction\":[{\"@type\":\"SearchAction\",\"target\":{\"@type\":\"EntryPoint\",\"urlTemplate\":\"https:\\\/\\\/eschringen.de\\\/wordpress\\\/?s={search_term_string}\"},\"query-input\":{\"@type\":\"PropertyValueSpecification\",\"valueRequired\":true,\"valueName\":\"search_term_string\"}}],\"inLanguage\":\"de\"},{\"@type\":\"Organization\",\"@id\":\"https:\\\/\\\/eschringen.de\\\/wordpress\\\/#organization\",\"name\":\"Eschringen\",\"url\":\"https:\\\/\\\/eschringen.de\\\/wordpress\\\/\",\"logo\":{\"@type\":\"ImageObject\",\"inLanguage\":\"de\",\"@id\":\"https:\\\/\\\/eschringen.de\\\/wordpress\\\/#\\\/schema\\\/logo\\\/image\\\/\",\"url\":\"https:\\\/\\\/eschringen.de\\\/wordpress\\\/wp-content\\\/uploads\\\/2017\\\/03\\\/2017_kw15.jpg\",\"contentUrl\":\"https:\\\/\\\/eschringen.de\\\/wordpress\\\/wp-content\\\/uploads\\\/2017\\\/03\\\/2017_kw15.jpg\",\"width\":784,\"height\":447,\"caption\":\"Eschringen\"},\"image\":{\"@id\":\"https:\\\/\\\/eschringen.de\\\/wordpress\\\/#\\\/schema\\\/logo\\\/image\\\/\"}}]}<\/script>\n<!-- \/ Yoast SEO plugin. -->","yoast_head_json":{"title":"29.10.07 - Julian Dawson live in der \u201ePost\u201c: sympathisch, magisch, gut! - Eschringen","robots":{"index":"index","follow":"follow","max-snippet":"max-snippet:-1","max-image-preview":"max-image-preview:large","max-video-preview":"max-video-preview:-1"},"canonical":"https:\/\/eschringen.de\/wordpress\/geschichte\/archiv\/29-10-07-julian-dawson-live-in-der-post-sympathisch-magisch-gut\/","og_locale":"de_DE","og_type":"article","og_title":"29.10.07 - Julian Dawson live in der \u201ePost\u201c: sympathisch, magisch, gut! - Eschringen","og_description":"So l\u00e4sst sich in leichter Abwandlung eines auf eine Schokolade angewandten Mottos der Auftritt des englischen Singer\/Songwriters Julian Dawson umschreiben. Wiederum war ein Konzert, zu dem die AG Eschringer Vereine in das Gasthaus \u201eZur Post\u201c eingeladen hatte, sehr gut besucht, praktisch ausverkauft. G\u00e4ste aus nah und sehr fern hatten sich eingefunden: u. a. auch ein ... Weiterlesen ...","og_url":"https:\/\/eschringen.de\/wordpress\/geschichte\/archiv\/29-10-07-julian-dawson-live-in-der-post-sympathisch-magisch-gut\/","og_site_name":"Eschringen","article_modified_time":"2024-11-24T21:53:20+00:00","og_image":[{"url":"https:\/\/eschringen.de\/wordpress\/wp-content\/uploads\/2024\/11\/JDawson01A.jpg","type":"","width":"","height":""}],"twitter_card":"summary_large_image","twitter_misc":{"Gesch\u00e4tzte Lesezeit":"3\u00a0Minuten"},"schema":{"@context":"https:\/\/schema.org","@graph":[{"@type":"WebPage","@id":"https:\/\/eschringen.de\/wordpress\/geschichte\/archiv\/29-10-07-julian-dawson-live-in-der-post-sympathisch-magisch-gut\/","url":"https:\/\/eschringen.de\/wordpress\/geschichte\/archiv\/29-10-07-julian-dawson-live-in-der-post-sympathisch-magisch-gut\/","name":"29.10.07 - Julian Dawson live in der \u201ePost\u201c: sympathisch, magisch, gut! - Eschringen","isPartOf":{"@id":"https:\/\/eschringen.de\/wordpress\/#website"},"primaryImageOfPage":{"@id":"https:\/\/eschringen.de\/wordpress\/geschichte\/archiv\/29-10-07-julian-dawson-live-in-der-post-sympathisch-magisch-gut\/#primaryimage"},"image":{"@id":"https:\/\/eschringen.de\/wordpress\/geschichte\/archiv\/29-10-07-julian-dawson-live-in-der-post-sympathisch-magisch-gut\/#primaryimage"},"thumbnailUrl":"https:\/\/eschringen.de\/wordpress\/wp-content\/uploads\/2024\/11\/JDawson01A.jpg","datePublished":"2017-02-19T19:30:19+00:00","dateModified":"2024-11-24T21:53:20+00:00","breadcrumb":{"@id":"https:\/\/eschringen.de\/wordpress\/geschichte\/archiv\/29-10-07-julian-dawson-live-in-der-post-sympathisch-magisch-gut\/#breadcrumb"},"inLanguage":"de","potentialAction":[{"@type":"ReadAction","target":["https:\/\/eschringen.de\/wordpress\/geschichte\/archiv\/29-10-07-julian-dawson-live-in-der-post-sympathisch-magisch-gut\/"]}]},{"@type":"ImageObject","inLanguage":"de","@id":"https:\/\/eschringen.de\/wordpress\/geschichte\/archiv\/29-10-07-julian-dawson-live-in-der-post-sympathisch-magisch-gut\/#primaryimage","url":"https:\/\/i0.wp.com\/eschringen.de\/wordpress\/wp-content\/uploads\/2024\/11\/JDawson01A.jpg?fit=400%2C300&ssl=1","contentUrl":"https:\/\/i0.wp.com\/eschringen.de\/wordpress\/wp-content\/uploads\/2024\/11\/JDawson01A.jpg?fit=400%2C300&ssl=1","width":400,"height":300},{"@type":"BreadcrumbList","@id":"https:\/\/eschringen.de\/wordpress\/geschichte\/archiv\/29-10-07-julian-dawson-live-in-der-post-sympathisch-magisch-gut\/#breadcrumb","itemListElement":[{"@type":"ListItem","position":1,"name":"Startseite","item":"https:\/\/eschringen.de\/wordpress\/"},{"@type":"ListItem","position":2,"name":"Geschichte","item":"https:\/\/eschringen.de\/wordpress\/geschichte\/"},{"@type":"ListItem","position":3,"name":"Archiv","item":"https:\/\/eschringen.de\/wordpress\/geschichte\/archiv\/"},{"@type":"ListItem","position":4,"name":"29.10.07 &#8211; Julian Dawson live in der \u201ePost\u201c: sympathisch, magisch, gut!"}]},{"@type":"WebSite","@id":"https:\/\/eschringen.de\/wordpress\/#website","url":"https:\/\/eschringen.de\/wordpress\/","name":"Eschringen","description":"","publisher":{"@id":"https:\/\/eschringen.de\/wordpress\/#organization"},"potentialAction":[{"@type":"SearchAction","target":{"@type":"EntryPoint","urlTemplate":"https:\/\/eschringen.de\/wordpress\/?s={search_term_string}"},"query-input":{"@type":"PropertyValueSpecification","valueRequired":true,"valueName":"search_term_string"}}],"inLanguage":"de"},{"@type":"Organization","@id":"https:\/\/eschringen.de\/wordpress\/#organization","name":"Eschringen","url":"https:\/\/eschringen.de\/wordpress\/","logo":{"@type":"ImageObject","inLanguage":"de","@id":"https:\/\/eschringen.de\/wordpress\/#\/schema\/logo\/image\/","url":"https:\/\/eschringen.de\/wordpress\/wp-content\/uploads\/2017\/03\/2017_kw15.jpg","contentUrl":"https:\/\/eschringen.de\/wordpress\/wp-content\/uploads\/2017\/03\/2017_kw15.jpg","width":784,"height":447,"caption":"Eschringen"},"image":{"@id":"https:\/\/eschringen.de\/wordpress\/#\/schema\/logo\/image\/"}}]}},"jetpack_sharing_enabled":true,"_links":{"self":[{"href":"https:\/\/eschringen.de\/wordpress\/wp-json\/wp\/v2\/pages\/836","targetHints":{"allow":["GET"]}}],"collection":[{"href":"https:\/\/eschringen.de\/wordpress\/wp-json\/wp\/v2\/pages"}],"about":[{"href":"https:\/\/eschringen.de\/wordpress\/wp-json\/wp\/v2\/types\/page"}],"author":[{"embeddable":true,"href":"https:\/\/eschringen.de\/wordpress\/wp-json\/wp\/v2\/users\/1"}],"replies":[{"embeddable":true,"href":"https:\/\/eschringen.de\/wordpress\/wp-json\/wp\/v2\/comments?post=836"}],"version-history":[{"count":2,"href":"https:\/\/eschringen.de\/wordpress\/wp-json\/wp\/v2\/pages\/836\/revisions"}],"predecessor-version":[{"id":4838,"href":"https:\/\/eschringen.de\/wordpress\/wp-json\/wp\/v2\/pages\/836\/revisions\/4838"}],"up":[{"embeddable":true,"href":"https:\/\/eschringen.de\/wordpress\/wp-json\/wp\/v2\/pages\/403"}],"wp:attachment":[{"href":"https:\/\/eschringen.de\/wordpress\/wp-json\/wp\/v2\/media?parent=836"}],"curies":[{"name":"wp","href":"https:\/\/api.w.org\/{rel}","templated":true}]}}