{"id":822,"date":"2017-02-17T19:04:45","date_gmt":"2017-02-17T18:04:45","guid":{"rendered":"http:\/\/eschringen.de\/wordpress\/?page_id=822"},"modified":"2024-11-24T22:51:30","modified_gmt":"2024-11-24T21:51:30","slug":"25-04-2008-boys-named-sue-begeisterte-mit-country-crossover","status":"publish","type":"page","link":"https:\/\/eschringen.de\/wordpress\/geschichte\/archiv\/25-04-2008-boys-named-sue-begeisterte-mit-country-crossover\/","title":{"rendered":"25.04.2008: BOYS NAMED SUE begeisterte mit Country-Crossover"},"content":{"rendered":"<p><img data-recalc-dims=\"1\" loading=\"lazy\" decoding=\"async\" class=\"alignleft\" src=\"https:\/\/i0.wp.com\/eschringen.de\/wordpress\/wp-content\/uploads\/2024\/11\/Boys1.jpg?resize=600%2C370&#038;ssl=1\" width=\"600\" height=\"370\" align=\"left\" hspace=\"5\" vspace=\"5\">Nein, es war nicht der legend\u00e4re \u201cContinental Club\u201d in Austin\/Texas, den das Quintett \u201ezum Beben\u201c bringen sollte, sondern der Saal in der \u201ePost\u201c (gleichfalls inzwischen zur Legende geworden), der dank Michael Weston Kings Auftritt 2004 Eschringen den Beinamen \u201eNashville of Germany\u201c bescherte.<br \/>\nDas Orga-Team der AG Eschringer Vereine e. V. kam ganz sch\u00f6n ins Schwitzen, als es galt, die Band mit ihrem \u2013 f\u00fcr hiesige Verh\u00e4ltnisse \u2013 gro\u00dfen Equipment auf der kleinen B\u00fchne zu platzieren. Doch nach einigen Stunden war alles, inklusive Soundcheck und Lichtinstallation (in bew\u00e4hrter Manie von Andi Moog gemanagt), punktgenau vorbereitet \u2013 die Show der BOYS (aus der Pfalz) konnte starten.<br clear=\"right\">Der urige Saal hatte sich inzwischen bis auf den letzten Platz gef\u00fcllt, das Saallicht erlosch, die Jungs legten los \u2013 mit \u201eI Won\u2019t Back Down\u201c von Tom Petty. Weitere Klassiker folgten in abgestimmter Reihenfolge, wobei die BOYS sich eben nicht nur auf typische Country-Songs von Johnny Cash (z. B. \u201eFolsom Prison Blues\u201c, \u201eI Walk The Line\u201c) beschr\u00e4nkten, sondern auch St\u00fccke von den BEATLES (u. a. \u201eI Feel Fine\u201c, \u201eDon\u2019t Let Me Down\u201c) und Bob Dylan (u. a. \u201eIt Ain\u2019t Me Babe\u201c, \u201eYou Ain\u2019t Going Nowhere\u201c) sowie durch Elvis Presley ber\u00fchmt gewordene Titel (z. B. \u201eAll Shook Up\u201c) zu Geh\u00f6r brachten. Und sie taten dies in abwechslungsreich arrangierten Interpretationen. Alle f\u00fcnf belegten, dass jeder einzelne ein K\u00f6nner seines Faches ist: Lead-S\u00e4nger Ralf Storck (der hin und wieder auch zur Akustikgitarre griff), Gernot K\u00f6gel am Kontrabass, Wahl-Saarbr\u00fccker Ralf Leis am Schlagzeug, Thomas Edler an Akustik- und E-Gitarre plus Mundharmonika sowie Keyborder-Ass Jan Marco Becker, der bisweilen auch feine T\u00f6ne aus der eher selten geh\u00f6rten Melodica herauslockte.<br \/>\n<img data-recalc-dims=\"1\" loading=\"lazy\" decoding=\"async\" class=\"alignright\" src=\"https:\/\/i0.wp.com\/eschringen.de\/wordpress\/wp-content\/uploads\/2024\/11\/Boys2.jpg?resize=600%2C450&#038;ssl=1\" width=\"600\" height=\"450\" align=\"right\" hspace=\"5\" vspace=\"5\"> Getreu ihrem Idol Johnny Cash bedienten sich die BOYS mit Erfolg auch an zeitgen\u00f6ssischem Songmaterial, z. B. an U2s \u201eOne\u201c oder DEPECHE MODEs \u201ePersonal Jesus\u201c, und das Publikum zollte den Musikern gro\u00dfen Applaus. Nach fast zwei Stunden neigte sich der fulminante Gig dem Ende zu; mit Songs wie \u201eLet The Good Times Roll\u201c und \u201eGet Rhythm\u201c war er auch perfekt beschrieben. F\u00fcr die f\u00e4llige Zugabe stiegen die F\u00fcnf von der B\u00fchne, setzten sich auf den B\u00fchnenrand und intonierten noch Songs ohne Mikro, nur zu Kontrabass, Gitarre und Melodica, gewiss der \u201egef\u00fchlte\u201c H\u00f6hepunkt des Abends. Das Publikum war sich zum Schluss einig: BOYS NAMED SUE k\u00f6nnen gerne wieder kommen!<\/p>\n","protected":false},"excerpt":{"rendered":"<p>Nein, es war nicht der legend\u00e4re \u201cContinental Club\u201d in Austin\/Texas, den das Quintett \u201ezum Beben\u201c bringen sollte, sondern der Saal in der \u201ePost\u201c (gleichfalls inzwischen zur Legende geworden), der dank Michael Weston Kings Auftritt 2004 Eschringen den Beinamen \u201eNashville of Germany\u201c bescherte. Das Orga-Team der AG Eschringer Vereine e. V. kam ganz sch\u00f6n ins Schwitzen, &#8230; <a title=\"25.04.2008: BOYS NAMED SUE begeisterte mit Country-Crossover\" class=\"read-more\" href=\"https:\/\/eschringen.de\/wordpress\/geschichte\/archiv\/25-04-2008-boys-named-sue-begeisterte-mit-country-crossover\/\" aria-label=\"Mehr Informationen \u00fcber 25.04.2008: BOYS NAMED SUE begeisterte mit Country-Crossover\">Weiterlesen &#8230;<\/a><\/p>\n","protected":false},"author":1,"featured_media":0,"parent":403,"menu_order":26,"comment_status":"closed","ping_status":"closed","template":"","meta":{"ngg_post_thumbnail":0,"footnotes":""},"class_list":["post-822","page","type-page","status-publish"],"yoast_head":"<!-- This site is optimized with the Yoast SEO plugin v27.3 - https:\/\/yoast.com\/product\/yoast-seo-wordpress\/ -->\n<title>25.04.2008: BOYS NAMED SUE begeisterte mit Country-Crossover - Eschringen<\/title>\n<meta name=\"robots\" content=\"index, follow, max-snippet:-1, max-image-preview:large, max-video-preview:-1\" \/>\n<link rel=\"canonical\" href=\"https:\/\/eschringen.de\/wordpress\/geschichte\/archiv\/25-04-2008-boys-named-sue-begeisterte-mit-country-crossover\/\" \/>\n<meta property=\"og:locale\" content=\"de_DE\" \/>\n<meta property=\"og:type\" content=\"article\" \/>\n<meta property=\"og:title\" content=\"25.04.2008: BOYS NAMED SUE begeisterte mit Country-Crossover - Eschringen\" \/>\n<meta property=\"og:description\" content=\"Nein, es war nicht der legend\u00e4re \u201cContinental Club\u201d in Austin\/Texas, den das Quintett \u201ezum Beben\u201c bringen sollte, sondern der Saal in der \u201ePost\u201c (gleichfalls inzwischen zur Legende geworden), der dank Michael Weston Kings Auftritt 2004 Eschringen den Beinamen \u201eNashville of Germany\u201c bescherte. Das Orga-Team der AG Eschringer Vereine e. V. kam ganz sch\u00f6n ins Schwitzen, ... Weiterlesen ...\" \/>\n<meta property=\"og:url\" content=\"https:\/\/eschringen.de\/wordpress\/geschichte\/archiv\/25-04-2008-boys-named-sue-begeisterte-mit-country-crossover\/\" \/>\n<meta property=\"og:site_name\" content=\"Eschringen\" \/>\n<meta property=\"article:modified_time\" content=\"2024-11-24T21:51:30+00:00\" \/>\n<meta property=\"og:image\" content=\"https:\/\/eschringen.de\/wordpress\/wp-content\/uploads\/2024\/11\/Boys1.jpg\" \/>\n<meta name=\"twitter:card\" content=\"summary_large_image\" \/>\n<meta name=\"twitter:label1\" content=\"Gesch\u00e4tzte Lesezeit\" \/>\n\t<meta name=\"twitter:data1\" content=\"3\u00a0Minuten\" \/>\n<script type=\"application\/ld+json\" class=\"yoast-schema-graph\">{\"@context\":\"https:\\\/\\\/schema.org\",\"@graph\":[{\"@type\":\"WebPage\",\"@id\":\"https:\\\/\\\/eschringen.de\\\/wordpress\\\/geschichte\\\/archiv\\\/25-04-2008-boys-named-sue-begeisterte-mit-country-crossover\\\/\",\"url\":\"https:\\\/\\\/eschringen.de\\\/wordpress\\\/geschichte\\\/archiv\\\/25-04-2008-boys-named-sue-begeisterte-mit-country-crossover\\\/\",\"name\":\"25.04.2008: BOYS NAMED SUE begeisterte mit Country-Crossover - Eschringen\",\"isPartOf\":{\"@id\":\"https:\\\/\\\/eschringen.de\\\/wordpress\\\/#website\"},\"primaryImageOfPage\":{\"@id\":\"https:\\\/\\\/eschringen.de\\\/wordpress\\\/geschichte\\\/archiv\\\/25-04-2008-boys-named-sue-begeisterte-mit-country-crossover\\\/#primaryimage\"},\"image\":{\"@id\":\"https:\\\/\\\/eschringen.de\\\/wordpress\\\/geschichte\\\/archiv\\\/25-04-2008-boys-named-sue-begeisterte-mit-country-crossover\\\/#primaryimage\"},\"thumbnailUrl\":\"https:\\\/\\\/eschringen.de\\\/wordpress\\\/wp-content\\\/uploads\\\/2024\\\/11\\\/Boys1.jpg\",\"datePublished\":\"2017-02-17T18:04:45+00:00\",\"dateModified\":\"2024-11-24T21:51:30+00:00\",\"breadcrumb\":{\"@id\":\"https:\\\/\\\/eschringen.de\\\/wordpress\\\/geschichte\\\/archiv\\\/25-04-2008-boys-named-sue-begeisterte-mit-country-crossover\\\/#breadcrumb\"},\"inLanguage\":\"de\",\"potentialAction\":[{\"@type\":\"ReadAction\",\"target\":[\"https:\\\/\\\/eschringen.de\\\/wordpress\\\/geschichte\\\/archiv\\\/25-04-2008-boys-named-sue-begeisterte-mit-country-crossover\\\/\"]}]},{\"@type\":\"ImageObject\",\"inLanguage\":\"de\",\"@id\":\"https:\\\/\\\/eschringen.de\\\/wordpress\\\/geschichte\\\/archiv\\\/25-04-2008-boys-named-sue-begeisterte-mit-country-crossover\\\/#primaryimage\",\"url\":\"https:\\\/\\\/i0.wp.com\\\/eschringen.de\\\/wordpress\\\/wp-content\\\/uploads\\\/2024\\\/11\\\/Boys1.jpg?fit=600%2C370&ssl=1\",\"contentUrl\":\"https:\\\/\\\/i0.wp.com\\\/eschringen.de\\\/wordpress\\\/wp-content\\\/uploads\\\/2024\\\/11\\\/Boys1.jpg?fit=600%2C370&ssl=1\",\"width\":600,\"height\":370},{\"@type\":\"BreadcrumbList\",\"@id\":\"https:\\\/\\\/eschringen.de\\\/wordpress\\\/geschichte\\\/archiv\\\/25-04-2008-boys-named-sue-begeisterte-mit-country-crossover\\\/#breadcrumb\",\"itemListElement\":[{\"@type\":\"ListItem\",\"position\":1,\"name\":\"Startseite\",\"item\":\"https:\\\/\\\/eschringen.de\\\/wordpress\\\/\"},{\"@type\":\"ListItem\",\"position\":2,\"name\":\"Geschichte\",\"item\":\"https:\\\/\\\/eschringen.de\\\/wordpress\\\/geschichte\\\/\"},{\"@type\":\"ListItem\",\"position\":3,\"name\":\"Archiv\",\"item\":\"https:\\\/\\\/eschringen.de\\\/wordpress\\\/geschichte\\\/archiv\\\/\"},{\"@type\":\"ListItem\",\"position\":4,\"name\":\"25.04.2008: BOYS NAMED SUE begeisterte mit Country-Crossover\"}]},{\"@type\":\"WebSite\",\"@id\":\"https:\\\/\\\/eschringen.de\\\/wordpress\\\/#website\",\"url\":\"https:\\\/\\\/eschringen.de\\\/wordpress\\\/\",\"name\":\"Eschringen\",\"description\":\"\",\"publisher\":{\"@id\":\"https:\\\/\\\/eschringen.de\\\/wordpress\\\/#organization\"},\"potentialAction\":[{\"@type\":\"SearchAction\",\"target\":{\"@type\":\"EntryPoint\",\"urlTemplate\":\"https:\\\/\\\/eschringen.de\\\/wordpress\\\/?s={search_term_string}\"},\"query-input\":{\"@type\":\"PropertyValueSpecification\",\"valueRequired\":true,\"valueName\":\"search_term_string\"}}],\"inLanguage\":\"de\"},{\"@type\":\"Organization\",\"@id\":\"https:\\\/\\\/eschringen.de\\\/wordpress\\\/#organization\",\"name\":\"Eschringen\",\"url\":\"https:\\\/\\\/eschringen.de\\\/wordpress\\\/\",\"logo\":{\"@type\":\"ImageObject\",\"inLanguage\":\"de\",\"@id\":\"https:\\\/\\\/eschringen.de\\\/wordpress\\\/#\\\/schema\\\/logo\\\/image\\\/\",\"url\":\"https:\\\/\\\/eschringen.de\\\/wordpress\\\/wp-content\\\/uploads\\\/2017\\\/03\\\/2017_kw15.jpg\",\"contentUrl\":\"https:\\\/\\\/eschringen.de\\\/wordpress\\\/wp-content\\\/uploads\\\/2017\\\/03\\\/2017_kw15.jpg\",\"width\":784,\"height\":447,\"caption\":\"Eschringen\"},\"image\":{\"@id\":\"https:\\\/\\\/eschringen.de\\\/wordpress\\\/#\\\/schema\\\/logo\\\/image\\\/\"}}]}<\/script>\n<!-- \/ Yoast SEO plugin. -->","yoast_head_json":{"title":"25.04.2008: BOYS NAMED SUE begeisterte mit Country-Crossover - Eschringen","robots":{"index":"index","follow":"follow","max-snippet":"max-snippet:-1","max-image-preview":"max-image-preview:large","max-video-preview":"max-video-preview:-1"},"canonical":"https:\/\/eschringen.de\/wordpress\/geschichte\/archiv\/25-04-2008-boys-named-sue-begeisterte-mit-country-crossover\/","og_locale":"de_DE","og_type":"article","og_title":"25.04.2008: BOYS NAMED SUE begeisterte mit Country-Crossover - Eschringen","og_description":"Nein, es war nicht der legend\u00e4re \u201cContinental Club\u201d in Austin\/Texas, den das Quintett \u201ezum Beben\u201c bringen sollte, sondern der Saal in der \u201ePost\u201c (gleichfalls inzwischen zur Legende geworden), der dank Michael Weston Kings Auftritt 2004 Eschringen den Beinamen \u201eNashville of Germany\u201c bescherte. Das Orga-Team der AG Eschringer Vereine e. V. kam ganz sch\u00f6n ins Schwitzen, ... Weiterlesen ...","og_url":"https:\/\/eschringen.de\/wordpress\/geschichte\/archiv\/25-04-2008-boys-named-sue-begeisterte-mit-country-crossover\/","og_site_name":"Eschringen","article_modified_time":"2024-11-24T21:51:30+00:00","og_image":[{"url":"https:\/\/eschringen.de\/wordpress\/wp-content\/uploads\/2024\/11\/Boys1.jpg","type":"","width":"","height":""}],"twitter_card":"summary_large_image","twitter_misc":{"Gesch\u00e4tzte Lesezeit":"3\u00a0Minuten"},"schema":{"@context":"https:\/\/schema.org","@graph":[{"@type":"WebPage","@id":"https:\/\/eschringen.de\/wordpress\/geschichte\/archiv\/25-04-2008-boys-named-sue-begeisterte-mit-country-crossover\/","url":"https:\/\/eschringen.de\/wordpress\/geschichte\/archiv\/25-04-2008-boys-named-sue-begeisterte-mit-country-crossover\/","name":"25.04.2008: BOYS NAMED SUE begeisterte mit Country-Crossover - Eschringen","isPartOf":{"@id":"https:\/\/eschringen.de\/wordpress\/#website"},"primaryImageOfPage":{"@id":"https:\/\/eschringen.de\/wordpress\/geschichte\/archiv\/25-04-2008-boys-named-sue-begeisterte-mit-country-crossover\/#primaryimage"},"image":{"@id":"https:\/\/eschringen.de\/wordpress\/geschichte\/archiv\/25-04-2008-boys-named-sue-begeisterte-mit-country-crossover\/#primaryimage"},"thumbnailUrl":"https:\/\/eschringen.de\/wordpress\/wp-content\/uploads\/2024\/11\/Boys1.jpg","datePublished":"2017-02-17T18:04:45+00:00","dateModified":"2024-11-24T21:51:30+00:00","breadcrumb":{"@id":"https:\/\/eschringen.de\/wordpress\/geschichte\/archiv\/25-04-2008-boys-named-sue-begeisterte-mit-country-crossover\/#breadcrumb"},"inLanguage":"de","potentialAction":[{"@type":"ReadAction","target":["https:\/\/eschringen.de\/wordpress\/geschichte\/archiv\/25-04-2008-boys-named-sue-begeisterte-mit-country-crossover\/"]}]},{"@type":"ImageObject","inLanguage":"de","@id":"https:\/\/eschringen.de\/wordpress\/geschichte\/archiv\/25-04-2008-boys-named-sue-begeisterte-mit-country-crossover\/#primaryimage","url":"https:\/\/i0.wp.com\/eschringen.de\/wordpress\/wp-content\/uploads\/2024\/11\/Boys1.jpg?fit=600%2C370&ssl=1","contentUrl":"https:\/\/i0.wp.com\/eschringen.de\/wordpress\/wp-content\/uploads\/2024\/11\/Boys1.jpg?fit=600%2C370&ssl=1","width":600,"height":370},{"@type":"BreadcrumbList","@id":"https:\/\/eschringen.de\/wordpress\/geschichte\/archiv\/25-04-2008-boys-named-sue-begeisterte-mit-country-crossover\/#breadcrumb","itemListElement":[{"@type":"ListItem","position":1,"name":"Startseite","item":"https:\/\/eschringen.de\/wordpress\/"},{"@type":"ListItem","position":2,"name":"Geschichte","item":"https:\/\/eschringen.de\/wordpress\/geschichte\/"},{"@type":"ListItem","position":3,"name":"Archiv","item":"https:\/\/eschringen.de\/wordpress\/geschichte\/archiv\/"},{"@type":"ListItem","position":4,"name":"25.04.2008: BOYS NAMED SUE begeisterte mit Country-Crossover"}]},{"@type":"WebSite","@id":"https:\/\/eschringen.de\/wordpress\/#website","url":"https:\/\/eschringen.de\/wordpress\/","name":"Eschringen","description":"","publisher":{"@id":"https:\/\/eschringen.de\/wordpress\/#organization"},"potentialAction":[{"@type":"SearchAction","target":{"@type":"EntryPoint","urlTemplate":"https:\/\/eschringen.de\/wordpress\/?s={search_term_string}"},"query-input":{"@type":"PropertyValueSpecification","valueRequired":true,"valueName":"search_term_string"}}],"inLanguage":"de"},{"@type":"Organization","@id":"https:\/\/eschringen.de\/wordpress\/#organization","name":"Eschringen","url":"https:\/\/eschringen.de\/wordpress\/","logo":{"@type":"ImageObject","inLanguage":"de","@id":"https:\/\/eschringen.de\/wordpress\/#\/schema\/logo\/image\/","url":"https:\/\/eschringen.de\/wordpress\/wp-content\/uploads\/2017\/03\/2017_kw15.jpg","contentUrl":"https:\/\/eschringen.de\/wordpress\/wp-content\/uploads\/2017\/03\/2017_kw15.jpg","width":784,"height":447,"caption":"Eschringen"},"image":{"@id":"https:\/\/eschringen.de\/wordpress\/#\/schema\/logo\/image\/"}}]}},"jetpack_sharing_enabled":true,"_links":{"self":[{"href":"https:\/\/eschringen.de\/wordpress\/wp-json\/wp\/v2\/pages\/822","targetHints":{"allow":["GET"]}}],"collection":[{"href":"https:\/\/eschringen.de\/wordpress\/wp-json\/wp\/v2\/pages"}],"about":[{"href":"https:\/\/eschringen.de\/wordpress\/wp-json\/wp\/v2\/types\/page"}],"author":[{"embeddable":true,"href":"https:\/\/eschringen.de\/wordpress\/wp-json\/wp\/v2\/users\/1"}],"replies":[{"embeddable":true,"href":"https:\/\/eschringen.de\/wordpress\/wp-json\/wp\/v2\/comments?post=822"}],"version-history":[{"count":2,"href":"https:\/\/eschringen.de\/wordpress\/wp-json\/wp\/v2\/pages\/822\/revisions"}],"predecessor-version":[{"id":4834,"href":"https:\/\/eschringen.de\/wordpress\/wp-json\/wp\/v2\/pages\/822\/revisions\/4834"}],"up":[{"embeddable":true,"href":"https:\/\/eschringen.de\/wordpress\/wp-json\/wp\/v2\/pages\/403"}],"wp:attachment":[{"href":"https:\/\/eschringen.de\/wordpress\/wp-json\/wp\/v2\/media?parent=822"}],"curies":[{"name":"wp","href":"https:\/\/api.w.org\/{rel}","templated":true}]}}