{"id":812,"date":"2017-02-17T18:49:49","date_gmt":"2017-02-17T17:49:49","guid":{"rendered":"http:\/\/eschringen.de\/wordpress\/?page_id=812"},"modified":"2024-11-24T22:42:46","modified_gmt":"2024-11-24T21:42:46","slug":"21-11-2008-ungewohnte-atlantische-klaenge-in-der-post","status":"publish","type":"page","link":"https:\/\/eschringen.de\/wordpress\/geschichte\/archiv\/21-11-2008-ungewohnte-atlantische-klaenge-in-der-post\/","title":{"rendered":"21.11.2008: Ungewohnte \u201eatlantische\u201c Kl\u00e4nge in der \u201ePost\u201c"},"content":{"rendered":"<h5><strong>An Erminig begeisterte mit keltisch-bretonischer Musik<\/strong><\/h5>\n<p>Angesichts des unsicheren Wetters und den winterlichen Vorhersagen bangten die Programmplaner der AG Eschringer Vereine um ausreichenden Zuspruch f\u00fcr das Konzert im Gasthaus \u201eZur Post&#8220;. Erste (telefonische) Absagen von ausw\u00e4rtigen G\u00e4sten lie\u00dfen nichts Gutes erahnen.<\/p>\n<p><img data-recalc-dims=\"1\" loading=\"lazy\" decoding=\"async\" class=\"alignleft\" src=\"https:\/\/i0.wp.com\/eschringen.de\/wordpress\/wp-content\/uploads\/2024\/11\/Erminig1.jpg?resize=600%2C450&#038;ssl=1\" width=\"600\" height=\"450\" align=\"left\" border=\"0\" hspace=\"5\">Umso erfreulicher dann, dass sich der Saal doch nach und nach f\u00fcllte und f\u00fcr die passende Atmosph\u00e4re sorgte. Die Triobesetzung von AN ERMINIG hatte sich auf der B\u00fchne mit ihrem umfangreichen Instrumentarium \u201ebreit gemacht&#8220;: In der Mitte platziert war die keltische Harfe nebst einer Spezialanfertigung f\u00fcr den schnellen Zugriff auf die Holzquerfl\u00f6ten, die Bombarde (ein weiteres, typisch bretonisches Blasinstrument) und die Geigen. Die erstgenannten Instrumente sind die Dom\u00e4ne von Barbara Gerdes. Sie wurde \u201eeingerahmt&#8220; durch die Br\u00fcder Andreas und Hans-Martin Derow. Letzterer bediente das Akkordeon und die Gitarren, ersterer zeichnete f\u00fcr den Gesang, Akkordeon, Geige und den un\u00fcberh\u00f6rbaren (schottischen) Dudelsack verantwortlich.<\/p>\n<p>Gleich das erste Tanzst\u00fcck, ein \u201eAn Dro&#8220;, war durch Bombarde und Dudelsack gepr\u00e4gt, und entsprechend \u201eohrenbet\u00e4ubend&#8220; wurde es! Aber das sollte auch quasi nur ein akustischer Test sein, betonte A, Derow und versprach, dass es am heutigen Abend nicht mehr lauter werden w\u00fcrde. Im Vorfeld hatte man bereits wohlweislich entschieden, \u201eunplugged&#8220;, also ohne Verst\u00e4rker, zu spielen. Und das zahlte sich aus, denn das Publikum lauschte auch bei den leisen T\u00f6nen sehr konzentriert, wenn z. B. die Harfe zum Einsatz kam.<\/p>\n<p><img data-recalc-dims=\"1\" loading=\"lazy\" decoding=\"async\" class=\"alignright\" src=\"https:\/\/i0.wp.com\/eschringen.de\/wordpress\/wp-content\/uploads\/2024\/11\/Erminig2-1.jpg?resize=600%2C450&#038;ssl=1\" width=\"600\" height=\"450\" align=\"right\" border=\"0\" hspace=\"5\">AN ERMINIG pr\u00e4sentierte im Wesentlichen ihr aktuelles Programm \u201eGourlen&#8220; (zu dt. \u201eFlut&#8220;), dass sich als Gegenst\u00fcck zum Inhalt der CD \u201eTennadeg&#8220; versteht, die der Musik des Landesinneren (der \u201eAr Goat&#8220;) gewidmet war. Nunmehr standen Lieder und T\u00e4nze der Seeleute und der Fischer im Mittelpunkt (\u201echants des marins&#8220;). Die Liedtexte beschreiben den Alltag der Menschen am Meer, zwischen Atlantik (\u201eAr Mor&#8220;) und \u00c4rmelkanal, wobei viele Geschichten, wie A. Derow erw\u00e4hnte, oft traurigen Inhalts sind. Gleichwohl brachten vor allem die T\u00e4nze, die traditionellen \u201eDans Plinn&#8220;, aber auch Eigenkompositionen wie die pfiffigerweise \u201ePur\u00e9e&#8220; betitelten (wohl an \u201eBour\u00e9e&#8220; angelehnten) Scottishes auch die Lebensfreude der Bretonen zur Geltung. Beachtenswert dabei u. a., wie von den dreien virtuos Jakobsmuscheln (!) als Perkussionsinstrumente eingesetzt wurden.<\/p>\n<p>Als sich die musikalische Reise durch den S\u00fcden der Bretagne dem Ende zu neigte, kam auch noch eine Drehleier zum Einsatz, ein selten zu h\u00f6rendes Instrument, das bekanntlich bis ins 18. Jahrhundert hinein auch hierzulande verbreitet war. Den geb\u00fchrenden, leider &#8211; so empfanden es etliche Besucher &#8211; etwas kurzen Zugabenteil beherrschte eine Tanzeinlage, die auch nicht wenige Leute aus dem Publikum im wahrsten Sinne des Wortes von den St\u00fchlen holte. Angef\u00fchrt von A. Derow und B. Gerdes, die die n\u00f6tigen Schritte erkl\u00e4rt hatten, tanzte man im Kreis durch den Saal! Das d\u00fcrfte Seltenheitswert gehabt haben! Ein abwechslungsreicher Konzertabend, der sicher vielen in Erinnerung bleiben wird, hatte sein Abschluss gefunden. <img data-recalc-dims=\"1\" loading=\"lazy\" decoding=\"async\" class=\"aligncenter\" src=\"https:\/\/i0.wp.com\/eschringen.de\/wordpress\/wp-content\/uploads\/2024\/11\/Erminig4.jpg?resize=780%2C585&#038;ssl=1\" width=\"780\" height=\"585\" align=\"middle\" border=\"0\" hspace=\"5\" vspace=\"5\"><\/p>\n","protected":false},"excerpt":{"rendered":"<p>An Erminig begeisterte mit keltisch-bretonischer Musik Angesichts des unsicheren Wetters und den winterlichen Vorhersagen bangten die Programmplaner der AG Eschringer Vereine um ausreichenden Zuspruch f\u00fcr das Konzert im Gasthaus \u201eZur Post&#8220;. Erste (telefonische) Absagen von ausw\u00e4rtigen G\u00e4sten lie\u00dfen nichts Gutes erahnen. Umso erfreulicher dann, dass sich der Saal doch nach und nach f\u00fcllte und f\u00fcr &#8230; <a title=\"21.11.2008: Ungewohnte \u201eatlantische\u201c Kl\u00e4nge in der \u201ePost\u201c\" class=\"read-more\" href=\"https:\/\/eschringen.de\/wordpress\/geschichte\/archiv\/21-11-2008-ungewohnte-atlantische-klaenge-in-der-post\/\" aria-label=\"Mehr Informationen \u00fcber 21.11.2008: Ungewohnte \u201eatlantische\u201c Kl\u00e4nge in der \u201ePost\u201c\">Weiterlesen &#8230;<\/a><\/p>\n","protected":false},"author":1,"featured_media":0,"parent":403,"menu_order":23,"comment_status":"closed","ping_status":"closed","template":"","meta":{"ngg_post_thumbnail":0,"footnotes":""},"class_list":["post-812","page","type-page","status-publish"],"yoast_head":"<!-- This site is optimized with the Yoast SEO plugin v27.4 - https:\/\/yoast.com\/product\/yoast-seo-wordpress\/ -->\n<title>21.11.2008: Ungewohnte \u201eatlantische\u201c Kl\u00e4nge in der \u201ePost\u201c - Eschringen<\/title>\n<meta name=\"robots\" content=\"index, follow, max-snippet:-1, max-image-preview:large, max-video-preview:-1\" \/>\n<link rel=\"canonical\" href=\"https:\/\/eschringen.de\/wordpress\/geschichte\/archiv\/21-11-2008-ungewohnte-atlantische-klaenge-in-der-post\/\" \/>\n<meta property=\"og:locale\" content=\"de_DE\" \/>\n<meta property=\"og:type\" content=\"article\" \/>\n<meta property=\"og:title\" content=\"21.11.2008: Ungewohnte \u201eatlantische\u201c Kl\u00e4nge in der \u201ePost\u201c - Eschringen\" \/>\n<meta property=\"og:description\" content=\"An Erminig begeisterte mit keltisch-bretonischer Musik Angesichts des unsicheren Wetters und den winterlichen Vorhersagen bangten die Programmplaner der AG Eschringer Vereine um ausreichenden Zuspruch f\u00fcr das Konzert im Gasthaus \u201eZur Post&#8220;. Erste (telefonische) Absagen von ausw\u00e4rtigen G\u00e4sten lie\u00dfen nichts Gutes erahnen. Umso erfreulicher dann, dass sich der Saal doch nach und nach f\u00fcllte und f\u00fcr ... Weiterlesen ...\" \/>\n<meta property=\"og:url\" content=\"https:\/\/eschringen.de\/wordpress\/geschichte\/archiv\/21-11-2008-ungewohnte-atlantische-klaenge-in-der-post\/\" \/>\n<meta property=\"og:site_name\" content=\"Eschringen\" \/>\n<meta property=\"article:modified_time\" content=\"2024-11-24T21:42:46+00:00\" \/>\n<meta property=\"og:image\" content=\"https:\/\/eschringen.de\/wordpress\/wp-content\/uploads\/2024\/11\/Erminig1.jpg\" \/>\n<meta name=\"twitter:card\" content=\"summary_large_image\" \/>\n<meta name=\"twitter:label1\" content=\"Gesch\u00e4tzte Lesezeit\" \/>\n\t<meta name=\"twitter:data1\" content=\"4\u00a0Minuten\" \/>\n<script type=\"application\/ld+json\" class=\"yoast-schema-graph\">{\"@context\":\"https:\\\/\\\/schema.org\",\"@graph\":[{\"@type\":\"WebPage\",\"@id\":\"https:\\\/\\\/eschringen.de\\\/wordpress\\\/geschichte\\\/archiv\\\/21-11-2008-ungewohnte-atlantische-klaenge-in-der-post\\\/\",\"url\":\"https:\\\/\\\/eschringen.de\\\/wordpress\\\/geschichte\\\/archiv\\\/21-11-2008-ungewohnte-atlantische-klaenge-in-der-post\\\/\",\"name\":\"21.11.2008: Ungewohnte \u201eatlantische\u201c Kl\u00e4nge in der \u201ePost\u201c - Eschringen\",\"isPartOf\":{\"@id\":\"https:\\\/\\\/eschringen.de\\\/wordpress\\\/#website\"},\"primaryImageOfPage\":{\"@id\":\"https:\\\/\\\/eschringen.de\\\/wordpress\\\/geschichte\\\/archiv\\\/21-11-2008-ungewohnte-atlantische-klaenge-in-der-post\\\/#primaryimage\"},\"image\":{\"@id\":\"https:\\\/\\\/eschringen.de\\\/wordpress\\\/geschichte\\\/archiv\\\/21-11-2008-ungewohnte-atlantische-klaenge-in-der-post\\\/#primaryimage\"},\"thumbnailUrl\":\"https:\\\/\\\/eschringen.de\\\/wordpress\\\/wp-content\\\/uploads\\\/2024\\\/11\\\/Erminig1.jpg\",\"datePublished\":\"2017-02-17T17:49:49+00:00\",\"dateModified\":\"2024-11-24T21:42:46+00:00\",\"breadcrumb\":{\"@id\":\"https:\\\/\\\/eschringen.de\\\/wordpress\\\/geschichte\\\/archiv\\\/21-11-2008-ungewohnte-atlantische-klaenge-in-der-post\\\/#breadcrumb\"},\"inLanguage\":\"de\",\"potentialAction\":[{\"@type\":\"ReadAction\",\"target\":[\"https:\\\/\\\/eschringen.de\\\/wordpress\\\/geschichte\\\/archiv\\\/21-11-2008-ungewohnte-atlantische-klaenge-in-der-post\\\/\"]}]},{\"@type\":\"ImageObject\",\"inLanguage\":\"de\",\"@id\":\"https:\\\/\\\/eschringen.de\\\/wordpress\\\/geschichte\\\/archiv\\\/21-11-2008-ungewohnte-atlantische-klaenge-in-der-post\\\/#primaryimage\",\"url\":\"https:\\\/\\\/i0.wp.com\\\/eschringen.de\\\/wordpress\\\/wp-content\\\/uploads\\\/2024\\\/11\\\/Erminig1.jpg?fit=600%2C450&ssl=1\",\"contentUrl\":\"https:\\\/\\\/i0.wp.com\\\/eschringen.de\\\/wordpress\\\/wp-content\\\/uploads\\\/2024\\\/11\\\/Erminig1.jpg?fit=600%2C450&ssl=1\",\"width\":600,\"height\":450},{\"@type\":\"BreadcrumbList\",\"@id\":\"https:\\\/\\\/eschringen.de\\\/wordpress\\\/geschichte\\\/archiv\\\/21-11-2008-ungewohnte-atlantische-klaenge-in-der-post\\\/#breadcrumb\",\"itemListElement\":[{\"@type\":\"ListItem\",\"position\":1,\"name\":\"Startseite\",\"item\":\"https:\\\/\\\/eschringen.de\\\/wordpress\\\/\"},{\"@type\":\"ListItem\",\"position\":2,\"name\":\"Geschichte\",\"item\":\"https:\\\/\\\/eschringen.de\\\/wordpress\\\/geschichte\\\/\"},{\"@type\":\"ListItem\",\"position\":3,\"name\":\"Archiv\",\"item\":\"https:\\\/\\\/eschringen.de\\\/wordpress\\\/geschichte\\\/archiv\\\/\"},{\"@type\":\"ListItem\",\"position\":4,\"name\":\"21.11.2008: Ungewohnte \u201eatlantische\u201c Kl\u00e4nge in der \u201ePost\u201c\"}]},{\"@type\":\"WebSite\",\"@id\":\"https:\\\/\\\/eschringen.de\\\/wordpress\\\/#website\",\"url\":\"https:\\\/\\\/eschringen.de\\\/wordpress\\\/\",\"name\":\"Eschringen\",\"description\":\"\",\"publisher\":{\"@id\":\"https:\\\/\\\/eschringen.de\\\/wordpress\\\/#organization\"},\"potentialAction\":[{\"@type\":\"SearchAction\",\"target\":{\"@type\":\"EntryPoint\",\"urlTemplate\":\"https:\\\/\\\/eschringen.de\\\/wordpress\\\/?s={search_term_string}\"},\"query-input\":{\"@type\":\"PropertyValueSpecification\",\"valueRequired\":true,\"valueName\":\"search_term_string\"}}],\"inLanguage\":\"de\"},{\"@type\":\"Organization\",\"@id\":\"https:\\\/\\\/eschringen.de\\\/wordpress\\\/#organization\",\"name\":\"Eschringen\",\"url\":\"https:\\\/\\\/eschringen.de\\\/wordpress\\\/\",\"logo\":{\"@type\":\"ImageObject\",\"inLanguage\":\"de\",\"@id\":\"https:\\\/\\\/eschringen.de\\\/wordpress\\\/#\\\/schema\\\/logo\\\/image\\\/\",\"url\":\"https:\\\/\\\/eschringen.de\\\/wordpress\\\/wp-content\\\/uploads\\\/2017\\\/03\\\/2017_kw15.jpg\",\"contentUrl\":\"https:\\\/\\\/eschringen.de\\\/wordpress\\\/wp-content\\\/uploads\\\/2017\\\/03\\\/2017_kw15.jpg\",\"width\":784,\"height\":447,\"caption\":\"Eschringen\"},\"image\":{\"@id\":\"https:\\\/\\\/eschringen.de\\\/wordpress\\\/#\\\/schema\\\/logo\\\/image\\\/\"}}]}<\/script>\n<!-- \/ Yoast SEO plugin. -->","yoast_head_json":{"title":"21.11.2008: Ungewohnte \u201eatlantische\u201c Kl\u00e4nge in der \u201ePost\u201c - Eschringen","robots":{"index":"index","follow":"follow","max-snippet":"max-snippet:-1","max-image-preview":"max-image-preview:large","max-video-preview":"max-video-preview:-1"},"canonical":"https:\/\/eschringen.de\/wordpress\/geschichte\/archiv\/21-11-2008-ungewohnte-atlantische-klaenge-in-der-post\/","og_locale":"de_DE","og_type":"article","og_title":"21.11.2008: Ungewohnte \u201eatlantische\u201c Kl\u00e4nge in der \u201ePost\u201c - Eschringen","og_description":"An Erminig begeisterte mit keltisch-bretonischer Musik Angesichts des unsicheren Wetters und den winterlichen Vorhersagen bangten die Programmplaner der AG Eschringer Vereine um ausreichenden Zuspruch f\u00fcr das Konzert im Gasthaus \u201eZur Post&#8220;. Erste (telefonische) Absagen von ausw\u00e4rtigen G\u00e4sten lie\u00dfen nichts Gutes erahnen. Umso erfreulicher dann, dass sich der Saal doch nach und nach f\u00fcllte und f\u00fcr ... Weiterlesen ...","og_url":"https:\/\/eschringen.de\/wordpress\/geschichte\/archiv\/21-11-2008-ungewohnte-atlantische-klaenge-in-der-post\/","og_site_name":"Eschringen","article_modified_time":"2024-11-24T21:42:46+00:00","og_image":[{"url":"https:\/\/eschringen.de\/wordpress\/wp-content\/uploads\/2024\/11\/Erminig1.jpg","type":"","width":"","height":""}],"twitter_card":"summary_large_image","twitter_misc":{"Gesch\u00e4tzte Lesezeit":"4\u00a0Minuten"},"schema":{"@context":"https:\/\/schema.org","@graph":[{"@type":"WebPage","@id":"https:\/\/eschringen.de\/wordpress\/geschichte\/archiv\/21-11-2008-ungewohnte-atlantische-klaenge-in-der-post\/","url":"https:\/\/eschringen.de\/wordpress\/geschichte\/archiv\/21-11-2008-ungewohnte-atlantische-klaenge-in-der-post\/","name":"21.11.2008: Ungewohnte \u201eatlantische\u201c Kl\u00e4nge in der \u201ePost\u201c - Eschringen","isPartOf":{"@id":"https:\/\/eschringen.de\/wordpress\/#website"},"primaryImageOfPage":{"@id":"https:\/\/eschringen.de\/wordpress\/geschichte\/archiv\/21-11-2008-ungewohnte-atlantische-klaenge-in-der-post\/#primaryimage"},"image":{"@id":"https:\/\/eschringen.de\/wordpress\/geschichte\/archiv\/21-11-2008-ungewohnte-atlantische-klaenge-in-der-post\/#primaryimage"},"thumbnailUrl":"https:\/\/eschringen.de\/wordpress\/wp-content\/uploads\/2024\/11\/Erminig1.jpg","datePublished":"2017-02-17T17:49:49+00:00","dateModified":"2024-11-24T21:42:46+00:00","breadcrumb":{"@id":"https:\/\/eschringen.de\/wordpress\/geschichte\/archiv\/21-11-2008-ungewohnte-atlantische-klaenge-in-der-post\/#breadcrumb"},"inLanguage":"de","potentialAction":[{"@type":"ReadAction","target":["https:\/\/eschringen.de\/wordpress\/geschichte\/archiv\/21-11-2008-ungewohnte-atlantische-klaenge-in-der-post\/"]}]},{"@type":"ImageObject","inLanguage":"de","@id":"https:\/\/eschringen.de\/wordpress\/geschichte\/archiv\/21-11-2008-ungewohnte-atlantische-klaenge-in-der-post\/#primaryimage","url":"https:\/\/i0.wp.com\/eschringen.de\/wordpress\/wp-content\/uploads\/2024\/11\/Erminig1.jpg?fit=600%2C450&ssl=1","contentUrl":"https:\/\/i0.wp.com\/eschringen.de\/wordpress\/wp-content\/uploads\/2024\/11\/Erminig1.jpg?fit=600%2C450&ssl=1","width":600,"height":450},{"@type":"BreadcrumbList","@id":"https:\/\/eschringen.de\/wordpress\/geschichte\/archiv\/21-11-2008-ungewohnte-atlantische-klaenge-in-der-post\/#breadcrumb","itemListElement":[{"@type":"ListItem","position":1,"name":"Startseite","item":"https:\/\/eschringen.de\/wordpress\/"},{"@type":"ListItem","position":2,"name":"Geschichte","item":"https:\/\/eschringen.de\/wordpress\/geschichte\/"},{"@type":"ListItem","position":3,"name":"Archiv","item":"https:\/\/eschringen.de\/wordpress\/geschichte\/archiv\/"},{"@type":"ListItem","position":4,"name":"21.11.2008: Ungewohnte \u201eatlantische\u201c Kl\u00e4nge in der \u201ePost\u201c"}]},{"@type":"WebSite","@id":"https:\/\/eschringen.de\/wordpress\/#website","url":"https:\/\/eschringen.de\/wordpress\/","name":"Eschringen","description":"","publisher":{"@id":"https:\/\/eschringen.de\/wordpress\/#organization"},"potentialAction":[{"@type":"SearchAction","target":{"@type":"EntryPoint","urlTemplate":"https:\/\/eschringen.de\/wordpress\/?s={search_term_string}"},"query-input":{"@type":"PropertyValueSpecification","valueRequired":true,"valueName":"search_term_string"}}],"inLanguage":"de"},{"@type":"Organization","@id":"https:\/\/eschringen.de\/wordpress\/#organization","name":"Eschringen","url":"https:\/\/eschringen.de\/wordpress\/","logo":{"@type":"ImageObject","inLanguage":"de","@id":"https:\/\/eschringen.de\/wordpress\/#\/schema\/logo\/image\/","url":"https:\/\/eschringen.de\/wordpress\/wp-content\/uploads\/2017\/03\/2017_kw15.jpg","contentUrl":"https:\/\/eschringen.de\/wordpress\/wp-content\/uploads\/2017\/03\/2017_kw15.jpg","width":784,"height":447,"caption":"Eschringen"},"image":{"@id":"https:\/\/eschringen.de\/wordpress\/#\/schema\/logo\/image\/"}}]}},"jetpack_sharing_enabled":true,"_links":{"self":[{"href":"https:\/\/eschringen.de\/wordpress\/wp-json\/wp\/v2\/pages\/812","targetHints":{"allow":["GET"]}}],"collection":[{"href":"https:\/\/eschringen.de\/wordpress\/wp-json\/wp\/v2\/pages"}],"about":[{"href":"https:\/\/eschringen.de\/wordpress\/wp-json\/wp\/v2\/types\/page"}],"author":[{"embeddable":true,"href":"https:\/\/eschringen.de\/wordpress\/wp-json\/wp\/v2\/users\/1"}],"replies":[{"embeddable":true,"href":"https:\/\/eschringen.de\/wordpress\/wp-json\/wp\/v2\/comments?post=812"}],"version-history":[{"count":2,"href":"https:\/\/eschringen.de\/wordpress\/wp-json\/wp\/v2\/pages\/812\/revisions"}],"predecessor-version":[{"id":4812,"href":"https:\/\/eschringen.de\/wordpress\/wp-json\/wp\/v2\/pages\/812\/revisions\/4812"}],"up":[{"embeddable":true,"href":"https:\/\/eschringen.de\/wordpress\/wp-json\/wp\/v2\/pages\/403"}],"wp:attachment":[{"href":"https:\/\/eschringen.de\/wordpress\/wp-json\/wp\/v2\/media?parent=812"}],"curies":[{"name":"wp","href":"https:\/\/api.w.org\/{rel}","templated":true}]}}