{"id":810,"date":"2017-02-17T18:47:48","date_gmt":"2017-02-17T17:47:48","guid":{"rendered":"http:\/\/eschringen.de\/wordpress\/?page_id=810"},"modified":"2024-11-24T22:40:26","modified_gmt":"2024-11-24T21:40:26","slug":"27-03-09-miller-anderson-trio-mehr-als-ein-hauch-von-woodstock","status":"publish","type":"page","link":"https:\/\/eschringen.de\/wordpress\/geschichte\/archiv\/27-03-09-miller-anderson-trio-mehr-als-ein-hauch-von-woodstock\/","title":{"rendered":"27.03.09: Miller Anderson Trio \u2013 mehr als ein Hauch von Woodstock!"},"content":{"rendered":"<p><img data-recalc-dims=\"1\" loading=\"lazy\" decoding=\"async\" class=\"aligncenter\" src=\"https:\/\/i0.wp.com\/eschringen.de\/wordpress\/wp-content\/uploads\/2024\/11\/Miller3.jpg?resize=780%2C357&#038;ssl=1\" width=\"780\" height=\"357\" align=\"middle\" border=\"0\" hspace=\"15\" vspace=\"5\"><br \/>\n<img data-recalc-dims=\"1\" loading=\"lazy\" decoding=\"async\" class=\"alignright\" src=\"https:\/\/i0.wp.com\/eschringen.de\/wordpress\/wp-content\/uploads\/2024\/11\/Miller1.jpg?resize=347%2C500&#038;ssl=1\" width=\"347\" height=\"500\" align=\"right\" border=\"0\" hspace=\"5\" vspace=\"5\">Da sollten sich die Programmmacher der AG Eschringer Vereine e. V. ja mal gr\u00fcndlich t\u00e4uschen: In der lokalen Presse hatte man \u201eeine bunte Mischung aus Blues, Folk und melodischem Rock\u201c angek\u00fcndigt, die \u201eweitgehend \u201aunplugged\u2019\u201c dargeboten werden sollte. Aber es kam (etwas) anders \u2013 der SZ-Redakteur hatte f\u00fcr die Ank\u00fcndigung in der Beilage \u201etreff.region\u201c vorausschauend \u201eDie Post geht ab\u201c getitelt.<br \/>\nBereits beim Soundcheck im legend\u00e4ren Saal des Gasthauses \u201eZur Post\u201c war Gitarrist und S\u00e4nger Miller Anderson aufgefallen, dass Gast-Drummer Uli Twelker aus G\u00fctersloh (er hatte hier bereits mit Chris Jagger und Charlie Hart gejammt) bestens auf den Gig vorbereitet war. Twelker hatte sich die Setlist telefonisch durchgeben lassen und dann zuhause im Keller zwei Wochen lang intensiv ge\u00fcbt.<br \/>\nDer Kartenvorverkauf lie\u00df erahnen, dass der Saal wieder proppenvoll werden w\u00fcrde. Die Gesangsanlage hatte Uli Twelker mitgebracht, den Gitarrenverst\u00e4rker stellte SARREBRUCK-LIBRE-Chef Roland Helm zur Verf\u00fcgung.<\/p>\n<p><img data-recalc-dims=\"1\" loading=\"lazy\" decoding=\"async\" class=\"alignleft\" src=\"https:\/\/i0.wp.com\/eschringen.de\/wordpress\/wp-content\/uploads\/2024\/11\/Miller4.jpg?resize=300%2C467&#038;ssl=1\" width=\"300\" height=\"467\" align=\"left\" border=\"0\" hspace=\"5\" vspace=\"5\">F\u00fcr das passende Licht sorgte in bew\u00e4hrter Manie Andreas Moog. Miller Anderson, schottisches Gitarren-Ass mit zahlreichen Referenzen (u. a. bei Marc Bolans T. REX, Donovan, DEEP PURPLEs Jon Lord und der SPENCER DAVIS GROUP aktiv), war mit Bassist Kris Gray (Ex-EDGAR BROUGHTON BAND) angereist: im Gep\u00e4ck lediglich eine E- und eine akustische Gitarre, dazu zwei E-B\u00e4sse. Es konnte also losgehen! Roland Schmitt begr\u00fc\u00dfte das Publikum, bat um Verst\u00e4ndnis f\u00fcr fehlende Sitzgelegenheiten und stellte das Trio kurz vor. Dann legten Miller &amp; Co. los, untermauerten mit dem \u201eCity Blues\u201c, warum Eschringen eben auch ein Stadtteil ist! Etwas ruhiger, zu Rumba-gest\u00fctztem Schlagwerk, erklang ein Slow-Blues \u201eFallin\u2019 Back Into The Blue\u201c), zu der auch Millers pr\u00e4gnantes Mundharmonikaspiel erklang. Bereits jetzt sp\u00fcrte man, dass die drei \u2013 obwohl erstmals gemeinsam auf der B\u00fchne \u2013 trefflich harmonierten. Miller drehte die Zeituhr nun um runde 40 (!) Jahre zur\u00fcck und rockte los mit Songs (\u201eSinnin\u2019 For You\u201c, \u201eJust To Cry\u201c, \u201eLeavin\u2019 Trunk\u201c) aus dem KEEF-HARTLEY-BAND-Album \u201eHalfbreed\u201c, die er einst auch in Woodstock gespielt hatte. Im Publikum kam mehr und mehr Begeisterung auf, vor allem bei den Slide-guitar-Einlagen und den Gitarrensoli, die belegten, welch\u2019 ein klasse Gitarrist Miller Anderson letztlich ist. Mit \u201eBy The Light\u201c folgte ein potenzieller Hitsong aus dem aktuellen Album \u201eChameleon\u201c, den das Trio in einer ausgedehnten und improvisierten Fassung brachte. Uli Twelker brillierte dabei mir einem (ersten) fulminanten Drum-Solo, das auch Miller und Kris mit Applaus bedachten. Vor der Pause gab\u2019s dann eine bezaubernde Fassung der Ry-Cooder-Ballade \u201eAcross The Borderline\u201c \u2013 nur mit E-Gitarre und Millers kraftvoller Stimme \u2013 sowie das von den ANIMALS her bekannte Traditional \u201eHouse Of The Rising Sun\u201c in neuem Gewand.<\/p>\n<p><img data-recalc-dims=\"1\" loading=\"lazy\" decoding=\"async\" class=\"alignright\" src=\"https:\/\/i0.wp.com\/eschringen.de\/wordpress\/wp-content\/uploads\/2024\/11\/Miller2.jpg?resize=313%2C500&#038;ssl=1\" width=\"313\" height=\"500\" align=\"right\" border=\"0\" hspace=\"5\" vspace=\"5\">Auch im zweiten Teil sollte die akustische Gitarre im Koffer bleiben. Miller &amp; Co. setzten weiter auf Roots- und Blues-Rock. Es folgten weitere \u201eKracher\u201c aus dem Soloalbum \u201eBluesheart\u201c (\u201eHigh Tide &amp; High Water\u201c) und aus \u201eHalfbreed (\u201eThink It Over\u201c) sowie zwei St\u00fccke aus der LP \u201eBoogie Brothers\u201c, als Miller mit Kim Simmonds und Stan Webb die sog. \u201eFrontline\u201c von SAVOY BROWN bildete. Der eing\u00e4ngige Boogie-Rock von \u201eEverybody Loves A Drinking Man\u201c animierte fast zwangsl\u00e4ufig zum Mitklatschen. Den Siedepunkt des unvergesslichen Konzertes erreichten die drei mit einer tollen Version von Jimi Hendrix\u2019 \u201eHey Joe\u201c: Jetzt waren alle im Saal definitiv in Woodstock \u201eangekommen\u201c! Mit einer musikalischen Verbeugung vor seinem schottischen Heimatdorf \u201eHouston\u201c sagte Miller \u201eGoodbye\u201c. Klar, dass das Trio nicht ohne eine ausgiebige Zugabe von der B\u00fchne gelassen wurde: Vor allem Willie Dixons Blues-Klassiker \u201eSpoonful\u201c sorgte f\u00fcr mehr als zufriedene Gesichter. Dass der nette \u201eunplugged\u201c-Abend einem pulsierenden Blues-Rock-Gig hatte weichen m\u00fcssen, hatten wohl alle Besucher letztlich bestens \u201everschmerzen\u201c k\u00f6nnen!<\/p>\n<p><strong>Fotos: Jochen Siess<\/strong><\/p>\n<p>Weitere Berichte:<\/p>\n<p><a href=\"http:\/\/www.musikreviews.de\/live\/Miller-Anderson\/27-03-2009\/\">http:\/\/www.musikreviews.de\/live\/Miller-Anderson\/27-03-2009\/<\/a><\/p>\n<p>&nbsp;<br \/>\n&nbsp;<br \/>\n&nbsp;<br \/>\n&nbsp;<\/p>\n","protected":false},"excerpt":{"rendered":"<p>Da sollten sich die Programmmacher der AG Eschringer Vereine e. V. ja mal gr\u00fcndlich t\u00e4uschen: In der lokalen Presse hatte man \u201eeine bunte Mischung aus Blues, Folk und melodischem Rock\u201c angek\u00fcndigt, die \u201eweitgehend \u201aunplugged\u2019\u201c dargeboten werden sollte. Aber es kam (etwas) anders \u2013 der SZ-Redakteur hatte f\u00fcr die Ank\u00fcndigung in der Beilage \u201etreff.region\u201c vorausschauend \u201eDie &#8230; <a title=\"27.03.09: Miller Anderson Trio \u2013 mehr als ein Hauch von Woodstock!\" class=\"read-more\" href=\"https:\/\/eschringen.de\/wordpress\/geschichte\/archiv\/27-03-09-miller-anderson-trio-mehr-als-ein-hauch-von-woodstock\/\" aria-label=\"Mehr Informationen \u00fcber 27.03.09: Miller Anderson Trio \u2013 mehr als ein Hauch von Woodstock!\">Weiterlesen &#8230;<\/a><\/p>\n","protected":false},"author":1,"featured_media":0,"parent":403,"menu_order":22,"comment_status":"closed","ping_status":"closed","template":"","meta":{"ngg_post_thumbnail":0,"footnotes":""},"class_list":["post-810","page","type-page","status-publish"],"yoast_head":"<!-- This site is optimized with the Yoast SEO plugin v27.3 - https:\/\/yoast.com\/product\/yoast-seo-wordpress\/ -->\n<title>27.03.09: Miller Anderson Trio \u2013 mehr als ein Hauch von Woodstock! - Eschringen<\/title>\n<meta name=\"robots\" content=\"index, follow, max-snippet:-1, max-image-preview:large, max-video-preview:-1\" \/>\n<link rel=\"canonical\" href=\"https:\/\/eschringen.de\/wordpress\/geschichte\/archiv\/27-03-09-miller-anderson-trio-mehr-als-ein-hauch-von-woodstock\/\" \/>\n<meta property=\"og:locale\" content=\"de_DE\" \/>\n<meta property=\"og:type\" content=\"article\" \/>\n<meta property=\"og:title\" content=\"27.03.09: Miller Anderson Trio \u2013 mehr als ein Hauch von Woodstock! - Eschringen\" \/>\n<meta property=\"og:description\" content=\"Da sollten sich die Programmmacher der AG Eschringer Vereine e. V. ja mal gr\u00fcndlich t\u00e4uschen: In der lokalen Presse hatte man \u201eeine bunte Mischung aus Blues, Folk und melodischem Rock\u201c angek\u00fcndigt, die \u201eweitgehend \u201aunplugged\u2019\u201c dargeboten werden sollte. Aber es kam (etwas) anders \u2013 der SZ-Redakteur hatte f\u00fcr die Ank\u00fcndigung in der Beilage \u201etreff.region\u201c vorausschauend \u201eDie ... Weiterlesen ...\" \/>\n<meta property=\"og:url\" content=\"https:\/\/eschringen.de\/wordpress\/geschichte\/archiv\/27-03-09-miller-anderson-trio-mehr-als-ein-hauch-von-woodstock\/\" \/>\n<meta property=\"og:site_name\" content=\"Eschringen\" \/>\n<meta property=\"article:modified_time\" content=\"2024-11-24T21:40:26+00:00\" \/>\n<meta property=\"og:image\" content=\"https:\/\/eschringen.de\/wordpress\/wp-content\/uploads\/2024\/11\/Miller3.jpg\" \/>\n<meta name=\"twitter:card\" content=\"summary_large_image\" \/>\n<meta name=\"twitter:label1\" content=\"Gesch\u00e4tzte Lesezeit\" \/>\n\t<meta name=\"twitter:data1\" content=\"4\u00a0Minuten\" \/>\n<script type=\"application\/ld+json\" class=\"yoast-schema-graph\">{\"@context\":\"https:\\\/\\\/schema.org\",\"@graph\":[{\"@type\":\"WebPage\",\"@id\":\"https:\\\/\\\/eschringen.de\\\/wordpress\\\/geschichte\\\/archiv\\\/27-03-09-miller-anderson-trio-mehr-als-ein-hauch-von-woodstock\\\/\",\"url\":\"https:\\\/\\\/eschringen.de\\\/wordpress\\\/geschichte\\\/archiv\\\/27-03-09-miller-anderson-trio-mehr-als-ein-hauch-von-woodstock\\\/\",\"name\":\"27.03.09: Miller Anderson Trio \u2013 mehr als ein Hauch von Woodstock! - Eschringen\",\"isPartOf\":{\"@id\":\"https:\\\/\\\/eschringen.de\\\/wordpress\\\/#website\"},\"primaryImageOfPage\":{\"@id\":\"https:\\\/\\\/eschringen.de\\\/wordpress\\\/geschichte\\\/archiv\\\/27-03-09-miller-anderson-trio-mehr-als-ein-hauch-von-woodstock\\\/#primaryimage\"},\"image\":{\"@id\":\"https:\\\/\\\/eschringen.de\\\/wordpress\\\/geschichte\\\/archiv\\\/27-03-09-miller-anderson-trio-mehr-als-ein-hauch-von-woodstock\\\/#primaryimage\"},\"thumbnailUrl\":\"https:\\\/\\\/eschringen.de\\\/wordpress\\\/wp-content\\\/uploads\\\/2024\\\/11\\\/Miller3.jpg\",\"datePublished\":\"2017-02-17T17:47:48+00:00\",\"dateModified\":\"2024-11-24T21:40:26+00:00\",\"breadcrumb\":{\"@id\":\"https:\\\/\\\/eschringen.de\\\/wordpress\\\/geschichte\\\/archiv\\\/27-03-09-miller-anderson-trio-mehr-als-ein-hauch-von-woodstock\\\/#breadcrumb\"},\"inLanguage\":\"de\",\"potentialAction\":[{\"@type\":\"ReadAction\",\"target\":[\"https:\\\/\\\/eschringen.de\\\/wordpress\\\/geschichte\\\/archiv\\\/27-03-09-miller-anderson-trio-mehr-als-ein-hauch-von-woodstock\\\/\"]}]},{\"@type\":\"ImageObject\",\"inLanguage\":\"de\",\"@id\":\"https:\\\/\\\/eschringen.de\\\/wordpress\\\/geschichte\\\/archiv\\\/27-03-09-miller-anderson-trio-mehr-als-ein-hauch-von-woodstock\\\/#primaryimage\",\"url\":\"https:\\\/\\\/i0.wp.com\\\/eschringen.de\\\/wordpress\\\/wp-content\\\/uploads\\\/2024\\\/11\\\/Miller3.jpg?fit=780%2C357&ssl=1\",\"contentUrl\":\"https:\\\/\\\/i0.wp.com\\\/eschringen.de\\\/wordpress\\\/wp-content\\\/uploads\\\/2024\\\/11\\\/Miller3.jpg?fit=780%2C357&ssl=1\",\"width\":780,\"height\":357},{\"@type\":\"BreadcrumbList\",\"@id\":\"https:\\\/\\\/eschringen.de\\\/wordpress\\\/geschichte\\\/archiv\\\/27-03-09-miller-anderson-trio-mehr-als-ein-hauch-von-woodstock\\\/#breadcrumb\",\"itemListElement\":[{\"@type\":\"ListItem\",\"position\":1,\"name\":\"Startseite\",\"item\":\"https:\\\/\\\/eschringen.de\\\/wordpress\\\/\"},{\"@type\":\"ListItem\",\"position\":2,\"name\":\"Geschichte\",\"item\":\"https:\\\/\\\/eschringen.de\\\/wordpress\\\/geschichte\\\/\"},{\"@type\":\"ListItem\",\"position\":3,\"name\":\"Archiv\",\"item\":\"https:\\\/\\\/eschringen.de\\\/wordpress\\\/geschichte\\\/archiv\\\/\"},{\"@type\":\"ListItem\",\"position\":4,\"name\":\"27.03.09: Miller Anderson Trio \u2013 mehr als ein Hauch von Woodstock!\"}]},{\"@type\":\"WebSite\",\"@id\":\"https:\\\/\\\/eschringen.de\\\/wordpress\\\/#website\",\"url\":\"https:\\\/\\\/eschringen.de\\\/wordpress\\\/\",\"name\":\"Eschringen\",\"description\":\"\",\"publisher\":{\"@id\":\"https:\\\/\\\/eschringen.de\\\/wordpress\\\/#organization\"},\"potentialAction\":[{\"@type\":\"SearchAction\",\"target\":{\"@type\":\"EntryPoint\",\"urlTemplate\":\"https:\\\/\\\/eschringen.de\\\/wordpress\\\/?s={search_term_string}\"},\"query-input\":{\"@type\":\"PropertyValueSpecification\",\"valueRequired\":true,\"valueName\":\"search_term_string\"}}],\"inLanguage\":\"de\"},{\"@type\":\"Organization\",\"@id\":\"https:\\\/\\\/eschringen.de\\\/wordpress\\\/#organization\",\"name\":\"Eschringen\",\"url\":\"https:\\\/\\\/eschringen.de\\\/wordpress\\\/\",\"logo\":{\"@type\":\"ImageObject\",\"inLanguage\":\"de\",\"@id\":\"https:\\\/\\\/eschringen.de\\\/wordpress\\\/#\\\/schema\\\/logo\\\/image\\\/\",\"url\":\"https:\\\/\\\/eschringen.de\\\/wordpress\\\/wp-content\\\/uploads\\\/2017\\\/03\\\/2017_kw15.jpg\",\"contentUrl\":\"https:\\\/\\\/eschringen.de\\\/wordpress\\\/wp-content\\\/uploads\\\/2017\\\/03\\\/2017_kw15.jpg\",\"width\":784,\"height\":447,\"caption\":\"Eschringen\"},\"image\":{\"@id\":\"https:\\\/\\\/eschringen.de\\\/wordpress\\\/#\\\/schema\\\/logo\\\/image\\\/\"}}]}<\/script>\n<!-- \/ Yoast SEO plugin. -->","yoast_head_json":{"title":"27.03.09: Miller Anderson Trio \u2013 mehr als ein Hauch von Woodstock! - Eschringen","robots":{"index":"index","follow":"follow","max-snippet":"max-snippet:-1","max-image-preview":"max-image-preview:large","max-video-preview":"max-video-preview:-1"},"canonical":"https:\/\/eschringen.de\/wordpress\/geschichte\/archiv\/27-03-09-miller-anderson-trio-mehr-als-ein-hauch-von-woodstock\/","og_locale":"de_DE","og_type":"article","og_title":"27.03.09: Miller Anderson Trio \u2013 mehr als ein Hauch von Woodstock! - Eschringen","og_description":"Da sollten sich die Programmmacher der AG Eschringer Vereine e. V. ja mal gr\u00fcndlich t\u00e4uschen: In der lokalen Presse hatte man \u201eeine bunte Mischung aus Blues, Folk und melodischem Rock\u201c angek\u00fcndigt, die \u201eweitgehend \u201aunplugged\u2019\u201c dargeboten werden sollte. Aber es kam (etwas) anders \u2013 der SZ-Redakteur hatte f\u00fcr die Ank\u00fcndigung in der Beilage \u201etreff.region\u201c vorausschauend \u201eDie ... Weiterlesen ...","og_url":"https:\/\/eschringen.de\/wordpress\/geschichte\/archiv\/27-03-09-miller-anderson-trio-mehr-als-ein-hauch-von-woodstock\/","og_site_name":"Eschringen","article_modified_time":"2024-11-24T21:40:26+00:00","og_image":[{"url":"https:\/\/eschringen.de\/wordpress\/wp-content\/uploads\/2024\/11\/Miller3.jpg","type":"","width":"","height":""}],"twitter_card":"summary_large_image","twitter_misc":{"Gesch\u00e4tzte Lesezeit":"4\u00a0Minuten"},"schema":{"@context":"https:\/\/schema.org","@graph":[{"@type":"WebPage","@id":"https:\/\/eschringen.de\/wordpress\/geschichte\/archiv\/27-03-09-miller-anderson-trio-mehr-als-ein-hauch-von-woodstock\/","url":"https:\/\/eschringen.de\/wordpress\/geschichte\/archiv\/27-03-09-miller-anderson-trio-mehr-als-ein-hauch-von-woodstock\/","name":"27.03.09: Miller Anderson Trio \u2013 mehr als ein Hauch von Woodstock! - Eschringen","isPartOf":{"@id":"https:\/\/eschringen.de\/wordpress\/#website"},"primaryImageOfPage":{"@id":"https:\/\/eschringen.de\/wordpress\/geschichte\/archiv\/27-03-09-miller-anderson-trio-mehr-als-ein-hauch-von-woodstock\/#primaryimage"},"image":{"@id":"https:\/\/eschringen.de\/wordpress\/geschichte\/archiv\/27-03-09-miller-anderson-trio-mehr-als-ein-hauch-von-woodstock\/#primaryimage"},"thumbnailUrl":"https:\/\/eschringen.de\/wordpress\/wp-content\/uploads\/2024\/11\/Miller3.jpg","datePublished":"2017-02-17T17:47:48+00:00","dateModified":"2024-11-24T21:40:26+00:00","breadcrumb":{"@id":"https:\/\/eschringen.de\/wordpress\/geschichte\/archiv\/27-03-09-miller-anderson-trio-mehr-als-ein-hauch-von-woodstock\/#breadcrumb"},"inLanguage":"de","potentialAction":[{"@type":"ReadAction","target":["https:\/\/eschringen.de\/wordpress\/geschichte\/archiv\/27-03-09-miller-anderson-trio-mehr-als-ein-hauch-von-woodstock\/"]}]},{"@type":"ImageObject","inLanguage":"de","@id":"https:\/\/eschringen.de\/wordpress\/geschichte\/archiv\/27-03-09-miller-anderson-trio-mehr-als-ein-hauch-von-woodstock\/#primaryimage","url":"https:\/\/i0.wp.com\/eschringen.de\/wordpress\/wp-content\/uploads\/2024\/11\/Miller3.jpg?fit=780%2C357&ssl=1","contentUrl":"https:\/\/i0.wp.com\/eschringen.de\/wordpress\/wp-content\/uploads\/2024\/11\/Miller3.jpg?fit=780%2C357&ssl=1","width":780,"height":357},{"@type":"BreadcrumbList","@id":"https:\/\/eschringen.de\/wordpress\/geschichte\/archiv\/27-03-09-miller-anderson-trio-mehr-als-ein-hauch-von-woodstock\/#breadcrumb","itemListElement":[{"@type":"ListItem","position":1,"name":"Startseite","item":"https:\/\/eschringen.de\/wordpress\/"},{"@type":"ListItem","position":2,"name":"Geschichte","item":"https:\/\/eschringen.de\/wordpress\/geschichte\/"},{"@type":"ListItem","position":3,"name":"Archiv","item":"https:\/\/eschringen.de\/wordpress\/geschichte\/archiv\/"},{"@type":"ListItem","position":4,"name":"27.03.09: Miller Anderson Trio \u2013 mehr als ein Hauch von Woodstock!"}]},{"@type":"WebSite","@id":"https:\/\/eschringen.de\/wordpress\/#website","url":"https:\/\/eschringen.de\/wordpress\/","name":"Eschringen","description":"","publisher":{"@id":"https:\/\/eschringen.de\/wordpress\/#organization"},"potentialAction":[{"@type":"SearchAction","target":{"@type":"EntryPoint","urlTemplate":"https:\/\/eschringen.de\/wordpress\/?s={search_term_string}"},"query-input":{"@type":"PropertyValueSpecification","valueRequired":true,"valueName":"search_term_string"}}],"inLanguage":"de"},{"@type":"Organization","@id":"https:\/\/eschringen.de\/wordpress\/#organization","name":"Eschringen","url":"https:\/\/eschringen.de\/wordpress\/","logo":{"@type":"ImageObject","inLanguage":"de","@id":"https:\/\/eschringen.de\/wordpress\/#\/schema\/logo\/image\/","url":"https:\/\/eschringen.de\/wordpress\/wp-content\/uploads\/2017\/03\/2017_kw15.jpg","contentUrl":"https:\/\/eschringen.de\/wordpress\/wp-content\/uploads\/2017\/03\/2017_kw15.jpg","width":784,"height":447,"caption":"Eschringen"},"image":{"@id":"https:\/\/eschringen.de\/wordpress\/#\/schema\/logo\/image\/"}}]}},"jetpack_sharing_enabled":true,"_links":{"self":[{"href":"https:\/\/eschringen.de\/wordpress\/wp-json\/wp\/v2\/pages\/810","targetHints":{"allow":["GET"]}}],"collection":[{"href":"https:\/\/eschringen.de\/wordpress\/wp-json\/wp\/v2\/pages"}],"about":[{"href":"https:\/\/eschringen.de\/wordpress\/wp-json\/wp\/v2\/types\/page"}],"author":[{"embeddable":true,"href":"https:\/\/eschringen.de\/wordpress\/wp-json\/wp\/v2\/users\/1"}],"replies":[{"embeddable":true,"href":"https:\/\/eschringen.de\/wordpress\/wp-json\/wp\/v2\/comments?post=810"}],"version-history":[{"count":2,"href":"https:\/\/eschringen.de\/wordpress\/wp-json\/wp\/v2\/pages\/810\/revisions"}],"predecessor-version":[{"id":4807,"href":"https:\/\/eschringen.de\/wordpress\/wp-json\/wp\/v2\/pages\/810\/revisions\/4807"}],"up":[{"embeddable":true,"href":"https:\/\/eschringen.de\/wordpress\/wp-json\/wp\/v2\/pages\/403"}],"wp:attachment":[{"href":"https:\/\/eschringen.de\/wordpress\/wp-json\/wp\/v2\/media?parent=810"}],"curies":[{"name":"wp","href":"https:\/\/api.w.org\/{rel}","templated":true}]}}