{"id":808,"date":"2017-02-17T18:45:39","date_gmt":"2017-02-17T17:45:39","guid":{"rendered":"http:\/\/eschringen.de\/wordpress\/?page_id=808"},"modified":"2024-11-24T22:37:46","modified_gmt":"2024-11-24T21:37:46","slug":"25-10-09-erstmals-tag-der-offenen-tuer-in-der-ehemaligen-grundschule","status":"publish","type":"page","link":"https:\/\/eschringen.de\/wordpress\/geschichte\/archiv\/25-10-09-erstmals-tag-der-offenen-tuer-in-der-ehemaligen-grundschule\/","title":{"rendered":"25.10.09: Erstmals \u201eTag der offenen T\u00fcr\u201c in der ehemaligen Grundschule"},"content":{"rendered":"<p>Am 25.10., dem letzten Sonntagnachmittag im Oktober, hatte die AG Eschringer Vereine e. V. die Eschringer B\u00fcrgerinnen und B\u00fcrger in das \u201ealte\u201c Schulhaus eingeladen. Dieses zwischen 1952 und 1954 errichtete Geb\u00e4ude war im Juni 2005 im Rahmen der landesweiten Grundschulschlie\u00dfungen vom Kultusministerium aufgel\u00f6st worden. Die AG Eschringer Vereine bem\u00fchte sich in der Folge, die leer stehende Schule einer sinnvollen Nutzung zuzuf\u00fchren. Vor allem die zur\u00fcckliegenden zw\u00f6lf Monate belegten nunmehr, dass sich das alte Schulhaus tats\u00e4chlich nach und nach zu einem Treffpunkt entwickelt hatte und tats\u00e4chlich auch einmal zu einem Dorfgemeinschaftshaus werden k\u00f6nnte.<br \/>\n<img data-recalc-dims=\"1\" loading=\"lazy\" decoding=\"async\" class=\"alignleft\" src=\"https:\/\/i0.wp.com\/eschringen.de\/wordpress\/wp-content\/uploads\/2024\/11\/FluegelNyborg.jpg?resize=500%2C375&#038;ssl=1\" width=\"500\" height=\"375\" align=\"left\" border=\"0\" hspace=\"10\" vspace=\"5\">Der erste \u201eTag der offenen T\u00fcr\u201c sollte nun vor allem der einheimischen Bev\u00f6lkerung zeigen, wie sich die R\u00e4umlichkeiten ver\u00e4ndert haben und wie sie nun genutzt werden. Der Musikverein \u201eLyra\u201c Eschringen f\u00fchrt bekanntlich in der alten Schule seine musikalische Fr\u00fcherziehung durch und lagert seine Requisiten, die NABU-Ortsgruppe nutzt den Keller als Werkstatt, die Geschichtswerkstatt Eschringen\/VHS Halberg hat im ehemaligen Lehrerzimmer einen Archivraum eingerichtet, w\u00e4hrend der Jugendf\u00f6rderverein Eschringen den ehemaligen DRK-Kellerraum (einst \u00f6ffentliches Bad) zu einem Proberaum f\u00fcr Bands umgestaltet hat.<br \/>\nIm Gemeinschaftsraum im Parterre (mit K\u00fcchenzeile) wurden Kaffee und Kuchen und mehr angeboten. Im Flur bot die NABU-Ortsgruppe im Zeichen des aktiven Vogelschutzes selbstgebaute Nistk\u00e4sten zum Verkauf an. Die Geschichtswerkstatt hatte einen Infostand mit lokalen Publikationen aufgebaut, zeigte alte Karten und historische Dokumente zur Eschringer Ortsgeschichte. Beeindruckend insbesondere das anhand einer Originalmatrize nachgegossene bayerische Grenzzeichen, das einst an der Banngrenze nach Fechingen zu die bayerisch-preu\u00dfische Landesgrenze markierte.<br \/>\n<img data-recalc-dims=\"1\" loading=\"lazy\" decoding=\"async\" class=\"alignright\" src=\"https:\/\/i0.wp.com\/eschringen.de\/wordpress\/wp-content\/uploads\/2024\/11\/FluegelHeger.jpg?resize=500%2C375&#038;ssl=1\" width=\"500\" height=\"375\" align=\"right\" border=\"0\" hspace=\"10\" vspace=\"5\">Im 1. Stock hatte der MV \u201eLyra\u201c eine umfangreiche Instrumentenausstellung (von der Querfl\u00f6te bis zur Tuba) aufgebaut. Hier konnten die Besucher im \u201eSelbstversuch\u201c alles ausprobieren. Auf \u201egleicher H\u00f6he\u201c wurde im benachbarten Musikraum erstmals der sog. \u201eUdo-Fl\u00fcgel\u201c nach Instandsetzung wieder seiner Bestimmung \u00fcbergeben. Die d\u00e4nische Pianistin Charlotte Nyborg (im Hauptberuf Soloharfenistin am Saarbr\u00fccker Staatstheater) brillierte mit einem abwechslungsreichen Repertoire aus klassischen St\u00fccken (von Bach bis Beethoven), Ragtime \u00e0 la Scott Joplin und Standards der popul\u00e4ren Musik (von den BEATLES bis Elton John). Sie wird, so AG-Gesch\u00e4ftsf\u00fchrer Roland Schmitt, sicher nochmals nach Eschringen kommen (dann wohl mit Harfe!), denn mit ihrer charmanten Art beeindruckte sie die zahlreichen Zuh\u00f6rer. Ihr folgte nach einer kurzen Pause SR-Chansonredakteur Gerd Heger, der teils nachdenkliche, teils humorige Beispiele seiner \u201eP\u00e4lzer Blues\u201c-Songs zum Besten gab.<br \/>\nAlles in allem hatten die Besucher und Veranstalter einen gem\u00fctlichen und anregenden Nachmittag verbracht und damit belegen k\u00f6nnen, dass das alte Schulhaus eine Zukunft in und f\u00fcr die Dorfgemeinschaft hat.<br \/>\n(rs)<\/p>\n","protected":false},"excerpt":{"rendered":"<p>Am 25.10., dem letzten Sonntagnachmittag im Oktober, hatte die AG Eschringer Vereine e. V. die Eschringer B\u00fcrgerinnen und B\u00fcrger in das \u201ealte\u201c Schulhaus eingeladen. Dieses zwischen 1952 und 1954 errichtete Geb\u00e4ude war im Juni 2005 im Rahmen der landesweiten Grundschulschlie\u00dfungen vom Kultusministerium aufgel\u00f6st worden. Die AG Eschringer Vereine bem\u00fchte sich in der Folge, die leer &#8230; <a title=\"25.10.09: Erstmals \u201eTag der offenen T\u00fcr\u201c in der ehemaligen Grundschule\" class=\"read-more\" href=\"https:\/\/eschringen.de\/wordpress\/geschichte\/archiv\/25-10-09-erstmals-tag-der-offenen-tuer-in-der-ehemaligen-grundschule\/\" aria-label=\"Mehr Informationen \u00fcber 25.10.09: Erstmals \u201eTag der offenen T\u00fcr\u201c in der ehemaligen Grundschule\">Weiterlesen &#8230;<\/a><\/p>\n","protected":false},"author":1,"featured_media":0,"parent":403,"menu_order":21,"comment_status":"closed","ping_status":"closed","template":"","meta":{"ngg_post_thumbnail":0,"footnotes":""},"class_list":["post-808","page","type-page","status-publish"],"yoast_head":"<!-- This site is optimized with the Yoast SEO plugin v27.4 - https:\/\/yoast.com\/product\/yoast-seo-wordpress\/ -->\n<title>25.10.09: Erstmals \u201eTag der offenen T\u00fcr\u201c in der ehemaligen Grundschule - Eschringen<\/title>\n<meta name=\"robots\" content=\"index, follow, max-snippet:-1, max-image-preview:large, max-video-preview:-1\" \/>\n<link rel=\"canonical\" href=\"https:\/\/eschringen.de\/wordpress\/geschichte\/archiv\/25-10-09-erstmals-tag-der-offenen-tuer-in-der-ehemaligen-grundschule\/\" \/>\n<meta property=\"og:locale\" content=\"de_DE\" \/>\n<meta property=\"og:type\" content=\"article\" \/>\n<meta property=\"og:title\" content=\"25.10.09: Erstmals \u201eTag der offenen T\u00fcr\u201c in der ehemaligen Grundschule - Eschringen\" \/>\n<meta property=\"og:description\" content=\"Am 25.10., dem letzten Sonntagnachmittag im Oktober, hatte die AG Eschringer Vereine e. V. die Eschringer B\u00fcrgerinnen und B\u00fcrger in das \u201ealte\u201c Schulhaus eingeladen. Dieses zwischen 1952 und 1954 errichtete Geb\u00e4ude war im Juni 2005 im Rahmen der landesweiten Grundschulschlie\u00dfungen vom Kultusministerium aufgel\u00f6st worden. Die AG Eschringer Vereine bem\u00fchte sich in der Folge, die leer ... Weiterlesen ...\" \/>\n<meta property=\"og:url\" content=\"https:\/\/eschringen.de\/wordpress\/geschichte\/archiv\/25-10-09-erstmals-tag-der-offenen-tuer-in-der-ehemaligen-grundschule\/\" \/>\n<meta property=\"og:site_name\" content=\"Eschringen\" \/>\n<meta property=\"article:modified_time\" content=\"2024-11-24T21:37:46+00:00\" \/>\n<meta property=\"og:image\" content=\"https:\/\/eschringen.de\/wordpress\/wp-content\/uploads\/2024\/11\/FluegelNyborg.jpg\" \/>\n<meta name=\"twitter:card\" content=\"summary_large_image\" \/>\n<meta name=\"twitter:label1\" content=\"Gesch\u00e4tzte Lesezeit\" \/>\n\t<meta name=\"twitter:data1\" content=\"3\u00a0Minuten\" \/>\n<script type=\"application\/ld+json\" class=\"yoast-schema-graph\">{\"@context\":\"https:\\\/\\\/schema.org\",\"@graph\":[{\"@type\":\"WebPage\",\"@id\":\"https:\\\/\\\/eschringen.de\\\/wordpress\\\/geschichte\\\/archiv\\\/25-10-09-erstmals-tag-der-offenen-tuer-in-der-ehemaligen-grundschule\\\/\",\"url\":\"https:\\\/\\\/eschringen.de\\\/wordpress\\\/geschichte\\\/archiv\\\/25-10-09-erstmals-tag-der-offenen-tuer-in-der-ehemaligen-grundschule\\\/\",\"name\":\"25.10.09: Erstmals \u201eTag der offenen T\u00fcr\u201c in der ehemaligen Grundschule - Eschringen\",\"isPartOf\":{\"@id\":\"https:\\\/\\\/eschringen.de\\\/wordpress\\\/#website\"},\"primaryImageOfPage\":{\"@id\":\"https:\\\/\\\/eschringen.de\\\/wordpress\\\/geschichte\\\/archiv\\\/25-10-09-erstmals-tag-der-offenen-tuer-in-der-ehemaligen-grundschule\\\/#primaryimage\"},\"image\":{\"@id\":\"https:\\\/\\\/eschringen.de\\\/wordpress\\\/geschichte\\\/archiv\\\/25-10-09-erstmals-tag-der-offenen-tuer-in-der-ehemaligen-grundschule\\\/#primaryimage\"},\"thumbnailUrl\":\"https:\\\/\\\/eschringen.de\\\/wordpress\\\/wp-content\\\/uploads\\\/2024\\\/11\\\/FluegelNyborg.jpg\",\"datePublished\":\"2017-02-17T17:45:39+00:00\",\"dateModified\":\"2024-11-24T21:37:46+00:00\",\"breadcrumb\":{\"@id\":\"https:\\\/\\\/eschringen.de\\\/wordpress\\\/geschichte\\\/archiv\\\/25-10-09-erstmals-tag-der-offenen-tuer-in-der-ehemaligen-grundschule\\\/#breadcrumb\"},\"inLanguage\":\"de\",\"potentialAction\":[{\"@type\":\"ReadAction\",\"target\":[\"https:\\\/\\\/eschringen.de\\\/wordpress\\\/geschichte\\\/archiv\\\/25-10-09-erstmals-tag-der-offenen-tuer-in-der-ehemaligen-grundschule\\\/\"]}]},{\"@type\":\"ImageObject\",\"inLanguage\":\"de\",\"@id\":\"https:\\\/\\\/eschringen.de\\\/wordpress\\\/geschichte\\\/archiv\\\/25-10-09-erstmals-tag-der-offenen-tuer-in-der-ehemaligen-grundschule\\\/#primaryimage\",\"url\":\"https:\\\/\\\/i0.wp.com\\\/eschringen.de\\\/wordpress\\\/wp-content\\\/uploads\\\/2024\\\/11\\\/FluegelNyborg.jpg?fit=500%2C375&ssl=1\",\"contentUrl\":\"https:\\\/\\\/i0.wp.com\\\/eschringen.de\\\/wordpress\\\/wp-content\\\/uploads\\\/2024\\\/11\\\/FluegelNyborg.jpg?fit=500%2C375&ssl=1\",\"width\":500,\"height\":375},{\"@type\":\"BreadcrumbList\",\"@id\":\"https:\\\/\\\/eschringen.de\\\/wordpress\\\/geschichte\\\/archiv\\\/25-10-09-erstmals-tag-der-offenen-tuer-in-der-ehemaligen-grundschule\\\/#breadcrumb\",\"itemListElement\":[{\"@type\":\"ListItem\",\"position\":1,\"name\":\"Startseite\",\"item\":\"https:\\\/\\\/eschringen.de\\\/wordpress\\\/\"},{\"@type\":\"ListItem\",\"position\":2,\"name\":\"Geschichte\",\"item\":\"https:\\\/\\\/eschringen.de\\\/wordpress\\\/geschichte\\\/\"},{\"@type\":\"ListItem\",\"position\":3,\"name\":\"Archiv\",\"item\":\"https:\\\/\\\/eschringen.de\\\/wordpress\\\/geschichte\\\/archiv\\\/\"},{\"@type\":\"ListItem\",\"position\":4,\"name\":\"25.10.09: Erstmals \u201eTag der offenen T\u00fcr\u201c in der ehemaligen Grundschule\"}]},{\"@type\":\"WebSite\",\"@id\":\"https:\\\/\\\/eschringen.de\\\/wordpress\\\/#website\",\"url\":\"https:\\\/\\\/eschringen.de\\\/wordpress\\\/\",\"name\":\"Eschringen\",\"description\":\"\",\"publisher\":{\"@id\":\"https:\\\/\\\/eschringen.de\\\/wordpress\\\/#organization\"},\"potentialAction\":[{\"@type\":\"SearchAction\",\"target\":{\"@type\":\"EntryPoint\",\"urlTemplate\":\"https:\\\/\\\/eschringen.de\\\/wordpress\\\/?s={search_term_string}\"},\"query-input\":{\"@type\":\"PropertyValueSpecification\",\"valueRequired\":true,\"valueName\":\"search_term_string\"}}],\"inLanguage\":\"de\"},{\"@type\":\"Organization\",\"@id\":\"https:\\\/\\\/eschringen.de\\\/wordpress\\\/#organization\",\"name\":\"Eschringen\",\"url\":\"https:\\\/\\\/eschringen.de\\\/wordpress\\\/\",\"logo\":{\"@type\":\"ImageObject\",\"inLanguage\":\"de\",\"@id\":\"https:\\\/\\\/eschringen.de\\\/wordpress\\\/#\\\/schema\\\/logo\\\/image\\\/\",\"url\":\"https:\\\/\\\/eschringen.de\\\/wordpress\\\/wp-content\\\/uploads\\\/2017\\\/03\\\/2017_kw15.jpg\",\"contentUrl\":\"https:\\\/\\\/eschringen.de\\\/wordpress\\\/wp-content\\\/uploads\\\/2017\\\/03\\\/2017_kw15.jpg\",\"width\":784,\"height\":447,\"caption\":\"Eschringen\"},\"image\":{\"@id\":\"https:\\\/\\\/eschringen.de\\\/wordpress\\\/#\\\/schema\\\/logo\\\/image\\\/\"}}]}<\/script>\n<!-- \/ Yoast SEO plugin. -->","yoast_head_json":{"title":"25.10.09: Erstmals \u201eTag der offenen T\u00fcr\u201c in der ehemaligen Grundschule - Eschringen","robots":{"index":"index","follow":"follow","max-snippet":"max-snippet:-1","max-image-preview":"max-image-preview:large","max-video-preview":"max-video-preview:-1"},"canonical":"https:\/\/eschringen.de\/wordpress\/geschichte\/archiv\/25-10-09-erstmals-tag-der-offenen-tuer-in-der-ehemaligen-grundschule\/","og_locale":"de_DE","og_type":"article","og_title":"25.10.09: Erstmals \u201eTag der offenen T\u00fcr\u201c in der ehemaligen Grundschule - Eschringen","og_description":"Am 25.10., dem letzten Sonntagnachmittag im Oktober, hatte die AG Eschringer Vereine e. V. die Eschringer B\u00fcrgerinnen und B\u00fcrger in das \u201ealte\u201c Schulhaus eingeladen. Dieses zwischen 1952 und 1954 errichtete Geb\u00e4ude war im Juni 2005 im Rahmen der landesweiten Grundschulschlie\u00dfungen vom Kultusministerium aufgel\u00f6st worden. Die AG Eschringer Vereine bem\u00fchte sich in der Folge, die leer ... Weiterlesen ...","og_url":"https:\/\/eschringen.de\/wordpress\/geschichte\/archiv\/25-10-09-erstmals-tag-der-offenen-tuer-in-der-ehemaligen-grundschule\/","og_site_name":"Eschringen","article_modified_time":"2024-11-24T21:37:46+00:00","og_image":[{"url":"https:\/\/eschringen.de\/wordpress\/wp-content\/uploads\/2024\/11\/FluegelNyborg.jpg","type":"","width":"","height":""}],"twitter_card":"summary_large_image","twitter_misc":{"Gesch\u00e4tzte Lesezeit":"3\u00a0Minuten"},"schema":{"@context":"https:\/\/schema.org","@graph":[{"@type":"WebPage","@id":"https:\/\/eschringen.de\/wordpress\/geschichte\/archiv\/25-10-09-erstmals-tag-der-offenen-tuer-in-der-ehemaligen-grundschule\/","url":"https:\/\/eschringen.de\/wordpress\/geschichte\/archiv\/25-10-09-erstmals-tag-der-offenen-tuer-in-der-ehemaligen-grundschule\/","name":"25.10.09: Erstmals \u201eTag der offenen T\u00fcr\u201c in der ehemaligen Grundschule - Eschringen","isPartOf":{"@id":"https:\/\/eschringen.de\/wordpress\/#website"},"primaryImageOfPage":{"@id":"https:\/\/eschringen.de\/wordpress\/geschichte\/archiv\/25-10-09-erstmals-tag-der-offenen-tuer-in-der-ehemaligen-grundschule\/#primaryimage"},"image":{"@id":"https:\/\/eschringen.de\/wordpress\/geschichte\/archiv\/25-10-09-erstmals-tag-der-offenen-tuer-in-der-ehemaligen-grundschule\/#primaryimage"},"thumbnailUrl":"https:\/\/eschringen.de\/wordpress\/wp-content\/uploads\/2024\/11\/FluegelNyborg.jpg","datePublished":"2017-02-17T17:45:39+00:00","dateModified":"2024-11-24T21:37:46+00:00","breadcrumb":{"@id":"https:\/\/eschringen.de\/wordpress\/geschichte\/archiv\/25-10-09-erstmals-tag-der-offenen-tuer-in-der-ehemaligen-grundschule\/#breadcrumb"},"inLanguage":"de","potentialAction":[{"@type":"ReadAction","target":["https:\/\/eschringen.de\/wordpress\/geschichte\/archiv\/25-10-09-erstmals-tag-der-offenen-tuer-in-der-ehemaligen-grundschule\/"]}]},{"@type":"ImageObject","inLanguage":"de","@id":"https:\/\/eschringen.de\/wordpress\/geschichte\/archiv\/25-10-09-erstmals-tag-der-offenen-tuer-in-der-ehemaligen-grundschule\/#primaryimage","url":"https:\/\/i0.wp.com\/eschringen.de\/wordpress\/wp-content\/uploads\/2024\/11\/FluegelNyborg.jpg?fit=500%2C375&ssl=1","contentUrl":"https:\/\/i0.wp.com\/eschringen.de\/wordpress\/wp-content\/uploads\/2024\/11\/FluegelNyborg.jpg?fit=500%2C375&ssl=1","width":500,"height":375},{"@type":"BreadcrumbList","@id":"https:\/\/eschringen.de\/wordpress\/geschichte\/archiv\/25-10-09-erstmals-tag-der-offenen-tuer-in-der-ehemaligen-grundschule\/#breadcrumb","itemListElement":[{"@type":"ListItem","position":1,"name":"Startseite","item":"https:\/\/eschringen.de\/wordpress\/"},{"@type":"ListItem","position":2,"name":"Geschichte","item":"https:\/\/eschringen.de\/wordpress\/geschichte\/"},{"@type":"ListItem","position":3,"name":"Archiv","item":"https:\/\/eschringen.de\/wordpress\/geschichte\/archiv\/"},{"@type":"ListItem","position":4,"name":"25.10.09: Erstmals \u201eTag der offenen T\u00fcr\u201c in der ehemaligen Grundschule"}]},{"@type":"WebSite","@id":"https:\/\/eschringen.de\/wordpress\/#website","url":"https:\/\/eschringen.de\/wordpress\/","name":"Eschringen","description":"","publisher":{"@id":"https:\/\/eschringen.de\/wordpress\/#organization"},"potentialAction":[{"@type":"SearchAction","target":{"@type":"EntryPoint","urlTemplate":"https:\/\/eschringen.de\/wordpress\/?s={search_term_string}"},"query-input":{"@type":"PropertyValueSpecification","valueRequired":true,"valueName":"search_term_string"}}],"inLanguage":"de"},{"@type":"Organization","@id":"https:\/\/eschringen.de\/wordpress\/#organization","name":"Eschringen","url":"https:\/\/eschringen.de\/wordpress\/","logo":{"@type":"ImageObject","inLanguage":"de","@id":"https:\/\/eschringen.de\/wordpress\/#\/schema\/logo\/image\/","url":"https:\/\/eschringen.de\/wordpress\/wp-content\/uploads\/2017\/03\/2017_kw15.jpg","contentUrl":"https:\/\/eschringen.de\/wordpress\/wp-content\/uploads\/2017\/03\/2017_kw15.jpg","width":784,"height":447,"caption":"Eschringen"},"image":{"@id":"https:\/\/eschringen.de\/wordpress\/#\/schema\/logo\/image\/"}}]}},"jetpack_sharing_enabled":true,"_links":{"self":[{"href":"https:\/\/eschringen.de\/wordpress\/wp-json\/wp\/v2\/pages\/808","targetHints":{"allow":["GET"]}}],"collection":[{"href":"https:\/\/eschringen.de\/wordpress\/wp-json\/wp\/v2\/pages"}],"about":[{"href":"https:\/\/eschringen.de\/wordpress\/wp-json\/wp\/v2\/types\/page"}],"author":[{"embeddable":true,"href":"https:\/\/eschringen.de\/wordpress\/wp-json\/wp\/v2\/users\/1"}],"replies":[{"embeddable":true,"href":"https:\/\/eschringen.de\/wordpress\/wp-json\/wp\/v2\/comments?post=808"}],"version-history":[{"count":2,"href":"https:\/\/eschringen.de\/wordpress\/wp-json\/wp\/v2\/pages\/808\/revisions"}],"predecessor-version":[{"id":4801,"href":"https:\/\/eschringen.de\/wordpress\/wp-json\/wp\/v2\/pages\/808\/revisions\/4801"}],"up":[{"embeddable":true,"href":"https:\/\/eschringen.de\/wordpress\/wp-json\/wp\/v2\/pages\/403"}],"wp:attachment":[{"href":"https:\/\/eschringen.de\/wordpress\/wp-json\/wp\/v2\/media?parent=808"}],"curies":[{"name":"wp","href":"https:\/\/api.w.org\/{rel}","templated":true}]}}