{"id":804,"date":"2017-02-17T18:42:05","date_gmt":"2017-02-17T17:42:05","guid":{"rendered":"http:\/\/eschringen.de\/wordpress\/?page_id=804"},"modified":"2024-11-24T13:20:23","modified_gmt":"2024-11-24T12:20:23","slug":"30-05-2010-2-dorfgemeinschaftsfest-hatte-mit-regenschauern-zu-kaempfen","status":"publish","type":"page","link":"https:\/\/eschringen.de\/wordpress\/geschichte\/archiv\/30-05-2010-2-dorfgemeinschaftsfest-hatte-mit-regenschauern-zu-kaempfen\/","title":{"rendered":"30.05.2010: 2. Dorfgemeinschaftsfest hatte mit Regenschauern zu \u201ek\u00e4mpfen\u201c!"},"content":{"rendered":"<p><img data-recalc-dims=\"1\" loading=\"lazy\" decoding=\"async\" class=\"alignleft\" src=\"https:\/\/i0.wp.com\/eschringen.de\/wordpress\/wp-content\/uploads\/2024\/11\/DorfFest.jpg?resize=400%2C300&#038;ssl=1\" width=\"400\" height=\"300\" align=\"left\" border=\"1\" vspace=\"5\"><img data-recalc-dims=\"1\" loading=\"lazy\" decoding=\"async\" class=\"alignright\" src=\"https:\/\/i0.wp.com\/eschringen.de\/wordpress\/wp-content\/uploads\/2024\/11\/DorfKasse.jpg?resize=400%2C300&#038;ssl=1\" width=\"400\" height=\"300\" align=\"right\" border=\"1\" vspace=\"5\">\u201eAlles Gute kommt von oben?\u201c \u2013 Nun ja, die Aktivisten der AG Eschringer Vereine e. V. h\u00e4tten sich f\u00fcr die zweite Auflage des Dorfgemeinschaftsfestes auf dem malerisch gelegenen Festplatz im Pfaffeneck freundlicheres Wetter gew\u00fcnscht. Am Tag zuvor, als Zelte und St\u00e4nde aufgebaut wurden, schien wenigstens noch die Sonne. Und auch am Sonntagmorgen konnten die Akteure der hiesigen Vereine und Organisationen durchaus zufrieden sein. Nach dem Fassanstich mit Arno Schmitt, dem AG-Vorsitzenden, spielte der Musikverein \u201eLyra\u201c auf, unterhielt das nach und nach wachsende Festpublikum rund drei Stunden mit einem abwechslungsreichen Melodienmix.<br \/>\nDerweil hatte die NABU-Ortsgruppe Eschringen-Ensheim sich schon auf die Ausgabe des Mittagessens vorbereitet. Im Angebot deftiges Wellfleisch oder Gef\u00fcllte. F\u00fcr den kleineren Hunger gab\u2019s beim Stand des CDU-Ortsvereins Fritten Rostwurst in verschiedenen Variationen. Auch die Vegetarier mussten nicht darben: Bei der Geschichtswerkstatt konnte man sich mit einer Portion \u201eMoretum\u201c (r\u00f6mische Frischk\u00e4sespezialit\u00e4t mit Oliven und Fladenbrot) st\u00e4rken. Verdursten musste nat\u00fcrlich auch keiner: Die Freiwillige Feuerwehr hatte den Bier- und Getr\u00e4nkestand unter sich, der VdK-Ortsverband bot pf\u00e4lzische Weinspezialit\u00e4ten an.<br \/>\n<img data-recalc-dims=\"1\" loading=\"lazy\" decoding=\"async\" class=\"alignright\" src=\"https:\/\/i0.wp.com\/eschringen.de\/wordpress\/wp-content\/uploads\/2024\/11\/DorfKiga.jpg?resize=400%2C300&#038;ssl=1\" width=\"400\" height=\"300\" align=\"right\" border=\"1\" vspace=\"5\"><img data-recalc-dims=\"1\" loading=\"lazy\" decoding=\"async\" class=\"alignleft\" src=\"https:\/\/i0.wp.com\/eschringen.de\/wordpress\/wp-content\/uploads\/2024\/11\/DorfBoule.jpg?resize=300%2C400&#038;ssl=1\" width=\"300\" height=\"400\" align=\"left\" border=\"1\" vspace=\"5\">Am Nachmittag zogen dann immer wieder Regenwolken auf, was aber die Festg\u00e4ste nicht daran hinderte, entweder der vom Jugendorchester gebotenen Musik zu lauschen oder selbst aktiv zu werden. Der F\u00f6rderkreis Jugendfu\u00dfball e.V. lud zum beliebten Torwandschie\u00dfen ein, der TuS veranstaltete einen Boule-Wettbewerb, der jung und alt zum Mitmachen animierte. Geschicklichkeit war auch bei der Jugendfeuerwehr gefordert: Sie hatte ein Spiel mit der K\u00fcbelspritze organisiert. Die Kleinen kamen auch nicht zu kurz, denn der Kindergarten erfreute nicht nur mit leckeren Cr\u00eapes, sondern auch mit diversen Spielangeboten. F\u00fcr Kaffee und Kuchen sorgten in bew\u00e4hrter Weise die Frauen von Kirchenchor und KFD.<br \/>\nAn sich lief alles bestens, aber eben immer wieder unterbrochen durch Platzregen, weshalb auch der angek\u00fcndigte historische Ortsrundgang mit Roland Schmitt von der Geschichtswerkstatt ausfiel.<br \/>\n<img data-recalc-dims=\"1\" loading=\"lazy\" decoding=\"async\" class=\"alignleft\" src=\"https:\/\/i0.wp.com\/eschringen.de\/wordpress\/wp-content\/uploads\/2024\/11\/DorfSilke.jpg?resize=400%2C300&#038;ssl=1\" width=\"400\" height=\"300\" align=\"left\" border=\"1\" vspace=\"5\"><img data-recalc-dims=\"1\" loading=\"lazy\" decoding=\"async\" class=\"alignright\" src=\"https:\/\/i0.wp.com\/eschringen.de\/wordpress\/wp-content\/uploads\/2024\/11\/DorfPhebus.jpg?resize=400%2C300&#038;ssl=1\" width=\"400\" height=\"300\" align=\"right\" border=\"1\" vspace=\"5\">Der sp\u00e4te Nachmittag wartete mit weiteren Darbietungen auf der \u201eoffenen B\u00fchne\u201c auf: zweckm\u00e4\u00dfiger Weise im \u201egro\u00dfen\u201c Zelt. Lokalmatadorin Silke erfreute die H\u00f6rer mit Ohrwurm-Songs, und auch Tochter Julia konnte ihr Sangestalent unter Beweis stellen. Gute \u201ealte\u201c Bekannte folgten: das Duo PHEBUS RAYS\u2019, die aktuelle Hits wie \u201eSatellite\u201c und Klassiker wie ABBAs \u201eDancing Queen\u201c pr\u00e4sentieren. Sie sollten an sich f\u00fcr den \u201eTop act\u201c am Abend, das weithin beliebte Sextett SAARBRUCK LIBRE, \u201eanheizen\u201c, doch fiel dieser Auftritt \u2013 angesichts des Dauerregens \u2013 buchst\u00e4blich ins Wasser. Das Fest klang dann mehr oder weniger \u201efeucht-fr\u00f6hlich\u201c aus. AG-Vorsitzender A. Schmitt dankte zum einen allen Helfern und Akteuren, zum anderen den wetterfesten Festbesuchern, die nicht hatten abschrecken lassen. Bleibt zu hoffen, dass bei einer eventuellen Neuauflage in zwei Jahren das Wetter sich als ertr\u00e4glicher erweist.<\/p>\n","protected":false},"excerpt":{"rendered":"<p>\u201eAlles Gute kommt von oben?\u201c \u2013 Nun ja, die Aktivisten der AG Eschringer Vereine e. V. h\u00e4tten sich f\u00fcr die zweite Auflage des Dorfgemeinschaftsfestes auf dem malerisch gelegenen Festplatz im Pfaffeneck freundlicheres Wetter gew\u00fcnscht. Am Tag zuvor, als Zelte und St\u00e4nde aufgebaut wurden, schien wenigstens noch die Sonne. Und auch am Sonntagmorgen konnten die Akteure &#8230; <a title=\"30.05.2010: 2. Dorfgemeinschaftsfest hatte mit Regenschauern zu \u201ek\u00e4mpfen\u201c!\" class=\"read-more\" href=\"https:\/\/eschringen.de\/wordpress\/geschichte\/archiv\/30-05-2010-2-dorfgemeinschaftsfest-hatte-mit-regenschauern-zu-kaempfen\/\" aria-label=\"Mehr Informationen \u00fcber 30.05.2010: 2. Dorfgemeinschaftsfest hatte mit Regenschauern zu \u201ek\u00e4mpfen\u201c!\">Weiterlesen &#8230;<\/a><\/p>\n","protected":false},"author":1,"featured_media":0,"parent":403,"menu_order":19,"comment_status":"closed","ping_status":"closed","template":"","meta":{"ngg_post_thumbnail":0,"footnotes":""},"class_list":["post-804","page","type-page","status-publish"],"yoast_head":"<!-- This site is optimized with the Yoast SEO plugin v27.4 - https:\/\/yoast.com\/product\/yoast-seo-wordpress\/ -->\n<title>30.05.2010: 2. Dorfgemeinschaftsfest hatte mit Regenschauern zu \u201ek\u00e4mpfen\u201c! - Eschringen<\/title>\n<meta name=\"robots\" content=\"index, follow, max-snippet:-1, max-image-preview:large, max-video-preview:-1\" \/>\n<link rel=\"canonical\" href=\"https:\/\/eschringen.de\/wordpress\/geschichte\/archiv\/30-05-2010-2-dorfgemeinschaftsfest-hatte-mit-regenschauern-zu-kaempfen\/\" \/>\n<meta property=\"og:locale\" content=\"de_DE\" \/>\n<meta property=\"og:type\" content=\"article\" \/>\n<meta property=\"og:title\" content=\"30.05.2010: 2. Dorfgemeinschaftsfest hatte mit Regenschauern zu \u201ek\u00e4mpfen\u201c! - Eschringen\" \/>\n<meta property=\"og:description\" content=\"\u201eAlles Gute kommt von oben?\u201c \u2013 Nun ja, die Aktivisten der AG Eschringer Vereine e. V. h\u00e4tten sich f\u00fcr die zweite Auflage des Dorfgemeinschaftsfestes auf dem malerisch gelegenen Festplatz im Pfaffeneck freundlicheres Wetter gew\u00fcnscht. Am Tag zuvor, als Zelte und St\u00e4nde aufgebaut wurden, schien wenigstens noch die Sonne. Und auch am Sonntagmorgen konnten die Akteure ... Weiterlesen ...\" \/>\n<meta property=\"og:url\" content=\"https:\/\/eschringen.de\/wordpress\/geschichte\/archiv\/30-05-2010-2-dorfgemeinschaftsfest-hatte-mit-regenschauern-zu-kaempfen\/\" \/>\n<meta property=\"og:site_name\" content=\"Eschringen\" \/>\n<meta property=\"article:modified_time\" content=\"2024-11-24T12:20:23+00:00\" \/>\n<meta property=\"og:image\" content=\"https:\/\/eschringen.de\/wordpress\/wp-content\/uploads\/2024\/11\/DorfFest.jpg\" \/>\n<meta name=\"twitter:card\" content=\"summary_large_image\" \/>\n<meta name=\"twitter:label1\" content=\"Gesch\u00e4tzte Lesezeit\" \/>\n\t<meta name=\"twitter:data1\" content=\"4\u00a0Minuten\" \/>\n<script type=\"application\/ld+json\" class=\"yoast-schema-graph\">{\"@context\":\"https:\\\/\\\/schema.org\",\"@graph\":[{\"@type\":\"WebPage\",\"@id\":\"https:\\\/\\\/eschringen.de\\\/wordpress\\\/geschichte\\\/archiv\\\/30-05-2010-2-dorfgemeinschaftsfest-hatte-mit-regenschauern-zu-kaempfen\\\/\",\"url\":\"https:\\\/\\\/eschringen.de\\\/wordpress\\\/geschichte\\\/archiv\\\/30-05-2010-2-dorfgemeinschaftsfest-hatte-mit-regenschauern-zu-kaempfen\\\/\",\"name\":\"30.05.2010: 2. Dorfgemeinschaftsfest hatte mit Regenschauern zu \u201ek\u00e4mpfen\u201c! - Eschringen\",\"isPartOf\":{\"@id\":\"https:\\\/\\\/eschringen.de\\\/wordpress\\\/#website\"},\"primaryImageOfPage\":{\"@id\":\"https:\\\/\\\/eschringen.de\\\/wordpress\\\/geschichte\\\/archiv\\\/30-05-2010-2-dorfgemeinschaftsfest-hatte-mit-regenschauern-zu-kaempfen\\\/#primaryimage\"},\"image\":{\"@id\":\"https:\\\/\\\/eschringen.de\\\/wordpress\\\/geschichte\\\/archiv\\\/30-05-2010-2-dorfgemeinschaftsfest-hatte-mit-regenschauern-zu-kaempfen\\\/#primaryimage\"},\"thumbnailUrl\":\"https:\\\/\\\/eschringen.de\\\/wordpress\\\/wp-content\\\/uploads\\\/2024\\\/11\\\/DorfFest.jpg\",\"datePublished\":\"2017-02-17T17:42:05+00:00\",\"dateModified\":\"2024-11-24T12:20:23+00:00\",\"breadcrumb\":{\"@id\":\"https:\\\/\\\/eschringen.de\\\/wordpress\\\/geschichte\\\/archiv\\\/30-05-2010-2-dorfgemeinschaftsfest-hatte-mit-regenschauern-zu-kaempfen\\\/#breadcrumb\"},\"inLanguage\":\"de\",\"potentialAction\":[{\"@type\":\"ReadAction\",\"target\":[\"https:\\\/\\\/eschringen.de\\\/wordpress\\\/geschichte\\\/archiv\\\/30-05-2010-2-dorfgemeinschaftsfest-hatte-mit-regenschauern-zu-kaempfen\\\/\"]}]},{\"@type\":\"ImageObject\",\"inLanguage\":\"de\",\"@id\":\"https:\\\/\\\/eschringen.de\\\/wordpress\\\/geschichte\\\/archiv\\\/30-05-2010-2-dorfgemeinschaftsfest-hatte-mit-regenschauern-zu-kaempfen\\\/#primaryimage\",\"url\":\"https:\\\/\\\/i0.wp.com\\\/eschringen.de\\\/wordpress\\\/wp-content\\\/uploads\\\/2024\\\/11\\\/DorfFest.jpg?fit=400%2C300&ssl=1\",\"contentUrl\":\"https:\\\/\\\/i0.wp.com\\\/eschringen.de\\\/wordpress\\\/wp-content\\\/uploads\\\/2024\\\/11\\\/DorfFest.jpg?fit=400%2C300&ssl=1\",\"width\":400,\"height\":300},{\"@type\":\"BreadcrumbList\",\"@id\":\"https:\\\/\\\/eschringen.de\\\/wordpress\\\/geschichte\\\/archiv\\\/30-05-2010-2-dorfgemeinschaftsfest-hatte-mit-regenschauern-zu-kaempfen\\\/#breadcrumb\",\"itemListElement\":[{\"@type\":\"ListItem\",\"position\":1,\"name\":\"Startseite\",\"item\":\"https:\\\/\\\/eschringen.de\\\/wordpress\\\/\"},{\"@type\":\"ListItem\",\"position\":2,\"name\":\"Geschichte\",\"item\":\"https:\\\/\\\/eschringen.de\\\/wordpress\\\/geschichte\\\/\"},{\"@type\":\"ListItem\",\"position\":3,\"name\":\"Archiv\",\"item\":\"https:\\\/\\\/eschringen.de\\\/wordpress\\\/geschichte\\\/archiv\\\/\"},{\"@type\":\"ListItem\",\"position\":4,\"name\":\"30.05.2010: 2. Dorfgemeinschaftsfest hatte mit Regenschauern zu \u201ek\u00e4mpfen\u201c!\"}]},{\"@type\":\"WebSite\",\"@id\":\"https:\\\/\\\/eschringen.de\\\/wordpress\\\/#website\",\"url\":\"https:\\\/\\\/eschringen.de\\\/wordpress\\\/\",\"name\":\"Eschringen\",\"description\":\"\",\"publisher\":{\"@id\":\"https:\\\/\\\/eschringen.de\\\/wordpress\\\/#organization\"},\"potentialAction\":[{\"@type\":\"SearchAction\",\"target\":{\"@type\":\"EntryPoint\",\"urlTemplate\":\"https:\\\/\\\/eschringen.de\\\/wordpress\\\/?s={search_term_string}\"},\"query-input\":{\"@type\":\"PropertyValueSpecification\",\"valueRequired\":true,\"valueName\":\"search_term_string\"}}],\"inLanguage\":\"de\"},{\"@type\":\"Organization\",\"@id\":\"https:\\\/\\\/eschringen.de\\\/wordpress\\\/#organization\",\"name\":\"Eschringen\",\"url\":\"https:\\\/\\\/eschringen.de\\\/wordpress\\\/\",\"logo\":{\"@type\":\"ImageObject\",\"inLanguage\":\"de\",\"@id\":\"https:\\\/\\\/eschringen.de\\\/wordpress\\\/#\\\/schema\\\/logo\\\/image\\\/\",\"url\":\"https:\\\/\\\/eschringen.de\\\/wordpress\\\/wp-content\\\/uploads\\\/2017\\\/03\\\/2017_kw15.jpg\",\"contentUrl\":\"https:\\\/\\\/eschringen.de\\\/wordpress\\\/wp-content\\\/uploads\\\/2017\\\/03\\\/2017_kw15.jpg\",\"width\":784,\"height\":447,\"caption\":\"Eschringen\"},\"image\":{\"@id\":\"https:\\\/\\\/eschringen.de\\\/wordpress\\\/#\\\/schema\\\/logo\\\/image\\\/\"}}]}<\/script>\n<!-- \/ Yoast SEO plugin. -->","yoast_head_json":{"title":"30.05.2010: 2. Dorfgemeinschaftsfest hatte mit Regenschauern zu \u201ek\u00e4mpfen\u201c! - Eschringen","robots":{"index":"index","follow":"follow","max-snippet":"max-snippet:-1","max-image-preview":"max-image-preview:large","max-video-preview":"max-video-preview:-1"},"canonical":"https:\/\/eschringen.de\/wordpress\/geschichte\/archiv\/30-05-2010-2-dorfgemeinschaftsfest-hatte-mit-regenschauern-zu-kaempfen\/","og_locale":"de_DE","og_type":"article","og_title":"30.05.2010: 2. Dorfgemeinschaftsfest hatte mit Regenschauern zu \u201ek\u00e4mpfen\u201c! - Eschringen","og_description":"\u201eAlles Gute kommt von oben?\u201c \u2013 Nun ja, die Aktivisten der AG Eschringer Vereine e. V. h\u00e4tten sich f\u00fcr die zweite Auflage des Dorfgemeinschaftsfestes auf dem malerisch gelegenen Festplatz im Pfaffeneck freundlicheres Wetter gew\u00fcnscht. Am Tag zuvor, als Zelte und St\u00e4nde aufgebaut wurden, schien wenigstens noch die Sonne. Und auch am Sonntagmorgen konnten die Akteure ... Weiterlesen ...","og_url":"https:\/\/eschringen.de\/wordpress\/geschichte\/archiv\/30-05-2010-2-dorfgemeinschaftsfest-hatte-mit-regenschauern-zu-kaempfen\/","og_site_name":"Eschringen","article_modified_time":"2024-11-24T12:20:23+00:00","og_image":[{"url":"https:\/\/eschringen.de\/wordpress\/wp-content\/uploads\/2024\/11\/DorfFest.jpg","type":"","width":"","height":""}],"twitter_card":"summary_large_image","twitter_misc":{"Gesch\u00e4tzte Lesezeit":"4\u00a0Minuten"},"schema":{"@context":"https:\/\/schema.org","@graph":[{"@type":"WebPage","@id":"https:\/\/eschringen.de\/wordpress\/geschichte\/archiv\/30-05-2010-2-dorfgemeinschaftsfest-hatte-mit-regenschauern-zu-kaempfen\/","url":"https:\/\/eschringen.de\/wordpress\/geschichte\/archiv\/30-05-2010-2-dorfgemeinschaftsfest-hatte-mit-regenschauern-zu-kaempfen\/","name":"30.05.2010: 2. Dorfgemeinschaftsfest hatte mit Regenschauern zu \u201ek\u00e4mpfen\u201c! - Eschringen","isPartOf":{"@id":"https:\/\/eschringen.de\/wordpress\/#website"},"primaryImageOfPage":{"@id":"https:\/\/eschringen.de\/wordpress\/geschichte\/archiv\/30-05-2010-2-dorfgemeinschaftsfest-hatte-mit-regenschauern-zu-kaempfen\/#primaryimage"},"image":{"@id":"https:\/\/eschringen.de\/wordpress\/geschichte\/archiv\/30-05-2010-2-dorfgemeinschaftsfest-hatte-mit-regenschauern-zu-kaempfen\/#primaryimage"},"thumbnailUrl":"https:\/\/eschringen.de\/wordpress\/wp-content\/uploads\/2024\/11\/DorfFest.jpg","datePublished":"2017-02-17T17:42:05+00:00","dateModified":"2024-11-24T12:20:23+00:00","breadcrumb":{"@id":"https:\/\/eschringen.de\/wordpress\/geschichte\/archiv\/30-05-2010-2-dorfgemeinschaftsfest-hatte-mit-regenschauern-zu-kaempfen\/#breadcrumb"},"inLanguage":"de","potentialAction":[{"@type":"ReadAction","target":["https:\/\/eschringen.de\/wordpress\/geschichte\/archiv\/30-05-2010-2-dorfgemeinschaftsfest-hatte-mit-regenschauern-zu-kaempfen\/"]}]},{"@type":"ImageObject","inLanguage":"de","@id":"https:\/\/eschringen.de\/wordpress\/geschichte\/archiv\/30-05-2010-2-dorfgemeinschaftsfest-hatte-mit-regenschauern-zu-kaempfen\/#primaryimage","url":"https:\/\/i0.wp.com\/eschringen.de\/wordpress\/wp-content\/uploads\/2024\/11\/DorfFest.jpg?fit=400%2C300&ssl=1","contentUrl":"https:\/\/i0.wp.com\/eschringen.de\/wordpress\/wp-content\/uploads\/2024\/11\/DorfFest.jpg?fit=400%2C300&ssl=1","width":400,"height":300},{"@type":"BreadcrumbList","@id":"https:\/\/eschringen.de\/wordpress\/geschichte\/archiv\/30-05-2010-2-dorfgemeinschaftsfest-hatte-mit-regenschauern-zu-kaempfen\/#breadcrumb","itemListElement":[{"@type":"ListItem","position":1,"name":"Startseite","item":"https:\/\/eschringen.de\/wordpress\/"},{"@type":"ListItem","position":2,"name":"Geschichte","item":"https:\/\/eschringen.de\/wordpress\/geschichte\/"},{"@type":"ListItem","position":3,"name":"Archiv","item":"https:\/\/eschringen.de\/wordpress\/geschichte\/archiv\/"},{"@type":"ListItem","position":4,"name":"30.05.2010: 2. Dorfgemeinschaftsfest hatte mit Regenschauern zu \u201ek\u00e4mpfen\u201c!"}]},{"@type":"WebSite","@id":"https:\/\/eschringen.de\/wordpress\/#website","url":"https:\/\/eschringen.de\/wordpress\/","name":"Eschringen","description":"","publisher":{"@id":"https:\/\/eschringen.de\/wordpress\/#organization"},"potentialAction":[{"@type":"SearchAction","target":{"@type":"EntryPoint","urlTemplate":"https:\/\/eschringen.de\/wordpress\/?s={search_term_string}"},"query-input":{"@type":"PropertyValueSpecification","valueRequired":true,"valueName":"search_term_string"}}],"inLanguage":"de"},{"@type":"Organization","@id":"https:\/\/eschringen.de\/wordpress\/#organization","name":"Eschringen","url":"https:\/\/eschringen.de\/wordpress\/","logo":{"@type":"ImageObject","inLanguage":"de","@id":"https:\/\/eschringen.de\/wordpress\/#\/schema\/logo\/image\/","url":"https:\/\/eschringen.de\/wordpress\/wp-content\/uploads\/2017\/03\/2017_kw15.jpg","contentUrl":"https:\/\/eschringen.de\/wordpress\/wp-content\/uploads\/2017\/03\/2017_kw15.jpg","width":784,"height":447,"caption":"Eschringen"},"image":{"@id":"https:\/\/eschringen.de\/wordpress\/#\/schema\/logo\/image\/"}}]}},"jetpack_sharing_enabled":true,"_links":{"self":[{"href":"https:\/\/eschringen.de\/wordpress\/wp-json\/wp\/v2\/pages\/804","targetHints":{"allow":["GET"]}}],"collection":[{"href":"https:\/\/eschringen.de\/wordpress\/wp-json\/wp\/v2\/pages"}],"about":[{"href":"https:\/\/eschringen.de\/wordpress\/wp-json\/wp\/v2\/types\/page"}],"author":[{"embeddable":true,"href":"https:\/\/eschringen.de\/wordpress\/wp-json\/wp\/v2\/users\/1"}],"replies":[{"embeddable":true,"href":"https:\/\/eschringen.de\/wordpress\/wp-json\/wp\/v2\/comments?post=804"}],"version-history":[{"count":2,"href":"https:\/\/eschringen.de\/wordpress\/wp-json\/wp\/v2\/pages\/804\/revisions"}],"predecessor-version":[{"id":4792,"href":"https:\/\/eschringen.de\/wordpress\/wp-json\/wp\/v2\/pages\/804\/revisions\/4792"}],"up":[{"embeddable":true,"href":"https:\/\/eschringen.de\/wordpress\/wp-json\/wp\/v2\/pages\/403"}],"wp:attachment":[{"href":"https:\/\/eschringen.de\/wordpress\/wp-json\/wp\/v2\/media?parent=804"}],"curies":[{"name":"wp","href":"https:\/\/api.w.org\/{rel}","templated":true}]}}