{"id":800,"date":"2017-02-17T14:07:24","date_gmt":"2017-02-17T13:07:24","guid":{"rendered":"http:\/\/eschringen.de\/wordpress\/?page_id=800"},"modified":"2024-11-24T13:16:30","modified_gmt":"2024-11-24T12:16:30","slug":"07-06-2010-michael-weston-king-gastierte-in-der-alten-schule","status":"publish","type":"page","link":"https:\/\/eschringen.de\/wordpress\/geschichte\/archiv\/07-06-2010-michael-weston-king-gastierte-in-der-alten-schule\/","title":{"rendered":"07.06.2010: Michael Weston King gastierte in der alten Schule"},"content":{"rendered":"<h5>Ber\u00fchrende Songs \u2013 f\u00fcr Kopf und Herz<\/h5>\n<p>Der angek\u00fcndigte \u201eTestlauf\u201c f\u00fcr Konzertveranstaltungen verlief \u201emittelpr\u00e4chtig\u201c. Unklar war einerseits, ob die Akustik eines ehemaligen gro\u00dfen Klassenzimmers ausreichen w\u00fcrde, und andererseits, ob an einem sommerlichen Montagabend im Juni Leute den Weg in die etwas abgelegene ehemalige Grundschule finden w\u00fcrden.<br \/>\n<img data-recalc-dims=\"1\" loading=\"lazy\" decoding=\"async\" class=\"alignleft\" src=\"https:\/\/i0.wp.com\/eschringen.de\/wordpress\/wp-content\/uploads\/2024\/11\/MichaelWK1.jpg?resize=500%2C330&#038;ssl=1\" width=\"500\" height=\"330\" align=\"left\" border=\"0\" hspace=\"5\" vspace=\"5\">Mit viel Engagement hatte die Geschichtswerkstatt eine kleine B\u00fchne gezimmert, die nackte R\u00fcckwand mit britischen Fahnen geschm\u00fcckt und im Flur Snacks, sog. \u201edoorstoppers\u201c (belegte Brote mit schottischem Lachs, irischem Chesterk\u00e4se und Honigschinken), angeboten. Auch Guinness und irisches \u201eRotbier\u201c gab\u2019s neben einheimischen Getr\u00e4nken. Roland Schmitt, Leiter der Geschichtswerkstatt und ansonsten auch Mitorganisator von Konzerten im Gasthaus \u201eZur Post\u201c, zeigte sich denn auch etwas entt\u00e4uscht von der \u201edurchgewachsenen\u201c Resonanz auf eine ansonsten nicht zu beanstandende Werbung im Vorfeld. Er begr\u00fc\u00dfte die vorwiegend ausw\u00e4rtigen Besucher und versprach einen Konzertabend der \u201eetwas anderen Art\u201c. Mit der ehemaligen Schule als Veranstaltungsort lag man thematisch nicht ganz verkehrt. Denn der interessierte Zuh\u00f6rer konnte sein Englisch vertiefen, so manches aus der Geschichte der Friedens- und B\u00fcrgerrechtsbewegung erfahren, und nat\u00fcrlich auch Musik und Poesie intensiv erleben.<br \/>\nMitgebracht hatte der aus der N\u00e4he Liverpools stammende Singer\/Songwriter Michael Weston King (er gastierte bereits 2004 in Eschringen) sein brandneues Album \u201eI Didn\u2019t Raise My Boy To Be A Soldier\u201c (zu dt. etwa: \u201eIch habe meinen Jungen nicht aufgezogen, damit er ein Soldat wird\u201c),<img data-recalc-dims=\"1\" loading=\"lazy\" decoding=\"async\" class=\"alignright\" src=\"https:\/\/i0.wp.com\/eschringen.de\/wordpress\/wp-content\/uploads\/2024\/11\/MichaelWK2.jpg?resize=300%2C225&#038;ssl=1\" width=\"300\" height=\"225\" align=\"right\" border=\"0\" hspace=\"5\" vspace=\"5\"> aus dem er vor allem im zweiten Teil seines Auftrittes sowohl eigene Songs als auch neu bearbeitete alte Lieder bzw. vertonte Texte vorstellte. Ganz gezielt hatte M. W. King St\u00fccke ausgew\u00e4hlt, die sich vor allem mit dem leider nach wie vor aktuellen Thema \u201eKrieg\u201c befassen. Um die Verst\u00e4ndlichkeit der Inhalte zu erh\u00f6hen, lagen Textbl\u00e4tter aus \u2013 zwei Songtexte hatte Gast Mike Lehecka, seines Zeichens in Saarbr\u00fccken lebender Amerikaner, ins Deutsche \u00fcbertragen. M. W. King sang und spielte sich sehr bald in die Herzen des Publikums, mit melancholischen Balladen wie z. B. \u201eLay Me Down\u201c oder rockigen Songs (wie z. B. \u201eLife Is Fine\u201c von seiner aktuellen CD). F\u00fcr den guten Sounds sorgte Andreas Moog, der die schwierige Akustik mit Bravour in den Griff bekam. Gleichwohl belegten von M. W. King \u201eunplugged\u201c vorgetragene Songs, dass mit einer kr\u00e4ftigen Stimme ausgestattete S\u00e4nger auch in Schulr\u00e4umen gut zu h\u00f6ren sein k\u00f6nnen. Gitarre- und Mundharmonikaspiel untermalten seinen einnehmenden Gesang auf stimmige Weise. Wer zu diesem Konzert gekommen war, zeigte sich mehr als zufrieden. M. W. King, der immer mal wieder Anekdoten zum besten gab, hatte an sich augenzwinkernd den Zugabenteil bereits ins sein Programm eingebaut, wurde aber ohne weitere \u201eencores\u201c nicht von der B\u00fchne gelassen. Alles in allem ein denkw\u00fcrdiger Abend, der mehr Zuspruch verdient gehabt h\u00e4tte.<\/p>\n<p>&nbsp;<\/p>\n","protected":false},"excerpt":{"rendered":"<p>Ber\u00fchrende Songs \u2013 f\u00fcr Kopf und Herz Der angek\u00fcndigte \u201eTestlauf\u201c f\u00fcr Konzertveranstaltungen verlief \u201emittelpr\u00e4chtig\u201c. Unklar war einerseits, ob die Akustik eines ehemaligen gro\u00dfen Klassenzimmers ausreichen w\u00fcrde, und andererseits, ob an einem sommerlichen Montagabend im Juni Leute den Weg in die etwas abgelegene ehemalige Grundschule finden w\u00fcrden. Mit viel Engagement hatte die Geschichtswerkstatt eine kleine B\u00fchne &#8230; <a title=\"07.06.2010: Michael Weston King gastierte in der alten Schule\" class=\"read-more\" href=\"https:\/\/eschringen.de\/wordpress\/geschichte\/archiv\/07-06-2010-michael-weston-king-gastierte-in-der-alten-schule\/\" aria-label=\"Mehr Informationen \u00fcber 07.06.2010: Michael Weston King gastierte in der alten Schule\">Weiterlesen &#8230;<\/a><\/p>\n","protected":false},"author":1,"featured_media":0,"parent":403,"menu_order":18,"comment_status":"closed","ping_status":"closed","template":"","meta":{"ngg_post_thumbnail":0,"footnotes":""},"class_list":["post-800","page","type-page","status-publish"],"yoast_head":"<!-- This site is optimized with the Yoast SEO plugin v27.4 - https:\/\/yoast.com\/product\/yoast-seo-wordpress\/ -->\n<title>07.06.2010: Michael Weston King gastierte in der alten Schule - Eschringen<\/title>\n<meta name=\"robots\" content=\"index, follow, max-snippet:-1, max-image-preview:large, max-video-preview:-1\" \/>\n<link rel=\"canonical\" href=\"https:\/\/eschringen.de\/wordpress\/geschichte\/archiv\/07-06-2010-michael-weston-king-gastierte-in-der-alten-schule\/\" \/>\n<meta property=\"og:locale\" content=\"de_DE\" \/>\n<meta property=\"og:type\" content=\"article\" \/>\n<meta property=\"og:title\" content=\"07.06.2010: Michael Weston King gastierte in der alten Schule - Eschringen\" \/>\n<meta property=\"og:description\" content=\"Ber\u00fchrende Songs \u2013 f\u00fcr Kopf und Herz Der angek\u00fcndigte \u201eTestlauf\u201c f\u00fcr Konzertveranstaltungen verlief \u201emittelpr\u00e4chtig\u201c. Unklar war einerseits, ob die Akustik eines ehemaligen gro\u00dfen Klassenzimmers ausreichen w\u00fcrde, und andererseits, ob an einem sommerlichen Montagabend im Juni Leute den Weg in die etwas abgelegene ehemalige Grundschule finden w\u00fcrden. Mit viel Engagement hatte die Geschichtswerkstatt eine kleine B\u00fchne ... Weiterlesen ...\" \/>\n<meta property=\"og:url\" content=\"https:\/\/eschringen.de\/wordpress\/geschichte\/archiv\/07-06-2010-michael-weston-king-gastierte-in-der-alten-schule\/\" \/>\n<meta property=\"og:site_name\" content=\"Eschringen\" \/>\n<meta property=\"article:modified_time\" content=\"2024-11-24T12:16:30+00:00\" \/>\n<meta property=\"og:image\" content=\"https:\/\/eschringen.de\/wordpress\/wp-content\/uploads\/2024\/11\/MichaelWK1.jpg\" \/>\n<meta name=\"twitter:card\" content=\"summary_large_image\" \/>\n<meta name=\"twitter:label1\" content=\"Gesch\u00e4tzte Lesezeit\" \/>\n\t<meta name=\"twitter:data1\" content=\"3\u00a0Minuten\" \/>\n<script type=\"application\/ld+json\" class=\"yoast-schema-graph\">{\"@context\":\"https:\\\/\\\/schema.org\",\"@graph\":[{\"@type\":\"WebPage\",\"@id\":\"https:\\\/\\\/eschringen.de\\\/wordpress\\\/geschichte\\\/archiv\\\/07-06-2010-michael-weston-king-gastierte-in-der-alten-schule\\\/\",\"url\":\"https:\\\/\\\/eschringen.de\\\/wordpress\\\/geschichte\\\/archiv\\\/07-06-2010-michael-weston-king-gastierte-in-der-alten-schule\\\/\",\"name\":\"07.06.2010: Michael Weston King gastierte in der alten Schule - Eschringen\",\"isPartOf\":{\"@id\":\"https:\\\/\\\/eschringen.de\\\/wordpress\\\/#website\"},\"primaryImageOfPage\":{\"@id\":\"https:\\\/\\\/eschringen.de\\\/wordpress\\\/geschichte\\\/archiv\\\/07-06-2010-michael-weston-king-gastierte-in-der-alten-schule\\\/#primaryimage\"},\"image\":{\"@id\":\"https:\\\/\\\/eschringen.de\\\/wordpress\\\/geschichte\\\/archiv\\\/07-06-2010-michael-weston-king-gastierte-in-der-alten-schule\\\/#primaryimage\"},\"thumbnailUrl\":\"https:\\\/\\\/eschringen.de\\\/wordpress\\\/wp-content\\\/uploads\\\/2024\\\/11\\\/MichaelWK1.jpg\",\"datePublished\":\"2017-02-17T13:07:24+00:00\",\"dateModified\":\"2024-11-24T12:16:30+00:00\",\"breadcrumb\":{\"@id\":\"https:\\\/\\\/eschringen.de\\\/wordpress\\\/geschichte\\\/archiv\\\/07-06-2010-michael-weston-king-gastierte-in-der-alten-schule\\\/#breadcrumb\"},\"inLanguage\":\"de\",\"potentialAction\":[{\"@type\":\"ReadAction\",\"target\":[\"https:\\\/\\\/eschringen.de\\\/wordpress\\\/geschichte\\\/archiv\\\/07-06-2010-michael-weston-king-gastierte-in-der-alten-schule\\\/\"]}]},{\"@type\":\"ImageObject\",\"inLanguage\":\"de\",\"@id\":\"https:\\\/\\\/eschringen.de\\\/wordpress\\\/geschichte\\\/archiv\\\/07-06-2010-michael-weston-king-gastierte-in-der-alten-schule\\\/#primaryimage\",\"url\":\"https:\\\/\\\/i0.wp.com\\\/eschringen.de\\\/wordpress\\\/wp-content\\\/uploads\\\/2024\\\/11\\\/MichaelWK1.jpg?fit=500%2C330&ssl=1\",\"contentUrl\":\"https:\\\/\\\/i0.wp.com\\\/eschringen.de\\\/wordpress\\\/wp-content\\\/uploads\\\/2024\\\/11\\\/MichaelWK1.jpg?fit=500%2C330&ssl=1\",\"width\":500,\"height\":330},{\"@type\":\"BreadcrumbList\",\"@id\":\"https:\\\/\\\/eschringen.de\\\/wordpress\\\/geschichte\\\/archiv\\\/07-06-2010-michael-weston-king-gastierte-in-der-alten-schule\\\/#breadcrumb\",\"itemListElement\":[{\"@type\":\"ListItem\",\"position\":1,\"name\":\"Startseite\",\"item\":\"https:\\\/\\\/eschringen.de\\\/wordpress\\\/\"},{\"@type\":\"ListItem\",\"position\":2,\"name\":\"Geschichte\",\"item\":\"https:\\\/\\\/eschringen.de\\\/wordpress\\\/geschichte\\\/\"},{\"@type\":\"ListItem\",\"position\":3,\"name\":\"Archiv\",\"item\":\"https:\\\/\\\/eschringen.de\\\/wordpress\\\/geschichte\\\/archiv\\\/\"},{\"@type\":\"ListItem\",\"position\":4,\"name\":\"07.06.2010: Michael Weston King gastierte in der alten Schule\"}]},{\"@type\":\"WebSite\",\"@id\":\"https:\\\/\\\/eschringen.de\\\/wordpress\\\/#website\",\"url\":\"https:\\\/\\\/eschringen.de\\\/wordpress\\\/\",\"name\":\"Eschringen\",\"description\":\"\",\"publisher\":{\"@id\":\"https:\\\/\\\/eschringen.de\\\/wordpress\\\/#organization\"},\"potentialAction\":[{\"@type\":\"SearchAction\",\"target\":{\"@type\":\"EntryPoint\",\"urlTemplate\":\"https:\\\/\\\/eschringen.de\\\/wordpress\\\/?s={search_term_string}\"},\"query-input\":{\"@type\":\"PropertyValueSpecification\",\"valueRequired\":true,\"valueName\":\"search_term_string\"}}],\"inLanguage\":\"de\"},{\"@type\":\"Organization\",\"@id\":\"https:\\\/\\\/eschringen.de\\\/wordpress\\\/#organization\",\"name\":\"Eschringen\",\"url\":\"https:\\\/\\\/eschringen.de\\\/wordpress\\\/\",\"logo\":{\"@type\":\"ImageObject\",\"inLanguage\":\"de\",\"@id\":\"https:\\\/\\\/eschringen.de\\\/wordpress\\\/#\\\/schema\\\/logo\\\/image\\\/\",\"url\":\"https:\\\/\\\/eschringen.de\\\/wordpress\\\/wp-content\\\/uploads\\\/2017\\\/03\\\/2017_kw15.jpg\",\"contentUrl\":\"https:\\\/\\\/eschringen.de\\\/wordpress\\\/wp-content\\\/uploads\\\/2017\\\/03\\\/2017_kw15.jpg\",\"width\":784,\"height\":447,\"caption\":\"Eschringen\"},\"image\":{\"@id\":\"https:\\\/\\\/eschringen.de\\\/wordpress\\\/#\\\/schema\\\/logo\\\/image\\\/\"}}]}<\/script>\n<!-- \/ Yoast SEO plugin. -->","yoast_head_json":{"title":"07.06.2010: Michael Weston King gastierte in der alten Schule - Eschringen","robots":{"index":"index","follow":"follow","max-snippet":"max-snippet:-1","max-image-preview":"max-image-preview:large","max-video-preview":"max-video-preview:-1"},"canonical":"https:\/\/eschringen.de\/wordpress\/geschichte\/archiv\/07-06-2010-michael-weston-king-gastierte-in-der-alten-schule\/","og_locale":"de_DE","og_type":"article","og_title":"07.06.2010: Michael Weston King gastierte in der alten Schule - Eschringen","og_description":"Ber\u00fchrende Songs \u2013 f\u00fcr Kopf und Herz Der angek\u00fcndigte \u201eTestlauf\u201c f\u00fcr Konzertveranstaltungen verlief \u201emittelpr\u00e4chtig\u201c. Unklar war einerseits, ob die Akustik eines ehemaligen gro\u00dfen Klassenzimmers ausreichen w\u00fcrde, und andererseits, ob an einem sommerlichen Montagabend im Juni Leute den Weg in die etwas abgelegene ehemalige Grundschule finden w\u00fcrden. Mit viel Engagement hatte die Geschichtswerkstatt eine kleine B\u00fchne ... Weiterlesen ...","og_url":"https:\/\/eschringen.de\/wordpress\/geschichte\/archiv\/07-06-2010-michael-weston-king-gastierte-in-der-alten-schule\/","og_site_name":"Eschringen","article_modified_time":"2024-11-24T12:16:30+00:00","og_image":[{"url":"https:\/\/eschringen.de\/wordpress\/wp-content\/uploads\/2024\/11\/MichaelWK1.jpg","type":"","width":"","height":""}],"twitter_card":"summary_large_image","twitter_misc":{"Gesch\u00e4tzte Lesezeit":"3\u00a0Minuten"},"schema":{"@context":"https:\/\/schema.org","@graph":[{"@type":"WebPage","@id":"https:\/\/eschringen.de\/wordpress\/geschichte\/archiv\/07-06-2010-michael-weston-king-gastierte-in-der-alten-schule\/","url":"https:\/\/eschringen.de\/wordpress\/geschichte\/archiv\/07-06-2010-michael-weston-king-gastierte-in-der-alten-schule\/","name":"07.06.2010: Michael Weston King gastierte in der alten Schule - Eschringen","isPartOf":{"@id":"https:\/\/eschringen.de\/wordpress\/#website"},"primaryImageOfPage":{"@id":"https:\/\/eschringen.de\/wordpress\/geschichte\/archiv\/07-06-2010-michael-weston-king-gastierte-in-der-alten-schule\/#primaryimage"},"image":{"@id":"https:\/\/eschringen.de\/wordpress\/geschichte\/archiv\/07-06-2010-michael-weston-king-gastierte-in-der-alten-schule\/#primaryimage"},"thumbnailUrl":"https:\/\/eschringen.de\/wordpress\/wp-content\/uploads\/2024\/11\/MichaelWK1.jpg","datePublished":"2017-02-17T13:07:24+00:00","dateModified":"2024-11-24T12:16:30+00:00","breadcrumb":{"@id":"https:\/\/eschringen.de\/wordpress\/geschichte\/archiv\/07-06-2010-michael-weston-king-gastierte-in-der-alten-schule\/#breadcrumb"},"inLanguage":"de","potentialAction":[{"@type":"ReadAction","target":["https:\/\/eschringen.de\/wordpress\/geschichte\/archiv\/07-06-2010-michael-weston-king-gastierte-in-der-alten-schule\/"]}]},{"@type":"ImageObject","inLanguage":"de","@id":"https:\/\/eschringen.de\/wordpress\/geschichte\/archiv\/07-06-2010-michael-weston-king-gastierte-in-der-alten-schule\/#primaryimage","url":"https:\/\/i0.wp.com\/eschringen.de\/wordpress\/wp-content\/uploads\/2024\/11\/MichaelWK1.jpg?fit=500%2C330&ssl=1","contentUrl":"https:\/\/i0.wp.com\/eschringen.de\/wordpress\/wp-content\/uploads\/2024\/11\/MichaelWK1.jpg?fit=500%2C330&ssl=1","width":500,"height":330},{"@type":"BreadcrumbList","@id":"https:\/\/eschringen.de\/wordpress\/geschichte\/archiv\/07-06-2010-michael-weston-king-gastierte-in-der-alten-schule\/#breadcrumb","itemListElement":[{"@type":"ListItem","position":1,"name":"Startseite","item":"https:\/\/eschringen.de\/wordpress\/"},{"@type":"ListItem","position":2,"name":"Geschichte","item":"https:\/\/eschringen.de\/wordpress\/geschichte\/"},{"@type":"ListItem","position":3,"name":"Archiv","item":"https:\/\/eschringen.de\/wordpress\/geschichte\/archiv\/"},{"@type":"ListItem","position":4,"name":"07.06.2010: Michael Weston King gastierte in der alten Schule"}]},{"@type":"WebSite","@id":"https:\/\/eschringen.de\/wordpress\/#website","url":"https:\/\/eschringen.de\/wordpress\/","name":"Eschringen","description":"","publisher":{"@id":"https:\/\/eschringen.de\/wordpress\/#organization"},"potentialAction":[{"@type":"SearchAction","target":{"@type":"EntryPoint","urlTemplate":"https:\/\/eschringen.de\/wordpress\/?s={search_term_string}"},"query-input":{"@type":"PropertyValueSpecification","valueRequired":true,"valueName":"search_term_string"}}],"inLanguage":"de"},{"@type":"Organization","@id":"https:\/\/eschringen.de\/wordpress\/#organization","name":"Eschringen","url":"https:\/\/eschringen.de\/wordpress\/","logo":{"@type":"ImageObject","inLanguage":"de","@id":"https:\/\/eschringen.de\/wordpress\/#\/schema\/logo\/image\/","url":"https:\/\/eschringen.de\/wordpress\/wp-content\/uploads\/2017\/03\/2017_kw15.jpg","contentUrl":"https:\/\/eschringen.de\/wordpress\/wp-content\/uploads\/2017\/03\/2017_kw15.jpg","width":784,"height":447,"caption":"Eschringen"},"image":{"@id":"https:\/\/eschringen.de\/wordpress\/#\/schema\/logo\/image\/"}}]}},"jetpack_sharing_enabled":true,"_links":{"self":[{"href":"https:\/\/eschringen.de\/wordpress\/wp-json\/wp\/v2\/pages\/800","targetHints":{"allow":["GET"]}}],"collection":[{"href":"https:\/\/eschringen.de\/wordpress\/wp-json\/wp\/v2\/pages"}],"about":[{"href":"https:\/\/eschringen.de\/wordpress\/wp-json\/wp\/v2\/types\/page"}],"author":[{"embeddable":true,"href":"https:\/\/eschringen.de\/wordpress\/wp-json\/wp\/v2\/users\/1"}],"replies":[{"embeddable":true,"href":"https:\/\/eschringen.de\/wordpress\/wp-json\/wp\/v2\/comments?post=800"}],"version-history":[{"count":2,"href":"https:\/\/eschringen.de\/wordpress\/wp-json\/wp\/v2\/pages\/800\/revisions"}],"predecessor-version":[{"id":4784,"href":"https:\/\/eschringen.de\/wordpress\/wp-json\/wp\/v2\/pages\/800\/revisions\/4784"}],"up":[{"embeddable":true,"href":"https:\/\/eschringen.de\/wordpress\/wp-json\/wp\/v2\/pages\/403"}],"wp:attachment":[{"href":"https:\/\/eschringen.de\/wordpress\/wp-json\/wp\/v2\/media?parent=800"}],"curies":[{"name":"wp","href":"https:\/\/api.w.org\/{rel}","templated":true}]}}