{"id":798,"date":"2017-02-17T14:04:33","date_gmt":"2017-02-17T13:04:33","guid":{"rendered":"http:\/\/eschringen.de\/wordpress\/?page_id=798"},"modified":"2024-11-24T13:14:26","modified_gmt":"2024-11-24T12:14:26","slug":"30-10-2010-gelungener-abend-mit-johannes-kirchberg-und-seinen-traurigen-liedern-30-10-2010-gelungener-abend-mit-johannes-kirchberg-und-seinen-traurigen-liedern","status":"publish","type":"page","link":"https:\/\/eschringen.de\/wordpress\/geschichte\/archiv\/30-10-2010-gelungener-abend-mit-johannes-kirchberg-und-seinen-traurigen-liedern-30-10-2010-gelungener-abend-mit-johannes-kirchberg-und-seinen-traurigen-liedern\/","title":{"rendered":"30.10.2010: Gelungener Abend mit Johannes Kirchberg und seinen \u201etraurigen\u201c Liedern"},"content":{"rendered":"<p><img data-recalc-dims=\"1\" loading=\"lazy\" decoding=\"async\" class=\"alignleft\" src=\"https:\/\/i0.wp.com\/eschringen.de\/wordpress\/wp-content\/uploads\/2024\/11\/Kirchberg.jpg?resize=500%2C375&#038;ssl=1\" width=\"500\" height=\"375\" align=\"left\" border=\"0\" hspace=\"5\" vspace=\"3\">Fast genau ein Jahr zuvor, im Rahmen des ersten \u201eTags der offenen T\u00fcr\u201c, hatte der sog. \u201eUdo-Fl\u00fcgel\u201c im Musikraum der ehemaligen Grundschule seine \u201eFeuertaufe\u201c an neuer Wirkungsst\u00e4tte erhalten. AG-Gesch\u00e4ftsf\u00fchrer Roland Schmitt konnte f\u00fcr ein erstes \u201eechtes\u201c Konzert den aus Leipzig stammenden, nunmehr in Hamburg lebenden Chansons\u00e4nger und Kabarettisten verpflichten. Der pr\u00e4sentierte sein aktuelles Programm \u201e\u00dcber die Verh\u00e4ltnisse\u201c, das unter dem Motto \u201ewenn schon nicht leben, dann doch mindestens lachen!\u201c stand. Erfreulicherweise hatten doch einige Kabarettfreunde den Weg in die alte Eschringer Schule gefunden; somit war der Musikraum im 1. Stock passabel gef\u00fcllt.&lt;&gt; Kirchberg legte denn auch gleich los mit einem typisch doppelb\u00f6digen Song, der zwar \u201eAlles wird gut\u201c verspricht, aber nat\u00fcrlich diese Hoffnungen untergr\u00e4bt. Weitere Lieder und Couplets folgten, die gleichfalls Alltags- und Beziehungsgeschichten zum Thema hatten. Die pfiffigen, skurrilen, bisweilen auch gezielt boshaften Texte (von Tom Reichel verfasst) beginnen in der Regel eher harmlos, sind vor allem geschickt \u201everpackt\u201c, so dass der Aha-Effekt erst im Haupt- und Schlussteil zum Tragen kommt. Ein gutes Beispiel f\u00fcr diese Form der Liedkonzeption ist \u201eFahrradfahr\u2019n\u201c, dass keineswegs das Radfahren verkl\u00e4rt, sondern ganz im Gegenteil die Spezies der Fahrrad-Rowdys auf die Schippe nimmt. So hei\u00dft es denn auch im Refrain: \u201eHeute fahr\u2019n wir, heute fahr\u2019n wir Rad, heute fahr\u2019n wir Radfahrer platt\u2026\u201c Kirchberg setzt dieses inhaltliche Wechsel- und Wendungsspiel geschickt auch musikalisch fort: z. B. in \u201eFr\u00fcher nicht\u201c, wo zum einen textlich mit dem Schwiegervater, der die Vergangenheit beschw\u00f6rt, weil fr\u00fcher angeblich alles besser war, abgerechnet wird, zum anderen eben mit unterschiedlichen Tempi die brisanten Stellen betont werden. Das Publikum, mit dem Kirchberg sehr wohl Zwiesprache hielt, zeigte sich bestens gelaunt und am\u00fcsiert, wenngleich es hin und wieder innehalten musste, um nochmals \u00fcber manche verschl\u00fcsselte Pointe nachdenken zu k\u00f6nnen. Fazit: ein h\u00f6chst unterhaltsamer Abend, mal zum Lachen, mal zum Schmunzeln, mal zum in sich gehen.<\/p>\n","protected":false},"excerpt":{"rendered":"<p>Fast genau ein Jahr zuvor, im Rahmen des ersten \u201eTags der offenen T\u00fcr\u201c, hatte der sog. \u201eUdo-Fl\u00fcgel\u201c im Musikraum der ehemaligen Grundschule seine \u201eFeuertaufe\u201c an neuer Wirkungsst\u00e4tte erhalten. AG-Gesch\u00e4ftsf\u00fchrer Roland Schmitt konnte f\u00fcr ein erstes \u201eechtes\u201c Konzert den aus Leipzig stammenden, nunmehr in Hamburg lebenden Chansons\u00e4nger und Kabarettisten verpflichten. Der pr\u00e4sentierte sein aktuelles Programm \u201e\u00dcber &#8230; <a title=\"30.10.2010: Gelungener Abend mit Johannes Kirchberg und seinen \u201etraurigen\u201c Liedern\" class=\"read-more\" href=\"https:\/\/eschringen.de\/wordpress\/geschichte\/archiv\/30-10-2010-gelungener-abend-mit-johannes-kirchberg-und-seinen-traurigen-liedern-30-10-2010-gelungener-abend-mit-johannes-kirchberg-und-seinen-traurigen-liedern\/\" aria-label=\"Mehr Informationen \u00fcber 30.10.2010: Gelungener Abend mit Johannes Kirchberg und seinen \u201etraurigen\u201c Liedern\">Weiterlesen &#8230;<\/a><\/p>\n","protected":false},"author":1,"featured_media":0,"parent":403,"menu_order":17,"comment_status":"closed","ping_status":"closed","template":"","meta":{"ngg_post_thumbnail":0,"footnotes":""},"class_list":["post-798","page","type-page","status-publish"],"yoast_head":"<!-- This site is optimized with the Yoast SEO plugin v27.3 - https:\/\/yoast.com\/product\/yoast-seo-wordpress\/ -->\n<title>30.10.2010: Gelungener Abend mit Johannes Kirchberg und seinen \u201etraurigen\u201c Liedern - Eschringen<\/title>\n<meta name=\"robots\" content=\"index, follow, max-snippet:-1, max-image-preview:large, max-video-preview:-1\" \/>\n<link rel=\"canonical\" href=\"https:\/\/eschringen.de\/wordpress\/geschichte\/archiv\/30-10-2010-gelungener-abend-mit-johannes-kirchberg-und-seinen-traurigen-liedern-30-10-2010-gelungener-abend-mit-johannes-kirchberg-und-seinen-traurigen-liedern\/\" \/>\n<meta property=\"og:locale\" content=\"de_DE\" \/>\n<meta property=\"og:type\" content=\"article\" \/>\n<meta property=\"og:title\" content=\"30.10.2010: Gelungener Abend mit Johannes Kirchberg und seinen \u201etraurigen\u201c Liedern - Eschringen\" \/>\n<meta property=\"og:description\" content=\"Fast genau ein Jahr zuvor, im Rahmen des ersten \u201eTags der offenen T\u00fcr\u201c, hatte der sog. \u201eUdo-Fl\u00fcgel\u201c im Musikraum der ehemaligen Grundschule seine \u201eFeuertaufe\u201c an neuer Wirkungsst\u00e4tte erhalten. AG-Gesch\u00e4ftsf\u00fchrer Roland Schmitt konnte f\u00fcr ein erstes \u201eechtes\u201c Konzert den aus Leipzig stammenden, nunmehr in Hamburg lebenden Chansons\u00e4nger und Kabarettisten verpflichten. Der pr\u00e4sentierte sein aktuelles Programm \u201e\u00dcber ... Weiterlesen ...\" \/>\n<meta property=\"og:url\" content=\"https:\/\/eschringen.de\/wordpress\/geschichte\/archiv\/30-10-2010-gelungener-abend-mit-johannes-kirchberg-und-seinen-traurigen-liedern-30-10-2010-gelungener-abend-mit-johannes-kirchberg-und-seinen-traurigen-liedern\/\" \/>\n<meta property=\"og:site_name\" content=\"Eschringen\" \/>\n<meta property=\"article:modified_time\" content=\"2024-11-24T12:14:26+00:00\" \/>\n<meta property=\"og:image\" content=\"https:\/\/eschringen.de\/wordpress\/wp-content\/uploads\/2024\/11\/Kirchberg.jpg\" \/>\n<meta name=\"twitter:card\" content=\"summary_large_image\" \/>\n<meta name=\"twitter:label1\" content=\"Gesch\u00e4tzte Lesezeit\" \/>\n\t<meta name=\"twitter:data1\" content=\"2\u00a0Minuten\" \/>\n<script type=\"application\/ld+json\" class=\"yoast-schema-graph\">{\"@context\":\"https:\\\/\\\/schema.org\",\"@graph\":[{\"@type\":\"WebPage\",\"@id\":\"https:\\\/\\\/eschringen.de\\\/wordpress\\\/geschichte\\\/archiv\\\/30-10-2010-gelungener-abend-mit-johannes-kirchberg-und-seinen-traurigen-liedern-30-10-2010-gelungener-abend-mit-johannes-kirchberg-und-seinen-traurigen-liedern\\\/\",\"url\":\"https:\\\/\\\/eschringen.de\\\/wordpress\\\/geschichte\\\/archiv\\\/30-10-2010-gelungener-abend-mit-johannes-kirchberg-und-seinen-traurigen-liedern-30-10-2010-gelungener-abend-mit-johannes-kirchberg-und-seinen-traurigen-liedern\\\/\",\"name\":\"30.10.2010: Gelungener Abend mit Johannes Kirchberg und seinen \u201etraurigen\u201c Liedern - Eschringen\",\"isPartOf\":{\"@id\":\"https:\\\/\\\/eschringen.de\\\/wordpress\\\/#website\"},\"primaryImageOfPage\":{\"@id\":\"https:\\\/\\\/eschringen.de\\\/wordpress\\\/geschichte\\\/archiv\\\/30-10-2010-gelungener-abend-mit-johannes-kirchberg-und-seinen-traurigen-liedern-30-10-2010-gelungener-abend-mit-johannes-kirchberg-und-seinen-traurigen-liedern\\\/#primaryimage\"},\"image\":{\"@id\":\"https:\\\/\\\/eschringen.de\\\/wordpress\\\/geschichte\\\/archiv\\\/30-10-2010-gelungener-abend-mit-johannes-kirchberg-und-seinen-traurigen-liedern-30-10-2010-gelungener-abend-mit-johannes-kirchberg-und-seinen-traurigen-liedern\\\/#primaryimage\"},\"thumbnailUrl\":\"https:\\\/\\\/eschringen.de\\\/wordpress\\\/wp-content\\\/uploads\\\/2024\\\/11\\\/Kirchberg.jpg\",\"datePublished\":\"2017-02-17T13:04:33+00:00\",\"dateModified\":\"2024-11-24T12:14:26+00:00\",\"breadcrumb\":{\"@id\":\"https:\\\/\\\/eschringen.de\\\/wordpress\\\/geschichte\\\/archiv\\\/30-10-2010-gelungener-abend-mit-johannes-kirchberg-und-seinen-traurigen-liedern-30-10-2010-gelungener-abend-mit-johannes-kirchberg-und-seinen-traurigen-liedern\\\/#breadcrumb\"},\"inLanguage\":\"de\",\"potentialAction\":[{\"@type\":\"ReadAction\",\"target\":[\"https:\\\/\\\/eschringen.de\\\/wordpress\\\/geschichte\\\/archiv\\\/30-10-2010-gelungener-abend-mit-johannes-kirchberg-und-seinen-traurigen-liedern-30-10-2010-gelungener-abend-mit-johannes-kirchberg-und-seinen-traurigen-liedern\\\/\"]}]},{\"@type\":\"ImageObject\",\"inLanguage\":\"de\",\"@id\":\"https:\\\/\\\/eschringen.de\\\/wordpress\\\/geschichte\\\/archiv\\\/30-10-2010-gelungener-abend-mit-johannes-kirchberg-und-seinen-traurigen-liedern-30-10-2010-gelungener-abend-mit-johannes-kirchberg-und-seinen-traurigen-liedern\\\/#primaryimage\",\"url\":\"https:\\\/\\\/i0.wp.com\\\/eschringen.de\\\/wordpress\\\/wp-content\\\/uploads\\\/2024\\\/11\\\/Kirchberg.jpg?fit=500%2C375&ssl=1\",\"contentUrl\":\"https:\\\/\\\/i0.wp.com\\\/eschringen.de\\\/wordpress\\\/wp-content\\\/uploads\\\/2024\\\/11\\\/Kirchberg.jpg?fit=500%2C375&ssl=1\",\"width\":500,\"height\":375},{\"@type\":\"BreadcrumbList\",\"@id\":\"https:\\\/\\\/eschringen.de\\\/wordpress\\\/geschichte\\\/archiv\\\/30-10-2010-gelungener-abend-mit-johannes-kirchberg-und-seinen-traurigen-liedern-30-10-2010-gelungener-abend-mit-johannes-kirchberg-und-seinen-traurigen-liedern\\\/#breadcrumb\",\"itemListElement\":[{\"@type\":\"ListItem\",\"position\":1,\"name\":\"Startseite\",\"item\":\"https:\\\/\\\/eschringen.de\\\/wordpress\\\/\"},{\"@type\":\"ListItem\",\"position\":2,\"name\":\"Geschichte\",\"item\":\"https:\\\/\\\/eschringen.de\\\/wordpress\\\/geschichte\\\/\"},{\"@type\":\"ListItem\",\"position\":3,\"name\":\"Archiv\",\"item\":\"https:\\\/\\\/eschringen.de\\\/wordpress\\\/geschichte\\\/archiv\\\/\"},{\"@type\":\"ListItem\",\"position\":4,\"name\":\"30.10.2010: Gelungener Abend mit Johannes Kirchberg und seinen \u201etraurigen\u201c Liedern\"}]},{\"@type\":\"WebSite\",\"@id\":\"https:\\\/\\\/eschringen.de\\\/wordpress\\\/#website\",\"url\":\"https:\\\/\\\/eschringen.de\\\/wordpress\\\/\",\"name\":\"Eschringen\",\"description\":\"\",\"publisher\":{\"@id\":\"https:\\\/\\\/eschringen.de\\\/wordpress\\\/#organization\"},\"potentialAction\":[{\"@type\":\"SearchAction\",\"target\":{\"@type\":\"EntryPoint\",\"urlTemplate\":\"https:\\\/\\\/eschringen.de\\\/wordpress\\\/?s={search_term_string}\"},\"query-input\":{\"@type\":\"PropertyValueSpecification\",\"valueRequired\":true,\"valueName\":\"search_term_string\"}}],\"inLanguage\":\"de\"},{\"@type\":\"Organization\",\"@id\":\"https:\\\/\\\/eschringen.de\\\/wordpress\\\/#organization\",\"name\":\"Eschringen\",\"url\":\"https:\\\/\\\/eschringen.de\\\/wordpress\\\/\",\"logo\":{\"@type\":\"ImageObject\",\"inLanguage\":\"de\",\"@id\":\"https:\\\/\\\/eschringen.de\\\/wordpress\\\/#\\\/schema\\\/logo\\\/image\\\/\",\"url\":\"https:\\\/\\\/eschringen.de\\\/wordpress\\\/wp-content\\\/uploads\\\/2017\\\/03\\\/2017_kw15.jpg\",\"contentUrl\":\"https:\\\/\\\/eschringen.de\\\/wordpress\\\/wp-content\\\/uploads\\\/2017\\\/03\\\/2017_kw15.jpg\",\"width\":784,\"height\":447,\"caption\":\"Eschringen\"},\"image\":{\"@id\":\"https:\\\/\\\/eschringen.de\\\/wordpress\\\/#\\\/schema\\\/logo\\\/image\\\/\"}}]}<\/script>\n<!-- \/ Yoast SEO plugin. -->","yoast_head_json":{"title":"30.10.2010: Gelungener Abend mit Johannes Kirchberg und seinen \u201etraurigen\u201c Liedern - Eschringen","robots":{"index":"index","follow":"follow","max-snippet":"max-snippet:-1","max-image-preview":"max-image-preview:large","max-video-preview":"max-video-preview:-1"},"canonical":"https:\/\/eschringen.de\/wordpress\/geschichte\/archiv\/30-10-2010-gelungener-abend-mit-johannes-kirchberg-und-seinen-traurigen-liedern-30-10-2010-gelungener-abend-mit-johannes-kirchberg-und-seinen-traurigen-liedern\/","og_locale":"de_DE","og_type":"article","og_title":"30.10.2010: Gelungener Abend mit Johannes Kirchberg und seinen \u201etraurigen\u201c Liedern - Eschringen","og_description":"Fast genau ein Jahr zuvor, im Rahmen des ersten \u201eTags der offenen T\u00fcr\u201c, hatte der sog. \u201eUdo-Fl\u00fcgel\u201c im Musikraum der ehemaligen Grundschule seine \u201eFeuertaufe\u201c an neuer Wirkungsst\u00e4tte erhalten. AG-Gesch\u00e4ftsf\u00fchrer Roland Schmitt konnte f\u00fcr ein erstes \u201eechtes\u201c Konzert den aus Leipzig stammenden, nunmehr in Hamburg lebenden Chansons\u00e4nger und Kabarettisten verpflichten. Der pr\u00e4sentierte sein aktuelles Programm \u201e\u00dcber ... Weiterlesen ...","og_url":"https:\/\/eschringen.de\/wordpress\/geschichte\/archiv\/30-10-2010-gelungener-abend-mit-johannes-kirchberg-und-seinen-traurigen-liedern-30-10-2010-gelungener-abend-mit-johannes-kirchberg-und-seinen-traurigen-liedern\/","og_site_name":"Eschringen","article_modified_time":"2024-11-24T12:14:26+00:00","og_image":[{"url":"https:\/\/eschringen.de\/wordpress\/wp-content\/uploads\/2024\/11\/Kirchberg.jpg","type":"","width":"","height":""}],"twitter_card":"summary_large_image","twitter_misc":{"Gesch\u00e4tzte Lesezeit":"2\u00a0Minuten"},"schema":{"@context":"https:\/\/schema.org","@graph":[{"@type":"WebPage","@id":"https:\/\/eschringen.de\/wordpress\/geschichte\/archiv\/30-10-2010-gelungener-abend-mit-johannes-kirchberg-und-seinen-traurigen-liedern-30-10-2010-gelungener-abend-mit-johannes-kirchberg-und-seinen-traurigen-liedern\/","url":"https:\/\/eschringen.de\/wordpress\/geschichte\/archiv\/30-10-2010-gelungener-abend-mit-johannes-kirchberg-und-seinen-traurigen-liedern-30-10-2010-gelungener-abend-mit-johannes-kirchberg-und-seinen-traurigen-liedern\/","name":"30.10.2010: Gelungener Abend mit Johannes Kirchberg und seinen \u201etraurigen\u201c Liedern - Eschringen","isPartOf":{"@id":"https:\/\/eschringen.de\/wordpress\/#website"},"primaryImageOfPage":{"@id":"https:\/\/eschringen.de\/wordpress\/geschichte\/archiv\/30-10-2010-gelungener-abend-mit-johannes-kirchberg-und-seinen-traurigen-liedern-30-10-2010-gelungener-abend-mit-johannes-kirchberg-und-seinen-traurigen-liedern\/#primaryimage"},"image":{"@id":"https:\/\/eschringen.de\/wordpress\/geschichte\/archiv\/30-10-2010-gelungener-abend-mit-johannes-kirchberg-und-seinen-traurigen-liedern-30-10-2010-gelungener-abend-mit-johannes-kirchberg-und-seinen-traurigen-liedern\/#primaryimage"},"thumbnailUrl":"https:\/\/eschringen.de\/wordpress\/wp-content\/uploads\/2024\/11\/Kirchberg.jpg","datePublished":"2017-02-17T13:04:33+00:00","dateModified":"2024-11-24T12:14:26+00:00","breadcrumb":{"@id":"https:\/\/eschringen.de\/wordpress\/geschichte\/archiv\/30-10-2010-gelungener-abend-mit-johannes-kirchberg-und-seinen-traurigen-liedern-30-10-2010-gelungener-abend-mit-johannes-kirchberg-und-seinen-traurigen-liedern\/#breadcrumb"},"inLanguage":"de","potentialAction":[{"@type":"ReadAction","target":["https:\/\/eschringen.de\/wordpress\/geschichte\/archiv\/30-10-2010-gelungener-abend-mit-johannes-kirchberg-und-seinen-traurigen-liedern-30-10-2010-gelungener-abend-mit-johannes-kirchberg-und-seinen-traurigen-liedern\/"]}]},{"@type":"ImageObject","inLanguage":"de","@id":"https:\/\/eschringen.de\/wordpress\/geschichte\/archiv\/30-10-2010-gelungener-abend-mit-johannes-kirchberg-und-seinen-traurigen-liedern-30-10-2010-gelungener-abend-mit-johannes-kirchberg-und-seinen-traurigen-liedern\/#primaryimage","url":"https:\/\/i0.wp.com\/eschringen.de\/wordpress\/wp-content\/uploads\/2024\/11\/Kirchberg.jpg?fit=500%2C375&ssl=1","contentUrl":"https:\/\/i0.wp.com\/eschringen.de\/wordpress\/wp-content\/uploads\/2024\/11\/Kirchberg.jpg?fit=500%2C375&ssl=1","width":500,"height":375},{"@type":"BreadcrumbList","@id":"https:\/\/eschringen.de\/wordpress\/geschichte\/archiv\/30-10-2010-gelungener-abend-mit-johannes-kirchberg-und-seinen-traurigen-liedern-30-10-2010-gelungener-abend-mit-johannes-kirchberg-und-seinen-traurigen-liedern\/#breadcrumb","itemListElement":[{"@type":"ListItem","position":1,"name":"Startseite","item":"https:\/\/eschringen.de\/wordpress\/"},{"@type":"ListItem","position":2,"name":"Geschichte","item":"https:\/\/eschringen.de\/wordpress\/geschichte\/"},{"@type":"ListItem","position":3,"name":"Archiv","item":"https:\/\/eschringen.de\/wordpress\/geschichte\/archiv\/"},{"@type":"ListItem","position":4,"name":"30.10.2010: Gelungener Abend mit Johannes Kirchberg und seinen \u201etraurigen\u201c Liedern"}]},{"@type":"WebSite","@id":"https:\/\/eschringen.de\/wordpress\/#website","url":"https:\/\/eschringen.de\/wordpress\/","name":"Eschringen","description":"","publisher":{"@id":"https:\/\/eschringen.de\/wordpress\/#organization"},"potentialAction":[{"@type":"SearchAction","target":{"@type":"EntryPoint","urlTemplate":"https:\/\/eschringen.de\/wordpress\/?s={search_term_string}"},"query-input":{"@type":"PropertyValueSpecification","valueRequired":true,"valueName":"search_term_string"}}],"inLanguage":"de"},{"@type":"Organization","@id":"https:\/\/eschringen.de\/wordpress\/#organization","name":"Eschringen","url":"https:\/\/eschringen.de\/wordpress\/","logo":{"@type":"ImageObject","inLanguage":"de","@id":"https:\/\/eschringen.de\/wordpress\/#\/schema\/logo\/image\/","url":"https:\/\/eschringen.de\/wordpress\/wp-content\/uploads\/2017\/03\/2017_kw15.jpg","contentUrl":"https:\/\/eschringen.de\/wordpress\/wp-content\/uploads\/2017\/03\/2017_kw15.jpg","width":784,"height":447,"caption":"Eschringen"},"image":{"@id":"https:\/\/eschringen.de\/wordpress\/#\/schema\/logo\/image\/"}}]}},"jetpack_sharing_enabled":true,"_links":{"self":[{"href":"https:\/\/eschringen.de\/wordpress\/wp-json\/wp\/v2\/pages\/798","targetHints":{"allow":["GET"]}}],"collection":[{"href":"https:\/\/eschringen.de\/wordpress\/wp-json\/wp\/v2\/pages"}],"about":[{"href":"https:\/\/eschringen.de\/wordpress\/wp-json\/wp\/v2\/types\/page"}],"author":[{"embeddable":true,"href":"https:\/\/eschringen.de\/wordpress\/wp-json\/wp\/v2\/users\/1"}],"replies":[{"embeddable":true,"href":"https:\/\/eschringen.de\/wordpress\/wp-json\/wp\/v2\/comments?post=798"}],"version-history":[{"count":2,"href":"https:\/\/eschringen.de\/wordpress\/wp-json\/wp\/v2\/pages\/798\/revisions"}],"predecessor-version":[{"id":4780,"href":"https:\/\/eschringen.de\/wordpress\/wp-json\/wp\/v2\/pages\/798\/revisions\/4780"}],"up":[{"embeddable":true,"href":"https:\/\/eschringen.de\/wordpress\/wp-json\/wp\/v2\/pages\/403"}],"wp:attachment":[{"href":"https:\/\/eschringen.de\/wordpress\/wp-json\/wp\/v2\/media?parent=798"}],"curies":[{"name":"wp","href":"https:\/\/api.w.org\/{rel}","templated":true}]}}