{"id":796,"date":"2017-02-17T14:03:01","date_gmt":"2017-02-17T13:03:01","guid":{"rendered":"http:\/\/eschringen.de\/wordpress\/?page_id=796"},"modified":"2024-11-24T13:12:53","modified_gmt":"2024-11-24T12:12:53","slug":"18-11-2010-begeisterndes-post-finale-mit-saarbruck-libre","status":"publish","type":"page","link":"https:\/\/eschringen.de\/wordpress\/geschichte\/archiv\/18-11-2010-begeisterndes-post-finale-mit-saarbruck-libre\/","title":{"rendered":"18.11.2010: Begeisterndes \u201ePost\u201c-Finale mit Saarbruck Libre"},"content":{"rendered":"<p><img data-recalc-dims=\"1\" loading=\"lazy\" decoding=\"async\" class=\"alignleft\" src=\"https:\/\/i0.wp.com\/eschringen.de\/wordpress\/wp-content\/uploads\/2024\/11\/SL1.jpg?resize=500%2C375&#038;ssl=1\" width=\"500\" height=\"375\" align=\"left\" border=\"0\" hspace=\"5\" vspace=\"3\">Mit diesem Auftritt fiel der Vorhang f\u00fcr Konzertveranstaltungen der AG Eschringer Vereine e. V. im Saal des ehrw\u00fcrdigen Gasthauses \u201eZur Post\u201c. Gut zehn Jahre lang waren K\u00fcnstler aus nah und fern nach Eschringen gekommen, um auf der l\u00e4ngst legend\u00e4r gewordenen B\u00fchne ihre Musik zu pr\u00e4sentieren. Der englische Singer\/Songwriter Michael Weston King schw\u00e4rmte denn auch vom \u201eNashville of Germany\u201c! K\u00fcnstlerische Ausf\u00e4lle gab es praktisch keine; vielmehr machte der Spielort seinem Namen alle Ehre. Denn hier ging des \u00f6fteren wirklich \u201edie Post ab\u201c: z. B. mit dem Chris Jagger Trio, mit Julian Dawson, mit dem Miller Anderson Trio oder zuletzt eben Saarbruck Libre.<br \/>\nDer buchst\u00e4blich ins Wasser gefallene Auftritt der Band um S\u00e4nger, Gitarrist und Liederschreiber Roland Helm beim 2. Dorfgemeinschaftsfest im Mai 2010 brachte AG-Gesch\u00e4ftsf\u00fchrer Roland Schmitt letztlich auf die Idee, diesen Auftritt mit dem bereits ins Auge gefassten Ende der Konzertreihe zu verbinden. Zus\u00e4tzliches Argument f\u00fcr das Engagement von Saarbruck Libre war die Tatsache, dass Roland Helm mit seinem Duo Eckstein 1996 quasi den Startschuss f\u00fcr die Kleinkunst-Konzerte in der \u201ePost\u201c gegeben hatte. Bot er seinerzeit historische Auswanderer(volks)lieder dar, pr\u00e4sentierte er nunmehr mit seiner Truppe einen bunten, stilistisch abwechslungsreichen Musikmix mit Ingredienzien aus aller Herren (und Damen) L\u00e4nder: angefangen mit Cajun aus Louisiana, Reggae aus Jamaika, Blues vom Mississippi, Irish Folk, franz\u00f6sischem Chanson bis hin zum Rock\u2019n\u2019Roll. Helm und Co. gelang es, schon mit dem ersten St\u00fcck \u201eMardi Gras\u201c (den Karneval in New Orleans beschw\u00f6rend) das Publikum in ihren Bann zu ziehen. Ihm zur Seite standen exzellente Musiker: \u201eZaubergeiger\u201c (und Akkordeonist) Wolfgang Wehner, der bisweilen wie ein Derwisch \u00fcber den Tanzboden fegte, gerne auch den Spa\u00dfvogel markierte, Keyboarder Bernhard Wittmann, der sich als Tastenvirtuose hervortat, Schlagzeuger J\u00fcrgen \u201eSandy\u201c Sandmeyer, der nicht nur f\u00fcr flotte Beats sorgte, sondern hin und wieder auch mit beeindruckenden Soli Szenenapplaus einheimste und Kontrabassist Tim Kamp, der die n\u00f6tige Ruhe und Gelassenheit mit seinem gekonnten Saitenspiel ausstrahlte.<br \/>\n<img data-recalc-dims=\"1\" loading=\"lazy\" decoding=\"async\" class=\"alignright\" src=\"https:\/\/i0.wp.com\/eschringen.de\/wordpress\/wp-content\/uploads\/2024\/11\/SL2.jpg?resize=500%2C375&#038;ssl=1\" width=\"500\" height=\"375\" align=\"right\" border=\"0\" hspace=\"5\" vspace=\"3\">Das Gros der Songs hatte Helm in Saarbr\u00fccker Mundart verfasst: die meisten Texte erz\u00e4hlten augenzwinkernd Geschichten aus dem Alltag und aus der Region, mal nachdenklich (\u201eV\u00f6lklinge\u201c, \u201eE Nacht lang Mississippi\u201c), mal humorig-hintersinnig (\u201eMoondach\u201c, \u201eDie Katz\u201c). Vor allem das vorz\u00fcgliche aktuelle Album \u201eChaiselongue\u201c dominierte das Repertoire, erg\u00e4nzt durch den ein oder anderen passenden Coversong (\u201eInch Allah\u201c, \u201eIch habe diese Frau geliebt\u201c). Etwas aus dem Rahmen fiel eine sehr jazzig anmutende, fast zehnmin\u00fctige Version von \u201eNachtexpress\u201c, bei der alle Musiker ihre handwerklichen F\u00e4higkeiten unter Beweis stellen konnten. Den meisten Zuspruch erhielten gleichwohl die fetzigen, von Zydeco und Irish Folk inspirierten Tanzlieder, die zum Klatschen und Mitswingen animierten. Der f\u00e4llige Zugabenteil gipfelte denn auch in einem Mitsing-St\u00fcck, dessen Titel nicht h\u00e4tte treffender sein k\u00f6nnen: \u201eHeit\u2019 geh\u2019 mer gar nimmi hemm\u201c. Dann war wirklich \u201eSchicht im Schacht\u201c, und nicht wenige Konzertbesucher betrauerten nicht nur das Ende diese fulminanten Show, sondern auch das Ende der Konzerte in der \u201ePost\u201c.<br \/>\nBereits zu Anfang des Abends hatte R. Schmitt den Wirtsleuten Maria und Egon Vogelgesang im Namen der AG f\u00fcr ihre langj\u00e4hrige Unterst\u00fctzung gedankt.<\/p>\n","protected":false},"excerpt":{"rendered":"<p>Mit diesem Auftritt fiel der Vorhang f\u00fcr Konzertveranstaltungen der AG Eschringer Vereine e. V. im Saal des ehrw\u00fcrdigen Gasthauses \u201eZur Post\u201c. Gut zehn Jahre lang waren K\u00fcnstler aus nah und fern nach Eschringen gekommen, um auf der l\u00e4ngst legend\u00e4r gewordenen B\u00fchne ihre Musik zu pr\u00e4sentieren. Der englische Singer\/Songwriter Michael Weston King schw\u00e4rmte denn auch vom &#8230; <a title=\"18.11.2010: Begeisterndes \u201ePost\u201c-Finale mit Saarbruck Libre\" class=\"read-more\" href=\"https:\/\/eschringen.de\/wordpress\/geschichte\/archiv\/18-11-2010-begeisterndes-post-finale-mit-saarbruck-libre\/\" aria-label=\"Mehr Informationen \u00fcber 18.11.2010: Begeisterndes \u201ePost\u201c-Finale mit Saarbruck Libre\">Weiterlesen &#8230;<\/a><\/p>\n","protected":false},"author":1,"featured_media":0,"parent":403,"menu_order":17,"comment_status":"closed","ping_status":"closed","template":"","meta":{"ngg_post_thumbnail":0,"footnotes":""},"class_list":["post-796","page","type-page","status-publish"],"yoast_head":"<!-- This site is optimized with the Yoast SEO plugin v27.3 - https:\/\/yoast.com\/product\/yoast-seo-wordpress\/ -->\n<title>18.11.2010: Begeisterndes \u201ePost\u201c-Finale mit Saarbruck Libre - Eschringen<\/title>\n<meta name=\"robots\" content=\"index, follow, max-snippet:-1, max-image-preview:large, max-video-preview:-1\" \/>\n<link rel=\"canonical\" href=\"https:\/\/eschringen.de\/wordpress\/geschichte\/archiv\/18-11-2010-begeisterndes-post-finale-mit-saarbruck-libre\/\" \/>\n<meta property=\"og:locale\" content=\"de_DE\" \/>\n<meta property=\"og:type\" content=\"article\" \/>\n<meta property=\"og:title\" content=\"18.11.2010: Begeisterndes \u201ePost\u201c-Finale mit Saarbruck Libre - Eschringen\" \/>\n<meta property=\"og:description\" content=\"Mit diesem Auftritt fiel der Vorhang f\u00fcr Konzertveranstaltungen der AG Eschringer Vereine e. V. im Saal des ehrw\u00fcrdigen Gasthauses \u201eZur Post\u201c. Gut zehn Jahre lang waren K\u00fcnstler aus nah und fern nach Eschringen gekommen, um auf der l\u00e4ngst legend\u00e4r gewordenen B\u00fchne ihre Musik zu pr\u00e4sentieren. Der englische Singer\/Songwriter Michael Weston King schw\u00e4rmte denn auch vom ... Weiterlesen ...\" \/>\n<meta property=\"og:url\" content=\"https:\/\/eschringen.de\/wordpress\/geschichte\/archiv\/18-11-2010-begeisterndes-post-finale-mit-saarbruck-libre\/\" \/>\n<meta property=\"og:site_name\" content=\"Eschringen\" \/>\n<meta property=\"article:modified_time\" content=\"2024-11-24T12:12:53+00:00\" \/>\n<meta property=\"og:image\" content=\"https:\/\/eschringen.de\/wordpress\/wp-content\/uploads\/2024\/11\/SL1.jpg\" \/>\n<meta name=\"twitter:card\" content=\"summary_large_image\" \/>\n<meta name=\"twitter:label1\" content=\"Gesch\u00e4tzte Lesezeit\" \/>\n\t<meta name=\"twitter:data1\" content=\"4\u00a0Minuten\" \/>\n<script type=\"application\/ld+json\" class=\"yoast-schema-graph\">{\"@context\":\"https:\\\/\\\/schema.org\",\"@graph\":[{\"@type\":\"WebPage\",\"@id\":\"https:\\\/\\\/eschringen.de\\\/wordpress\\\/geschichte\\\/archiv\\\/18-11-2010-begeisterndes-post-finale-mit-saarbruck-libre\\\/\",\"url\":\"https:\\\/\\\/eschringen.de\\\/wordpress\\\/geschichte\\\/archiv\\\/18-11-2010-begeisterndes-post-finale-mit-saarbruck-libre\\\/\",\"name\":\"18.11.2010: Begeisterndes \u201ePost\u201c-Finale mit Saarbruck Libre - Eschringen\",\"isPartOf\":{\"@id\":\"https:\\\/\\\/eschringen.de\\\/wordpress\\\/#website\"},\"primaryImageOfPage\":{\"@id\":\"https:\\\/\\\/eschringen.de\\\/wordpress\\\/geschichte\\\/archiv\\\/18-11-2010-begeisterndes-post-finale-mit-saarbruck-libre\\\/#primaryimage\"},\"image\":{\"@id\":\"https:\\\/\\\/eschringen.de\\\/wordpress\\\/geschichte\\\/archiv\\\/18-11-2010-begeisterndes-post-finale-mit-saarbruck-libre\\\/#primaryimage\"},\"thumbnailUrl\":\"https:\\\/\\\/eschringen.de\\\/wordpress\\\/wp-content\\\/uploads\\\/2024\\\/11\\\/SL1.jpg\",\"datePublished\":\"2017-02-17T13:03:01+00:00\",\"dateModified\":\"2024-11-24T12:12:53+00:00\",\"breadcrumb\":{\"@id\":\"https:\\\/\\\/eschringen.de\\\/wordpress\\\/geschichte\\\/archiv\\\/18-11-2010-begeisterndes-post-finale-mit-saarbruck-libre\\\/#breadcrumb\"},\"inLanguage\":\"de\",\"potentialAction\":[{\"@type\":\"ReadAction\",\"target\":[\"https:\\\/\\\/eschringen.de\\\/wordpress\\\/geschichte\\\/archiv\\\/18-11-2010-begeisterndes-post-finale-mit-saarbruck-libre\\\/\"]}]},{\"@type\":\"ImageObject\",\"inLanguage\":\"de\",\"@id\":\"https:\\\/\\\/eschringen.de\\\/wordpress\\\/geschichte\\\/archiv\\\/18-11-2010-begeisterndes-post-finale-mit-saarbruck-libre\\\/#primaryimage\",\"url\":\"https:\\\/\\\/i0.wp.com\\\/eschringen.de\\\/wordpress\\\/wp-content\\\/uploads\\\/2024\\\/11\\\/SL1.jpg?fit=500%2C375&ssl=1\",\"contentUrl\":\"https:\\\/\\\/i0.wp.com\\\/eschringen.de\\\/wordpress\\\/wp-content\\\/uploads\\\/2024\\\/11\\\/SL1.jpg?fit=500%2C375&ssl=1\",\"width\":500,\"height\":375},{\"@type\":\"BreadcrumbList\",\"@id\":\"https:\\\/\\\/eschringen.de\\\/wordpress\\\/geschichte\\\/archiv\\\/18-11-2010-begeisterndes-post-finale-mit-saarbruck-libre\\\/#breadcrumb\",\"itemListElement\":[{\"@type\":\"ListItem\",\"position\":1,\"name\":\"Startseite\",\"item\":\"https:\\\/\\\/eschringen.de\\\/wordpress\\\/\"},{\"@type\":\"ListItem\",\"position\":2,\"name\":\"Geschichte\",\"item\":\"https:\\\/\\\/eschringen.de\\\/wordpress\\\/geschichte\\\/\"},{\"@type\":\"ListItem\",\"position\":3,\"name\":\"Archiv\",\"item\":\"https:\\\/\\\/eschringen.de\\\/wordpress\\\/geschichte\\\/archiv\\\/\"},{\"@type\":\"ListItem\",\"position\":4,\"name\":\"18.11.2010: Begeisterndes \u201ePost\u201c-Finale mit Saarbruck Libre\"}]},{\"@type\":\"WebSite\",\"@id\":\"https:\\\/\\\/eschringen.de\\\/wordpress\\\/#website\",\"url\":\"https:\\\/\\\/eschringen.de\\\/wordpress\\\/\",\"name\":\"Eschringen\",\"description\":\"\",\"publisher\":{\"@id\":\"https:\\\/\\\/eschringen.de\\\/wordpress\\\/#organization\"},\"potentialAction\":[{\"@type\":\"SearchAction\",\"target\":{\"@type\":\"EntryPoint\",\"urlTemplate\":\"https:\\\/\\\/eschringen.de\\\/wordpress\\\/?s={search_term_string}\"},\"query-input\":{\"@type\":\"PropertyValueSpecification\",\"valueRequired\":true,\"valueName\":\"search_term_string\"}}],\"inLanguage\":\"de\"},{\"@type\":\"Organization\",\"@id\":\"https:\\\/\\\/eschringen.de\\\/wordpress\\\/#organization\",\"name\":\"Eschringen\",\"url\":\"https:\\\/\\\/eschringen.de\\\/wordpress\\\/\",\"logo\":{\"@type\":\"ImageObject\",\"inLanguage\":\"de\",\"@id\":\"https:\\\/\\\/eschringen.de\\\/wordpress\\\/#\\\/schema\\\/logo\\\/image\\\/\",\"url\":\"https:\\\/\\\/eschringen.de\\\/wordpress\\\/wp-content\\\/uploads\\\/2017\\\/03\\\/2017_kw15.jpg\",\"contentUrl\":\"https:\\\/\\\/eschringen.de\\\/wordpress\\\/wp-content\\\/uploads\\\/2017\\\/03\\\/2017_kw15.jpg\",\"width\":784,\"height\":447,\"caption\":\"Eschringen\"},\"image\":{\"@id\":\"https:\\\/\\\/eschringen.de\\\/wordpress\\\/#\\\/schema\\\/logo\\\/image\\\/\"}}]}<\/script>\n<!-- \/ Yoast SEO plugin. -->","yoast_head_json":{"title":"18.11.2010: Begeisterndes \u201ePost\u201c-Finale mit Saarbruck Libre - Eschringen","robots":{"index":"index","follow":"follow","max-snippet":"max-snippet:-1","max-image-preview":"max-image-preview:large","max-video-preview":"max-video-preview:-1"},"canonical":"https:\/\/eschringen.de\/wordpress\/geschichte\/archiv\/18-11-2010-begeisterndes-post-finale-mit-saarbruck-libre\/","og_locale":"de_DE","og_type":"article","og_title":"18.11.2010: Begeisterndes \u201ePost\u201c-Finale mit Saarbruck Libre - Eschringen","og_description":"Mit diesem Auftritt fiel der Vorhang f\u00fcr Konzertveranstaltungen der AG Eschringer Vereine e. V. im Saal des ehrw\u00fcrdigen Gasthauses \u201eZur Post\u201c. Gut zehn Jahre lang waren K\u00fcnstler aus nah und fern nach Eschringen gekommen, um auf der l\u00e4ngst legend\u00e4r gewordenen B\u00fchne ihre Musik zu pr\u00e4sentieren. Der englische Singer\/Songwriter Michael Weston King schw\u00e4rmte denn auch vom ... Weiterlesen ...","og_url":"https:\/\/eschringen.de\/wordpress\/geschichte\/archiv\/18-11-2010-begeisterndes-post-finale-mit-saarbruck-libre\/","og_site_name":"Eschringen","article_modified_time":"2024-11-24T12:12:53+00:00","og_image":[{"url":"https:\/\/eschringen.de\/wordpress\/wp-content\/uploads\/2024\/11\/SL1.jpg","type":"","width":"","height":""}],"twitter_card":"summary_large_image","twitter_misc":{"Gesch\u00e4tzte Lesezeit":"4\u00a0Minuten"},"schema":{"@context":"https:\/\/schema.org","@graph":[{"@type":"WebPage","@id":"https:\/\/eschringen.de\/wordpress\/geschichte\/archiv\/18-11-2010-begeisterndes-post-finale-mit-saarbruck-libre\/","url":"https:\/\/eschringen.de\/wordpress\/geschichte\/archiv\/18-11-2010-begeisterndes-post-finale-mit-saarbruck-libre\/","name":"18.11.2010: Begeisterndes \u201ePost\u201c-Finale mit Saarbruck Libre - Eschringen","isPartOf":{"@id":"https:\/\/eschringen.de\/wordpress\/#website"},"primaryImageOfPage":{"@id":"https:\/\/eschringen.de\/wordpress\/geschichte\/archiv\/18-11-2010-begeisterndes-post-finale-mit-saarbruck-libre\/#primaryimage"},"image":{"@id":"https:\/\/eschringen.de\/wordpress\/geschichte\/archiv\/18-11-2010-begeisterndes-post-finale-mit-saarbruck-libre\/#primaryimage"},"thumbnailUrl":"https:\/\/eschringen.de\/wordpress\/wp-content\/uploads\/2024\/11\/SL1.jpg","datePublished":"2017-02-17T13:03:01+00:00","dateModified":"2024-11-24T12:12:53+00:00","breadcrumb":{"@id":"https:\/\/eschringen.de\/wordpress\/geschichte\/archiv\/18-11-2010-begeisterndes-post-finale-mit-saarbruck-libre\/#breadcrumb"},"inLanguage":"de","potentialAction":[{"@type":"ReadAction","target":["https:\/\/eschringen.de\/wordpress\/geschichte\/archiv\/18-11-2010-begeisterndes-post-finale-mit-saarbruck-libre\/"]}]},{"@type":"ImageObject","inLanguage":"de","@id":"https:\/\/eschringen.de\/wordpress\/geschichte\/archiv\/18-11-2010-begeisterndes-post-finale-mit-saarbruck-libre\/#primaryimage","url":"https:\/\/i0.wp.com\/eschringen.de\/wordpress\/wp-content\/uploads\/2024\/11\/SL1.jpg?fit=500%2C375&ssl=1","contentUrl":"https:\/\/i0.wp.com\/eschringen.de\/wordpress\/wp-content\/uploads\/2024\/11\/SL1.jpg?fit=500%2C375&ssl=1","width":500,"height":375},{"@type":"BreadcrumbList","@id":"https:\/\/eschringen.de\/wordpress\/geschichte\/archiv\/18-11-2010-begeisterndes-post-finale-mit-saarbruck-libre\/#breadcrumb","itemListElement":[{"@type":"ListItem","position":1,"name":"Startseite","item":"https:\/\/eschringen.de\/wordpress\/"},{"@type":"ListItem","position":2,"name":"Geschichte","item":"https:\/\/eschringen.de\/wordpress\/geschichte\/"},{"@type":"ListItem","position":3,"name":"Archiv","item":"https:\/\/eschringen.de\/wordpress\/geschichte\/archiv\/"},{"@type":"ListItem","position":4,"name":"18.11.2010: Begeisterndes \u201ePost\u201c-Finale mit Saarbruck Libre"}]},{"@type":"WebSite","@id":"https:\/\/eschringen.de\/wordpress\/#website","url":"https:\/\/eschringen.de\/wordpress\/","name":"Eschringen","description":"","publisher":{"@id":"https:\/\/eschringen.de\/wordpress\/#organization"},"potentialAction":[{"@type":"SearchAction","target":{"@type":"EntryPoint","urlTemplate":"https:\/\/eschringen.de\/wordpress\/?s={search_term_string}"},"query-input":{"@type":"PropertyValueSpecification","valueRequired":true,"valueName":"search_term_string"}}],"inLanguage":"de"},{"@type":"Organization","@id":"https:\/\/eschringen.de\/wordpress\/#organization","name":"Eschringen","url":"https:\/\/eschringen.de\/wordpress\/","logo":{"@type":"ImageObject","inLanguage":"de","@id":"https:\/\/eschringen.de\/wordpress\/#\/schema\/logo\/image\/","url":"https:\/\/eschringen.de\/wordpress\/wp-content\/uploads\/2017\/03\/2017_kw15.jpg","contentUrl":"https:\/\/eschringen.de\/wordpress\/wp-content\/uploads\/2017\/03\/2017_kw15.jpg","width":784,"height":447,"caption":"Eschringen"},"image":{"@id":"https:\/\/eschringen.de\/wordpress\/#\/schema\/logo\/image\/"}}]}},"jetpack_sharing_enabled":true,"_links":{"self":[{"href":"https:\/\/eschringen.de\/wordpress\/wp-json\/wp\/v2\/pages\/796","targetHints":{"allow":["GET"]}}],"collection":[{"href":"https:\/\/eschringen.de\/wordpress\/wp-json\/wp\/v2\/pages"}],"about":[{"href":"https:\/\/eschringen.de\/wordpress\/wp-json\/wp\/v2\/types\/page"}],"author":[{"embeddable":true,"href":"https:\/\/eschringen.de\/wordpress\/wp-json\/wp\/v2\/users\/1"}],"replies":[{"embeddable":true,"href":"https:\/\/eschringen.de\/wordpress\/wp-json\/wp\/v2\/comments?post=796"}],"version-history":[{"count":2,"href":"https:\/\/eschringen.de\/wordpress\/wp-json\/wp\/v2\/pages\/796\/revisions"}],"predecessor-version":[{"id":4777,"href":"https:\/\/eschringen.de\/wordpress\/wp-json\/wp\/v2\/pages\/796\/revisions\/4777"}],"up":[{"embeddable":true,"href":"https:\/\/eschringen.de\/wordpress\/wp-json\/wp\/v2\/pages\/403"}],"wp:attachment":[{"href":"https:\/\/eschringen.de\/wordpress\/wp-json\/wp\/v2\/media?parent=796"}],"curies":[{"name":"wp","href":"https:\/\/api.w.org\/{rel}","templated":true}]}}