{"id":794,"date":"2017-02-17T14:00:36","date_gmt":"2017-02-17T13:00:36","guid":{"rendered":"http:\/\/eschringen.de\/wordpress\/?page_id=794"},"modified":"2024-11-24T13:09:16","modified_gmt":"2024-11-24T12:09:16","slug":"25-09-2011-gute-resonanz-auf-2-tag-der-offenen-tuer","status":"publish","type":"page","link":"https:\/\/eschringen.de\/wordpress\/geschichte\/archiv\/25-09-2011-gute-resonanz-auf-2-tag-der-offenen-tuer\/","title":{"rendered":"25.09.2011: Gute Resonanz auf 2. Tag der offenen T\u00fcr"},"content":{"rendered":"<p><img data-recalc-dims=\"1\" loading=\"lazy\" decoding=\"async\" class=\"alignright\" src=\"https:\/\/i0.wp.com\/eschringen.de\/wordpress\/wp-content\/uploads\/2024\/11\/TagoT2011C.jpg?resize=370%2C493&#038;ssl=1\" width=\"370\" height=\"493\" align=\"right\" border=\"0\" hspace=\"5\" vspace=\"5\">Nicht nur \u00fcber das pr\u00e4chtige Wetter freute sich der Vorstand der AG Eschringer Vereine, sondern auch \u00fcber den guten Zuspruch, den die Einladung an die Eschringer, mal wieder die ehemalige Grundschule auf dem Bu\u00dfberg zu besuchen, hervorgerufen hatte.<br \/>\nAnfangs fanden sich zwar nur wenige Besucher im alten Schulhaus ein, doch mit den vielf\u00e4ltigen musikalischen Darbietungen im vom MV \u201eLyra\u201c organisierten Raum im Obergeschoss und den sportlichen Aktivit\u00e4ten auf dem Vorplatz kam so richtig Schwung in den Sonntagnachmittag.<br \/>\nIm Musikraum des Obergeschosses pr\u00e4sentierte die Leiterin der musikalischen Fr\u00fcherziehung, Frau Bruxmeier-Quirin, mit ihren Kindern ein vielf\u00e4ltiges Programm, in das auch der alte Konzertfl\u00fcgel einbezogen wurde. Nicht nur die Kinder und deren Eltern, Gro\u00dfeltern und Anverwandte zeigten sich begeistert.<br \/>\n<img data-recalc-dims=\"1\" loading=\"lazy\" decoding=\"async\" src=\"https:\/\/i0.wp.com\/eschringen.de\/wordpress\/wp-content\/uploads\/2024\/11\/TagoT2011A.jpg?resize=410%2C218&#038;ssl=1\" width=\"410\" height=\"218\" align=\"left\" border=\"0\" hspace=\"10\" vspace=\"5\">\u201eDrau\u00dfen vor der T\u00fcr\u201c bzw. auf dem Vorplatz ging gleichfalls die Post ab. Der Kindergarten Ensheim-Eschringen f\u00fchrte einen \u201eRoller-Parcours\u201c, der F\u00f6rderverein Jugendfu\u00dfball lud zum gerne angenommenen Torwandschie\u00dfen ein. In der Pausenhalle hatte die Tischtennisabteilung des TuS eine Platte aufgebaut, und wer wollte, konnte sich hier ausprobieren.<br \/>\n<img data-recalc-dims=\"1\" loading=\"lazy\" decoding=\"async\" class=\"alignright\" src=\"https:\/\/i0.wp.com\/eschringen.de\/wordpress\/wp-content\/uploads\/2024\/11\/TagoT2011B.jpg?resize=410%2C308&#038;ssl=1\" width=\"410\" height=\"308\" align=\"left\" border=\"0\" hspace=\"10\" vspace=\"5\">Die NABU-Ortsgruppe Eschringen-Ensheim informierte im Foyer \u00fcber ihre Arbeit, ebenso die Geschichtswerkstatt, die ihren Archivraum \u00f6ffnete, diverse Ausstellungsst\u00fccke pr\u00e4sentierte und Eschringer Hefte \u2013 z. B. die f\u00fcr Kinder erstellte \u201eEschringer Geschichte\u201c und das brandneue \u201eH\u00e4user und Geb\u00e4ude\u201c-Spezialheft \u2013 anpries. Im Multifunktionsraum konnte man bei Kaffee, Kuchen und Muffins plaudern.<br \/>\nZwischendurch gaben sich auch einige Prominente die Ehre \u2013 immerhin war ja schon der OB-Wahlkampf eingel\u00e4utet. Von den Gr\u00fcnen machte Kandidatin Claudia Willger, Saarbr\u00fccker Stadtr\u00e4tin und MdL, ihre Aufwartung \u2013 sie interessierte sich im besonderen f\u00fcr die Nutzung des alten Schulgeb\u00e4udes &#8211; , von der CDU erschien der Stadtverordnete Peter Strobel, der als Fechinger ja nicht weit anreisen musste. Auch er zeigte sich von unserem Dorfgemeinschaftshaus beeindruckt.<br \/>\n<img data-recalc-dims=\"1\" loading=\"lazy\" decoding=\"async\" class=\"alignleft\" src=\"https:\/\/i0.wp.com\/eschringen.de\/wordpress\/wp-content\/uploads\/2024\/11\/TdoT2011IB.jpg?resize=410%2C307&#038;ssl=1\" width=\"410\" height=\"307\" align=\"left\" border=\"0\" hspace=\"10\" vspace=\"5\">Wie im Fluge ging dieser Nachmittag zu Ende, und Besucher wie Aktive waren sich einig, dass dieses Geb\u00e4ude auf alle F\u00e4lle f\u00fcr die Dorfgemeinschaft erhalten und eben mit Leben erf\u00fcllt werden m\u00fcsse. AG-Vorsitzender Arno Schmitt dankte im Nachgang allen, die beim guten Gelingen der Veranstaltung mitgewirkt hatten.<\/p>\n<p>&nbsp;<\/p>\n","protected":false},"excerpt":{"rendered":"<p>Nicht nur \u00fcber das pr\u00e4chtige Wetter freute sich der Vorstand der AG Eschringer Vereine, sondern auch \u00fcber den guten Zuspruch, den die Einladung an die Eschringer, mal wieder die ehemalige Grundschule auf dem Bu\u00dfberg zu besuchen, hervorgerufen hatte. Anfangs fanden sich zwar nur wenige Besucher im alten Schulhaus ein, doch mit den vielf\u00e4ltigen musikalischen Darbietungen &#8230; <a title=\"25.09.2011: Gute Resonanz auf 2. Tag der offenen T\u00fcr\" class=\"read-more\" href=\"https:\/\/eschringen.de\/wordpress\/geschichte\/archiv\/25-09-2011-gute-resonanz-auf-2-tag-der-offenen-tuer\/\" aria-label=\"Mehr Informationen \u00fcber 25.09.2011: Gute Resonanz auf 2. Tag der offenen T\u00fcr\">Weiterlesen &#8230;<\/a><\/p>\n","protected":false},"author":1,"featured_media":0,"parent":403,"menu_order":16,"comment_status":"closed","ping_status":"closed","template":"","meta":{"ngg_post_thumbnail":0,"footnotes":""},"class_list":["post-794","page","type-page","status-publish"],"yoast_head":"<!-- This site is optimized with the Yoast SEO plugin v27.4 - https:\/\/yoast.com\/product\/yoast-seo-wordpress\/ -->\n<title>25.09.2011: Gute Resonanz auf 2. Tag der offenen T\u00fcr - Eschringen<\/title>\n<meta name=\"robots\" content=\"index, follow, max-snippet:-1, max-image-preview:large, max-video-preview:-1\" \/>\n<link rel=\"canonical\" href=\"https:\/\/eschringen.de\/wordpress\/geschichte\/archiv\/25-09-2011-gute-resonanz-auf-2-tag-der-offenen-tuer\/\" \/>\n<meta property=\"og:locale\" content=\"de_DE\" \/>\n<meta property=\"og:type\" content=\"article\" \/>\n<meta property=\"og:title\" content=\"25.09.2011: Gute Resonanz auf 2. Tag der offenen T\u00fcr - Eschringen\" \/>\n<meta property=\"og:description\" content=\"Nicht nur \u00fcber das pr\u00e4chtige Wetter freute sich der Vorstand der AG Eschringer Vereine, sondern auch \u00fcber den guten Zuspruch, den die Einladung an die Eschringer, mal wieder die ehemalige Grundschule auf dem Bu\u00dfberg zu besuchen, hervorgerufen hatte. Anfangs fanden sich zwar nur wenige Besucher im alten Schulhaus ein, doch mit den vielf\u00e4ltigen musikalischen Darbietungen ... Weiterlesen ...\" \/>\n<meta property=\"og:url\" content=\"https:\/\/eschringen.de\/wordpress\/geschichte\/archiv\/25-09-2011-gute-resonanz-auf-2-tag-der-offenen-tuer\/\" \/>\n<meta property=\"og:site_name\" content=\"Eschringen\" \/>\n<meta property=\"article:modified_time\" content=\"2024-11-24T12:09:16+00:00\" \/>\n<meta property=\"og:image\" content=\"https:\/\/eschringen.de\/wordpress\/wp-content\/uploads\/2024\/11\/TagoT2011C.jpg\" \/>\n<meta name=\"twitter:card\" content=\"summary_large_image\" \/>\n<meta name=\"twitter:label1\" content=\"Gesch\u00e4tzte Lesezeit\" \/>\n\t<meta name=\"twitter:data1\" content=\"3\u00a0Minuten\" \/>\n<script type=\"application\/ld+json\" class=\"yoast-schema-graph\">{\"@context\":\"https:\\\/\\\/schema.org\",\"@graph\":[{\"@type\":\"WebPage\",\"@id\":\"https:\\\/\\\/eschringen.de\\\/wordpress\\\/geschichte\\\/archiv\\\/25-09-2011-gute-resonanz-auf-2-tag-der-offenen-tuer\\\/\",\"url\":\"https:\\\/\\\/eschringen.de\\\/wordpress\\\/geschichte\\\/archiv\\\/25-09-2011-gute-resonanz-auf-2-tag-der-offenen-tuer\\\/\",\"name\":\"25.09.2011: Gute Resonanz auf 2. Tag der offenen T\u00fcr - Eschringen\",\"isPartOf\":{\"@id\":\"https:\\\/\\\/eschringen.de\\\/wordpress\\\/#website\"},\"primaryImageOfPage\":{\"@id\":\"https:\\\/\\\/eschringen.de\\\/wordpress\\\/geschichte\\\/archiv\\\/25-09-2011-gute-resonanz-auf-2-tag-der-offenen-tuer\\\/#primaryimage\"},\"image\":{\"@id\":\"https:\\\/\\\/eschringen.de\\\/wordpress\\\/geschichte\\\/archiv\\\/25-09-2011-gute-resonanz-auf-2-tag-der-offenen-tuer\\\/#primaryimage\"},\"thumbnailUrl\":\"https:\\\/\\\/eschringen.de\\\/wordpress\\\/wp-content\\\/uploads\\\/2024\\\/11\\\/TagoT2011C.jpg\",\"datePublished\":\"2017-02-17T13:00:36+00:00\",\"dateModified\":\"2024-11-24T12:09:16+00:00\",\"breadcrumb\":{\"@id\":\"https:\\\/\\\/eschringen.de\\\/wordpress\\\/geschichte\\\/archiv\\\/25-09-2011-gute-resonanz-auf-2-tag-der-offenen-tuer\\\/#breadcrumb\"},\"inLanguage\":\"de\",\"potentialAction\":[{\"@type\":\"ReadAction\",\"target\":[\"https:\\\/\\\/eschringen.de\\\/wordpress\\\/geschichte\\\/archiv\\\/25-09-2011-gute-resonanz-auf-2-tag-der-offenen-tuer\\\/\"]}]},{\"@type\":\"ImageObject\",\"inLanguage\":\"de\",\"@id\":\"https:\\\/\\\/eschringen.de\\\/wordpress\\\/geschichte\\\/archiv\\\/25-09-2011-gute-resonanz-auf-2-tag-der-offenen-tuer\\\/#primaryimage\",\"url\":\"https:\\\/\\\/i0.wp.com\\\/eschringen.de\\\/wordpress\\\/wp-content\\\/uploads\\\/2024\\\/11\\\/TagoT2011C.jpg?fit=370%2C493&ssl=1\",\"contentUrl\":\"https:\\\/\\\/i0.wp.com\\\/eschringen.de\\\/wordpress\\\/wp-content\\\/uploads\\\/2024\\\/11\\\/TagoT2011C.jpg?fit=370%2C493&ssl=1\",\"width\":370,\"height\":493},{\"@type\":\"BreadcrumbList\",\"@id\":\"https:\\\/\\\/eschringen.de\\\/wordpress\\\/geschichte\\\/archiv\\\/25-09-2011-gute-resonanz-auf-2-tag-der-offenen-tuer\\\/#breadcrumb\",\"itemListElement\":[{\"@type\":\"ListItem\",\"position\":1,\"name\":\"Startseite\",\"item\":\"https:\\\/\\\/eschringen.de\\\/wordpress\\\/\"},{\"@type\":\"ListItem\",\"position\":2,\"name\":\"Geschichte\",\"item\":\"https:\\\/\\\/eschringen.de\\\/wordpress\\\/geschichte\\\/\"},{\"@type\":\"ListItem\",\"position\":3,\"name\":\"Archiv\",\"item\":\"https:\\\/\\\/eschringen.de\\\/wordpress\\\/geschichte\\\/archiv\\\/\"},{\"@type\":\"ListItem\",\"position\":4,\"name\":\"25.09.2011: Gute Resonanz auf 2. Tag der offenen T\u00fcr\"}]},{\"@type\":\"WebSite\",\"@id\":\"https:\\\/\\\/eschringen.de\\\/wordpress\\\/#website\",\"url\":\"https:\\\/\\\/eschringen.de\\\/wordpress\\\/\",\"name\":\"Eschringen\",\"description\":\"\",\"publisher\":{\"@id\":\"https:\\\/\\\/eschringen.de\\\/wordpress\\\/#organization\"},\"potentialAction\":[{\"@type\":\"SearchAction\",\"target\":{\"@type\":\"EntryPoint\",\"urlTemplate\":\"https:\\\/\\\/eschringen.de\\\/wordpress\\\/?s={search_term_string}\"},\"query-input\":{\"@type\":\"PropertyValueSpecification\",\"valueRequired\":true,\"valueName\":\"search_term_string\"}}],\"inLanguage\":\"de\"},{\"@type\":\"Organization\",\"@id\":\"https:\\\/\\\/eschringen.de\\\/wordpress\\\/#organization\",\"name\":\"Eschringen\",\"url\":\"https:\\\/\\\/eschringen.de\\\/wordpress\\\/\",\"logo\":{\"@type\":\"ImageObject\",\"inLanguage\":\"de\",\"@id\":\"https:\\\/\\\/eschringen.de\\\/wordpress\\\/#\\\/schema\\\/logo\\\/image\\\/\",\"url\":\"https:\\\/\\\/eschringen.de\\\/wordpress\\\/wp-content\\\/uploads\\\/2017\\\/03\\\/2017_kw15.jpg\",\"contentUrl\":\"https:\\\/\\\/eschringen.de\\\/wordpress\\\/wp-content\\\/uploads\\\/2017\\\/03\\\/2017_kw15.jpg\",\"width\":784,\"height\":447,\"caption\":\"Eschringen\"},\"image\":{\"@id\":\"https:\\\/\\\/eschringen.de\\\/wordpress\\\/#\\\/schema\\\/logo\\\/image\\\/\"}}]}<\/script>\n<!-- \/ Yoast SEO plugin. -->","yoast_head_json":{"title":"25.09.2011: Gute Resonanz auf 2. Tag der offenen T\u00fcr - Eschringen","robots":{"index":"index","follow":"follow","max-snippet":"max-snippet:-1","max-image-preview":"max-image-preview:large","max-video-preview":"max-video-preview:-1"},"canonical":"https:\/\/eschringen.de\/wordpress\/geschichte\/archiv\/25-09-2011-gute-resonanz-auf-2-tag-der-offenen-tuer\/","og_locale":"de_DE","og_type":"article","og_title":"25.09.2011: Gute Resonanz auf 2. Tag der offenen T\u00fcr - Eschringen","og_description":"Nicht nur \u00fcber das pr\u00e4chtige Wetter freute sich der Vorstand der AG Eschringer Vereine, sondern auch \u00fcber den guten Zuspruch, den die Einladung an die Eschringer, mal wieder die ehemalige Grundschule auf dem Bu\u00dfberg zu besuchen, hervorgerufen hatte. Anfangs fanden sich zwar nur wenige Besucher im alten Schulhaus ein, doch mit den vielf\u00e4ltigen musikalischen Darbietungen ... Weiterlesen ...","og_url":"https:\/\/eschringen.de\/wordpress\/geschichte\/archiv\/25-09-2011-gute-resonanz-auf-2-tag-der-offenen-tuer\/","og_site_name":"Eschringen","article_modified_time":"2024-11-24T12:09:16+00:00","og_image":[{"url":"https:\/\/eschringen.de\/wordpress\/wp-content\/uploads\/2024\/11\/TagoT2011C.jpg","type":"","width":"","height":""}],"twitter_card":"summary_large_image","twitter_misc":{"Gesch\u00e4tzte Lesezeit":"3\u00a0Minuten"},"schema":{"@context":"https:\/\/schema.org","@graph":[{"@type":"WebPage","@id":"https:\/\/eschringen.de\/wordpress\/geschichte\/archiv\/25-09-2011-gute-resonanz-auf-2-tag-der-offenen-tuer\/","url":"https:\/\/eschringen.de\/wordpress\/geschichte\/archiv\/25-09-2011-gute-resonanz-auf-2-tag-der-offenen-tuer\/","name":"25.09.2011: Gute Resonanz auf 2. Tag der offenen T\u00fcr - Eschringen","isPartOf":{"@id":"https:\/\/eschringen.de\/wordpress\/#website"},"primaryImageOfPage":{"@id":"https:\/\/eschringen.de\/wordpress\/geschichte\/archiv\/25-09-2011-gute-resonanz-auf-2-tag-der-offenen-tuer\/#primaryimage"},"image":{"@id":"https:\/\/eschringen.de\/wordpress\/geschichte\/archiv\/25-09-2011-gute-resonanz-auf-2-tag-der-offenen-tuer\/#primaryimage"},"thumbnailUrl":"https:\/\/eschringen.de\/wordpress\/wp-content\/uploads\/2024\/11\/TagoT2011C.jpg","datePublished":"2017-02-17T13:00:36+00:00","dateModified":"2024-11-24T12:09:16+00:00","breadcrumb":{"@id":"https:\/\/eschringen.de\/wordpress\/geschichte\/archiv\/25-09-2011-gute-resonanz-auf-2-tag-der-offenen-tuer\/#breadcrumb"},"inLanguage":"de","potentialAction":[{"@type":"ReadAction","target":["https:\/\/eschringen.de\/wordpress\/geschichte\/archiv\/25-09-2011-gute-resonanz-auf-2-tag-der-offenen-tuer\/"]}]},{"@type":"ImageObject","inLanguage":"de","@id":"https:\/\/eschringen.de\/wordpress\/geschichte\/archiv\/25-09-2011-gute-resonanz-auf-2-tag-der-offenen-tuer\/#primaryimage","url":"https:\/\/i0.wp.com\/eschringen.de\/wordpress\/wp-content\/uploads\/2024\/11\/TagoT2011C.jpg?fit=370%2C493&ssl=1","contentUrl":"https:\/\/i0.wp.com\/eschringen.de\/wordpress\/wp-content\/uploads\/2024\/11\/TagoT2011C.jpg?fit=370%2C493&ssl=1","width":370,"height":493},{"@type":"BreadcrumbList","@id":"https:\/\/eschringen.de\/wordpress\/geschichte\/archiv\/25-09-2011-gute-resonanz-auf-2-tag-der-offenen-tuer\/#breadcrumb","itemListElement":[{"@type":"ListItem","position":1,"name":"Startseite","item":"https:\/\/eschringen.de\/wordpress\/"},{"@type":"ListItem","position":2,"name":"Geschichte","item":"https:\/\/eschringen.de\/wordpress\/geschichte\/"},{"@type":"ListItem","position":3,"name":"Archiv","item":"https:\/\/eschringen.de\/wordpress\/geschichte\/archiv\/"},{"@type":"ListItem","position":4,"name":"25.09.2011: Gute Resonanz auf 2. Tag der offenen T\u00fcr"}]},{"@type":"WebSite","@id":"https:\/\/eschringen.de\/wordpress\/#website","url":"https:\/\/eschringen.de\/wordpress\/","name":"Eschringen","description":"","publisher":{"@id":"https:\/\/eschringen.de\/wordpress\/#organization"},"potentialAction":[{"@type":"SearchAction","target":{"@type":"EntryPoint","urlTemplate":"https:\/\/eschringen.de\/wordpress\/?s={search_term_string}"},"query-input":{"@type":"PropertyValueSpecification","valueRequired":true,"valueName":"search_term_string"}}],"inLanguage":"de"},{"@type":"Organization","@id":"https:\/\/eschringen.de\/wordpress\/#organization","name":"Eschringen","url":"https:\/\/eschringen.de\/wordpress\/","logo":{"@type":"ImageObject","inLanguage":"de","@id":"https:\/\/eschringen.de\/wordpress\/#\/schema\/logo\/image\/","url":"https:\/\/eschringen.de\/wordpress\/wp-content\/uploads\/2017\/03\/2017_kw15.jpg","contentUrl":"https:\/\/eschringen.de\/wordpress\/wp-content\/uploads\/2017\/03\/2017_kw15.jpg","width":784,"height":447,"caption":"Eschringen"},"image":{"@id":"https:\/\/eschringen.de\/wordpress\/#\/schema\/logo\/image\/"}}]}},"jetpack_sharing_enabled":true,"_links":{"self":[{"href":"https:\/\/eschringen.de\/wordpress\/wp-json\/wp\/v2\/pages\/794","targetHints":{"allow":["GET"]}}],"collection":[{"href":"https:\/\/eschringen.de\/wordpress\/wp-json\/wp\/v2\/pages"}],"about":[{"href":"https:\/\/eschringen.de\/wordpress\/wp-json\/wp\/v2\/types\/page"}],"author":[{"embeddable":true,"href":"https:\/\/eschringen.de\/wordpress\/wp-json\/wp\/v2\/users\/1"}],"replies":[{"embeddable":true,"href":"https:\/\/eschringen.de\/wordpress\/wp-json\/wp\/v2\/comments?post=794"}],"version-history":[{"count":2,"href":"https:\/\/eschringen.de\/wordpress\/wp-json\/wp\/v2\/pages\/794\/revisions"}],"predecessor-version":[{"id":4773,"href":"https:\/\/eschringen.de\/wordpress\/wp-json\/wp\/v2\/pages\/794\/revisions\/4773"}],"up":[{"embeddable":true,"href":"https:\/\/eschringen.de\/wordpress\/wp-json\/wp\/v2\/pages\/403"}],"wp:attachment":[{"href":"https:\/\/eschringen.de\/wordpress\/wp-json\/wp\/v2\/media?parent=794"}],"curies":[{"name":"wp","href":"https:\/\/api.w.org\/{rel}","templated":true}]}}