{"id":792,"date":"2017-02-17T13:56:47","date_gmt":"2017-02-17T12:56:47","guid":{"rendered":"http:\/\/eschringen.de\/wordpress\/?page_id=792"},"modified":"2024-11-24T13:06:02","modified_gmt":"2024-11-24T12:06:02","slug":"29-10-2011-realta-irisches-star-ensemble-begeistert-mit-traditionellen-balladen-und-tanzstuecken","status":"publish","type":"page","link":"https:\/\/eschringen.de\/wordpress\/geschichte\/archiv\/29-10-2011-realta-irisches-star-ensemble-begeistert-mit-traditionellen-balladen-und-tanzstuecken\/","title":{"rendered":"29.10.2011: R\u00e9alta \u2013 irisches \u201eStar\u201c-Ensemble begeistert mit traditionellen Balladen und Tanzst\u00fccken"},"content":{"rendered":"<p><img data-recalc-dims=\"1\" loading=\"lazy\" decoding=\"async\" class=\"alignleft\" title=\"Realta - live\" src=\"https:\/\/i0.wp.com\/eschringen.de\/wordpress\/wp-content\/uploads\/2024\/11\/Realta3.jpg?resize=500%2C375&#038;ssl=1\" alt=\"Realta - live\" width=\"500\" height=\"375\" align=\"left\" border=\"0\" hspace=\"10\" vspace=\"10\">So junge Leute waren f\u00fcr ein Konzert der AG Eschringer Vereine e. V. bislang noch nicht aufgetreten! Alle Drei Mitte 20: S\u00e4ngerin und Gitarristin Deirdre Galway, Dudelsackspieler und Fl\u00f6tist Conor Lamb sowie Aaron O\u2019Hagan, der ebenfalls den irischen Ellbogendudelsack (die \u201euillean pipes\u201c), diverse Fl\u00f6ten (low und tin whistle) plus die irische Handtrommel (\u201ebodhr\u00e1n\u201c) spielte. Die Musiker leben im nordirischen Belfast, stammen aus Orten der umliegenden Grafschaften.<br \/>\nDas sympathische Trio hatte den Weg nach Eschringen gefunden, da an besagtem Samstag die \u201eIrish Folk Festival\u201c-Tournee, die im Oktober\/November durch Deutschland und die Schweiz reiste, einen freien Tag einlegte. Die drei jungen Leute hatten sich bereit erkl\u00e4rt, die Konzerte zwischen St. Gallen und Karlsruhe mit einem Solo-Gig in der ehemaligen Eschringer Grundschule zu \u201e\u00fcberbr\u00fccken\u201c. Die Strapaze der langen Anreise nahmen sie dabei gerne in Kauf.<br \/>\nWaren sie es inzwischen gewohnt, in Hallen vor mehreren Hunderten, ja manchmal \u00fcber Tausend Konzertbesuchern zu spielen, reizte es die Drei auch \u2013 wie Conor Lamb best\u00e4tigte \u2013 , auch mal wieder ganz \u201ehautnah\u201c vor einem kleinem Publikum ihr K\u00f6nnen unter Beweis zu stellen. Dabei war der alte Klassenraum im Eschringer Schulhaus ja mit \u00fcber 60 G\u00e4sten ausverkauft!<br \/>\n<img data-recalc-dims=\"1\" loading=\"lazy\" decoding=\"async\" class=\"alignright\" title=\"Realta - live\" src=\"https:\/\/i0.wp.com\/eschringen.de\/wordpress\/wp-content\/uploads\/2024\/11\/Realta2.jpg?resize=400%2C300&#038;ssl=1\" alt=\"Realta - live\" width=\"400\" height=\"300\" align=\"right\" border=\"0\" hspace=\"10\" vspace=\"10\">Auf der kleinen B\u00fchne f\u00fchlten sich R\u00e9alta schnell heimisch und pr\u00e4sentierten in zwei Sets ihr buntes musikalisches Programm aus flotten Jigs &amp; Reels, den typischen traditionellen Instrumentalt\u00e4nzen und getragenen Airs, bei denen die Solisten ganz vehement die vielseitigen M\u00f6glichkeiten des doch recht schwierig zu spielenden Dudelsacks demonstrieren konnten. Aaron O\u2019Hagan erl\u00e4uterte denn auch dessen Spieltechniken.<br \/>\nNachdenkliche, aber auch humorige Balladen und Songs f\u00fcgte Deirdre Galway ins Repertoire ein, mit ihrer zarten Stimme, die bisweilen an Kate Bush erinnerte. Einen Song hatte sie von ihrem Vater gelernt (\u201eSiobh\u00e1n Ni Dhuibhir\u201c), der die Geschichte eines H\u00e4ndlers erz\u00e4hlte, der seiner Angebeteten zwar den Hof machte, letztlich aber seiner Trunksucht zum Opfer fiel und von Siobh\u00e1n abgewiesen wurde. Deirdre Galway \u00fcberzeugte auch mit ihrem dynamischen Gitarrenspiel, das die rhythmische Basis f\u00fcr die Instrumentalst\u00fccke ihrer Kollegen bot.<br \/>\nWar das Publikum anfangs noch etwas verhalten und konzentriert auf das, was R\u00e9alta (zu deutsch: \u201eStern\u201c) mit ihren \u201eexotischen\u201c Instrumenten produzierte, sprang der Funke im zweiten Teil des Auftrittes \u00fcber, und man klatschte vor allem bei den Reels begeistert mit.<br \/>\n<img data-recalc-dims=\"1\" loading=\"lazy\" decoding=\"async\" class=\"alignleft\" title=\"Realta - live\" src=\"https:\/\/i0.wp.com\/eschringen.de\/wordpress\/wp-content\/uploads\/2024\/11\/Realta1.jpg?resize=375%2C500&#038;ssl=1\" alt=\"Realta - live\" width=\"375\" height=\"500\" align=\"left\" border=\"0\" hspace=\"10\" vspace=\"10\">Die Atmosph\u00e4re erinnerte nunmehr auch ein bisschen an einen \u201eIrish Pub\u201c, wenngleich der passend dekorierte Schulraum mit dem Saal der alten \u201ePost\u201c nat\u00fcrlich nicht konkurrieren konnte.<br \/>\nNach mehreren Zugaben wurde das Trio \u201eentlassen\u201c, und AG-Gesch\u00e4ftsf\u00fchrer Roland Schmitt gab die Devise aus: \u201eDie k\u00f6nnen gerne wieder kommen!\u201c, erinnerte auch daran, das in K\u00fcrze das Deb\u00fctabum von R\u00e9alta erscheinen werde. Bis dahin k\u00f6nne man sich aber schon mal mit dem CD-Sampler \u201eThe Irish Folk Festival 2011: Affairs Of The Heart\u201c tr\u00f6sten. Er enth\u00e4lt f\u00fcnf St\u00fccke der Band.<br \/>\nDie drei Musiker betonten tags darauf ausdr\u00fccklich, wie viel Spa\u00df ihnen der Auftritt in Eschringen gemacht habe.<\/p>\n<p>P. S.<br \/>\n<em><br \/>\n<span style=\"color: #000000;\">Die Geschichte hinter der Geschichte:<\/span><\/em><\/p>\n<p>Mitinitiator dieses Konzertes war indirekt Karl-Theodor Elberskirch, der vor einiger Zeit der Faszination irischer Fl\u00f6ten erlegen war und inzwischen selbst intensiv das Spiel dieser Instrumente betreibt. AG-Gesch\u00e4ftsf\u00fchrer Roland Schmitt griff dies auf und suchte derweil nach irischen K\u00fcnstlern, die diese Fl\u00f6ten professionell spielen k\u00f6nnen. Was gar nicht so einfach war, denn Solisten gibt\u2019s nicht einfach so \u201eum die Ecke\u201c. Schmitt nahm kurzerhand Kontakt zu einem ehemaligen, inzwischen in Irland lebenden Folk-Freund aus den 1970er Jahren auf (Petr Pandula), und der \u2013 Konzert- und Plattenmanager \u2013 brachte R\u00e9alta ins Spiel. Man suchte gemeinsam einen g\u00e4ngigen und finanzierbaren Weg und fand diesen letztlich auch. Mal schauen, was k\u00fcnftig vielleicht noch so m\u00f6glich sein wird \u2013 trotz eingeschr\u00e4nkter Platzkapazit\u00e4ten.<\/p>\n<p>&nbsp;<\/p>\n<p>&nbsp;<\/p>\n<p>&nbsp;<\/p>\n","protected":false},"excerpt":{"rendered":"<p>So junge Leute waren f\u00fcr ein Konzert der AG Eschringer Vereine e. V. bislang noch nicht aufgetreten! Alle Drei Mitte 20: S\u00e4ngerin und Gitarristin Deirdre Galway, Dudelsackspieler und Fl\u00f6tist Conor Lamb sowie Aaron O\u2019Hagan, der ebenfalls den irischen Ellbogendudelsack (die \u201euillean pipes\u201c), diverse Fl\u00f6ten (low und tin whistle) plus die irische Handtrommel (\u201ebodhr\u00e1n\u201c) spielte. Die &#8230; <a title=\"29.10.2011: R\u00e9alta \u2013 irisches \u201eStar\u201c-Ensemble begeistert mit traditionellen Balladen und Tanzst\u00fccken\" class=\"read-more\" href=\"https:\/\/eschringen.de\/wordpress\/geschichte\/archiv\/29-10-2011-realta-irisches-star-ensemble-begeistert-mit-traditionellen-balladen-und-tanzstuecken\/\" aria-label=\"Mehr Informationen \u00fcber 29.10.2011: R\u00e9alta \u2013 irisches \u201eStar\u201c-Ensemble begeistert mit traditionellen Balladen und Tanzst\u00fccken\">Weiterlesen &#8230;<\/a><\/p>\n","protected":false},"author":1,"featured_media":0,"parent":403,"menu_order":15,"comment_status":"closed","ping_status":"closed","template":"","meta":{"ngg_post_thumbnail":0,"footnotes":""},"class_list":["post-792","page","type-page","status-publish"],"yoast_head":"<!-- This site is optimized with the Yoast SEO plugin v27.3 - https:\/\/yoast.com\/product\/yoast-seo-wordpress\/ -->\n<title>29.10.2011: R\u00e9alta \u2013 irisches \u201eStar\u201c-Ensemble begeistert mit traditionellen Balladen und Tanzst\u00fccken - Eschringen<\/title>\n<meta name=\"robots\" content=\"index, follow, max-snippet:-1, max-image-preview:large, max-video-preview:-1\" \/>\n<link rel=\"canonical\" href=\"https:\/\/eschringen.de\/wordpress\/geschichte\/archiv\/29-10-2011-realta-irisches-star-ensemble-begeistert-mit-traditionellen-balladen-und-tanzstuecken\/\" \/>\n<meta property=\"og:locale\" content=\"de_DE\" \/>\n<meta property=\"og:type\" content=\"article\" \/>\n<meta property=\"og:title\" content=\"29.10.2011: R\u00e9alta \u2013 irisches \u201eStar\u201c-Ensemble begeistert mit traditionellen Balladen und Tanzst\u00fccken - Eschringen\" \/>\n<meta property=\"og:description\" content=\"So junge Leute waren f\u00fcr ein Konzert der AG Eschringer Vereine e. V. bislang noch nicht aufgetreten! Alle Drei Mitte 20: S\u00e4ngerin und Gitarristin Deirdre Galway, Dudelsackspieler und Fl\u00f6tist Conor Lamb sowie Aaron O\u2019Hagan, der ebenfalls den irischen Ellbogendudelsack (die \u201euillean pipes\u201c), diverse Fl\u00f6ten (low und tin whistle) plus die irische Handtrommel (\u201ebodhr\u00e1n\u201c) spielte. Die ... Weiterlesen ...\" \/>\n<meta property=\"og:url\" content=\"https:\/\/eschringen.de\/wordpress\/geschichte\/archiv\/29-10-2011-realta-irisches-star-ensemble-begeistert-mit-traditionellen-balladen-und-tanzstuecken\/\" \/>\n<meta property=\"og:site_name\" content=\"Eschringen\" \/>\n<meta property=\"article:modified_time\" content=\"2024-11-24T12:06:02+00:00\" \/>\n<meta property=\"og:image\" content=\"https:\/\/eschringen.de\/wordpress\/wp-content\/uploads\/2024\/11\/Realta3.jpg\" \/>\n<meta name=\"twitter:card\" content=\"summary_large_image\" \/>\n<meta name=\"twitter:label1\" content=\"Gesch\u00e4tzte Lesezeit\" \/>\n\t<meta name=\"twitter:data1\" content=\"4\u00a0Minuten\" \/>\n<script type=\"application\/ld+json\" class=\"yoast-schema-graph\">{\"@context\":\"https:\\\/\\\/schema.org\",\"@graph\":[{\"@type\":\"WebPage\",\"@id\":\"https:\\\/\\\/eschringen.de\\\/wordpress\\\/geschichte\\\/archiv\\\/29-10-2011-realta-irisches-star-ensemble-begeistert-mit-traditionellen-balladen-und-tanzstuecken\\\/\",\"url\":\"https:\\\/\\\/eschringen.de\\\/wordpress\\\/geschichte\\\/archiv\\\/29-10-2011-realta-irisches-star-ensemble-begeistert-mit-traditionellen-balladen-und-tanzstuecken\\\/\",\"name\":\"29.10.2011: R\u00e9alta \u2013 irisches \u201eStar\u201c-Ensemble begeistert mit traditionellen Balladen und Tanzst\u00fccken - Eschringen\",\"isPartOf\":{\"@id\":\"https:\\\/\\\/eschringen.de\\\/wordpress\\\/#website\"},\"primaryImageOfPage\":{\"@id\":\"https:\\\/\\\/eschringen.de\\\/wordpress\\\/geschichte\\\/archiv\\\/29-10-2011-realta-irisches-star-ensemble-begeistert-mit-traditionellen-balladen-und-tanzstuecken\\\/#primaryimage\"},\"image\":{\"@id\":\"https:\\\/\\\/eschringen.de\\\/wordpress\\\/geschichte\\\/archiv\\\/29-10-2011-realta-irisches-star-ensemble-begeistert-mit-traditionellen-balladen-und-tanzstuecken\\\/#primaryimage\"},\"thumbnailUrl\":\"https:\\\/\\\/eschringen.de\\\/wordpress\\\/wp-content\\\/uploads\\\/2024\\\/11\\\/Realta3.jpg\",\"datePublished\":\"2017-02-17T12:56:47+00:00\",\"dateModified\":\"2024-11-24T12:06:02+00:00\",\"breadcrumb\":{\"@id\":\"https:\\\/\\\/eschringen.de\\\/wordpress\\\/geschichte\\\/archiv\\\/29-10-2011-realta-irisches-star-ensemble-begeistert-mit-traditionellen-balladen-und-tanzstuecken\\\/#breadcrumb\"},\"inLanguage\":\"de\",\"potentialAction\":[{\"@type\":\"ReadAction\",\"target\":[\"https:\\\/\\\/eschringen.de\\\/wordpress\\\/geschichte\\\/archiv\\\/29-10-2011-realta-irisches-star-ensemble-begeistert-mit-traditionellen-balladen-und-tanzstuecken\\\/\"]}]},{\"@type\":\"ImageObject\",\"inLanguage\":\"de\",\"@id\":\"https:\\\/\\\/eschringen.de\\\/wordpress\\\/geschichte\\\/archiv\\\/29-10-2011-realta-irisches-star-ensemble-begeistert-mit-traditionellen-balladen-und-tanzstuecken\\\/#primaryimage\",\"url\":\"https:\\\/\\\/i0.wp.com\\\/eschringen.de\\\/wordpress\\\/wp-content\\\/uploads\\\/2024\\\/11\\\/Realta3.jpg?fit=500%2C375&ssl=1\",\"contentUrl\":\"https:\\\/\\\/i0.wp.com\\\/eschringen.de\\\/wordpress\\\/wp-content\\\/uploads\\\/2024\\\/11\\\/Realta3.jpg?fit=500%2C375&ssl=1\",\"width\":500,\"height\":375},{\"@type\":\"BreadcrumbList\",\"@id\":\"https:\\\/\\\/eschringen.de\\\/wordpress\\\/geschichte\\\/archiv\\\/29-10-2011-realta-irisches-star-ensemble-begeistert-mit-traditionellen-balladen-und-tanzstuecken\\\/#breadcrumb\",\"itemListElement\":[{\"@type\":\"ListItem\",\"position\":1,\"name\":\"Startseite\",\"item\":\"https:\\\/\\\/eschringen.de\\\/wordpress\\\/\"},{\"@type\":\"ListItem\",\"position\":2,\"name\":\"Geschichte\",\"item\":\"https:\\\/\\\/eschringen.de\\\/wordpress\\\/geschichte\\\/\"},{\"@type\":\"ListItem\",\"position\":3,\"name\":\"Archiv\",\"item\":\"https:\\\/\\\/eschringen.de\\\/wordpress\\\/geschichte\\\/archiv\\\/\"},{\"@type\":\"ListItem\",\"position\":4,\"name\":\"29.10.2011: R\u00e9alta \u2013 irisches \u201eStar\u201c-Ensemble begeistert mit traditionellen Balladen und Tanzst\u00fccken\"}]},{\"@type\":\"WebSite\",\"@id\":\"https:\\\/\\\/eschringen.de\\\/wordpress\\\/#website\",\"url\":\"https:\\\/\\\/eschringen.de\\\/wordpress\\\/\",\"name\":\"Eschringen\",\"description\":\"\",\"publisher\":{\"@id\":\"https:\\\/\\\/eschringen.de\\\/wordpress\\\/#organization\"},\"potentialAction\":[{\"@type\":\"SearchAction\",\"target\":{\"@type\":\"EntryPoint\",\"urlTemplate\":\"https:\\\/\\\/eschringen.de\\\/wordpress\\\/?s={search_term_string}\"},\"query-input\":{\"@type\":\"PropertyValueSpecification\",\"valueRequired\":true,\"valueName\":\"search_term_string\"}}],\"inLanguage\":\"de\"},{\"@type\":\"Organization\",\"@id\":\"https:\\\/\\\/eschringen.de\\\/wordpress\\\/#organization\",\"name\":\"Eschringen\",\"url\":\"https:\\\/\\\/eschringen.de\\\/wordpress\\\/\",\"logo\":{\"@type\":\"ImageObject\",\"inLanguage\":\"de\",\"@id\":\"https:\\\/\\\/eschringen.de\\\/wordpress\\\/#\\\/schema\\\/logo\\\/image\\\/\",\"url\":\"https:\\\/\\\/eschringen.de\\\/wordpress\\\/wp-content\\\/uploads\\\/2017\\\/03\\\/2017_kw15.jpg\",\"contentUrl\":\"https:\\\/\\\/eschringen.de\\\/wordpress\\\/wp-content\\\/uploads\\\/2017\\\/03\\\/2017_kw15.jpg\",\"width\":784,\"height\":447,\"caption\":\"Eschringen\"},\"image\":{\"@id\":\"https:\\\/\\\/eschringen.de\\\/wordpress\\\/#\\\/schema\\\/logo\\\/image\\\/\"}}]}<\/script>\n<!-- \/ Yoast SEO plugin. -->","yoast_head_json":{"title":"29.10.2011: R\u00e9alta \u2013 irisches \u201eStar\u201c-Ensemble begeistert mit traditionellen Balladen und Tanzst\u00fccken - Eschringen","robots":{"index":"index","follow":"follow","max-snippet":"max-snippet:-1","max-image-preview":"max-image-preview:large","max-video-preview":"max-video-preview:-1"},"canonical":"https:\/\/eschringen.de\/wordpress\/geschichte\/archiv\/29-10-2011-realta-irisches-star-ensemble-begeistert-mit-traditionellen-balladen-und-tanzstuecken\/","og_locale":"de_DE","og_type":"article","og_title":"29.10.2011: R\u00e9alta \u2013 irisches \u201eStar\u201c-Ensemble begeistert mit traditionellen Balladen und Tanzst\u00fccken - Eschringen","og_description":"So junge Leute waren f\u00fcr ein Konzert der AG Eschringer Vereine e. V. bislang noch nicht aufgetreten! Alle Drei Mitte 20: S\u00e4ngerin und Gitarristin Deirdre Galway, Dudelsackspieler und Fl\u00f6tist Conor Lamb sowie Aaron O\u2019Hagan, der ebenfalls den irischen Ellbogendudelsack (die \u201euillean pipes\u201c), diverse Fl\u00f6ten (low und tin whistle) plus die irische Handtrommel (\u201ebodhr\u00e1n\u201c) spielte. Die ... Weiterlesen ...","og_url":"https:\/\/eschringen.de\/wordpress\/geschichte\/archiv\/29-10-2011-realta-irisches-star-ensemble-begeistert-mit-traditionellen-balladen-und-tanzstuecken\/","og_site_name":"Eschringen","article_modified_time":"2024-11-24T12:06:02+00:00","og_image":[{"url":"https:\/\/eschringen.de\/wordpress\/wp-content\/uploads\/2024\/11\/Realta3.jpg","type":"","width":"","height":""}],"twitter_card":"summary_large_image","twitter_misc":{"Gesch\u00e4tzte Lesezeit":"4\u00a0Minuten"},"schema":{"@context":"https:\/\/schema.org","@graph":[{"@type":"WebPage","@id":"https:\/\/eschringen.de\/wordpress\/geschichte\/archiv\/29-10-2011-realta-irisches-star-ensemble-begeistert-mit-traditionellen-balladen-und-tanzstuecken\/","url":"https:\/\/eschringen.de\/wordpress\/geschichte\/archiv\/29-10-2011-realta-irisches-star-ensemble-begeistert-mit-traditionellen-balladen-und-tanzstuecken\/","name":"29.10.2011: R\u00e9alta \u2013 irisches \u201eStar\u201c-Ensemble begeistert mit traditionellen Balladen und Tanzst\u00fccken - Eschringen","isPartOf":{"@id":"https:\/\/eschringen.de\/wordpress\/#website"},"primaryImageOfPage":{"@id":"https:\/\/eschringen.de\/wordpress\/geschichte\/archiv\/29-10-2011-realta-irisches-star-ensemble-begeistert-mit-traditionellen-balladen-und-tanzstuecken\/#primaryimage"},"image":{"@id":"https:\/\/eschringen.de\/wordpress\/geschichte\/archiv\/29-10-2011-realta-irisches-star-ensemble-begeistert-mit-traditionellen-balladen-und-tanzstuecken\/#primaryimage"},"thumbnailUrl":"https:\/\/eschringen.de\/wordpress\/wp-content\/uploads\/2024\/11\/Realta3.jpg","datePublished":"2017-02-17T12:56:47+00:00","dateModified":"2024-11-24T12:06:02+00:00","breadcrumb":{"@id":"https:\/\/eschringen.de\/wordpress\/geschichte\/archiv\/29-10-2011-realta-irisches-star-ensemble-begeistert-mit-traditionellen-balladen-und-tanzstuecken\/#breadcrumb"},"inLanguage":"de","potentialAction":[{"@type":"ReadAction","target":["https:\/\/eschringen.de\/wordpress\/geschichte\/archiv\/29-10-2011-realta-irisches-star-ensemble-begeistert-mit-traditionellen-balladen-und-tanzstuecken\/"]}]},{"@type":"ImageObject","inLanguage":"de","@id":"https:\/\/eschringen.de\/wordpress\/geschichte\/archiv\/29-10-2011-realta-irisches-star-ensemble-begeistert-mit-traditionellen-balladen-und-tanzstuecken\/#primaryimage","url":"https:\/\/i0.wp.com\/eschringen.de\/wordpress\/wp-content\/uploads\/2024\/11\/Realta3.jpg?fit=500%2C375&ssl=1","contentUrl":"https:\/\/i0.wp.com\/eschringen.de\/wordpress\/wp-content\/uploads\/2024\/11\/Realta3.jpg?fit=500%2C375&ssl=1","width":500,"height":375},{"@type":"BreadcrumbList","@id":"https:\/\/eschringen.de\/wordpress\/geschichte\/archiv\/29-10-2011-realta-irisches-star-ensemble-begeistert-mit-traditionellen-balladen-und-tanzstuecken\/#breadcrumb","itemListElement":[{"@type":"ListItem","position":1,"name":"Startseite","item":"https:\/\/eschringen.de\/wordpress\/"},{"@type":"ListItem","position":2,"name":"Geschichte","item":"https:\/\/eschringen.de\/wordpress\/geschichte\/"},{"@type":"ListItem","position":3,"name":"Archiv","item":"https:\/\/eschringen.de\/wordpress\/geschichte\/archiv\/"},{"@type":"ListItem","position":4,"name":"29.10.2011: R\u00e9alta \u2013 irisches \u201eStar\u201c-Ensemble begeistert mit traditionellen Balladen und Tanzst\u00fccken"}]},{"@type":"WebSite","@id":"https:\/\/eschringen.de\/wordpress\/#website","url":"https:\/\/eschringen.de\/wordpress\/","name":"Eschringen","description":"","publisher":{"@id":"https:\/\/eschringen.de\/wordpress\/#organization"},"potentialAction":[{"@type":"SearchAction","target":{"@type":"EntryPoint","urlTemplate":"https:\/\/eschringen.de\/wordpress\/?s={search_term_string}"},"query-input":{"@type":"PropertyValueSpecification","valueRequired":true,"valueName":"search_term_string"}}],"inLanguage":"de"},{"@type":"Organization","@id":"https:\/\/eschringen.de\/wordpress\/#organization","name":"Eschringen","url":"https:\/\/eschringen.de\/wordpress\/","logo":{"@type":"ImageObject","inLanguage":"de","@id":"https:\/\/eschringen.de\/wordpress\/#\/schema\/logo\/image\/","url":"https:\/\/eschringen.de\/wordpress\/wp-content\/uploads\/2017\/03\/2017_kw15.jpg","contentUrl":"https:\/\/eschringen.de\/wordpress\/wp-content\/uploads\/2017\/03\/2017_kw15.jpg","width":784,"height":447,"caption":"Eschringen"},"image":{"@id":"https:\/\/eschringen.de\/wordpress\/#\/schema\/logo\/image\/"}}]}},"jetpack_sharing_enabled":true,"_links":{"self":[{"href":"https:\/\/eschringen.de\/wordpress\/wp-json\/wp\/v2\/pages\/792","targetHints":{"allow":["GET"]}}],"collection":[{"href":"https:\/\/eschringen.de\/wordpress\/wp-json\/wp\/v2\/pages"}],"about":[{"href":"https:\/\/eschringen.de\/wordpress\/wp-json\/wp\/v2\/types\/page"}],"author":[{"embeddable":true,"href":"https:\/\/eschringen.de\/wordpress\/wp-json\/wp\/v2\/users\/1"}],"replies":[{"embeddable":true,"href":"https:\/\/eschringen.de\/wordpress\/wp-json\/wp\/v2\/comments?post=792"}],"version-history":[{"count":2,"href":"https:\/\/eschringen.de\/wordpress\/wp-json\/wp\/v2\/pages\/792\/revisions"}],"predecessor-version":[{"id":4767,"href":"https:\/\/eschringen.de\/wordpress\/wp-json\/wp\/v2\/pages\/792\/revisions\/4767"}],"up":[{"embeddable":true,"href":"https:\/\/eschringen.de\/wordpress\/wp-json\/wp\/v2\/pages\/403"}],"wp:attachment":[{"href":"https:\/\/eschringen.de\/wordpress\/wp-json\/wp\/v2\/media?parent=792"}],"curies":[{"name":"wp","href":"https:\/\/api.w.org\/{rel}","templated":true}]}}