{"id":788,"date":"2017-02-17T13:53:22","date_gmt":"2017-02-17T12:53:22","guid":{"rendered":"http:\/\/eschringen.de\/wordpress\/?page_id=788"},"modified":"2024-11-24T12:55:51","modified_gmt":"2024-11-24T11:55:51","slug":"13-03-2012-mat-walklate-matt-fahey-live-in-der-alten-schule","status":"publish","type":"page","link":"https:\/\/eschringen.de\/wordpress\/geschichte\/archiv\/13-03-2012-mat-walklate-matt-fahey-live-in-der-alten-schule\/","title":{"rendered":"13.03.2012: Mat Walklate &#038; Matt Fahey live in der alten Schule"},"content":{"rendered":"<h5>Irish Folk &amp; Folk Blues vom Feinsten<\/h5>\n<p><img data-recalc-dims=\"1\" loading=\"lazy\" decoding=\"async\" class=\"alignleft\" src=\"https:\/\/i0.wp.com\/eschringen.de\/wordpress\/wp-content\/uploads\/2024\/11\/MatMatt1.jpg?resize=400%2C225&#038;ssl=1\" width=\"400\" height=\"225\" align=\"left\" border=\"0\" hspace=\"5\" vspace=\"5\">Die Entt\u00e4uschung stand AG-Gesch\u00e4ftsf\u00fchrer Roland Schmitt schon etwas ins Gesicht geschrieben, als er zu Konzertbeginn das \u00fcberschaubare Publikum begr\u00fc\u00dfte. Angesichts optimaler Bewerbung in Presse und Radio hatte er mit gr\u00f6\u00dferem Zuspruch, vor allem auch bei Einheimischen, gerechnet. Gleichwohl: Wer in die ehemalige Grundschule gekommen war, bereute dies nicht, erlebte vielmehr einen exquisiten Auftritt zweier Erz-Musikanten.<br \/>\nBeide Mat(t)s haben sich nicht nur dem Irish Folk verschrieben, sie k\u00f6nnen und wollten auch an diesem Abend \u00fcber den musikalischen Tellerrand schauen, flochten in ihr Repertoire Blues-Balladen amerikanischer Provenienz ein, die keinesfalls als Fremdk\u00f6rper wirkten. Die beiden Musiker sind in Manchester ans\u00e4ssig, haben aber auch \u2013 wenn man so will \u2013einen \u201eirischen Migrationshintergrund\u201c..<\/p>\n<p><img data-recalc-dims=\"1\" loading=\"lazy\" decoding=\"async\" class=\"alignright\" src=\"https:\/\/i0.wp.com\/eschringen.de\/wordpress\/wp-content\/uploads\/2024\/11\/MatMatt3.jpg?resize=400%2C225&#038;ssl=1\" width=\"400\" height=\"225\" align=\"right\" border=\"0\" hspace=\"5\" vspace=\"5\">Strenggenommen erlebten die Besucher einen (halben) Auftritt des von beiden Mat(t)s begr\u00fcndeten Quartetts THE HOUSE DEVILS (dt. \u201eHausteufel\u201c). Nur der Fiddler und der Kontrabassist fehlten. Sie nutzten die Gelegenheit, in gro\u00dfen Teilen ihr brandneues zweites Album \u201eCrossing The Ocean\u201c vorzustellen. Dieses enth\u00e4lt nat\u00fcrlich \u201eklassische\u201c Jigs\u2019n\u2019Reels, bei denen das Soloinstrument \u2013 und das ist das Besondere \u2013 eben nicht die Konzertina oder eine Fl\u00f6te ist, sondern eher ungewohnt Mat Walklates Mundharmonika ert\u00f6nte. Bisweilen stieg Mat aber dann auch auf den irischen Dudelsack oder die irische Querfl\u00f6te (aus Blech oder Holz) um. Da konnte er jeweils unter Beweis stellen, welch brillanter Virtuose er ist. Und singen kann er auch, z. B. amerikanische Folksongs aus den Appalachen (\u201eAwake, Awake\u201c).<\/p>\n<p><img data-recalc-dims=\"1\" loading=\"lazy\" decoding=\"async\" class=\"alignleft\" src=\"https:\/\/i0.wp.com\/eschringen.de\/wordpress\/wp-content\/uploads\/2024\/11\/MatMatt4-1.jpg?resize=400%2C225&#038;ssl=1\" width=\"400\" height=\"225\" align=\"left\" border=\"0\" hspace=\"5\" vspace=\"5\">Auf ideale Weise komplettiert sein \u00e4lterer Kollege Matt Fahey dieses Duo. Dessen exzellentes Gitarrenspiel und sonorer Gesang nebst der F\u00e4higkeit, skurrile und pfiffige Geschichten zu erz\u00e4hlen, kamen ebenfalls gut an. Man merkte, dass seine Vorbilder sowohl in Irland (der Vater ist geb\u00fcrtiger Dubliner) als auch in den USA beheimatet sind. Der Song von Johnny Moynihan, \u201eP Stands For Paddy\u201c, weckte Erinnerungen an die legend\u00e4re irische Gruppe PLANXTY. In manchen Folk-Blues-Balladen hingegen w\u00fcrdigte Matt US-Musiker wie z. B. Doc Watson.<br \/>\nVor allem bei den schmissigen Reels (im 4\/4-Takt) klatschte das Publikum begeistert mit. Nach einer passenden Zugabe endete ein gelungener und mitrei\u00dfender Abend, der gewiss mehr Zuh\u00f6rer verdient gehabt h\u00e4tte.<\/p>\n<h6>Photoquelle: Karl-Theodor Elberskirch<\/h6>\n<p>P.S. Wer Vers\u00e4umtes nachholen m\u00f6chte, dem sei die bereits erw\u00e4hnte CD empfohlen: \u201eCrossing The Ocean\u201c \u2013 THE HOUSE DEVILS (2012 \u2013 The Living Tradition LTCD9019)<\/p>\n","protected":false},"excerpt":{"rendered":"<p>Irish Folk &amp; Folk Blues vom Feinsten Die Entt\u00e4uschung stand AG-Gesch\u00e4ftsf\u00fchrer Roland Schmitt schon etwas ins Gesicht geschrieben, als er zu Konzertbeginn das \u00fcberschaubare Publikum begr\u00fc\u00dfte. Angesichts optimaler Bewerbung in Presse und Radio hatte er mit gr\u00f6\u00dferem Zuspruch, vor allem auch bei Einheimischen, gerechnet. Gleichwohl: Wer in die ehemalige Grundschule gekommen war, bereute dies nicht, &#8230; <a title=\"13.03.2012: Mat Walklate &#038; Matt Fahey live in der alten Schule\" class=\"read-more\" href=\"https:\/\/eschringen.de\/wordpress\/geschichte\/archiv\/13-03-2012-mat-walklate-matt-fahey-live-in-der-alten-schule\/\" aria-label=\"Mehr Informationen \u00fcber 13.03.2012: Mat Walklate &#038; Matt Fahey live in der alten Schule\">Weiterlesen &#8230;<\/a><\/p>\n","protected":false},"author":1,"featured_media":0,"parent":403,"menu_order":14,"comment_status":"closed","ping_status":"closed","template":"","meta":{"ngg_post_thumbnail":0,"footnotes":""},"class_list":["post-788","page","type-page","status-publish"],"yoast_head":"<!-- This site is optimized with the Yoast SEO plugin v27.4 - https:\/\/yoast.com\/product\/yoast-seo-wordpress\/ -->\n<title>13.03.2012: Mat Walklate &amp; Matt Fahey live in der alten Schule - Eschringen<\/title>\n<meta name=\"robots\" content=\"index, follow, max-snippet:-1, max-image-preview:large, max-video-preview:-1\" \/>\n<link rel=\"canonical\" href=\"https:\/\/eschringen.de\/wordpress\/geschichte\/archiv\/13-03-2012-mat-walklate-matt-fahey-live-in-der-alten-schule\/\" \/>\n<meta property=\"og:locale\" content=\"de_DE\" \/>\n<meta property=\"og:type\" content=\"article\" \/>\n<meta property=\"og:title\" content=\"13.03.2012: Mat Walklate &amp; Matt Fahey live in der alten Schule - Eschringen\" \/>\n<meta property=\"og:description\" content=\"Irish Folk &amp; Folk Blues vom Feinsten Die Entt\u00e4uschung stand AG-Gesch\u00e4ftsf\u00fchrer Roland Schmitt schon etwas ins Gesicht geschrieben, als er zu Konzertbeginn das \u00fcberschaubare Publikum begr\u00fc\u00dfte. Angesichts optimaler Bewerbung in Presse und Radio hatte er mit gr\u00f6\u00dferem Zuspruch, vor allem auch bei Einheimischen, gerechnet. Gleichwohl: Wer in die ehemalige Grundschule gekommen war, bereute dies nicht, ... Weiterlesen ...\" \/>\n<meta property=\"og:url\" content=\"https:\/\/eschringen.de\/wordpress\/geschichte\/archiv\/13-03-2012-mat-walklate-matt-fahey-live-in-der-alten-schule\/\" \/>\n<meta property=\"og:site_name\" content=\"Eschringen\" \/>\n<meta property=\"article:modified_time\" content=\"2024-11-24T11:55:51+00:00\" \/>\n<meta property=\"og:image\" content=\"https:\/\/eschringen.de\/wordpress\/wp-content\/uploads\/2024\/11\/MatMatt1.jpg\" \/>\n<meta name=\"twitter:card\" content=\"summary_large_image\" \/>\n<meta name=\"twitter:label1\" content=\"Gesch\u00e4tzte Lesezeit\" \/>\n\t<meta name=\"twitter:data1\" content=\"3\u00a0Minuten\" \/>\n<script type=\"application\/ld+json\" class=\"yoast-schema-graph\">{\"@context\":\"https:\\\/\\\/schema.org\",\"@graph\":[{\"@type\":\"WebPage\",\"@id\":\"https:\\\/\\\/eschringen.de\\\/wordpress\\\/geschichte\\\/archiv\\\/13-03-2012-mat-walklate-matt-fahey-live-in-der-alten-schule\\\/\",\"url\":\"https:\\\/\\\/eschringen.de\\\/wordpress\\\/geschichte\\\/archiv\\\/13-03-2012-mat-walklate-matt-fahey-live-in-der-alten-schule\\\/\",\"name\":\"13.03.2012: Mat Walklate & Matt Fahey live in der alten Schule - Eschringen\",\"isPartOf\":{\"@id\":\"https:\\\/\\\/eschringen.de\\\/wordpress\\\/#website\"},\"primaryImageOfPage\":{\"@id\":\"https:\\\/\\\/eschringen.de\\\/wordpress\\\/geschichte\\\/archiv\\\/13-03-2012-mat-walklate-matt-fahey-live-in-der-alten-schule\\\/#primaryimage\"},\"image\":{\"@id\":\"https:\\\/\\\/eschringen.de\\\/wordpress\\\/geschichte\\\/archiv\\\/13-03-2012-mat-walklate-matt-fahey-live-in-der-alten-schule\\\/#primaryimage\"},\"thumbnailUrl\":\"https:\\\/\\\/eschringen.de\\\/wordpress\\\/wp-content\\\/uploads\\\/2024\\\/11\\\/MatMatt1.jpg\",\"datePublished\":\"2017-02-17T12:53:22+00:00\",\"dateModified\":\"2024-11-24T11:55:51+00:00\",\"breadcrumb\":{\"@id\":\"https:\\\/\\\/eschringen.de\\\/wordpress\\\/geschichte\\\/archiv\\\/13-03-2012-mat-walklate-matt-fahey-live-in-der-alten-schule\\\/#breadcrumb\"},\"inLanguage\":\"de\",\"potentialAction\":[{\"@type\":\"ReadAction\",\"target\":[\"https:\\\/\\\/eschringen.de\\\/wordpress\\\/geschichte\\\/archiv\\\/13-03-2012-mat-walklate-matt-fahey-live-in-der-alten-schule\\\/\"]}]},{\"@type\":\"ImageObject\",\"inLanguage\":\"de\",\"@id\":\"https:\\\/\\\/eschringen.de\\\/wordpress\\\/geschichte\\\/archiv\\\/13-03-2012-mat-walklate-matt-fahey-live-in-der-alten-schule\\\/#primaryimage\",\"url\":\"https:\\\/\\\/i0.wp.com\\\/eschringen.de\\\/wordpress\\\/wp-content\\\/uploads\\\/2024\\\/11\\\/MatMatt1.jpg?fit=400%2C225&ssl=1\",\"contentUrl\":\"https:\\\/\\\/i0.wp.com\\\/eschringen.de\\\/wordpress\\\/wp-content\\\/uploads\\\/2024\\\/11\\\/MatMatt1.jpg?fit=400%2C225&ssl=1\",\"width\":400,\"height\":225},{\"@type\":\"BreadcrumbList\",\"@id\":\"https:\\\/\\\/eschringen.de\\\/wordpress\\\/geschichte\\\/archiv\\\/13-03-2012-mat-walklate-matt-fahey-live-in-der-alten-schule\\\/#breadcrumb\",\"itemListElement\":[{\"@type\":\"ListItem\",\"position\":1,\"name\":\"Startseite\",\"item\":\"https:\\\/\\\/eschringen.de\\\/wordpress\\\/\"},{\"@type\":\"ListItem\",\"position\":2,\"name\":\"Geschichte\",\"item\":\"https:\\\/\\\/eschringen.de\\\/wordpress\\\/geschichte\\\/\"},{\"@type\":\"ListItem\",\"position\":3,\"name\":\"Archiv\",\"item\":\"https:\\\/\\\/eschringen.de\\\/wordpress\\\/geschichte\\\/archiv\\\/\"},{\"@type\":\"ListItem\",\"position\":4,\"name\":\"13.03.2012: Mat Walklate &#038; Matt Fahey live in der alten Schule\"}]},{\"@type\":\"WebSite\",\"@id\":\"https:\\\/\\\/eschringen.de\\\/wordpress\\\/#website\",\"url\":\"https:\\\/\\\/eschringen.de\\\/wordpress\\\/\",\"name\":\"Eschringen\",\"description\":\"\",\"publisher\":{\"@id\":\"https:\\\/\\\/eschringen.de\\\/wordpress\\\/#organization\"},\"potentialAction\":[{\"@type\":\"SearchAction\",\"target\":{\"@type\":\"EntryPoint\",\"urlTemplate\":\"https:\\\/\\\/eschringen.de\\\/wordpress\\\/?s={search_term_string}\"},\"query-input\":{\"@type\":\"PropertyValueSpecification\",\"valueRequired\":true,\"valueName\":\"search_term_string\"}}],\"inLanguage\":\"de\"},{\"@type\":\"Organization\",\"@id\":\"https:\\\/\\\/eschringen.de\\\/wordpress\\\/#organization\",\"name\":\"Eschringen\",\"url\":\"https:\\\/\\\/eschringen.de\\\/wordpress\\\/\",\"logo\":{\"@type\":\"ImageObject\",\"inLanguage\":\"de\",\"@id\":\"https:\\\/\\\/eschringen.de\\\/wordpress\\\/#\\\/schema\\\/logo\\\/image\\\/\",\"url\":\"https:\\\/\\\/eschringen.de\\\/wordpress\\\/wp-content\\\/uploads\\\/2017\\\/03\\\/2017_kw15.jpg\",\"contentUrl\":\"https:\\\/\\\/eschringen.de\\\/wordpress\\\/wp-content\\\/uploads\\\/2017\\\/03\\\/2017_kw15.jpg\",\"width\":784,\"height\":447,\"caption\":\"Eschringen\"},\"image\":{\"@id\":\"https:\\\/\\\/eschringen.de\\\/wordpress\\\/#\\\/schema\\\/logo\\\/image\\\/\"}}]}<\/script>\n<!-- \/ Yoast SEO plugin. -->","yoast_head_json":{"title":"13.03.2012: Mat Walklate & Matt Fahey live in der alten Schule - Eschringen","robots":{"index":"index","follow":"follow","max-snippet":"max-snippet:-1","max-image-preview":"max-image-preview:large","max-video-preview":"max-video-preview:-1"},"canonical":"https:\/\/eschringen.de\/wordpress\/geschichte\/archiv\/13-03-2012-mat-walklate-matt-fahey-live-in-der-alten-schule\/","og_locale":"de_DE","og_type":"article","og_title":"13.03.2012: Mat Walklate & Matt Fahey live in der alten Schule - Eschringen","og_description":"Irish Folk &amp; Folk Blues vom Feinsten Die Entt\u00e4uschung stand AG-Gesch\u00e4ftsf\u00fchrer Roland Schmitt schon etwas ins Gesicht geschrieben, als er zu Konzertbeginn das \u00fcberschaubare Publikum begr\u00fc\u00dfte. Angesichts optimaler Bewerbung in Presse und Radio hatte er mit gr\u00f6\u00dferem Zuspruch, vor allem auch bei Einheimischen, gerechnet. Gleichwohl: Wer in die ehemalige Grundschule gekommen war, bereute dies nicht, ... Weiterlesen ...","og_url":"https:\/\/eschringen.de\/wordpress\/geschichte\/archiv\/13-03-2012-mat-walklate-matt-fahey-live-in-der-alten-schule\/","og_site_name":"Eschringen","article_modified_time":"2024-11-24T11:55:51+00:00","og_image":[{"url":"https:\/\/eschringen.de\/wordpress\/wp-content\/uploads\/2024\/11\/MatMatt1.jpg","type":"","width":"","height":""}],"twitter_card":"summary_large_image","twitter_misc":{"Gesch\u00e4tzte Lesezeit":"3\u00a0Minuten"},"schema":{"@context":"https:\/\/schema.org","@graph":[{"@type":"WebPage","@id":"https:\/\/eschringen.de\/wordpress\/geschichte\/archiv\/13-03-2012-mat-walklate-matt-fahey-live-in-der-alten-schule\/","url":"https:\/\/eschringen.de\/wordpress\/geschichte\/archiv\/13-03-2012-mat-walklate-matt-fahey-live-in-der-alten-schule\/","name":"13.03.2012: Mat Walklate & Matt Fahey live in der alten Schule - Eschringen","isPartOf":{"@id":"https:\/\/eschringen.de\/wordpress\/#website"},"primaryImageOfPage":{"@id":"https:\/\/eschringen.de\/wordpress\/geschichte\/archiv\/13-03-2012-mat-walklate-matt-fahey-live-in-der-alten-schule\/#primaryimage"},"image":{"@id":"https:\/\/eschringen.de\/wordpress\/geschichte\/archiv\/13-03-2012-mat-walklate-matt-fahey-live-in-der-alten-schule\/#primaryimage"},"thumbnailUrl":"https:\/\/eschringen.de\/wordpress\/wp-content\/uploads\/2024\/11\/MatMatt1.jpg","datePublished":"2017-02-17T12:53:22+00:00","dateModified":"2024-11-24T11:55:51+00:00","breadcrumb":{"@id":"https:\/\/eschringen.de\/wordpress\/geschichte\/archiv\/13-03-2012-mat-walklate-matt-fahey-live-in-der-alten-schule\/#breadcrumb"},"inLanguage":"de","potentialAction":[{"@type":"ReadAction","target":["https:\/\/eschringen.de\/wordpress\/geschichte\/archiv\/13-03-2012-mat-walklate-matt-fahey-live-in-der-alten-schule\/"]}]},{"@type":"ImageObject","inLanguage":"de","@id":"https:\/\/eschringen.de\/wordpress\/geschichte\/archiv\/13-03-2012-mat-walklate-matt-fahey-live-in-der-alten-schule\/#primaryimage","url":"https:\/\/i0.wp.com\/eschringen.de\/wordpress\/wp-content\/uploads\/2024\/11\/MatMatt1.jpg?fit=400%2C225&ssl=1","contentUrl":"https:\/\/i0.wp.com\/eschringen.de\/wordpress\/wp-content\/uploads\/2024\/11\/MatMatt1.jpg?fit=400%2C225&ssl=1","width":400,"height":225},{"@type":"BreadcrumbList","@id":"https:\/\/eschringen.de\/wordpress\/geschichte\/archiv\/13-03-2012-mat-walklate-matt-fahey-live-in-der-alten-schule\/#breadcrumb","itemListElement":[{"@type":"ListItem","position":1,"name":"Startseite","item":"https:\/\/eschringen.de\/wordpress\/"},{"@type":"ListItem","position":2,"name":"Geschichte","item":"https:\/\/eschringen.de\/wordpress\/geschichte\/"},{"@type":"ListItem","position":3,"name":"Archiv","item":"https:\/\/eschringen.de\/wordpress\/geschichte\/archiv\/"},{"@type":"ListItem","position":4,"name":"13.03.2012: Mat Walklate &#038; Matt Fahey live in der alten Schule"}]},{"@type":"WebSite","@id":"https:\/\/eschringen.de\/wordpress\/#website","url":"https:\/\/eschringen.de\/wordpress\/","name":"Eschringen","description":"","publisher":{"@id":"https:\/\/eschringen.de\/wordpress\/#organization"},"potentialAction":[{"@type":"SearchAction","target":{"@type":"EntryPoint","urlTemplate":"https:\/\/eschringen.de\/wordpress\/?s={search_term_string}"},"query-input":{"@type":"PropertyValueSpecification","valueRequired":true,"valueName":"search_term_string"}}],"inLanguage":"de"},{"@type":"Organization","@id":"https:\/\/eschringen.de\/wordpress\/#organization","name":"Eschringen","url":"https:\/\/eschringen.de\/wordpress\/","logo":{"@type":"ImageObject","inLanguage":"de","@id":"https:\/\/eschringen.de\/wordpress\/#\/schema\/logo\/image\/","url":"https:\/\/eschringen.de\/wordpress\/wp-content\/uploads\/2017\/03\/2017_kw15.jpg","contentUrl":"https:\/\/eschringen.de\/wordpress\/wp-content\/uploads\/2017\/03\/2017_kw15.jpg","width":784,"height":447,"caption":"Eschringen"},"image":{"@id":"https:\/\/eschringen.de\/wordpress\/#\/schema\/logo\/image\/"}}]}},"jetpack_sharing_enabled":true,"_links":{"self":[{"href":"https:\/\/eschringen.de\/wordpress\/wp-json\/wp\/v2\/pages\/788","targetHints":{"allow":["GET"]}}],"collection":[{"href":"https:\/\/eschringen.de\/wordpress\/wp-json\/wp\/v2\/pages"}],"about":[{"href":"https:\/\/eschringen.de\/wordpress\/wp-json\/wp\/v2\/types\/page"}],"author":[{"embeddable":true,"href":"https:\/\/eschringen.de\/wordpress\/wp-json\/wp\/v2\/users\/1"}],"replies":[{"embeddable":true,"href":"https:\/\/eschringen.de\/wordpress\/wp-json\/wp\/v2\/comments?post=788"}],"version-history":[{"count":3,"href":"https:\/\/eschringen.de\/wordpress\/wp-json\/wp\/v2\/pages\/788\/revisions"}],"predecessor-version":[{"id":4762,"href":"https:\/\/eschringen.de\/wordpress\/wp-json\/wp\/v2\/pages\/788\/revisions\/4762"}],"up":[{"embeddable":true,"href":"https:\/\/eschringen.de\/wordpress\/wp-json\/wp\/v2\/pages\/403"}],"wp:attachment":[{"href":"https:\/\/eschringen.de\/wordpress\/wp-json\/wp\/v2\/media?parent=788"}],"curies":[{"name":"wp","href":"https:\/\/api.w.org\/{rel}","templated":true}]}}