{"id":784,"date":"2017-02-17T13:48:06","date_gmt":"2017-02-17T12:48:06","guid":{"rendered":"http:\/\/eschringen.de\/wordpress\/?page_id=784"},"modified":"2024-11-24T12:49:23","modified_gmt":"2024-11-24T11:49:23","slug":"06-11-2012-chris-jaggers-acoustic-roots-live-in-der-alten-schule","status":"publish","type":"page","link":"https:\/\/eschringen.de\/wordpress\/geschichte\/archiv\/06-11-2012-chris-jaggers-acoustic-roots-live-in-der-alten-schule\/","title":{"rendered":"06.11.2012: Chris Jagger&#8217;s ACOUSTIC ROOTS live in der alten Schule"},"content":{"rendered":"<p><img data-recalc-dims=\"1\" loading=\"lazy\" decoding=\"async\" class=\"alignright\" src=\"https:\/\/i0.wp.com\/eschringen.de\/wordpress\/wp-content\/uploads\/2024\/11\/ChJagger3.jpg?resize=300%2C400&#038;ssl=1\" width=\"300\" height=\"400\" align=\"right\" border=\"0\" hspace=\"5\" vspace=\"5\">Liegt Eschringen auch am Mississippi? Diesen Eindruck kann man gewinnen, wenn z. B. Chris Jagger &amp; Co. in unserem Dorf Station machen. F\u00fcnf Jahre zuvor begeisterten Jagger, Charlie Hart und Uli Twelker bereits in der \u201ePost\u201c mit Cajun- und Blues-Songs, tanzte so mancher mit Chris zu Harts Fiddle- und Akkordeonkl\u00e4ngen.<br \/>\n<img data-recalc-dims=\"1\" loading=\"lazy\" decoding=\"async\" class=\"alignleft\" src=\"https:\/\/i0.wp.com\/eschringen.de\/wordpress\/wp-content\/uploads\/2024\/11\/ChJagger4.jpg?resize=300%2C400&#038;ssl=1\" width=\"300\" height=\"400\" align=\"left\" border=\"0\" hspace=\"5\" vspace=\"5\">Eine relativ kurzfristig angesetzte S\u00fcddeutschlandtournee f\u00fchrte nun das Trio um den umtriebigen und quirligen Bruders des Stones-Frontmanns eher zuf\u00e4llig mal wieder nach Eschringen. Dank des guten Kontakts zu AG-Gesch\u00e4ftsf\u00fchrer Roland Schmitt konnte ein Gig in der ehemaligen Grundschule arrangiert werden. Die begrenzten Tickets waren bald vergriffen, so konnte Jagger mit seinen Begleitern, der Geigerin Elliet Mackrell und dem Kontrabassisten David Hatfield, vor \u201evollem Haus\u201c auftreten. \u00dcber 70 Leute hatten sich im alten Klassensaal eingefunden, wo flei\u00dfige Helfer eine B\u00fchne nebst Verst\u00e4rkeranlage aufgebaut hatten. Im Flur gab es nat\u00fcrlich u. a. Guinness &amp; Kilkenny, und in der Pause wurden sog. \u201edoorstoppers\u201c gereicht: englische Schnittchen mit Lachs, Cheddar-K\u00e4se und Corned Beef.<br \/>\nDie Show er\u00f6ffneten Jagger &amp; Co. sogleich mit einem fetzigen Cajun-Stomper. \u201ePretty Little Thing\u201c. Die St\u00fccke waren fast ausschlie\u00dflich Eigenkompositionen, stammten von seinen Alben \u201eAtcha!\u201c, \u201eChannel Fever\u201c, \u201eAct Of Faith\u201c und \u201eThe Ridge\u201c, der j\u00fcngsten CD. Auf letzterer hatten schon Mackrell und Hatfield mitgewirkt. Beim schmissigen Swing-Song \u201eLights Of The City\u201c konnte Hatfield \u2013 die Coolness in Person \u2013 brillieren, die Country-Ballade \u201ePrisoner Of Your Heart\u201c veredelte Mackrell mit Geige und zweiter Stimme. Auch Blues-Freunde kamen auf ihre Kosten, vor allem wenn Jagger seine F\u00e4higkeiten als Slide-Gitarrist demonstrierte; sicher ein Highlight der \u201eDJ Blues\u201c, bei der eigentlich nur der offizielle Duett-Partner, Bruder Mick, fehlte.<br \/>\n<img data-recalc-dims=\"1\" loading=\"lazy\" decoding=\"async\" class=\"alignright\" src=\"https:\/\/i0.wp.com\/eschringen.de\/wordpress\/wp-content\/uploads\/2024\/11\/ChJagger2.jpg?resize=400%2C311&#038;ssl=1\" width=\"400\" height=\"311\" align=\"right\" border=\"0\" hspace=\"5\" vspace=\"5\">Melancholisch wurde es bisweilen auch, z. B. bei \u201eSingle Spark\u201c oder \u201eRare Beauty\u201c, und politisch bei \u201eLhasa Town\u201c, wo Jagger eindeutig Stellung bezieht und Freiheits- und Menschenrechte f\u00fcr das tibetische Volk einfordert. Organisator Roland Schmitt wurde mit \u201eAnymore For Anymore\u201c, einem folkigen Ohrwurm aus der Feder des Small-Faces-Mitbegr\u00fcnders Ronnie Lane, freundlich bedacht. Im Schlussteil des vergn\u00fcglichen Konzertabends fanden sich zur Freude Jaggers auch T\u00e4nzer auf der Mini-Tanzfl\u00e4che ein, nat\u00fcrlich zu schmissigen Cajun-Tunes, bei der auch ein Kauderwelsch aus Englisch und Franz\u00f6sisch-Kreolisch geschmettert wurde. Ein bemerkenswertes Instrumentalst\u00fcck lieferten die Drei dann noch ab, als Mackrell, die lange Zeit in Australien lebte, das Didgeridoo der Aborigines blies. Dieses Instrument d\u00fcrfte erstmals in Eschringen so meisterlich intoniert worden sein.<br \/>\nGut gelaunt endete f\u00fcr Band und Publikum ein sch\u00f6ner, entspannter Musikabend. Entsprechend fiel auch eine inzwischen angekommene Dankesmail Jaggers aus: \u201eWe all had a great time!\u201c. Diesem Fazit kann man getrost zustimmen.&nbsp;&nbsp;&nbsp;<\/p>\n<p>&nbsp;<\/p>\n","protected":false},"excerpt":{"rendered":"<p>Liegt Eschringen auch am Mississippi? Diesen Eindruck kann man gewinnen, wenn z. B. Chris Jagger &amp; Co. in unserem Dorf Station machen. F\u00fcnf Jahre zuvor begeisterten Jagger, Charlie Hart und Uli Twelker bereits in der \u201ePost\u201c mit Cajun- und Blues-Songs, tanzte so mancher mit Chris zu Harts Fiddle- und Akkordeonkl\u00e4ngen. Eine relativ kurzfristig angesetzte S\u00fcddeutschlandtournee &#8230; <a title=\"06.11.2012: Chris Jagger&#8217;s ACOUSTIC ROOTS live in der alten Schule\" class=\"read-more\" href=\"https:\/\/eschringen.de\/wordpress\/geschichte\/archiv\/06-11-2012-chris-jaggers-acoustic-roots-live-in-der-alten-schule\/\" aria-label=\"Mehr Informationen \u00fcber 06.11.2012: Chris Jagger&#8217;s ACOUSTIC ROOTS live in der alten Schule\">Weiterlesen &#8230;<\/a><\/p>\n","protected":false},"author":1,"featured_media":0,"parent":403,"menu_order":12,"comment_status":"closed","ping_status":"closed","template":"","meta":{"ngg_post_thumbnail":0,"footnotes":""},"class_list":["post-784","page","type-page","status-publish"],"yoast_head":"<!-- This site is optimized with the Yoast SEO plugin v27.4 - https:\/\/yoast.com\/product\/yoast-seo-wordpress\/ -->\n<title>06.11.2012: Chris Jagger&#039;s ACOUSTIC ROOTS live in der alten Schule - Eschringen<\/title>\n<meta name=\"robots\" content=\"index, follow, max-snippet:-1, max-image-preview:large, max-video-preview:-1\" \/>\n<link rel=\"canonical\" href=\"https:\/\/eschringen.de\/wordpress\/geschichte\/archiv\/06-11-2012-chris-jaggers-acoustic-roots-live-in-der-alten-schule\/\" \/>\n<meta property=\"og:locale\" content=\"de_DE\" \/>\n<meta property=\"og:type\" content=\"article\" \/>\n<meta property=\"og:title\" content=\"06.11.2012: Chris Jagger&#039;s ACOUSTIC ROOTS live in der alten Schule - Eschringen\" \/>\n<meta property=\"og:description\" content=\"Liegt Eschringen auch am Mississippi? Diesen Eindruck kann man gewinnen, wenn z. B. Chris Jagger &amp; Co. in unserem Dorf Station machen. F\u00fcnf Jahre zuvor begeisterten Jagger, Charlie Hart und Uli Twelker bereits in der \u201ePost\u201c mit Cajun- und Blues-Songs, tanzte so mancher mit Chris zu Harts Fiddle- und Akkordeonkl\u00e4ngen. Eine relativ kurzfristig angesetzte S\u00fcddeutschlandtournee ... Weiterlesen ...\" \/>\n<meta property=\"og:url\" content=\"https:\/\/eschringen.de\/wordpress\/geschichte\/archiv\/06-11-2012-chris-jaggers-acoustic-roots-live-in-der-alten-schule\/\" \/>\n<meta property=\"og:site_name\" content=\"Eschringen\" \/>\n<meta property=\"article:modified_time\" content=\"2024-11-24T11:49:23+00:00\" \/>\n<meta property=\"og:image\" content=\"https:\/\/eschringen.de\/wordpress\/wp-content\/uploads\/2024\/11\/ChJagger3.jpg\" \/>\n<meta name=\"twitter:card\" content=\"summary_large_image\" \/>\n<meta name=\"twitter:label1\" content=\"Gesch\u00e4tzte Lesezeit\" \/>\n\t<meta name=\"twitter:data1\" content=\"3\u00a0Minuten\" \/>\n<script type=\"application\/ld+json\" class=\"yoast-schema-graph\">{\"@context\":\"https:\\\/\\\/schema.org\",\"@graph\":[{\"@type\":\"WebPage\",\"@id\":\"https:\\\/\\\/eschringen.de\\\/wordpress\\\/geschichte\\\/archiv\\\/06-11-2012-chris-jaggers-acoustic-roots-live-in-der-alten-schule\\\/\",\"url\":\"https:\\\/\\\/eschringen.de\\\/wordpress\\\/geschichte\\\/archiv\\\/06-11-2012-chris-jaggers-acoustic-roots-live-in-der-alten-schule\\\/\",\"name\":\"06.11.2012: Chris Jagger's ACOUSTIC ROOTS live in der alten Schule - Eschringen\",\"isPartOf\":{\"@id\":\"https:\\\/\\\/eschringen.de\\\/wordpress\\\/#website\"},\"primaryImageOfPage\":{\"@id\":\"https:\\\/\\\/eschringen.de\\\/wordpress\\\/geschichte\\\/archiv\\\/06-11-2012-chris-jaggers-acoustic-roots-live-in-der-alten-schule\\\/#primaryimage\"},\"image\":{\"@id\":\"https:\\\/\\\/eschringen.de\\\/wordpress\\\/geschichte\\\/archiv\\\/06-11-2012-chris-jaggers-acoustic-roots-live-in-der-alten-schule\\\/#primaryimage\"},\"thumbnailUrl\":\"https:\\\/\\\/eschringen.de\\\/wordpress\\\/wp-content\\\/uploads\\\/2024\\\/11\\\/ChJagger3.jpg\",\"datePublished\":\"2017-02-17T12:48:06+00:00\",\"dateModified\":\"2024-11-24T11:49:23+00:00\",\"breadcrumb\":{\"@id\":\"https:\\\/\\\/eschringen.de\\\/wordpress\\\/geschichte\\\/archiv\\\/06-11-2012-chris-jaggers-acoustic-roots-live-in-der-alten-schule\\\/#breadcrumb\"},\"inLanguage\":\"de\",\"potentialAction\":[{\"@type\":\"ReadAction\",\"target\":[\"https:\\\/\\\/eschringen.de\\\/wordpress\\\/geschichte\\\/archiv\\\/06-11-2012-chris-jaggers-acoustic-roots-live-in-der-alten-schule\\\/\"]}]},{\"@type\":\"ImageObject\",\"inLanguage\":\"de\",\"@id\":\"https:\\\/\\\/eschringen.de\\\/wordpress\\\/geschichte\\\/archiv\\\/06-11-2012-chris-jaggers-acoustic-roots-live-in-der-alten-schule\\\/#primaryimage\",\"url\":\"https:\\\/\\\/i0.wp.com\\\/eschringen.de\\\/wordpress\\\/wp-content\\\/uploads\\\/2024\\\/11\\\/ChJagger3.jpg?fit=300%2C400&ssl=1\",\"contentUrl\":\"https:\\\/\\\/i0.wp.com\\\/eschringen.de\\\/wordpress\\\/wp-content\\\/uploads\\\/2024\\\/11\\\/ChJagger3.jpg?fit=300%2C400&ssl=1\",\"width\":300,\"height\":400},{\"@type\":\"BreadcrumbList\",\"@id\":\"https:\\\/\\\/eschringen.de\\\/wordpress\\\/geschichte\\\/archiv\\\/06-11-2012-chris-jaggers-acoustic-roots-live-in-der-alten-schule\\\/#breadcrumb\",\"itemListElement\":[{\"@type\":\"ListItem\",\"position\":1,\"name\":\"Startseite\",\"item\":\"https:\\\/\\\/eschringen.de\\\/wordpress\\\/\"},{\"@type\":\"ListItem\",\"position\":2,\"name\":\"Geschichte\",\"item\":\"https:\\\/\\\/eschringen.de\\\/wordpress\\\/geschichte\\\/\"},{\"@type\":\"ListItem\",\"position\":3,\"name\":\"Archiv\",\"item\":\"https:\\\/\\\/eschringen.de\\\/wordpress\\\/geschichte\\\/archiv\\\/\"},{\"@type\":\"ListItem\",\"position\":4,\"name\":\"06.11.2012: Chris Jagger&#8217;s ACOUSTIC ROOTS live in der alten Schule\"}]},{\"@type\":\"WebSite\",\"@id\":\"https:\\\/\\\/eschringen.de\\\/wordpress\\\/#website\",\"url\":\"https:\\\/\\\/eschringen.de\\\/wordpress\\\/\",\"name\":\"Eschringen\",\"description\":\"\",\"publisher\":{\"@id\":\"https:\\\/\\\/eschringen.de\\\/wordpress\\\/#organization\"},\"potentialAction\":[{\"@type\":\"SearchAction\",\"target\":{\"@type\":\"EntryPoint\",\"urlTemplate\":\"https:\\\/\\\/eschringen.de\\\/wordpress\\\/?s={search_term_string}\"},\"query-input\":{\"@type\":\"PropertyValueSpecification\",\"valueRequired\":true,\"valueName\":\"search_term_string\"}}],\"inLanguage\":\"de\"},{\"@type\":\"Organization\",\"@id\":\"https:\\\/\\\/eschringen.de\\\/wordpress\\\/#organization\",\"name\":\"Eschringen\",\"url\":\"https:\\\/\\\/eschringen.de\\\/wordpress\\\/\",\"logo\":{\"@type\":\"ImageObject\",\"inLanguage\":\"de\",\"@id\":\"https:\\\/\\\/eschringen.de\\\/wordpress\\\/#\\\/schema\\\/logo\\\/image\\\/\",\"url\":\"https:\\\/\\\/eschringen.de\\\/wordpress\\\/wp-content\\\/uploads\\\/2017\\\/03\\\/2017_kw15.jpg\",\"contentUrl\":\"https:\\\/\\\/eschringen.de\\\/wordpress\\\/wp-content\\\/uploads\\\/2017\\\/03\\\/2017_kw15.jpg\",\"width\":784,\"height\":447,\"caption\":\"Eschringen\"},\"image\":{\"@id\":\"https:\\\/\\\/eschringen.de\\\/wordpress\\\/#\\\/schema\\\/logo\\\/image\\\/\"}}]}<\/script>\n<!-- \/ Yoast SEO plugin. -->","yoast_head_json":{"title":"06.11.2012: Chris Jagger's ACOUSTIC ROOTS live in der alten Schule - Eschringen","robots":{"index":"index","follow":"follow","max-snippet":"max-snippet:-1","max-image-preview":"max-image-preview:large","max-video-preview":"max-video-preview:-1"},"canonical":"https:\/\/eschringen.de\/wordpress\/geschichte\/archiv\/06-11-2012-chris-jaggers-acoustic-roots-live-in-der-alten-schule\/","og_locale":"de_DE","og_type":"article","og_title":"06.11.2012: Chris Jagger's ACOUSTIC ROOTS live in der alten Schule - Eschringen","og_description":"Liegt Eschringen auch am Mississippi? Diesen Eindruck kann man gewinnen, wenn z. B. Chris Jagger &amp; Co. in unserem Dorf Station machen. F\u00fcnf Jahre zuvor begeisterten Jagger, Charlie Hart und Uli Twelker bereits in der \u201ePost\u201c mit Cajun- und Blues-Songs, tanzte so mancher mit Chris zu Harts Fiddle- und Akkordeonkl\u00e4ngen. Eine relativ kurzfristig angesetzte S\u00fcddeutschlandtournee ... Weiterlesen ...","og_url":"https:\/\/eschringen.de\/wordpress\/geschichte\/archiv\/06-11-2012-chris-jaggers-acoustic-roots-live-in-der-alten-schule\/","og_site_name":"Eschringen","article_modified_time":"2024-11-24T11:49:23+00:00","og_image":[{"url":"https:\/\/eschringen.de\/wordpress\/wp-content\/uploads\/2024\/11\/ChJagger3.jpg","type":"","width":"","height":""}],"twitter_card":"summary_large_image","twitter_misc":{"Gesch\u00e4tzte Lesezeit":"3\u00a0Minuten"},"schema":{"@context":"https:\/\/schema.org","@graph":[{"@type":"WebPage","@id":"https:\/\/eschringen.de\/wordpress\/geschichte\/archiv\/06-11-2012-chris-jaggers-acoustic-roots-live-in-der-alten-schule\/","url":"https:\/\/eschringen.de\/wordpress\/geschichte\/archiv\/06-11-2012-chris-jaggers-acoustic-roots-live-in-der-alten-schule\/","name":"06.11.2012: Chris Jagger's ACOUSTIC ROOTS live in der alten Schule - Eschringen","isPartOf":{"@id":"https:\/\/eschringen.de\/wordpress\/#website"},"primaryImageOfPage":{"@id":"https:\/\/eschringen.de\/wordpress\/geschichte\/archiv\/06-11-2012-chris-jaggers-acoustic-roots-live-in-der-alten-schule\/#primaryimage"},"image":{"@id":"https:\/\/eschringen.de\/wordpress\/geschichte\/archiv\/06-11-2012-chris-jaggers-acoustic-roots-live-in-der-alten-schule\/#primaryimage"},"thumbnailUrl":"https:\/\/eschringen.de\/wordpress\/wp-content\/uploads\/2024\/11\/ChJagger3.jpg","datePublished":"2017-02-17T12:48:06+00:00","dateModified":"2024-11-24T11:49:23+00:00","breadcrumb":{"@id":"https:\/\/eschringen.de\/wordpress\/geschichte\/archiv\/06-11-2012-chris-jaggers-acoustic-roots-live-in-der-alten-schule\/#breadcrumb"},"inLanguage":"de","potentialAction":[{"@type":"ReadAction","target":["https:\/\/eschringen.de\/wordpress\/geschichte\/archiv\/06-11-2012-chris-jaggers-acoustic-roots-live-in-der-alten-schule\/"]}]},{"@type":"ImageObject","inLanguage":"de","@id":"https:\/\/eschringen.de\/wordpress\/geschichte\/archiv\/06-11-2012-chris-jaggers-acoustic-roots-live-in-der-alten-schule\/#primaryimage","url":"https:\/\/i0.wp.com\/eschringen.de\/wordpress\/wp-content\/uploads\/2024\/11\/ChJagger3.jpg?fit=300%2C400&ssl=1","contentUrl":"https:\/\/i0.wp.com\/eschringen.de\/wordpress\/wp-content\/uploads\/2024\/11\/ChJagger3.jpg?fit=300%2C400&ssl=1","width":300,"height":400},{"@type":"BreadcrumbList","@id":"https:\/\/eschringen.de\/wordpress\/geschichte\/archiv\/06-11-2012-chris-jaggers-acoustic-roots-live-in-der-alten-schule\/#breadcrumb","itemListElement":[{"@type":"ListItem","position":1,"name":"Startseite","item":"https:\/\/eschringen.de\/wordpress\/"},{"@type":"ListItem","position":2,"name":"Geschichte","item":"https:\/\/eschringen.de\/wordpress\/geschichte\/"},{"@type":"ListItem","position":3,"name":"Archiv","item":"https:\/\/eschringen.de\/wordpress\/geschichte\/archiv\/"},{"@type":"ListItem","position":4,"name":"06.11.2012: Chris Jagger&#8217;s ACOUSTIC ROOTS live in der alten Schule"}]},{"@type":"WebSite","@id":"https:\/\/eschringen.de\/wordpress\/#website","url":"https:\/\/eschringen.de\/wordpress\/","name":"Eschringen","description":"","publisher":{"@id":"https:\/\/eschringen.de\/wordpress\/#organization"},"potentialAction":[{"@type":"SearchAction","target":{"@type":"EntryPoint","urlTemplate":"https:\/\/eschringen.de\/wordpress\/?s={search_term_string}"},"query-input":{"@type":"PropertyValueSpecification","valueRequired":true,"valueName":"search_term_string"}}],"inLanguage":"de"},{"@type":"Organization","@id":"https:\/\/eschringen.de\/wordpress\/#organization","name":"Eschringen","url":"https:\/\/eschringen.de\/wordpress\/","logo":{"@type":"ImageObject","inLanguage":"de","@id":"https:\/\/eschringen.de\/wordpress\/#\/schema\/logo\/image\/","url":"https:\/\/eschringen.de\/wordpress\/wp-content\/uploads\/2017\/03\/2017_kw15.jpg","contentUrl":"https:\/\/eschringen.de\/wordpress\/wp-content\/uploads\/2017\/03\/2017_kw15.jpg","width":784,"height":447,"caption":"Eschringen"},"image":{"@id":"https:\/\/eschringen.de\/wordpress\/#\/schema\/logo\/image\/"}}]}},"jetpack_sharing_enabled":true,"_links":{"self":[{"href":"https:\/\/eschringen.de\/wordpress\/wp-json\/wp\/v2\/pages\/784","targetHints":{"allow":["GET"]}}],"collection":[{"href":"https:\/\/eschringen.de\/wordpress\/wp-json\/wp\/v2\/pages"}],"about":[{"href":"https:\/\/eschringen.de\/wordpress\/wp-json\/wp\/v2\/types\/page"}],"author":[{"embeddable":true,"href":"https:\/\/eschringen.de\/wordpress\/wp-json\/wp\/v2\/users\/1"}],"replies":[{"embeddable":true,"href":"https:\/\/eschringen.de\/wordpress\/wp-json\/wp\/v2\/comments?post=784"}],"version-history":[{"count":2,"href":"https:\/\/eschringen.de\/wordpress\/wp-json\/wp\/v2\/pages\/784\/revisions"}],"predecessor-version":[{"id":4751,"href":"https:\/\/eschringen.de\/wordpress\/wp-json\/wp\/v2\/pages\/784\/revisions\/4751"}],"up":[{"embeddable":true,"href":"https:\/\/eschringen.de\/wordpress\/wp-json\/wp\/v2\/pages\/403"}],"wp:attachment":[{"href":"https:\/\/eschringen.de\/wordpress\/wp-json\/wp\/v2\/media?parent=784"}],"curies":[{"name":"wp","href":"https:\/\/api.w.org\/{rel}","templated":true}]}}