{"id":768,"date":"2017-02-16T22:26:21","date_gmt":"2017-02-16T21:26:21","guid":{"rendered":"http:\/\/eschringen.de\/wordpress\/?page_id=768"},"modified":"2024-11-24T12:45:59","modified_gmt":"2024-11-24T11:45:59","slug":"07-06-2013-des-horsfalls-kuschty-rye-live","status":"publish","type":"page","link":"https:\/\/eschringen.de\/wordpress\/geschichte\/archiv\/07-06-2013-des-horsfalls-kuschty-rye-live\/","title":{"rendered":"07.06.2013: Des Horsfall\u2019s KUSCHTY RYE live"},"content":{"rendered":"<p><img data-recalc-dims=\"1\" loading=\"lazy\" decoding=\"async\" class=\"alignleft\" src=\"https:\/\/i0.wp.com\/eschringen.de\/wordpress\/wp-content\/uploads\/2024\/11\/DesHorsfall6.jpg?resize=400%2C300&#038;ssl=1\" width=\"400\" height=\"300\" align=\"left\" border=\"0\" hspace=\"5\" vspace=\"5\">Lange Gesichter machten die Veranstalter, also trotz ordentlicher Werbung in der Lokalpresse und anderer Medien nur wenige Konzertbesucher den Weg nach Ensheim in die Sports&amp; Music Bar gefunden hatten. Aus organisatorischen Gr\u00fcnden war die Eschringer Schule nicht bespielbar, weshalb man auf die technisch bestens ausgestattete alternative Spielst\u00e4tte am Ensheimer Sportplatz auswich. Das tolle und bis in den sp\u00e4ten Abend vorherrschende Sommerwetter mag dazu beigetragen haben, dass potenzielle G\u00e4ste lieber im Biergarten als \u201eindoor\u201c sa\u00dfen.<br \/>\nSowohl die Band um den sympathischen Singer\/Songwriter aus dem mittelenglischen Yorkshire als auch die Veranstalter nahmen es sportlich bzw. professionell.<br \/>\nSven Ludwig hatte alle H\u00e4nde voll zu tun, um Verst\u00e4rkeranlage und Lightshow bestens auf die Bed\u00fcrfnisse des Quintetts und nat\u00fcrlich auch des \u00fcberschaubaren Publikums einzustellen. Jedenfalls pr\u00e4sentierten sich Des Horsfall und seine Mitstreiter, darunter der aus London stammende Gitarrist Pete Mayhew, in bester Spiellaune. Keyboarder und rhythm section harmonierten blendend, und so wurde es doch noch ein sehr unterhaltsamer und musikalisch ansprechender Abend. <img data-recalc-dims=\"1\" loading=\"lazy\" decoding=\"async\" class=\"alignright\" src=\"https:\/\/i0.wp.com\/eschringen.de\/wordpress\/wp-content\/uploads\/2024\/11\/DesHorsfall7.jpg?resize=300%2C400&#038;ssl=1\" width=\"300\" height=\"400\" align=\"right\" border=\"0\" hspace=\"5\" vspace=\"5\">Horsfall &amp; Co. boten einen ausgewogenen Mix aus eigenen Songs, die sich vor allem am Country- &amp; Folk-Rock orientierten, wie ihn einst Idol Ronnie Lane (1965 Mitbegr\u00fcnder der legend\u00e4ren SMALL FACES, in den 1970ern vornehmlich solo aktiv) pflegte, sowie Klassiker von eben jenem Songwriter, die es teilweise auch in die Charts schafften: z. B. \u201eHow Come\u201c oder \u201eOoh La La\u201c. Hitpotenzial h\u00e4tte wohl Horsfalls Ohrwurm \u201eLong Long Time\u201c von seinem 2012 erschienenen Album &#8222;The Good Gentleman\u2019s Tonic\u201c. Letzteres hatte viel Lob, nicht nur in der Musikpresse, geerntet \u2013 WHO-Boss Pete Townshend: \u201cThis is a killer record\u2026KILLER!\u201d<br \/>\nDie Band um Horsfall nutzte die Gelegenheit, im Schlussteil vornehmlich St\u00fccke des z. Z. in Arbeit befindlichen neuen Albums live zu testen. Neben Derroll Adams\u2019 wundervoller Ballade \u201eRoll On Babe\u201c bewegte \u201eDebris\u201c, ein nur zu Gitarre und Gesang solo vorgetragener Song aus der Feder Lanes, der posthum u. a. durch die Versionen von Billy Bragg und SIMPLY RED bekannt geworden war. Alles in allem f\u00fcr die Anwesenden letztlich doch ein musikalisch erfreuliches Erlebnis trotz magerer Kulisse.<\/p>\n","protected":false},"excerpt":{"rendered":"<p>Lange Gesichter machten die Veranstalter, also trotz ordentlicher Werbung in der Lokalpresse und anderer Medien nur wenige Konzertbesucher den Weg nach Ensheim in die Sports&amp; Music Bar gefunden hatten. Aus organisatorischen Gr\u00fcnden war die Eschringer Schule nicht bespielbar, weshalb man auf die technisch bestens ausgestattete alternative Spielst\u00e4tte am Ensheimer Sportplatz auswich. Das tolle und bis &#8230; <a title=\"07.06.2013: Des Horsfall\u2019s KUSCHTY RYE live\" class=\"read-more\" href=\"https:\/\/eschringen.de\/wordpress\/geschichte\/archiv\/07-06-2013-des-horsfalls-kuschty-rye-live\/\" aria-label=\"Mehr Informationen \u00fcber 07.06.2013: Des Horsfall\u2019s KUSCHTY RYE live\">Weiterlesen &#8230;<\/a><\/p>\n","protected":false},"author":1,"featured_media":0,"parent":403,"menu_order":11,"comment_status":"closed","ping_status":"closed","template":"","meta":{"ngg_post_thumbnail":0,"footnotes":""},"class_list":["post-768","page","type-page","status-publish"],"yoast_head":"<!-- This site is optimized with the Yoast SEO plugin v27.4 - https:\/\/yoast.com\/product\/yoast-seo-wordpress\/ -->\n<title>07.06.2013: Des Horsfall\u2019s KUSCHTY RYE live - Eschringen<\/title>\n<meta name=\"robots\" content=\"index, follow, max-snippet:-1, max-image-preview:large, max-video-preview:-1\" \/>\n<link rel=\"canonical\" href=\"https:\/\/eschringen.de\/wordpress\/geschichte\/archiv\/07-06-2013-des-horsfalls-kuschty-rye-live\/\" \/>\n<meta property=\"og:locale\" content=\"de_DE\" \/>\n<meta property=\"og:type\" content=\"article\" \/>\n<meta property=\"og:title\" content=\"07.06.2013: Des Horsfall\u2019s KUSCHTY RYE live - Eschringen\" \/>\n<meta property=\"og:description\" content=\"Lange Gesichter machten die Veranstalter, also trotz ordentlicher Werbung in der Lokalpresse und anderer Medien nur wenige Konzertbesucher den Weg nach Ensheim in die Sports&amp; Music Bar gefunden hatten. Aus organisatorischen Gr\u00fcnden war die Eschringer Schule nicht bespielbar, weshalb man auf die technisch bestens ausgestattete alternative Spielst\u00e4tte am Ensheimer Sportplatz auswich. Das tolle und bis ... Weiterlesen ...\" \/>\n<meta property=\"og:url\" content=\"https:\/\/eschringen.de\/wordpress\/geschichte\/archiv\/07-06-2013-des-horsfalls-kuschty-rye-live\/\" \/>\n<meta property=\"og:site_name\" content=\"Eschringen\" \/>\n<meta property=\"article:modified_time\" content=\"2024-11-24T11:45:59+00:00\" \/>\n<meta property=\"og:image\" content=\"https:\/\/eschringen.de\/wordpress\/wp-content\/uploads\/2024\/11\/DesHorsfall6.jpg\" \/>\n<meta name=\"twitter:card\" content=\"summary_large_image\" \/>\n<meta name=\"twitter:label1\" content=\"Gesch\u00e4tzte Lesezeit\" \/>\n\t<meta name=\"twitter:data1\" content=\"3\u00a0Minuten\" \/>\n<script type=\"application\/ld+json\" class=\"yoast-schema-graph\">{\"@context\":\"https:\\\/\\\/schema.org\",\"@graph\":[{\"@type\":\"WebPage\",\"@id\":\"https:\\\/\\\/eschringen.de\\\/wordpress\\\/geschichte\\\/archiv\\\/07-06-2013-des-horsfalls-kuschty-rye-live\\\/\",\"url\":\"https:\\\/\\\/eschringen.de\\\/wordpress\\\/geschichte\\\/archiv\\\/07-06-2013-des-horsfalls-kuschty-rye-live\\\/\",\"name\":\"07.06.2013: Des Horsfall\u2019s KUSCHTY RYE live - Eschringen\",\"isPartOf\":{\"@id\":\"https:\\\/\\\/eschringen.de\\\/wordpress\\\/#website\"},\"primaryImageOfPage\":{\"@id\":\"https:\\\/\\\/eschringen.de\\\/wordpress\\\/geschichte\\\/archiv\\\/07-06-2013-des-horsfalls-kuschty-rye-live\\\/#primaryimage\"},\"image\":{\"@id\":\"https:\\\/\\\/eschringen.de\\\/wordpress\\\/geschichte\\\/archiv\\\/07-06-2013-des-horsfalls-kuschty-rye-live\\\/#primaryimage\"},\"thumbnailUrl\":\"https:\\\/\\\/eschringen.de\\\/wordpress\\\/wp-content\\\/uploads\\\/2024\\\/11\\\/DesHorsfall6.jpg\",\"datePublished\":\"2017-02-16T21:26:21+00:00\",\"dateModified\":\"2024-11-24T11:45:59+00:00\",\"breadcrumb\":{\"@id\":\"https:\\\/\\\/eschringen.de\\\/wordpress\\\/geschichte\\\/archiv\\\/07-06-2013-des-horsfalls-kuschty-rye-live\\\/#breadcrumb\"},\"inLanguage\":\"de\",\"potentialAction\":[{\"@type\":\"ReadAction\",\"target\":[\"https:\\\/\\\/eschringen.de\\\/wordpress\\\/geschichte\\\/archiv\\\/07-06-2013-des-horsfalls-kuschty-rye-live\\\/\"]}]},{\"@type\":\"ImageObject\",\"inLanguage\":\"de\",\"@id\":\"https:\\\/\\\/eschringen.de\\\/wordpress\\\/geschichte\\\/archiv\\\/07-06-2013-des-horsfalls-kuschty-rye-live\\\/#primaryimage\",\"url\":\"https:\\\/\\\/i0.wp.com\\\/eschringen.de\\\/wordpress\\\/wp-content\\\/uploads\\\/2024\\\/11\\\/DesHorsfall6.jpg?fit=400%2C300&ssl=1\",\"contentUrl\":\"https:\\\/\\\/i0.wp.com\\\/eschringen.de\\\/wordpress\\\/wp-content\\\/uploads\\\/2024\\\/11\\\/DesHorsfall6.jpg?fit=400%2C300&ssl=1\",\"width\":400,\"height\":300},{\"@type\":\"BreadcrumbList\",\"@id\":\"https:\\\/\\\/eschringen.de\\\/wordpress\\\/geschichte\\\/archiv\\\/07-06-2013-des-horsfalls-kuschty-rye-live\\\/#breadcrumb\",\"itemListElement\":[{\"@type\":\"ListItem\",\"position\":1,\"name\":\"Startseite\",\"item\":\"https:\\\/\\\/eschringen.de\\\/wordpress\\\/\"},{\"@type\":\"ListItem\",\"position\":2,\"name\":\"Geschichte\",\"item\":\"https:\\\/\\\/eschringen.de\\\/wordpress\\\/geschichte\\\/\"},{\"@type\":\"ListItem\",\"position\":3,\"name\":\"Archiv\",\"item\":\"https:\\\/\\\/eschringen.de\\\/wordpress\\\/geschichte\\\/archiv\\\/\"},{\"@type\":\"ListItem\",\"position\":4,\"name\":\"07.06.2013: Des Horsfall\u2019s KUSCHTY RYE live\"}]},{\"@type\":\"WebSite\",\"@id\":\"https:\\\/\\\/eschringen.de\\\/wordpress\\\/#website\",\"url\":\"https:\\\/\\\/eschringen.de\\\/wordpress\\\/\",\"name\":\"Eschringen\",\"description\":\"\",\"publisher\":{\"@id\":\"https:\\\/\\\/eschringen.de\\\/wordpress\\\/#organization\"},\"potentialAction\":[{\"@type\":\"SearchAction\",\"target\":{\"@type\":\"EntryPoint\",\"urlTemplate\":\"https:\\\/\\\/eschringen.de\\\/wordpress\\\/?s={search_term_string}\"},\"query-input\":{\"@type\":\"PropertyValueSpecification\",\"valueRequired\":true,\"valueName\":\"search_term_string\"}}],\"inLanguage\":\"de\"},{\"@type\":\"Organization\",\"@id\":\"https:\\\/\\\/eschringen.de\\\/wordpress\\\/#organization\",\"name\":\"Eschringen\",\"url\":\"https:\\\/\\\/eschringen.de\\\/wordpress\\\/\",\"logo\":{\"@type\":\"ImageObject\",\"inLanguage\":\"de\",\"@id\":\"https:\\\/\\\/eschringen.de\\\/wordpress\\\/#\\\/schema\\\/logo\\\/image\\\/\",\"url\":\"https:\\\/\\\/eschringen.de\\\/wordpress\\\/wp-content\\\/uploads\\\/2017\\\/03\\\/2017_kw15.jpg\",\"contentUrl\":\"https:\\\/\\\/eschringen.de\\\/wordpress\\\/wp-content\\\/uploads\\\/2017\\\/03\\\/2017_kw15.jpg\",\"width\":784,\"height\":447,\"caption\":\"Eschringen\"},\"image\":{\"@id\":\"https:\\\/\\\/eschringen.de\\\/wordpress\\\/#\\\/schema\\\/logo\\\/image\\\/\"}}]}<\/script>\n<!-- \/ Yoast SEO plugin. -->","yoast_head_json":{"title":"07.06.2013: Des Horsfall\u2019s KUSCHTY RYE live - Eschringen","robots":{"index":"index","follow":"follow","max-snippet":"max-snippet:-1","max-image-preview":"max-image-preview:large","max-video-preview":"max-video-preview:-1"},"canonical":"https:\/\/eschringen.de\/wordpress\/geschichte\/archiv\/07-06-2013-des-horsfalls-kuschty-rye-live\/","og_locale":"de_DE","og_type":"article","og_title":"07.06.2013: Des Horsfall\u2019s KUSCHTY RYE live - Eschringen","og_description":"Lange Gesichter machten die Veranstalter, also trotz ordentlicher Werbung in der Lokalpresse und anderer Medien nur wenige Konzertbesucher den Weg nach Ensheim in die Sports&amp; Music Bar gefunden hatten. Aus organisatorischen Gr\u00fcnden war die Eschringer Schule nicht bespielbar, weshalb man auf die technisch bestens ausgestattete alternative Spielst\u00e4tte am Ensheimer Sportplatz auswich. Das tolle und bis ... Weiterlesen ...","og_url":"https:\/\/eschringen.de\/wordpress\/geschichte\/archiv\/07-06-2013-des-horsfalls-kuschty-rye-live\/","og_site_name":"Eschringen","article_modified_time":"2024-11-24T11:45:59+00:00","og_image":[{"url":"https:\/\/eschringen.de\/wordpress\/wp-content\/uploads\/2024\/11\/DesHorsfall6.jpg","type":"","width":"","height":""}],"twitter_card":"summary_large_image","twitter_misc":{"Gesch\u00e4tzte Lesezeit":"3\u00a0Minuten"},"schema":{"@context":"https:\/\/schema.org","@graph":[{"@type":"WebPage","@id":"https:\/\/eschringen.de\/wordpress\/geschichte\/archiv\/07-06-2013-des-horsfalls-kuschty-rye-live\/","url":"https:\/\/eschringen.de\/wordpress\/geschichte\/archiv\/07-06-2013-des-horsfalls-kuschty-rye-live\/","name":"07.06.2013: Des Horsfall\u2019s KUSCHTY RYE live - Eschringen","isPartOf":{"@id":"https:\/\/eschringen.de\/wordpress\/#website"},"primaryImageOfPage":{"@id":"https:\/\/eschringen.de\/wordpress\/geschichte\/archiv\/07-06-2013-des-horsfalls-kuschty-rye-live\/#primaryimage"},"image":{"@id":"https:\/\/eschringen.de\/wordpress\/geschichte\/archiv\/07-06-2013-des-horsfalls-kuschty-rye-live\/#primaryimage"},"thumbnailUrl":"https:\/\/eschringen.de\/wordpress\/wp-content\/uploads\/2024\/11\/DesHorsfall6.jpg","datePublished":"2017-02-16T21:26:21+00:00","dateModified":"2024-11-24T11:45:59+00:00","breadcrumb":{"@id":"https:\/\/eschringen.de\/wordpress\/geschichte\/archiv\/07-06-2013-des-horsfalls-kuschty-rye-live\/#breadcrumb"},"inLanguage":"de","potentialAction":[{"@type":"ReadAction","target":["https:\/\/eschringen.de\/wordpress\/geschichte\/archiv\/07-06-2013-des-horsfalls-kuschty-rye-live\/"]}]},{"@type":"ImageObject","inLanguage":"de","@id":"https:\/\/eschringen.de\/wordpress\/geschichte\/archiv\/07-06-2013-des-horsfalls-kuschty-rye-live\/#primaryimage","url":"https:\/\/i0.wp.com\/eschringen.de\/wordpress\/wp-content\/uploads\/2024\/11\/DesHorsfall6.jpg?fit=400%2C300&ssl=1","contentUrl":"https:\/\/i0.wp.com\/eschringen.de\/wordpress\/wp-content\/uploads\/2024\/11\/DesHorsfall6.jpg?fit=400%2C300&ssl=1","width":400,"height":300},{"@type":"BreadcrumbList","@id":"https:\/\/eschringen.de\/wordpress\/geschichte\/archiv\/07-06-2013-des-horsfalls-kuschty-rye-live\/#breadcrumb","itemListElement":[{"@type":"ListItem","position":1,"name":"Startseite","item":"https:\/\/eschringen.de\/wordpress\/"},{"@type":"ListItem","position":2,"name":"Geschichte","item":"https:\/\/eschringen.de\/wordpress\/geschichte\/"},{"@type":"ListItem","position":3,"name":"Archiv","item":"https:\/\/eschringen.de\/wordpress\/geschichte\/archiv\/"},{"@type":"ListItem","position":4,"name":"07.06.2013: Des Horsfall\u2019s KUSCHTY RYE live"}]},{"@type":"WebSite","@id":"https:\/\/eschringen.de\/wordpress\/#website","url":"https:\/\/eschringen.de\/wordpress\/","name":"Eschringen","description":"","publisher":{"@id":"https:\/\/eschringen.de\/wordpress\/#organization"},"potentialAction":[{"@type":"SearchAction","target":{"@type":"EntryPoint","urlTemplate":"https:\/\/eschringen.de\/wordpress\/?s={search_term_string}"},"query-input":{"@type":"PropertyValueSpecification","valueRequired":true,"valueName":"search_term_string"}}],"inLanguage":"de"},{"@type":"Organization","@id":"https:\/\/eschringen.de\/wordpress\/#organization","name":"Eschringen","url":"https:\/\/eschringen.de\/wordpress\/","logo":{"@type":"ImageObject","inLanguage":"de","@id":"https:\/\/eschringen.de\/wordpress\/#\/schema\/logo\/image\/","url":"https:\/\/eschringen.de\/wordpress\/wp-content\/uploads\/2017\/03\/2017_kw15.jpg","contentUrl":"https:\/\/eschringen.de\/wordpress\/wp-content\/uploads\/2017\/03\/2017_kw15.jpg","width":784,"height":447,"caption":"Eschringen"},"image":{"@id":"https:\/\/eschringen.de\/wordpress\/#\/schema\/logo\/image\/"}}]}},"jetpack_sharing_enabled":true,"_links":{"self":[{"href":"https:\/\/eschringen.de\/wordpress\/wp-json\/wp\/v2\/pages\/768","targetHints":{"allow":["GET"]}}],"collection":[{"href":"https:\/\/eschringen.de\/wordpress\/wp-json\/wp\/v2\/pages"}],"about":[{"href":"https:\/\/eschringen.de\/wordpress\/wp-json\/wp\/v2\/types\/page"}],"author":[{"embeddable":true,"href":"https:\/\/eschringen.de\/wordpress\/wp-json\/wp\/v2\/users\/1"}],"replies":[{"embeddable":true,"href":"https:\/\/eschringen.de\/wordpress\/wp-json\/wp\/v2\/comments?post=768"}],"version-history":[{"count":2,"href":"https:\/\/eschringen.de\/wordpress\/wp-json\/wp\/v2\/pages\/768\/revisions"}],"predecessor-version":[{"id":4746,"href":"https:\/\/eschringen.de\/wordpress\/wp-json\/wp\/v2\/pages\/768\/revisions\/4746"}],"up":[{"embeddable":true,"href":"https:\/\/eschringen.de\/wordpress\/wp-json\/wp\/v2\/pages\/403"}],"wp:attachment":[{"href":"https:\/\/eschringen.de\/wordpress\/wp-json\/wp\/v2\/media?parent=768"}],"curies":[{"name":"wp","href":"https:\/\/api.w.org\/{rel}","templated":true}]}}