{"id":766,"date":"2017-02-16T22:21:13","date_gmt":"2017-02-16T21:21:13","guid":{"rendered":"http:\/\/eschringen.de\/wordpress\/?page_id=766"},"modified":"2024-11-24T12:43:53","modified_gmt":"2024-11-24T11:43:53","slug":"13-10-2013-entspannter-3-tag-der-offenen-tuer-in-der-ehemaligen-grundschule","status":"publish","type":"page","link":"https:\/\/eschringen.de\/wordpress\/geschichte\/archiv\/13-10-2013-entspannter-3-tag-der-offenen-tuer-in-der-ehemaligen-grundschule\/","title":{"rendered":"13.10.2013: Entspannter 3. Tag der offenen T\u00fcr in der ehemaligen Grundschule"},"content":{"rendered":"<p><img data-recalc-dims=\"1\" loading=\"lazy\" decoding=\"async\" class=\"alignleft\" src=\"https:\/\/i0.wp.com\/eschringen.de\/wordpress\/wp-content\/uploads\/2024\/11\/TdoT13D.jpg?resize=400%2C300&#038;ssl=1\" width=\"400\" height=\"300\" align=\"left\" border=\"0\" hspace=\"3\" vspace=\"5\">Einen Massenandrang hatte es beim dritten \u201eTag der offenen T\u00fcr\u201c, zu dem die AG Eschringer Vereine e. V. die B\u00fcrgerinnen und B\u00fcrger in die alte Schule eingeladen zwar nicht gegeben, aber bei goldenem Herbstwetter fanden dann doch, vor allem am sp\u00e4ten Nachmittag, etliche Interessierte den Weg in das sich weiter entwickelnde Dorfgemeinschaftshaus.<br \/>\nFlei\u00dfige Helfer(innen) aus dem AG-Vorstandsumfeld und der das Schulgeb\u00e4ude nutzenden Vereine hatten den frisch renovierten und modernisierten Multifunktionsraum gem\u00fctlich pr\u00e4pariert, eine Kuchentheke aufgebaut und f\u00fcr kalte und hei\u00dfe Getr\u00e4nke gesorgt.<br \/>\n<img data-recalc-dims=\"1\" loading=\"lazy\" decoding=\"async\" class=\"alignright\" src=\"https:\/\/i0.wp.com\/eschringen.de\/wordpress\/wp-content\/uploads\/2024\/11\/TdoT13A.jpg?resize=400%2C300&#038;ssl=1\" width=\"400\" height=\"300\" align=\"right\" border=\"0\" hspace=\"3\" vspace=\"5\">Den Auftakt der Veranstaltung \u00fcbernahm im Musikzimmer im 1. Stock das Jugendorchester des MV \u201eLyra\u201c unter Leitung von Madeleine Melchior. AG-Gesch\u00e4ftsf\u00fchrer Roland Schmitt begr\u00fc\u00dfte die Besucher und dankte den jungen Musikern(innen) f\u00fcr ihr Engagement. Er nutzte auch die Gelegenheit, die Bedeutung der Nutzung des st\u00e4dtischen Geb\u00e4udes zu unterstreichen, insbesondere f\u00fcr die Vereine, die nicht \u00fcber eigene R\u00e4umlichkeiten verf\u00fcgten.<br \/>\nEine Etage tiefer verbanden AG-Vorsitzender Arno Schmitt und sein Vorstandskollege R. Schmitt die Begr\u00fc\u00dfung der G\u00e4ste mit zus\u00e4tzlichen Informationen \u00fcber Sinn und Zweck der Geb\u00e4udenutzung. Angesichts der Tatsache, dass die gewohnten Treffpunkte durch die Schlie\u00dfung mehrerer Gasth\u00e4user weggefallen seien, gelte es, die alte Schule mit Leben zu erf\u00fcllen. Dazu diene eben auch dieser \u201eTag der offenen T\u00fcr\u201c.<br \/>\n<img data-recalc-dims=\"1\" loading=\"lazy\" decoding=\"async\" class=\"alignleft\" src=\"https:\/\/i0.wp.com\/eschringen.de\/wordpress\/wp-content\/uploads\/2024\/11\/TdoT13B.jpg?resize=400%2C300&#038;ssl=1\" width=\"400\" height=\"300\" align=\"left\" border=\"0\" hspace=\"3\" vspace=\"5\">Die musikalische Umrahmung \u00fcbernahm nun das Akustik-Quartett BARFLY. Die vier in n\u00e4chster Umgebung angesiedelten Musiker pr\u00e4sentierten einen abwechslungsreichen Mix aus Klassikern der popul\u00e4ren Musik, vornehmlich aus dem Spektrum Folk-, Blues- und Roots-Rock. Zu h\u00f6ren waren fein arrangierte Songs wie z. B. \u201eHorse With No Name\u201c (AMERICA), \u201e Baby, I Love Your Way\u201c (Peter Frampton), \u201eLay Down Sally\u201c (Eric Clapton) oder \u201eSweet Home Chicago\u201c (Robert Johnson).<br \/>\n<img data-recalc-dims=\"1\" loading=\"lazy\" decoding=\"async\" class=\"alignright\" src=\"https:\/\/i0.wp.com\/eschringen.de\/wordpress\/wp-content\/uploads\/2024\/11\/TdoT13C.jpg?resize=400%2C300&#038;ssl=1\" width=\"400\" height=\"300\" align=\"right\" border=\"0\" hspace=\"3\" vspace=\"5\">Im Archivraum bot die Geschichtswerkstatt ihre \u201eEschringer Hefte\u201c sowie diverse Ansichtskarten an. Im Parterre-Flur pr\u00e4sentierte der NABU Eschringen-Ensheim Produkte aus seiner Werkstatt, u. a. Nistk\u00e4sten f\u00fcr V\u00f6gel und n\u00fctzliche Insekten.<br \/>\nAuf beiden Etagen stellte Hobbymaler Gerd Schreiner eine Auswahl seiner Gem\u00e4lde aus, darunter auch welche mit lokalem Bezug (z. B. Laurentiuskapelle, Eschringer Hof, Stra\u00dfenbahndepot Anno 1946). Am sp\u00e4ten Nachmittag klang der rundum gelungene und vor allem gem\u00fctliche Tag der offenen T\u00fcr zur Zufriedenheit aller aus. Der AG-Vorstand bedankt sich ausdr\u00fccklich bei allen Kuchenb\u00e4cker(innen), Helfer(innen) und Mitwirkenden.<\/p>\n","protected":false},"excerpt":{"rendered":"<p>Einen Massenandrang hatte es beim dritten \u201eTag der offenen T\u00fcr\u201c, zu dem die AG Eschringer Vereine e. V. die B\u00fcrgerinnen und B\u00fcrger in die alte Schule eingeladen zwar nicht gegeben, aber bei goldenem Herbstwetter fanden dann doch, vor allem am sp\u00e4ten Nachmittag, etliche Interessierte den Weg in das sich weiter entwickelnde Dorfgemeinschaftshaus. Flei\u00dfige Helfer(innen) aus &#8230; <a title=\"13.10.2013: Entspannter 3. Tag der offenen T\u00fcr in der ehemaligen Grundschule\" class=\"read-more\" href=\"https:\/\/eschringen.de\/wordpress\/geschichte\/archiv\/13-10-2013-entspannter-3-tag-der-offenen-tuer-in-der-ehemaligen-grundschule\/\" aria-label=\"Mehr Informationen \u00fcber 13.10.2013: Entspannter 3. Tag der offenen T\u00fcr in der ehemaligen Grundschule\">Weiterlesen &#8230;<\/a><\/p>\n","protected":false},"author":1,"featured_media":0,"parent":403,"menu_order":10,"comment_status":"closed","ping_status":"closed","template":"","meta":{"ngg_post_thumbnail":0,"footnotes":""},"class_list":["post-766","page","type-page","status-publish"],"yoast_head":"<!-- This site is optimized with the Yoast SEO plugin v27.3 - https:\/\/yoast.com\/product\/yoast-seo-wordpress\/ -->\n<title>13.10.2013: Entspannter 3. Tag der offenen T\u00fcr in der ehemaligen Grundschule - Eschringen<\/title>\n<meta name=\"robots\" content=\"index, follow, max-snippet:-1, max-image-preview:large, max-video-preview:-1\" \/>\n<link rel=\"canonical\" href=\"https:\/\/eschringen.de\/wordpress\/geschichte\/archiv\/13-10-2013-entspannter-3-tag-der-offenen-tuer-in-der-ehemaligen-grundschule\/\" \/>\n<meta property=\"og:locale\" content=\"de_DE\" \/>\n<meta property=\"og:type\" content=\"article\" \/>\n<meta property=\"og:title\" content=\"13.10.2013: Entspannter 3. Tag der offenen T\u00fcr in der ehemaligen Grundschule - Eschringen\" \/>\n<meta property=\"og:description\" content=\"Einen Massenandrang hatte es beim dritten \u201eTag der offenen T\u00fcr\u201c, zu dem die AG Eschringer Vereine e. V. die B\u00fcrgerinnen und B\u00fcrger in die alte Schule eingeladen zwar nicht gegeben, aber bei goldenem Herbstwetter fanden dann doch, vor allem am sp\u00e4ten Nachmittag, etliche Interessierte den Weg in das sich weiter entwickelnde Dorfgemeinschaftshaus. Flei\u00dfige Helfer(innen) aus ... Weiterlesen ...\" \/>\n<meta property=\"og:url\" content=\"https:\/\/eschringen.de\/wordpress\/geschichte\/archiv\/13-10-2013-entspannter-3-tag-der-offenen-tuer-in-der-ehemaligen-grundschule\/\" \/>\n<meta property=\"og:site_name\" content=\"Eschringen\" \/>\n<meta property=\"article:modified_time\" content=\"2024-11-24T11:43:53+00:00\" \/>\n<meta property=\"og:image\" content=\"https:\/\/eschringen.de\/wordpress\/wp-content\/uploads\/2024\/11\/TdoT13D.jpg\" \/>\n<meta name=\"twitter:card\" content=\"summary_large_image\" \/>\n<meta name=\"twitter:label1\" content=\"Gesch\u00e4tzte Lesezeit\" \/>\n\t<meta name=\"twitter:data1\" content=\"3\u00a0Minuten\" \/>\n<script type=\"application\/ld+json\" class=\"yoast-schema-graph\">{\"@context\":\"https:\\\/\\\/schema.org\",\"@graph\":[{\"@type\":\"WebPage\",\"@id\":\"https:\\\/\\\/eschringen.de\\\/wordpress\\\/geschichte\\\/archiv\\\/13-10-2013-entspannter-3-tag-der-offenen-tuer-in-der-ehemaligen-grundschule\\\/\",\"url\":\"https:\\\/\\\/eschringen.de\\\/wordpress\\\/geschichte\\\/archiv\\\/13-10-2013-entspannter-3-tag-der-offenen-tuer-in-der-ehemaligen-grundschule\\\/\",\"name\":\"13.10.2013: Entspannter 3. Tag der offenen T\u00fcr in der ehemaligen Grundschule - Eschringen\",\"isPartOf\":{\"@id\":\"https:\\\/\\\/eschringen.de\\\/wordpress\\\/#website\"},\"primaryImageOfPage\":{\"@id\":\"https:\\\/\\\/eschringen.de\\\/wordpress\\\/geschichte\\\/archiv\\\/13-10-2013-entspannter-3-tag-der-offenen-tuer-in-der-ehemaligen-grundschule\\\/#primaryimage\"},\"image\":{\"@id\":\"https:\\\/\\\/eschringen.de\\\/wordpress\\\/geschichte\\\/archiv\\\/13-10-2013-entspannter-3-tag-der-offenen-tuer-in-der-ehemaligen-grundschule\\\/#primaryimage\"},\"thumbnailUrl\":\"https:\\\/\\\/eschringen.de\\\/wordpress\\\/wp-content\\\/uploads\\\/2024\\\/11\\\/TdoT13D.jpg\",\"datePublished\":\"2017-02-16T21:21:13+00:00\",\"dateModified\":\"2024-11-24T11:43:53+00:00\",\"breadcrumb\":{\"@id\":\"https:\\\/\\\/eschringen.de\\\/wordpress\\\/geschichte\\\/archiv\\\/13-10-2013-entspannter-3-tag-der-offenen-tuer-in-der-ehemaligen-grundschule\\\/#breadcrumb\"},\"inLanguage\":\"de\",\"potentialAction\":[{\"@type\":\"ReadAction\",\"target\":[\"https:\\\/\\\/eschringen.de\\\/wordpress\\\/geschichte\\\/archiv\\\/13-10-2013-entspannter-3-tag-der-offenen-tuer-in-der-ehemaligen-grundschule\\\/\"]}]},{\"@type\":\"ImageObject\",\"inLanguage\":\"de\",\"@id\":\"https:\\\/\\\/eschringen.de\\\/wordpress\\\/geschichte\\\/archiv\\\/13-10-2013-entspannter-3-tag-der-offenen-tuer-in-der-ehemaligen-grundschule\\\/#primaryimage\",\"url\":\"https:\\\/\\\/i0.wp.com\\\/eschringen.de\\\/wordpress\\\/wp-content\\\/uploads\\\/2024\\\/11\\\/TdoT13D.jpg?fit=400%2C300&ssl=1\",\"contentUrl\":\"https:\\\/\\\/i0.wp.com\\\/eschringen.de\\\/wordpress\\\/wp-content\\\/uploads\\\/2024\\\/11\\\/TdoT13D.jpg?fit=400%2C300&ssl=1\",\"width\":400,\"height\":300},{\"@type\":\"BreadcrumbList\",\"@id\":\"https:\\\/\\\/eschringen.de\\\/wordpress\\\/geschichte\\\/archiv\\\/13-10-2013-entspannter-3-tag-der-offenen-tuer-in-der-ehemaligen-grundschule\\\/#breadcrumb\",\"itemListElement\":[{\"@type\":\"ListItem\",\"position\":1,\"name\":\"Startseite\",\"item\":\"https:\\\/\\\/eschringen.de\\\/wordpress\\\/\"},{\"@type\":\"ListItem\",\"position\":2,\"name\":\"Geschichte\",\"item\":\"https:\\\/\\\/eschringen.de\\\/wordpress\\\/geschichte\\\/\"},{\"@type\":\"ListItem\",\"position\":3,\"name\":\"Archiv\",\"item\":\"https:\\\/\\\/eschringen.de\\\/wordpress\\\/geschichte\\\/archiv\\\/\"},{\"@type\":\"ListItem\",\"position\":4,\"name\":\"13.10.2013: Entspannter 3. Tag der offenen T\u00fcr in der ehemaligen Grundschule\"}]},{\"@type\":\"WebSite\",\"@id\":\"https:\\\/\\\/eschringen.de\\\/wordpress\\\/#website\",\"url\":\"https:\\\/\\\/eschringen.de\\\/wordpress\\\/\",\"name\":\"Eschringen\",\"description\":\"\",\"publisher\":{\"@id\":\"https:\\\/\\\/eschringen.de\\\/wordpress\\\/#organization\"},\"potentialAction\":[{\"@type\":\"SearchAction\",\"target\":{\"@type\":\"EntryPoint\",\"urlTemplate\":\"https:\\\/\\\/eschringen.de\\\/wordpress\\\/?s={search_term_string}\"},\"query-input\":{\"@type\":\"PropertyValueSpecification\",\"valueRequired\":true,\"valueName\":\"search_term_string\"}}],\"inLanguage\":\"de\"},{\"@type\":\"Organization\",\"@id\":\"https:\\\/\\\/eschringen.de\\\/wordpress\\\/#organization\",\"name\":\"Eschringen\",\"url\":\"https:\\\/\\\/eschringen.de\\\/wordpress\\\/\",\"logo\":{\"@type\":\"ImageObject\",\"inLanguage\":\"de\",\"@id\":\"https:\\\/\\\/eschringen.de\\\/wordpress\\\/#\\\/schema\\\/logo\\\/image\\\/\",\"url\":\"https:\\\/\\\/eschringen.de\\\/wordpress\\\/wp-content\\\/uploads\\\/2017\\\/03\\\/2017_kw15.jpg\",\"contentUrl\":\"https:\\\/\\\/eschringen.de\\\/wordpress\\\/wp-content\\\/uploads\\\/2017\\\/03\\\/2017_kw15.jpg\",\"width\":784,\"height\":447,\"caption\":\"Eschringen\"},\"image\":{\"@id\":\"https:\\\/\\\/eschringen.de\\\/wordpress\\\/#\\\/schema\\\/logo\\\/image\\\/\"}}]}<\/script>\n<!-- \/ Yoast SEO plugin. -->","yoast_head_json":{"title":"13.10.2013: Entspannter 3. Tag der offenen T\u00fcr in der ehemaligen Grundschule - Eschringen","robots":{"index":"index","follow":"follow","max-snippet":"max-snippet:-1","max-image-preview":"max-image-preview:large","max-video-preview":"max-video-preview:-1"},"canonical":"https:\/\/eschringen.de\/wordpress\/geschichte\/archiv\/13-10-2013-entspannter-3-tag-der-offenen-tuer-in-der-ehemaligen-grundschule\/","og_locale":"de_DE","og_type":"article","og_title":"13.10.2013: Entspannter 3. Tag der offenen T\u00fcr in der ehemaligen Grundschule - Eschringen","og_description":"Einen Massenandrang hatte es beim dritten \u201eTag der offenen T\u00fcr\u201c, zu dem die AG Eschringer Vereine e. V. die B\u00fcrgerinnen und B\u00fcrger in die alte Schule eingeladen zwar nicht gegeben, aber bei goldenem Herbstwetter fanden dann doch, vor allem am sp\u00e4ten Nachmittag, etliche Interessierte den Weg in das sich weiter entwickelnde Dorfgemeinschaftshaus. Flei\u00dfige Helfer(innen) aus ... Weiterlesen ...","og_url":"https:\/\/eschringen.de\/wordpress\/geschichte\/archiv\/13-10-2013-entspannter-3-tag-der-offenen-tuer-in-der-ehemaligen-grundschule\/","og_site_name":"Eschringen","article_modified_time":"2024-11-24T11:43:53+00:00","og_image":[{"url":"https:\/\/eschringen.de\/wordpress\/wp-content\/uploads\/2024\/11\/TdoT13D.jpg","type":"","width":"","height":""}],"twitter_card":"summary_large_image","twitter_misc":{"Gesch\u00e4tzte Lesezeit":"3\u00a0Minuten"},"schema":{"@context":"https:\/\/schema.org","@graph":[{"@type":"WebPage","@id":"https:\/\/eschringen.de\/wordpress\/geschichte\/archiv\/13-10-2013-entspannter-3-tag-der-offenen-tuer-in-der-ehemaligen-grundschule\/","url":"https:\/\/eschringen.de\/wordpress\/geschichte\/archiv\/13-10-2013-entspannter-3-tag-der-offenen-tuer-in-der-ehemaligen-grundschule\/","name":"13.10.2013: Entspannter 3. Tag der offenen T\u00fcr in der ehemaligen Grundschule - Eschringen","isPartOf":{"@id":"https:\/\/eschringen.de\/wordpress\/#website"},"primaryImageOfPage":{"@id":"https:\/\/eschringen.de\/wordpress\/geschichte\/archiv\/13-10-2013-entspannter-3-tag-der-offenen-tuer-in-der-ehemaligen-grundschule\/#primaryimage"},"image":{"@id":"https:\/\/eschringen.de\/wordpress\/geschichte\/archiv\/13-10-2013-entspannter-3-tag-der-offenen-tuer-in-der-ehemaligen-grundschule\/#primaryimage"},"thumbnailUrl":"https:\/\/eschringen.de\/wordpress\/wp-content\/uploads\/2024\/11\/TdoT13D.jpg","datePublished":"2017-02-16T21:21:13+00:00","dateModified":"2024-11-24T11:43:53+00:00","breadcrumb":{"@id":"https:\/\/eschringen.de\/wordpress\/geschichte\/archiv\/13-10-2013-entspannter-3-tag-der-offenen-tuer-in-der-ehemaligen-grundschule\/#breadcrumb"},"inLanguage":"de","potentialAction":[{"@type":"ReadAction","target":["https:\/\/eschringen.de\/wordpress\/geschichte\/archiv\/13-10-2013-entspannter-3-tag-der-offenen-tuer-in-der-ehemaligen-grundschule\/"]}]},{"@type":"ImageObject","inLanguage":"de","@id":"https:\/\/eschringen.de\/wordpress\/geschichte\/archiv\/13-10-2013-entspannter-3-tag-der-offenen-tuer-in-der-ehemaligen-grundschule\/#primaryimage","url":"https:\/\/i0.wp.com\/eschringen.de\/wordpress\/wp-content\/uploads\/2024\/11\/TdoT13D.jpg?fit=400%2C300&ssl=1","contentUrl":"https:\/\/i0.wp.com\/eschringen.de\/wordpress\/wp-content\/uploads\/2024\/11\/TdoT13D.jpg?fit=400%2C300&ssl=1","width":400,"height":300},{"@type":"BreadcrumbList","@id":"https:\/\/eschringen.de\/wordpress\/geschichte\/archiv\/13-10-2013-entspannter-3-tag-der-offenen-tuer-in-der-ehemaligen-grundschule\/#breadcrumb","itemListElement":[{"@type":"ListItem","position":1,"name":"Startseite","item":"https:\/\/eschringen.de\/wordpress\/"},{"@type":"ListItem","position":2,"name":"Geschichte","item":"https:\/\/eschringen.de\/wordpress\/geschichte\/"},{"@type":"ListItem","position":3,"name":"Archiv","item":"https:\/\/eschringen.de\/wordpress\/geschichte\/archiv\/"},{"@type":"ListItem","position":4,"name":"13.10.2013: Entspannter 3. Tag der offenen T\u00fcr in der ehemaligen Grundschule"}]},{"@type":"WebSite","@id":"https:\/\/eschringen.de\/wordpress\/#website","url":"https:\/\/eschringen.de\/wordpress\/","name":"Eschringen","description":"","publisher":{"@id":"https:\/\/eschringen.de\/wordpress\/#organization"},"potentialAction":[{"@type":"SearchAction","target":{"@type":"EntryPoint","urlTemplate":"https:\/\/eschringen.de\/wordpress\/?s={search_term_string}"},"query-input":{"@type":"PropertyValueSpecification","valueRequired":true,"valueName":"search_term_string"}}],"inLanguage":"de"},{"@type":"Organization","@id":"https:\/\/eschringen.de\/wordpress\/#organization","name":"Eschringen","url":"https:\/\/eschringen.de\/wordpress\/","logo":{"@type":"ImageObject","inLanguage":"de","@id":"https:\/\/eschringen.de\/wordpress\/#\/schema\/logo\/image\/","url":"https:\/\/eschringen.de\/wordpress\/wp-content\/uploads\/2017\/03\/2017_kw15.jpg","contentUrl":"https:\/\/eschringen.de\/wordpress\/wp-content\/uploads\/2017\/03\/2017_kw15.jpg","width":784,"height":447,"caption":"Eschringen"},"image":{"@id":"https:\/\/eschringen.de\/wordpress\/#\/schema\/logo\/image\/"}}]}},"jetpack_sharing_enabled":true,"_links":{"self":[{"href":"https:\/\/eschringen.de\/wordpress\/wp-json\/wp\/v2\/pages\/766","targetHints":{"allow":["GET"]}}],"collection":[{"href":"https:\/\/eschringen.de\/wordpress\/wp-json\/wp\/v2\/pages"}],"about":[{"href":"https:\/\/eschringen.de\/wordpress\/wp-json\/wp\/v2\/types\/page"}],"author":[{"embeddable":true,"href":"https:\/\/eschringen.de\/wordpress\/wp-json\/wp\/v2\/users\/1"}],"replies":[{"embeddable":true,"href":"https:\/\/eschringen.de\/wordpress\/wp-json\/wp\/v2\/comments?post=766"}],"version-history":[{"count":2,"href":"https:\/\/eschringen.de\/wordpress\/wp-json\/wp\/v2\/pages\/766\/revisions"}],"predecessor-version":[{"id":4742,"href":"https:\/\/eschringen.de\/wordpress\/wp-json\/wp\/v2\/pages\/766\/revisions\/4742"}],"up":[{"embeddable":true,"href":"https:\/\/eschringen.de\/wordpress\/wp-json\/wp\/v2\/pages\/403"}],"wp:attachment":[{"href":"https:\/\/eschringen.de\/wordpress\/wp-json\/wp\/v2\/media?parent=766"}],"curies":[{"name":"wp","href":"https:\/\/api.w.org\/{rel}","templated":true}]}}