{"id":764,"date":"2017-02-16T22:19:13","date_gmt":"2017-02-16T21:19:13","guid":{"rendered":"http:\/\/eschringen.de\/wordpress\/?page_id=764"},"modified":"2024-11-24T12:24:12","modified_gmt":"2024-11-24T11:24:12","slug":"22-11-2013-yannick-monot-helt-oncale-entfuehrten-an-den-mississippi","status":"publish","type":"page","link":"https:\/\/eschringen.de\/wordpress\/geschichte\/archiv\/22-11-2013-yannick-monot-helt-oncale-entfuehrten-an-den-mississippi\/","title":{"rendered":"22.11.2013: Yannick Monot &#038; Helt Oncale \u201eentf\u00fchrten\u201c an den Mississippi"},"content":{"rendered":"<p><img data-recalc-dims=\"1\" loading=\"lazy\" decoding=\"async\" class=\"alignright\" src=\"https:\/\/i0.wp.com\/eschringen.de\/wordpress\/wp-content\/uploads\/2024\/11\/MonotOncale2.jpg?resize=400%2C300&#038;ssl=1\" width=\"400\" height=\"300\" border=\"0\">Nat\u00fcrlich war es nur eine Scherzfrage von AG-Gesch\u00e4ftsf\u00fchrer Roland Schmitt, der nach der Begr\u00fc\u00dfung des Publikums die beiden Musiker fragte, ob sie auch was von GUNS N&#8216; ROSES im Repertoire h\u00e4tten, z. B. \u201eNovember Rain\u201c. Monot &amp; Oncale wollen jedenfalls mal \u00fcber eine Cajun-Version nachdenken! Trotz Dauerregens hatten sich u. a. sogar Besucher aus der Pfalz auf den Weg in die ehemalige Eschringer Grundschule gemacht. Und sie sollten es nicht bereuen!<\/p>\n<p><img data-recalc-dims=\"1\" loading=\"lazy\" decoding=\"async\" class=\"alignleft\" src=\"https:\/\/i0.wp.com\/eschringen.de\/wordpress\/wp-content\/uploads\/2024\/11\/MonotOncaleEsch.jpg?resize=400%2C533&#038;ssl=1\" width=\"400\" height=\"533\" border=\"0\">Denn Yannick Monot, der bereits 2006 im Gasthaus \u201eZur Post\u201c als Solist aufgetreten war, und sein Kompagnon Helt Oncale, ein waschechter \u201eNew Orleanser\u201c, waren gut drauf und legten gleich mit flotten Tanzliedern, den typischen \u201eTwo Steps\u201c, los. Dabei zeigte Monot sein K\u00f6nnen vor allem als Akkordeonist (er hatte gleich drei verschiedene Instrumente mitgebracht) und Mundharmonikaspieler. Dem stand Oncale als Fiddler und brillanter Gitarrist in nichts nach. Neben den f\u00fcr den S\u00fcden Louisianas charakteristischen Cajun- und Zydeco-St\u00fccken bauten die Zwei immer auch Klassiker des Rock&#8217;n&#8217;Roll und Rhythm &amp; Blues ein, so z. B. \u201eRoute 66\u201c oder \u201eWalking To New Orleans\u201c, wobei Oncale mit seiner einschmeichelnden, aber ausdrucksstarken Stimme den Songs den n\u00f6tigen Pep verlieh. Im Gegenzug sang Monot sehr einf\u00fchlsam franz\u00f6sischsprachige Cajun-Songs und -Balladen, z. B. das selbst komponierte \u201eLa petite Coco\u201c. Auch Oncale belegte sein K\u00f6nnen als Songwriter, u. a. in dem swingenden Blues-Shuffle \u201eBack Home To Memphis\u201c, wobei er einmal mehr sein ausgefeiltes Finger-Picking unter Beweis stellen konnte. So spielten sich die beiden immer wieder gegenseitig die solistischen \u201eB\u00e4lle\u201c zu, wenn Monot auf der Dobro als Slide-Gitarrist brillierte (in Son House&#8216; \u201eWalkin&#8216; Blues\u201c). Miteinander verbunden wurden die stilistisch sich abwechselnden Musikst\u00fccke durch vergn\u00fcgliche Geschichten, die beide in fast perfektem Deutsch darboten.<\/p>\n<p>Das vielf\u00e4ltige Repertoire basierte vor allem auf der aktuellen CD \u201eLet&#8217;s Go To New Orleans\u201c. Nach dem Zugabenteil endete ein rundum gelungener und unterhaltsamer Konzertabend, der gut gelaunte Zuh\u00f6rer und Akteure \u201emental gest\u00e4rkt\u201c in die nasskalte Nacht entlie\u00df.<\/p>\n<p><img data-recalc-dims=\"1\" loading=\"lazy\" decoding=\"async\" class=\"aligncenter\" src=\"https:\/\/i0.wp.com\/eschringen.de\/wordpress\/wp-content\/uploads\/2024\/11\/MonotOncale3.jpg?resize=800%2C450&#038;ssl=1\" width=\"800\" height=\"450\" border=\"0\"><\/p>\n","protected":false},"excerpt":{"rendered":"<p>Nat\u00fcrlich war es nur eine Scherzfrage von AG-Gesch\u00e4ftsf\u00fchrer Roland Schmitt, der nach der Begr\u00fc\u00dfung des Publikums die beiden Musiker fragte, ob sie auch was von GUNS N&#8216; ROSES im Repertoire h\u00e4tten, z. B. \u201eNovember Rain\u201c. Monot &amp; Oncale wollen jedenfalls mal \u00fcber eine Cajun-Version nachdenken! Trotz Dauerregens hatten sich u. a. sogar Besucher aus der &#8230; <a title=\"22.11.2013: Yannick Monot &#038; Helt Oncale \u201eentf\u00fchrten\u201c an den Mississippi\" class=\"read-more\" href=\"https:\/\/eschringen.de\/wordpress\/geschichte\/archiv\/22-11-2013-yannick-monot-helt-oncale-entfuehrten-an-den-mississippi\/\" aria-label=\"Mehr Informationen \u00fcber 22.11.2013: Yannick Monot &#038; Helt Oncale \u201eentf\u00fchrten\u201c an den Mississippi\">Weiterlesen &#8230;<\/a><\/p>\n","protected":false},"author":1,"featured_media":0,"parent":403,"menu_order":9,"comment_status":"closed","ping_status":"closed","template":"","meta":{"ngg_post_thumbnail":0,"footnotes":""},"class_list":["post-764","page","type-page","status-publish"],"yoast_head":"<!-- This site is optimized with the Yoast SEO plugin v27.4 - https:\/\/yoast.com\/product\/yoast-seo-wordpress\/ -->\n<title>22.11.2013: Yannick Monot &amp; Helt Oncale \u201eentf\u00fchrten\u201c an den Mississippi - Eschringen<\/title>\n<meta name=\"robots\" content=\"index, follow, max-snippet:-1, max-image-preview:large, max-video-preview:-1\" \/>\n<link rel=\"canonical\" href=\"https:\/\/eschringen.de\/wordpress\/geschichte\/archiv\/22-11-2013-yannick-monot-helt-oncale-entfuehrten-an-den-mississippi\/\" \/>\n<meta property=\"og:locale\" content=\"de_DE\" \/>\n<meta property=\"og:type\" content=\"article\" \/>\n<meta property=\"og:title\" content=\"22.11.2013: Yannick Monot &amp; Helt Oncale \u201eentf\u00fchrten\u201c an den Mississippi - Eschringen\" \/>\n<meta property=\"og:description\" content=\"Nat\u00fcrlich war es nur eine Scherzfrage von AG-Gesch\u00e4ftsf\u00fchrer Roland Schmitt, der nach der Begr\u00fc\u00dfung des Publikums die beiden Musiker fragte, ob sie auch was von GUNS N&#8216; ROSES im Repertoire h\u00e4tten, z. B. \u201eNovember Rain\u201c. Monot &amp; Oncale wollen jedenfalls mal \u00fcber eine Cajun-Version nachdenken! Trotz Dauerregens hatten sich u. a. sogar Besucher aus der ... Weiterlesen ...\" \/>\n<meta property=\"og:url\" content=\"https:\/\/eschringen.de\/wordpress\/geschichte\/archiv\/22-11-2013-yannick-monot-helt-oncale-entfuehrten-an-den-mississippi\/\" \/>\n<meta property=\"og:site_name\" content=\"Eschringen\" \/>\n<meta property=\"article:modified_time\" content=\"2024-11-24T11:24:12+00:00\" \/>\n<meta property=\"og:image\" content=\"https:\/\/eschringen.de\/wordpress\/wp-content\/uploads\/2024\/11\/MonotOncale2.jpg\" \/>\n<meta name=\"twitter:card\" content=\"summary_large_image\" \/>\n<meta name=\"twitter:label1\" content=\"Gesch\u00e4tzte Lesezeit\" \/>\n\t<meta name=\"twitter:data1\" content=\"3\u00a0Minuten\" \/>\n<script type=\"application\/ld+json\" class=\"yoast-schema-graph\">{\"@context\":\"https:\\\/\\\/schema.org\",\"@graph\":[{\"@type\":\"WebPage\",\"@id\":\"https:\\\/\\\/eschringen.de\\\/wordpress\\\/geschichte\\\/archiv\\\/22-11-2013-yannick-monot-helt-oncale-entfuehrten-an-den-mississippi\\\/\",\"url\":\"https:\\\/\\\/eschringen.de\\\/wordpress\\\/geschichte\\\/archiv\\\/22-11-2013-yannick-monot-helt-oncale-entfuehrten-an-den-mississippi\\\/\",\"name\":\"22.11.2013: Yannick Monot & Helt Oncale \u201eentf\u00fchrten\u201c an den Mississippi - Eschringen\",\"isPartOf\":{\"@id\":\"https:\\\/\\\/eschringen.de\\\/wordpress\\\/#website\"},\"primaryImageOfPage\":{\"@id\":\"https:\\\/\\\/eschringen.de\\\/wordpress\\\/geschichte\\\/archiv\\\/22-11-2013-yannick-monot-helt-oncale-entfuehrten-an-den-mississippi\\\/#primaryimage\"},\"image\":{\"@id\":\"https:\\\/\\\/eschringen.de\\\/wordpress\\\/geschichte\\\/archiv\\\/22-11-2013-yannick-monot-helt-oncale-entfuehrten-an-den-mississippi\\\/#primaryimage\"},\"thumbnailUrl\":\"https:\\\/\\\/eschringen.de\\\/wordpress\\\/wp-content\\\/uploads\\\/2024\\\/11\\\/MonotOncale2.jpg\",\"datePublished\":\"2017-02-16T21:19:13+00:00\",\"dateModified\":\"2024-11-24T11:24:12+00:00\",\"breadcrumb\":{\"@id\":\"https:\\\/\\\/eschringen.de\\\/wordpress\\\/geschichte\\\/archiv\\\/22-11-2013-yannick-monot-helt-oncale-entfuehrten-an-den-mississippi\\\/#breadcrumb\"},\"inLanguage\":\"de\",\"potentialAction\":[{\"@type\":\"ReadAction\",\"target\":[\"https:\\\/\\\/eschringen.de\\\/wordpress\\\/geschichte\\\/archiv\\\/22-11-2013-yannick-monot-helt-oncale-entfuehrten-an-den-mississippi\\\/\"]}]},{\"@type\":\"ImageObject\",\"inLanguage\":\"de\",\"@id\":\"https:\\\/\\\/eschringen.de\\\/wordpress\\\/geschichte\\\/archiv\\\/22-11-2013-yannick-monot-helt-oncale-entfuehrten-an-den-mississippi\\\/#primaryimage\",\"url\":\"https:\\\/\\\/i0.wp.com\\\/eschringen.de\\\/wordpress\\\/wp-content\\\/uploads\\\/2024\\\/11\\\/MonotOncale2.jpg?fit=400%2C300&ssl=1\",\"contentUrl\":\"https:\\\/\\\/i0.wp.com\\\/eschringen.de\\\/wordpress\\\/wp-content\\\/uploads\\\/2024\\\/11\\\/MonotOncale2.jpg?fit=400%2C300&ssl=1\",\"width\":400,\"height\":300},{\"@type\":\"BreadcrumbList\",\"@id\":\"https:\\\/\\\/eschringen.de\\\/wordpress\\\/geschichte\\\/archiv\\\/22-11-2013-yannick-monot-helt-oncale-entfuehrten-an-den-mississippi\\\/#breadcrumb\",\"itemListElement\":[{\"@type\":\"ListItem\",\"position\":1,\"name\":\"Startseite\",\"item\":\"https:\\\/\\\/eschringen.de\\\/wordpress\\\/\"},{\"@type\":\"ListItem\",\"position\":2,\"name\":\"Geschichte\",\"item\":\"https:\\\/\\\/eschringen.de\\\/wordpress\\\/geschichte\\\/\"},{\"@type\":\"ListItem\",\"position\":3,\"name\":\"Archiv\",\"item\":\"https:\\\/\\\/eschringen.de\\\/wordpress\\\/geschichte\\\/archiv\\\/\"},{\"@type\":\"ListItem\",\"position\":4,\"name\":\"22.11.2013: Yannick Monot &#038; Helt Oncale \u201eentf\u00fchrten\u201c an den Mississippi\"}]},{\"@type\":\"WebSite\",\"@id\":\"https:\\\/\\\/eschringen.de\\\/wordpress\\\/#website\",\"url\":\"https:\\\/\\\/eschringen.de\\\/wordpress\\\/\",\"name\":\"Eschringen\",\"description\":\"\",\"publisher\":{\"@id\":\"https:\\\/\\\/eschringen.de\\\/wordpress\\\/#organization\"},\"potentialAction\":[{\"@type\":\"SearchAction\",\"target\":{\"@type\":\"EntryPoint\",\"urlTemplate\":\"https:\\\/\\\/eschringen.de\\\/wordpress\\\/?s={search_term_string}\"},\"query-input\":{\"@type\":\"PropertyValueSpecification\",\"valueRequired\":true,\"valueName\":\"search_term_string\"}}],\"inLanguage\":\"de\"},{\"@type\":\"Organization\",\"@id\":\"https:\\\/\\\/eschringen.de\\\/wordpress\\\/#organization\",\"name\":\"Eschringen\",\"url\":\"https:\\\/\\\/eschringen.de\\\/wordpress\\\/\",\"logo\":{\"@type\":\"ImageObject\",\"inLanguage\":\"de\",\"@id\":\"https:\\\/\\\/eschringen.de\\\/wordpress\\\/#\\\/schema\\\/logo\\\/image\\\/\",\"url\":\"https:\\\/\\\/eschringen.de\\\/wordpress\\\/wp-content\\\/uploads\\\/2017\\\/03\\\/2017_kw15.jpg\",\"contentUrl\":\"https:\\\/\\\/eschringen.de\\\/wordpress\\\/wp-content\\\/uploads\\\/2017\\\/03\\\/2017_kw15.jpg\",\"width\":784,\"height\":447,\"caption\":\"Eschringen\"},\"image\":{\"@id\":\"https:\\\/\\\/eschringen.de\\\/wordpress\\\/#\\\/schema\\\/logo\\\/image\\\/\"}}]}<\/script>\n<!-- \/ Yoast SEO plugin. -->","yoast_head_json":{"title":"22.11.2013: Yannick Monot & Helt Oncale \u201eentf\u00fchrten\u201c an den Mississippi - Eschringen","robots":{"index":"index","follow":"follow","max-snippet":"max-snippet:-1","max-image-preview":"max-image-preview:large","max-video-preview":"max-video-preview:-1"},"canonical":"https:\/\/eschringen.de\/wordpress\/geschichte\/archiv\/22-11-2013-yannick-monot-helt-oncale-entfuehrten-an-den-mississippi\/","og_locale":"de_DE","og_type":"article","og_title":"22.11.2013: Yannick Monot & Helt Oncale \u201eentf\u00fchrten\u201c an den Mississippi - Eschringen","og_description":"Nat\u00fcrlich war es nur eine Scherzfrage von AG-Gesch\u00e4ftsf\u00fchrer Roland Schmitt, der nach der Begr\u00fc\u00dfung des Publikums die beiden Musiker fragte, ob sie auch was von GUNS N&#8216; ROSES im Repertoire h\u00e4tten, z. B. \u201eNovember Rain\u201c. Monot &amp; Oncale wollen jedenfalls mal \u00fcber eine Cajun-Version nachdenken! Trotz Dauerregens hatten sich u. a. sogar Besucher aus der ... Weiterlesen ...","og_url":"https:\/\/eschringen.de\/wordpress\/geschichte\/archiv\/22-11-2013-yannick-monot-helt-oncale-entfuehrten-an-den-mississippi\/","og_site_name":"Eschringen","article_modified_time":"2024-11-24T11:24:12+00:00","og_image":[{"url":"https:\/\/eschringen.de\/wordpress\/wp-content\/uploads\/2024\/11\/MonotOncale2.jpg","type":"","width":"","height":""}],"twitter_card":"summary_large_image","twitter_misc":{"Gesch\u00e4tzte Lesezeit":"3\u00a0Minuten"},"schema":{"@context":"https:\/\/schema.org","@graph":[{"@type":"WebPage","@id":"https:\/\/eschringen.de\/wordpress\/geschichte\/archiv\/22-11-2013-yannick-monot-helt-oncale-entfuehrten-an-den-mississippi\/","url":"https:\/\/eschringen.de\/wordpress\/geschichte\/archiv\/22-11-2013-yannick-monot-helt-oncale-entfuehrten-an-den-mississippi\/","name":"22.11.2013: Yannick Monot & Helt Oncale \u201eentf\u00fchrten\u201c an den Mississippi - Eschringen","isPartOf":{"@id":"https:\/\/eschringen.de\/wordpress\/#website"},"primaryImageOfPage":{"@id":"https:\/\/eschringen.de\/wordpress\/geschichte\/archiv\/22-11-2013-yannick-monot-helt-oncale-entfuehrten-an-den-mississippi\/#primaryimage"},"image":{"@id":"https:\/\/eschringen.de\/wordpress\/geschichte\/archiv\/22-11-2013-yannick-monot-helt-oncale-entfuehrten-an-den-mississippi\/#primaryimage"},"thumbnailUrl":"https:\/\/eschringen.de\/wordpress\/wp-content\/uploads\/2024\/11\/MonotOncale2.jpg","datePublished":"2017-02-16T21:19:13+00:00","dateModified":"2024-11-24T11:24:12+00:00","breadcrumb":{"@id":"https:\/\/eschringen.de\/wordpress\/geschichte\/archiv\/22-11-2013-yannick-monot-helt-oncale-entfuehrten-an-den-mississippi\/#breadcrumb"},"inLanguage":"de","potentialAction":[{"@type":"ReadAction","target":["https:\/\/eschringen.de\/wordpress\/geschichte\/archiv\/22-11-2013-yannick-monot-helt-oncale-entfuehrten-an-den-mississippi\/"]}]},{"@type":"ImageObject","inLanguage":"de","@id":"https:\/\/eschringen.de\/wordpress\/geschichte\/archiv\/22-11-2013-yannick-monot-helt-oncale-entfuehrten-an-den-mississippi\/#primaryimage","url":"https:\/\/i0.wp.com\/eschringen.de\/wordpress\/wp-content\/uploads\/2024\/11\/MonotOncale2.jpg?fit=400%2C300&ssl=1","contentUrl":"https:\/\/i0.wp.com\/eschringen.de\/wordpress\/wp-content\/uploads\/2024\/11\/MonotOncale2.jpg?fit=400%2C300&ssl=1","width":400,"height":300},{"@type":"BreadcrumbList","@id":"https:\/\/eschringen.de\/wordpress\/geschichte\/archiv\/22-11-2013-yannick-monot-helt-oncale-entfuehrten-an-den-mississippi\/#breadcrumb","itemListElement":[{"@type":"ListItem","position":1,"name":"Startseite","item":"https:\/\/eschringen.de\/wordpress\/"},{"@type":"ListItem","position":2,"name":"Geschichte","item":"https:\/\/eschringen.de\/wordpress\/geschichte\/"},{"@type":"ListItem","position":3,"name":"Archiv","item":"https:\/\/eschringen.de\/wordpress\/geschichte\/archiv\/"},{"@type":"ListItem","position":4,"name":"22.11.2013: Yannick Monot &#038; Helt Oncale \u201eentf\u00fchrten\u201c an den Mississippi"}]},{"@type":"WebSite","@id":"https:\/\/eschringen.de\/wordpress\/#website","url":"https:\/\/eschringen.de\/wordpress\/","name":"Eschringen","description":"","publisher":{"@id":"https:\/\/eschringen.de\/wordpress\/#organization"},"potentialAction":[{"@type":"SearchAction","target":{"@type":"EntryPoint","urlTemplate":"https:\/\/eschringen.de\/wordpress\/?s={search_term_string}"},"query-input":{"@type":"PropertyValueSpecification","valueRequired":true,"valueName":"search_term_string"}}],"inLanguage":"de"},{"@type":"Organization","@id":"https:\/\/eschringen.de\/wordpress\/#organization","name":"Eschringen","url":"https:\/\/eschringen.de\/wordpress\/","logo":{"@type":"ImageObject","inLanguage":"de","@id":"https:\/\/eschringen.de\/wordpress\/#\/schema\/logo\/image\/","url":"https:\/\/eschringen.de\/wordpress\/wp-content\/uploads\/2017\/03\/2017_kw15.jpg","contentUrl":"https:\/\/eschringen.de\/wordpress\/wp-content\/uploads\/2017\/03\/2017_kw15.jpg","width":784,"height":447,"caption":"Eschringen"},"image":{"@id":"https:\/\/eschringen.de\/wordpress\/#\/schema\/logo\/image\/"}}]}},"jetpack_sharing_enabled":true,"_links":{"self":[{"href":"https:\/\/eschringen.de\/wordpress\/wp-json\/wp\/v2\/pages\/764","targetHints":{"allow":["GET"]}}],"collection":[{"href":"https:\/\/eschringen.de\/wordpress\/wp-json\/wp\/v2\/pages"}],"about":[{"href":"https:\/\/eschringen.de\/wordpress\/wp-json\/wp\/v2\/types\/page"}],"author":[{"embeddable":true,"href":"https:\/\/eschringen.de\/wordpress\/wp-json\/wp\/v2\/users\/1"}],"replies":[{"embeddable":true,"href":"https:\/\/eschringen.de\/wordpress\/wp-json\/wp\/v2\/comments?post=764"}],"version-history":[{"count":2,"href":"https:\/\/eschringen.de\/wordpress\/wp-json\/wp\/v2\/pages\/764\/revisions"}],"predecessor-version":[{"id":4736,"href":"https:\/\/eschringen.de\/wordpress\/wp-json\/wp\/v2\/pages\/764\/revisions\/4736"}],"up":[{"embeddable":true,"href":"https:\/\/eschringen.de\/wordpress\/wp-json\/wp\/v2\/pages\/403"}],"wp:attachment":[{"href":"https:\/\/eschringen.de\/wordpress\/wp-json\/wp\/v2\/media?parent=764"}],"curies":[{"name":"wp","href":"https:\/\/api.w.org\/{rel}","templated":true}]}}