{"id":755,"date":"2017-02-16T22:01:04","date_gmt":"2017-02-16T21:01:04","guid":{"rendered":"http:\/\/eschringen.de\/wordpress\/?page_id=755"},"modified":"2022-08-20T09:23:57","modified_gmt":"2022-08-20T07:23:57","slug":"brunnen","status":"publish","type":"page","link":"https:\/\/eschringen.de\/wordpress\/der-ort\/sehenswertes\/brunnen\/","title":{"rendered":"Brunnen"},"content":{"rendered":"\n<p>Die heute noch in Eschringen existierenden Brunnen haben entweder ihren urspr\u00fcnglichen Standort ge\u00e4ndert (z. B. Willerbrunnen) oder sind quasi k\u00fcnstlicher Natur (z. B. B\u00e4rentrischbrunnen). Vom Klingelbrunnen ist nur noch die Quelle \u00fcbrig geblieben; sein Name aber deutet daraufhin, dass hier in fr\u00fcherer Zeit ein Trog (wohl f\u00fcr eine Viehtr\u00e4nke) existiert haben muss.<br>Bis zur Einf\u00fchrung der zentralen Wasserversorgung zu Beginn des 20. Jahrhunderts gab es noch in vielen privaten Haushalten\/H\u00f6fen die \u201eklassischen\u201c Pumpbrunnen. In einigen alten H\u00e4usern sind nebenbei noch mehr oder minder funktionst\u00fcchtige Brunnenstuben vorhanden (z. B. Eschringer Hof).<\/p>\n\n\n<div class=\"wp-block-image\">\n<figure class=\"alignright size-full\"><img data-recalc-dims=\"1\" loading=\"lazy\" decoding=\"async\" width=\"350\" height=\"310\" src=\"https:\/\/i0.wp.com\/eschringen.de\/wordpress\/wp-content\/uploads\/2022\/08\/Willerbrunnen-1.jpg?resize=350%2C310&#038;ssl=1\" alt=\"\" class=\"wp-image-3631\" srcset=\"https:\/\/i0.wp.com\/eschringen.de\/wordpress\/wp-content\/uploads\/2022\/08\/Willerbrunnen-1.jpg?w=350&amp;ssl=1 350w, https:\/\/i0.wp.com\/eschringen.de\/wordpress\/wp-content\/uploads\/2022\/08\/Willerbrunnen-1.jpg?resize=300%2C266&amp;ssl=1 300w\" sizes=\"auto, (max-width: 350px) 100vw, 350px\" \/><\/figure>\n<\/div>\n\n\n<p>Der <strong>Willerbrunnen<\/strong><br>Wenn wir auch nicht wissen, wo genau sich der erste \u201eWillerbrunnen\u201c befand, so d\u00fcrfte er gewiss der \u00e4lteste bekannte Brunnen auf Eschringer Gemarkung sein. Sein Name geht zur\u00fcck auf die gallo-r\u00f6mische Siedlung, vor allem auf die r\u00f6mische \u201e<a href=\"http:\/\/eschringen.de\/wordpress\/geschichte\/zeittafel\/die-roemer-in-eschringen\/\">villa rustica<\/a>\u201c, die sich beiderseits des Bliesransbacher Weges befand. Namentlich taucht er erstmals in dem wadgassischen G\u00fcterverzeichnis von 1603 als \u201eWielkersborn\u201c auf. Dann verliert sich seine Spur, bis er im 19. Jahrhundert auf Landkarten als \u201eWillersbrunnen\u201c wieder eingezeichnet wird. Besondere Bedeutung erfuhr diese Hangquelle bez\u00fcglich des Baus der ersten Eschringer Wasserleitung in den Jahren 1907\/08. Da wurde in der N\u00e4he des alten Willerbrunnens ein erster Wasserbeh\u00e4lter errichtet. Viele Jahrzehnte sp\u00e4ter fand sich dann auch ein neuer Standort f\u00fcr den Willerbrunen. 1975 baute Norbert Adt einen neuen Brunnen in der N\u00e4he der Schule, der mittels einer Fallleitung vom \u00dcberlauf des Wasserbeh\u00e4lters mit Wasser versorgt wurde. Die Patenschaft f\u00fcr den Willerbrunnen \u00fcbernahm der Musikverein \u201eLyra\u201c. Der Zahn der Zeit fra\u00df schlie\u00dflich an der Brunnenfassung, so dass eine Renovierung erforderlich wurde. Unter der Federf\u00fchrung von Karl Schweitzer wurde der Willerbrunnen vom MV \u201eLyra\u201c neu errichtet und am 1. Mai 1998 feierlich eingeweiht.<\/p>\n\n\n\n<p>Der <strong><a href=\"http:\/\/www.eschringen.de\/cms\/front_content.php?idcatart=333&amp;lang=1\">Laurentiusbrunnen<\/a><\/strong><\/p>\n\n\n\n<p>Die <a href=\"http:\/\/eschringen.de\/wordpress\/geschichte\/sagen\/die-alte-sage-vom-laurentiusbrunnen\/\">Sage<\/a>&nbsp;von der verschwundenen Laurentiusfigur, in der ein altes, fast erblindetes M\u00fctterlein wieder sehend geworden sein soll, sprach sich in der Umgebung bald herum. Bis in die 1940er Jahre kamen Menschen zum (originalen) \u201eLorenzebrunne\u201c, um f\u00fcr jedwede Augenleiden sich Wasser mitzuholen. Ein Artikel in der Saarbr\u00fccker Zeitung (v. 3.9.1931) beschreibt ihn als \u201e&#8230;ausgemauerten Brunnen, zu dem einige Stufen hinunterf\u00fchrten.\u201c Nach Recherchen von Gabriele Oberhauser war er \u201e&#8230;aus Muschelkalksteinen halbrund gemauert, die Quelle kam aus der Erde, Steinstufen f\u00fchrten zu ihr hinab.\u201c<\/p>\n\n\n\n<p>Der <strong>B\u00e4rentrischbrunnen<\/strong><\/p>\n\n\n<div class=\"wp-block-image\">\n<figure class=\"alignleft size-full\"><img data-recalc-dims=\"1\" loading=\"lazy\" decoding=\"async\" width=\"295\" height=\"350\" src=\"https:\/\/i0.wp.com\/eschringen.de\/wordpress\/wp-content\/uploads\/2022\/08\/Baerentrisch-1.jpg?resize=295%2C350&#038;ssl=1\" alt=\"\" class=\"wp-image-3555\" srcset=\"https:\/\/i0.wp.com\/eschringen.de\/wordpress\/wp-content\/uploads\/2022\/08\/Baerentrisch-1.jpg?w=295&amp;ssl=1 295w, https:\/\/i0.wp.com\/eschringen.de\/wordpress\/wp-content\/uploads\/2022\/08\/Baerentrisch-1.jpg?resize=253%2C300&amp;ssl=1 253w\" sizes=\"auto, (max-width: 295px) 100vw, 295px\" \/><\/figure>\n<\/div>\n\n\n<p>Im Jahre 1922 wurde zwecks Verbesserung und Erweiterung des Wasserleitungssystems am Gr\u00e4finthaler Weg auf der Flur \u201eB\u00e4rentrisch\u201c ein zweiter Wasserhochbeh\u00e4lter errichtet. Den \u00dcberlaufbrunnen gestaltete 1981 erneut Norbert Adt zu einem mit einer Betonschale gefassten Brunnen. Die Patenschaft hierf\u00fcr \u00fcbernahm der Deutsche Bund f\u00fcr Vogelschutz, Ortsgruppe Eschringen-Ensheim (jetzt Naturschutzbund). Der Flurname \u201eB\u00e4rentrisch\u201c setzt sich vermutlich aus \u201eBeeren\u201c (es hat dort einst Brombeerhecken gegeben) und dem alten Wort \u201eTriesch\u201c (= Brachland) zusammen.<br>Der <strong>Sittersbrunnern<br><\/strong><br>Kaum bekannt ist ein weiterer Brunnen, den wiederum Norbert Adt in den 1980er Jahren unweit des Wasserbeh\u00e4lters in der <strong>Sitters<\/strong> (= <strong>seit<\/strong>w\u00e4rts liegendes Feld oder Waldst\u00fcck) errichtete. Eigentlich hat er keinen besonderen Namen; der Lage wegen \u201etaufen\u201c wir ihn einfach \u201eSittersbrunnen\u201c. Er wurde ebenfalls als \u00dcberlaufbrunnen konzipiert. Sein Wasser l\u00e4uft in ein Rinnsal, das bei entsprechendem Niederschlag in den Kimmbach flie\u00dft.<\/p>\n\n\n\n<p>Der <strong>Klingelbrunnen<\/strong><\/p>\n\n\n\n<p>Bei \u00e4lteren Mitb\u00fcrgern ist der Klingelbrunnen noch ein Begriff. Er befindet sich in der N\u00e4he der M\u00fcndung des Puhschbachs in den Eschringer Bach. In der Vergangenheit diente diese Sturzquelle als Viehtr\u00e4nke, d\u00fcrfte wohl mit einem Trog aus Stein oder Holz versehen gewesen sein.<br>Der Volkskundler Schandein gibt bei seiner Aufzeichnung der \u201e<a href=\"http:\/\/eschringen.de\/wordpress\/geschichte\/sagen\/das-versunkene-gloecklein\/\">Sage vom silbernen Gl\u00f6cklein<\/a>\u201c zwar keine genaue Ortsbeschreibung, aber es ist anzunehmen, da\u00df damit der Klingelbrunnen oder der nahe Puhschbach gemeint ist.<\/p>\n\n\n\n<p>Zu den verschwundenen bzw. nicht mehr genutzten Brunnen geh\u00f6rt<\/p>\n\n\n\n<p>Der <strong>Kapellenbrunnen<br><\/strong><br>In der N\u00e4he der St. Laurentiuskapelle war sicher seit alters her ein Brunnen vorhanden gewesen. Im Jahre 1876 hatte die Gemeinde f\u00fcr die Neuanlage des Brunnens an der Kapelle 490 Mark berappen m\u00fcssen. Noch heute existiert eine Brunnenstube. Versuche der Initiative bzw. der AG Eschringer Vereine hinsichtlich der Wiedereinrichtung mit einer Schwengelpumpe scheiterten sowohl 1989 als auch 2004\/2005.<\/p>\n\n\n\n<p>Der <strong>Hembachbrunnen<\/strong><\/p>\n\n\n\n<p>Bis Ende der 1940er Jahre gab es in der heutigen Karl-Leidinger-Stra\u00dfe\/Ecke In der Hembach einen Laufbrunnen, der vornehmlich als Viehtr\u00e4nke genutzt wurde. Er wurde mit dem Wasser des Hembachs \u00fcber eine Rohrleitung gespeist, das sich in einen betonierten Trog ergoss.<\/p>\n\n\n\n<p>Der <strong>Wurzelbrunnen<\/strong><\/p>\n\n\n\n<p>Der kaum noch bekannte Wurzelbrunnen liegt unmittelbar an der Grenze zwischen Bliesransbach und Eschringen, unweit des Gr\u00e4finthaler Weges, und zwar auf Bliesransbacher Bann. Er wurde erstmals urkundlich erw\u00e4hnt in einem Dokument aus dem Jahre 1740. Diese Wasserstelle soll noch bis in die 1960er Jahre hinein existiert haben und war von einer Schwarzdornhecke umgeben. Inzwischen ist der Wurzelbrunnen verschwunden; er scheint versiegt oder zugesch\u00fcttet worden zu sein.<\/p>\n\n\n\n<p>Literaturhinweis: Von B\u00e4chen und Brunnen, von Quellen und Teichen. Beitr\u00e4ge zu den Gew\u00e4ssern Eschringens sowie zur Geschichte der Trinkwasserversorgung \/ von Frank Baur&#8230;Hrsg.: Roland Schmitt. Saarbr\u00fccken-Eschringen 1998. (Eschringer Hefte 3\/1)<\/p>\n\n\n\n<p><a href=\"http:\/\/eschringen.de\/wordpress\/der-ort\/sehenswertes\/\">zur\u00fcck zu Sehenswertes<\/a><\/p>\n","protected":false},"excerpt":{"rendered":"<p>Die heute noch in Eschringen existierenden Brunnen haben entweder ihren urspr\u00fcnglichen Standort ge\u00e4ndert (z. B. Willerbrunnen) oder sind quasi k\u00fcnstlicher Natur (z. B. B\u00e4rentrischbrunnen). Vom Klingelbrunnen ist nur noch die Quelle \u00fcbrig geblieben; sein Name aber deutet daraufhin, dass hier in fr\u00fcherer Zeit ein Trog (wohl f\u00fcr eine Viehtr\u00e4nke) existiert haben muss.Bis zur Einf\u00fchrung der &#8230; <a title=\"Brunnen\" class=\"read-more\" href=\"https:\/\/eschringen.de\/wordpress\/der-ort\/sehenswertes\/brunnen\/\" aria-label=\"Mehr Informationen \u00fcber Brunnen\">Weiterlesen &#8230;<\/a><\/p>\n","protected":false},"author":1,"featured_media":0,"parent":121,"menu_order":10,"comment_status":"closed","ping_status":"closed","template":"","meta":{"ngg_post_thumbnail":0,"footnotes":""},"class_list":["post-755","page","type-page","status-publish"],"yoast_head":"<!-- This site is optimized with the Yoast SEO plugin v27.4 - https:\/\/yoast.com\/product\/yoast-seo-wordpress\/ -->\n<title>Brunnen - Eschringen<\/title>\n<meta name=\"robots\" content=\"index, follow, max-snippet:-1, max-image-preview:large, max-video-preview:-1\" \/>\n<link rel=\"canonical\" href=\"https:\/\/eschringen.de\/wordpress\/der-ort\/sehenswertes\/brunnen\/\" \/>\n<meta property=\"og:locale\" content=\"de_DE\" \/>\n<meta property=\"og:type\" content=\"article\" \/>\n<meta property=\"og:title\" content=\"Brunnen - Eschringen\" \/>\n<meta property=\"og:description\" content=\"Die heute noch in Eschringen existierenden Brunnen haben entweder ihren urspr\u00fcnglichen Standort ge\u00e4ndert (z. B. Willerbrunnen) oder sind quasi k\u00fcnstlicher Natur (z. B. B\u00e4rentrischbrunnen). Vom Klingelbrunnen ist nur noch die Quelle \u00fcbrig geblieben; sein Name aber deutet daraufhin, dass hier in fr\u00fcherer Zeit ein Trog (wohl f\u00fcr eine Viehtr\u00e4nke) existiert haben muss.Bis zur Einf\u00fchrung der ... Weiterlesen ...\" \/>\n<meta property=\"og:url\" content=\"https:\/\/eschringen.de\/wordpress\/der-ort\/sehenswertes\/brunnen\/\" \/>\n<meta property=\"og:site_name\" content=\"Eschringen\" \/>\n<meta property=\"article:modified_time\" content=\"2022-08-20T07:23:57+00:00\" \/>\n<meta property=\"og:image\" content=\"https:\/\/eschringen.de\/wordpress\/wp-content\/uploads\/2022\/08\/Willerbrunnen-1.jpg\" \/>\n<meta name=\"twitter:card\" content=\"summary_large_image\" \/>\n<meta name=\"twitter:label1\" content=\"Gesch\u00e4tzte Lesezeit\" \/>\n\t<meta name=\"twitter:data1\" content=\"5\u00a0Minuten\" \/>\n<script type=\"application\/ld+json\" class=\"yoast-schema-graph\">{\"@context\":\"https:\\\/\\\/schema.org\",\"@graph\":[{\"@type\":\"WebPage\",\"@id\":\"https:\\\/\\\/eschringen.de\\\/wordpress\\\/der-ort\\\/sehenswertes\\\/brunnen\\\/\",\"url\":\"https:\\\/\\\/eschringen.de\\\/wordpress\\\/der-ort\\\/sehenswertes\\\/brunnen\\\/\",\"name\":\"Brunnen - Eschringen\",\"isPartOf\":{\"@id\":\"https:\\\/\\\/eschringen.de\\\/wordpress\\\/#website\"},\"primaryImageOfPage\":{\"@id\":\"https:\\\/\\\/eschringen.de\\\/wordpress\\\/der-ort\\\/sehenswertes\\\/brunnen\\\/#primaryimage\"},\"image\":{\"@id\":\"https:\\\/\\\/eschringen.de\\\/wordpress\\\/der-ort\\\/sehenswertes\\\/brunnen\\\/#primaryimage\"},\"thumbnailUrl\":\"https:\\\/\\\/eschringen.de\\\/wordpress\\\/wp-content\\\/uploads\\\/2022\\\/08\\\/Willerbrunnen-1.jpg\",\"datePublished\":\"2017-02-16T21:01:04+00:00\",\"dateModified\":\"2022-08-20T07:23:57+00:00\",\"breadcrumb\":{\"@id\":\"https:\\\/\\\/eschringen.de\\\/wordpress\\\/der-ort\\\/sehenswertes\\\/brunnen\\\/#breadcrumb\"},\"inLanguage\":\"de\",\"potentialAction\":[{\"@type\":\"ReadAction\",\"target\":[\"https:\\\/\\\/eschringen.de\\\/wordpress\\\/der-ort\\\/sehenswertes\\\/brunnen\\\/\"]}]},{\"@type\":\"ImageObject\",\"inLanguage\":\"de\",\"@id\":\"https:\\\/\\\/eschringen.de\\\/wordpress\\\/der-ort\\\/sehenswertes\\\/brunnen\\\/#primaryimage\",\"url\":\"https:\\\/\\\/i0.wp.com\\\/eschringen.de\\\/wordpress\\\/wp-content\\\/uploads\\\/2022\\\/08\\\/Willerbrunnen-1.jpg?fit=350%2C310&ssl=1\",\"contentUrl\":\"https:\\\/\\\/i0.wp.com\\\/eschringen.de\\\/wordpress\\\/wp-content\\\/uploads\\\/2022\\\/08\\\/Willerbrunnen-1.jpg?fit=350%2C310&ssl=1\",\"width\":350,\"height\":310},{\"@type\":\"BreadcrumbList\",\"@id\":\"https:\\\/\\\/eschringen.de\\\/wordpress\\\/der-ort\\\/sehenswertes\\\/brunnen\\\/#breadcrumb\",\"itemListElement\":[{\"@type\":\"ListItem\",\"position\":1,\"name\":\"Startseite\",\"item\":\"https:\\\/\\\/eschringen.de\\\/wordpress\\\/\"},{\"@type\":\"ListItem\",\"position\":2,\"name\":\"Der Ort\",\"item\":\"https:\\\/\\\/eschringen.de\\\/wordpress\\\/der-ort\\\/\"},{\"@type\":\"ListItem\",\"position\":3,\"name\":\"Sehenswertes\",\"item\":\"https:\\\/\\\/eschringen.de\\\/wordpress\\\/der-ort\\\/sehenswertes\\\/\"},{\"@type\":\"ListItem\",\"position\":4,\"name\":\"Brunnen\"}]},{\"@type\":\"WebSite\",\"@id\":\"https:\\\/\\\/eschringen.de\\\/wordpress\\\/#website\",\"url\":\"https:\\\/\\\/eschringen.de\\\/wordpress\\\/\",\"name\":\"Eschringen\",\"description\":\"\",\"publisher\":{\"@id\":\"https:\\\/\\\/eschringen.de\\\/wordpress\\\/#organization\"},\"potentialAction\":[{\"@type\":\"SearchAction\",\"target\":{\"@type\":\"EntryPoint\",\"urlTemplate\":\"https:\\\/\\\/eschringen.de\\\/wordpress\\\/?s={search_term_string}\"},\"query-input\":{\"@type\":\"PropertyValueSpecification\",\"valueRequired\":true,\"valueName\":\"search_term_string\"}}],\"inLanguage\":\"de\"},{\"@type\":\"Organization\",\"@id\":\"https:\\\/\\\/eschringen.de\\\/wordpress\\\/#organization\",\"name\":\"Eschringen\",\"url\":\"https:\\\/\\\/eschringen.de\\\/wordpress\\\/\",\"logo\":{\"@type\":\"ImageObject\",\"inLanguage\":\"de\",\"@id\":\"https:\\\/\\\/eschringen.de\\\/wordpress\\\/#\\\/schema\\\/logo\\\/image\\\/\",\"url\":\"https:\\\/\\\/eschringen.de\\\/wordpress\\\/wp-content\\\/uploads\\\/2017\\\/03\\\/2017_kw15.jpg\",\"contentUrl\":\"https:\\\/\\\/eschringen.de\\\/wordpress\\\/wp-content\\\/uploads\\\/2017\\\/03\\\/2017_kw15.jpg\",\"width\":784,\"height\":447,\"caption\":\"Eschringen\"},\"image\":{\"@id\":\"https:\\\/\\\/eschringen.de\\\/wordpress\\\/#\\\/schema\\\/logo\\\/image\\\/\"}}]}<\/script>\n<!-- \/ Yoast SEO plugin. -->","yoast_head_json":{"title":"Brunnen - Eschringen","robots":{"index":"index","follow":"follow","max-snippet":"max-snippet:-1","max-image-preview":"max-image-preview:large","max-video-preview":"max-video-preview:-1"},"canonical":"https:\/\/eschringen.de\/wordpress\/der-ort\/sehenswertes\/brunnen\/","og_locale":"de_DE","og_type":"article","og_title":"Brunnen - Eschringen","og_description":"Die heute noch in Eschringen existierenden Brunnen haben entweder ihren urspr\u00fcnglichen Standort ge\u00e4ndert (z. B. Willerbrunnen) oder sind quasi k\u00fcnstlicher Natur (z. B. B\u00e4rentrischbrunnen). Vom Klingelbrunnen ist nur noch die Quelle \u00fcbrig geblieben; sein Name aber deutet daraufhin, dass hier in fr\u00fcherer Zeit ein Trog (wohl f\u00fcr eine Viehtr\u00e4nke) existiert haben muss.Bis zur Einf\u00fchrung der ... Weiterlesen ...","og_url":"https:\/\/eschringen.de\/wordpress\/der-ort\/sehenswertes\/brunnen\/","og_site_name":"Eschringen","article_modified_time":"2022-08-20T07:23:57+00:00","og_image":[{"url":"https:\/\/eschringen.de\/wordpress\/wp-content\/uploads\/2022\/08\/Willerbrunnen-1.jpg","type":"","width":"","height":""}],"twitter_card":"summary_large_image","twitter_misc":{"Gesch\u00e4tzte Lesezeit":"5\u00a0Minuten"},"schema":{"@context":"https:\/\/schema.org","@graph":[{"@type":"WebPage","@id":"https:\/\/eschringen.de\/wordpress\/der-ort\/sehenswertes\/brunnen\/","url":"https:\/\/eschringen.de\/wordpress\/der-ort\/sehenswertes\/brunnen\/","name":"Brunnen - Eschringen","isPartOf":{"@id":"https:\/\/eschringen.de\/wordpress\/#website"},"primaryImageOfPage":{"@id":"https:\/\/eschringen.de\/wordpress\/der-ort\/sehenswertes\/brunnen\/#primaryimage"},"image":{"@id":"https:\/\/eschringen.de\/wordpress\/der-ort\/sehenswertes\/brunnen\/#primaryimage"},"thumbnailUrl":"https:\/\/eschringen.de\/wordpress\/wp-content\/uploads\/2022\/08\/Willerbrunnen-1.jpg","datePublished":"2017-02-16T21:01:04+00:00","dateModified":"2022-08-20T07:23:57+00:00","breadcrumb":{"@id":"https:\/\/eschringen.de\/wordpress\/der-ort\/sehenswertes\/brunnen\/#breadcrumb"},"inLanguage":"de","potentialAction":[{"@type":"ReadAction","target":["https:\/\/eschringen.de\/wordpress\/der-ort\/sehenswertes\/brunnen\/"]}]},{"@type":"ImageObject","inLanguage":"de","@id":"https:\/\/eschringen.de\/wordpress\/der-ort\/sehenswertes\/brunnen\/#primaryimage","url":"https:\/\/i0.wp.com\/eschringen.de\/wordpress\/wp-content\/uploads\/2022\/08\/Willerbrunnen-1.jpg?fit=350%2C310&ssl=1","contentUrl":"https:\/\/i0.wp.com\/eschringen.de\/wordpress\/wp-content\/uploads\/2022\/08\/Willerbrunnen-1.jpg?fit=350%2C310&ssl=1","width":350,"height":310},{"@type":"BreadcrumbList","@id":"https:\/\/eschringen.de\/wordpress\/der-ort\/sehenswertes\/brunnen\/#breadcrumb","itemListElement":[{"@type":"ListItem","position":1,"name":"Startseite","item":"https:\/\/eschringen.de\/wordpress\/"},{"@type":"ListItem","position":2,"name":"Der Ort","item":"https:\/\/eschringen.de\/wordpress\/der-ort\/"},{"@type":"ListItem","position":3,"name":"Sehenswertes","item":"https:\/\/eschringen.de\/wordpress\/der-ort\/sehenswertes\/"},{"@type":"ListItem","position":4,"name":"Brunnen"}]},{"@type":"WebSite","@id":"https:\/\/eschringen.de\/wordpress\/#website","url":"https:\/\/eschringen.de\/wordpress\/","name":"Eschringen","description":"","publisher":{"@id":"https:\/\/eschringen.de\/wordpress\/#organization"},"potentialAction":[{"@type":"SearchAction","target":{"@type":"EntryPoint","urlTemplate":"https:\/\/eschringen.de\/wordpress\/?s={search_term_string}"},"query-input":{"@type":"PropertyValueSpecification","valueRequired":true,"valueName":"search_term_string"}}],"inLanguage":"de"},{"@type":"Organization","@id":"https:\/\/eschringen.de\/wordpress\/#organization","name":"Eschringen","url":"https:\/\/eschringen.de\/wordpress\/","logo":{"@type":"ImageObject","inLanguage":"de","@id":"https:\/\/eschringen.de\/wordpress\/#\/schema\/logo\/image\/","url":"https:\/\/eschringen.de\/wordpress\/wp-content\/uploads\/2017\/03\/2017_kw15.jpg","contentUrl":"https:\/\/eschringen.de\/wordpress\/wp-content\/uploads\/2017\/03\/2017_kw15.jpg","width":784,"height":447,"caption":"Eschringen"},"image":{"@id":"https:\/\/eschringen.de\/wordpress\/#\/schema\/logo\/image\/"}}]}},"jetpack_sharing_enabled":true,"_links":{"self":[{"href":"https:\/\/eschringen.de\/wordpress\/wp-json\/wp\/v2\/pages\/755","targetHints":{"allow":["GET"]}}],"collection":[{"href":"https:\/\/eschringen.de\/wordpress\/wp-json\/wp\/v2\/pages"}],"about":[{"href":"https:\/\/eschringen.de\/wordpress\/wp-json\/wp\/v2\/types\/page"}],"author":[{"embeddable":true,"href":"https:\/\/eschringen.de\/wordpress\/wp-json\/wp\/v2\/users\/1"}],"replies":[{"embeddable":true,"href":"https:\/\/eschringen.de\/wordpress\/wp-json\/wp\/v2\/comments?post=755"}],"version-history":[{"count":3,"href":"https:\/\/eschringen.de\/wordpress\/wp-json\/wp\/v2\/pages\/755\/revisions"}],"predecessor-version":[{"id":3672,"href":"https:\/\/eschringen.de\/wordpress\/wp-json\/wp\/v2\/pages\/755\/revisions\/3672"}],"up":[{"embeddable":true,"href":"https:\/\/eschringen.de\/wordpress\/wp-json\/wp\/v2\/pages\/121"}],"wp:attachment":[{"href":"https:\/\/eschringen.de\/wordpress\/wp-json\/wp\/v2\/media?parent=755"}],"curies":[{"name":"wp","href":"https:\/\/api.w.org\/{rel}","templated":true}]}}