{"id":745,"date":"2017-02-16T14:10:27","date_gmt":"2017-02-16T13:10:27","guid":{"rendered":"http:\/\/eschringen.de\/wordpress\/?page_id=745"},"modified":"2022-08-20T09:17:40","modified_gmt":"2022-08-20T07:17:40","slug":"wegekreuze","status":"publish","type":"page","link":"https:\/\/eschringen.de\/wordpress\/der-ort\/sehenswertes\/wegekreuze\/","title":{"rendered":"Wegekreuze"},"content":{"rendered":"\n<h5 class=\"wp-block-heading\">Standorte und Geschichte<\/h5>\n\n\n\n<p>Wege-, Flur- und Feldkreuze sind Ausdruck tief verwurzelter Volksfr\u00f6mmigkeit. Manche dieser Kreuze auf dem Weg stehen seit mehreren Jahrhunderten, andere erst seit wenigen Jahren. Alle aber erz\u00e4hlen sie Geschichten. Geschichten von Menschen und Zeiten, von Schicksalsschl\u00e4gen, aber auch von erfreulichen Ereignissen. Letztlich sind sie Ausdruck der Erkenntnis des Ausgeliefertseins, aber auch des Getragenwerdens, des Bittens und des Dankens. Wegekreuze spiegeln also auch ein St\u00fcck Geistesgeschichte einer Kultur wider. Es reicht darum nicht, die alten und neuen Kreuze vor dem Verfall zu bewahren Vielmehr muss die Geschichte, die hinter jedem Kreuz steht, lebendig gehalten werden. Dann erst k\u00f6nnen diese Kreuze dazu beitragen, die Vergangenheit besser zu begreifen. Und, wer wei\u00df, vielleicht werden sie dadurch zu dem, wozu ihre Erbauer sie gedacht und gestiftet haben: zu Wegweisern in die Zukunft.<\/p>\n\n\n<div class=\"wp-block-image\">\n<figure class=\"alignleft size-full\"><img data-recalc-dims=\"1\" loading=\"lazy\" decoding=\"async\" width=\"225\" height=\"300\" src=\"https:\/\/i0.wp.com\/eschringen.de\/wordpress\/wp-content\/uploads\/2022\/08\/WegekreuzGraef.jpg?resize=225%2C300&#038;ssl=1\" alt=\"\" class=\"wp-image-3629\" title=\"Wegekreuz Gr\u00e4finthaler Str. gegen\u00fcber Bawette Peter\"\/><\/figure>\n<\/div>\n\n\n<p>1. Das \u00e4lteste Wegekreuz d\u00fcrfte an der Ecke Gr\u00e4finthaler Stra\u00dfe\/Karl-Leidinger- Stra\u00dfe gegen\u00fcber dem Gasthaus &#8222;Bawette Peter&#8220; stehen. Der von Efeu umgebene, barocke Sockel l\u00e4sst auf eine Entstehungszeit um 1800 schlie\u00dfen. Das grau verputzte Steinkreuz ziert eine gusseiserne Christusfigur. Der Grund f\u00fcr seine Errichtung liegt im Dunkeln. Die ehemalige Eigent\u00fcmerin des einst unbebauten Grundst\u00fcckes, Frau Antonia Hartz, nahm an, dass das Wegekreuz zum Dank f\u00fcr eine glimpflich verlaufene Viehseuche gesetzt worden war.<\/p>\n\n\n<div class=\"wp-block-image\">\n<figure class=\"alignright size-full\"><img data-recalc-dims=\"1\" loading=\"lazy\" decoding=\"async\" width=\"203\" height=\"300\" src=\"https:\/\/i0.wp.com\/eschringen.de\/wordpress\/wp-content\/uploads\/2022\/08\/kreuzens.jpg?resize=203%2C300&#038;ssl=1\" alt=\"\" class=\"wp-image-3591\" title=\"Wegekreuz Ensheimer Str.\"\/><\/figure>\n<\/div>\n\n\n<p>2. Ein ebenfalls relativ altes Sandsteinkreuz steht unterhalb der Bushaltestelle an der Ensheimer Stra\u00dfe auf der rechten Seite vor einer Hecke. Es wurde 1887 &#8222;Errichtet zur Ehre Gottes&#8220;. Der Sockel ist im neogotischen Stil gestaltet. Angeblich war es von der Verwandtschaft eines Selbstm\u00f6rders namens &#8222;Leopold&#8220; gestiftet worden, nachdem Pfarrer Friedrich Bertram dessen Beerdigung auf dem Ensheimer Friedhof erlaubt hatte. Das Kreuz soll an der Stelle stehen, wo sich &#8222;Leopold&#8220; auch erh\u00e4ngte. W\u00e4hrend der Nazi-Zeit wurde es umgesto\u00dfen und demoliert (1937).<\/p>\n\n\n<div class=\"wp-block-image\">\n<figure class=\"alignleft size-full\"><img data-recalc-dims=\"1\" loading=\"lazy\" decoding=\"async\" width=\"183\" height=\"300\" src=\"https:\/\/i0.wp.com\/eschringen.de\/wordpress\/wp-content\/uploads\/2022\/08\/kreuzpons-1.jpg?resize=183%2C300&#038;ssl=1\" alt=\"\" class=\"wp-image-3593\"\/><\/figure>\n<\/div>\n\n<div class=\"wp-block-image\">\n<figure class=\"alignleft size-full\"><img data-recalc-dims=\"1\" loading=\"lazy\" decoding=\"async\" width=\"172\" height=\"300\" src=\"https:\/\/i0.wp.com\/eschringen.de\/wordpress\/wp-content\/uploads\/2022\/08\/kreuzponsneu-1.jpg?resize=172%2C300&#038;ssl=1\" alt=\"\" class=\"wp-image-3594\" title=\"Wegekreuz Gr\u00e4finthaler Str. vor Haus Eich\"\/><\/figure>\n<\/div>\n\n\n<p>3. Ein eher schlichtes Wegekreuz findet sich an der Ecke Gr\u00e4finthaler Stra\u00dfe\/Ponsheimer Stra\u00dfe vor dem Haus der Familie Eich. Dort stand es aber nicht immer. Der Originalplatz liegt auf der gegen\u00fcberliegenden Stra\u00dfenseite, in der N\u00e4he eines ehemaligen Kalkofens. Das Kreuz wurde 1901 (oder 1905 &#8211; die letzte Ziffer der Jahreszahl ist nicht mehr genau zu bestimmen) &#8222;Zur Ehre Gottes&#8220; errichtet und erinnert an einen Unfall, bei dem angeblich ein Arbeiter beim Kalkbrennen zu Tode gekommen sein soll. Das Originalkreuz wurde, vermutlich durch Kriegseinwirkung im 2. Weltkrieg, stark besch\u00e4digt und durch ein neues Terrazzo-Kreuz ersetzt. (rechts nach der Restauration 2004)&nbsp;&nbsp;<\/p>\n\n\n<div class=\"wp-block-image\">\n<figure class=\"alignright size-full\"><img data-recalc-dims=\"1\" loading=\"lazy\" decoding=\"async\" width=\"161\" height=\"300\" src=\"https:\/\/i0.wp.com\/eschringen.de\/wordpress\/wp-content\/uploads\/2022\/08\/kreuzkremp.jpg?resize=161%2C300&#038;ssl=1\" alt=\"\" class=\"wp-image-3592\" title=\"Wegekreuz Andreas Kremp Str. vor Philippi\"\/><\/figure>\n<\/div>\n\n\n<p>4. Ein Holzkreuz mit einem Satteldach steht in der Andreas-Kremp-Stra\u00dfe vor dem Anwesen der Familie Philippi. Es wurde im Auftrage von dem dort einst zur Untermiete wohnenden Expositus Franz Stemmler von einer Schreinerei im Elsa\u00df hergestellt. Pfarrer Stemmler setzte damit den Wunsch dreier Schwestern, Maria und Nelly Wolter sowie Lydia Philippi (geb. Wolter), um, die mit dem unmittelbar nach dem 2. Weltkriege errichteten Kreuz ihren Dank f\u00fcr das von Kampfhandlungen weitgehendst unbesch\u00e4digte Haus ausdr\u00fccken wollten.<br>5. Keine ausgesprochenen Wegekreuze sind jene Kreuze, die sich ebenfalls in der Andreas-Kremp-Stra\u00dfe befinden. Dies sind zum einen das h\u00f6lzerne Missionskreuz rechts vom Haupteingang in die St. Laurentiuskirche mit dem Spruch &#8222;Rette deine Seele&#8220; und den Jahreszahlen 1955 und 1964, zum anderen das Gefallenendenkmal an der Ecke zur Karl-Leidinger-Stra\u00dfe gegen\u00fcber dem jetzigen Kindergarten. Dieses Mahnmal mit Kreuz wurde 1963 errichtet. Des weiteren befindet sich auf dem Friedhof ein m\u00e4chtiges Terrazzo-Kreuz mit der Inschrift &#8222;Rette deine Seele&#8220;, das 1926 anl\u00e4sslich der Friedhofseinweihung errichtet worden war.<\/p>\n\n\n<div class=\"wp-block-image\">\n<figure class=\"alignleft size-full\"><img data-recalc-dims=\"1\" loading=\"lazy\" decoding=\"async\" width=\"204\" height=\"300\" src=\"https:\/\/i0.wp.com\/eschringen.de\/wordpress\/wp-content\/uploads\/2022\/08\/alpenkreuz.jpg?resize=204%2C300&#038;ssl=1\" alt=\"\" class=\"wp-image-3551\"\/><\/figure>\n<\/div>\n\n<div class=\"wp-block-image\">\n<figure class=\"alignleft size-full\"><img data-recalc-dims=\"1\" loading=\"lazy\" decoding=\"async\" width=\"245\" height=\"300\" src=\"https:\/\/i0.wp.com\/eschringen.de\/wordpress\/wp-content\/uploads\/2022\/08\/alpenkreuz1.jpg?resize=245%2C300&#038;ssl=1\" alt=\"\" class=\"wp-image-3552\" title=\"Wegekreuz Gr\u00e4finthaler Str. Waldrand\"\/><\/figure>\n<\/div>\n\n\n<p>6. Am Gr\u00e4finthaler Weg, dort wo der eigentliche Weg in den \u00dcberwald f\u00fchrt, steht hinter einem Zaun in einer Hecke ein Holzkreuz alpenl\u00e4ndischen Typs (mit Satteldach). Es wurde von dem Jagdaufseher Hans Klein Anfang der 1980er Jahre selbst gefertigt und errichtet.<br>7. Dass es in Eschringen noch weitere Wegekreuze gegeben haben muss, darauf deutet zum Beispiel der Flurname &#8222;Beim Kreuz&#8220; (jene Fl\u00e4che zwischen der jetzigen Gr\u00e4finthaler Stra\u00dfe und der Ponsheimer Stra\u00dfe) hin.<\/p>\n\n\n<div class=\"wp-block-image\">\n<figure class=\"alignright size-full\"><img data-recalc-dims=\"1\" loading=\"lazy\" decoding=\"async\" width=\"408\" height=\"274\" src=\"https:\/\/i0.wp.com\/eschringen.de\/wordpress\/wp-content\/uploads\/2022\/08\/Bild2.jpg?resize=408%2C274&#038;ssl=1\" alt=\"\" class=\"wp-image-3559\" srcset=\"https:\/\/i0.wp.com\/eschringen.de\/wordpress\/wp-content\/uploads\/2022\/08\/Bild2.jpg?w=408&amp;ssl=1 408w, https:\/\/i0.wp.com\/eschringen.de\/wordpress\/wp-content\/uploads\/2022\/08\/Bild2.jpg?resize=300%2C201&amp;ssl=1 300w\" sizes=\"auto, (max-width: 408px) 100vw, 408px\" \/><\/figure>\n<\/div>\n\n\n<p>8. Ein markantes Kreuz stand einst auch am alten Aufgang zur St. Laurentiuskapelle. Es wurde im 2. Weltkrieg so stark besch\u00e4digt, dass es wohl abger\u00e4umt werden musste. N\u00e4heres zur Geschichte dieses Kreuzes ist nicht mehr bekannt. Auf einer alten Ansichtskarte kann man es noch gut erkennen.<\/p>\n\n\n\n<p>(Bernhard Marondel und Roland Schmitt)<\/p>\n\n\n\n<p><a href=\"http:\/\/eschringen.de\/wordpress\/der-ort\/sehenswertes\/\">zur\u00fcck zu Sehenswertes <\/a><\/p>\n","protected":false},"excerpt":{"rendered":"<p>Standorte und Geschichte Wege-, Flur- und Feldkreuze sind Ausdruck tief verwurzelter Volksfr\u00f6mmigkeit. Manche dieser Kreuze auf dem Weg stehen seit mehreren Jahrhunderten, andere erst seit wenigen Jahren. Alle aber erz\u00e4hlen sie Geschichten. Geschichten von Menschen und Zeiten, von Schicksalsschl\u00e4gen, aber auch von erfreulichen Ereignissen. Letztlich sind sie Ausdruck der Erkenntnis des Ausgeliefertseins, aber auch des &#8230; <a title=\"Wegekreuze\" class=\"read-more\" href=\"https:\/\/eschringen.de\/wordpress\/der-ort\/sehenswertes\/wegekreuze\/\" aria-label=\"Mehr Informationen \u00fcber Wegekreuze\">Weiterlesen &#8230;<\/a><\/p>\n","protected":false},"author":1,"featured_media":0,"parent":121,"menu_order":9,"comment_status":"closed","ping_status":"closed","template":"","meta":{"ngg_post_thumbnail":0,"footnotes":""},"class_list":["post-745","page","type-page","status-publish"],"yoast_head":"<!-- This site is optimized with the Yoast SEO plugin v27.4 - https:\/\/yoast.com\/product\/yoast-seo-wordpress\/ -->\n<title>Wegekreuze - Eschringen<\/title>\n<meta name=\"robots\" content=\"index, follow, max-snippet:-1, max-image-preview:large, max-video-preview:-1\" \/>\n<link rel=\"canonical\" href=\"https:\/\/eschringen.de\/wordpress\/der-ort\/sehenswertes\/wegekreuze\/\" \/>\n<meta property=\"og:locale\" content=\"de_DE\" \/>\n<meta property=\"og:type\" content=\"article\" \/>\n<meta property=\"og:title\" content=\"Wegekreuze - Eschringen\" \/>\n<meta property=\"og:description\" content=\"Standorte und Geschichte Wege-, Flur- und Feldkreuze sind Ausdruck tief verwurzelter Volksfr\u00f6mmigkeit. Manche dieser Kreuze auf dem Weg stehen seit mehreren Jahrhunderten, andere erst seit wenigen Jahren. Alle aber erz\u00e4hlen sie Geschichten. Geschichten von Menschen und Zeiten, von Schicksalsschl\u00e4gen, aber auch von erfreulichen Ereignissen. Letztlich sind sie Ausdruck der Erkenntnis des Ausgeliefertseins, aber auch des ... Weiterlesen ...\" \/>\n<meta property=\"og:url\" content=\"https:\/\/eschringen.de\/wordpress\/der-ort\/sehenswertes\/wegekreuze\/\" \/>\n<meta property=\"og:site_name\" content=\"Eschringen\" \/>\n<meta property=\"article:modified_time\" content=\"2022-08-20T07:17:40+00:00\" \/>\n<meta property=\"og:image\" content=\"https:\/\/eschringen.de\/wordpress\/wp-content\/uploads\/2022\/08\/WegekreuzGraef.jpg\" \/>\n<meta name=\"twitter:card\" content=\"summary_large_image\" \/>\n<meta name=\"twitter:label1\" content=\"Gesch\u00e4tzte Lesezeit\" \/>\n\t<meta name=\"twitter:data1\" content=\"6\u00a0Minuten\" \/>\n<script type=\"application\/ld+json\" class=\"yoast-schema-graph\">{\"@context\":\"https:\\\/\\\/schema.org\",\"@graph\":[{\"@type\":\"WebPage\",\"@id\":\"https:\\\/\\\/eschringen.de\\\/wordpress\\\/der-ort\\\/sehenswertes\\\/wegekreuze\\\/\",\"url\":\"https:\\\/\\\/eschringen.de\\\/wordpress\\\/der-ort\\\/sehenswertes\\\/wegekreuze\\\/\",\"name\":\"Wegekreuze - Eschringen\",\"isPartOf\":{\"@id\":\"https:\\\/\\\/eschringen.de\\\/wordpress\\\/#website\"},\"primaryImageOfPage\":{\"@id\":\"https:\\\/\\\/eschringen.de\\\/wordpress\\\/der-ort\\\/sehenswertes\\\/wegekreuze\\\/#primaryimage\"},\"image\":{\"@id\":\"https:\\\/\\\/eschringen.de\\\/wordpress\\\/der-ort\\\/sehenswertes\\\/wegekreuze\\\/#primaryimage\"},\"thumbnailUrl\":\"https:\\\/\\\/eschringen.de\\\/wordpress\\\/wp-content\\\/uploads\\\/2022\\\/08\\\/WegekreuzGraef.jpg\",\"datePublished\":\"2017-02-16T13:10:27+00:00\",\"dateModified\":\"2022-08-20T07:17:40+00:00\",\"breadcrumb\":{\"@id\":\"https:\\\/\\\/eschringen.de\\\/wordpress\\\/der-ort\\\/sehenswertes\\\/wegekreuze\\\/#breadcrumb\"},\"inLanguage\":\"de\",\"potentialAction\":[{\"@type\":\"ReadAction\",\"target\":[\"https:\\\/\\\/eschringen.de\\\/wordpress\\\/der-ort\\\/sehenswertes\\\/wegekreuze\\\/\"]}]},{\"@type\":\"ImageObject\",\"inLanguage\":\"de\",\"@id\":\"https:\\\/\\\/eschringen.de\\\/wordpress\\\/der-ort\\\/sehenswertes\\\/wegekreuze\\\/#primaryimage\",\"url\":\"https:\\\/\\\/i0.wp.com\\\/eschringen.de\\\/wordpress\\\/wp-content\\\/uploads\\\/2022\\\/08\\\/WegekreuzGraef.jpg?fit=225%2C300&ssl=1\",\"contentUrl\":\"https:\\\/\\\/i0.wp.com\\\/eschringen.de\\\/wordpress\\\/wp-content\\\/uploads\\\/2022\\\/08\\\/WegekreuzGraef.jpg?fit=225%2C300&ssl=1\",\"width\":225,\"height\":300},{\"@type\":\"BreadcrumbList\",\"@id\":\"https:\\\/\\\/eschringen.de\\\/wordpress\\\/der-ort\\\/sehenswertes\\\/wegekreuze\\\/#breadcrumb\",\"itemListElement\":[{\"@type\":\"ListItem\",\"position\":1,\"name\":\"Startseite\",\"item\":\"https:\\\/\\\/eschringen.de\\\/wordpress\\\/\"},{\"@type\":\"ListItem\",\"position\":2,\"name\":\"Der Ort\",\"item\":\"https:\\\/\\\/eschringen.de\\\/wordpress\\\/der-ort\\\/\"},{\"@type\":\"ListItem\",\"position\":3,\"name\":\"Sehenswertes\",\"item\":\"https:\\\/\\\/eschringen.de\\\/wordpress\\\/der-ort\\\/sehenswertes\\\/\"},{\"@type\":\"ListItem\",\"position\":4,\"name\":\"Wegekreuze\"}]},{\"@type\":\"WebSite\",\"@id\":\"https:\\\/\\\/eschringen.de\\\/wordpress\\\/#website\",\"url\":\"https:\\\/\\\/eschringen.de\\\/wordpress\\\/\",\"name\":\"Eschringen\",\"description\":\"\",\"publisher\":{\"@id\":\"https:\\\/\\\/eschringen.de\\\/wordpress\\\/#organization\"},\"potentialAction\":[{\"@type\":\"SearchAction\",\"target\":{\"@type\":\"EntryPoint\",\"urlTemplate\":\"https:\\\/\\\/eschringen.de\\\/wordpress\\\/?s={search_term_string}\"},\"query-input\":{\"@type\":\"PropertyValueSpecification\",\"valueRequired\":true,\"valueName\":\"search_term_string\"}}],\"inLanguage\":\"de\"},{\"@type\":\"Organization\",\"@id\":\"https:\\\/\\\/eschringen.de\\\/wordpress\\\/#organization\",\"name\":\"Eschringen\",\"url\":\"https:\\\/\\\/eschringen.de\\\/wordpress\\\/\",\"logo\":{\"@type\":\"ImageObject\",\"inLanguage\":\"de\",\"@id\":\"https:\\\/\\\/eschringen.de\\\/wordpress\\\/#\\\/schema\\\/logo\\\/image\\\/\",\"url\":\"https:\\\/\\\/eschringen.de\\\/wordpress\\\/wp-content\\\/uploads\\\/2017\\\/03\\\/2017_kw15.jpg\",\"contentUrl\":\"https:\\\/\\\/eschringen.de\\\/wordpress\\\/wp-content\\\/uploads\\\/2017\\\/03\\\/2017_kw15.jpg\",\"width\":784,\"height\":447,\"caption\":\"Eschringen\"},\"image\":{\"@id\":\"https:\\\/\\\/eschringen.de\\\/wordpress\\\/#\\\/schema\\\/logo\\\/image\\\/\"}}]}<\/script>\n<!-- \/ Yoast SEO plugin. -->","yoast_head_json":{"title":"Wegekreuze - Eschringen","robots":{"index":"index","follow":"follow","max-snippet":"max-snippet:-1","max-image-preview":"max-image-preview:large","max-video-preview":"max-video-preview:-1"},"canonical":"https:\/\/eschringen.de\/wordpress\/der-ort\/sehenswertes\/wegekreuze\/","og_locale":"de_DE","og_type":"article","og_title":"Wegekreuze - Eschringen","og_description":"Standorte und Geschichte Wege-, Flur- und Feldkreuze sind Ausdruck tief verwurzelter Volksfr\u00f6mmigkeit. Manche dieser Kreuze auf dem Weg stehen seit mehreren Jahrhunderten, andere erst seit wenigen Jahren. Alle aber erz\u00e4hlen sie Geschichten. Geschichten von Menschen und Zeiten, von Schicksalsschl\u00e4gen, aber auch von erfreulichen Ereignissen. Letztlich sind sie Ausdruck der Erkenntnis des Ausgeliefertseins, aber auch des ... Weiterlesen ...","og_url":"https:\/\/eschringen.de\/wordpress\/der-ort\/sehenswertes\/wegekreuze\/","og_site_name":"Eschringen","article_modified_time":"2022-08-20T07:17:40+00:00","og_image":[{"url":"https:\/\/eschringen.de\/wordpress\/wp-content\/uploads\/2022\/08\/WegekreuzGraef.jpg","type":"","width":"","height":""}],"twitter_card":"summary_large_image","twitter_misc":{"Gesch\u00e4tzte Lesezeit":"6\u00a0Minuten"},"schema":{"@context":"https:\/\/schema.org","@graph":[{"@type":"WebPage","@id":"https:\/\/eschringen.de\/wordpress\/der-ort\/sehenswertes\/wegekreuze\/","url":"https:\/\/eschringen.de\/wordpress\/der-ort\/sehenswertes\/wegekreuze\/","name":"Wegekreuze - Eschringen","isPartOf":{"@id":"https:\/\/eschringen.de\/wordpress\/#website"},"primaryImageOfPage":{"@id":"https:\/\/eschringen.de\/wordpress\/der-ort\/sehenswertes\/wegekreuze\/#primaryimage"},"image":{"@id":"https:\/\/eschringen.de\/wordpress\/der-ort\/sehenswertes\/wegekreuze\/#primaryimage"},"thumbnailUrl":"https:\/\/eschringen.de\/wordpress\/wp-content\/uploads\/2022\/08\/WegekreuzGraef.jpg","datePublished":"2017-02-16T13:10:27+00:00","dateModified":"2022-08-20T07:17:40+00:00","breadcrumb":{"@id":"https:\/\/eschringen.de\/wordpress\/der-ort\/sehenswertes\/wegekreuze\/#breadcrumb"},"inLanguage":"de","potentialAction":[{"@type":"ReadAction","target":["https:\/\/eschringen.de\/wordpress\/der-ort\/sehenswertes\/wegekreuze\/"]}]},{"@type":"ImageObject","inLanguage":"de","@id":"https:\/\/eschringen.de\/wordpress\/der-ort\/sehenswertes\/wegekreuze\/#primaryimage","url":"https:\/\/i0.wp.com\/eschringen.de\/wordpress\/wp-content\/uploads\/2022\/08\/WegekreuzGraef.jpg?fit=225%2C300&ssl=1","contentUrl":"https:\/\/i0.wp.com\/eschringen.de\/wordpress\/wp-content\/uploads\/2022\/08\/WegekreuzGraef.jpg?fit=225%2C300&ssl=1","width":225,"height":300},{"@type":"BreadcrumbList","@id":"https:\/\/eschringen.de\/wordpress\/der-ort\/sehenswertes\/wegekreuze\/#breadcrumb","itemListElement":[{"@type":"ListItem","position":1,"name":"Startseite","item":"https:\/\/eschringen.de\/wordpress\/"},{"@type":"ListItem","position":2,"name":"Der Ort","item":"https:\/\/eschringen.de\/wordpress\/der-ort\/"},{"@type":"ListItem","position":3,"name":"Sehenswertes","item":"https:\/\/eschringen.de\/wordpress\/der-ort\/sehenswertes\/"},{"@type":"ListItem","position":4,"name":"Wegekreuze"}]},{"@type":"WebSite","@id":"https:\/\/eschringen.de\/wordpress\/#website","url":"https:\/\/eschringen.de\/wordpress\/","name":"Eschringen","description":"","publisher":{"@id":"https:\/\/eschringen.de\/wordpress\/#organization"},"potentialAction":[{"@type":"SearchAction","target":{"@type":"EntryPoint","urlTemplate":"https:\/\/eschringen.de\/wordpress\/?s={search_term_string}"},"query-input":{"@type":"PropertyValueSpecification","valueRequired":true,"valueName":"search_term_string"}}],"inLanguage":"de"},{"@type":"Organization","@id":"https:\/\/eschringen.de\/wordpress\/#organization","name":"Eschringen","url":"https:\/\/eschringen.de\/wordpress\/","logo":{"@type":"ImageObject","inLanguage":"de","@id":"https:\/\/eschringen.de\/wordpress\/#\/schema\/logo\/image\/","url":"https:\/\/eschringen.de\/wordpress\/wp-content\/uploads\/2017\/03\/2017_kw15.jpg","contentUrl":"https:\/\/eschringen.de\/wordpress\/wp-content\/uploads\/2017\/03\/2017_kw15.jpg","width":784,"height":447,"caption":"Eschringen"},"image":{"@id":"https:\/\/eschringen.de\/wordpress\/#\/schema\/logo\/image\/"}}]}},"jetpack_sharing_enabled":true,"_links":{"self":[{"href":"https:\/\/eschringen.de\/wordpress\/wp-json\/wp\/v2\/pages\/745","targetHints":{"allow":["GET"]}}],"collection":[{"href":"https:\/\/eschringen.de\/wordpress\/wp-json\/wp\/v2\/pages"}],"about":[{"href":"https:\/\/eschringen.de\/wordpress\/wp-json\/wp\/v2\/types\/page"}],"author":[{"embeddable":true,"href":"https:\/\/eschringen.de\/wordpress\/wp-json\/wp\/v2\/users\/1"}],"replies":[{"embeddable":true,"href":"https:\/\/eschringen.de\/wordpress\/wp-json\/wp\/v2\/comments?post=745"}],"version-history":[{"count":2,"href":"https:\/\/eschringen.de\/wordpress\/wp-json\/wp\/v2\/pages\/745\/revisions"}],"predecessor-version":[{"id":3670,"href":"https:\/\/eschringen.de\/wordpress\/wp-json\/wp\/v2\/pages\/745\/revisions\/3670"}],"up":[{"embeddable":true,"href":"https:\/\/eschringen.de\/wordpress\/wp-json\/wp\/v2\/pages\/121"}],"wp:attachment":[{"href":"https:\/\/eschringen.de\/wordpress\/wp-json\/wp\/v2\/media?parent=745"}],"curies":[{"name":"wp","href":"https:\/\/api.w.org\/{rel}","templated":true}]}}