{"id":743,"date":"2017-02-16T13:57:20","date_gmt":"2017-02-16T12:57:20","guid":{"rendered":"http:\/\/eschringen.de\/wordpress\/?page_id=743"},"modified":"2022-08-20T09:08:30","modified_gmt":"2022-08-20T07:08:30","slug":"das-alte-depot","status":"publish","type":"page","link":"https:\/\/eschringen.de\/wordpress\/der-ort\/sehenswertes\/das-alte-depot\/","title":{"rendered":"Das \u201ealte Depot\u201c"},"content":{"rendered":"<div class=\"wp-block-image\">\n<figure class=\"alignleft size-full\"><img data-recalc-dims=\"1\" loading=\"lazy\" decoding=\"async\" width=\"400\" height=\"255\" src=\"https:\/\/i0.wp.com\/eschringen.de\/wordpress\/wp-content\/uploads\/2022\/08\/DepotNeu1.jpg?resize=400%2C255&#038;ssl=1\" alt=\"\" class=\"wp-image-3566\" srcset=\"https:\/\/i0.wp.com\/eschringen.de\/wordpress\/wp-content\/uploads\/2022\/08\/DepotNeu1.jpg?w=400&amp;ssl=1 400w, https:\/\/i0.wp.com\/eschringen.de\/wordpress\/wp-content\/uploads\/2022\/08\/DepotNeu1.jpg?resize=300%2C191&amp;ssl=1 300w\" sizes=\"auto, (max-width: 400px) 100vw, 400px\" \/><\/figure>\n<\/div>\n\n\n<p>Wer das Geb\u00e4ude mit dem gro\u00dfen Vorplatz, von der Dorfmitte kommend, in Richtung Fechingen passiert, wird wohl kaum erkennen k\u00f6nnen, welche Funktion es einst hatte (\u00e4ltere Einheimische nat\u00fcrlich ausgenommen). Es erinnert an jene Zeit, als durch Eschringen eine Stra\u00dfenbahn nach Ensheim bzw. Ormesheim fuhr.<\/p>\n\n\n\n<p>1911 war die \u201eSaarbr\u00fccker Klein- und Stra\u00dfenbahn AG\u201c gegr\u00fcndet worden, auf Betreiben der Stadt Saarbr\u00fccken, der Gemeinden Brebach und Ensheim, der Halberger H\u00fctte und der Firma Gebr\u00fcder Adt (alle auch Anteilseigner). Was man nat\u00fcrlich brauchte, war ein geeignetes Gel\u00e4nde f\u00fcr Unterstellung, Inspektionen und Instandsetzung der Triebwagen. Dieses war bald fast unmittelbar an der preu\u00dfisch-bayerischen Grenze gefunden, und zwar im Kimmbacht\u00e4lchen zur Landstra\u00dfe zu.<\/p>\n\n\n<div class=\"wp-block-image\">\n<figure class=\"alignright size-full\"><img data-recalc-dims=\"1\" loading=\"lazy\" decoding=\"async\" width=\"400\" height=\"265\" src=\"https:\/\/i0.wp.com\/eschringen.de\/wordpress\/wp-content\/uploads\/2022\/08\/DepotAlt1.jpg?resize=400%2C265&#038;ssl=1\" alt=\"\" class=\"wp-image-3565\" srcset=\"https:\/\/i0.wp.com\/eschringen.de\/wordpress\/wp-content\/uploads\/2022\/08\/DepotAlt1.jpg?w=400&amp;ssl=1 400w, https:\/\/i0.wp.com\/eschringen.de\/wordpress\/wp-content\/uploads\/2022\/08\/DepotAlt1.jpg?resize=300%2C199&amp;ssl=1 300w\" sizes=\"auto, (max-width: 400px) 100vw, 400px\" \/><\/figure>\n<\/div>\n\n\n<p>In den Jahren 1912\/13 wurde das Stra\u00dfenbahn-Depot dann hochgezogen; Augenzeuge war der damalige \u201eHilfslehrer\u201c <a href=\"http:\/\/eschringen.de\/wordpress\/die-menschen\/steckbriefe\/alfons-schreieck\/\">Alfons Schreieck<\/a>, der in seinem Roman \u201eDas Land unter dem Regenbogen\u201c diese Baut\u00e4tigkeiten blumig beschreibt:<br>\u201eEs ist ein reges Schaffen durch das ganze Tal, selbst durch den wei\u00dfen Winter hindurch. Nun liegen schon weit die Schienen und stehen die Masten, und das gro\u00dfe, weithallige Depot auf dem fr\u00fcheren \u00d6dplatz von Eschringen* ist schon unter Dach. So schnell ist noch nie ein Haus im Saarbachtal** gebaut worden und so eigenartig auch noch nicht. Da hat man noch zu schauen und zu lernen und bekommt so ein klein wenig zu schmecken von modernen Baukniffen. Man siehst erst ein Ger\u00fcst von vielen eisernen Balken, Tr\u00e4gern, St\u00fctzen, Stangen entstehen.<\/p>\n\n\n<div class=\"wp-block-image\">\n<figure class=\"alignleft\"><a href=\"http:\/\/eschringen.de\/wordpress\/der-ort\/sehenswertes\/das-alte-depot\/depot4\/\" rel=\"attachment wp-att-1197\"><img data-recalc-dims=\"1\" loading=\"lazy\" decoding=\"async\" width=\"300\" height=\"195\" src=\"https:\/\/i0.wp.com\/eschringen.de\/wordpress\/wp-content\/uploads\/2017\/02\/Depot4-300x195.jpg?resize=300%2C195\" alt=\"\" class=\"wp-image-1197\" srcset=\"https:\/\/i0.wp.com\/eschringen.de\/wordpress\/wp-content\/uploads\/2017\/02\/Depot4.jpg?resize=300%2C195&amp;ssl=1 300w, https:\/\/i0.wp.com\/eschringen.de\/wordpress\/wp-content\/uploads\/2017\/02\/Depot4.jpg?w=496&amp;ssl=1 496w\" sizes=\"auto, (max-width: 300px) 100vw, 300px\" \/><\/a><\/figure>\n<\/div>\n\n\n<p>Die k\u00fchnen Konstruktionen sind wie das m\u00e4chtige, nach Regeln n\u00fcchterner Zweckm\u00e4\u00dfigkeit abgestimmte Skelett eines werdenden Riesentieres anzusehen. Die Alten im Saarbachtal gucken interessiert zu und die Jungen erst recht. Und weil die M\u00e4rztage gar so linde sind und an den sonnigen Rainen gegen den Vierherrenwald*** hinunter die Gr\u00e4slein schon so k\u00fchnlich ihre gr\u00fcnen Spie\u00dfe in den blauen Lenztag starren lassen und die bl\u00fchenden Veilchen ihre feinen, duftigen K\u00f6pflein in das junge Licht tragen, lockt es die zittrigsten Alten hinter dem Ofen hervor. Und sie gehen gegen den Vierherrenwald hinunter, bleiben bei den Arbeitergruppen stehen und schauen neugierig den Hantierungen zu.\u201c<\/p>\n\n\n\n<p><strong>Im Originaltext wurden die geographischen Angaben \u00fcbrigens anonymisiert: * = Graunsberg, ** = Buttertal, *** Drosselwald<\/strong><\/p>\n\n\n<div class=\"wp-block-image\">\n<figure class=\"alignright size-full\"><img data-recalc-dims=\"1\" loading=\"lazy\" decoding=\"async\" width=\"400\" height=\"269\" src=\"https:\/\/i0.wp.com\/eschringen.de\/wordpress\/wp-content\/uploads\/2022\/08\/Depot61.jpg?resize=400%2C269&#038;ssl=1\" alt=\"\" class=\"wp-image-3564\" srcset=\"https:\/\/i0.wp.com\/eschringen.de\/wordpress\/wp-content\/uploads\/2022\/08\/Depot61.jpg?w=400&amp;ssl=1 400w, https:\/\/i0.wp.com\/eschringen.de\/wordpress\/wp-content\/uploads\/2022\/08\/Depot61.jpg?resize=300%2C202&amp;ssl=1 300w\" sizes=\"auto, (max-width: 400px) 100vw, 400px\" \/><\/figure>\n<\/div>\n\n\n<p>Am 11. Juli 1913 erfolgte schlie\u00dflich die feierliche Streckener\u00f6ffnung. Allerdings w\u00e4hrte die Nutzung des Depots nicht sehr lange. Nach zwei verh\u00e4ngnisvollen Kriegen und dem Aufstreben des Automobils sah man Ende der 1950er Jahre keine Chance mehr f\u00fcr einen Stra\u00dfenbahnbetrieb im Saarbachtal. Die letzte Fahrt der \u201eLinie 3\u201c am 1. September 1960 bedeutete auch das Aus f\u00fcr das Depot. In der Folge wurde und wird es gewerblich genutzt. 1993 diente es auch als imposanter Ort f\u00fcr diverse Veranstaltungen im Rahmen der \u201e1100-Jahr\u201c-Feierlichkeiten.<br>Die Geschichtswerkstatt Eschringen bereitet derzeit eine Ausgabe in ihrer Schriftenreihe \u201eEschringer Hefte\u201c vor, die sich der Verkehrs- und Postgeschichte des Dorfes widmet.<\/p>\n\n\n\n<p><a href=\"http:\/\/eschringen.de\/wordpress\/der-ort\/sehenswertes\/\">zur\u00fcck zu Sehenswertes<\/a><\/p>\n","protected":false},"excerpt":{"rendered":"<p>Wer das Geb\u00e4ude mit dem gro\u00dfen Vorplatz, von der Dorfmitte kommend, in Richtung Fechingen passiert, wird wohl kaum erkennen k\u00f6nnen, welche Funktion es einst hatte (\u00e4ltere Einheimische nat\u00fcrlich ausgenommen). Es erinnert an jene Zeit, als durch Eschringen eine Stra\u00dfenbahn nach Ensheim bzw. Ormesheim fuhr. 1911 war die \u201eSaarbr\u00fccker Klein- und Stra\u00dfenbahn AG\u201c gegr\u00fcndet worden, auf &#8230; <a title=\"Das \u201ealte Depot\u201c\" class=\"read-more\" href=\"https:\/\/eschringen.de\/wordpress\/der-ort\/sehenswertes\/das-alte-depot\/\" aria-label=\"Mehr Informationen \u00fcber Das \u201ealte Depot\u201c\">Weiterlesen &#8230;<\/a><\/p>\n","protected":false},"author":1,"featured_media":0,"parent":121,"menu_order":8,"comment_status":"closed","ping_status":"closed","template":"","meta":{"ngg_post_thumbnail":0,"footnotes":""},"class_list":["post-743","page","type-page","status-publish"],"yoast_head":"<!-- This site is optimized with the Yoast SEO plugin v27.4 - https:\/\/yoast.com\/product\/yoast-seo-wordpress\/ -->\n<title>Das \u201ealte Depot\u201c - Eschringen<\/title>\n<meta name=\"robots\" content=\"index, follow, max-snippet:-1, max-image-preview:large, max-video-preview:-1\" \/>\n<link rel=\"canonical\" href=\"https:\/\/eschringen.de\/wordpress\/der-ort\/sehenswertes\/das-alte-depot\/\" \/>\n<meta property=\"og:locale\" content=\"de_DE\" \/>\n<meta property=\"og:type\" content=\"article\" \/>\n<meta property=\"og:title\" content=\"Das \u201ealte Depot\u201c - Eschringen\" \/>\n<meta property=\"og:description\" content=\"Wer das Geb\u00e4ude mit dem gro\u00dfen Vorplatz, von der Dorfmitte kommend, in Richtung Fechingen passiert, wird wohl kaum erkennen k\u00f6nnen, welche Funktion es einst hatte (\u00e4ltere Einheimische nat\u00fcrlich ausgenommen). Es erinnert an jene Zeit, als durch Eschringen eine Stra\u00dfenbahn nach Ensheim bzw. Ormesheim fuhr. 1911 war die \u201eSaarbr\u00fccker Klein- und Stra\u00dfenbahn AG\u201c gegr\u00fcndet worden, auf ... Weiterlesen ...\" \/>\n<meta property=\"og:url\" content=\"https:\/\/eschringen.de\/wordpress\/der-ort\/sehenswertes\/das-alte-depot\/\" \/>\n<meta property=\"og:site_name\" content=\"Eschringen\" \/>\n<meta property=\"article:modified_time\" content=\"2022-08-20T07:08:30+00:00\" \/>\n<meta property=\"og:image\" content=\"https:\/\/eschringen.de\/wordpress\/wp-content\/uploads\/2022\/08\/DepotNeu1.jpg\" \/>\n<meta name=\"twitter:card\" content=\"summary_large_image\" \/>\n<meta name=\"twitter:label1\" content=\"Gesch\u00e4tzte Lesezeit\" \/>\n\t<meta name=\"twitter:data1\" content=\"4\u00a0Minuten\" \/>\n<script type=\"application\/ld+json\" class=\"yoast-schema-graph\">{\"@context\":\"https:\\\/\\\/schema.org\",\"@graph\":[{\"@type\":\"WebPage\",\"@id\":\"https:\\\/\\\/eschringen.de\\\/wordpress\\\/der-ort\\\/sehenswertes\\\/das-alte-depot\\\/\",\"url\":\"https:\\\/\\\/eschringen.de\\\/wordpress\\\/der-ort\\\/sehenswertes\\\/das-alte-depot\\\/\",\"name\":\"Das \u201ealte Depot\u201c - Eschringen\",\"isPartOf\":{\"@id\":\"https:\\\/\\\/eschringen.de\\\/wordpress\\\/#website\"},\"primaryImageOfPage\":{\"@id\":\"https:\\\/\\\/eschringen.de\\\/wordpress\\\/der-ort\\\/sehenswertes\\\/das-alte-depot\\\/#primaryimage\"},\"image\":{\"@id\":\"https:\\\/\\\/eschringen.de\\\/wordpress\\\/der-ort\\\/sehenswertes\\\/das-alte-depot\\\/#primaryimage\"},\"thumbnailUrl\":\"https:\\\/\\\/eschringen.de\\\/wordpress\\\/wp-content\\\/uploads\\\/2022\\\/08\\\/DepotNeu1.jpg\",\"datePublished\":\"2017-02-16T12:57:20+00:00\",\"dateModified\":\"2022-08-20T07:08:30+00:00\",\"breadcrumb\":{\"@id\":\"https:\\\/\\\/eschringen.de\\\/wordpress\\\/der-ort\\\/sehenswertes\\\/das-alte-depot\\\/#breadcrumb\"},\"inLanguage\":\"de\",\"potentialAction\":[{\"@type\":\"ReadAction\",\"target\":[\"https:\\\/\\\/eschringen.de\\\/wordpress\\\/der-ort\\\/sehenswertes\\\/das-alte-depot\\\/\"]}]},{\"@type\":\"ImageObject\",\"inLanguage\":\"de\",\"@id\":\"https:\\\/\\\/eschringen.de\\\/wordpress\\\/der-ort\\\/sehenswertes\\\/das-alte-depot\\\/#primaryimage\",\"url\":\"https:\\\/\\\/i0.wp.com\\\/eschringen.de\\\/wordpress\\\/wp-content\\\/uploads\\\/2022\\\/08\\\/DepotNeu1.jpg?fit=400%2C255&ssl=1\",\"contentUrl\":\"https:\\\/\\\/i0.wp.com\\\/eschringen.de\\\/wordpress\\\/wp-content\\\/uploads\\\/2022\\\/08\\\/DepotNeu1.jpg?fit=400%2C255&ssl=1\",\"width\":400,\"height\":255},{\"@type\":\"BreadcrumbList\",\"@id\":\"https:\\\/\\\/eschringen.de\\\/wordpress\\\/der-ort\\\/sehenswertes\\\/das-alte-depot\\\/#breadcrumb\",\"itemListElement\":[{\"@type\":\"ListItem\",\"position\":1,\"name\":\"Startseite\",\"item\":\"https:\\\/\\\/eschringen.de\\\/wordpress\\\/\"},{\"@type\":\"ListItem\",\"position\":2,\"name\":\"Der Ort\",\"item\":\"https:\\\/\\\/eschringen.de\\\/wordpress\\\/der-ort\\\/\"},{\"@type\":\"ListItem\",\"position\":3,\"name\":\"Sehenswertes\",\"item\":\"https:\\\/\\\/eschringen.de\\\/wordpress\\\/der-ort\\\/sehenswertes\\\/\"},{\"@type\":\"ListItem\",\"position\":4,\"name\":\"Das \u201ealte Depot\u201c\"}]},{\"@type\":\"WebSite\",\"@id\":\"https:\\\/\\\/eschringen.de\\\/wordpress\\\/#website\",\"url\":\"https:\\\/\\\/eschringen.de\\\/wordpress\\\/\",\"name\":\"Eschringen\",\"description\":\"\",\"publisher\":{\"@id\":\"https:\\\/\\\/eschringen.de\\\/wordpress\\\/#organization\"},\"potentialAction\":[{\"@type\":\"SearchAction\",\"target\":{\"@type\":\"EntryPoint\",\"urlTemplate\":\"https:\\\/\\\/eschringen.de\\\/wordpress\\\/?s={search_term_string}\"},\"query-input\":{\"@type\":\"PropertyValueSpecification\",\"valueRequired\":true,\"valueName\":\"search_term_string\"}}],\"inLanguage\":\"de\"},{\"@type\":\"Organization\",\"@id\":\"https:\\\/\\\/eschringen.de\\\/wordpress\\\/#organization\",\"name\":\"Eschringen\",\"url\":\"https:\\\/\\\/eschringen.de\\\/wordpress\\\/\",\"logo\":{\"@type\":\"ImageObject\",\"inLanguage\":\"de\",\"@id\":\"https:\\\/\\\/eschringen.de\\\/wordpress\\\/#\\\/schema\\\/logo\\\/image\\\/\",\"url\":\"https:\\\/\\\/eschringen.de\\\/wordpress\\\/wp-content\\\/uploads\\\/2017\\\/03\\\/2017_kw15.jpg\",\"contentUrl\":\"https:\\\/\\\/eschringen.de\\\/wordpress\\\/wp-content\\\/uploads\\\/2017\\\/03\\\/2017_kw15.jpg\",\"width\":784,\"height\":447,\"caption\":\"Eschringen\"},\"image\":{\"@id\":\"https:\\\/\\\/eschringen.de\\\/wordpress\\\/#\\\/schema\\\/logo\\\/image\\\/\"}}]}<\/script>\n<!-- \/ Yoast SEO plugin. -->","yoast_head_json":{"title":"Das \u201ealte Depot\u201c - Eschringen","robots":{"index":"index","follow":"follow","max-snippet":"max-snippet:-1","max-image-preview":"max-image-preview:large","max-video-preview":"max-video-preview:-1"},"canonical":"https:\/\/eschringen.de\/wordpress\/der-ort\/sehenswertes\/das-alte-depot\/","og_locale":"de_DE","og_type":"article","og_title":"Das \u201ealte Depot\u201c - Eschringen","og_description":"Wer das Geb\u00e4ude mit dem gro\u00dfen Vorplatz, von der Dorfmitte kommend, in Richtung Fechingen passiert, wird wohl kaum erkennen k\u00f6nnen, welche Funktion es einst hatte (\u00e4ltere Einheimische nat\u00fcrlich ausgenommen). Es erinnert an jene Zeit, als durch Eschringen eine Stra\u00dfenbahn nach Ensheim bzw. Ormesheim fuhr. 1911 war die \u201eSaarbr\u00fccker Klein- und Stra\u00dfenbahn AG\u201c gegr\u00fcndet worden, auf ... Weiterlesen ...","og_url":"https:\/\/eschringen.de\/wordpress\/der-ort\/sehenswertes\/das-alte-depot\/","og_site_name":"Eschringen","article_modified_time":"2022-08-20T07:08:30+00:00","og_image":[{"url":"https:\/\/eschringen.de\/wordpress\/wp-content\/uploads\/2022\/08\/DepotNeu1.jpg","type":"","width":"","height":""}],"twitter_card":"summary_large_image","twitter_misc":{"Gesch\u00e4tzte Lesezeit":"4\u00a0Minuten"},"schema":{"@context":"https:\/\/schema.org","@graph":[{"@type":"WebPage","@id":"https:\/\/eschringen.de\/wordpress\/der-ort\/sehenswertes\/das-alte-depot\/","url":"https:\/\/eschringen.de\/wordpress\/der-ort\/sehenswertes\/das-alte-depot\/","name":"Das \u201ealte Depot\u201c - Eschringen","isPartOf":{"@id":"https:\/\/eschringen.de\/wordpress\/#website"},"primaryImageOfPage":{"@id":"https:\/\/eschringen.de\/wordpress\/der-ort\/sehenswertes\/das-alte-depot\/#primaryimage"},"image":{"@id":"https:\/\/eschringen.de\/wordpress\/der-ort\/sehenswertes\/das-alte-depot\/#primaryimage"},"thumbnailUrl":"https:\/\/eschringen.de\/wordpress\/wp-content\/uploads\/2022\/08\/DepotNeu1.jpg","datePublished":"2017-02-16T12:57:20+00:00","dateModified":"2022-08-20T07:08:30+00:00","breadcrumb":{"@id":"https:\/\/eschringen.de\/wordpress\/der-ort\/sehenswertes\/das-alte-depot\/#breadcrumb"},"inLanguage":"de","potentialAction":[{"@type":"ReadAction","target":["https:\/\/eschringen.de\/wordpress\/der-ort\/sehenswertes\/das-alte-depot\/"]}]},{"@type":"ImageObject","inLanguage":"de","@id":"https:\/\/eschringen.de\/wordpress\/der-ort\/sehenswertes\/das-alte-depot\/#primaryimage","url":"https:\/\/i0.wp.com\/eschringen.de\/wordpress\/wp-content\/uploads\/2022\/08\/DepotNeu1.jpg?fit=400%2C255&ssl=1","contentUrl":"https:\/\/i0.wp.com\/eschringen.de\/wordpress\/wp-content\/uploads\/2022\/08\/DepotNeu1.jpg?fit=400%2C255&ssl=1","width":400,"height":255},{"@type":"BreadcrumbList","@id":"https:\/\/eschringen.de\/wordpress\/der-ort\/sehenswertes\/das-alte-depot\/#breadcrumb","itemListElement":[{"@type":"ListItem","position":1,"name":"Startseite","item":"https:\/\/eschringen.de\/wordpress\/"},{"@type":"ListItem","position":2,"name":"Der Ort","item":"https:\/\/eschringen.de\/wordpress\/der-ort\/"},{"@type":"ListItem","position":3,"name":"Sehenswertes","item":"https:\/\/eschringen.de\/wordpress\/der-ort\/sehenswertes\/"},{"@type":"ListItem","position":4,"name":"Das \u201ealte Depot\u201c"}]},{"@type":"WebSite","@id":"https:\/\/eschringen.de\/wordpress\/#website","url":"https:\/\/eschringen.de\/wordpress\/","name":"Eschringen","description":"","publisher":{"@id":"https:\/\/eschringen.de\/wordpress\/#organization"},"potentialAction":[{"@type":"SearchAction","target":{"@type":"EntryPoint","urlTemplate":"https:\/\/eschringen.de\/wordpress\/?s={search_term_string}"},"query-input":{"@type":"PropertyValueSpecification","valueRequired":true,"valueName":"search_term_string"}}],"inLanguage":"de"},{"@type":"Organization","@id":"https:\/\/eschringen.de\/wordpress\/#organization","name":"Eschringen","url":"https:\/\/eschringen.de\/wordpress\/","logo":{"@type":"ImageObject","inLanguage":"de","@id":"https:\/\/eschringen.de\/wordpress\/#\/schema\/logo\/image\/","url":"https:\/\/eschringen.de\/wordpress\/wp-content\/uploads\/2017\/03\/2017_kw15.jpg","contentUrl":"https:\/\/eschringen.de\/wordpress\/wp-content\/uploads\/2017\/03\/2017_kw15.jpg","width":784,"height":447,"caption":"Eschringen"},"image":{"@id":"https:\/\/eschringen.de\/wordpress\/#\/schema\/logo\/image\/"}}]}},"jetpack_sharing_enabled":true,"_links":{"self":[{"href":"https:\/\/eschringen.de\/wordpress\/wp-json\/wp\/v2\/pages\/743","targetHints":{"allow":["GET"]}}],"collection":[{"href":"https:\/\/eschringen.de\/wordpress\/wp-json\/wp\/v2\/pages"}],"about":[{"href":"https:\/\/eschringen.de\/wordpress\/wp-json\/wp\/v2\/types\/page"}],"author":[{"embeddable":true,"href":"https:\/\/eschringen.de\/wordpress\/wp-json\/wp\/v2\/users\/1"}],"replies":[{"embeddable":true,"href":"https:\/\/eschringen.de\/wordpress\/wp-json\/wp\/v2\/comments?post=743"}],"version-history":[{"count":4,"href":"https:\/\/eschringen.de\/wordpress\/wp-json\/wp\/v2\/pages\/743\/revisions"}],"predecessor-version":[{"id":3668,"href":"https:\/\/eschringen.de\/wordpress\/wp-json\/wp\/v2\/pages\/743\/revisions\/3668"}],"up":[{"embeddable":true,"href":"https:\/\/eschringen.de\/wordpress\/wp-json\/wp\/v2\/pages\/121"}],"wp:attachment":[{"href":"https:\/\/eschringen.de\/wordpress\/wp-json\/wp\/v2\/media?parent=743"}],"curies":[{"name":"wp","href":"https:\/\/api.w.org\/{rel}","templated":true}]}}