{"id":741,"date":"2017-02-16T13:51:46","date_gmt":"2017-02-16T12:51:46","guid":{"rendered":"http:\/\/eschringen.de\/wordpress\/?page_id=741"},"modified":"2022-08-20T09:05:29","modified_gmt":"2022-08-20T07:05:29","slug":"eschringer-hof","status":"publish","type":"page","link":"https:\/\/eschringen.de\/wordpress\/der-ort\/sehenswertes\/eschringer-hof\/","title":{"rendered":"Eschringer Hof"},"content":{"rendered":"<div class=\"wp-block-image\">\n<figure class=\"alignleft size-full\"><img data-recalc-dims=\"1\" loading=\"lazy\" decoding=\"async\" width=\"493\" height=\"373\" src=\"https:\/\/i0.wp.com\/eschringen.de\/wordpress\/wp-content\/uploads\/2022\/08\/hof-1.jpg?resize=493%2C373&#038;ssl=1\" alt=\"\" class=\"wp-image-3585\" srcset=\"https:\/\/i0.wp.com\/eschringen.de\/wordpress\/wp-content\/uploads\/2022\/08\/hof-1.jpg?w=493&amp;ssl=1 493w, https:\/\/i0.wp.com\/eschringen.de\/wordpress\/wp-content\/uploads\/2022\/08\/hof-1.jpg?resize=300%2C227&amp;ssl=1 300w\" sizes=\"auto, (max-width: 493px) 100vw, 493px\" \/><\/figure>\n<\/div>\n\n\n<p>Dreifl\u00fcgelige Hofanlage, die sich zur Stra\u00dfe hin \u00f6ffnet. Die ehemals gegen\u00fcberliegende Hangwiese (zuvor ein Obstgarten) wurde im Jahre 2000 als Neubaugel\u00e4nde ausgewiesen ist inzwischen auch mit entsprechenden H\u00e4usern bebaut.<br>Etwa zwischen 1840 und 1850 errichtet, wurde dieser Gutshof sp\u00e4ter um einen \u00f6stlich liegenden separaten Gro\u00dfviehstall erweitert. Der \u00f6stliche Fl\u00fcgel beherbergte das Wohnhaus, der Verbindungstrakt Kleintierst\u00e4lle bzw. eine Remise, der westliche Fl\u00fcgel einen weiteren Gro\u00dfviehstall. Dessen kleiner Anbau war die Wohnung des Kuhhirten. Die Speicher der zweigeschossigen Wirtschaftsgeb\u00e4ude dienten als Tennen oder Fruchtlager.<\/p>\n\n\n\n<p><u>en francais:<\/u><\/p>\n\n\n\n<p>Ferme construite entre 1840 et 1850 dont les trois ailes s\u2019ouvrent sur une cour donnant sur la rue et le verger en face. Grande \u00e9table \u00e0 l\u2019est ajout\u00e9e plus tard. L\u2019aile est constitue la maison d\u2019habitation, l\u2019aile sud abrite des \u00e9tables et des remises, l\u2019aile ouest est r\u00e9serv\u00e9e aux bovins, sa petite annexe a \u00e9t\u00e9 habit\u00e9e par le vacher; les greniers servait \u00e0 l\u2019ensilage.<\/p>\n\n\n\n<p>zit. u.a. aus dem \u201eArchitekturf\u00fchrer Saarbr\u00fccken&#8220; von Josef Baulig, Hans Mildenberger u. Gabriele Scherer. 1999; nach Angaben von Heinrich Moog.<\/p>\n\n\n\n<p><a href=\"http:\/\/eschringen.de\/wordpress\/der-ort\/sehenswertes\/\">Zur\u00fcck zu Sehenswertes<\/a><\/p>\n","protected":false},"excerpt":{"rendered":"<p>Dreifl\u00fcgelige Hofanlage, die sich zur Stra\u00dfe hin \u00f6ffnet. Die ehemals gegen\u00fcberliegende Hangwiese (zuvor ein Obstgarten) wurde im Jahre 2000 als Neubaugel\u00e4nde ausgewiesen ist inzwischen auch mit entsprechenden H\u00e4usern bebaut.Etwa zwischen 1840 und 1850 errichtet, wurde dieser Gutshof sp\u00e4ter um einen \u00f6stlich liegenden separaten Gro\u00dfviehstall erweitert. Der \u00f6stliche Fl\u00fcgel beherbergte das Wohnhaus, der Verbindungstrakt Kleintierst\u00e4lle bzw. &#8230; <a title=\"Eschringer Hof\" class=\"read-more\" href=\"https:\/\/eschringen.de\/wordpress\/der-ort\/sehenswertes\/eschringer-hof\/\" aria-label=\"Mehr Informationen \u00fcber Eschringer Hof\">Weiterlesen &#8230;<\/a><\/p>\n","protected":false},"author":1,"featured_media":0,"parent":121,"menu_order":7,"comment_status":"closed","ping_status":"closed","template":"","meta":{"ngg_post_thumbnail":0,"footnotes":""},"class_list":["post-741","page","type-page","status-publish"],"yoast_head":"<!-- This site is optimized with the Yoast SEO plugin v27.4 - https:\/\/yoast.com\/product\/yoast-seo-wordpress\/ -->\n<title>Eschringer Hof - Eschringen<\/title>\n<meta name=\"robots\" content=\"index, follow, max-snippet:-1, max-image-preview:large, max-video-preview:-1\" \/>\n<link rel=\"canonical\" href=\"https:\/\/eschringen.de\/wordpress\/der-ort\/sehenswertes\/eschringer-hof\/\" \/>\n<meta property=\"og:locale\" content=\"de_DE\" \/>\n<meta property=\"og:type\" content=\"article\" \/>\n<meta property=\"og:title\" content=\"Eschringer Hof - Eschringen\" \/>\n<meta property=\"og:description\" content=\"Dreifl\u00fcgelige Hofanlage, die sich zur Stra\u00dfe hin \u00f6ffnet. Die ehemals gegen\u00fcberliegende Hangwiese (zuvor ein Obstgarten) wurde im Jahre 2000 als Neubaugel\u00e4nde ausgewiesen ist inzwischen auch mit entsprechenden H\u00e4usern bebaut.Etwa zwischen 1840 und 1850 errichtet, wurde dieser Gutshof sp\u00e4ter um einen \u00f6stlich liegenden separaten Gro\u00dfviehstall erweitert. Der \u00f6stliche Fl\u00fcgel beherbergte das Wohnhaus, der Verbindungstrakt Kleintierst\u00e4lle bzw. ... Weiterlesen ...\" \/>\n<meta property=\"og:url\" content=\"https:\/\/eschringen.de\/wordpress\/der-ort\/sehenswertes\/eschringer-hof\/\" \/>\n<meta property=\"og:site_name\" content=\"Eschringen\" \/>\n<meta property=\"article:modified_time\" content=\"2022-08-20T07:05:29+00:00\" \/>\n<meta property=\"og:image\" content=\"https:\/\/eschringen.de\/wordpress\/wp-content\/uploads\/2022\/08\/hof-1.jpg\" \/>\n<meta name=\"twitter:card\" content=\"summary_large_image\" \/>\n<meta name=\"twitter:label1\" content=\"Gesch\u00e4tzte Lesezeit\" \/>\n\t<meta name=\"twitter:data1\" content=\"2\u00a0Minuten\" \/>\n<script type=\"application\/ld+json\" class=\"yoast-schema-graph\">{\"@context\":\"https:\\\/\\\/schema.org\",\"@graph\":[{\"@type\":\"WebPage\",\"@id\":\"https:\\\/\\\/eschringen.de\\\/wordpress\\\/der-ort\\\/sehenswertes\\\/eschringer-hof\\\/\",\"url\":\"https:\\\/\\\/eschringen.de\\\/wordpress\\\/der-ort\\\/sehenswertes\\\/eschringer-hof\\\/\",\"name\":\"Eschringer Hof - Eschringen\",\"isPartOf\":{\"@id\":\"https:\\\/\\\/eschringen.de\\\/wordpress\\\/#website\"},\"primaryImageOfPage\":{\"@id\":\"https:\\\/\\\/eschringen.de\\\/wordpress\\\/der-ort\\\/sehenswertes\\\/eschringer-hof\\\/#primaryimage\"},\"image\":{\"@id\":\"https:\\\/\\\/eschringen.de\\\/wordpress\\\/der-ort\\\/sehenswertes\\\/eschringer-hof\\\/#primaryimage\"},\"thumbnailUrl\":\"https:\\\/\\\/eschringen.de\\\/wordpress\\\/wp-content\\\/uploads\\\/2022\\\/08\\\/hof-1.jpg\",\"datePublished\":\"2017-02-16T12:51:46+00:00\",\"dateModified\":\"2022-08-20T07:05:29+00:00\",\"breadcrumb\":{\"@id\":\"https:\\\/\\\/eschringen.de\\\/wordpress\\\/der-ort\\\/sehenswertes\\\/eschringer-hof\\\/#breadcrumb\"},\"inLanguage\":\"de\",\"potentialAction\":[{\"@type\":\"ReadAction\",\"target\":[\"https:\\\/\\\/eschringen.de\\\/wordpress\\\/der-ort\\\/sehenswertes\\\/eschringer-hof\\\/\"]}]},{\"@type\":\"ImageObject\",\"inLanguage\":\"de\",\"@id\":\"https:\\\/\\\/eschringen.de\\\/wordpress\\\/der-ort\\\/sehenswertes\\\/eschringer-hof\\\/#primaryimage\",\"url\":\"https:\\\/\\\/i0.wp.com\\\/eschringen.de\\\/wordpress\\\/wp-content\\\/uploads\\\/2022\\\/08\\\/hof-1.jpg?fit=493%2C373&ssl=1\",\"contentUrl\":\"https:\\\/\\\/i0.wp.com\\\/eschringen.de\\\/wordpress\\\/wp-content\\\/uploads\\\/2022\\\/08\\\/hof-1.jpg?fit=493%2C373&ssl=1\",\"width\":493,\"height\":373},{\"@type\":\"BreadcrumbList\",\"@id\":\"https:\\\/\\\/eschringen.de\\\/wordpress\\\/der-ort\\\/sehenswertes\\\/eschringer-hof\\\/#breadcrumb\",\"itemListElement\":[{\"@type\":\"ListItem\",\"position\":1,\"name\":\"Startseite\",\"item\":\"https:\\\/\\\/eschringen.de\\\/wordpress\\\/\"},{\"@type\":\"ListItem\",\"position\":2,\"name\":\"Der Ort\",\"item\":\"https:\\\/\\\/eschringen.de\\\/wordpress\\\/der-ort\\\/\"},{\"@type\":\"ListItem\",\"position\":3,\"name\":\"Sehenswertes\",\"item\":\"https:\\\/\\\/eschringen.de\\\/wordpress\\\/der-ort\\\/sehenswertes\\\/\"},{\"@type\":\"ListItem\",\"position\":4,\"name\":\"Eschringer Hof\"}]},{\"@type\":\"WebSite\",\"@id\":\"https:\\\/\\\/eschringen.de\\\/wordpress\\\/#website\",\"url\":\"https:\\\/\\\/eschringen.de\\\/wordpress\\\/\",\"name\":\"Eschringen\",\"description\":\"\",\"publisher\":{\"@id\":\"https:\\\/\\\/eschringen.de\\\/wordpress\\\/#organization\"},\"potentialAction\":[{\"@type\":\"SearchAction\",\"target\":{\"@type\":\"EntryPoint\",\"urlTemplate\":\"https:\\\/\\\/eschringen.de\\\/wordpress\\\/?s={search_term_string}\"},\"query-input\":{\"@type\":\"PropertyValueSpecification\",\"valueRequired\":true,\"valueName\":\"search_term_string\"}}],\"inLanguage\":\"de\"},{\"@type\":\"Organization\",\"@id\":\"https:\\\/\\\/eschringen.de\\\/wordpress\\\/#organization\",\"name\":\"Eschringen\",\"url\":\"https:\\\/\\\/eschringen.de\\\/wordpress\\\/\",\"logo\":{\"@type\":\"ImageObject\",\"inLanguage\":\"de\",\"@id\":\"https:\\\/\\\/eschringen.de\\\/wordpress\\\/#\\\/schema\\\/logo\\\/image\\\/\",\"url\":\"https:\\\/\\\/eschringen.de\\\/wordpress\\\/wp-content\\\/uploads\\\/2017\\\/03\\\/2017_kw15.jpg\",\"contentUrl\":\"https:\\\/\\\/eschringen.de\\\/wordpress\\\/wp-content\\\/uploads\\\/2017\\\/03\\\/2017_kw15.jpg\",\"width\":784,\"height\":447,\"caption\":\"Eschringen\"},\"image\":{\"@id\":\"https:\\\/\\\/eschringen.de\\\/wordpress\\\/#\\\/schema\\\/logo\\\/image\\\/\"}}]}<\/script>\n<!-- \/ Yoast SEO plugin. -->","yoast_head_json":{"title":"Eschringer Hof - Eschringen","robots":{"index":"index","follow":"follow","max-snippet":"max-snippet:-1","max-image-preview":"max-image-preview:large","max-video-preview":"max-video-preview:-1"},"canonical":"https:\/\/eschringen.de\/wordpress\/der-ort\/sehenswertes\/eschringer-hof\/","og_locale":"de_DE","og_type":"article","og_title":"Eschringer Hof - Eschringen","og_description":"Dreifl\u00fcgelige Hofanlage, die sich zur Stra\u00dfe hin \u00f6ffnet. Die ehemals gegen\u00fcberliegende Hangwiese (zuvor ein Obstgarten) wurde im Jahre 2000 als Neubaugel\u00e4nde ausgewiesen ist inzwischen auch mit entsprechenden H\u00e4usern bebaut.Etwa zwischen 1840 und 1850 errichtet, wurde dieser Gutshof sp\u00e4ter um einen \u00f6stlich liegenden separaten Gro\u00dfviehstall erweitert. Der \u00f6stliche Fl\u00fcgel beherbergte das Wohnhaus, der Verbindungstrakt Kleintierst\u00e4lle bzw. ... Weiterlesen ...","og_url":"https:\/\/eschringen.de\/wordpress\/der-ort\/sehenswertes\/eschringer-hof\/","og_site_name":"Eschringen","article_modified_time":"2022-08-20T07:05:29+00:00","og_image":[{"url":"https:\/\/eschringen.de\/wordpress\/wp-content\/uploads\/2022\/08\/hof-1.jpg","type":"","width":"","height":""}],"twitter_card":"summary_large_image","twitter_misc":{"Gesch\u00e4tzte Lesezeit":"2\u00a0Minuten"},"schema":{"@context":"https:\/\/schema.org","@graph":[{"@type":"WebPage","@id":"https:\/\/eschringen.de\/wordpress\/der-ort\/sehenswertes\/eschringer-hof\/","url":"https:\/\/eschringen.de\/wordpress\/der-ort\/sehenswertes\/eschringer-hof\/","name":"Eschringer Hof - Eschringen","isPartOf":{"@id":"https:\/\/eschringen.de\/wordpress\/#website"},"primaryImageOfPage":{"@id":"https:\/\/eschringen.de\/wordpress\/der-ort\/sehenswertes\/eschringer-hof\/#primaryimage"},"image":{"@id":"https:\/\/eschringen.de\/wordpress\/der-ort\/sehenswertes\/eschringer-hof\/#primaryimage"},"thumbnailUrl":"https:\/\/eschringen.de\/wordpress\/wp-content\/uploads\/2022\/08\/hof-1.jpg","datePublished":"2017-02-16T12:51:46+00:00","dateModified":"2022-08-20T07:05:29+00:00","breadcrumb":{"@id":"https:\/\/eschringen.de\/wordpress\/der-ort\/sehenswertes\/eschringer-hof\/#breadcrumb"},"inLanguage":"de","potentialAction":[{"@type":"ReadAction","target":["https:\/\/eschringen.de\/wordpress\/der-ort\/sehenswertes\/eschringer-hof\/"]}]},{"@type":"ImageObject","inLanguage":"de","@id":"https:\/\/eschringen.de\/wordpress\/der-ort\/sehenswertes\/eschringer-hof\/#primaryimage","url":"https:\/\/i0.wp.com\/eschringen.de\/wordpress\/wp-content\/uploads\/2022\/08\/hof-1.jpg?fit=493%2C373&ssl=1","contentUrl":"https:\/\/i0.wp.com\/eschringen.de\/wordpress\/wp-content\/uploads\/2022\/08\/hof-1.jpg?fit=493%2C373&ssl=1","width":493,"height":373},{"@type":"BreadcrumbList","@id":"https:\/\/eschringen.de\/wordpress\/der-ort\/sehenswertes\/eschringer-hof\/#breadcrumb","itemListElement":[{"@type":"ListItem","position":1,"name":"Startseite","item":"https:\/\/eschringen.de\/wordpress\/"},{"@type":"ListItem","position":2,"name":"Der Ort","item":"https:\/\/eschringen.de\/wordpress\/der-ort\/"},{"@type":"ListItem","position":3,"name":"Sehenswertes","item":"https:\/\/eschringen.de\/wordpress\/der-ort\/sehenswertes\/"},{"@type":"ListItem","position":4,"name":"Eschringer Hof"}]},{"@type":"WebSite","@id":"https:\/\/eschringen.de\/wordpress\/#website","url":"https:\/\/eschringen.de\/wordpress\/","name":"Eschringen","description":"","publisher":{"@id":"https:\/\/eschringen.de\/wordpress\/#organization"},"potentialAction":[{"@type":"SearchAction","target":{"@type":"EntryPoint","urlTemplate":"https:\/\/eschringen.de\/wordpress\/?s={search_term_string}"},"query-input":{"@type":"PropertyValueSpecification","valueRequired":true,"valueName":"search_term_string"}}],"inLanguage":"de"},{"@type":"Organization","@id":"https:\/\/eschringen.de\/wordpress\/#organization","name":"Eschringen","url":"https:\/\/eschringen.de\/wordpress\/","logo":{"@type":"ImageObject","inLanguage":"de","@id":"https:\/\/eschringen.de\/wordpress\/#\/schema\/logo\/image\/","url":"https:\/\/eschringen.de\/wordpress\/wp-content\/uploads\/2017\/03\/2017_kw15.jpg","contentUrl":"https:\/\/eschringen.de\/wordpress\/wp-content\/uploads\/2017\/03\/2017_kw15.jpg","width":784,"height":447,"caption":"Eschringen"},"image":{"@id":"https:\/\/eschringen.de\/wordpress\/#\/schema\/logo\/image\/"}}]}},"jetpack_sharing_enabled":true,"_links":{"self":[{"href":"https:\/\/eschringen.de\/wordpress\/wp-json\/wp\/v2\/pages\/741","targetHints":{"allow":["GET"]}}],"collection":[{"href":"https:\/\/eschringen.de\/wordpress\/wp-json\/wp\/v2\/pages"}],"about":[{"href":"https:\/\/eschringen.de\/wordpress\/wp-json\/wp\/v2\/types\/page"}],"author":[{"embeddable":true,"href":"https:\/\/eschringen.de\/wordpress\/wp-json\/wp\/v2\/users\/1"}],"replies":[{"embeddable":true,"href":"https:\/\/eschringen.de\/wordpress\/wp-json\/wp\/v2\/comments?post=741"}],"version-history":[{"count":3,"href":"https:\/\/eschringen.de\/wordpress\/wp-json\/wp\/v2\/pages\/741\/revisions"}],"predecessor-version":[{"id":3666,"href":"https:\/\/eschringen.de\/wordpress\/wp-json\/wp\/v2\/pages\/741\/revisions\/3666"}],"up":[{"embeddable":true,"href":"https:\/\/eschringen.de\/wordpress\/wp-json\/wp\/v2\/pages\/121"}],"wp:attachment":[{"href":"https:\/\/eschringen.de\/wordpress\/wp-json\/wp\/v2\/media?parent=741"}],"curies":[{"name":"wp","href":"https:\/\/api.w.org\/{rel}","templated":true}]}}