{"id":739,"date":"2017-02-16T13:49:52","date_gmt":"2017-02-16T12:49:52","guid":{"rendered":"http:\/\/eschringen.de\/wordpress\/?page_id=739"},"modified":"2022-08-20T09:04:28","modified_gmt":"2022-08-20T07:04:28","slug":"altes-schulhaus","status":"publish","type":"page","link":"https:\/\/eschringen.de\/wordpress\/der-ort\/sehenswertes\/altes-schulhaus\/","title":{"rendered":"Altes Schulhaus"},"content":{"rendered":"\n<p>Im Jahre 1898 als \u201eneues&#8220; Schulhaus mit zwei S\u00e4len erbaut; von 1958 bis 1974 als B\u00fcrgermeisteramt genutzt; sp\u00e4ter bezog der st\u00e4dtische Kindergarten die R\u00e4ume.<\/p>\n\n\n\n<p><a href=\"http:\/\/eschringen.de\/wordpress\/der-ort\/sehenswertes\/\">Zur\u00fcck zu Sehenswertes<\/a><\/p>\n\n\n<div class=\"wp-block-image\">\n<figure class=\"alignright\"><a href=\"https:\/\/i0.wp.com\/eschringen.de\/wordpress\/wp-content\/uploads\/2017\/02\/AltesSchulhaus.jpg\" rel=\"attachment wp-att-1230\"><img data-recalc-dims=\"1\" loading=\"lazy\" decoding=\"async\" width=\"296\" height=\"300\" src=\"https:\/\/i0.wp.com\/eschringen.de\/wordpress\/wp-content\/uploads\/2017\/02\/AltesSchulhaus-296x300.jpg?resize=296%2C300\" alt=\"&quot;Altes Schulhaus&quot;\" class=\"wp-image-1230\" srcset=\"https:\/\/i0.wp.com\/eschringen.de\/wordpress\/wp-content\/uploads\/2017\/02\/AltesSchulhaus.jpg?resize=296%2C300&amp;ssl=1 296w, https:\/\/i0.wp.com\/eschringen.de\/wordpress\/wp-content\/uploads\/2017\/02\/AltesSchulhaus.jpg?resize=768%2C779&amp;ssl=1 768w, https:\/\/i0.wp.com\/eschringen.de\/wordpress\/wp-content\/uploads\/2017\/02\/AltesSchulhaus.jpg?w=800&amp;ssl=1 800w\" sizes=\"auto, (max-width: 296px) 100vw, 296px\" \/><\/a><figcaption>&#8211; zum vergr\u00f6\u00dfern bitte anklicken &#8211;<\/figcaption><\/figure>\n<\/div>\n\n<div class=\"wp-block-image\">\n<figure class=\"alignleft size-full\"><img data-recalc-dims=\"1\" loading=\"lazy\" decoding=\"async\" width=\"300\" height=\"283\" src=\"https:\/\/i0.wp.com\/eschringen.de\/wordpress\/wp-content\/uploads\/2022\/08\/kindergarten.jpg?resize=300%2C283&#038;ssl=1\" alt=\"\" class=\"wp-image-3587\"\/><\/figure>\n<\/div>","protected":false},"excerpt":{"rendered":"<p>Im Jahre 1898 als \u201eneues&#8220; Schulhaus mit zwei S\u00e4len erbaut; von 1958 bis 1974 als B\u00fcrgermeisteramt genutzt; sp\u00e4ter bezog der st\u00e4dtische Kindergarten die R\u00e4ume. Zur\u00fcck zu Sehenswertes<\/p>\n","protected":false},"author":1,"featured_media":0,"parent":121,"menu_order":6,"comment_status":"closed","ping_status":"closed","template":"","meta":{"ngg_post_thumbnail":0,"footnotes":""},"class_list":["post-739","page","type-page","status-publish"],"yoast_head":"<!-- This site is optimized with the Yoast SEO plugin v27.3 - https:\/\/yoast.com\/product\/yoast-seo-wordpress\/ -->\n<title>Altes Schulhaus - Eschringen<\/title>\n<meta name=\"robots\" content=\"index, follow, max-snippet:-1, max-image-preview:large, max-video-preview:-1\" \/>\n<link rel=\"canonical\" href=\"https:\/\/eschringen.de\/wordpress\/der-ort\/sehenswertes\/altes-schulhaus\/\" \/>\n<meta property=\"og:locale\" content=\"de_DE\" \/>\n<meta property=\"og:type\" content=\"article\" \/>\n<meta property=\"og:title\" content=\"Altes Schulhaus - Eschringen\" \/>\n<meta property=\"og:description\" content=\"Im Jahre 1898 als \u201eneues&#8220; Schulhaus mit zwei S\u00e4len erbaut; von 1958 bis 1974 als B\u00fcrgermeisteramt genutzt; sp\u00e4ter bezog der st\u00e4dtische Kindergarten die R\u00e4ume. Zur\u00fcck zu Sehenswertes\" \/>\n<meta property=\"og:url\" content=\"https:\/\/eschringen.de\/wordpress\/der-ort\/sehenswertes\/altes-schulhaus\/\" \/>\n<meta property=\"og:site_name\" content=\"Eschringen\" \/>\n<meta property=\"article:modified_time\" content=\"2022-08-20T07:04:28+00:00\" \/>\n<meta property=\"og:image\" content=\"http:\/\/eschringen.de\/wordpress\/wp-content\/uploads\/2017\/02\/AltesSchulhaus-296x300.jpg\" \/>\n<meta name=\"twitter:card\" content=\"summary_large_image\" \/>\n<meta name=\"twitter:label1\" content=\"Gesch\u00e4tzte Lesezeit\" \/>\n\t<meta name=\"twitter:data1\" content=\"1\u00a0Minute\" \/>\n<script type=\"application\/ld+json\" class=\"yoast-schema-graph\">{\"@context\":\"https:\\\/\\\/schema.org\",\"@graph\":[{\"@type\":\"WebPage\",\"@id\":\"https:\\\/\\\/eschringen.de\\\/wordpress\\\/der-ort\\\/sehenswertes\\\/altes-schulhaus\\\/\",\"url\":\"https:\\\/\\\/eschringen.de\\\/wordpress\\\/der-ort\\\/sehenswertes\\\/altes-schulhaus\\\/\",\"name\":\"Altes Schulhaus - Eschringen\",\"isPartOf\":{\"@id\":\"https:\\\/\\\/eschringen.de\\\/wordpress\\\/#website\"},\"primaryImageOfPage\":{\"@id\":\"https:\\\/\\\/eschringen.de\\\/wordpress\\\/der-ort\\\/sehenswertes\\\/altes-schulhaus\\\/#primaryimage\"},\"image\":{\"@id\":\"https:\\\/\\\/eschringen.de\\\/wordpress\\\/der-ort\\\/sehenswertes\\\/altes-schulhaus\\\/#primaryimage\"},\"thumbnailUrl\":\"http:\\\/\\\/eschringen.de\\\/wordpress\\\/wp-content\\\/uploads\\\/2017\\\/02\\\/AltesSchulhaus-296x300.jpg\",\"datePublished\":\"2017-02-16T12:49:52+00:00\",\"dateModified\":\"2022-08-20T07:04:28+00:00\",\"breadcrumb\":{\"@id\":\"https:\\\/\\\/eschringen.de\\\/wordpress\\\/der-ort\\\/sehenswertes\\\/altes-schulhaus\\\/#breadcrumb\"},\"inLanguage\":\"de\",\"potentialAction\":[{\"@type\":\"ReadAction\",\"target\":[\"https:\\\/\\\/eschringen.de\\\/wordpress\\\/der-ort\\\/sehenswertes\\\/altes-schulhaus\\\/\"]}]},{\"@type\":\"ImageObject\",\"inLanguage\":\"de\",\"@id\":\"https:\\\/\\\/eschringen.de\\\/wordpress\\\/der-ort\\\/sehenswertes\\\/altes-schulhaus\\\/#primaryimage\",\"url\":\"http:\\\/\\\/eschringen.de\\\/wordpress\\\/wp-content\\\/uploads\\\/2017\\\/02\\\/AltesSchulhaus-296x300.jpg\",\"contentUrl\":\"http:\\\/\\\/eschringen.de\\\/wordpress\\\/wp-content\\\/uploads\\\/2017\\\/02\\\/AltesSchulhaus-296x300.jpg\"},{\"@type\":\"BreadcrumbList\",\"@id\":\"https:\\\/\\\/eschringen.de\\\/wordpress\\\/der-ort\\\/sehenswertes\\\/altes-schulhaus\\\/#breadcrumb\",\"itemListElement\":[{\"@type\":\"ListItem\",\"position\":1,\"name\":\"Startseite\",\"item\":\"https:\\\/\\\/eschringen.de\\\/wordpress\\\/\"},{\"@type\":\"ListItem\",\"position\":2,\"name\":\"Der Ort\",\"item\":\"https:\\\/\\\/eschringen.de\\\/wordpress\\\/der-ort\\\/\"},{\"@type\":\"ListItem\",\"position\":3,\"name\":\"Sehenswertes\",\"item\":\"https:\\\/\\\/eschringen.de\\\/wordpress\\\/der-ort\\\/sehenswertes\\\/\"},{\"@type\":\"ListItem\",\"position\":4,\"name\":\"Altes Schulhaus\"}]},{\"@type\":\"WebSite\",\"@id\":\"https:\\\/\\\/eschringen.de\\\/wordpress\\\/#website\",\"url\":\"https:\\\/\\\/eschringen.de\\\/wordpress\\\/\",\"name\":\"Eschringen\",\"description\":\"\",\"publisher\":{\"@id\":\"https:\\\/\\\/eschringen.de\\\/wordpress\\\/#organization\"},\"potentialAction\":[{\"@type\":\"SearchAction\",\"target\":{\"@type\":\"EntryPoint\",\"urlTemplate\":\"https:\\\/\\\/eschringen.de\\\/wordpress\\\/?s={search_term_string}\"},\"query-input\":{\"@type\":\"PropertyValueSpecification\",\"valueRequired\":true,\"valueName\":\"search_term_string\"}}],\"inLanguage\":\"de\"},{\"@type\":\"Organization\",\"@id\":\"https:\\\/\\\/eschringen.de\\\/wordpress\\\/#organization\",\"name\":\"Eschringen\",\"url\":\"https:\\\/\\\/eschringen.de\\\/wordpress\\\/\",\"logo\":{\"@type\":\"ImageObject\",\"inLanguage\":\"de\",\"@id\":\"https:\\\/\\\/eschringen.de\\\/wordpress\\\/#\\\/schema\\\/logo\\\/image\\\/\",\"url\":\"https:\\\/\\\/eschringen.de\\\/wordpress\\\/wp-content\\\/uploads\\\/2017\\\/03\\\/2017_kw15.jpg\",\"contentUrl\":\"https:\\\/\\\/eschringen.de\\\/wordpress\\\/wp-content\\\/uploads\\\/2017\\\/03\\\/2017_kw15.jpg\",\"width\":784,\"height\":447,\"caption\":\"Eschringen\"},\"image\":{\"@id\":\"https:\\\/\\\/eschringen.de\\\/wordpress\\\/#\\\/schema\\\/logo\\\/image\\\/\"}}]}<\/script>\n<!-- \/ Yoast SEO plugin. -->","yoast_head_json":{"title":"Altes Schulhaus - Eschringen","robots":{"index":"index","follow":"follow","max-snippet":"max-snippet:-1","max-image-preview":"max-image-preview:large","max-video-preview":"max-video-preview:-1"},"canonical":"https:\/\/eschringen.de\/wordpress\/der-ort\/sehenswertes\/altes-schulhaus\/","og_locale":"de_DE","og_type":"article","og_title":"Altes Schulhaus - Eschringen","og_description":"Im Jahre 1898 als \u201eneues&#8220; Schulhaus mit zwei S\u00e4len erbaut; von 1958 bis 1974 als B\u00fcrgermeisteramt genutzt; sp\u00e4ter bezog der st\u00e4dtische Kindergarten die R\u00e4ume. Zur\u00fcck zu Sehenswertes","og_url":"https:\/\/eschringen.de\/wordpress\/der-ort\/sehenswertes\/altes-schulhaus\/","og_site_name":"Eschringen","article_modified_time":"2022-08-20T07:04:28+00:00","og_image":[{"url":"http:\/\/eschringen.de\/wordpress\/wp-content\/uploads\/2017\/02\/AltesSchulhaus-296x300.jpg","type":"","width":"","height":""}],"twitter_card":"summary_large_image","twitter_misc":{"Gesch\u00e4tzte Lesezeit":"1\u00a0Minute"},"schema":{"@context":"https:\/\/schema.org","@graph":[{"@type":"WebPage","@id":"https:\/\/eschringen.de\/wordpress\/der-ort\/sehenswertes\/altes-schulhaus\/","url":"https:\/\/eschringen.de\/wordpress\/der-ort\/sehenswertes\/altes-schulhaus\/","name":"Altes Schulhaus - Eschringen","isPartOf":{"@id":"https:\/\/eschringen.de\/wordpress\/#website"},"primaryImageOfPage":{"@id":"https:\/\/eschringen.de\/wordpress\/der-ort\/sehenswertes\/altes-schulhaus\/#primaryimage"},"image":{"@id":"https:\/\/eschringen.de\/wordpress\/der-ort\/sehenswertes\/altes-schulhaus\/#primaryimage"},"thumbnailUrl":"http:\/\/eschringen.de\/wordpress\/wp-content\/uploads\/2017\/02\/AltesSchulhaus-296x300.jpg","datePublished":"2017-02-16T12:49:52+00:00","dateModified":"2022-08-20T07:04:28+00:00","breadcrumb":{"@id":"https:\/\/eschringen.de\/wordpress\/der-ort\/sehenswertes\/altes-schulhaus\/#breadcrumb"},"inLanguage":"de","potentialAction":[{"@type":"ReadAction","target":["https:\/\/eschringen.de\/wordpress\/der-ort\/sehenswertes\/altes-schulhaus\/"]}]},{"@type":"ImageObject","inLanguage":"de","@id":"https:\/\/eschringen.de\/wordpress\/der-ort\/sehenswertes\/altes-schulhaus\/#primaryimage","url":"http:\/\/eschringen.de\/wordpress\/wp-content\/uploads\/2017\/02\/AltesSchulhaus-296x300.jpg","contentUrl":"http:\/\/eschringen.de\/wordpress\/wp-content\/uploads\/2017\/02\/AltesSchulhaus-296x300.jpg"},{"@type":"BreadcrumbList","@id":"https:\/\/eschringen.de\/wordpress\/der-ort\/sehenswertes\/altes-schulhaus\/#breadcrumb","itemListElement":[{"@type":"ListItem","position":1,"name":"Startseite","item":"https:\/\/eschringen.de\/wordpress\/"},{"@type":"ListItem","position":2,"name":"Der Ort","item":"https:\/\/eschringen.de\/wordpress\/der-ort\/"},{"@type":"ListItem","position":3,"name":"Sehenswertes","item":"https:\/\/eschringen.de\/wordpress\/der-ort\/sehenswertes\/"},{"@type":"ListItem","position":4,"name":"Altes Schulhaus"}]},{"@type":"WebSite","@id":"https:\/\/eschringen.de\/wordpress\/#website","url":"https:\/\/eschringen.de\/wordpress\/","name":"Eschringen","description":"","publisher":{"@id":"https:\/\/eschringen.de\/wordpress\/#organization"},"potentialAction":[{"@type":"SearchAction","target":{"@type":"EntryPoint","urlTemplate":"https:\/\/eschringen.de\/wordpress\/?s={search_term_string}"},"query-input":{"@type":"PropertyValueSpecification","valueRequired":true,"valueName":"search_term_string"}}],"inLanguage":"de"},{"@type":"Organization","@id":"https:\/\/eschringen.de\/wordpress\/#organization","name":"Eschringen","url":"https:\/\/eschringen.de\/wordpress\/","logo":{"@type":"ImageObject","inLanguage":"de","@id":"https:\/\/eschringen.de\/wordpress\/#\/schema\/logo\/image\/","url":"https:\/\/eschringen.de\/wordpress\/wp-content\/uploads\/2017\/03\/2017_kw15.jpg","contentUrl":"https:\/\/eschringen.de\/wordpress\/wp-content\/uploads\/2017\/03\/2017_kw15.jpg","width":784,"height":447,"caption":"Eschringen"},"image":{"@id":"https:\/\/eschringen.de\/wordpress\/#\/schema\/logo\/image\/"}}]}},"jetpack_sharing_enabled":true,"_links":{"self":[{"href":"https:\/\/eschringen.de\/wordpress\/wp-json\/wp\/v2\/pages\/739","targetHints":{"allow":["GET"]}}],"collection":[{"href":"https:\/\/eschringen.de\/wordpress\/wp-json\/wp\/v2\/pages"}],"about":[{"href":"https:\/\/eschringen.de\/wordpress\/wp-json\/wp\/v2\/types\/page"}],"author":[{"embeddable":true,"href":"https:\/\/eschringen.de\/wordpress\/wp-json\/wp\/v2\/users\/1"}],"replies":[{"embeddable":true,"href":"https:\/\/eschringen.de\/wordpress\/wp-json\/wp\/v2\/comments?post=739"}],"version-history":[{"count":4,"href":"https:\/\/eschringen.de\/wordpress\/wp-json\/wp\/v2\/pages\/739\/revisions"}],"predecessor-version":[{"id":3665,"href":"https:\/\/eschringen.de\/wordpress\/wp-json\/wp\/v2\/pages\/739\/revisions\/3665"}],"up":[{"embeddable":true,"href":"https:\/\/eschringen.de\/wordpress\/wp-json\/wp\/v2\/pages\/121"}],"wp:attachment":[{"href":"https:\/\/eschringen.de\/wordpress\/wp-json\/wp\/v2\/media?parent=739"}],"curies":[{"name":"wp","href":"https:\/\/api.w.org\/{rel}","templated":true}]}}