{"id":720,"date":"2017-02-15T13:45:12","date_gmt":"2017-02-15T12:45:12","guid":{"rendered":"http:\/\/eschringen.de\/wordpress\/?page_id=720"},"modified":"2022-02-12T12:41:58","modified_gmt":"2022-02-12T11:41:58","slug":"st-laurentiuskapelle","status":"publish","type":"page","link":"https:\/\/eschringen.de\/wordpress\/der-ort\/sehenswertes\/st-laurentiuskapelle\/","title":{"rendered":"St. Laurentiuskapelle"},"content":{"rendered":"\n<div class=\"wp-block-image\"><figure class=\"alignright\"><a href=\"https:\/\/i0.wp.com\/eschringen.de\/wordpress\/wp-content\/uploads\/2017\/02\/Kapelle-2.jpg\"><img data-recalc-dims=\"1\" loading=\"lazy\" decoding=\"async\" width=\"300\" height=\"241\" src=\"https:\/\/i0.wp.com\/eschringen.de\/wordpress\/wp-content\/uploads\/2017\/02\/Kapelle-2-300x241.jpg?resize=300%2C241\" alt=\"St. Laurentiuskapelle - Photo von schnittvogel.de\" class=\"wp-image-1219\" srcset=\"https:\/\/i0.wp.com\/eschringen.de\/wordpress\/wp-content\/uploads\/2017\/02\/Kapelle-2.jpg?resize=300%2C241&amp;ssl=1 300w, https:\/\/i0.wp.com\/eschringen.de\/wordpress\/wp-content\/uploads\/2017\/02\/Kapelle-2.jpg?resize=768%2C616&amp;ssl=1 768w, https:\/\/i0.wp.com\/eschringen.de\/wordpress\/wp-content\/uploads\/2017\/02\/Kapelle-2.jpg?resize=1024%2C822&amp;ssl=1 1024w, https:\/\/i0.wp.com\/eschringen.de\/wordpress\/wp-content\/uploads\/2017\/02\/Kapelle-2.jpg?w=1600&amp;ssl=1 1600w\" sizes=\"auto, (max-width: 300px) 100vw, 300px\" \/><\/a><figcaption>&#8211; zum vergr\u00f6\u00dfern anklicken &#8211;<\/figcaption><\/figure><\/div>\n\n\n\n<p>Die romanische Kapelle auf l\u00e4ngsrechteckigem Grundriss mit eingezogenem quadratischen Chor und Satteldach mit Dachreiter wird in der Teilungsurkunde wie die Eschringer M\u00fchle bereits 1291 urkundlich erw\u00e4hnt. Sie wurde vermutlich um 1275 errichtet. Die Jahreszahl 1716 im Rundbogenportal bezieht sich auf eine damalige umfassende Renovierung; 1949-1956 Wieder-herstellung nach Kriegszerst\u00f6rungen; innen Lindenholzstatue des hl. Laurentius, vermutlich aus der Entstehungszeit der Kapelle, sowie barocke S\u00e4ulenalt\u00e4re des fr\u00fchen 18. Jahrhunderts. Die schmiedeeiserne Chorschranke wurde bei einer Renovierung von 1981-83 angebracht. Der schlichte Bau auf seiner ummauerten Terrasse geh\u00f6rt zum \u00e4ltesten Baubestand im Stadtbereich.<\/p>\n\n\n\n<p><u>en francais:<\/u><\/p>\n\n\n\n<p>Chapelle romane, \u00e9rig\u00e9e vers 1275 sur plan rectangulaire et mention\u00e9e en 1291 dans le m\u00eame acte de partage que le moulin; la date 1716, grav\u00e9e dans l\u2019arche du portail, se rapporte \u00e0 une r\u00e9novation; 1983 avec pose de la grille du choeur; statue de Saint Laurent en bois de tilleul, probablement romane, et autels baroques du d\u00e9but du 18i\u00e8me si\u00e8cle; un des plus vieux b\u00e2timents de Sarrebruck.<\/p>\n\n\n\n<p>zit. aus dem &#8222;Architekturf\u00fchrer Saarbr\u00fccken&#8220; von Josef Baulig, Hans Mildenberger u. Gabriele Scherer. 1999; nach Angaben von H. Moog.<\/p>\n\n\n\n<hr class=\"wp-block-separator\"\/>\n\n\n\n<p class=\"has-text-align-left\"><span style=\"color: #008040;\"><b>um 1275<\/b><\/span><\/p>\n\n\n\n<p><span style=\"color: #000000;\">(Anzunehmender Zeitraum der) <b>Erbauung der Kapelle<\/b> (Stifter: der Metzer Bischof Laurentius?)<\/span><\/p>\n\n\n\n<hr class=\"wp-block-separator\"\/>\n\n\n\n<p><span style=\"color: #008040;\"><b>1291<\/b><\/span><\/p>\n\n\n\n<p><span style=\"color: #000000;\"><b>Ersterw\u00e4hnung der Kapelle<\/b> anl\u00e4sslich einer Erbteilung (zwischen dem Deutschen Hause in Saarbr\u00fccken, Ritter Alard von Siersberg, Benediktinerm\u00f6nch Johannes von Busendorf, dessen Bruder, und der Herrin von Bettingen einerseits, und Ida und Liza, den adligen T\u00f6chtern des Ritters Heinrich Rufus von Eschringen andererseits.<\/span><\/p>\n\n\n\n<hr class=\"wp-block-separator\"\/>\n\n\n\n<p><span style=\"color: #008040;\"><b>1482<\/b><\/span><\/p>\n\n\n\n<p><span style=\"color: #000000;\">Die Kapelle ist eine geweihte Kirche, kein &#8222;Privatkapellchen&#8220;! (dies geht aus einem Vergleich hervor, den ein Schiedsgericht erstellte)<\/span><\/p>\n\n\n\n<hr class=\"wp-block-separator\"\/>\n\n\n\n<p><span style=\"color: #008040;\"><b>1600<\/b><\/span><\/p>\n\n\n\n<p><span style=\"color: #000000;\"><b>Einf\u00fchrung der Reformation<\/b> in Eschringen durch den Saarbr\u00fccker Grafen Philipp III.<\/span><\/p>\n\n\n\n<hr class=\"wp-block-separator\"\/>\n\n\n\n<p><span style=\"color: #008040;\"><b>1635<\/b><\/span><\/p>\n\n\n\n<p><span style=\"color: #000000;\"><b>Gro\u00dfe Sch\u00e4den auch an der Kapelle durch Kampfhandlungen<\/b> (&#8222;Drei\u00dfigj\u00e4hriger Krieg&#8220;)<\/span><\/p>\n\n\n\n<hr class=\"wp-block-separator\"\/>\n\n\n\n<p><span style=\"color: #008040;\"><b>1680<\/b><\/span><\/p>\n\n\n\n<p><span style=\"color: #000000;\"><b>Wiederzulassung des katholischen Glaubens<\/b><\/span><\/p>\n\n\n\n<hr class=\"wp-block-separator\"\/>\n\n\n\n<p><span style=\"color: #008040;\"><b>1686<\/b><\/span><\/p>\n\n\n\n<p><span style=\"color: #000000;\">Die als &#8222;Kirche&#8220; bezeichnete <b>Kapelle<\/b> wird bei einer bisch\u00f6flichen Visitation als <b>&#8222;bauf\u00e4llig&#8220;<\/b> eingestuft.<\/span><\/p>\n\n\n\n<hr class=\"wp-block-separator\"\/>\n\n\n\n<p><span style=\"color: #008040;\"><b>1716<\/b><\/span><\/p>\n\n\n\n<p><span style=\"color: #000000;\"><b>Abschluss der Kapellenrenovierung<\/b> (siehe Jahreszahl \u00fcber dem Portal)<\/span><\/p>\n\n\n\n<hr class=\"wp-block-separator\"\/>\n\n\n\n<p><span style=\"color: #008040;\"><b>1739<\/b><\/span><\/p>\n\n\n\n<p><span style=\"color: #000000;\"><b>Kapelle erh\u00e4lt ihre Barockalt\u00e4re<\/b> aus dem lothringischen Rimling(en)<br>(Anton Goergen, der erste Pfarrer hatte sie 1706 f\u00fcr die dortige Kirche anfertigen lassen).<\/span><\/p>\n\n\n\n<hr class=\"wp-block-separator\"\/>\n\n\n\n<p><span style=\"color: #008040;\"><b>1804<\/b><\/span><\/p>\n\n\n\n<p><span style=\"color: #000000;\"><b>Kirchhof um die Kapelle wird geschlossen<\/b> (nach einem Dekret des Kaisers Napoleon).<\/span><\/p>\n\n\n\n<hr class=\"wp-block-separator\"\/>\n\n\n\n<p><span style=\"color: #008040;\"><b>1859<\/b><\/span><\/p>\n\n\n\n<p><span style=\"color: #000000;\">Zweite Kapellenglocke<\/span><\/p>\n\n\n\n<hr class=\"wp-block-separator\"\/>\n\n\n\n<p><span style=\"color: #008040;\"><b>1864<\/b><\/span><\/p>\n\n\n\n<p><span style=\"color: #000000;\">\u00c4ltere Kapellenglocke zerspringt w\u00e4hrend des Sterbegel\u00e4uts f\u00fcr den bayerischen K\u00f6nig Maximilian II.<\/span><\/p>\n\n\n\n<hr class=\"wp-block-separator\"\/>\n\n\n\n<p><span style=\"color: #008040;\"><b>1898<\/b><\/span><\/p>\n\n\n\n<p><span style=\"color: #000000;\"><b>Gr\u00fcndung eines Kirchenbauvereins<\/b>, da die <b>Kapelle zu klein<\/b> geworden ist<\/span><\/p>\n\n\n\n<hr class=\"wp-block-separator\"\/>\n\n\n\n<p><span style=\"color: #008040;\"><b>1930<\/b><\/span><\/p>\n\n\n\n<p><span style=\"color: #000000;\">\u00dcberf\u00fchrung der beiden Kapellenglocken in den Turm der neuen St. Laurentiuskirche.<\/span><\/p>\n\n\n\n<hr class=\"wp-block-separator\"\/>\n\n\n\n<p><span style=\"color: #008040;\"><b>1939 &#8211; 1945<\/b><\/span><\/p>\n\n\n\n<p><span style=\"color: #000000;\"><b>Schwere Kriegssch\u00e4den, auch bei der Kapelle<\/b>, durch Artilleriebeschuss und Luftangriffe.<\/span><\/p>\n\n\n\n<hr class=\"wp-block-separator\"\/>\n\n\n\n<p><span style=\"color: #008040;\"><b>1949 &#8211; 1954<\/b><\/span><\/p>\n\n\n\n<p><span style=\"color: #000000;\">nach Ende des Krieges langwierige und z. T. nur notd\u00fcrftige <b>Renovierung<\/b>.<\/span><\/p>\n\n\n\n<hr class=\"wp-block-separator\"\/>\n\n\n\n<p><span style=\"color: #008040;\"><b>1981 &#8211; 1983<\/b><\/span><\/p>\n\n\n\n<p><span style=\"color: #000000;\"><b>Renovierung<\/b> der Kapelle, vornehmlich in Eigenleistung, unter Leitung von Alfons Hartz.<\/span><\/p>\n\n\n\n<hr class=\"wp-block-separator\"\/>\n\n\n\n<p><span style=\"color: #008040;\"><b>2003 &#8211; 2004<\/b><\/span><\/p>\n\n\n\n<p><span style=\"color: #000000;\"><b>Gr\u00fcndung eines Kapellenf\u00f6rdervereins<\/b>, der Gelder f\u00fcr dringend notwendige Renovierungsarbeiten beschaffen und auch die kulturhistorisch-architektonische Bedeutung der Kapelle in der Region herausstellen soll.<\/span><\/p>\n\n\n\n<hr class=\"wp-block-separator\"\/>\n\n\n\n<p><span style=\"color: #800000;\">Literaturhinweise:<\/span><\/p>\n\n\n\n<p><strong>Moog, Heinrich:<\/strong>&nbsp;Die Eschringer St. Laurentiuskapelle im Wandel der Zeiten.<br>SB-Eschringen 1996. (Eschringer Hefte; 1)<\/p>\n\n\n\n<p><strong>Schmitt, Norbert:<\/strong>\u00a0Die Laurentiuskapelle in Eschringen und ihre Ausstattung.<br>in: Saarheimat. Oktober 1967. S. 304-308.Barockinventar in der Laurentiuskapelle zu Eschringen. <br>(<a href=\"https:\/\/eschringen.de\/wordpress\/wp-content\/uploads\/2022\/02\/Kapelle1967-1.pdf\">als PDF hier zum Download<\/a>)<br>in: Kunstgeschichtliche Wanderung im Landkreis St. Ingbert. St. Ingbert 1973. S. 116-121.<\/p>\n\n\n\n<p><strong>Bonkhoff, Bernhard H.:&nbsp;<\/strong>Die Kirchen im Saar-Pfalz-Kreis.<br>Eschringen (Stadt Saarbr\u00fccken). Kath. Pfarrkirche St. Laurentius; St. Laurentiuskapelle. Saarbr\u00fccken 1987.<br>S. 113-116.<\/p>\n\n\n\n<p><a href=\"http:\/\/eschringen.de\/wordpress\/der-ort\/sehenswertes\/\">Zur\u00fcck zu Sehenswertes<\/a><\/p>\n","protected":false},"excerpt":{"rendered":"<p>Die romanische Kapelle auf l\u00e4ngsrechteckigem Grundriss mit eingezogenem quadratischen Chor und Satteldach mit Dachreiter wird in der Teilungsurkunde wie die Eschringer M\u00fchle bereits 1291 urkundlich erw\u00e4hnt. Sie wurde vermutlich um 1275 errichtet. Die Jahreszahl 1716 im Rundbogenportal bezieht sich auf eine damalige umfassende Renovierung; 1949-1956 Wieder-herstellung nach Kriegszerst\u00f6rungen; innen Lindenholzstatue des hl. Laurentius, vermutlich aus &#8230; <a title=\"St. Laurentiuskapelle\" class=\"read-more\" href=\"https:\/\/eschringen.de\/wordpress\/der-ort\/sehenswertes\/st-laurentiuskapelle\/\" aria-label=\"Mehr Informationen \u00fcber St. Laurentiuskapelle\">Weiterlesen &#8230;<\/a><\/p>\n","protected":false},"author":1,"featured_media":0,"parent":121,"menu_order":1,"comment_status":"closed","ping_status":"closed","template":"","meta":{"ngg_post_thumbnail":0,"footnotes":""},"class_list":["post-720","page","type-page","status-publish"],"yoast_head":"<!-- This site is optimized with the Yoast SEO plugin v27.3 - https:\/\/yoast.com\/product\/yoast-seo-wordpress\/ -->\n<title>St. Laurentiuskapelle - Eschringen<\/title>\n<meta name=\"robots\" content=\"index, follow, max-snippet:-1, max-image-preview:large, max-video-preview:-1\" \/>\n<link rel=\"canonical\" href=\"https:\/\/eschringen.de\/wordpress\/der-ort\/sehenswertes\/st-laurentiuskapelle\/\" \/>\n<meta property=\"og:locale\" content=\"de_DE\" \/>\n<meta property=\"og:type\" content=\"article\" \/>\n<meta property=\"og:title\" content=\"St. Laurentiuskapelle - Eschringen\" \/>\n<meta property=\"og:description\" content=\"Die romanische Kapelle auf l\u00e4ngsrechteckigem Grundriss mit eingezogenem quadratischen Chor und Satteldach mit Dachreiter wird in der Teilungsurkunde wie die Eschringer M\u00fchle bereits 1291 urkundlich erw\u00e4hnt. Sie wurde vermutlich um 1275 errichtet. Die Jahreszahl 1716 im Rundbogenportal bezieht sich auf eine damalige umfassende Renovierung; 1949-1956 Wieder-herstellung nach Kriegszerst\u00f6rungen; innen Lindenholzstatue des hl. Laurentius, vermutlich aus ... Weiterlesen ...\" \/>\n<meta property=\"og:url\" content=\"https:\/\/eschringen.de\/wordpress\/der-ort\/sehenswertes\/st-laurentiuskapelle\/\" \/>\n<meta property=\"og:site_name\" content=\"Eschringen\" \/>\n<meta property=\"article:modified_time\" content=\"2022-02-12T11:41:58+00:00\" \/>\n<meta property=\"og:image\" content=\"http:\/\/eschringen.de\/wordpress\/wp-content\/uploads\/2017\/02\/Kapelle-2-300x241.jpg\" \/>\n<meta name=\"twitter:card\" content=\"summary_large_image\" \/>\n<meta name=\"twitter:label1\" content=\"Gesch\u00e4tzte Lesezeit\" \/>\n\t<meta name=\"twitter:data1\" content=\"4\u00a0Minuten\" \/>\n<script type=\"application\/ld+json\" class=\"yoast-schema-graph\">{\"@context\":\"https:\\\/\\\/schema.org\",\"@graph\":[{\"@type\":\"WebPage\",\"@id\":\"https:\\\/\\\/eschringen.de\\\/wordpress\\\/der-ort\\\/sehenswertes\\\/st-laurentiuskapelle\\\/\",\"url\":\"https:\\\/\\\/eschringen.de\\\/wordpress\\\/der-ort\\\/sehenswertes\\\/st-laurentiuskapelle\\\/\",\"name\":\"St. Laurentiuskapelle - Eschringen\",\"isPartOf\":{\"@id\":\"https:\\\/\\\/eschringen.de\\\/wordpress\\\/#website\"},\"primaryImageOfPage\":{\"@id\":\"https:\\\/\\\/eschringen.de\\\/wordpress\\\/der-ort\\\/sehenswertes\\\/st-laurentiuskapelle\\\/#primaryimage\"},\"image\":{\"@id\":\"https:\\\/\\\/eschringen.de\\\/wordpress\\\/der-ort\\\/sehenswertes\\\/st-laurentiuskapelle\\\/#primaryimage\"},\"thumbnailUrl\":\"http:\\\/\\\/eschringen.de\\\/wordpress\\\/wp-content\\\/uploads\\\/2017\\\/02\\\/Kapelle-2-300x241.jpg\",\"datePublished\":\"2017-02-15T12:45:12+00:00\",\"dateModified\":\"2022-02-12T11:41:58+00:00\",\"breadcrumb\":{\"@id\":\"https:\\\/\\\/eschringen.de\\\/wordpress\\\/der-ort\\\/sehenswertes\\\/st-laurentiuskapelle\\\/#breadcrumb\"},\"inLanguage\":\"de\",\"potentialAction\":[{\"@type\":\"ReadAction\",\"target\":[\"https:\\\/\\\/eschringen.de\\\/wordpress\\\/der-ort\\\/sehenswertes\\\/st-laurentiuskapelle\\\/\"]}]},{\"@type\":\"ImageObject\",\"inLanguage\":\"de\",\"@id\":\"https:\\\/\\\/eschringen.de\\\/wordpress\\\/der-ort\\\/sehenswertes\\\/st-laurentiuskapelle\\\/#primaryimage\",\"url\":\"http:\\\/\\\/eschringen.de\\\/wordpress\\\/wp-content\\\/uploads\\\/2017\\\/02\\\/Kapelle-2-300x241.jpg\",\"contentUrl\":\"http:\\\/\\\/eschringen.de\\\/wordpress\\\/wp-content\\\/uploads\\\/2017\\\/02\\\/Kapelle-2-300x241.jpg\"},{\"@type\":\"BreadcrumbList\",\"@id\":\"https:\\\/\\\/eschringen.de\\\/wordpress\\\/der-ort\\\/sehenswertes\\\/st-laurentiuskapelle\\\/#breadcrumb\",\"itemListElement\":[{\"@type\":\"ListItem\",\"position\":1,\"name\":\"Startseite\",\"item\":\"https:\\\/\\\/eschringen.de\\\/wordpress\\\/\"},{\"@type\":\"ListItem\",\"position\":2,\"name\":\"Der Ort\",\"item\":\"https:\\\/\\\/eschringen.de\\\/wordpress\\\/der-ort\\\/\"},{\"@type\":\"ListItem\",\"position\":3,\"name\":\"Sehenswertes\",\"item\":\"https:\\\/\\\/eschringen.de\\\/wordpress\\\/der-ort\\\/sehenswertes\\\/\"},{\"@type\":\"ListItem\",\"position\":4,\"name\":\"St. Laurentiuskapelle\"}]},{\"@type\":\"WebSite\",\"@id\":\"https:\\\/\\\/eschringen.de\\\/wordpress\\\/#website\",\"url\":\"https:\\\/\\\/eschringen.de\\\/wordpress\\\/\",\"name\":\"Eschringen\",\"description\":\"\",\"publisher\":{\"@id\":\"https:\\\/\\\/eschringen.de\\\/wordpress\\\/#organization\"},\"potentialAction\":[{\"@type\":\"SearchAction\",\"target\":{\"@type\":\"EntryPoint\",\"urlTemplate\":\"https:\\\/\\\/eschringen.de\\\/wordpress\\\/?s={search_term_string}\"},\"query-input\":{\"@type\":\"PropertyValueSpecification\",\"valueRequired\":true,\"valueName\":\"search_term_string\"}}],\"inLanguage\":\"de\"},{\"@type\":\"Organization\",\"@id\":\"https:\\\/\\\/eschringen.de\\\/wordpress\\\/#organization\",\"name\":\"Eschringen\",\"url\":\"https:\\\/\\\/eschringen.de\\\/wordpress\\\/\",\"logo\":{\"@type\":\"ImageObject\",\"inLanguage\":\"de\",\"@id\":\"https:\\\/\\\/eschringen.de\\\/wordpress\\\/#\\\/schema\\\/logo\\\/image\\\/\",\"url\":\"https:\\\/\\\/eschringen.de\\\/wordpress\\\/wp-content\\\/uploads\\\/2017\\\/03\\\/2017_kw15.jpg\",\"contentUrl\":\"https:\\\/\\\/eschringen.de\\\/wordpress\\\/wp-content\\\/uploads\\\/2017\\\/03\\\/2017_kw15.jpg\",\"width\":784,\"height\":447,\"caption\":\"Eschringen\"},\"image\":{\"@id\":\"https:\\\/\\\/eschringen.de\\\/wordpress\\\/#\\\/schema\\\/logo\\\/image\\\/\"}}]}<\/script>\n<!-- \/ Yoast SEO plugin. -->","yoast_head_json":{"title":"St. Laurentiuskapelle - Eschringen","robots":{"index":"index","follow":"follow","max-snippet":"max-snippet:-1","max-image-preview":"max-image-preview:large","max-video-preview":"max-video-preview:-1"},"canonical":"https:\/\/eschringen.de\/wordpress\/der-ort\/sehenswertes\/st-laurentiuskapelle\/","og_locale":"de_DE","og_type":"article","og_title":"St. Laurentiuskapelle - Eschringen","og_description":"Die romanische Kapelle auf l\u00e4ngsrechteckigem Grundriss mit eingezogenem quadratischen Chor und Satteldach mit Dachreiter wird in der Teilungsurkunde wie die Eschringer M\u00fchle bereits 1291 urkundlich erw\u00e4hnt. Sie wurde vermutlich um 1275 errichtet. Die Jahreszahl 1716 im Rundbogenportal bezieht sich auf eine damalige umfassende Renovierung; 1949-1956 Wieder-herstellung nach Kriegszerst\u00f6rungen; innen Lindenholzstatue des hl. Laurentius, vermutlich aus ... Weiterlesen ...","og_url":"https:\/\/eschringen.de\/wordpress\/der-ort\/sehenswertes\/st-laurentiuskapelle\/","og_site_name":"Eschringen","article_modified_time":"2022-02-12T11:41:58+00:00","og_image":[{"url":"http:\/\/eschringen.de\/wordpress\/wp-content\/uploads\/2017\/02\/Kapelle-2-300x241.jpg","type":"","width":"","height":""}],"twitter_card":"summary_large_image","twitter_misc":{"Gesch\u00e4tzte Lesezeit":"4\u00a0Minuten"},"schema":{"@context":"https:\/\/schema.org","@graph":[{"@type":"WebPage","@id":"https:\/\/eschringen.de\/wordpress\/der-ort\/sehenswertes\/st-laurentiuskapelle\/","url":"https:\/\/eschringen.de\/wordpress\/der-ort\/sehenswertes\/st-laurentiuskapelle\/","name":"St. Laurentiuskapelle - Eschringen","isPartOf":{"@id":"https:\/\/eschringen.de\/wordpress\/#website"},"primaryImageOfPage":{"@id":"https:\/\/eschringen.de\/wordpress\/der-ort\/sehenswertes\/st-laurentiuskapelle\/#primaryimage"},"image":{"@id":"https:\/\/eschringen.de\/wordpress\/der-ort\/sehenswertes\/st-laurentiuskapelle\/#primaryimage"},"thumbnailUrl":"http:\/\/eschringen.de\/wordpress\/wp-content\/uploads\/2017\/02\/Kapelle-2-300x241.jpg","datePublished":"2017-02-15T12:45:12+00:00","dateModified":"2022-02-12T11:41:58+00:00","breadcrumb":{"@id":"https:\/\/eschringen.de\/wordpress\/der-ort\/sehenswertes\/st-laurentiuskapelle\/#breadcrumb"},"inLanguage":"de","potentialAction":[{"@type":"ReadAction","target":["https:\/\/eschringen.de\/wordpress\/der-ort\/sehenswertes\/st-laurentiuskapelle\/"]}]},{"@type":"ImageObject","inLanguage":"de","@id":"https:\/\/eschringen.de\/wordpress\/der-ort\/sehenswertes\/st-laurentiuskapelle\/#primaryimage","url":"http:\/\/eschringen.de\/wordpress\/wp-content\/uploads\/2017\/02\/Kapelle-2-300x241.jpg","contentUrl":"http:\/\/eschringen.de\/wordpress\/wp-content\/uploads\/2017\/02\/Kapelle-2-300x241.jpg"},{"@type":"BreadcrumbList","@id":"https:\/\/eschringen.de\/wordpress\/der-ort\/sehenswertes\/st-laurentiuskapelle\/#breadcrumb","itemListElement":[{"@type":"ListItem","position":1,"name":"Startseite","item":"https:\/\/eschringen.de\/wordpress\/"},{"@type":"ListItem","position":2,"name":"Der Ort","item":"https:\/\/eschringen.de\/wordpress\/der-ort\/"},{"@type":"ListItem","position":3,"name":"Sehenswertes","item":"https:\/\/eschringen.de\/wordpress\/der-ort\/sehenswertes\/"},{"@type":"ListItem","position":4,"name":"St. Laurentiuskapelle"}]},{"@type":"WebSite","@id":"https:\/\/eschringen.de\/wordpress\/#website","url":"https:\/\/eschringen.de\/wordpress\/","name":"Eschringen","description":"","publisher":{"@id":"https:\/\/eschringen.de\/wordpress\/#organization"},"potentialAction":[{"@type":"SearchAction","target":{"@type":"EntryPoint","urlTemplate":"https:\/\/eschringen.de\/wordpress\/?s={search_term_string}"},"query-input":{"@type":"PropertyValueSpecification","valueRequired":true,"valueName":"search_term_string"}}],"inLanguage":"de"},{"@type":"Organization","@id":"https:\/\/eschringen.de\/wordpress\/#organization","name":"Eschringen","url":"https:\/\/eschringen.de\/wordpress\/","logo":{"@type":"ImageObject","inLanguage":"de","@id":"https:\/\/eschringen.de\/wordpress\/#\/schema\/logo\/image\/","url":"https:\/\/eschringen.de\/wordpress\/wp-content\/uploads\/2017\/03\/2017_kw15.jpg","contentUrl":"https:\/\/eschringen.de\/wordpress\/wp-content\/uploads\/2017\/03\/2017_kw15.jpg","width":784,"height":447,"caption":"Eschringen"},"image":{"@id":"https:\/\/eschringen.de\/wordpress\/#\/schema\/logo\/image\/"}}]}},"jetpack_sharing_enabled":true,"_links":{"self":[{"href":"https:\/\/eschringen.de\/wordpress\/wp-json\/wp\/v2\/pages\/720","targetHints":{"allow":["GET"]}}],"collection":[{"href":"https:\/\/eschringen.de\/wordpress\/wp-json\/wp\/v2\/pages"}],"about":[{"href":"https:\/\/eschringen.de\/wordpress\/wp-json\/wp\/v2\/types\/page"}],"author":[{"embeddable":true,"href":"https:\/\/eschringen.de\/wordpress\/wp-json\/wp\/v2\/users\/1"}],"replies":[{"embeddable":true,"href":"https:\/\/eschringen.de\/wordpress\/wp-json\/wp\/v2\/comments?post=720"}],"version-history":[{"count":20,"href":"https:\/\/eschringen.de\/wordpress\/wp-json\/wp\/v2\/pages\/720\/revisions"}],"predecessor-version":[{"id":3344,"href":"https:\/\/eschringen.de\/wordpress\/wp-json\/wp\/v2\/pages\/720\/revisions\/3344"}],"up":[{"embeddable":true,"href":"https:\/\/eschringen.de\/wordpress\/wp-json\/wp\/v2\/pages\/121"}],"wp:attachment":[{"href":"https:\/\/eschringen.de\/wordpress\/wp-json\/wp\/v2\/media?parent=720"}],"curies":[{"name":"wp","href":"https:\/\/api.w.org\/{rel}","templated":true}]}}