{"id":701,"date":"2017-02-13T14:05:16","date_gmt":"2017-02-13T13:05:16","guid":{"rendered":"http:\/\/eschringen.de\/wordpress\/?page_id=701"},"modified":"2024-07-01T08:31:07","modified_gmt":"2024-07-01T06:31:07","slug":"wanderfreunde-eschringen-1971-e-v","status":"publish","type":"page","link":"https:\/\/eschringen.de\/wordpress\/die-menschen\/vereine\/wanderfreunde-eschringen-1971-e-v\/","title":{"rendered":"Wanderfreunde Eschringen 1971 e. V."},"content":{"rendered":"\n<div><strong><span style=\"color: #ff0000;\">aufgel\u00f6st 1985<\/span><\/strong><\/div>\n\n\n\n<p><span style=\"color: #000000; font-size: small;\"><strong><span style=\"font-family: arial,helvetica,sans-serif;\">Ein Blick zur\u00fcck:<\/span><\/strong><\/span><\/p>\n\n\n\n<p>Ende der 1960er Jahre schwappte aus \u00d6sterreich und der Schweiz die sog. Volkssportidee (Wandern, Fahrradfahren und Schwimmen) nach Deutschland her\u00fcber. Auch einige M\u00e4nner und Frauen aus Eschringen lie\u00dfen sich von dieser Idee des Volkssportes anstecken und nahmen ab 1969 regelm\u00e4\u00dfig an internationalen Volkswanderungen im Saarland und im benachbarten Rheinland-Pfalz teil.<\/p>\n\n\n\n<p>Im Laufe der Zeit wurde die Idee geboren, auch in Eschringen einen Wanderverein zu gr\u00fcnden und selbst Wanderveranstaltungen durchzuf\u00fchren. So kam es 1971 zu Gr\u00fcndung der &#8222;Wanderfreunde Eschringen&#8220;.<\/p>\n\n\n\n<p>Die Gr\u00fcndungsmitglieder waren: Hans Blum, Hermann Blum, Artur Kr\u00e4mer, Richard Schmitt, Willy Lang, Fridolin Gunkelmann, Karl-Heinz Rutschke, Walter Jost, Eduard Jost, Uwe Hinrichsen, Eberhard Thome und Kurt Meyer.<\/p>\n\n\n\n<p>Im Herbst 1971 schlie\u00dflich wurde von eben diesen Wanderfreunden Eschringen ihre \u201e1. Internationale Volkswanderung&#8220; in Eschringen durchgef\u00fchrt. Die Sporthalle war damals noch nicht gebaut, so dass Start und Ziel sowie die komplette Veranstaltung im Feuerwehrger\u00e4tehaus des Ortes stattfand. Zu erwandern gab es eine Medaille, die das Abbild von Albrecht D\u00fcrer zeigte. Angeboten wurden an zwei Tagen (Samstag und Sonntag) zwei Wanderstrecken \u00fcber 10 km bzw. 20 km.<\/p>\n\n\n<div class=\"wp-block-image\">\n<figure class=\"aligncenter size-full\"><img data-recalc-dims=\"1\" loading=\"lazy\" decoding=\"async\" width=\"600\" height=\"494\" src=\"https:\/\/i0.wp.com\/eschringen.de\/wordpress\/wp-content\/uploads\/2024\/07\/Wanderfreunde.jpg?resize=600%2C494&#038;ssl=1\" alt=\"\" class=\"wp-image-4559\" srcset=\"https:\/\/i0.wp.com\/eschringen.de\/wordpress\/wp-content\/uploads\/2024\/07\/Wanderfreunde.jpg?w=600&amp;ssl=1 600w, https:\/\/i0.wp.com\/eschringen.de\/wordpress\/wp-content\/uploads\/2024\/07\/Wanderfreunde.jpg?resize=300%2C247&amp;ssl=1 300w\" sizes=\"auto, (max-width: 600px) 100vw, 600px\" \/><\/figure>\n<\/div>\n\n\n<p>Nur noch ein weiteres Mal, n\u00e4mlich 1972, musste das Feuerwehrger\u00e4tehaus als Veranstaltungsort dienen, bevor 1973\/74 die Sport-und Kulturhalle gebaut wurde. Die Sporthalle bot einen geeigneteren Rahmen f\u00fcr die Veranstaltungen in den Folgejahren, kamen doch in manchem Jahr bis zu 5000 (!) Wanderer nach Eschringen. Erfreuen konnten sich die vielen Wanderer an sch\u00f6nen Wanderstrecken, die sie entweder \u00fcber den Ponsheimer Hof Richtung Gr\u00e4finthal oder \u00fcber den Sitterswald ins Ensheimer Tal und nat\u00fcrlich wieder zur\u00fcck f\u00fchrten.<\/p>\n\n\n\n<p>Als eine Art Jahresgabe wurden f\u00fcr die Vereinsmitglieder mehrere Erinnerungstafeln mit unterschiedlichen Motiven bei der Halbergerh\u00fctte in Brebach aus Gusseisen angefertigt.<\/p>\n\n\n\n<p>Die Medaille als Auszeichnung war Mitte der 1970er Jahre durch einen sch\u00f6n anzusehenden Kunststoff-Wandteller (Motive waren u.a. die Schl\u00f6sser des Bayern-K\u00f6nigs Ludwig II.) abgel\u00f6st worden. Viele weitere Veranstaltungen folgten, bis Mitte der 1980er Jahre die Freude und die Bereitschaft der Wanderfreunde Eschringen am Volkswandern nachlie\u00df und auch keine Bereitschaft mehr da war, selbst Volkswanderungen durchzuf\u00fchren. Die letzte Volkswanderung fand 1985 in Eschringen statt, danach l\u00f6ste sich der Verein auf.<\/p>\n\n\n\n<p>(J\u00fcrgen Blum)<\/p>\n\n\n\n<p><a href=\"http:\/\/eschringen.de\/wordpress\/die-menschen\/vereine\/\">zur\u00fcck zur \u00dcbersicht<\/a><\/p>\n","protected":false},"excerpt":{"rendered":"<p>aufgel\u00f6st 1985 Ein Blick zur\u00fcck: Ende der 1960er Jahre schwappte aus \u00d6sterreich und der Schweiz die sog. Volkssportidee (Wandern, Fahrradfahren und Schwimmen) nach Deutschland her\u00fcber. Auch einige M\u00e4nner und Frauen aus Eschringen lie\u00dfen sich von dieser Idee des Volkssportes anstecken und nahmen ab 1969 regelm\u00e4\u00dfig an internationalen Volkswanderungen im Saarland und im benachbarten Rheinland-Pfalz teil. &#8230; <a title=\"Wanderfreunde Eschringen 1971 e. V.\" class=\"read-more\" href=\"https:\/\/eschringen.de\/wordpress\/die-menschen\/vereine\/wanderfreunde-eschringen-1971-e-v\/\" aria-label=\"Mehr Informationen \u00fcber Wanderfreunde Eschringen 1971 e. V.\">Weiterlesen &#8230;<\/a><\/p>\n","protected":false},"author":1,"featured_media":0,"parent":228,"menu_order":29,"comment_status":"closed","ping_status":"closed","template":"","meta":{"ngg_post_thumbnail":0,"footnotes":""},"class_list":["post-701","page","type-page","status-publish"],"yoast_head":"<!-- This site is optimized with the Yoast SEO plugin v27.3 - https:\/\/yoast.com\/product\/yoast-seo-wordpress\/ -->\n<title>Wanderfreunde Eschringen 1971 e. V. - Eschringen<\/title>\n<meta name=\"robots\" content=\"index, follow, max-snippet:-1, max-image-preview:large, max-video-preview:-1\" \/>\n<link rel=\"canonical\" href=\"https:\/\/eschringen.de\/wordpress\/die-menschen\/vereine\/wanderfreunde-eschringen-1971-e-v\/\" \/>\n<meta property=\"og:locale\" content=\"de_DE\" \/>\n<meta property=\"og:type\" content=\"article\" \/>\n<meta property=\"og:title\" content=\"Wanderfreunde Eschringen 1971 e. V. - Eschringen\" \/>\n<meta property=\"og:description\" content=\"aufgel\u00f6st 1985 Ein Blick zur\u00fcck: Ende der 1960er Jahre schwappte aus \u00d6sterreich und der Schweiz die sog. Volkssportidee (Wandern, Fahrradfahren und Schwimmen) nach Deutschland her\u00fcber. Auch einige M\u00e4nner und Frauen aus Eschringen lie\u00dfen sich von dieser Idee des Volkssportes anstecken und nahmen ab 1969 regelm\u00e4\u00dfig an internationalen Volkswanderungen im Saarland und im benachbarten Rheinland-Pfalz teil. ... Weiterlesen ...\" \/>\n<meta property=\"og:url\" content=\"https:\/\/eschringen.de\/wordpress\/die-menschen\/vereine\/wanderfreunde-eschringen-1971-e-v\/\" \/>\n<meta property=\"og:site_name\" content=\"Eschringen\" \/>\n<meta property=\"article:modified_time\" content=\"2024-07-01T06:31:07+00:00\" \/>\n<meta property=\"og:image\" content=\"https:\/\/eschringen.de\/wordpress\/wp-content\/uploads\/2024\/07\/Wanderfreunde.jpg\" \/>\n<meta name=\"twitter:card\" content=\"summary_large_image\" \/>\n<meta name=\"twitter:label1\" content=\"Gesch\u00e4tzte Lesezeit\" \/>\n\t<meta name=\"twitter:data1\" content=\"3\u00a0Minuten\" \/>\n<script type=\"application\/ld+json\" class=\"yoast-schema-graph\">{\"@context\":\"https:\\\/\\\/schema.org\",\"@graph\":[{\"@type\":\"WebPage\",\"@id\":\"https:\\\/\\\/eschringen.de\\\/wordpress\\\/die-menschen\\\/vereine\\\/wanderfreunde-eschringen-1971-e-v\\\/\",\"url\":\"https:\\\/\\\/eschringen.de\\\/wordpress\\\/die-menschen\\\/vereine\\\/wanderfreunde-eschringen-1971-e-v\\\/\",\"name\":\"Wanderfreunde Eschringen 1971 e. V. - Eschringen\",\"isPartOf\":{\"@id\":\"https:\\\/\\\/eschringen.de\\\/wordpress\\\/#website\"},\"primaryImageOfPage\":{\"@id\":\"https:\\\/\\\/eschringen.de\\\/wordpress\\\/die-menschen\\\/vereine\\\/wanderfreunde-eschringen-1971-e-v\\\/#primaryimage\"},\"image\":{\"@id\":\"https:\\\/\\\/eschringen.de\\\/wordpress\\\/die-menschen\\\/vereine\\\/wanderfreunde-eschringen-1971-e-v\\\/#primaryimage\"},\"thumbnailUrl\":\"https:\\\/\\\/eschringen.de\\\/wordpress\\\/wp-content\\\/uploads\\\/2024\\\/07\\\/Wanderfreunde.jpg\",\"datePublished\":\"2017-02-13T13:05:16+00:00\",\"dateModified\":\"2024-07-01T06:31:07+00:00\",\"breadcrumb\":{\"@id\":\"https:\\\/\\\/eschringen.de\\\/wordpress\\\/die-menschen\\\/vereine\\\/wanderfreunde-eschringen-1971-e-v\\\/#breadcrumb\"},\"inLanguage\":\"de\",\"potentialAction\":[{\"@type\":\"ReadAction\",\"target\":[\"https:\\\/\\\/eschringen.de\\\/wordpress\\\/die-menschen\\\/vereine\\\/wanderfreunde-eschringen-1971-e-v\\\/\"]}]},{\"@type\":\"ImageObject\",\"inLanguage\":\"de\",\"@id\":\"https:\\\/\\\/eschringen.de\\\/wordpress\\\/die-menschen\\\/vereine\\\/wanderfreunde-eschringen-1971-e-v\\\/#primaryimage\",\"url\":\"https:\\\/\\\/i0.wp.com\\\/eschringen.de\\\/wordpress\\\/wp-content\\\/uploads\\\/2024\\\/07\\\/Wanderfreunde.jpg?fit=600%2C494&ssl=1\",\"contentUrl\":\"https:\\\/\\\/i0.wp.com\\\/eschringen.de\\\/wordpress\\\/wp-content\\\/uploads\\\/2024\\\/07\\\/Wanderfreunde.jpg?fit=600%2C494&ssl=1\",\"width\":600,\"height\":494},{\"@type\":\"BreadcrumbList\",\"@id\":\"https:\\\/\\\/eschringen.de\\\/wordpress\\\/die-menschen\\\/vereine\\\/wanderfreunde-eschringen-1971-e-v\\\/#breadcrumb\",\"itemListElement\":[{\"@type\":\"ListItem\",\"position\":1,\"name\":\"Startseite\",\"item\":\"https:\\\/\\\/eschringen.de\\\/wordpress\\\/\"},{\"@type\":\"ListItem\",\"position\":2,\"name\":\"Die Menschen\",\"item\":\"https:\\\/\\\/eschringen.de\\\/wordpress\\\/die-menschen\\\/\"},{\"@type\":\"ListItem\",\"position\":3,\"name\":\"Vereine\",\"item\":\"https:\\\/\\\/eschringen.de\\\/wordpress\\\/die-menschen\\\/vereine\\\/\"},{\"@type\":\"ListItem\",\"position\":4,\"name\":\"Wanderfreunde Eschringen 1971 e. V.\"}]},{\"@type\":\"WebSite\",\"@id\":\"https:\\\/\\\/eschringen.de\\\/wordpress\\\/#website\",\"url\":\"https:\\\/\\\/eschringen.de\\\/wordpress\\\/\",\"name\":\"Eschringen\",\"description\":\"\",\"publisher\":{\"@id\":\"https:\\\/\\\/eschringen.de\\\/wordpress\\\/#organization\"},\"potentialAction\":[{\"@type\":\"SearchAction\",\"target\":{\"@type\":\"EntryPoint\",\"urlTemplate\":\"https:\\\/\\\/eschringen.de\\\/wordpress\\\/?s={search_term_string}\"},\"query-input\":{\"@type\":\"PropertyValueSpecification\",\"valueRequired\":true,\"valueName\":\"search_term_string\"}}],\"inLanguage\":\"de\"},{\"@type\":\"Organization\",\"@id\":\"https:\\\/\\\/eschringen.de\\\/wordpress\\\/#organization\",\"name\":\"Eschringen\",\"url\":\"https:\\\/\\\/eschringen.de\\\/wordpress\\\/\",\"logo\":{\"@type\":\"ImageObject\",\"inLanguage\":\"de\",\"@id\":\"https:\\\/\\\/eschringen.de\\\/wordpress\\\/#\\\/schema\\\/logo\\\/image\\\/\",\"url\":\"https:\\\/\\\/eschringen.de\\\/wordpress\\\/wp-content\\\/uploads\\\/2017\\\/03\\\/2017_kw15.jpg\",\"contentUrl\":\"https:\\\/\\\/eschringen.de\\\/wordpress\\\/wp-content\\\/uploads\\\/2017\\\/03\\\/2017_kw15.jpg\",\"width\":784,\"height\":447,\"caption\":\"Eschringen\"},\"image\":{\"@id\":\"https:\\\/\\\/eschringen.de\\\/wordpress\\\/#\\\/schema\\\/logo\\\/image\\\/\"}}]}<\/script>\n<!-- \/ Yoast SEO plugin. -->","yoast_head_json":{"title":"Wanderfreunde Eschringen 1971 e. V. - Eschringen","robots":{"index":"index","follow":"follow","max-snippet":"max-snippet:-1","max-image-preview":"max-image-preview:large","max-video-preview":"max-video-preview:-1"},"canonical":"https:\/\/eschringen.de\/wordpress\/die-menschen\/vereine\/wanderfreunde-eschringen-1971-e-v\/","og_locale":"de_DE","og_type":"article","og_title":"Wanderfreunde Eschringen 1971 e. V. - Eschringen","og_description":"aufgel\u00f6st 1985 Ein Blick zur\u00fcck: Ende der 1960er Jahre schwappte aus \u00d6sterreich und der Schweiz die sog. Volkssportidee (Wandern, Fahrradfahren und Schwimmen) nach Deutschland her\u00fcber. Auch einige M\u00e4nner und Frauen aus Eschringen lie\u00dfen sich von dieser Idee des Volkssportes anstecken und nahmen ab 1969 regelm\u00e4\u00dfig an internationalen Volkswanderungen im Saarland und im benachbarten Rheinland-Pfalz teil. ... Weiterlesen ...","og_url":"https:\/\/eschringen.de\/wordpress\/die-menschen\/vereine\/wanderfreunde-eschringen-1971-e-v\/","og_site_name":"Eschringen","article_modified_time":"2024-07-01T06:31:07+00:00","og_image":[{"url":"https:\/\/eschringen.de\/wordpress\/wp-content\/uploads\/2024\/07\/Wanderfreunde.jpg","type":"","width":"","height":""}],"twitter_card":"summary_large_image","twitter_misc":{"Gesch\u00e4tzte Lesezeit":"3\u00a0Minuten"},"schema":{"@context":"https:\/\/schema.org","@graph":[{"@type":"WebPage","@id":"https:\/\/eschringen.de\/wordpress\/die-menschen\/vereine\/wanderfreunde-eschringen-1971-e-v\/","url":"https:\/\/eschringen.de\/wordpress\/die-menschen\/vereine\/wanderfreunde-eschringen-1971-e-v\/","name":"Wanderfreunde Eschringen 1971 e. V. - Eschringen","isPartOf":{"@id":"https:\/\/eschringen.de\/wordpress\/#website"},"primaryImageOfPage":{"@id":"https:\/\/eschringen.de\/wordpress\/die-menschen\/vereine\/wanderfreunde-eschringen-1971-e-v\/#primaryimage"},"image":{"@id":"https:\/\/eschringen.de\/wordpress\/die-menschen\/vereine\/wanderfreunde-eschringen-1971-e-v\/#primaryimage"},"thumbnailUrl":"https:\/\/eschringen.de\/wordpress\/wp-content\/uploads\/2024\/07\/Wanderfreunde.jpg","datePublished":"2017-02-13T13:05:16+00:00","dateModified":"2024-07-01T06:31:07+00:00","breadcrumb":{"@id":"https:\/\/eschringen.de\/wordpress\/die-menschen\/vereine\/wanderfreunde-eschringen-1971-e-v\/#breadcrumb"},"inLanguage":"de","potentialAction":[{"@type":"ReadAction","target":["https:\/\/eschringen.de\/wordpress\/die-menschen\/vereine\/wanderfreunde-eschringen-1971-e-v\/"]}]},{"@type":"ImageObject","inLanguage":"de","@id":"https:\/\/eschringen.de\/wordpress\/die-menschen\/vereine\/wanderfreunde-eschringen-1971-e-v\/#primaryimage","url":"https:\/\/i0.wp.com\/eschringen.de\/wordpress\/wp-content\/uploads\/2024\/07\/Wanderfreunde.jpg?fit=600%2C494&ssl=1","contentUrl":"https:\/\/i0.wp.com\/eschringen.de\/wordpress\/wp-content\/uploads\/2024\/07\/Wanderfreunde.jpg?fit=600%2C494&ssl=1","width":600,"height":494},{"@type":"BreadcrumbList","@id":"https:\/\/eschringen.de\/wordpress\/die-menschen\/vereine\/wanderfreunde-eschringen-1971-e-v\/#breadcrumb","itemListElement":[{"@type":"ListItem","position":1,"name":"Startseite","item":"https:\/\/eschringen.de\/wordpress\/"},{"@type":"ListItem","position":2,"name":"Die Menschen","item":"https:\/\/eschringen.de\/wordpress\/die-menschen\/"},{"@type":"ListItem","position":3,"name":"Vereine","item":"https:\/\/eschringen.de\/wordpress\/die-menschen\/vereine\/"},{"@type":"ListItem","position":4,"name":"Wanderfreunde Eschringen 1971 e. V."}]},{"@type":"WebSite","@id":"https:\/\/eschringen.de\/wordpress\/#website","url":"https:\/\/eschringen.de\/wordpress\/","name":"Eschringen","description":"","publisher":{"@id":"https:\/\/eschringen.de\/wordpress\/#organization"},"potentialAction":[{"@type":"SearchAction","target":{"@type":"EntryPoint","urlTemplate":"https:\/\/eschringen.de\/wordpress\/?s={search_term_string}"},"query-input":{"@type":"PropertyValueSpecification","valueRequired":true,"valueName":"search_term_string"}}],"inLanguage":"de"},{"@type":"Organization","@id":"https:\/\/eschringen.de\/wordpress\/#organization","name":"Eschringen","url":"https:\/\/eschringen.de\/wordpress\/","logo":{"@type":"ImageObject","inLanguage":"de","@id":"https:\/\/eschringen.de\/wordpress\/#\/schema\/logo\/image\/","url":"https:\/\/eschringen.de\/wordpress\/wp-content\/uploads\/2017\/03\/2017_kw15.jpg","contentUrl":"https:\/\/eschringen.de\/wordpress\/wp-content\/uploads\/2017\/03\/2017_kw15.jpg","width":784,"height":447,"caption":"Eschringen"},"image":{"@id":"https:\/\/eschringen.de\/wordpress\/#\/schema\/logo\/image\/"}}]}},"jetpack_sharing_enabled":true,"_links":{"self":[{"href":"https:\/\/eschringen.de\/wordpress\/wp-json\/wp\/v2\/pages\/701","targetHints":{"allow":["GET"]}}],"collection":[{"href":"https:\/\/eschringen.de\/wordpress\/wp-json\/wp\/v2\/pages"}],"about":[{"href":"https:\/\/eschringen.de\/wordpress\/wp-json\/wp\/v2\/types\/page"}],"author":[{"embeddable":true,"href":"https:\/\/eschringen.de\/wordpress\/wp-json\/wp\/v2\/users\/1"}],"replies":[{"embeddable":true,"href":"https:\/\/eschringen.de\/wordpress\/wp-json\/wp\/v2\/comments?post=701"}],"version-history":[{"count":3,"href":"https:\/\/eschringen.de\/wordpress\/wp-json\/wp\/v2\/pages\/701\/revisions"}],"predecessor-version":[{"id":4561,"href":"https:\/\/eschringen.de\/wordpress\/wp-json\/wp\/v2\/pages\/701\/revisions\/4561"}],"up":[{"embeddable":true,"href":"https:\/\/eschringen.de\/wordpress\/wp-json\/wp\/v2\/pages\/228"}],"wp:attachment":[{"href":"https:\/\/eschringen.de\/wordpress\/wp-json\/wp\/v2\/media?parent=701"}],"curies":[{"name":"wp","href":"https:\/\/api.w.org\/{rel}","templated":true}]}}