{"id":695,"date":"2017-02-13T13:55:43","date_gmt":"2017-02-13T12:55:43","guid":{"rendered":"http:\/\/eschringen.de\/wordpress\/?page_id=695"},"modified":"2017-02-13T13:55:43","modified_gmt":"2017-02-13T12:55:43","slug":"gesangverein-frohsinn-1893-eschringen-e-v","status":"publish","type":"page","link":"https:\/\/eschringen.de\/wordpress\/die-menschen\/vereine\/gesangverein-frohsinn-1893-eschringen-e-v\/","title":{"rendered":"Gesangverein &#8222;Frohsinn&#8220; 1893 Eschringen e.V."},"content":{"rendered":"<div><strong><span style=\"color: #ff0000;\">aufgel\u00f6st 2008<\/span><\/strong><\/div>\n<p><img data-recalc-dims=\"1\" loading=\"lazy\" decoding=\"async\" src=\"https:\/\/i0.wp.com\/www.eschringen.de\/cms\/upload\/bilder\/vereine\/frohsinn.jpg?resize=127%2C128\" alt=\"Eschringen - Gesangsverein Frohsinn\" hspace=\"25\" height=\"128\" border=\"0\" align=\"left\" width=\"127\" vspace=\"35\"> <strong>Gesch\u00e4ftsf\u00fchrer:<\/strong> Werner Zimmermann, Gr\u00e4finthaler Str. 25, 66130 Saarbr\u00fccken, Tel. 06893 &#8211; 2228<\/p>\n<p><strong>Ansprechpartnerin:<\/strong> Margot Fritsch, Am Rebenberg 13, 66130 Saarbr\u00fccken, Tel. 06893 &#8211; 3355<\/p>\n<p><strong>Musikalische Leitung:<\/strong> Willi Wehr, Hauptstr. 54, 66130 Eschringen, Tel. 06893 &#8211; 3904<\/p>\n<p><strong>Mitglieder:<\/strong> 40 aktive und ca. 100 passive, Mitgliedsbeitrag: monatlich \u20ac 1,50<br \/>\nProben im Gasthaus &#8222;Zur Post&#8220; Eschringen, Hauptstra\u00dfe<\/p>\n<p>Mitgliedschaft in:<strong> Saar-S\u00e4ngerbund und Deutscher S\u00e4ngerbund<\/strong><\/p>\n<p><strong>Repertoire:<\/strong> Chorliteratur aus allen Epochen (Mittelalter bis Moderne) f\u00fcr gemischte Ch\u00f6re.<\/p>\n<p><strong>Auszeichnungen:<\/strong> Zelter-Plakette (1993 aus Anlass des 100-j\u00e4hrigen Bestehens)<\/p>\n<p>Wir sind ein gemischter Chor von etwa 40 S\u00e4ngerinnen und S\u00e4ngern, der sich 1989 aus dem \u00f6rtlichen M\u00e4nnerchor heraus entwickelt hat. Die Umwandlung war aus der Notlage heraus entstanden, der sich gegenw\u00e4rtig viele unserer M\u00e4nnerch\u00f6re ausgesetzt sehen. Das Experiment ist gelungen. Die Entwicklung ist stetig, das Repertoire an Chorliteratur aus allen Epochen der Chormusik vergr\u00f6\u00dfert sich j\u00e4hrlich. Der Klangk\u00f6rper wird gepflegt durch w\u00f6chentliche Proben und diverse Auftritte (Konzerte u.\u00e4.) im \u00f6rtlichen und nachbarlichen Rahmen. Um j\u00fcngere, interessierte Frauen und M\u00e4nner wird geworben. Der Chor ist an der F\u00f6rderung des kulturellen Lebens im Stadtteil Eschringen, im Rahmen seiner M\u00f6glichkeiten, st\u00e4ndig bem\u00fcht.<\/p>\n<p><a href=\"http:\/\/eschringen.de\/wordpress\/die-menschen\/vereine\/\">zur\u00fcck zur \u00dcbersicht<\/a><\/p>\n","protected":false},"excerpt":{"rendered":"<p>aufgel\u00f6st 2008 Gesch\u00e4ftsf\u00fchrer: Werner Zimmermann, Gr\u00e4finthaler Str. 25, 66130 Saarbr\u00fccken, Tel. 06893 &#8211; 2228 Ansprechpartnerin: Margot Fritsch, Am Rebenberg 13, 66130 Saarbr\u00fccken, Tel. 06893 &#8211; 3355 Musikalische Leitung: Willi Wehr, Hauptstr. 54, 66130 Eschringen, Tel. 06893 &#8211; 3904 Mitglieder: 40 aktive und ca. 100 passive, Mitgliedsbeitrag: monatlich \u20ac 1,50 Proben im Gasthaus &#8222;Zur Post&#8220; Eschringen, &#8230; <a title=\"Gesangverein &#8222;Frohsinn&#8220; 1893 Eschringen e.V.\" class=\"read-more\" href=\"https:\/\/eschringen.de\/wordpress\/die-menschen\/vereine\/gesangverein-frohsinn-1893-eschringen-e-v\/\" aria-label=\"Mehr Informationen \u00fcber Gesangverein &#8222;Frohsinn&#8220; 1893 Eschringen e.V.\">Weiterlesen &#8230;<\/a><\/p>\n","protected":false},"author":1,"featured_media":0,"parent":228,"menu_order":25,"comment_status":"closed","ping_status":"closed","template":"","meta":{"ngg_post_thumbnail":0,"footnotes":""},"class_list":["post-695","page","type-page","status-publish"],"yoast_head":"<!-- This site is optimized with the Yoast SEO plugin v27.3 - https:\/\/yoast.com\/product\/yoast-seo-wordpress\/ -->\n<title>Gesangverein &quot;Frohsinn&quot; 1893 Eschringen e.V. - Eschringen<\/title>\n<meta name=\"robots\" content=\"index, follow, max-snippet:-1, max-image-preview:large, max-video-preview:-1\" \/>\n<link rel=\"canonical\" href=\"https:\/\/eschringen.de\/wordpress\/die-menschen\/vereine\/gesangverein-frohsinn-1893-eschringen-e-v\/\" \/>\n<meta property=\"og:locale\" content=\"de_DE\" \/>\n<meta property=\"og:type\" content=\"article\" \/>\n<meta property=\"og:title\" content=\"Gesangverein &quot;Frohsinn&quot; 1893 Eschringen e.V. - Eschringen\" \/>\n<meta property=\"og:description\" content=\"aufgel\u00f6st 2008 Gesch\u00e4ftsf\u00fchrer: Werner Zimmermann, Gr\u00e4finthaler Str. 25, 66130 Saarbr\u00fccken, Tel. 06893 &#8211; 2228 Ansprechpartnerin: Margot Fritsch, Am Rebenberg 13, 66130 Saarbr\u00fccken, Tel. 06893 &#8211; 3355 Musikalische Leitung: Willi Wehr, Hauptstr. 54, 66130 Eschringen, Tel. 06893 &#8211; 3904 Mitglieder: 40 aktive und ca. 100 passive, Mitgliedsbeitrag: monatlich \u20ac 1,50 Proben im Gasthaus &#8222;Zur Post&#8220; Eschringen, ... Weiterlesen ...\" \/>\n<meta property=\"og:url\" content=\"https:\/\/eschringen.de\/wordpress\/die-menschen\/vereine\/gesangverein-frohsinn-1893-eschringen-e-v\/\" \/>\n<meta property=\"og:site_name\" content=\"Eschringen\" \/>\n<meta property=\"og:image\" content=\"http:\/\/www.eschringen.de\/cms\/upload\/bilder\/vereine\/frohsinn.jpg\" \/>\n<meta name=\"twitter:card\" content=\"summary_large_image\" \/>\n<meta name=\"twitter:label1\" content=\"Gesch\u00e4tzte Lesezeit\" \/>\n\t<meta name=\"twitter:data1\" content=\"1\u00a0Minute\" \/>\n<script type=\"application\/ld+json\" class=\"yoast-schema-graph\">{\"@context\":\"https:\\\/\\\/schema.org\",\"@graph\":[{\"@type\":\"WebPage\",\"@id\":\"https:\\\/\\\/eschringen.de\\\/wordpress\\\/die-menschen\\\/vereine\\\/gesangverein-frohsinn-1893-eschringen-e-v\\\/\",\"url\":\"https:\\\/\\\/eschringen.de\\\/wordpress\\\/die-menschen\\\/vereine\\\/gesangverein-frohsinn-1893-eschringen-e-v\\\/\",\"name\":\"Gesangverein \\\"Frohsinn\\\" 1893 Eschringen e.V. - Eschringen\",\"isPartOf\":{\"@id\":\"https:\\\/\\\/eschringen.de\\\/wordpress\\\/#website\"},\"primaryImageOfPage\":{\"@id\":\"https:\\\/\\\/eschringen.de\\\/wordpress\\\/die-menschen\\\/vereine\\\/gesangverein-frohsinn-1893-eschringen-e-v\\\/#primaryimage\"},\"image\":{\"@id\":\"https:\\\/\\\/eschringen.de\\\/wordpress\\\/die-menschen\\\/vereine\\\/gesangverein-frohsinn-1893-eschringen-e-v\\\/#primaryimage\"},\"thumbnailUrl\":\"http:\\\/\\\/www.eschringen.de\\\/cms\\\/upload\\\/bilder\\\/vereine\\\/frohsinn.jpg\",\"datePublished\":\"2017-02-13T12:55:43+00:00\",\"breadcrumb\":{\"@id\":\"https:\\\/\\\/eschringen.de\\\/wordpress\\\/die-menschen\\\/vereine\\\/gesangverein-frohsinn-1893-eschringen-e-v\\\/#breadcrumb\"},\"inLanguage\":\"de\",\"potentialAction\":[{\"@type\":\"ReadAction\",\"target\":[\"https:\\\/\\\/eschringen.de\\\/wordpress\\\/die-menschen\\\/vereine\\\/gesangverein-frohsinn-1893-eschringen-e-v\\\/\"]}]},{\"@type\":\"ImageObject\",\"inLanguage\":\"de\",\"@id\":\"https:\\\/\\\/eschringen.de\\\/wordpress\\\/die-menschen\\\/vereine\\\/gesangverein-frohsinn-1893-eschringen-e-v\\\/#primaryimage\",\"url\":\"http:\\\/\\\/www.eschringen.de\\\/cms\\\/upload\\\/bilder\\\/vereine\\\/frohsinn.jpg\",\"contentUrl\":\"http:\\\/\\\/www.eschringen.de\\\/cms\\\/upload\\\/bilder\\\/vereine\\\/frohsinn.jpg\"},{\"@type\":\"BreadcrumbList\",\"@id\":\"https:\\\/\\\/eschringen.de\\\/wordpress\\\/die-menschen\\\/vereine\\\/gesangverein-frohsinn-1893-eschringen-e-v\\\/#breadcrumb\",\"itemListElement\":[{\"@type\":\"ListItem\",\"position\":1,\"name\":\"Startseite\",\"item\":\"https:\\\/\\\/eschringen.de\\\/wordpress\\\/\"},{\"@type\":\"ListItem\",\"position\":2,\"name\":\"Die Menschen\",\"item\":\"https:\\\/\\\/eschringen.de\\\/wordpress\\\/die-menschen\\\/\"},{\"@type\":\"ListItem\",\"position\":3,\"name\":\"Vereine\",\"item\":\"https:\\\/\\\/eschringen.de\\\/wordpress\\\/die-menschen\\\/vereine\\\/\"},{\"@type\":\"ListItem\",\"position\":4,\"name\":\"Gesangverein &#8222;Frohsinn&#8220; 1893 Eschringen e.V.\"}]},{\"@type\":\"WebSite\",\"@id\":\"https:\\\/\\\/eschringen.de\\\/wordpress\\\/#website\",\"url\":\"https:\\\/\\\/eschringen.de\\\/wordpress\\\/\",\"name\":\"Eschringen\",\"description\":\"\",\"publisher\":{\"@id\":\"https:\\\/\\\/eschringen.de\\\/wordpress\\\/#organization\"},\"potentialAction\":[{\"@type\":\"SearchAction\",\"target\":{\"@type\":\"EntryPoint\",\"urlTemplate\":\"https:\\\/\\\/eschringen.de\\\/wordpress\\\/?s={search_term_string}\"},\"query-input\":{\"@type\":\"PropertyValueSpecification\",\"valueRequired\":true,\"valueName\":\"search_term_string\"}}],\"inLanguage\":\"de\"},{\"@type\":\"Organization\",\"@id\":\"https:\\\/\\\/eschringen.de\\\/wordpress\\\/#organization\",\"name\":\"Eschringen\",\"url\":\"https:\\\/\\\/eschringen.de\\\/wordpress\\\/\",\"logo\":{\"@type\":\"ImageObject\",\"inLanguage\":\"de\",\"@id\":\"https:\\\/\\\/eschringen.de\\\/wordpress\\\/#\\\/schema\\\/logo\\\/image\\\/\",\"url\":\"https:\\\/\\\/eschringen.de\\\/wordpress\\\/wp-content\\\/uploads\\\/2017\\\/03\\\/2017_kw15.jpg\",\"contentUrl\":\"https:\\\/\\\/eschringen.de\\\/wordpress\\\/wp-content\\\/uploads\\\/2017\\\/03\\\/2017_kw15.jpg\",\"width\":784,\"height\":447,\"caption\":\"Eschringen\"},\"image\":{\"@id\":\"https:\\\/\\\/eschringen.de\\\/wordpress\\\/#\\\/schema\\\/logo\\\/image\\\/\"}}]}<\/script>\n<!-- \/ Yoast SEO plugin. -->","yoast_head_json":{"title":"Gesangverein \"Frohsinn\" 1893 Eschringen e.V. - Eschringen","robots":{"index":"index","follow":"follow","max-snippet":"max-snippet:-1","max-image-preview":"max-image-preview:large","max-video-preview":"max-video-preview:-1"},"canonical":"https:\/\/eschringen.de\/wordpress\/die-menschen\/vereine\/gesangverein-frohsinn-1893-eschringen-e-v\/","og_locale":"de_DE","og_type":"article","og_title":"Gesangverein \"Frohsinn\" 1893 Eschringen e.V. - Eschringen","og_description":"aufgel\u00f6st 2008 Gesch\u00e4ftsf\u00fchrer: Werner Zimmermann, Gr\u00e4finthaler Str. 25, 66130 Saarbr\u00fccken, Tel. 06893 &#8211; 2228 Ansprechpartnerin: Margot Fritsch, Am Rebenberg 13, 66130 Saarbr\u00fccken, Tel. 06893 &#8211; 3355 Musikalische Leitung: Willi Wehr, Hauptstr. 54, 66130 Eschringen, Tel. 06893 &#8211; 3904 Mitglieder: 40 aktive und ca. 100 passive, Mitgliedsbeitrag: monatlich \u20ac 1,50 Proben im Gasthaus &#8222;Zur Post&#8220; Eschringen, ... Weiterlesen ...","og_url":"https:\/\/eschringen.de\/wordpress\/die-menschen\/vereine\/gesangverein-frohsinn-1893-eschringen-e-v\/","og_site_name":"Eschringen","og_image":[{"url":"http:\/\/www.eschringen.de\/cms\/upload\/bilder\/vereine\/frohsinn.jpg","type":"","width":"","height":""}],"twitter_card":"summary_large_image","twitter_misc":{"Gesch\u00e4tzte Lesezeit":"1\u00a0Minute"},"schema":{"@context":"https:\/\/schema.org","@graph":[{"@type":"WebPage","@id":"https:\/\/eschringen.de\/wordpress\/die-menschen\/vereine\/gesangverein-frohsinn-1893-eschringen-e-v\/","url":"https:\/\/eschringen.de\/wordpress\/die-menschen\/vereine\/gesangverein-frohsinn-1893-eschringen-e-v\/","name":"Gesangverein \"Frohsinn\" 1893 Eschringen e.V. - Eschringen","isPartOf":{"@id":"https:\/\/eschringen.de\/wordpress\/#website"},"primaryImageOfPage":{"@id":"https:\/\/eschringen.de\/wordpress\/die-menschen\/vereine\/gesangverein-frohsinn-1893-eschringen-e-v\/#primaryimage"},"image":{"@id":"https:\/\/eschringen.de\/wordpress\/die-menschen\/vereine\/gesangverein-frohsinn-1893-eschringen-e-v\/#primaryimage"},"thumbnailUrl":"http:\/\/www.eschringen.de\/cms\/upload\/bilder\/vereine\/frohsinn.jpg","datePublished":"2017-02-13T12:55:43+00:00","breadcrumb":{"@id":"https:\/\/eschringen.de\/wordpress\/die-menschen\/vereine\/gesangverein-frohsinn-1893-eschringen-e-v\/#breadcrumb"},"inLanguage":"de","potentialAction":[{"@type":"ReadAction","target":["https:\/\/eschringen.de\/wordpress\/die-menschen\/vereine\/gesangverein-frohsinn-1893-eschringen-e-v\/"]}]},{"@type":"ImageObject","inLanguage":"de","@id":"https:\/\/eschringen.de\/wordpress\/die-menschen\/vereine\/gesangverein-frohsinn-1893-eschringen-e-v\/#primaryimage","url":"http:\/\/www.eschringen.de\/cms\/upload\/bilder\/vereine\/frohsinn.jpg","contentUrl":"http:\/\/www.eschringen.de\/cms\/upload\/bilder\/vereine\/frohsinn.jpg"},{"@type":"BreadcrumbList","@id":"https:\/\/eschringen.de\/wordpress\/die-menschen\/vereine\/gesangverein-frohsinn-1893-eschringen-e-v\/#breadcrumb","itemListElement":[{"@type":"ListItem","position":1,"name":"Startseite","item":"https:\/\/eschringen.de\/wordpress\/"},{"@type":"ListItem","position":2,"name":"Die Menschen","item":"https:\/\/eschringen.de\/wordpress\/die-menschen\/"},{"@type":"ListItem","position":3,"name":"Vereine","item":"https:\/\/eschringen.de\/wordpress\/die-menschen\/vereine\/"},{"@type":"ListItem","position":4,"name":"Gesangverein &#8222;Frohsinn&#8220; 1893 Eschringen e.V."}]},{"@type":"WebSite","@id":"https:\/\/eschringen.de\/wordpress\/#website","url":"https:\/\/eschringen.de\/wordpress\/","name":"Eschringen","description":"","publisher":{"@id":"https:\/\/eschringen.de\/wordpress\/#organization"},"potentialAction":[{"@type":"SearchAction","target":{"@type":"EntryPoint","urlTemplate":"https:\/\/eschringen.de\/wordpress\/?s={search_term_string}"},"query-input":{"@type":"PropertyValueSpecification","valueRequired":true,"valueName":"search_term_string"}}],"inLanguage":"de"},{"@type":"Organization","@id":"https:\/\/eschringen.de\/wordpress\/#organization","name":"Eschringen","url":"https:\/\/eschringen.de\/wordpress\/","logo":{"@type":"ImageObject","inLanguage":"de","@id":"https:\/\/eschringen.de\/wordpress\/#\/schema\/logo\/image\/","url":"https:\/\/eschringen.de\/wordpress\/wp-content\/uploads\/2017\/03\/2017_kw15.jpg","contentUrl":"https:\/\/eschringen.de\/wordpress\/wp-content\/uploads\/2017\/03\/2017_kw15.jpg","width":784,"height":447,"caption":"Eschringen"},"image":{"@id":"https:\/\/eschringen.de\/wordpress\/#\/schema\/logo\/image\/"}}]}},"jetpack_sharing_enabled":true,"_links":{"self":[{"href":"https:\/\/eschringen.de\/wordpress\/wp-json\/wp\/v2\/pages\/695","targetHints":{"allow":["GET"]}}],"collection":[{"href":"https:\/\/eschringen.de\/wordpress\/wp-json\/wp\/v2\/pages"}],"about":[{"href":"https:\/\/eschringen.de\/wordpress\/wp-json\/wp\/v2\/types\/page"}],"author":[{"embeddable":true,"href":"https:\/\/eschringen.de\/wordpress\/wp-json\/wp\/v2\/users\/1"}],"replies":[{"embeddable":true,"href":"https:\/\/eschringen.de\/wordpress\/wp-json\/wp\/v2\/comments?post=695"}],"version-history":[{"count":1,"href":"https:\/\/eschringen.de\/wordpress\/wp-json\/wp\/v2\/pages\/695\/revisions"}],"predecessor-version":[{"id":696,"href":"https:\/\/eschringen.de\/wordpress\/wp-json\/wp\/v2\/pages\/695\/revisions\/696"}],"up":[{"embeddable":true,"href":"https:\/\/eschringen.de\/wordpress\/wp-json\/wp\/v2\/pages\/228"}],"wp:attachment":[{"href":"https:\/\/eschringen.de\/wordpress\/wp-json\/wp\/v2\/media?parent=695"}],"curies":[{"name":"wp","href":"https:\/\/api.w.org\/{rel}","templated":true}]}}