{"id":670,"date":"2017-02-12T18:32:18","date_gmt":"2017-02-12T17:32:18","guid":{"rendered":"http:\/\/eschringen.de\/wordpress\/?page_id=670"},"modified":"2024-11-28T13:55:45","modified_gmt":"2024-11-28T12:55:45","slug":"11-07-04-nachlese-zur-1111-jahrfeier-auf-dem-festplatz","status":"publish","type":"page","link":"https:\/\/eschringen.de\/wordpress\/geschichte\/archiv\/11-07-04-nachlese-zur-1111-jahrfeier-auf-dem-festplatz\/","title":{"rendered":"11.07.04 &#8211; Nachlese zur 1111 &#8211; Jahrfeier auf dem Festplatz"},"content":{"rendered":"\n<p>Ein gewisses Unbehangen war den Veranstaltern und Organisatoren rund um die AG Eschringer Vereine e. V. sehr wohl anzumerken. Die Gro\u00dfwetterlage versprach &#8211; mitten im &#8222;Sommer&#8220; &#8211; nichts Gutes: Regenschauer, bedeckten Himmel, eventuell Gewitter und Wolkenbr\u00fcche, dazu viel zu k\u00fchle Temperaturen, vor allem f\u00fcr den Abend.<br>Aber Bangemachen galt nicht. Seit Tagen und Wochen liefen die Vorbereitungen auf Hochtouren, und auch am Samstagmorgen, beim ersten Teil des Aufbaus (gro\u00dfes Zelt, St\u00e4nde, historische Lager etc.) hatte dann Petrus auch tats\u00e4chlich ein Einsehen mit den Akteuren: Es blieb weitgehend trocken.<\/p>\n\n\n\n<p>Am Sonntagmorgen wurden die restlichen Vorbereitungen abgeschlossen; das Jubil\u00e4umsfest anl\u00e4sslich der Ersterw\u00e4hnung Eschringens im Jahre 893 konnte er\u00f6ffnet werden.<br>Zum Auftakt erklangen die vertrauten Kl\u00e4nge der Jagdhornbl\u00e4ser, dann machte sich Edgar Hartz, der AG-Ehrenvorsitzende &#8211; gewohnt &#8211; an den Fassanstich. Der Gerstensaft konnte flie\u00dfen; quasi das Startzeichen f\u00fcr den MV &#8222;Lyra&#8220;, der nunmehr f\u00fcr rund zwei Stunden zum musikalischen Fr\u00fchschoppen aufspielte.<br>So langsam f\u00fcllte sich der so h\u00fcbsch zwischen G\u00e4rten und &#8222;der Bach&#8220; gelegene Festplatz im Pfaffeneck. Und das Wetter spielte, vor allem um die Mittagszeit, auch mit. Rund um das gro\u00dfes Zelt legten sich dort Teams verschiedener Eschringer Vereine und Organisationen (u. a. Freiwillige Feuerwehr, Kath. Kirchenchor &#8222;St. Laurentius&#8220;, Gesangverein &#8222;Frohsinn&#8220;, Turn- und Sportverein, F\u00f6rderkreis Jugendfu\u00dfball, JFV, Ortsvereine von CDU und SPD) f\u00fcr das leibliche Wohl der Besucher (und Akteure) &#8222;ins Zeug&#8220;. Am Getr\u00e4nkestand und auch am &#8222;klassischen&#8220; Rostwurststand herrschte bis in den sp\u00e4ten Abend gro\u00dfer Betrieb; die Metzgerei Bauer aus Ensheim musste st\u00e4ndig &#8222;Nachschub&#8220; liefern.<br>An der Essensausgabe wurde schmackhafter &#8222;Dunkelbierbraten mit P\u00fcree und Gem\u00fcse&#8220; ausgeteilt, Kaffee und eine breite Palette leckerer Kuchen gab es anschlie\u00dfend am Stand der KFD (Kath. Frauengemeinschaft Deutschlands) &#8211; solange der Vorrat reichte.<br>Mehr oder minder im &#8222;Bon-H\u00e4uschen&#8220; eingeklemmt waren der AG-Schatzmeister und seine Crew: f\u00fcr die Essensangebote und &#8222;Kampfsport&#8220;-Aktivit\u00e4ten konnten hier EUROs gegen f\u00fcr dieses Fest eigens gedruckte &#8222;Eschringer Gulden&#8220; eintauscht werden.<\/p>\n\n\n\n<p>Rollen wir die <b>&#8222;historische Zeile&#8220;<\/b> von hinten auf:<br>Vor dem renovierten Modell der St. Laurentiuskapelle (erstellt von Werner Vogelgesang und seinen Helfern) hatte sich der Infostand des Kapellenf\u00f6rdervereins platziert, der sich um die Restaurierung dieses sakralen Kleinods bem\u00fcht, hierf\u00fcr Spenden sammelte und auch das entsprechende &#8222;Eschringer Heft&#8220; (Nr. 1) von Heinrich Moog feil bot.<br>Daneben <b>das Lager<\/b> aus der <b>Zeit des Bauernkrieges<\/b> (gestaltet vom NABU Eschringen-Ensheim und historica events). Norbert Adt hatte mit seinem &#8222;Gesinde&#8220; eine deftige Gem\u00fcsesuppe &#8222;zusammengebraut&#8220;, die rei\u00dfenden Absatz fand. Angeboten wurden hier auch feine Wildspezialit\u00e4ten.<br>Kernst\u00fcck der historischen Zeile dann das <b>Fr\u00e4nkische Lager<\/b> (gestaltet von der Saarbr\u00fccker Agentur <b>historica events<\/b> mit ihren 13 HelferInnen). Unterst\u00fctzt wurden sie von den Eschringer Familien F. Schwartz und Baur. Zu essen gab&#8217;s hier nichts, daf\u00fcr aber abwechslungsreiche Aktivit\u00e4ten f\u00fcr kleine und gro\u00dfe &#8222;Krieger&#8220;: <b>Axtwerfen, Bogenschie\u00dfen<\/b> und <b>Schwertkampf<\/b> &#8211; gegen einen angemessenen Obulus. Allen Beteiligten machten diese &#8222;Kampfsport&#8220;-T\u00e4tigkeiten sichtlich Spa\u00df!<br>Und es ging zeitlich in der Geschichte noch weiter zur\u00fcck: Am <b>Gallo-r\u00f6mischen Lager<\/b> (gestaltet von der Geschichtswerkstatt u. <b>historica events<\/b>) wurde die legend\u00e4re Kr\u00e4uter-Frischk\u00e4sespezialit\u00e4t <b>&#8222;moretum&#8220;<\/b><span style=\"font-size: small;\"> im Fladenbrot und mit Oliven (der sog. &#8222;R\u00f6mer-Snack&#8220; &#8211; lat.: PASTUS EXIGUS ROMANUS) nebst VINUM RUSSUS (Rotwein) angeboten. Und ein Druide schenkte Kindern einen erfrischenden gr\u00fcnen oder gelben &#8222;Zaubertrank&#8220; aus.<\/span><span style=\"font-size: small;\"><br>Am gemeinsamen <b>Infostand<\/b> von AG Eschringer Vereine e. V. und Geschichtswerkstatt lagen Brosch\u00fcren, B\u00fccher, Ansichtskarten und &#8222;Eschringer Hefte&#8220; (auch das ganze neue!) aus.<\/span><\/p>\n\n\n\n<p>Etwas verstreut dann die neuzeitlichen Stationen:<br>Im Eingangsbereich der Stand des &#8222;hot air balloon teams&#8220; (SKY WALKER SAAR e.V.) mit einem echten Korb und bisweilen &#8222;feuerspeienden&#8220; Brenner eines Hei\u00dfluftballons sowie einem Montgolfiere-Modell; zum Spielplatz hin ein &#8222;Freiheitsbaum&#8220; aus der Zeit der &#8222;Franz\u00f6sischen Revolution, geschm\u00fcckt vom Jugendf\u00f6rderverein sowie die ehrw\u00fcrdige, j\u00fcngst \u00fcberholte Saug- und Druckpumpe (1904) der Freiwilligen Feuerwehr Eschringen &#8211; betreut von zwei jungen Feuerwehrm\u00e4nnern in &#8222;bayerischer&#8220; Uniform.<br>Nebenan hatte der st\u00e4dtische Kindergarten am Nachmittag eine Aktivstation f\u00fcr Kinder aufgebaut. Diese konnten zum einen aus Salzteig Amulette gestalten, zum anderen im Anschluss &#8222;alte Spiele neu entdecken&#8220;. Es gab dann an gleicher Stelle einen &#8222;fliegenden Wechsel&#8220;: Denn der &#8222;cr\u00e9ateur&#8220; der &#8222;Home-Pages&#8220; musste seinen Flammkuchen-Ofen &#8222;anwerfen&#8220;. Mit seinem Team produzierte er &#8211; quasi wie vom Flie\u00dfband &#8211; im <b>&#8222;Flammkuchen&#8220;<\/b>-Stand einen frischen Els\u00e4sser &#8222;Flammes&#8220; nach dem anderen!<\/p>\n\n\n\n<p>In der Mitte des Festplatzes dann die &#8222;Arena&#8220;. Hier hatte ja schon der MV &#8222;Lyra&#8220; am Vormittag das Rahmenprogramm er\u00f6ffnet.<br>Zweimal demonstrierten in sp\u00e4tmittelalterlichen R\u00fcstungen &#8222;Ritter&#8220; von &#8222;historica events&#8220; die Kunst des Schwertkampfes; gefolgt von &#8222;Schauk\u00e4mpfen&#8220; mit &#8222;kleinen Kriegern&#8220;.<br>Auf das Programm und sonstige Aktivit\u00e4ten w\u00e4hrend des Festes verwies mit treffenden Reimen der schwarzgekleidete &#8222;Ausrufer&#8220; (in dessen Kost\u00fcm niemand anderes als Gerhard Vogelgesang steckte!). Er k\u00fcndigte z. B. den legend\u00e4ren &#8222;Grenzstreit&#8220; zwischen Eschringer und Bliesransbacher Bauern vor rund 250 Jahren an, den die Grundsch\u00fcler als historisches Musical mit viel Begeisterung in Szene setzen. Zuvor hatten die Erstkl\u00e4ssler eine Art Prolog mit der &#8222;Sage vom Seerosennixenteich&#8220; als Stabpuppenspiel dargeboten.<br>&#8222;Hoch zu Ross&#8220; konnten \u00fcbrigens Kinder auf Island-Pferden durchs Dorf reiten. Organisiert hatte diese &#8222;Ausritte&#8220; Fam. Krumm.<br>Den Abschluss des Programms boten Phebus&#8216; Rays mit alten Volksliedern und Rezitationen, wobei auch historische Instrumente zum Einsatz kamen.<\/p>\n\n\n\n<p>Das Fazit am Ende eines bunten und abwechslungsreichen Festtages war durchweg positiv. Nicht nur die Einheimischen schienen begeistert, auch die zahlreichen G\u00e4ste aus fern (u. a. USA, Schweiz, Frankreich, Luxemburg) und nah, darunter auch Vertreter der lokalen und regionalen Politik, z. B. Bezirksb\u00fcrgermeisterin Anette H\u00fcbinger, sowie Ortschronist Heinrich Moog mit seiner Frau.<\/p>\n\n\n\n<p>P.S.<br>Der Vorstand der AG Eschringer Vereine e. V. um Arno Schmitt dankt allen Akteuren, vor und hinter den Kulissen, sowie der Saarbr\u00fccker Agentur &#8222;historica events&#8220; f\u00fcr ein durch und durch gelungenes und erinnerungsw\u00fcrdiges Dorfjubil\u00e4umsfest!<\/p>\n\n\n\n<p><a href=\"http:\/\/eschringen.de\/wordpress\/geschichte\/archiv\/\">Zur\u00fcck zum Archiv<\/a><\/p>\n","protected":false},"excerpt":{"rendered":"<p>Ein gewisses Unbehangen war den Veranstaltern und Organisatoren rund um die AG Eschringer Vereine e. V. sehr wohl anzumerken. Die Gro\u00dfwetterlage versprach &#8211; mitten im &#8222;Sommer&#8220; &#8211; nichts Gutes: Regenschauer, bedeckten Himmel, eventuell Gewitter und Wolkenbr\u00fcche, dazu viel zu k\u00fchle Temperaturen, vor allem f\u00fcr den Abend.Aber Bangemachen galt nicht. Seit Tagen und Wochen liefen die &#8230; <a title=\"11.07.04 &#8211; Nachlese zur 1111 &#8211; Jahrfeier auf dem Festplatz\" class=\"read-more\" href=\"https:\/\/eschringen.de\/wordpress\/geschichte\/archiv\/11-07-04-nachlese-zur-1111-jahrfeier-auf-dem-festplatz\/\" aria-label=\"Mehr Informationen \u00fcber 11.07.04 &#8211; Nachlese zur 1111 &#8211; Jahrfeier auf dem Festplatz\">Weiterlesen &#8230;<\/a><\/p>\n","protected":false},"author":1,"featured_media":0,"parent":403,"menu_order":48,"comment_status":"closed","ping_status":"closed","template":"","meta":{"ngg_post_thumbnail":0,"footnotes":""},"class_list":["post-670","page","type-page","status-publish"],"yoast_head":"<!-- This site is optimized with the Yoast SEO plugin v27.4 - https:\/\/yoast.com\/product\/yoast-seo-wordpress\/ -->\n<title>11.07.04 - Nachlese zur 1111 - Jahrfeier auf dem Festplatz - Eschringen<\/title>\n<meta name=\"robots\" content=\"index, follow, max-snippet:-1, max-image-preview:large, max-video-preview:-1\" \/>\n<link rel=\"canonical\" href=\"https:\/\/eschringen.de\/wordpress\/geschichte\/archiv\/11-07-04-nachlese-zur-1111-jahrfeier-auf-dem-festplatz\/\" \/>\n<meta property=\"og:locale\" content=\"de_DE\" \/>\n<meta property=\"og:type\" content=\"article\" \/>\n<meta property=\"og:title\" content=\"11.07.04 - Nachlese zur 1111 - Jahrfeier auf dem Festplatz - Eschringen\" \/>\n<meta property=\"og:description\" content=\"Ein gewisses Unbehangen war den Veranstaltern und Organisatoren rund um die AG Eschringer Vereine e. V. sehr wohl anzumerken. Die Gro\u00dfwetterlage versprach &#8211; mitten im &#8222;Sommer&#8220; &#8211; nichts Gutes: Regenschauer, bedeckten Himmel, eventuell Gewitter und Wolkenbr\u00fcche, dazu viel zu k\u00fchle Temperaturen, vor allem f\u00fcr den Abend.Aber Bangemachen galt nicht. Seit Tagen und Wochen liefen die ... Weiterlesen ...\" \/>\n<meta property=\"og:url\" content=\"https:\/\/eschringen.de\/wordpress\/geschichte\/archiv\/11-07-04-nachlese-zur-1111-jahrfeier-auf-dem-festplatz\/\" \/>\n<meta property=\"og:site_name\" content=\"Eschringen\" \/>\n<meta property=\"article:modified_time\" content=\"2024-11-28T12:55:45+00:00\" \/>\n<meta name=\"twitter:card\" content=\"summary_large_image\" \/>\n<meta name=\"twitter:label1\" content=\"Gesch\u00e4tzte Lesezeit\" \/>\n\t<meta name=\"twitter:data1\" content=\"5\u00a0Minuten\" \/>\n<script type=\"application\/ld+json\" class=\"yoast-schema-graph\">{\"@context\":\"https:\\\/\\\/schema.org\",\"@graph\":[{\"@type\":\"WebPage\",\"@id\":\"https:\\\/\\\/eschringen.de\\\/wordpress\\\/geschichte\\\/archiv\\\/11-07-04-nachlese-zur-1111-jahrfeier-auf-dem-festplatz\\\/\",\"url\":\"https:\\\/\\\/eschringen.de\\\/wordpress\\\/geschichte\\\/archiv\\\/11-07-04-nachlese-zur-1111-jahrfeier-auf-dem-festplatz\\\/\",\"name\":\"11.07.04 - Nachlese zur 1111 - Jahrfeier auf dem Festplatz - Eschringen\",\"isPartOf\":{\"@id\":\"https:\\\/\\\/eschringen.de\\\/wordpress\\\/#website\"},\"datePublished\":\"2017-02-12T17:32:18+00:00\",\"dateModified\":\"2024-11-28T12:55:45+00:00\",\"breadcrumb\":{\"@id\":\"https:\\\/\\\/eschringen.de\\\/wordpress\\\/geschichte\\\/archiv\\\/11-07-04-nachlese-zur-1111-jahrfeier-auf-dem-festplatz\\\/#breadcrumb\"},\"inLanguage\":\"de\",\"potentialAction\":[{\"@type\":\"ReadAction\",\"target\":[\"https:\\\/\\\/eschringen.de\\\/wordpress\\\/geschichte\\\/archiv\\\/11-07-04-nachlese-zur-1111-jahrfeier-auf-dem-festplatz\\\/\"]}]},{\"@type\":\"BreadcrumbList\",\"@id\":\"https:\\\/\\\/eschringen.de\\\/wordpress\\\/geschichte\\\/archiv\\\/11-07-04-nachlese-zur-1111-jahrfeier-auf-dem-festplatz\\\/#breadcrumb\",\"itemListElement\":[{\"@type\":\"ListItem\",\"position\":1,\"name\":\"Startseite\",\"item\":\"https:\\\/\\\/eschringen.de\\\/wordpress\\\/\"},{\"@type\":\"ListItem\",\"position\":2,\"name\":\"Geschichte\",\"item\":\"https:\\\/\\\/eschringen.de\\\/wordpress\\\/geschichte\\\/\"},{\"@type\":\"ListItem\",\"position\":3,\"name\":\"Archiv\",\"item\":\"https:\\\/\\\/eschringen.de\\\/wordpress\\\/geschichte\\\/archiv\\\/\"},{\"@type\":\"ListItem\",\"position\":4,\"name\":\"11.07.04 &#8211; Nachlese zur 1111 &#8211; Jahrfeier auf dem Festplatz\"}]},{\"@type\":\"WebSite\",\"@id\":\"https:\\\/\\\/eschringen.de\\\/wordpress\\\/#website\",\"url\":\"https:\\\/\\\/eschringen.de\\\/wordpress\\\/\",\"name\":\"Eschringen\",\"description\":\"\",\"publisher\":{\"@id\":\"https:\\\/\\\/eschringen.de\\\/wordpress\\\/#organization\"},\"potentialAction\":[{\"@type\":\"SearchAction\",\"target\":{\"@type\":\"EntryPoint\",\"urlTemplate\":\"https:\\\/\\\/eschringen.de\\\/wordpress\\\/?s={search_term_string}\"},\"query-input\":{\"@type\":\"PropertyValueSpecification\",\"valueRequired\":true,\"valueName\":\"search_term_string\"}}],\"inLanguage\":\"de\"},{\"@type\":\"Organization\",\"@id\":\"https:\\\/\\\/eschringen.de\\\/wordpress\\\/#organization\",\"name\":\"Eschringen\",\"url\":\"https:\\\/\\\/eschringen.de\\\/wordpress\\\/\",\"logo\":{\"@type\":\"ImageObject\",\"inLanguage\":\"de\",\"@id\":\"https:\\\/\\\/eschringen.de\\\/wordpress\\\/#\\\/schema\\\/logo\\\/image\\\/\",\"url\":\"https:\\\/\\\/eschringen.de\\\/wordpress\\\/wp-content\\\/uploads\\\/2017\\\/03\\\/2017_kw15.jpg\",\"contentUrl\":\"https:\\\/\\\/eschringen.de\\\/wordpress\\\/wp-content\\\/uploads\\\/2017\\\/03\\\/2017_kw15.jpg\",\"width\":784,\"height\":447,\"caption\":\"Eschringen\"},\"image\":{\"@id\":\"https:\\\/\\\/eschringen.de\\\/wordpress\\\/#\\\/schema\\\/logo\\\/image\\\/\"}}]}<\/script>\n<!-- \/ Yoast SEO plugin. -->","yoast_head_json":{"title":"11.07.04 - Nachlese zur 1111 - Jahrfeier auf dem Festplatz - Eschringen","robots":{"index":"index","follow":"follow","max-snippet":"max-snippet:-1","max-image-preview":"max-image-preview:large","max-video-preview":"max-video-preview:-1"},"canonical":"https:\/\/eschringen.de\/wordpress\/geschichte\/archiv\/11-07-04-nachlese-zur-1111-jahrfeier-auf-dem-festplatz\/","og_locale":"de_DE","og_type":"article","og_title":"11.07.04 - Nachlese zur 1111 - Jahrfeier auf dem Festplatz - Eschringen","og_description":"Ein gewisses Unbehangen war den Veranstaltern und Organisatoren rund um die AG Eschringer Vereine e. V. sehr wohl anzumerken. Die Gro\u00dfwetterlage versprach &#8211; mitten im &#8222;Sommer&#8220; &#8211; nichts Gutes: Regenschauer, bedeckten Himmel, eventuell Gewitter und Wolkenbr\u00fcche, dazu viel zu k\u00fchle Temperaturen, vor allem f\u00fcr den Abend.Aber Bangemachen galt nicht. Seit Tagen und Wochen liefen die ... Weiterlesen ...","og_url":"https:\/\/eschringen.de\/wordpress\/geschichte\/archiv\/11-07-04-nachlese-zur-1111-jahrfeier-auf-dem-festplatz\/","og_site_name":"Eschringen","article_modified_time":"2024-11-28T12:55:45+00:00","twitter_card":"summary_large_image","twitter_misc":{"Gesch\u00e4tzte Lesezeit":"5\u00a0Minuten"},"schema":{"@context":"https:\/\/schema.org","@graph":[{"@type":"WebPage","@id":"https:\/\/eschringen.de\/wordpress\/geschichte\/archiv\/11-07-04-nachlese-zur-1111-jahrfeier-auf-dem-festplatz\/","url":"https:\/\/eschringen.de\/wordpress\/geschichte\/archiv\/11-07-04-nachlese-zur-1111-jahrfeier-auf-dem-festplatz\/","name":"11.07.04 - Nachlese zur 1111 - Jahrfeier auf dem Festplatz - Eschringen","isPartOf":{"@id":"https:\/\/eschringen.de\/wordpress\/#website"},"datePublished":"2017-02-12T17:32:18+00:00","dateModified":"2024-11-28T12:55:45+00:00","breadcrumb":{"@id":"https:\/\/eschringen.de\/wordpress\/geschichte\/archiv\/11-07-04-nachlese-zur-1111-jahrfeier-auf-dem-festplatz\/#breadcrumb"},"inLanguage":"de","potentialAction":[{"@type":"ReadAction","target":["https:\/\/eschringen.de\/wordpress\/geschichte\/archiv\/11-07-04-nachlese-zur-1111-jahrfeier-auf-dem-festplatz\/"]}]},{"@type":"BreadcrumbList","@id":"https:\/\/eschringen.de\/wordpress\/geschichte\/archiv\/11-07-04-nachlese-zur-1111-jahrfeier-auf-dem-festplatz\/#breadcrumb","itemListElement":[{"@type":"ListItem","position":1,"name":"Startseite","item":"https:\/\/eschringen.de\/wordpress\/"},{"@type":"ListItem","position":2,"name":"Geschichte","item":"https:\/\/eschringen.de\/wordpress\/geschichte\/"},{"@type":"ListItem","position":3,"name":"Archiv","item":"https:\/\/eschringen.de\/wordpress\/geschichte\/archiv\/"},{"@type":"ListItem","position":4,"name":"11.07.04 &#8211; Nachlese zur 1111 &#8211; Jahrfeier auf dem Festplatz"}]},{"@type":"WebSite","@id":"https:\/\/eschringen.de\/wordpress\/#website","url":"https:\/\/eschringen.de\/wordpress\/","name":"Eschringen","description":"","publisher":{"@id":"https:\/\/eschringen.de\/wordpress\/#organization"},"potentialAction":[{"@type":"SearchAction","target":{"@type":"EntryPoint","urlTemplate":"https:\/\/eschringen.de\/wordpress\/?s={search_term_string}"},"query-input":{"@type":"PropertyValueSpecification","valueRequired":true,"valueName":"search_term_string"}}],"inLanguage":"de"},{"@type":"Organization","@id":"https:\/\/eschringen.de\/wordpress\/#organization","name":"Eschringen","url":"https:\/\/eschringen.de\/wordpress\/","logo":{"@type":"ImageObject","inLanguage":"de","@id":"https:\/\/eschringen.de\/wordpress\/#\/schema\/logo\/image\/","url":"https:\/\/eschringen.de\/wordpress\/wp-content\/uploads\/2017\/03\/2017_kw15.jpg","contentUrl":"https:\/\/eschringen.de\/wordpress\/wp-content\/uploads\/2017\/03\/2017_kw15.jpg","width":784,"height":447,"caption":"Eschringen"},"image":{"@id":"https:\/\/eschringen.de\/wordpress\/#\/schema\/logo\/image\/"}}]}},"jetpack_sharing_enabled":true,"_links":{"self":[{"href":"https:\/\/eschringen.de\/wordpress\/wp-json\/wp\/v2\/pages\/670","targetHints":{"allow":["GET"]}}],"collection":[{"href":"https:\/\/eschringen.de\/wordpress\/wp-json\/wp\/v2\/pages"}],"about":[{"href":"https:\/\/eschringen.de\/wordpress\/wp-json\/wp\/v2\/types\/page"}],"author":[{"embeddable":true,"href":"https:\/\/eschringen.de\/wordpress\/wp-json\/wp\/v2\/users\/1"}],"replies":[{"embeddable":true,"href":"https:\/\/eschringen.de\/wordpress\/wp-json\/wp\/v2\/comments?post=670"}],"version-history":[{"count":2,"href":"https:\/\/eschringen.de\/wordpress\/wp-json\/wp\/v2\/pages\/670\/revisions"}],"predecessor-version":[{"id":4960,"href":"https:\/\/eschringen.de\/wordpress\/wp-json\/wp\/v2\/pages\/670\/revisions\/4960"}],"up":[{"embeddable":true,"href":"https:\/\/eschringen.de\/wordpress\/wp-json\/wp\/v2\/pages\/403"}],"wp:attachment":[{"href":"https:\/\/eschringen.de\/wordpress\/wp-json\/wp\/v2\/media?parent=670"}],"curies":[{"name":"wp","href":"https:\/\/api.w.org\/{rel}","templated":true}]}}