{"id":662,"date":"2017-02-12T17:41:58","date_gmt":"2017-02-12T16:41:58","guid":{"rendered":"http:\/\/eschringen.de\/wordpress\/?page_id=662"},"modified":"2022-08-20T11:47:50","modified_gmt":"2022-08-20T09:47:50","slug":"empfang-der-franzoesischen-revolutionstruppen","status":"publish","type":"page","link":"https:\/\/eschringen.de\/wordpress\/geschichte\/zeittafel\/empfang-der-franzoesischen-revolutionstruppen\/","title":{"rendered":"Empfang der franz\u00f6sischen Revolutionstruppen"},"content":{"rendered":"<div class=\"wp-block-image\">\n<figure class=\"alignright size-full\"><img data-recalc-dims=\"1\" loading=\"lazy\" decoding=\"async\" width=\"179\" height=\"377\" src=\"https:\/\/i0.wp.com\/eschringen.de\/wordpress\/wp-content\/uploads\/2022\/08\/freiheitsbaum.jpg?resize=179%2C377&#038;ssl=1\" alt=\"\" class=\"wp-image-3770\" srcset=\"https:\/\/i0.wp.com\/eschringen.de\/wordpress\/wp-content\/uploads\/2022\/08\/freiheitsbaum.jpg?w=179&amp;ssl=1 179w, https:\/\/i0.wp.com\/eschringen.de\/wordpress\/wp-content\/uploads\/2022\/08\/freiheitsbaum.jpg?resize=142%2C300&amp;ssl=1 142w\" sizes=\"auto, (max-width: 179px) 100vw, 179px\" \/><\/figure>\n<\/div>\n\n\n<p>Die Umw\u00e4lzungen in Frankreich seit dem Sturm auf die Pariser Bastille am 14. Juli 1789 wurden auch im Land an der Saar registriert. Gleichwohl blieben die Losungen der Revolution &#8222;Freiheit, Gleichheit, Br\u00fcderlichkeit&#8220; f\u00fcr die Menschen hier vorerst Fremdw\u00f6rter. Die Eschringer Grundherren versuchten sich entweder den Ver\u00e4nderungen anzupassen, im Falle des Klosters Wadgassen z. B., das Beste aus der schwierigen Lage (drohende Verstaatlichung) zu machen, oder sie ignorierten einfach,was sich im Nachbarland abspielte. F\u00fcrst Ludwig von Nassau-Saarbr\u00fccken z. B. dachte im Traum nicht daran, seinen aufwendigen Lebensstil zu \u00e4ndern, geschweige denn, seine Untertanen zu entlasten oder gar die Leibeigenschaft aufzuheben. Doch die Revolution weitete sich mehr und mehr, vor allem nach Osten, aus; erfasste folglich auch bald unsere Gegend. Nach der Kriegserkl\u00e4rung des aufst\u00e4ndigen Frankreichs an die Adresse \u00d6sterreichs und Preu\u00dfens im April 1792 marschierten alliierte Truppen ein, die aber bei der ber\u00fchmten Kanonade bei Valmy (Marne) am 20. September 1792 von der revolution\u00e4ren Armee zur\u00fcckgeschlagen wurden. Nun drangen die Franzosen in deutsche Lande vor, und der ver\u00e4ngstigte F\u00fcrst Ludwig versuchte sich mit den neuen M\u00e4chtigen zu arrangieren. Am 21. Januar <b>1793<\/b> erlie\u00df er ein Generaldekret, das u. a. die Leibeigenschaft aufhob und die Frongelder um die H\u00e4lfte herabsetzte. Doch die Zeit des Wechsels war endg\u00fcltig gekommen. Und die einfachen Menschen wussten, wem sie dies zu verdanken hatten. In vielen D\u00f6rfern, so auch in Eschringen, wurden Freiheitsb\u00e4ume errichtet und Freudent\u00e4nze \u00fcber die gewonnene Freiheit aufgef\u00fchrt. Sowohl F\u00fcrst Ludwig (mit seiner Frau, Katharina Fest, dem &#8222;G\u00e4nsegretel aus Fechingen&#8220;) als auch die Reichsgr\u00e4fin Marianne von der Leyen mussten fliehen. Die Franzosen erkl\u00e4rten die Grafschaft Saarbr\u00fccken zu franz\u00f6sischem Staatsgebiet. Und da Eschringen nach Auffassung der Saarbr\u00fccker R\u00e4te unter der Hoheit Nassau-Saarbr\u00fcckens gestanden hatte, gelangte auch unser Dorf zur franz\u00f6sischen Republik. Damit war die feudalistische Vierherrschaft in Eschringen beendet.<\/p>\n\n\n\n<p><a href=\"http:\/\/eschringen.de\/wordpress\/geschichte\/zeittafel\/\">zur\u00fcck zur Zeittafel<\/a><\/p>\n","protected":false},"excerpt":{"rendered":"<p>Die Umw\u00e4lzungen in Frankreich seit dem Sturm auf die Pariser Bastille am 14. Juli 1789 wurden auch im Land an der Saar registriert. Gleichwohl blieben die Losungen der Revolution &#8222;Freiheit, Gleichheit, Br\u00fcderlichkeit&#8220; f\u00fcr die Menschen hier vorerst Fremdw\u00f6rter. Die Eschringer Grundherren versuchten sich entweder den Ver\u00e4nderungen anzupassen, im Falle des Klosters Wadgassen z. B., das &#8230; <a title=\"Empfang der franz\u00f6sischen Revolutionstruppen\" class=\"read-more\" href=\"https:\/\/eschringen.de\/wordpress\/geschichte\/zeittafel\/empfang-der-franzoesischen-revolutionstruppen\/\" aria-label=\"Mehr Informationen \u00fcber Empfang der franz\u00f6sischen Revolutionstruppen\">Weiterlesen &#8230;<\/a><\/p>\n","protected":false},"author":1,"featured_media":0,"parent":399,"menu_order":8,"comment_status":"closed","ping_status":"closed","template":"","meta":{"ngg_post_thumbnail":0,"footnotes":""},"class_list":["post-662","page","type-page","status-publish"],"yoast_head":"<!-- This site is optimized with the Yoast SEO plugin v27.3 - https:\/\/yoast.com\/product\/yoast-seo-wordpress\/ -->\n<title>Empfang der franz\u00f6sischen Revolutionstruppen - Eschringen<\/title>\n<meta name=\"robots\" content=\"index, follow, max-snippet:-1, max-image-preview:large, max-video-preview:-1\" \/>\n<link rel=\"canonical\" href=\"https:\/\/eschringen.de\/wordpress\/geschichte\/zeittafel\/empfang-der-franzoesischen-revolutionstruppen\/\" \/>\n<meta property=\"og:locale\" content=\"de_DE\" \/>\n<meta property=\"og:type\" content=\"article\" \/>\n<meta property=\"og:title\" content=\"Empfang der franz\u00f6sischen Revolutionstruppen - Eschringen\" \/>\n<meta property=\"og:description\" content=\"Die Umw\u00e4lzungen in Frankreich seit dem Sturm auf die Pariser Bastille am 14. Juli 1789 wurden auch im Land an der Saar registriert. Gleichwohl blieben die Losungen der Revolution &#8222;Freiheit, Gleichheit, Br\u00fcderlichkeit&#8220; f\u00fcr die Menschen hier vorerst Fremdw\u00f6rter. Die Eschringer Grundherren versuchten sich entweder den Ver\u00e4nderungen anzupassen, im Falle des Klosters Wadgassen z. B., das ... Weiterlesen ...\" \/>\n<meta property=\"og:url\" content=\"https:\/\/eschringen.de\/wordpress\/geschichte\/zeittafel\/empfang-der-franzoesischen-revolutionstruppen\/\" \/>\n<meta property=\"og:site_name\" content=\"Eschringen\" \/>\n<meta property=\"article:modified_time\" content=\"2022-08-20T09:47:50+00:00\" \/>\n<meta property=\"og:image\" content=\"https:\/\/eschringen.de\/wordpress\/wp-content\/uploads\/2022\/08\/freiheitsbaum.jpg\" \/>\n<meta name=\"twitter:card\" content=\"summary_large_image\" \/>\n<meta name=\"twitter:label1\" content=\"Gesch\u00e4tzte Lesezeit\" \/>\n\t<meta name=\"twitter:data1\" content=\"2\u00a0Minuten\" \/>\n<script type=\"application\/ld+json\" class=\"yoast-schema-graph\">{\"@context\":\"https:\\\/\\\/schema.org\",\"@graph\":[{\"@type\":\"WebPage\",\"@id\":\"https:\\\/\\\/eschringen.de\\\/wordpress\\\/geschichte\\\/zeittafel\\\/empfang-der-franzoesischen-revolutionstruppen\\\/\",\"url\":\"https:\\\/\\\/eschringen.de\\\/wordpress\\\/geschichte\\\/zeittafel\\\/empfang-der-franzoesischen-revolutionstruppen\\\/\",\"name\":\"Empfang der franz\u00f6sischen Revolutionstruppen - Eschringen\",\"isPartOf\":{\"@id\":\"https:\\\/\\\/eschringen.de\\\/wordpress\\\/#website\"},\"primaryImageOfPage\":{\"@id\":\"https:\\\/\\\/eschringen.de\\\/wordpress\\\/geschichte\\\/zeittafel\\\/empfang-der-franzoesischen-revolutionstruppen\\\/#primaryimage\"},\"image\":{\"@id\":\"https:\\\/\\\/eschringen.de\\\/wordpress\\\/geschichte\\\/zeittafel\\\/empfang-der-franzoesischen-revolutionstruppen\\\/#primaryimage\"},\"thumbnailUrl\":\"https:\\\/\\\/eschringen.de\\\/wordpress\\\/wp-content\\\/uploads\\\/2022\\\/08\\\/freiheitsbaum.jpg\",\"datePublished\":\"2017-02-12T16:41:58+00:00\",\"dateModified\":\"2022-08-20T09:47:50+00:00\",\"breadcrumb\":{\"@id\":\"https:\\\/\\\/eschringen.de\\\/wordpress\\\/geschichte\\\/zeittafel\\\/empfang-der-franzoesischen-revolutionstruppen\\\/#breadcrumb\"},\"inLanguage\":\"de\",\"potentialAction\":[{\"@type\":\"ReadAction\",\"target\":[\"https:\\\/\\\/eschringen.de\\\/wordpress\\\/geschichte\\\/zeittafel\\\/empfang-der-franzoesischen-revolutionstruppen\\\/\"]}]},{\"@type\":\"ImageObject\",\"inLanguage\":\"de\",\"@id\":\"https:\\\/\\\/eschringen.de\\\/wordpress\\\/geschichte\\\/zeittafel\\\/empfang-der-franzoesischen-revolutionstruppen\\\/#primaryimage\",\"url\":\"https:\\\/\\\/i0.wp.com\\\/eschringen.de\\\/wordpress\\\/wp-content\\\/uploads\\\/2022\\\/08\\\/freiheitsbaum.jpg?fit=179%2C377&ssl=1\",\"contentUrl\":\"https:\\\/\\\/i0.wp.com\\\/eschringen.de\\\/wordpress\\\/wp-content\\\/uploads\\\/2022\\\/08\\\/freiheitsbaum.jpg?fit=179%2C377&ssl=1\",\"width\":179,\"height\":377},{\"@type\":\"BreadcrumbList\",\"@id\":\"https:\\\/\\\/eschringen.de\\\/wordpress\\\/geschichte\\\/zeittafel\\\/empfang-der-franzoesischen-revolutionstruppen\\\/#breadcrumb\",\"itemListElement\":[{\"@type\":\"ListItem\",\"position\":1,\"name\":\"Startseite\",\"item\":\"https:\\\/\\\/eschringen.de\\\/wordpress\\\/\"},{\"@type\":\"ListItem\",\"position\":2,\"name\":\"Geschichte\",\"item\":\"https:\\\/\\\/eschringen.de\\\/wordpress\\\/geschichte\\\/\"},{\"@type\":\"ListItem\",\"position\":3,\"name\":\"Zeittafel\",\"item\":\"https:\\\/\\\/eschringen.de\\\/wordpress\\\/geschichte\\\/zeittafel\\\/\"},{\"@type\":\"ListItem\",\"position\":4,\"name\":\"Empfang der franz\u00f6sischen Revolutionstruppen\"}]},{\"@type\":\"WebSite\",\"@id\":\"https:\\\/\\\/eschringen.de\\\/wordpress\\\/#website\",\"url\":\"https:\\\/\\\/eschringen.de\\\/wordpress\\\/\",\"name\":\"Eschringen\",\"description\":\"\",\"publisher\":{\"@id\":\"https:\\\/\\\/eschringen.de\\\/wordpress\\\/#organization\"},\"potentialAction\":[{\"@type\":\"SearchAction\",\"target\":{\"@type\":\"EntryPoint\",\"urlTemplate\":\"https:\\\/\\\/eschringen.de\\\/wordpress\\\/?s={search_term_string}\"},\"query-input\":{\"@type\":\"PropertyValueSpecification\",\"valueRequired\":true,\"valueName\":\"search_term_string\"}}],\"inLanguage\":\"de\"},{\"@type\":\"Organization\",\"@id\":\"https:\\\/\\\/eschringen.de\\\/wordpress\\\/#organization\",\"name\":\"Eschringen\",\"url\":\"https:\\\/\\\/eschringen.de\\\/wordpress\\\/\",\"logo\":{\"@type\":\"ImageObject\",\"inLanguage\":\"de\",\"@id\":\"https:\\\/\\\/eschringen.de\\\/wordpress\\\/#\\\/schema\\\/logo\\\/image\\\/\",\"url\":\"https:\\\/\\\/eschringen.de\\\/wordpress\\\/wp-content\\\/uploads\\\/2017\\\/03\\\/2017_kw15.jpg\",\"contentUrl\":\"https:\\\/\\\/eschringen.de\\\/wordpress\\\/wp-content\\\/uploads\\\/2017\\\/03\\\/2017_kw15.jpg\",\"width\":784,\"height\":447,\"caption\":\"Eschringen\"},\"image\":{\"@id\":\"https:\\\/\\\/eschringen.de\\\/wordpress\\\/#\\\/schema\\\/logo\\\/image\\\/\"}}]}<\/script>\n<!-- \/ Yoast SEO plugin. -->","yoast_head_json":{"title":"Empfang der franz\u00f6sischen Revolutionstruppen - Eschringen","robots":{"index":"index","follow":"follow","max-snippet":"max-snippet:-1","max-image-preview":"max-image-preview:large","max-video-preview":"max-video-preview:-1"},"canonical":"https:\/\/eschringen.de\/wordpress\/geschichte\/zeittafel\/empfang-der-franzoesischen-revolutionstruppen\/","og_locale":"de_DE","og_type":"article","og_title":"Empfang der franz\u00f6sischen Revolutionstruppen - Eschringen","og_description":"Die Umw\u00e4lzungen in Frankreich seit dem Sturm auf die Pariser Bastille am 14. Juli 1789 wurden auch im Land an der Saar registriert. Gleichwohl blieben die Losungen der Revolution &#8222;Freiheit, Gleichheit, Br\u00fcderlichkeit&#8220; f\u00fcr die Menschen hier vorerst Fremdw\u00f6rter. Die Eschringer Grundherren versuchten sich entweder den Ver\u00e4nderungen anzupassen, im Falle des Klosters Wadgassen z. B., das ... Weiterlesen ...","og_url":"https:\/\/eschringen.de\/wordpress\/geschichte\/zeittafel\/empfang-der-franzoesischen-revolutionstruppen\/","og_site_name":"Eschringen","article_modified_time":"2022-08-20T09:47:50+00:00","og_image":[{"url":"https:\/\/eschringen.de\/wordpress\/wp-content\/uploads\/2022\/08\/freiheitsbaum.jpg","type":"","width":"","height":""}],"twitter_card":"summary_large_image","twitter_misc":{"Gesch\u00e4tzte Lesezeit":"2\u00a0Minuten"},"schema":{"@context":"https:\/\/schema.org","@graph":[{"@type":"WebPage","@id":"https:\/\/eschringen.de\/wordpress\/geschichte\/zeittafel\/empfang-der-franzoesischen-revolutionstruppen\/","url":"https:\/\/eschringen.de\/wordpress\/geschichte\/zeittafel\/empfang-der-franzoesischen-revolutionstruppen\/","name":"Empfang der franz\u00f6sischen Revolutionstruppen - Eschringen","isPartOf":{"@id":"https:\/\/eschringen.de\/wordpress\/#website"},"primaryImageOfPage":{"@id":"https:\/\/eschringen.de\/wordpress\/geschichte\/zeittafel\/empfang-der-franzoesischen-revolutionstruppen\/#primaryimage"},"image":{"@id":"https:\/\/eschringen.de\/wordpress\/geschichte\/zeittafel\/empfang-der-franzoesischen-revolutionstruppen\/#primaryimage"},"thumbnailUrl":"https:\/\/eschringen.de\/wordpress\/wp-content\/uploads\/2022\/08\/freiheitsbaum.jpg","datePublished":"2017-02-12T16:41:58+00:00","dateModified":"2022-08-20T09:47:50+00:00","breadcrumb":{"@id":"https:\/\/eschringen.de\/wordpress\/geschichte\/zeittafel\/empfang-der-franzoesischen-revolutionstruppen\/#breadcrumb"},"inLanguage":"de","potentialAction":[{"@type":"ReadAction","target":["https:\/\/eschringen.de\/wordpress\/geschichte\/zeittafel\/empfang-der-franzoesischen-revolutionstruppen\/"]}]},{"@type":"ImageObject","inLanguage":"de","@id":"https:\/\/eschringen.de\/wordpress\/geschichte\/zeittafel\/empfang-der-franzoesischen-revolutionstruppen\/#primaryimage","url":"https:\/\/i0.wp.com\/eschringen.de\/wordpress\/wp-content\/uploads\/2022\/08\/freiheitsbaum.jpg?fit=179%2C377&ssl=1","contentUrl":"https:\/\/i0.wp.com\/eschringen.de\/wordpress\/wp-content\/uploads\/2022\/08\/freiheitsbaum.jpg?fit=179%2C377&ssl=1","width":179,"height":377},{"@type":"BreadcrumbList","@id":"https:\/\/eschringen.de\/wordpress\/geschichte\/zeittafel\/empfang-der-franzoesischen-revolutionstruppen\/#breadcrumb","itemListElement":[{"@type":"ListItem","position":1,"name":"Startseite","item":"https:\/\/eschringen.de\/wordpress\/"},{"@type":"ListItem","position":2,"name":"Geschichte","item":"https:\/\/eschringen.de\/wordpress\/geschichte\/"},{"@type":"ListItem","position":3,"name":"Zeittafel","item":"https:\/\/eschringen.de\/wordpress\/geschichte\/zeittafel\/"},{"@type":"ListItem","position":4,"name":"Empfang der franz\u00f6sischen Revolutionstruppen"}]},{"@type":"WebSite","@id":"https:\/\/eschringen.de\/wordpress\/#website","url":"https:\/\/eschringen.de\/wordpress\/","name":"Eschringen","description":"","publisher":{"@id":"https:\/\/eschringen.de\/wordpress\/#organization"},"potentialAction":[{"@type":"SearchAction","target":{"@type":"EntryPoint","urlTemplate":"https:\/\/eschringen.de\/wordpress\/?s={search_term_string}"},"query-input":{"@type":"PropertyValueSpecification","valueRequired":true,"valueName":"search_term_string"}}],"inLanguage":"de"},{"@type":"Organization","@id":"https:\/\/eschringen.de\/wordpress\/#organization","name":"Eschringen","url":"https:\/\/eschringen.de\/wordpress\/","logo":{"@type":"ImageObject","inLanguage":"de","@id":"https:\/\/eschringen.de\/wordpress\/#\/schema\/logo\/image\/","url":"https:\/\/eschringen.de\/wordpress\/wp-content\/uploads\/2017\/03\/2017_kw15.jpg","contentUrl":"https:\/\/eschringen.de\/wordpress\/wp-content\/uploads\/2017\/03\/2017_kw15.jpg","width":784,"height":447,"caption":"Eschringen"},"image":{"@id":"https:\/\/eschringen.de\/wordpress\/#\/schema\/logo\/image\/"}}]}},"jetpack_sharing_enabled":true,"_links":{"self":[{"href":"https:\/\/eschringen.de\/wordpress\/wp-json\/wp\/v2\/pages\/662","targetHints":{"allow":["GET"]}}],"collection":[{"href":"https:\/\/eschringen.de\/wordpress\/wp-json\/wp\/v2\/pages"}],"about":[{"href":"https:\/\/eschringen.de\/wordpress\/wp-json\/wp\/v2\/types\/page"}],"author":[{"embeddable":true,"href":"https:\/\/eschringen.de\/wordpress\/wp-json\/wp\/v2\/users\/1"}],"replies":[{"embeddable":true,"href":"https:\/\/eschringen.de\/wordpress\/wp-json\/wp\/v2\/comments?post=662"}],"version-history":[{"count":2,"href":"https:\/\/eschringen.de\/wordpress\/wp-json\/wp\/v2\/pages\/662\/revisions"}],"predecessor-version":[{"id":3771,"href":"https:\/\/eschringen.de\/wordpress\/wp-json\/wp\/v2\/pages\/662\/revisions\/3771"}],"up":[{"embeddable":true,"href":"https:\/\/eschringen.de\/wordpress\/wp-json\/wp\/v2\/pages\/399"}],"wp:attachment":[{"href":"https:\/\/eschringen.de\/wordpress\/wp-json\/wp\/v2\/media?parent=662"}],"curies":[{"name":"wp","href":"https:\/\/api.w.org\/{rel}","templated":true}]}}