{"id":658,"date":"2017-02-12T17:36:53","date_gmt":"2017-02-12T16:36:53","guid":{"rendered":"http:\/\/eschringen.de\/wordpress\/?page_id=658"},"modified":"2022-08-20T11:45:36","modified_gmt":"2022-08-20T09:45:36","slug":"verwuestung-des-dorfes-30jaehriger-krieg","status":"publish","type":"page","link":"https:\/\/eschringen.de\/wordpress\/geschichte\/zeittafel\/verwuestung-des-dorfes-30jaehriger-krieg\/","title":{"rendered":"Verw\u00fcstung des Dorfes (30j\u00e4hriger Krieg)"},"content":{"rendered":"<div class=\"wp-block-image\">\n<figure class=\"alignright size-full\"><img data-recalc-dims=\"1\" loading=\"lazy\" decoding=\"async\" width=\"300\" height=\"141\" src=\"https:\/\/i0.wp.com\/eschringen.de\/wordpress\/wp-content\/uploads\/2022\/08\/dorfzerstoerung.jpg?resize=300%2C141&#038;ssl=1\" alt=\"\" class=\"wp-image-3766\"\/><figcaption>von Jacques Callot (lothringischer Graphiker)<\/figcaption><\/figure>\n<\/div>\n\n\n<p>Als der Drei\u00dfigj\u00e4hrige Krieg 1618 ausbrach (die erste Phase nennt man auch den &#8222;B\u00f6hmisch-pf\u00e4lzischen Krieg&#8220;), war unsere Gegend davon nicht oder kaum ber\u00fchrt. Erstmals im Jahre 1624 tauchten, auch in Eschringen, Soldaten auf, wovor sich die Bev\u00f6lkerung im Wald versteckte. Die Folgejahre blieben wohl friedlich, sie sind allerdings kaum dokumentiert. Daf\u00fcr erreichten im Sommer <b>1635<\/b> die Schrecken des Krieges die Saargegend. Es kam zu erbitterten K\u00e4mpfen zwischen schwedisch-franz\u00f6sischen und kaiserlichen Truppen. Letztere eroberten am 30. September St. Johann und wenige Tage sp\u00e4ter Saarbr\u00fccken. Die Soldateska herrschte furchtbar in den eh schon ausgelaugten D\u00f6rfern: Die H\u00f6fe wurden niedergebrannt, die Felder verw\u00fcstet, das Vieh vertrieben, die Menschen verjagt oder massakriert. Wer nicht umgebracht wurde, starb letztlich an Hunger oder Krankheit. Wer in der Lage war zu fliehen, schlug sich in die Fremde durch, gelangte bisweilen bis nach Holland. Aussagekr\u00e4ftige Dokumente f\u00fcr Eschringen sind nicht (mehr) bekannt; man kann jedenfalls annehmen, da\u00df die Grundherren nicht in der Lage waren, ihre Untertanen zu sch\u00fctzen. Schlie\u00dflich waren sie alle &#8211; der Deutsche Orden, die M\u00f6nche von Gr\u00e4finthal und Wadgassen &#8211; l\u00e4ngst geflogen oder hatten sich irgendwie mit den jeweils M\u00e4chtigen arrangiert. Es gibt jedoch Chronisten, die die Kriegswirren in Worte zu fassen versuchten. Da hei\u00dft es z. B.: &#8222;Die Nachkommenschaft wird M\u00fche haben, zu glauben, was wir schreiben&#8220; (Champlon, 1635). Und unsere Umgebung betreffend: &#8222;Saargem\u00fcnd ist leer, die D\u00f6rfer um Saargem\u00fcnd sind entv\u00f6lkert, die Truppen haben alles weggenommen&#8230;Die Ortschaften&#8230;sind bewohnt von wilden Tieren. Nur einzelnes Raubgesindel schleicht sich hie und da in die Ruinen der D\u00f6rfer, um das Wenige noch zu pl\u00fcndern, das die Schweden oder Kroaten zur\u00fcckgelassen haben.&#8220;<\/p>\n\n\n\n<p>Es dauerte Jahrzehnte, bis sich unsere Gegend &#8211; nach dem Friedensschluss von M\u00fcnster im Jahre 1648 &#8211; von diesem, gerade auch die Zivilbev\u00f6lkerung in Mitleidenschaft ziehenden Krieg einigerma\u00dfen erholte. Das praktisch verlassene Eschringen wurde erst nach und nach wieder besiedelt. Eine Bestandsaufnahme seitens des Deutschen Ordens aus dem Jahre 1679 belegt, da\u00df das Dorf nur wenige Bewohner hatte, viele Felder noch immer unbestellt waren und die meisten H\u00f6fe in Tr\u00fcmmern lagen. Die Reunionskriege hemmten dazu den Wiederaufbau, der dann aber zum Ausgang des 17. Jahrhunderts, auch dank des Zuzugs von Tiroler Einwanderern, doch in Gang kam.<\/p>\n\n\n\n<p>(Roland Schmitt)<\/p>\n\n\n\n<p><a href=\"http:\/\/eschringen.de\/wordpress\/geschichte\/zeittafel\/\">Zur\u00fcck zur Zeittafel<\/a><\/p>\n","protected":false},"excerpt":{"rendered":"<p>Als der Drei\u00dfigj\u00e4hrige Krieg 1618 ausbrach (die erste Phase nennt man auch den &#8222;B\u00f6hmisch-pf\u00e4lzischen Krieg&#8220;), war unsere Gegend davon nicht oder kaum ber\u00fchrt. Erstmals im Jahre 1624 tauchten, auch in Eschringen, Soldaten auf, wovor sich die Bev\u00f6lkerung im Wald versteckte. Die Folgejahre blieben wohl friedlich, sie sind allerdings kaum dokumentiert. Daf\u00fcr erreichten im Sommer 1635 &#8230; <a title=\"Verw\u00fcstung des Dorfes (30j\u00e4hriger Krieg)\" class=\"read-more\" href=\"https:\/\/eschringen.de\/wordpress\/geschichte\/zeittafel\/verwuestung-des-dorfes-30jaehriger-krieg\/\" aria-label=\"Mehr Informationen \u00fcber Verw\u00fcstung des Dorfes (30j\u00e4hriger Krieg)\">Weiterlesen &#8230;<\/a><\/p>\n","protected":false},"author":1,"featured_media":0,"parent":399,"menu_order":6,"comment_status":"closed","ping_status":"closed","template":"","meta":{"ngg_post_thumbnail":0,"footnotes":""},"class_list":["post-658","page","type-page","status-publish"],"yoast_head":"<!-- This site is optimized with the Yoast SEO plugin v27.3 - https:\/\/yoast.com\/product\/yoast-seo-wordpress\/ -->\n<title>Verw\u00fcstung des Dorfes (30j\u00e4hriger Krieg) - Eschringen<\/title>\n<meta name=\"robots\" content=\"index, follow, max-snippet:-1, max-image-preview:large, max-video-preview:-1\" \/>\n<link rel=\"canonical\" href=\"https:\/\/eschringen.de\/wordpress\/geschichte\/zeittafel\/verwuestung-des-dorfes-30jaehriger-krieg\/\" \/>\n<meta property=\"og:locale\" content=\"de_DE\" \/>\n<meta property=\"og:type\" content=\"article\" \/>\n<meta property=\"og:title\" content=\"Verw\u00fcstung des Dorfes (30j\u00e4hriger Krieg) - Eschringen\" \/>\n<meta property=\"og:description\" content=\"Als der Drei\u00dfigj\u00e4hrige Krieg 1618 ausbrach (die erste Phase nennt man auch den &#8222;B\u00f6hmisch-pf\u00e4lzischen Krieg&#8220;), war unsere Gegend davon nicht oder kaum ber\u00fchrt. Erstmals im Jahre 1624 tauchten, auch in Eschringen, Soldaten auf, wovor sich die Bev\u00f6lkerung im Wald versteckte. Die Folgejahre blieben wohl friedlich, sie sind allerdings kaum dokumentiert. Daf\u00fcr erreichten im Sommer 1635 ... Weiterlesen ...\" \/>\n<meta property=\"og:url\" content=\"https:\/\/eschringen.de\/wordpress\/geschichte\/zeittafel\/verwuestung-des-dorfes-30jaehriger-krieg\/\" \/>\n<meta property=\"og:site_name\" content=\"Eschringen\" \/>\n<meta property=\"article:modified_time\" content=\"2022-08-20T09:45:36+00:00\" \/>\n<meta property=\"og:image\" content=\"https:\/\/eschringen.de\/wordpress\/wp-content\/uploads\/2022\/08\/dorfzerstoerung.jpg\" \/>\n<meta name=\"twitter:card\" content=\"summary_large_image\" \/>\n<meta name=\"twitter:label1\" content=\"Gesch\u00e4tzte Lesezeit\" \/>\n\t<meta name=\"twitter:data1\" content=\"3\u00a0Minuten\" \/>\n<script type=\"application\/ld+json\" class=\"yoast-schema-graph\">{\"@context\":\"https:\\\/\\\/schema.org\",\"@graph\":[{\"@type\":\"WebPage\",\"@id\":\"https:\\\/\\\/eschringen.de\\\/wordpress\\\/geschichte\\\/zeittafel\\\/verwuestung-des-dorfes-30jaehriger-krieg\\\/\",\"url\":\"https:\\\/\\\/eschringen.de\\\/wordpress\\\/geschichte\\\/zeittafel\\\/verwuestung-des-dorfes-30jaehriger-krieg\\\/\",\"name\":\"Verw\u00fcstung des Dorfes (30j\u00e4hriger Krieg) - Eschringen\",\"isPartOf\":{\"@id\":\"https:\\\/\\\/eschringen.de\\\/wordpress\\\/#website\"},\"primaryImageOfPage\":{\"@id\":\"https:\\\/\\\/eschringen.de\\\/wordpress\\\/geschichte\\\/zeittafel\\\/verwuestung-des-dorfes-30jaehriger-krieg\\\/#primaryimage\"},\"image\":{\"@id\":\"https:\\\/\\\/eschringen.de\\\/wordpress\\\/geschichte\\\/zeittafel\\\/verwuestung-des-dorfes-30jaehriger-krieg\\\/#primaryimage\"},\"thumbnailUrl\":\"https:\\\/\\\/eschringen.de\\\/wordpress\\\/wp-content\\\/uploads\\\/2022\\\/08\\\/dorfzerstoerung.jpg\",\"datePublished\":\"2017-02-12T16:36:53+00:00\",\"dateModified\":\"2022-08-20T09:45:36+00:00\",\"breadcrumb\":{\"@id\":\"https:\\\/\\\/eschringen.de\\\/wordpress\\\/geschichte\\\/zeittafel\\\/verwuestung-des-dorfes-30jaehriger-krieg\\\/#breadcrumb\"},\"inLanguage\":\"de\",\"potentialAction\":[{\"@type\":\"ReadAction\",\"target\":[\"https:\\\/\\\/eschringen.de\\\/wordpress\\\/geschichte\\\/zeittafel\\\/verwuestung-des-dorfes-30jaehriger-krieg\\\/\"]}]},{\"@type\":\"ImageObject\",\"inLanguage\":\"de\",\"@id\":\"https:\\\/\\\/eschringen.de\\\/wordpress\\\/geschichte\\\/zeittafel\\\/verwuestung-des-dorfes-30jaehriger-krieg\\\/#primaryimage\",\"url\":\"https:\\\/\\\/i0.wp.com\\\/eschringen.de\\\/wordpress\\\/wp-content\\\/uploads\\\/2022\\\/08\\\/dorfzerstoerung.jpg?fit=300%2C141&ssl=1\",\"contentUrl\":\"https:\\\/\\\/i0.wp.com\\\/eschringen.de\\\/wordpress\\\/wp-content\\\/uploads\\\/2022\\\/08\\\/dorfzerstoerung.jpg?fit=300%2C141&ssl=1\",\"width\":300,\"height\":141},{\"@type\":\"BreadcrumbList\",\"@id\":\"https:\\\/\\\/eschringen.de\\\/wordpress\\\/geschichte\\\/zeittafel\\\/verwuestung-des-dorfes-30jaehriger-krieg\\\/#breadcrumb\",\"itemListElement\":[{\"@type\":\"ListItem\",\"position\":1,\"name\":\"Startseite\",\"item\":\"https:\\\/\\\/eschringen.de\\\/wordpress\\\/\"},{\"@type\":\"ListItem\",\"position\":2,\"name\":\"Geschichte\",\"item\":\"https:\\\/\\\/eschringen.de\\\/wordpress\\\/geschichte\\\/\"},{\"@type\":\"ListItem\",\"position\":3,\"name\":\"Zeittafel\",\"item\":\"https:\\\/\\\/eschringen.de\\\/wordpress\\\/geschichte\\\/zeittafel\\\/\"},{\"@type\":\"ListItem\",\"position\":4,\"name\":\"Verw\u00fcstung des Dorfes (30j\u00e4hriger Krieg)\"}]},{\"@type\":\"WebSite\",\"@id\":\"https:\\\/\\\/eschringen.de\\\/wordpress\\\/#website\",\"url\":\"https:\\\/\\\/eschringen.de\\\/wordpress\\\/\",\"name\":\"Eschringen\",\"description\":\"\",\"publisher\":{\"@id\":\"https:\\\/\\\/eschringen.de\\\/wordpress\\\/#organization\"},\"potentialAction\":[{\"@type\":\"SearchAction\",\"target\":{\"@type\":\"EntryPoint\",\"urlTemplate\":\"https:\\\/\\\/eschringen.de\\\/wordpress\\\/?s={search_term_string}\"},\"query-input\":{\"@type\":\"PropertyValueSpecification\",\"valueRequired\":true,\"valueName\":\"search_term_string\"}}],\"inLanguage\":\"de\"},{\"@type\":\"Organization\",\"@id\":\"https:\\\/\\\/eschringen.de\\\/wordpress\\\/#organization\",\"name\":\"Eschringen\",\"url\":\"https:\\\/\\\/eschringen.de\\\/wordpress\\\/\",\"logo\":{\"@type\":\"ImageObject\",\"inLanguage\":\"de\",\"@id\":\"https:\\\/\\\/eschringen.de\\\/wordpress\\\/#\\\/schema\\\/logo\\\/image\\\/\",\"url\":\"https:\\\/\\\/eschringen.de\\\/wordpress\\\/wp-content\\\/uploads\\\/2017\\\/03\\\/2017_kw15.jpg\",\"contentUrl\":\"https:\\\/\\\/eschringen.de\\\/wordpress\\\/wp-content\\\/uploads\\\/2017\\\/03\\\/2017_kw15.jpg\",\"width\":784,\"height\":447,\"caption\":\"Eschringen\"},\"image\":{\"@id\":\"https:\\\/\\\/eschringen.de\\\/wordpress\\\/#\\\/schema\\\/logo\\\/image\\\/\"}}]}<\/script>\n<!-- \/ Yoast SEO plugin. -->","yoast_head_json":{"title":"Verw\u00fcstung des Dorfes (30j\u00e4hriger Krieg) - Eschringen","robots":{"index":"index","follow":"follow","max-snippet":"max-snippet:-1","max-image-preview":"max-image-preview:large","max-video-preview":"max-video-preview:-1"},"canonical":"https:\/\/eschringen.de\/wordpress\/geschichte\/zeittafel\/verwuestung-des-dorfes-30jaehriger-krieg\/","og_locale":"de_DE","og_type":"article","og_title":"Verw\u00fcstung des Dorfes (30j\u00e4hriger Krieg) - Eschringen","og_description":"Als der Drei\u00dfigj\u00e4hrige Krieg 1618 ausbrach (die erste Phase nennt man auch den &#8222;B\u00f6hmisch-pf\u00e4lzischen Krieg&#8220;), war unsere Gegend davon nicht oder kaum ber\u00fchrt. Erstmals im Jahre 1624 tauchten, auch in Eschringen, Soldaten auf, wovor sich die Bev\u00f6lkerung im Wald versteckte. Die Folgejahre blieben wohl friedlich, sie sind allerdings kaum dokumentiert. Daf\u00fcr erreichten im Sommer 1635 ... Weiterlesen ...","og_url":"https:\/\/eschringen.de\/wordpress\/geschichte\/zeittafel\/verwuestung-des-dorfes-30jaehriger-krieg\/","og_site_name":"Eschringen","article_modified_time":"2022-08-20T09:45:36+00:00","og_image":[{"url":"https:\/\/eschringen.de\/wordpress\/wp-content\/uploads\/2022\/08\/dorfzerstoerung.jpg","type":"","width":"","height":""}],"twitter_card":"summary_large_image","twitter_misc":{"Gesch\u00e4tzte Lesezeit":"3\u00a0Minuten"},"schema":{"@context":"https:\/\/schema.org","@graph":[{"@type":"WebPage","@id":"https:\/\/eschringen.de\/wordpress\/geschichte\/zeittafel\/verwuestung-des-dorfes-30jaehriger-krieg\/","url":"https:\/\/eschringen.de\/wordpress\/geschichte\/zeittafel\/verwuestung-des-dorfes-30jaehriger-krieg\/","name":"Verw\u00fcstung des Dorfes (30j\u00e4hriger Krieg) - Eschringen","isPartOf":{"@id":"https:\/\/eschringen.de\/wordpress\/#website"},"primaryImageOfPage":{"@id":"https:\/\/eschringen.de\/wordpress\/geschichte\/zeittafel\/verwuestung-des-dorfes-30jaehriger-krieg\/#primaryimage"},"image":{"@id":"https:\/\/eschringen.de\/wordpress\/geschichte\/zeittafel\/verwuestung-des-dorfes-30jaehriger-krieg\/#primaryimage"},"thumbnailUrl":"https:\/\/eschringen.de\/wordpress\/wp-content\/uploads\/2022\/08\/dorfzerstoerung.jpg","datePublished":"2017-02-12T16:36:53+00:00","dateModified":"2022-08-20T09:45:36+00:00","breadcrumb":{"@id":"https:\/\/eschringen.de\/wordpress\/geschichte\/zeittafel\/verwuestung-des-dorfes-30jaehriger-krieg\/#breadcrumb"},"inLanguage":"de","potentialAction":[{"@type":"ReadAction","target":["https:\/\/eschringen.de\/wordpress\/geschichte\/zeittafel\/verwuestung-des-dorfes-30jaehriger-krieg\/"]}]},{"@type":"ImageObject","inLanguage":"de","@id":"https:\/\/eschringen.de\/wordpress\/geschichte\/zeittafel\/verwuestung-des-dorfes-30jaehriger-krieg\/#primaryimage","url":"https:\/\/i0.wp.com\/eschringen.de\/wordpress\/wp-content\/uploads\/2022\/08\/dorfzerstoerung.jpg?fit=300%2C141&ssl=1","contentUrl":"https:\/\/i0.wp.com\/eschringen.de\/wordpress\/wp-content\/uploads\/2022\/08\/dorfzerstoerung.jpg?fit=300%2C141&ssl=1","width":300,"height":141},{"@type":"BreadcrumbList","@id":"https:\/\/eschringen.de\/wordpress\/geschichte\/zeittafel\/verwuestung-des-dorfes-30jaehriger-krieg\/#breadcrumb","itemListElement":[{"@type":"ListItem","position":1,"name":"Startseite","item":"https:\/\/eschringen.de\/wordpress\/"},{"@type":"ListItem","position":2,"name":"Geschichte","item":"https:\/\/eschringen.de\/wordpress\/geschichte\/"},{"@type":"ListItem","position":3,"name":"Zeittafel","item":"https:\/\/eschringen.de\/wordpress\/geschichte\/zeittafel\/"},{"@type":"ListItem","position":4,"name":"Verw\u00fcstung des Dorfes (30j\u00e4hriger Krieg)"}]},{"@type":"WebSite","@id":"https:\/\/eschringen.de\/wordpress\/#website","url":"https:\/\/eschringen.de\/wordpress\/","name":"Eschringen","description":"","publisher":{"@id":"https:\/\/eschringen.de\/wordpress\/#organization"},"potentialAction":[{"@type":"SearchAction","target":{"@type":"EntryPoint","urlTemplate":"https:\/\/eschringen.de\/wordpress\/?s={search_term_string}"},"query-input":{"@type":"PropertyValueSpecification","valueRequired":true,"valueName":"search_term_string"}}],"inLanguage":"de"},{"@type":"Organization","@id":"https:\/\/eschringen.de\/wordpress\/#organization","name":"Eschringen","url":"https:\/\/eschringen.de\/wordpress\/","logo":{"@type":"ImageObject","inLanguage":"de","@id":"https:\/\/eschringen.de\/wordpress\/#\/schema\/logo\/image\/","url":"https:\/\/eschringen.de\/wordpress\/wp-content\/uploads\/2017\/03\/2017_kw15.jpg","contentUrl":"https:\/\/eschringen.de\/wordpress\/wp-content\/uploads\/2017\/03\/2017_kw15.jpg","width":784,"height":447,"caption":"Eschringen"},"image":{"@id":"https:\/\/eschringen.de\/wordpress\/#\/schema\/logo\/image\/"}}]}},"jetpack_sharing_enabled":true,"_links":{"self":[{"href":"https:\/\/eschringen.de\/wordpress\/wp-json\/wp\/v2\/pages\/658","targetHints":{"allow":["GET"]}}],"collection":[{"href":"https:\/\/eschringen.de\/wordpress\/wp-json\/wp\/v2\/pages"}],"about":[{"href":"https:\/\/eschringen.de\/wordpress\/wp-json\/wp\/v2\/types\/page"}],"author":[{"embeddable":true,"href":"https:\/\/eschringen.de\/wordpress\/wp-json\/wp\/v2\/users\/1"}],"replies":[{"embeddable":true,"href":"https:\/\/eschringen.de\/wordpress\/wp-json\/wp\/v2\/comments?post=658"}],"version-history":[{"count":2,"href":"https:\/\/eschringen.de\/wordpress\/wp-json\/wp\/v2\/pages\/658\/revisions"}],"predecessor-version":[{"id":3767,"href":"https:\/\/eschringen.de\/wordpress\/wp-json\/wp\/v2\/pages\/658\/revisions\/3767"}],"up":[{"embeddable":true,"href":"https:\/\/eschringen.de\/wordpress\/wp-json\/wp\/v2\/pages\/399"}],"wp:attachment":[{"href":"https:\/\/eschringen.de\/wordpress\/wp-json\/wp\/v2\/media?parent=658"}],"curies":[{"name":"wp","href":"https:\/\/api.w.org\/{rel}","templated":true}]}}