{"id":656,"date":"2017-02-12T17:33:29","date_gmt":"2017-02-12T16:33:29","guid":{"rendered":"http:\/\/eschringen.de\/wordpress\/?page_id=656"},"modified":"2022-08-20T11:44:45","modified_gmt":"2022-08-20T09:44:45","slug":"aelteste-bekannte-karthographische-darstellung-eschringens","status":"publish","type":"page","link":"https:\/\/eschringen.de\/wordpress\/geschichte\/zeittafel\/aelteste-bekannte-karthographische-darstellung-eschringens\/","title":{"rendered":"\u00c4lteste bekannte karthographische Darstellung Eschringens"},"content":{"rendered":"<div class=\"wp-block-image\">\n<figure class=\"aligncenter size-full\"><img data-recalc-dims=\"1\" loading=\"lazy\" decoding=\"async\" width=\"520\" height=\"333\" src=\"https:\/\/i0.wp.com\/eschringen.de\/wordpress\/wp-content\/uploads\/2022\/08\/eschtile.jpg?resize=520%2C333&#038;ssl=1\" alt=\"\" class=\"wp-image-3764\" srcset=\"https:\/\/i0.wp.com\/eschringen.de\/wordpress\/wp-content\/uploads\/2022\/08\/eschtile.jpg?w=520&amp;ssl=1 520w, https:\/\/i0.wp.com\/eschringen.de\/wordpress\/wp-content\/uploads\/2022\/08\/eschtile.jpg?resize=300%2C192&amp;ssl=1 300w\" sizes=\"auto, (max-width: 520px) 100vw, 520px\" \/><\/figure>\n<\/div>\n\n\n<p>Im Jahre 1564 fertigte der Kartograf Tilemann Stella eine sog. &#8222;Landesaufnahme der \u00c4mter Zweibr\u00fccken und Kirkel des Herzogtums Pfalz-Zweibr\u00fccken&#8220;, die aus 16 Bl\u00e4ttern besteht. Da Eschringen nicht zu dieser Herrschaft geh\u00f6rte, nahm es Stella nicht so genau mit der bildlichen Darstellung der au\u00dferhalb der Landesgrenze gelegenen D\u00f6rfer. Auch die Schreibweise Eschringens ohne &#8222;r&#8220; ist wohl daf\u00fcr typisch. Gleichwohl handelt es sich um eine insgesamt sehr ansprechende Kartierung, wobei auf Blatt 13 eben Esch(r)ingen und Ensheim durch eine Legende in dekoriertem Rahmen getrennt sind. Bez\u00fcglich unseres Dorfes in jener Zeit erkennt immerhin den Saarbach (oder Eschringer Bach) und den Puhschbach (bzw. Ponsbach). Das Kirchlein verlegt Stella allerdings auf die falsche Bachseite.<br>Der Ma\u00dfstab des Kartenwerkes betr\u00e4gt \u00fcbrigens 1:25.000<\/p>\n\n\n\n<p><a href=\"http:\/\/eschringen.de\/wordpress\/geschichte\/zeittafel\/\">Zur\u00fcck zur Zeittafel<\/a><\/p>\n","protected":false},"excerpt":{"rendered":"<p>Im Jahre 1564 fertigte der Kartograf Tilemann Stella eine sog. &#8222;Landesaufnahme der \u00c4mter Zweibr\u00fccken und Kirkel des Herzogtums Pfalz-Zweibr\u00fccken&#8220;, die aus 16 Bl\u00e4ttern besteht. Da Eschringen nicht zu dieser Herrschaft geh\u00f6rte, nahm es Stella nicht so genau mit der bildlichen Darstellung der au\u00dferhalb der Landesgrenze gelegenen D\u00f6rfer. Auch die Schreibweise Eschringens ohne &#8222;r&#8220; ist wohl &#8230; <a title=\"\u00c4lteste bekannte karthographische Darstellung Eschringens\" class=\"read-more\" href=\"https:\/\/eschringen.de\/wordpress\/geschichte\/zeittafel\/aelteste-bekannte-karthographische-darstellung-eschringens\/\" aria-label=\"Mehr Informationen \u00fcber \u00c4lteste bekannte karthographische Darstellung Eschringens\">Weiterlesen &#8230;<\/a><\/p>\n","protected":false},"author":1,"featured_media":0,"parent":399,"menu_order":5,"comment_status":"closed","ping_status":"closed","template":"","meta":{"ngg_post_thumbnail":0,"footnotes":""},"class_list":["post-656","page","type-page","status-publish"],"yoast_head":"<!-- This site is optimized with the Yoast SEO plugin v27.3 - https:\/\/yoast.com\/product\/yoast-seo-wordpress\/ -->\n<title>\u00c4lteste bekannte karthographische Darstellung Eschringens - Eschringen<\/title>\n<meta name=\"robots\" content=\"index, follow, max-snippet:-1, max-image-preview:large, max-video-preview:-1\" \/>\n<link rel=\"canonical\" href=\"https:\/\/eschringen.de\/wordpress\/geschichte\/zeittafel\/aelteste-bekannte-karthographische-darstellung-eschringens\/\" \/>\n<meta property=\"og:locale\" content=\"de_DE\" \/>\n<meta property=\"og:type\" content=\"article\" \/>\n<meta property=\"og:title\" content=\"\u00c4lteste bekannte karthographische Darstellung Eschringens - Eschringen\" \/>\n<meta property=\"og:description\" content=\"Im Jahre 1564 fertigte der Kartograf Tilemann Stella eine sog. &#8222;Landesaufnahme der \u00c4mter Zweibr\u00fccken und Kirkel des Herzogtums Pfalz-Zweibr\u00fccken&#8220;, die aus 16 Bl\u00e4ttern besteht. Da Eschringen nicht zu dieser Herrschaft geh\u00f6rte, nahm es Stella nicht so genau mit der bildlichen Darstellung der au\u00dferhalb der Landesgrenze gelegenen D\u00f6rfer. Auch die Schreibweise Eschringens ohne &#8222;r&#8220; ist wohl ... Weiterlesen ...\" \/>\n<meta property=\"og:url\" content=\"https:\/\/eschringen.de\/wordpress\/geschichte\/zeittafel\/aelteste-bekannte-karthographische-darstellung-eschringens\/\" \/>\n<meta property=\"og:site_name\" content=\"Eschringen\" \/>\n<meta property=\"article:modified_time\" content=\"2022-08-20T09:44:45+00:00\" \/>\n<meta property=\"og:image\" content=\"https:\/\/eschringen.de\/wordpress\/wp-content\/uploads\/2022\/08\/eschtile.jpg\" \/>\n<meta name=\"twitter:card\" content=\"summary_large_image\" \/>\n<meta name=\"twitter:label1\" content=\"Gesch\u00e4tzte Lesezeit\" \/>\n\t<meta name=\"twitter:data1\" content=\"1\u00a0Minute\" \/>\n<script type=\"application\/ld+json\" class=\"yoast-schema-graph\">{\"@context\":\"https:\\\/\\\/schema.org\",\"@graph\":[{\"@type\":\"WebPage\",\"@id\":\"https:\\\/\\\/eschringen.de\\\/wordpress\\\/geschichte\\\/zeittafel\\\/aelteste-bekannte-karthographische-darstellung-eschringens\\\/\",\"url\":\"https:\\\/\\\/eschringen.de\\\/wordpress\\\/geschichte\\\/zeittafel\\\/aelteste-bekannte-karthographische-darstellung-eschringens\\\/\",\"name\":\"\u00c4lteste bekannte karthographische Darstellung Eschringens - Eschringen\",\"isPartOf\":{\"@id\":\"https:\\\/\\\/eschringen.de\\\/wordpress\\\/#website\"},\"primaryImageOfPage\":{\"@id\":\"https:\\\/\\\/eschringen.de\\\/wordpress\\\/geschichte\\\/zeittafel\\\/aelteste-bekannte-karthographische-darstellung-eschringens\\\/#primaryimage\"},\"image\":{\"@id\":\"https:\\\/\\\/eschringen.de\\\/wordpress\\\/geschichte\\\/zeittafel\\\/aelteste-bekannte-karthographische-darstellung-eschringens\\\/#primaryimage\"},\"thumbnailUrl\":\"https:\\\/\\\/eschringen.de\\\/wordpress\\\/wp-content\\\/uploads\\\/2022\\\/08\\\/eschtile.jpg\",\"datePublished\":\"2017-02-12T16:33:29+00:00\",\"dateModified\":\"2022-08-20T09:44:45+00:00\",\"breadcrumb\":{\"@id\":\"https:\\\/\\\/eschringen.de\\\/wordpress\\\/geschichte\\\/zeittafel\\\/aelteste-bekannte-karthographische-darstellung-eschringens\\\/#breadcrumb\"},\"inLanguage\":\"de\",\"potentialAction\":[{\"@type\":\"ReadAction\",\"target\":[\"https:\\\/\\\/eschringen.de\\\/wordpress\\\/geschichte\\\/zeittafel\\\/aelteste-bekannte-karthographische-darstellung-eschringens\\\/\"]}]},{\"@type\":\"ImageObject\",\"inLanguage\":\"de\",\"@id\":\"https:\\\/\\\/eschringen.de\\\/wordpress\\\/geschichte\\\/zeittafel\\\/aelteste-bekannte-karthographische-darstellung-eschringens\\\/#primaryimage\",\"url\":\"https:\\\/\\\/i0.wp.com\\\/eschringen.de\\\/wordpress\\\/wp-content\\\/uploads\\\/2022\\\/08\\\/eschtile.jpg?fit=520%2C333&ssl=1\",\"contentUrl\":\"https:\\\/\\\/i0.wp.com\\\/eschringen.de\\\/wordpress\\\/wp-content\\\/uploads\\\/2022\\\/08\\\/eschtile.jpg?fit=520%2C333&ssl=1\",\"width\":520,\"height\":333},{\"@type\":\"BreadcrumbList\",\"@id\":\"https:\\\/\\\/eschringen.de\\\/wordpress\\\/geschichte\\\/zeittafel\\\/aelteste-bekannte-karthographische-darstellung-eschringens\\\/#breadcrumb\",\"itemListElement\":[{\"@type\":\"ListItem\",\"position\":1,\"name\":\"Startseite\",\"item\":\"https:\\\/\\\/eschringen.de\\\/wordpress\\\/\"},{\"@type\":\"ListItem\",\"position\":2,\"name\":\"Geschichte\",\"item\":\"https:\\\/\\\/eschringen.de\\\/wordpress\\\/geschichte\\\/\"},{\"@type\":\"ListItem\",\"position\":3,\"name\":\"Zeittafel\",\"item\":\"https:\\\/\\\/eschringen.de\\\/wordpress\\\/geschichte\\\/zeittafel\\\/\"},{\"@type\":\"ListItem\",\"position\":4,\"name\":\"\u00c4lteste bekannte karthographische Darstellung Eschringens\"}]},{\"@type\":\"WebSite\",\"@id\":\"https:\\\/\\\/eschringen.de\\\/wordpress\\\/#website\",\"url\":\"https:\\\/\\\/eschringen.de\\\/wordpress\\\/\",\"name\":\"Eschringen\",\"description\":\"\",\"publisher\":{\"@id\":\"https:\\\/\\\/eschringen.de\\\/wordpress\\\/#organization\"},\"potentialAction\":[{\"@type\":\"SearchAction\",\"target\":{\"@type\":\"EntryPoint\",\"urlTemplate\":\"https:\\\/\\\/eschringen.de\\\/wordpress\\\/?s={search_term_string}\"},\"query-input\":{\"@type\":\"PropertyValueSpecification\",\"valueRequired\":true,\"valueName\":\"search_term_string\"}}],\"inLanguage\":\"de\"},{\"@type\":\"Organization\",\"@id\":\"https:\\\/\\\/eschringen.de\\\/wordpress\\\/#organization\",\"name\":\"Eschringen\",\"url\":\"https:\\\/\\\/eschringen.de\\\/wordpress\\\/\",\"logo\":{\"@type\":\"ImageObject\",\"inLanguage\":\"de\",\"@id\":\"https:\\\/\\\/eschringen.de\\\/wordpress\\\/#\\\/schema\\\/logo\\\/image\\\/\",\"url\":\"https:\\\/\\\/eschringen.de\\\/wordpress\\\/wp-content\\\/uploads\\\/2017\\\/03\\\/2017_kw15.jpg\",\"contentUrl\":\"https:\\\/\\\/eschringen.de\\\/wordpress\\\/wp-content\\\/uploads\\\/2017\\\/03\\\/2017_kw15.jpg\",\"width\":784,\"height\":447,\"caption\":\"Eschringen\"},\"image\":{\"@id\":\"https:\\\/\\\/eschringen.de\\\/wordpress\\\/#\\\/schema\\\/logo\\\/image\\\/\"}}]}<\/script>\n<!-- \/ Yoast SEO plugin. -->","yoast_head_json":{"title":"\u00c4lteste bekannte karthographische Darstellung Eschringens - Eschringen","robots":{"index":"index","follow":"follow","max-snippet":"max-snippet:-1","max-image-preview":"max-image-preview:large","max-video-preview":"max-video-preview:-1"},"canonical":"https:\/\/eschringen.de\/wordpress\/geschichte\/zeittafel\/aelteste-bekannte-karthographische-darstellung-eschringens\/","og_locale":"de_DE","og_type":"article","og_title":"\u00c4lteste bekannte karthographische Darstellung Eschringens - Eschringen","og_description":"Im Jahre 1564 fertigte der Kartograf Tilemann Stella eine sog. &#8222;Landesaufnahme der \u00c4mter Zweibr\u00fccken und Kirkel des Herzogtums Pfalz-Zweibr\u00fccken&#8220;, die aus 16 Bl\u00e4ttern besteht. Da Eschringen nicht zu dieser Herrschaft geh\u00f6rte, nahm es Stella nicht so genau mit der bildlichen Darstellung der au\u00dferhalb der Landesgrenze gelegenen D\u00f6rfer. Auch die Schreibweise Eschringens ohne &#8222;r&#8220; ist wohl ... Weiterlesen ...","og_url":"https:\/\/eschringen.de\/wordpress\/geschichte\/zeittafel\/aelteste-bekannte-karthographische-darstellung-eschringens\/","og_site_name":"Eschringen","article_modified_time":"2022-08-20T09:44:45+00:00","og_image":[{"url":"https:\/\/eschringen.de\/wordpress\/wp-content\/uploads\/2022\/08\/eschtile.jpg","type":"","width":"","height":""}],"twitter_card":"summary_large_image","twitter_misc":{"Gesch\u00e4tzte Lesezeit":"1\u00a0Minute"},"schema":{"@context":"https:\/\/schema.org","@graph":[{"@type":"WebPage","@id":"https:\/\/eschringen.de\/wordpress\/geschichte\/zeittafel\/aelteste-bekannte-karthographische-darstellung-eschringens\/","url":"https:\/\/eschringen.de\/wordpress\/geschichte\/zeittafel\/aelteste-bekannte-karthographische-darstellung-eschringens\/","name":"\u00c4lteste bekannte karthographische Darstellung Eschringens - Eschringen","isPartOf":{"@id":"https:\/\/eschringen.de\/wordpress\/#website"},"primaryImageOfPage":{"@id":"https:\/\/eschringen.de\/wordpress\/geschichte\/zeittafel\/aelteste-bekannte-karthographische-darstellung-eschringens\/#primaryimage"},"image":{"@id":"https:\/\/eschringen.de\/wordpress\/geschichte\/zeittafel\/aelteste-bekannte-karthographische-darstellung-eschringens\/#primaryimage"},"thumbnailUrl":"https:\/\/eschringen.de\/wordpress\/wp-content\/uploads\/2022\/08\/eschtile.jpg","datePublished":"2017-02-12T16:33:29+00:00","dateModified":"2022-08-20T09:44:45+00:00","breadcrumb":{"@id":"https:\/\/eschringen.de\/wordpress\/geschichte\/zeittafel\/aelteste-bekannte-karthographische-darstellung-eschringens\/#breadcrumb"},"inLanguage":"de","potentialAction":[{"@type":"ReadAction","target":["https:\/\/eschringen.de\/wordpress\/geschichte\/zeittafel\/aelteste-bekannte-karthographische-darstellung-eschringens\/"]}]},{"@type":"ImageObject","inLanguage":"de","@id":"https:\/\/eschringen.de\/wordpress\/geschichte\/zeittafel\/aelteste-bekannte-karthographische-darstellung-eschringens\/#primaryimage","url":"https:\/\/i0.wp.com\/eschringen.de\/wordpress\/wp-content\/uploads\/2022\/08\/eschtile.jpg?fit=520%2C333&ssl=1","contentUrl":"https:\/\/i0.wp.com\/eschringen.de\/wordpress\/wp-content\/uploads\/2022\/08\/eschtile.jpg?fit=520%2C333&ssl=1","width":520,"height":333},{"@type":"BreadcrumbList","@id":"https:\/\/eschringen.de\/wordpress\/geschichte\/zeittafel\/aelteste-bekannte-karthographische-darstellung-eschringens\/#breadcrumb","itemListElement":[{"@type":"ListItem","position":1,"name":"Startseite","item":"https:\/\/eschringen.de\/wordpress\/"},{"@type":"ListItem","position":2,"name":"Geschichte","item":"https:\/\/eschringen.de\/wordpress\/geschichte\/"},{"@type":"ListItem","position":3,"name":"Zeittafel","item":"https:\/\/eschringen.de\/wordpress\/geschichte\/zeittafel\/"},{"@type":"ListItem","position":4,"name":"\u00c4lteste bekannte karthographische Darstellung Eschringens"}]},{"@type":"WebSite","@id":"https:\/\/eschringen.de\/wordpress\/#website","url":"https:\/\/eschringen.de\/wordpress\/","name":"Eschringen","description":"","publisher":{"@id":"https:\/\/eschringen.de\/wordpress\/#organization"},"potentialAction":[{"@type":"SearchAction","target":{"@type":"EntryPoint","urlTemplate":"https:\/\/eschringen.de\/wordpress\/?s={search_term_string}"},"query-input":{"@type":"PropertyValueSpecification","valueRequired":true,"valueName":"search_term_string"}}],"inLanguage":"de"},{"@type":"Organization","@id":"https:\/\/eschringen.de\/wordpress\/#organization","name":"Eschringen","url":"https:\/\/eschringen.de\/wordpress\/","logo":{"@type":"ImageObject","inLanguage":"de","@id":"https:\/\/eschringen.de\/wordpress\/#\/schema\/logo\/image\/","url":"https:\/\/eschringen.de\/wordpress\/wp-content\/uploads\/2017\/03\/2017_kw15.jpg","contentUrl":"https:\/\/eschringen.de\/wordpress\/wp-content\/uploads\/2017\/03\/2017_kw15.jpg","width":784,"height":447,"caption":"Eschringen"},"image":{"@id":"https:\/\/eschringen.de\/wordpress\/#\/schema\/logo\/image\/"}}]}},"jetpack_sharing_enabled":true,"_links":{"self":[{"href":"https:\/\/eschringen.de\/wordpress\/wp-json\/wp\/v2\/pages\/656","targetHints":{"allow":["GET"]}}],"collection":[{"href":"https:\/\/eschringen.de\/wordpress\/wp-json\/wp\/v2\/pages"}],"about":[{"href":"https:\/\/eschringen.de\/wordpress\/wp-json\/wp\/v2\/types\/page"}],"author":[{"embeddable":true,"href":"https:\/\/eschringen.de\/wordpress\/wp-json\/wp\/v2\/users\/1"}],"replies":[{"embeddable":true,"href":"https:\/\/eschringen.de\/wordpress\/wp-json\/wp\/v2\/comments?post=656"}],"version-history":[{"count":2,"href":"https:\/\/eschringen.de\/wordpress\/wp-json\/wp\/v2\/pages\/656\/revisions"}],"predecessor-version":[{"id":3765,"href":"https:\/\/eschringen.de\/wordpress\/wp-json\/wp\/v2\/pages\/656\/revisions\/3765"}],"up":[{"embeddable":true,"href":"https:\/\/eschringen.de\/wordpress\/wp-json\/wp\/v2\/pages\/399"}],"wp:attachment":[{"href":"https:\/\/eschringen.de\/wordpress\/wp-json\/wp\/v2\/media?parent=656"}],"curies":[{"name":"wp","href":"https:\/\/api.w.org\/{rel}","templated":true}]}}