{"id":653,"date":"2017-02-12T16:36:59","date_gmt":"2017-02-12T15:36:59","guid":{"rendered":"http:\/\/eschringen.de\/wordpress\/?page_id=653"},"modified":"2022-08-20T11:42:22","modified_gmt":"2022-08-20T09:42:22","slug":"teilnahme-von-eschringern-im-bauernkrieg","status":"publish","type":"page","link":"https:\/\/eschringen.de\/wordpress\/geschichte\/zeittafel\/teilnahme-von-eschringern-im-bauernkrieg\/","title":{"rendered":"Teilnahme von Eschringern im Bauernkrieg"},"content":{"rendered":"\n<h5 class=\"wp-block-heading\">Selbst beim allgemeinen Aufstand Vertrauen gegen\u00fcber der geistlichen Herrschaft<br>von Heinrich Moog<\/h5>\n\n\n<div class=\"wp-block-image\">\n<figure class=\"alignright size-full\"><img data-recalc-dims=\"1\" loading=\"lazy\" decoding=\"async\" width=\"255\" height=\"325\" src=\"https:\/\/i0.wp.com\/eschringen.de\/wordpress\/wp-content\/uploads\/2022\/08\/zabern.jpg?resize=255%2C325&#038;ssl=1\" alt=\"\" class=\"wp-image-3762\" srcset=\"https:\/\/i0.wp.com\/eschringen.de\/wordpress\/wp-content\/uploads\/2022\/08\/zabern.jpg?w=255&amp;ssl=1 255w, https:\/\/i0.wp.com\/eschringen.de\/wordpress\/wp-content\/uploads\/2022\/08\/zabern.jpg?resize=235%2C300&amp;ssl=1 235w\" sizes=\"auto, (max-width: 255px) 100vw, 255px\" \/><\/figure>\n<\/div>\n\n\n<p> Zur Zeit des Bauernkrieges geh\u00f6rte die Vierherrenmeierei Eschringen der Deutschordenskommende zu Saarbr\u00fccken, Friedrich v. Hagen, Johann von Lewenstein und dem Wilhelmitenkloster Gr\u00e4finthal. Es waren drei Viertel des Dorfes. das restliche Viertel befand sich im Besitz der Pr\u00e4monstrantenserabtei Wadgassen, die ihre Eschringer Untertanen zur Meierei Ensheim z\u00e4hlte und die G\u00fcter, &#8222;auf denen sie sa\u00dfen&#8220;, als &#8222;Vogtei Eschringen&#8220; von Ensheim aus verwaltete.<\/p>\n\n\n\n<p>Obwohl sich Eschringer Bauern auf Dr\u00e4ngen benachbarter D\u00f6rfer hin und aus Solidarit\u00e4t dem &#8222;Herbitzheimer Haufen&#8220; an der oberen Saar zugesellten und mit diesen nach Zabern ins Elsass zogen, um dem Bauernf\u00fchrer Erasmus Gerber zu Hilfe zu eilen, richtete sich ihre Mitwirkung am Aufstand nicht gegen die eigene geistliche Herrschaft. Vielmehr verband sie mit der Deutschordenskommende, die bei der Eschringer Verwaltung die Federf\u00fchrung und bei Gericht den ersten Sitz innehatte, ein vertrauensvolles Verh\u00e4ltnis, wie dem Vernehmungsprotokoll des lothringischen Vogtes von Homburg-St. Avold, Johann v. Helmstadt, zu entnehmen ist. Eschringen betreffend hei\u00dft es:<\/p>\n\n\n\n<blockquote class=\"wp-block-quote is-layout-flow wp-block-quote-is-layout-flow\"><p>&#8222;Hanns der Meier gab an, der Meier des Erzbischofs von Trier zu Ommersheim sei zu ihnen gekommen und habe ihnen Botschaft von den Bauern zu Herbitzheim gebracht. Diese seien unzufrieden, weil die Eschringer nicht gekommen seien. Und weil die Nachbarn schon abgereist waren, wussten sie nicht, was sie tun sollten.<\/p><p>Deshalb gingen sie zu ihrem Herrn, dem Deutschordenskomtur, ihn um Rat zu bitten, was sie tun sollten.<br>Dieser sagte ihnen, sie sollten es so wie ihre Nachbarn machen.<\/p><p>Daher seien sie nach Herbitzheim und von dort nach Zabern gezogen. Hanns Rollebach und Heinrich Nickel kehrten schon von Herbitzheim zur\u00fcck, des letzteren Vater, der mit ihm gegangen war, ist dort geblieben (umgekommen).<\/p><p>Lutten Hans, Clesgin Nickel und der Schuster Barnart waren in Zabern und kehrten dann zur\u00fcck, w\u00e4hrend der junge Stier Nickel, Briden Hanns, Wurtz Hanns, der Schmidt Clesgin, Kueffers Hans, Elschen Hans und Heinrich dort geblieben (gefallen) sind.&#8220;<\/p><\/blockquote>\n\n\n\n<h6 class=\"wp-block-heading\">Quelle: Kurt Hoppst\u00e4dter, Vom Faustkeil zum F\u00f6rdertum 1978, S. 330<\/h6>\n\n\n\n<p><a href=\"http:\/\/eschringen.de\/wordpress\/geschichte\/zeittafel\/\">Zur\u00fcck zur Zeittafel<\/a><\/p>\n","protected":false},"excerpt":{"rendered":"<p>Selbst beim allgemeinen Aufstand Vertrauen gegen\u00fcber der geistlichen Herrschaftvon Heinrich Moog Zur Zeit des Bauernkrieges geh\u00f6rte die Vierherrenmeierei Eschringen der Deutschordenskommende zu Saarbr\u00fccken, Friedrich v. Hagen, Johann von Lewenstein und dem Wilhelmitenkloster Gr\u00e4finthal. Es waren drei Viertel des Dorfes. das restliche Viertel befand sich im Besitz der Pr\u00e4monstrantenserabtei Wadgassen, die ihre Eschringer Untertanen zur Meierei &#8230; <a title=\"Teilnahme von Eschringern im Bauernkrieg\" class=\"read-more\" href=\"https:\/\/eschringen.de\/wordpress\/geschichte\/zeittafel\/teilnahme-von-eschringern-im-bauernkrieg\/\" aria-label=\"Mehr Informationen \u00fcber Teilnahme von Eschringern im Bauernkrieg\">Weiterlesen &#8230;<\/a><\/p>\n","protected":false},"author":1,"featured_media":0,"parent":399,"menu_order":4,"comment_status":"closed","ping_status":"closed","template":"","meta":{"ngg_post_thumbnail":0,"footnotes":""},"class_list":["post-653","page","type-page","status-publish"],"yoast_head":"<!-- This site is optimized with the Yoast SEO plugin v27.3 - https:\/\/yoast.com\/product\/yoast-seo-wordpress\/ -->\n<title>Teilnahme von Eschringern im Bauernkrieg - Eschringen<\/title>\n<meta name=\"robots\" content=\"index, follow, max-snippet:-1, max-image-preview:large, max-video-preview:-1\" \/>\n<link rel=\"canonical\" href=\"https:\/\/eschringen.de\/wordpress\/geschichte\/zeittafel\/teilnahme-von-eschringern-im-bauernkrieg\/\" \/>\n<meta property=\"og:locale\" content=\"de_DE\" \/>\n<meta property=\"og:type\" content=\"article\" \/>\n<meta property=\"og:title\" content=\"Teilnahme von Eschringern im Bauernkrieg - Eschringen\" \/>\n<meta property=\"og:description\" content=\"Selbst beim allgemeinen Aufstand Vertrauen gegen\u00fcber der geistlichen Herrschaftvon Heinrich Moog Zur Zeit des Bauernkrieges geh\u00f6rte die Vierherrenmeierei Eschringen der Deutschordenskommende zu Saarbr\u00fccken, Friedrich v. Hagen, Johann von Lewenstein und dem Wilhelmitenkloster Gr\u00e4finthal. Es waren drei Viertel des Dorfes. das restliche Viertel befand sich im Besitz der Pr\u00e4monstrantenserabtei Wadgassen, die ihre Eschringer Untertanen zur Meierei ... Weiterlesen ...\" \/>\n<meta property=\"og:url\" content=\"https:\/\/eschringen.de\/wordpress\/geschichte\/zeittafel\/teilnahme-von-eschringern-im-bauernkrieg\/\" \/>\n<meta property=\"og:site_name\" content=\"Eschringen\" \/>\n<meta property=\"article:modified_time\" content=\"2022-08-20T09:42:22+00:00\" \/>\n<meta property=\"og:image\" content=\"https:\/\/eschringen.de\/wordpress\/wp-content\/uploads\/2022\/08\/zabern.jpg\" \/>\n<meta name=\"twitter:card\" content=\"summary_large_image\" \/>\n<meta name=\"twitter:label1\" content=\"Gesch\u00e4tzte Lesezeit\" \/>\n\t<meta name=\"twitter:data1\" content=\"3\u00a0Minuten\" \/>\n<script type=\"application\/ld+json\" class=\"yoast-schema-graph\">{\"@context\":\"https:\\\/\\\/schema.org\",\"@graph\":[{\"@type\":\"WebPage\",\"@id\":\"https:\\\/\\\/eschringen.de\\\/wordpress\\\/geschichte\\\/zeittafel\\\/teilnahme-von-eschringern-im-bauernkrieg\\\/\",\"url\":\"https:\\\/\\\/eschringen.de\\\/wordpress\\\/geschichte\\\/zeittafel\\\/teilnahme-von-eschringern-im-bauernkrieg\\\/\",\"name\":\"Teilnahme von Eschringern im Bauernkrieg - Eschringen\",\"isPartOf\":{\"@id\":\"https:\\\/\\\/eschringen.de\\\/wordpress\\\/#website\"},\"primaryImageOfPage\":{\"@id\":\"https:\\\/\\\/eschringen.de\\\/wordpress\\\/geschichte\\\/zeittafel\\\/teilnahme-von-eschringern-im-bauernkrieg\\\/#primaryimage\"},\"image\":{\"@id\":\"https:\\\/\\\/eschringen.de\\\/wordpress\\\/geschichte\\\/zeittafel\\\/teilnahme-von-eschringern-im-bauernkrieg\\\/#primaryimage\"},\"thumbnailUrl\":\"https:\\\/\\\/eschringen.de\\\/wordpress\\\/wp-content\\\/uploads\\\/2022\\\/08\\\/zabern.jpg\",\"datePublished\":\"2017-02-12T15:36:59+00:00\",\"dateModified\":\"2022-08-20T09:42:22+00:00\",\"breadcrumb\":{\"@id\":\"https:\\\/\\\/eschringen.de\\\/wordpress\\\/geschichte\\\/zeittafel\\\/teilnahme-von-eschringern-im-bauernkrieg\\\/#breadcrumb\"},\"inLanguage\":\"de\",\"potentialAction\":[{\"@type\":\"ReadAction\",\"target\":[\"https:\\\/\\\/eschringen.de\\\/wordpress\\\/geschichte\\\/zeittafel\\\/teilnahme-von-eschringern-im-bauernkrieg\\\/\"]}]},{\"@type\":\"ImageObject\",\"inLanguage\":\"de\",\"@id\":\"https:\\\/\\\/eschringen.de\\\/wordpress\\\/geschichte\\\/zeittafel\\\/teilnahme-von-eschringern-im-bauernkrieg\\\/#primaryimage\",\"url\":\"https:\\\/\\\/i0.wp.com\\\/eschringen.de\\\/wordpress\\\/wp-content\\\/uploads\\\/2022\\\/08\\\/zabern.jpg?fit=255%2C325&ssl=1\",\"contentUrl\":\"https:\\\/\\\/i0.wp.com\\\/eschringen.de\\\/wordpress\\\/wp-content\\\/uploads\\\/2022\\\/08\\\/zabern.jpg?fit=255%2C325&ssl=1\",\"width\":255,\"height\":325},{\"@type\":\"BreadcrumbList\",\"@id\":\"https:\\\/\\\/eschringen.de\\\/wordpress\\\/geschichte\\\/zeittafel\\\/teilnahme-von-eschringern-im-bauernkrieg\\\/#breadcrumb\",\"itemListElement\":[{\"@type\":\"ListItem\",\"position\":1,\"name\":\"Startseite\",\"item\":\"https:\\\/\\\/eschringen.de\\\/wordpress\\\/\"},{\"@type\":\"ListItem\",\"position\":2,\"name\":\"Geschichte\",\"item\":\"https:\\\/\\\/eschringen.de\\\/wordpress\\\/geschichte\\\/\"},{\"@type\":\"ListItem\",\"position\":3,\"name\":\"Zeittafel\",\"item\":\"https:\\\/\\\/eschringen.de\\\/wordpress\\\/geschichte\\\/zeittafel\\\/\"},{\"@type\":\"ListItem\",\"position\":4,\"name\":\"Teilnahme von Eschringern im Bauernkrieg\"}]},{\"@type\":\"WebSite\",\"@id\":\"https:\\\/\\\/eschringen.de\\\/wordpress\\\/#website\",\"url\":\"https:\\\/\\\/eschringen.de\\\/wordpress\\\/\",\"name\":\"Eschringen\",\"description\":\"\",\"publisher\":{\"@id\":\"https:\\\/\\\/eschringen.de\\\/wordpress\\\/#organization\"},\"potentialAction\":[{\"@type\":\"SearchAction\",\"target\":{\"@type\":\"EntryPoint\",\"urlTemplate\":\"https:\\\/\\\/eschringen.de\\\/wordpress\\\/?s={search_term_string}\"},\"query-input\":{\"@type\":\"PropertyValueSpecification\",\"valueRequired\":true,\"valueName\":\"search_term_string\"}}],\"inLanguage\":\"de\"},{\"@type\":\"Organization\",\"@id\":\"https:\\\/\\\/eschringen.de\\\/wordpress\\\/#organization\",\"name\":\"Eschringen\",\"url\":\"https:\\\/\\\/eschringen.de\\\/wordpress\\\/\",\"logo\":{\"@type\":\"ImageObject\",\"inLanguage\":\"de\",\"@id\":\"https:\\\/\\\/eschringen.de\\\/wordpress\\\/#\\\/schema\\\/logo\\\/image\\\/\",\"url\":\"https:\\\/\\\/eschringen.de\\\/wordpress\\\/wp-content\\\/uploads\\\/2017\\\/03\\\/2017_kw15.jpg\",\"contentUrl\":\"https:\\\/\\\/eschringen.de\\\/wordpress\\\/wp-content\\\/uploads\\\/2017\\\/03\\\/2017_kw15.jpg\",\"width\":784,\"height\":447,\"caption\":\"Eschringen\"},\"image\":{\"@id\":\"https:\\\/\\\/eschringen.de\\\/wordpress\\\/#\\\/schema\\\/logo\\\/image\\\/\"}}]}<\/script>\n<!-- \/ Yoast SEO plugin. -->","yoast_head_json":{"title":"Teilnahme von Eschringern im Bauernkrieg - Eschringen","robots":{"index":"index","follow":"follow","max-snippet":"max-snippet:-1","max-image-preview":"max-image-preview:large","max-video-preview":"max-video-preview:-1"},"canonical":"https:\/\/eschringen.de\/wordpress\/geschichte\/zeittafel\/teilnahme-von-eschringern-im-bauernkrieg\/","og_locale":"de_DE","og_type":"article","og_title":"Teilnahme von Eschringern im Bauernkrieg - Eschringen","og_description":"Selbst beim allgemeinen Aufstand Vertrauen gegen\u00fcber der geistlichen Herrschaftvon Heinrich Moog Zur Zeit des Bauernkrieges geh\u00f6rte die Vierherrenmeierei Eschringen der Deutschordenskommende zu Saarbr\u00fccken, Friedrich v. Hagen, Johann von Lewenstein und dem Wilhelmitenkloster Gr\u00e4finthal. Es waren drei Viertel des Dorfes. das restliche Viertel befand sich im Besitz der Pr\u00e4monstrantenserabtei Wadgassen, die ihre Eschringer Untertanen zur Meierei ... Weiterlesen ...","og_url":"https:\/\/eschringen.de\/wordpress\/geschichte\/zeittafel\/teilnahme-von-eschringern-im-bauernkrieg\/","og_site_name":"Eschringen","article_modified_time":"2022-08-20T09:42:22+00:00","og_image":[{"url":"https:\/\/eschringen.de\/wordpress\/wp-content\/uploads\/2022\/08\/zabern.jpg","type":"","width":"","height":""}],"twitter_card":"summary_large_image","twitter_misc":{"Gesch\u00e4tzte Lesezeit":"3\u00a0Minuten"},"schema":{"@context":"https:\/\/schema.org","@graph":[{"@type":"WebPage","@id":"https:\/\/eschringen.de\/wordpress\/geschichte\/zeittafel\/teilnahme-von-eschringern-im-bauernkrieg\/","url":"https:\/\/eschringen.de\/wordpress\/geschichte\/zeittafel\/teilnahme-von-eschringern-im-bauernkrieg\/","name":"Teilnahme von Eschringern im Bauernkrieg - Eschringen","isPartOf":{"@id":"https:\/\/eschringen.de\/wordpress\/#website"},"primaryImageOfPage":{"@id":"https:\/\/eschringen.de\/wordpress\/geschichte\/zeittafel\/teilnahme-von-eschringern-im-bauernkrieg\/#primaryimage"},"image":{"@id":"https:\/\/eschringen.de\/wordpress\/geschichte\/zeittafel\/teilnahme-von-eschringern-im-bauernkrieg\/#primaryimage"},"thumbnailUrl":"https:\/\/eschringen.de\/wordpress\/wp-content\/uploads\/2022\/08\/zabern.jpg","datePublished":"2017-02-12T15:36:59+00:00","dateModified":"2022-08-20T09:42:22+00:00","breadcrumb":{"@id":"https:\/\/eschringen.de\/wordpress\/geschichte\/zeittafel\/teilnahme-von-eschringern-im-bauernkrieg\/#breadcrumb"},"inLanguage":"de","potentialAction":[{"@type":"ReadAction","target":["https:\/\/eschringen.de\/wordpress\/geschichte\/zeittafel\/teilnahme-von-eschringern-im-bauernkrieg\/"]}]},{"@type":"ImageObject","inLanguage":"de","@id":"https:\/\/eschringen.de\/wordpress\/geschichte\/zeittafel\/teilnahme-von-eschringern-im-bauernkrieg\/#primaryimage","url":"https:\/\/i0.wp.com\/eschringen.de\/wordpress\/wp-content\/uploads\/2022\/08\/zabern.jpg?fit=255%2C325&ssl=1","contentUrl":"https:\/\/i0.wp.com\/eschringen.de\/wordpress\/wp-content\/uploads\/2022\/08\/zabern.jpg?fit=255%2C325&ssl=1","width":255,"height":325},{"@type":"BreadcrumbList","@id":"https:\/\/eschringen.de\/wordpress\/geschichte\/zeittafel\/teilnahme-von-eschringern-im-bauernkrieg\/#breadcrumb","itemListElement":[{"@type":"ListItem","position":1,"name":"Startseite","item":"https:\/\/eschringen.de\/wordpress\/"},{"@type":"ListItem","position":2,"name":"Geschichte","item":"https:\/\/eschringen.de\/wordpress\/geschichte\/"},{"@type":"ListItem","position":3,"name":"Zeittafel","item":"https:\/\/eschringen.de\/wordpress\/geschichte\/zeittafel\/"},{"@type":"ListItem","position":4,"name":"Teilnahme von Eschringern im Bauernkrieg"}]},{"@type":"WebSite","@id":"https:\/\/eschringen.de\/wordpress\/#website","url":"https:\/\/eschringen.de\/wordpress\/","name":"Eschringen","description":"","publisher":{"@id":"https:\/\/eschringen.de\/wordpress\/#organization"},"potentialAction":[{"@type":"SearchAction","target":{"@type":"EntryPoint","urlTemplate":"https:\/\/eschringen.de\/wordpress\/?s={search_term_string}"},"query-input":{"@type":"PropertyValueSpecification","valueRequired":true,"valueName":"search_term_string"}}],"inLanguage":"de"},{"@type":"Organization","@id":"https:\/\/eschringen.de\/wordpress\/#organization","name":"Eschringen","url":"https:\/\/eschringen.de\/wordpress\/","logo":{"@type":"ImageObject","inLanguage":"de","@id":"https:\/\/eschringen.de\/wordpress\/#\/schema\/logo\/image\/","url":"https:\/\/eschringen.de\/wordpress\/wp-content\/uploads\/2017\/03\/2017_kw15.jpg","contentUrl":"https:\/\/eschringen.de\/wordpress\/wp-content\/uploads\/2017\/03\/2017_kw15.jpg","width":784,"height":447,"caption":"Eschringen"},"image":{"@id":"https:\/\/eschringen.de\/wordpress\/#\/schema\/logo\/image\/"}}]}},"jetpack_sharing_enabled":true,"_links":{"self":[{"href":"https:\/\/eschringen.de\/wordpress\/wp-json\/wp\/v2\/pages\/653","targetHints":{"allow":["GET"]}}],"collection":[{"href":"https:\/\/eschringen.de\/wordpress\/wp-json\/wp\/v2\/pages"}],"about":[{"href":"https:\/\/eschringen.de\/wordpress\/wp-json\/wp\/v2\/types\/page"}],"author":[{"embeddable":true,"href":"https:\/\/eschringen.de\/wordpress\/wp-json\/wp\/v2\/users\/1"}],"replies":[{"embeddable":true,"href":"https:\/\/eschringen.de\/wordpress\/wp-json\/wp\/v2\/comments?post=653"}],"version-history":[{"count":2,"href":"https:\/\/eschringen.de\/wordpress\/wp-json\/wp\/v2\/pages\/653\/revisions"}],"predecessor-version":[{"id":3763,"href":"https:\/\/eschringen.de\/wordpress\/wp-json\/wp\/v2\/pages\/653\/revisions\/3763"}],"up":[{"embeddable":true,"href":"https:\/\/eschringen.de\/wordpress\/wp-json\/wp\/v2\/pages\/399"}],"wp:attachment":[{"href":"https:\/\/eschringen.de\/wordpress\/wp-json\/wp\/v2\/media?parent=653"}],"curies":[{"name":"wp","href":"https:\/\/api.w.org\/{rel}","templated":true}]}}