{"id":651,"date":"2017-02-12T16:31:27","date_gmt":"2017-02-12T15:31:27","guid":{"rendered":"http:\/\/eschringen.de\/wordpress\/?page_id=651"},"modified":"2022-08-20T11:41:30","modified_gmt":"2022-08-20T09:41:30","slug":"ersterwaehnung-von-kapelle-und-muehle","status":"publish","type":"page","link":"https:\/\/eschringen.de\/wordpress\/geschichte\/zeittafel\/ersterwaehnung-von-kapelle-und-muehle\/","title":{"rendered":"Ersterw\u00e4hnung von Kapelle und M\u00fchle"},"content":{"rendered":"<div class=\"wp-block-image\">\n<figure class=\"alignright size-full\"><img data-recalc-dims=\"1\" loading=\"lazy\" decoding=\"async\" width=\"400\" height=\"164\" src=\"https:\/\/i0.wp.com\/eschringen.de\/wordpress\/wp-content\/uploads\/2022\/08\/grundadel-2.jpg?resize=400%2C164&#038;ssl=1\" alt=\"\" class=\"wp-image-3760\" srcset=\"https:\/\/i0.wp.com\/eschringen.de\/wordpress\/wp-content\/uploads\/2022\/08\/grundadel-2.jpg?w=400&amp;ssl=1 400w, https:\/\/i0.wp.com\/eschringen.de\/wordpress\/wp-content\/uploads\/2022\/08\/grundadel-2.jpg?resize=300%2C123&amp;ssl=1 300w\" sizes=\"auto, (max-width: 400px) 100vw, 400px\" \/><\/figure>\n<\/div>\n\n\n<p>Die Geschichte der Nachfahren Askarichs blieb f\u00fcr viele Jahrhunderte im Dunkeln. Aus ihnen heraus d\u00fcrfte sich aber im Laufe der Zeit eine privilegierte Grundadelsfamilie entwickelt haben. Besondere Erw\u00e4hnung finden in Dokumenten aus der 2. H\u00e4lfte des 13. Jahrhunderts Ritter<b> Heinrich &#8222;der Rote&#8220;<\/b> (ruphus) und seine T\u00f6chter<b> Ida<\/b> und <b>Lyza <\/b>sowie der Wadgasser Pr\u00e4monstratenserm\u00f6nch Friedrich (ein Bruder Heinrichs).<\/p>\n\n\n\n<p>Heinrich war Vasall im Dienste des Grafen Simon von Saarbr\u00fccken. Bei einem Rechtsstreit des Deutschen Hauses im Jahre <b>1267<\/b> musste Ritter Heinrich als Zeuge auftreten. Es ist die erste Quelle gewesen, die einen Eschringer Grundadligen namentlich nannte. N\u00e4here Hinweise auf sein Leben sind nicht bekannt. Ein weiteres wichtiges Dokument, ausgestellt am <b>15. April 1291<\/b> vom Dekan des Stiftes St. Arnual, erw\u00e4hnt ihn abermals, vor allem aber seine T\u00f6chter Ida und Lyza. Es handelt sich hierbei um einen <b>Teilungsvertrag<\/b>, der auf Initiative des Deutschen Ordens zustande kam. Interessant ist diese Handschrift wegen diverser ortspezifischer Details: So werden erstmals die (St. Laurentius-) Kapelle und die M\u00fchle urkundlich erw\u00e4hnt. Des weiteren erfahren wir z. B., dass der Bach den Ort bereits zweiteilte, dass dieser Bach seinerzeit offenbar fischreich war und dass Wein angebaut wurde. Aus den ebenfalls genannten &#8222;gemeinsame W\u00e4ldern&#8220; d\u00fcrfte sich sp\u00e4ter der Vierherrenwald entwickelt haben. Im Jahre <b>1303<\/b> wird Lyza, die Witwe des Ritters Gerwin von Castel, nochmals in einem Dokument erw\u00e4hnt, und zwar ausdr\u00fccklich als &#8222;Lyza von Eschringen&#8220;. Folglich muss sie, wie ihre Schwester Ida und ihr Vater, noch in Eschringen gewohnt haben. Leider ist ansonsten nichts \u00fcber das Leben dieser Familie, vor allem ihre Rolle im d\u00f6rflichen Alltagsleben Eschringens, bekannt. Sie ist im regionalen Landadel aufgegangen; ihre Spuren verlieren sich endg\u00fcltig im 15. ahrhundert.<\/p>\n\n\n\n<p><a href=\"http:\/\/eschringen.de\/wordpress\/geschichte\/zeittafel\/\">Zur\u00fcck zur Zeittafel<\/a><\/p>\n","protected":false},"excerpt":{"rendered":"<p>Die Geschichte der Nachfahren Askarichs blieb f\u00fcr viele Jahrhunderte im Dunkeln. Aus ihnen heraus d\u00fcrfte sich aber im Laufe der Zeit eine privilegierte Grundadelsfamilie entwickelt haben. Besondere Erw\u00e4hnung finden in Dokumenten aus der 2. H\u00e4lfte des 13. Jahrhunderts Ritter Heinrich &#8222;der Rote&#8220; (ruphus) und seine T\u00f6chter Ida und Lyza sowie der Wadgasser Pr\u00e4monstratenserm\u00f6nch Friedrich (ein &#8230; <a title=\"Ersterw\u00e4hnung von Kapelle und M\u00fchle\" class=\"read-more\" href=\"https:\/\/eschringen.de\/wordpress\/geschichte\/zeittafel\/ersterwaehnung-von-kapelle-und-muehle\/\" aria-label=\"Mehr Informationen \u00fcber Ersterw\u00e4hnung von Kapelle und M\u00fchle\">Weiterlesen &#8230;<\/a><\/p>\n","protected":false},"author":1,"featured_media":0,"parent":399,"menu_order":3,"comment_status":"closed","ping_status":"closed","template":"","meta":{"ngg_post_thumbnail":0,"footnotes":""},"class_list":["post-651","page","type-page","status-publish"],"yoast_head":"<!-- This site is optimized with the Yoast SEO plugin v27.3 - https:\/\/yoast.com\/product\/yoast-seo-wordpress\/ -->\n<title>Ersterw\u00e4hnung von Kapelle und M\u00fchle - Eschringen<\/title>\n<meta name=\"robots\" content=\"index, follow, max-snippet:-1, max-image-preview:large, max-video-preview:-1\" \/>\n<link rel=\"canonical\" href=\"https:\/\/eschringen.de\/wordpress\/geschichte\/zeittafel\/ersterwaehnung-von-kapelle-und-muehle\/\" \/>\n<meta property=\"og:locale\" content=\"de_DE\" \/>\n<meta property=\"og:type\" content=\"article\" \/>\n<meta property=\"og:title\" content=\"Ersterw\u00e4hnung von Kapelle und M\u00fchle - Eschringen\" \/>\n<meta property=\"og:description\" content=\"Die Geschichte der Nachfahren Askarichs blieb f\u00fcr viele Jahrhunderte im Dunkeln. Aus ihnen heraus d\u00fcrfte sich aber im Laufe der Zeit eine privilegierte Grundadelsfamilie entwickelt haben. Besondere Erw\u00e4hnung finden in Dokumenten aus der 2. H\u00e4lfte des 13. Jahrhunderts Ritter Heinrich &#8222;der Rote&#8220; (ruphus) und seine T\u00f6chter Ida und Lyza sowie der Wadgasser Pr\u00e4monstratenserm\u00f6nch Friedrich (ein ... Weiterlesen ...\" \/>\n<meta property=\"og:url\" content=\"https:\/\/eschringen.de\/wordpress\/geschichte\/zeittafel\/ersterwaehnung-von-kapelle-und-muehle\/\" \/>\n<meta property=\"og:site_name\" content=\"Eschringen\" \/>\n<meta property=\"article:modified_time\" content=\"2022-08-20T09:41:30+00:00\" \/>\n<meta property=\"og:image\" content=\"https:\/\/eschringen.de\/wordpress\/wp-content\/uploads\/2022\/08\/grundadel-2.jpg\" \/>\n<meta name=\"twitter:card\" content=\"summary_large_image\" \/>\n<meta name=\"twitter:label1\" content=\"Gesch\u00e4tzte Lesezeit\" \/>\n\t<meta name=\"twitter:data1\" content=\"2\u00a0Minuten\" \/>\n<script type=\"application\/ld+json\" class=\"yoast-schema-graph\">{\"@context\":\"https:\\\/\\\/schema.org\",\"@graph\":[{\"@type\":\"WebPage\",\"@id\":\"https:\\\/\\\/eschringen.de\\\/wordpress\\\/geschichte\\\/zeittafel\\\/ersterwaehnung-von-kapelle-und-muehle\\\/\",\"url\":\"https:\\\/\\\/eschringen.de\\\/wordpress\\\/geschichte\\\/zeittafel\\\/ersterwaehnung-von-kapelle-und-muehle\\\/\",\"name\":\"Ersterw\u00e4hnung von Kapelle und M\u00fchle - Eschringen\",\"isPartOf\":{\"@id\":\"https:\\\/\\\/eschringen.de\\\/wordpress\\\/#website\"},\"primaryImageOfPage\":{\"@id\":\"https:\\\/\\\/eschringen.de\\\/wordpress\\\/geschichte\\\/zeittafel\\\/ersterwaehnung-von-kapelle-und-muehle\\\/#primaryimage\"},\"image\":{\"@id\":\"https:\\\/\\\/eschringen.de\\\/wordpress\\\/geschichte\\\/zeittafel\\\/ersterwaehnung-von-kapelle-und-muehle\\\/#primaryimage\"},\"thumbnailUrl\":\"https:\\\/\\\/eschringen.de\\\/wordpress\\\/wp-content\\\/uploads\\\/2022\\\/08\\\/grundadel-2.jpg\",\"datePublished\":\"2017-02-12T15:31:27+00:00\",\"dateModified\":\"2022-08-20T09:41:30+00:00\",\"breadcrumb\":{\"@id\":\"https:\\\/\\\/eschringen.de\\\/wordpress\\\/geschichte\\\/zeittafel\\\/ersterwaehnung-von-kapelle-und-muehle\\\/#breadcrumb\"},\"inLanguage\":\"de\",\"potentialAction\":[{\"@type\":\"ReadAction\",\"target\":[\"https:\\\/\\\/eschringen.de\\\/wordpress\\\/geschichte\\\/zeittafel\\\/ersterwaehnung-von-kapelle-und-muehle\\\/\"]}]},{\"@type\":\"ImageObject\",\"inLanguage\":\"de\",\"@id\":\"https:\\\/\\\/eschringen.de\\\/wordpress\\\/geschichte\\\/zeittafel\\\/ersterwaehnung-von-kapelle-und-muehle\\\/#primaryimage\",\"url\":\"https:\\\/\\\/i0.wp.com\\\/eschringen.de\\\/wordpress\\\/wp-content\\\/uploads\\\/2022\\\/08\\\/grundadel-2.jpg?fit=400%2C164&ssl=1\",\"contentUrl\":\"https:\\\/\\\/i0.wp.com\\\/eschringen.de\\\/wordpress\\\/wp-content\\\/uploads\\\/2022\\\/08\\\/grundadel-2.jpg?fit=400%2C164&ssl=1\",\"width\":400,\"height\":164},{\"@type\":\"BreadcrumbList\",\"@id\":\"https:\\\/\\\/eschringen.de\\\/wordpress\\\/geschichte\\\/zeittafel\\\/ersterwaehnung-von-kapelle-und-muehle\\\/#breadcrumb\",\"itemListElement\":[{\"@type\":\"ListItem\",\"position\":1,\"name\":\"Startseite\",\"item\":\"https:\\\/\\\/eschringen.de\\\/wordpress\\\/\"},{\"@type\":\"ListItem\",\"position\":2,\"name\":\"Geschichte\",\"item\":\"https:\\\/\\\/eschringen.de\\\/wordpress\\\/geschichte\\\/\"},{\"@type\":\"ListItem\",\"position\":3,\"name\":\"Zeittafel\",\"item\":\"https:\\\/\\\/eschringen.de\\\/wordpress\\\/geschichte\\\/zeittafel\\\/\"},{\"@type\":\"ListItem\",\"position\":4,\"name\":\"Ersterw\u00e4hnung von Kapelle und M\u00fchle\"}]},{\"@type\":\"WebSite\",\"@id\":\"https:\\\/\\\/eschringen.de\\\/wordpress\\\/#website\",\"url\":\"https:\\\/\\\/eschringen.de\\\/wordpress\\\/\",\"name\":\"Eschringen\",\"description\":\"\",\"publisher\":{\"@id\":\"https:\\\/\\\/eschringen.de\\\/wordpress\\\/#organization\"},\"potentialAction\":[{\"@type\":\"SearchAction\",\"target\":{\"@type\":\"EntryPoint\",\"urlTemplate\":\"https:\\\/\\\/eschringen.de\\\/wordpress\\\/?s={search_term_string}\"},\"query-input\":{\"@type\":\"PropertyValueSpecification\",\"valueRequired\":true,\"valueName\":\"search_term_string\"}}],\"inLanguage\":\"de\"},{\"@type\":\"Organization\",\"@id\":\"https:\\\/\\\/eschringen.de\\\/wordpress\\\/#organization\",\"name\":\"Eschringen\",\"url\":\"https:\\\/\\\/eschringen.de\\\/wordpress\\\/\",\"logo\":{\"@type\":\"ImageObject\",\"inLanguage\":\"de\",\"@id\":\"https:\\\/\\\/eschringen.de\\\/wordpress\\\/#\\\/schema\\\/logo\\\/image\\\/\",\"url\":\"https:\\\/\\\/eschringen.de\\\/wordpress\\\/wp-content\\\/uploads\\\/2017\\\/03\\\/2017_kw15.jpg\",\"contentUrl\":\"https:\\\/\\\/eschringen.de\\\/wordpress\\\/wp-content\\\/uploads\\\/2017\\\/03\\\/2017_kw15.jpg\",\"width\":784,\"height\":447,\"caption\":\"Eschringen\"},\"image\":{\"@id\":\"https:\\\/\\\/eschringen.de\\\/wordpress\\\/#\\\/schema\\\/logo\\\/image\\\/\"}}]}<\/script>\n<!-- \/ Yoast SEO plugin. -->","yoast_head_json":{"title":"Ersterw\u00e4hnung von Kapelle und M\u00fchle - Eschringen","robots":{"index":"index","follow":"follow","max-snippet":"max-snippet:-1","max-image-preview":"max-image-preview:large","max-video-preview":"max-video-preview:-1"},"canonical":"https:\/\/eschringen.de\/wordpress\/geschichte\/zeittafel\/ersterwaehnung-von-kapelle-und-muehle\/","og_locale":"de_DE","og_type":"article","og_title":"Ersterw\u00e4hnung von Kapelle und M\u00fchle - Eschringen","og_description":"Die Geschichte der Nachfahren Askarichs blieb f\u00fcr viele Jahrhunderte im Dunkeln. Aus ihnen heraus d\u00fcrfte sich aber im Laufe der Zeit eine privilegierte Grundadelsfamilie entwickelt haben. Besondere Erw\u00e4hnung finden in Dokumenten aus der 2. H\u00e4lfte des 13. Jahrhunderts Ritter Heinrich &#8222;der Rote&#8220; (ruphus) und seine T\u00f6chter Ida und Lyza sowie der Wadgasser Pr\u00e4monstratenserm\u00f6nch Friedrich (ein ... Weiterlesen ...","og_url":"https:\/\/eschringen.de\/wordpress\/geschichte\/zeittafel\/ersterwaehnung-von-kapelle-und-muehle\/","og_site_name":"Eschringen","article_modified_time":"2022-08-20T09:41:30+00:00","og_image":[{"url":"https:\/\/eschringen.de\/wordpress\/wp-content\/uploads\/2022\/08\/grundadel-2.jpg","type":"","width":"","height":""}],"twitter_card":"summary_large_image","twitter_misc":{"Gesch\u00e4tzte Lesezeit":"2\u00a0Minuten"},"schema":{"@context":"https:\/\/schema.org","@graph":[{"@type":"WebPage","@id":"https:\/\/eschringen.de\/wordpress\/geschichte\/zeittafel\/ersterwaehnung-von-kapelle-und-muehle\/","url":"https:\/\/eschringen.de\/wordpress\/geschichte\/zeittafel\/ersterwaehnung-von-kapelle-und-muehle\/","name":"Ersterw\u00e4hnung von Kapelle und M\u00fchle - Eschringen","isPartOf":{"@id":"https:\/\/eschringen.de\/wordpress\/#website"},"primaryImageOfPage":{"@id":"https:\/\/eschringen.de\/wordpress\/geschichte\/zeittafel\/ersterwaehnung-von-kapelle-und-muehle\/#primaryimage"},"image":{"@id":"https:\/\/eschringen.de\/wordpress\/geschichte\/zeittafel\/ersterwaehnung-von-kapelle-und-muehle\/#primaryimage"},"thumbnailUrl":"https:\/\/eschringen.de\/wordpress\/wp-content\/uploads\/2022\/08\/grundadel-2.jpg","datePublished":"2017-02-12T15:31:27+00:00","dateModified":"2022-08-20T09:41:30+00:00","breadcrumb":{"@id":"https:\/\/eschringen.de\/wordpress\/geschichte\/zeittafel\/ersterwaehnung-von-kapelle-und-muehle\/#breadcrumb"},"inLanguage":"de","potentialAction":[{"@type":"ReadAction","target":["https:\/\/eschringen.de\/wordpress\/geschichte\/zeittafel\/ersterwaehnung-von-kapelle-und-muehle\/"]}]},{"@type":"ImageObject","inLanguage":"de","@id":"https:\/\/eschringen.de\/wordpress\/geschichte\/zeittafel\/ersterwaehnung-von-kapelle-und-muehle\/#primaryimage","url":"https:\/\/i0.wp.com\/eschringen.de\/wordpress\/wp-content\/uploads\/2022\/08\/grundadel-2.jpg?fit=400%2C164&ssl=1","contentUrl":"https:\/\/i0.wp.com\/eschringen.de\/wordpress\/wp-content\/uploads\/2022\/08\/grundadel-2.jpg?fit=400%2C164&ssl=1","width":400,"height":164},{"@type":"BreadcrumbList","@id":"https:\/\/eschringen.de\/wordpress\/geschichte\/zeittafel\/ersterwaehnung-von-kapelle-und-muehle\/#breadcrumb","itemListElement":[{"@type":"ListItem","position":1,"name":"Startseite","item":"https:\/\/eschringen.de\/wordpress\/"},{"@type":"ListItem","position":2,"name":"Geschichte","item":"https:\/\/eschringen.de\/wordpress\/geschichte\/"},{"@type":"ListItem","position":3,"name":"Zeittafel","item":"https:\/\/eschringen.de\/wordpress\/geschichte\/zeittafel\/"},{"@type":"ListItem","position":4,"name":"Ersterw\u00e4hnung von Kapelle und M\u00fchle"}]},{"@type":"WebSite","@id":"https:\/\/eschringen.de\/wordpress\/#website","url":"https:\/\/eschringen.de\/wordpress\/","name":"Eschringen","description":"","publisher":{"@id":"https:\/\/eschringen.de\/wordpress\/#organization"},"potentialAction":[{"@type":"SearchAction","target":{"@type":"EntryPoint","urlTemplate":"https:\/\/eschringen.de\/wordpress\/?s={search_term_string}"},"query-input":{"@type":"PropertyValueSpecification","valueRequired":true,"valueName":"search_term_string"}}],"inLanguage":"de"},{"@type":"Organization","@id":"https:\/\/eschringen.de\/wordpress\/#organization","name":"Eschringen","url":"https:\/\/eschringen.de\/wordpress\/","logo":{"@type":"ImageObject","inLanguage":"de","@id":"https:\/\/eschringen.de\/wordpress\/#\/schema\/logo\/image\/","url":"https:\/\/eschringen.de\/wordpress\/wp-content\/uploads\/2017\/03\/2017_kw15.jpg","contentUrl":"https:\/\/eschringen.de\/wordpress\/wp-content\/uploads\/2017\/03\/2017_kw15.jpg","width":784,"height":447,"caption":"Eschringen"},"image":{"@id":"https:\/\/eschringen.de\/wordpress\/#\/schema\/logo\/image\/"}}]}},"jetpack_sharing_enabled":true,"_links":{"self":[{"href":"https:\/\/eschringen.de\/wordpress\/wp-json\/wp\/v2\/pages\/651","targetHints":{"allow":["GET"]}}],"collection":[{"href":"https:\/\/eschringen.de\/wordpress\/wp-json\/wp\/v2\/pages"}],"about":[{"href":"https:\/\/eschringen.de\/wordpress\/wp-json\/wp\/v2\/types\/page"}],"author":[{"embeddable":true,"href":"https:\/\/eschringen.de\/wordpress\/wp-json\/wp\/v2\/users\/1"}],"replies":[{"embeddable":true,"href":"https:\/\/eschringen.de\/wordpress\/wp-json\/wp\/v2\/comments?post=651"}],"version-history":[{"count":2,"href":"https:\/\/eschringen.de\/wordpress\/wp-json\/wp\/v2\/pages\/651\/revisions"}],"predecessor-version":[{"id":3761,"href":"https:\/\/eschringen.de\/wordpress\/wp-json\/wp\/v2\/pages\/651\/revisions\/3761"}],"up":[{"embeddable":true,"href":"https:\/\/eschringen.de\/wordpress\/wp-json\/wp\/v2\/pages\/399"}],"wp:attachment":[{"href":"https:\/\/eschringen.de\/wordpress\/wp-json\/wp\/v2\/media?parent=651"}],"curies":[{"name":"wp","href":"https:\/\/api.w.org\/{rel}","templated":true}]}}