{"id":648,"date":"2017-02-12T16:25:34","date_gmt":"2017-02-12T15:25:34","guid":{"rendered":"http:\/\/eschringen.de\/wordpress\/?page_id=648"},"modified":"2017-02-12T16:25:34","modified_gmt":"2017-02-12T15:25:34","slug":"die-erste-urkundliche-erwaehnung-von-eschringen","status":"publish","type":"page","link":"https:\/\/eschringen.de\/wordpress\/geschichte\/zeittafel\/die-erste-urkundliche-erwaehnung-von-eschringen\/","title":{"rendered":"Die erste urkundliche Erw\u00e4hnung von Eschringen"},"content":{"rendered":"<p>Eschringen geh\u00f6rte seit seiner Gr\u00fcndung durch die Franken, die wohl zwischen 460 und 480 erfolgte, zum Bistum Metz, von 1801 bis 1817\/21 vor\u00fcbergehend zur Di\u00f6zese Trier und seither zum Bistum Speyer.<\/p>\n<p>Die \u00e4lteste Urkunde, in der Eschringen genannt wird, ist eine <strong>kirchliche <\/strong>Urkunde, die vom Metzer Bischof stammt; sie lautet:<\/p>\n<blockquote>\n<blockquote><p>893, Feb. 17, Metz<br \/>\nBischof Rodbert von Metz<br \/>\nvermehrt den Besitz<br \/>\nder von seinem Vorg\u00e4nger Adventius gegr\u00fcndeten<br \/>\naber ungen\u00fcgend begifteten Canonie<br \/>\ndes heiligen Terentius<br \/>\nbei Wibilischiricha im Bliesgau<br \/>\nin der Grafschaft des Odaker<br \/>\nmit der Mutterkirche zu Letoltingos<br \/>\nund der dazugeh\u00f6rigen Kapelle Scufinesvillare und<br \/>\n<strong>drei Herreng\u00fcter in Eskringos<br \/>\nmit allem Zubeh\u00f6r<\/strong><br \/>\nferner mit dem 9. Teil der Ertr\u00e4gnisse der<br \/>\nHerrenweinberge in Bredallio<\/p>\n<p>Metis, 13 kal. mart. a. regn. dom. Arnulpho rege, ind. 11.<\/p><\/blockquote>\n<\/blockquote>\n<h6>Quelle: Regesten zur Geschichte der ehemaligen Nassau-Saarbr\u00fcckischen Lande bis zum Jahre 1381 \/ bearbeitet von A. H. Jungk. Saarbr\u00fccken 1914. Nr. 703.<\/h6>\n<p><a href=\"http:\/\/eschringen.de\/wordpress\/geschichte\/zeittafel\/\">Zur\u00fcck zur Zeittafel<\/a><\/p>\n","protected":false},"excerpt":{"rendered":"<p>Eschringen geh\u00f6rte seit seiner Gr\u00fcndung durch die Franken, die wohl zwischen 460 und 480 erfolgte, zum Bistum Metz, von 1801 bis 1817\/21 vor\u00fcbergehend zur Di\u00f6zese Trier und seither zum Bistum Speyer. Die \u00e4lteste Urkunde, in der Eschringen genannt wird, ist eine kirchliche Urkunde, die vom Metzer Bischof stammt; sie lautet: 893, Feb. 17, Metz Bischof &#8230; <a title=\"Die erste urkundliche Erw\u00e4hnung von Eschringen\" class=\"read-more\" href=\"https:\/\/eschringen.de\/wordpress\/geschichte\/zeittafel\/die-erste-urkundliche-erwaehnung-von-eschringen\/\" aria-label=\"Mehr Informationen \u00fcber Die erste urkundliche Erw\u00e4hnung von Eschringen\">Weiterlesen &#8230;<\/a><\/p>\n","protected":false},"author":1,"featured_media":0,"parent":399,"menu_order":2,"comment_status":"closed","ping_status":"closed","template":"","meta":{"ngg_post_thumbnail":0,"footnotes":""},"class_list":["post-648","page","type-page","status-publish"],"yoast_head":"<!-- This site is optimized with the Yoast SEO plugin v27.3 - https:\/\/yoast.com\/product\/yoast-seo-wordpress\/ -->\n<title>Die erste urkundliche Erw\u00e4hnung von Eschringen - Eschringen<\/title>\n<meta name=\"robots\" content=\"index, follow, max-snippet:-1, max-image-preview:large, max-video-preview:-1\" \/>\n<link rel=\"canonical\" href=\"https:\/\/eschringen.de\/wordpress\/geschichte\/zeittafel\/die-erste-urkundliche-erwaehnung-von-eschringen\/\" \/>\n<meta property=\"og:locale\" content=\"de_DE\" \/>\n<meta property=\"og:type\" content=\"article\" \/>\n<meta property=\"og:title\" content=\"Die erste urkundliche Erw\u00e4hnung von Eschringen - Eschringen\" \/>\n<meta property=\"og:description\" content=\"Eschringen geh\u00f6rte seit seiner Gr\u00fcndung durch die Franken, die wohl zwischen 460 und 480 erfolgte, zum Bistum Metz, von 1801 bis 1817\/21 vor\u00fcbergehend zur Di\u00f6zese Trier und seither zum Bistum Speyer. Die \u00e4lteste Urkunde, in der Eschringen genannt wird, ist eine kirchliche Urkunde, die vom Metzer Bischof stammt; sie lautet: 893, Feb. 17, Metz Bischof ... Weiterlesen ...\" \/>\n<meta property=\"og:url\" content=\"https:\/\/eschringen.de\/wordpress\/geschichte\/zeittafel\/die-erste-urkundliche-erwaehnung-von-eschringen\/\" \/>\n<meta property=\"og:site_name\" content=\"Eschringen\" \/>\n<meta name=\"twitter:card\" content=\"summary_large_image\" \/>\n<meta name=\"twitter:label1\" content=\"Gesch\u00e4tzte Lesezeit\" \/>\n\t<meta name=\"twitter:data1\" content=\"1\u00a0Minute\" \/>\n<script type=\"application\/ld+json\" class=\"yoast-schema-graph\">{\"@context\":\"https:\\\/\\\/schema.org\",\"@graph\":[{\"@type\":\"WebPage\",\"@id\":\"https:\\\/\\\/eschringen.de\\\/wordpress\\\/geschichte\\\/zeittafel\\\/die-erste-urkundliche-erwaehnung-von-eschringen\\\/\",\"url\":\"https:\\\/\\\/eschringen.de\\\/wordpress\\\/geschichte\\\/zeittafel\\\/die-erste-urkundliche-erwaehnung-von-eschringen\\\/\",\"name\":\"Die erste urkundliche Erw\u00e4hnung von Eschringen - Eschringen\",\"isPartOf\":{\"@id\":\"https:\\\/\\\/eschringen.de\\\/wordpress\\\/#website\"},\"datePublished\":\"2017-02-12T15:25:34+00:00\",\"breadcrumb\":{\"@id\":\"https:\\\/\\\/eschringen.de\\\/wordpress\\\/geschichte\\\/zeittafel\\\/die-erste-urkundliche-erwaehnung-von-eschringen\\\/#breadcrumb\"},\"inLanguage\":\"de\",\"potentialAction\":[{\"@type\":\"ReadAction\",\"target\":[\"https:\\\/\\\/eschringen.de\\\/wordpress\\\/geschichte\\\/zeittafel\\\/die-erste-urkundliche-erwaehnung-von-eschringen\\\/\"]}]},{\"@type\":\"BreadcrumbList\",\"@id\":\"https:\\\/\\\/eschringen.de\\\/wordpress\\\/geschichte\\\/zeittafel\\\/die-erste-urkundliche-erwaehnung-von-eschringen\\\/#breadcrumb\",\"itemListElement\":[{\"@type\":\"ListItem\",\"position\":1,\"name\":\"Startseite\",\"item\":\"https:\\\/\\\/eschringen.de\\\/wordpress\\\/\"},{\"@type\":\"ListItem\",\"position\":2,\"name\":\"Geschichte\",\"item\":\"https:\\\/\\\/eschringen.de\\\/wordpress\\\/geschichte\\\/\"},{\"@type\":\"ListItem\",\"position\":3,\"name\":\"Zeittafel\",\"item\":\"https:\\\/\\\/eschringen.de\\\/wordpress\\\/geschichte\\\/zeittafel\\\/\"},{\"@type\":\"ListItem\",\"position\":4,\"name\":\"Die erste urkundliche Erw\u00e4hnung von Eschringen\"}]},{\"@type\":\"WebSite\",\"@id\":\"https:\\\/\\\/eschringen.de\\\/wordpress\\\/#website\",\"url\":\"https:\\\/\\\/eschringen.de\\\/wordpress\\\/\",\"name\":\"Eschringen\",\"description\":\"\",\"publisher\":{\"@id\":\"https:\\\/\\\/eschringen.de\\\/wordpress\\\/#organization\"},\"potentialAction\":[{\"@type\":\"SearchAction\",\"target\":{\"@type\":\"EntryPoint\",\"urlTemplate\":\"https:\\\/\\\/eschringen.de\\\/wordpress\\\/?s={search_term_string}\"},\"query-input\":{\"@type\":\"PropertyValueSpecification\",\"valueRequired\":true,\"valueName\":\"search_term_string\"}}],\"inLanguage\":\"de\"},{\"@type\":\"Organization\",\"@id\":\"https:\\\/\\\/eschringen.de\\\/wordpress\\\/#organization\",\"name\":\"Eschringen\",\"url\":\"https:\\\/\\\/eschringen.de\\\/wordpress\\\/\",\"logo\":{\"@type\":\"ImageObject\",\"inLanguage\":\"de\",\"@id\":\"https:\\\/\\\/eschringen.de\\\/wordpress\\\/#\\\/schema\\\/logo\\\/image\\\/\",\"url\":\"https:\\\/\\\/eschringen.de\\\/wordpress\\\/wp-content\\\/uploads\\\/2017\\\/03\\\/2017_kw15.jpg\",\"contentUrl\":\"https:\\\/\\\/eschringen.de\\\/wordpress\\\/wp-content\\\/uploads\\\/2017\\\/03\\\/2017_kw15.jpg\",\"width\":784,\"height\":447,\"caption\":\"Eschringen\"},\"image\":{\"@id\":\"https:\\\/\\\/eschringen.de\\\/wordpress\\\/#\\\/schema\\\/logo\\\/image\\\/\"}}]}<\/script>\n<!-- \/ Yoast SEO plugin. -->","yoast_head_json":{"title":"Die erste urkundliche Erw\u00e4hnung von Eschringen - Eschringen","robots":{"index":"index","follow":"follow","max-snippet":"max-snippet:-1","max-image-preview":"max-image-preview:large","max-video-preview":"max-video-preview:-1"},"canonical":"https:\/\/eschringen.de\/wordpress\/geschichte\/zeittafel\/die-erste-urkundliche-erwaehnung-von-eschringen\/","og_locale":"de_DE","og_type":"article","og_title":"Die erste urkundliche Erw\u00e4hnung von Eschringen - Eschringen","og_description":"Eschringen geh\u00f6rte seit seiner Gr\u00fcndung durch die Franken, die wohl zwischen 460 und 480 erfolgte, zum Bistum Metz, von 1801 bis 1817\/21 vor\u00fcbergehend zur Di\u00f6zese Trier und seither zum Bistum Speyer. Die \u00e4lteste Urkunde, in der Eschringen genannt wird, ist eine kirchliche Urkunde, die vom Metzer Bischof stammt; sie lautet: 893, Feb. 17, Metz Bischof ... Weiterlesen ...","og_url":"https:\/\/eschringen.de\/wordpress\/geschichte\/zeittafel\/die-erste-urkundliche-erwaehnung-von-eschringen\/","og_site_name":"Eschringen","twitter_card":"summary_large_image","twitter_misc":{"Gesch\u00e4tzte Lesezeit":"1\u00a0Minute"},"schema":{"@context":"https:\/\/schema.org","@graph":[{"@type":"WebPage","@id":"https:\/\/eschringen.de\/wordpress\/geschichte\/zeittafel\/die-erste-urkundliche-erwaehnung-von-eschringen\/","url":"https:\/\/eschringen.de\/wordpress\/geschichte\/zeittafel\/die-erste-urkundliche-erwaehnung-von-eschringen\/","name":"Die erste urkundliche Erw\u00e4hnung von Eschringen - Eschringen","isPartOf":{"@id":"https:\/\/eschringen.de\/wordpress\/#website"},"datePublished":"2017-02-12T15:25:34+00:00","breadcrumb":{"@id":"https:\/\/eschringen.de\/wordpress\/geschichte\/zeittafel\/die-erste-urkundliche-erwaehnung-von-eschringen\/#breadcrumb"},"inLanguage":"de","potentialAction":[{"@type":"ReadAction","target":["https:\/\/eschringen.de\/wordpress\/geschichte\/zeittafel\/die-erste-urkundliche-erwaehnung-von-eschringen\/"]}]},{"@type":"BreadcrumbList","@id":"https:\/\/eschringen.de\/wordpress\/geschichte\/zeittafel\/die-erste-urkundliche-erwaehnung-von-eschringen\/#breadcrumb","itemListElement":[{"@type":"ListItem","position":1,"name":"Startseite","item":"https:\/\/eschringen.de\/wordpress\/"},{"@type":"ListItem","position":2,"name":"Geschichte","item":"https:\/\/eschringen.de\/wordpress\/geschichte\/"},{"@type":"ListItem","position":3,"name":"Zeittafel","item":"https:\/\/eschringen.de\/wordpress\/geschichte\/zeittafel\/"},{"@type":"ListItem","position":4,"name":"Die erste urkundliche Erw\u00e4hnung von Eschringen"}]},{"@type":"WebSite","@id":"https:\/\/eschringen.de\/wordpress\/#website","url":"https:\/\/eschringen.de\/wordpress\/","name":"Eschringen","description":"","publisher":{"@id":"https:\/\/eschringen.de\/wordpress\/#organization"},"potentialAction":[{"@type":"SearchAction","target":{"@type":"EntryPoint","urlTemplate":"https:\/\/eschringen.de\/wordpress\/?s={search_term_string}"},"query-input":{"@type":"PropertyValueSpecification","valueRequired":true,"valueName":"search_term_string"}}],"inLanguage":"de"},{"@type":"Organization","@id":"https:\/\/eschringen.de\/wordpress\/#organization","name":"Eschringen","url":"https:\/\/eschringen.de\/wordpress\/","logo":{"@type":"ImageObject","inLanguage":"de","@id":"https:\/\/eschringen.de\/wordpress\/#\/schema\/logo\/image\/","url":"https:\/\/eschringen.de\/wordpress\/wp-content\/uploads\/2017\/03\/2017_kw15.jpg","contentUrl":"https:\/\/eschringen.de\/wordpress\/wp-content\/uploads\/2017\/03\/2017_kw15.jpg","width":784,"height":447,"caption":"Eschringen"},"image":{"@id":"https:\/\/eschringen.de\/wordpress\/#\/schema\/logo\/image\/"}}]}},"jetpack_sharing_enabled":true,"_links":{"self":[{"href":"https:\/\/eschringen.de\/wordpress\/wp-json\/wp\/v2\/pages\/648","targetHints":{"allow":["GET"]}}],"collection":[{"href":"https:\/\/eschringen.de\/wordpress\/wp-json\/wp\/v2\/pages"}],"about":[{"href":"https:\/\/eschringen.de\/wordpress\/wp-json\/wp\/v2\/types\/page"}],"author":[{"embeddable":true,"href":"https:\/\/eschringen.de\/wordpress\/wp-json\/wp\/v2\/users\/1"}],"replies":[{"embeddable":true,"href":"https:\/\/eschringen.de\/wordpress\/wp-json\/wp\/v2\/comments?post=648"}],"version-history":[{"count":1,"href":"https:\/\/eschringen.de\/wordpress\/wp-json\/wp\/v2\/pages\/648\/revisions"}],"predecessor-version":[{"id":649,"href":"https:\/\/eschringen.de\/wordpress\/wp-json\/wp\/v2\/pages\/648\/revisions\/649"}],"up":[{"embeddable":true,"href":"https:\/\/eschringen.de\/wordpress\/wp-json\/wp\/v2\/pages\/399"}],"wp:attachment":[{"href":"https:\/\/eschringen.de\/wordpress\/wp-json\/wp\/v2\/media?parent=648"}],"curies":[{"name":"wp","href":"https:\/\/api.w.org\/{rel}","templated":true}]}}