{"id":646,"date":"2017-02-12T16:22:15","date_gmt":"2017-02-12T15:22:15","guid":{"rendered":"http:\/\/eschringen.de\/wordpress\/?page_id=646"},"modified":"2022-08-20T11:37:35","modified_gmt":"2022-08-20T09:37:35","slug":"die-roemer-in-eschringen","status":"publish","type":"page","link":"https:\/\/eschringen.de\/wordpress\/geschichte\/zeittafel\/die-roemer-in-eschringen\/","title":{"rendered":"Die R\u00f6mer in Eschringen"},"content":{"rendered":"\n<p>Wenn man von der Eschringer Schule aus in Richtung Sportplatz bzw. Richtung \u00dcberwald blickt, so sieht man heutzutage nat\u00fcrlich nichts mehr Au\u00dfergew\u00f6hnliches: klar, Wiesen und Felder, das Sportheim, den Bliesransbacher Weg, aber sonst eigentlich nichts von Belang. Erst im Sp\u00e4tjahr, vor allem im Winter, wenn der Bewuchs auf den Feldern verschwunden ist, kann man hie und da Scherben r\u00f6mischer Flachziegel und r\u00f6mische Mauersteine entdecken. Hier stand n\u00e4mlich vor rund 2.000 Jahren ein r\u00f6mischer Gutshof, genannt \u201evilla rustica&#8220;. Es darf vermutet werden, da\u00df auch der Flurname \u201eWiller&#8220; sich aus diesem r\u00f6mischen \u201evilla&#8220; ableitet.<\/p>\n\n\n<div class=\"wp-block-image\">\n<figure class=\"aligncenter size-full\"><img data-recalc-dims=\"1\" loading=\"lazy\" decoding=\"async\" width=\"500\" height=\"262\" src=\"https:\/\/i0.wp.com\/eschringen.de\/wordpress\/wp-content\/uploads\/2022\/08\/eschr_roemer.jpg?resize=500%2C262&#038;ssl=1\" alt=\"\" class=\"wp-image-3757\" srcset=\"https:\/\/i0.wp.com\/eschringen.de\/wordpress\/wp-content\/uploads\/2022\/08\/eschr_roemer.jpg?w=500&amp;ssl=1 500w, https:\/\/i0.wp.com\/eschringen.de\/wordpress\/wp-content\/uploads\/2022\/08\/eschr_roemer.jpg?resize=300%2C157&amp;ssl=1 300w\" sizes=\"auto, (max-width: 500px) 100vw, 500px\" \/><\/figure>\n<\/div>\n\n\n<p>Jedenfalls hatten sich nach den von Caesar gef\u00fchrten \u201eGallischen Kriegen&#8220; ab 51 v. Chr. in unserer Region die R\u00f6mer festgesetzt und die einheimische keltische bzw. gallische Bev\u00f6lkerung unterworfen. Wie diese seit Jahrhunderten auf diesem Gel\u00e4nde existierende keltische Gemeinde hie\u00df und ob sie \u00fcberhaupt einen Namen hatte, wissen wir nicht.<\/p>\n\n\n\n<p>Wie in der ganzen Region auch haben sich hier r\u00f6mische Bauern (eventuell ehemalige Soldaten bzw. Legion\u00e4re) niedergelassen und sich mit den Einheimischen arrangiert (und umgekehrt). Es darf angenommen werden, da\u00df dieser Gutshof nicht nur f\u00fcr den Eigenbedarf landwirtschaftliche G\u00fcter produzierte, sondern sicher auch die nahegelegene Siedlung an der Saar (\u201evicus saravus&#8220;) am Fu\u00dfe des Halbergs versorgte. N\u00e4heres ist \u00fcber das Leben auf dieser \u201evilla rustica&#8220; nicht bekannt. Sie d\u00fcrfte aber, wie die anderen gallo-r\u00f6mischen Siedlungen und Wehranlagen auch in der V\u00f6lkerwanderungszeit mehrfach in Mitleidenschaft gezogen (z. B. von den durchziehenden Hunnen) und schlie\u00dflich um 450 n. Chr. zerst\u00f6rt und von den \u00fcberlebenden Bewohnern aufgegeben worden sein. Erst viele Jahrzehnte sp\u00e4ter wurde w\u00e4hrend der sog. \u201efr\u00e4nkischen Landnahme&#8220; unser Dorf Eschringen (benannt nach dem Edlen Askarich) vom \u201eEcken&#8220; aus (Gegend um die Kapelle) gegr\u00fcndet.<\/p>\n\n\n\n<p>Die aufgegebene gallo-r\u00f6mische Willersiedlung muss beachtliche Ausma\u00dfe gehabt haben (Ziegelfunde gibt es auf dem Feld oberhalb des Sportplatzendes bis zur gro\u00dfen Hecke rechts vom Bliesransbacher Weg). Grabungen lohnen leider aus der Sicht von Arch\u00e4ologen nicht, da es im Saarland ca. 1.200 \u00e4hnliche Bauernh\u00f6fe gegeben haben soll. Und mit Siedlungen\/Villen wie z. B. in Schwarzenacker, Borg oder Nennig k\u00f6nnen wir hier nat\u00fcrlich nicht konkurrieren. Gleichwohl gab es auf besagtem Gel\u00e4nde einige interessante Funde: neben r\u00f6mischen M\u00fcnzen und Kleinteilen ein gusseisernes \u201eRammeisen&#8220;, das wohl Teil eines r\u00f6mischen Pfluges war.<\/p>\n\n\n\n<p>Im Januar 1999 wurden auf dem Gel\u00e4nde des jetzigen Friedhofes bei Aushubarbeiten die Scherben einer zweihenkeligen Kanne bzw. Amphore gefunden. M\u00f6glicherweise deutet dies auf eine r\u00f6mische Nekropole hin.<\/p>\n\n\n\n<p>Roland Schmitt\/Geschichtswerkstatt<\/p>\n\n\n\n<p><a href=\"http:\/\/eschringen.de\/wordpress\/geschichte\/zeittafel\/\">zur\u00fcck zur Zeittafel<\/a><\/p>\n","protected":false},"excerpt":{"rendered":"<p>Wenn man von der Eschringer Schule aus in Richtung Sportplatz bzw. Richtung \u00dcberwald blickt, so sieht man heutzutage nat\u00fcrlich nichts mehr Au\u00dfergew\u00f6hnliches: klar, Wiesen und Felder, das Sportheim, den Bliesransbacher Weg, aber sonst eigentlich nichts von Belang. Erst im Sp\u00e4tjahr, vor allem im Winter, wenn der Bewuchs auf den Feldern verschwunden ist, kann man hie &#8230; <a title=\"Die R\u00f6mer in Eschringen\" class=\"read-more\" href=\"https:\/\/eschringen.de\/wordpress\/geschichte\/zeittafel\/die-roemer-in-eschringen\/\" aria-label=\"Mehr Informationen \u00fcber Die R\u00f6mer in Eschringen\">Weiterlesen &#8230;<\/a><\/p>\n","protected":false},"author":1,"featured_media":0,"parent":399,"menu_order":1,"comment_status":"closed","ping_status":"closed","template":"","meta":{"ngg_post_thumbnail":0,"footnotes":""},"class_list":["post-646","page","type-page","status-publish"],"yoast_head":"<!-- This site is optimized with the Yoast SEO plugin v27.4 - https:\/\/yoast.com\/product\/yoast-seo-wordpress\/ -->\n<title>Die R\u00f6mer in Eschringen - Eschringen<\/title>\n<meta name=\"robots\" content=\"index, follow, max-snippet:-1, max-image-preview:large, max-video-preview:-1\" \/>\n<link rel=\"canonical\" href=\"https:\/\/eschringen.de\/wordpress\/geschichte\/zeittafel\/die-roemer-in-eschringen\/\" \/>\n<meta property=\"og:locale\" content=\"de_DE\" \/>\n<meta property=\"og:type\" content=\"article\" \/>\n<meta property=\"og:title\" content=\"Die R\u00f6mer in Eschringen - Eschringen\" \/>\n<meta property=\"og:description\" content=\"Wenn man von der Eschringer Schule aus in Richtung Sportplatz bzw. Richtung \u00dcberwald blickt, so sieht man heutzutage nat\u00fcrlich nichts mehr Au\u00dfergew\u00f6hnliches: klar, Wiesen und Felder, das Sportheim, den Bliesransbacher Weg, aber sonst eigentlich nichts von Belang. Erst im Sp\u00e4tjahr, vor allem im Winter, wenn der Bewuchs auf den Feldern verschwunden ist, kann man hie ... Weiterlesen ...\" \/>\n<meta property=\"og:url\" content=\"https:\/\/eschringen.de\/wordpress\/geschichte\/zeittafel\/die-roemer-in-eschringen\/\" \/>\n<meta property=\"og:site_name\" content=\"Eschringen\" \/>\n<meta property=\"article:modified_time\" content=\"2022-08-20T09:37:35+00:00\" \/>\n<meta property=\"og:image\" content=\"https:\/\/eschringen.de\/wordpress\/wp-content\/uploads\/2022\/08\/eschr_roemer.jpg\" \/>\n<meta name=\"twitter:card\" content=\"summary_large_image\" \/>\n<meta name=\"twitter:label1\" content=\"Gesch\u00e4tzte Lesezeit\" \/>\n\t<meta name=\"twitter:data1\" content=\"3\u00a0Minuten\" \/>\n<script type=\"application\/ld+json\" class=\"yoast-schema-graph\">{\"@context\":\"https:\\\/\\\/schema.org\",\"@graph\":[{\"@type\":\"WebPage\",\"@id\":\"https:\\\/\\\/eschringen.de\\\/wordpress\\\/geschichte\\\/zeittafel\\\/die-roemer-in-eschringen\\\/\",\"url\":\"https:\\\/\\\/eschringen.de\\\/wordpress\\\/geschichte\\\/zeittafel\\\/die-roemer-in-eschringen\\\/\",\"name\":\"Die R\u00f6mer in Eschringen - Eschringen\",\"isPartOf\":{\"@id\":\"https:\\\/\\\/eschringen.de\\\/wordpress\\\/#website\"},\"primaryImageOfPage\":{\"@id\":\"https:\\\/\\\/eschringen.de\\\/wordpress\\\/geschichte\\\/zeittafel\\\/die-roemer-in-eschringen\\\/#primaryimage\"},\"image\":{\"@id\":\"https:\\\/\\\/eschringen.de\\\/wordpress\\\/geschichte\\\/zeittafel\\\/die-roemer-in-eschringen\\\/#primaryimage\"},\"thumbnailUrl\":\"https:\\\/\\\/eschringen.de\\\/wordpress\\\/wp-content\\\/uploads\\\/2022\\\/08\\\/eschr_roemer.jpg\",\"datePublished\":\"2017-02-12T15:22:15+00:00\",\"dateModified\":\"2022-08-20T09:37:35+00:00\",\"breadcrumb\":{\"@id\":\"https:\\\/\\\/eschringen.de\\\/wordpress\\\/geschichte\\\/zeittafel\\\/die-roemer-in-eschringen\\\/#breadcrumb\"},\"inLanguage\":\"de\",\"potentialAction\":[{\"@type\":\"ReadAction\",\"target\":[\"https:\\\/\\\/eschringen.de\\\/wordpress\\\/geschichte\\\/zeittafel\\\/die-roemer-in-eschringen\\\/\"]}]},{\"@type\":\"ImageObject\",\"inLanguage\":\"de\",\"@id\":\"https:\\\/\\\/eschringen.de\\\/wordpress\\\/geschichte\\\/zeittafel\\\/die-roemer-in-eschringen\\\/#primaryimage\",\"url\":\"https:\\\/\\\/i0.wp.com\\\/eschringen.de\\\/wordpress\\\/wp-content\\\/uploads\\\/2022\\\/08\\\/eschr_roemer.jpg?fit=500%2C262&ssl=1\",\"contentUrl\":\"https:\\\/\\\/i0.wp.com\\\/eschringen.de\\\/wordpress\\\/wp-content\\\/uploads\\\/2022\\\/08\\\/eschr_roemer.jpg?fit=500%2C262&ssl=1\",\"width\":500,\"height\":262},{\"@type\":\"BreadcrumbList\",\"@id\":\"https:\\\/\\\/eschringen.de\\\/wordpress\\\/geschichte\\\/zeittafel\\\/die-roemer-in-eschringen\\\/#breadcrumb\",\"itemListElement\":[{\"@type\":\"ListItem\",\"position\":1,\"name\":\"Startseite\",\"item\":\"https:\\\/\\\/eschringen.de\\\/wordpress\\\/\"},{\"@type\":\"ListItem\",\"position\":2,\"name\":\"Geschichte\",\"item\":\"https:\\\/\\\/eschringen.de\\\/wordpress\\\/geschichte\\\/\"},{\"@type\":\"ListItem\",\"position\":3,\"name\":\"Zeittafel\",\"item\":\"https:\\\/\\\/eschringen.de\\\/wordpress\\\/geschichte\\\/zeittafel\\\/\"},{\"@type\":\"ListItem\",\"position\":4,\"name\":\"Die R\u00f6mer in Eschringen\"}]},{\"@type\":\"WebSite\",\"@id\":\"https:\\\/\\\/eschringen.de\\\/wordpress\\\/#website\",\"url\":\"https:\\\/\\\/eschringen.de\\\/wordpress\\\/\",\"name\":\"Eschringen\",\"description\":\"\",\"publisher\":{\"@id\":\"https:\\\/\\\/eschringen.de\\\/wordpress\\\/#organization\"},\"potentialAction\":[{\"@type\":\"SearchAction\",\"target\":{\"@type\":\"EntryPoint\",\"urlTemplate\":\"https:\\\/\\\/eschringen.de\\\/wordpress\\\/?s={search_term_string}\"},\"query-input\":{\"@type\":\"PropertyValueSpecification\",\"valueRequired\":true,\"valueName\":\"search_term_string\"}}],\"inLanguage\":\"de\"},{\"@type\":\"Organization\",\"@id\":\"https:\\\/\\\/eschringen.de\\\/wordpress\\\/#organization\",\"name\":\"Eschringen\",\"url\":\"https:\\\/\\\/eschringen.de\\\/wordpress\\\/\",\"logo\":{\"@type\":\"ImageObject\",\"inLanguage\":\"de\",\"@id\":\"https:\\\/\\\/eschringen.de\\\/wordpress\\\/#\\\/schema\\\/logo\\\/image\\\/\",\"url\":\"https:\\\/\\\/eschringen.de\\\/wordpress\\\/wp-content\\\/uploads\\\/2017\\\/03\\\/2017_kw15.jpg\",\"contentUrl\":\"https:\\\/\\\/eschringen.de\\\/wordpress\\\/wp-content\\\/uploads\\\/2017\\\/03\\\/2017_kw15.jpg\",\"width\":784,\"height\":447,\"caption\":\"Eschringen\"},\"image\":{\"@id\":\"https:\\\/\\\/eschringen.de\\\/wordpress\\\/#\\\/schema\\\/logo\\\/image\\\/\"}}]}<\/script>\n<!-- \/ Yoast SEO plugin. -->","yoast_head_json":{"title":"Die R\u00f6mer in Eschringen - Eschringen","robots":{"index":"index","follow":"follow","max-snippet":"max-snippet:-1","max-image-preview":"max-image-preview:large","max-video-preview":"max-video-preview:-1"},"canonical":"https:\/\/eschringen.de\/wordpress\/geschichte\/zeittafel\/die-roemer-in-eschringen\/","og_locale":"de_DE","og_type":"article","og_title":"Die R\u00f6mer in Eschringen - Eschringen","og_description":"Wenn man von der Eschringer Schule aus in Richtung Sportplatz bzw. Richtung \u00dcberwald blickt, so sieht man heutzutage nat\u00fcrlich nichts mehr Au\u00dfergew\u00f6hnliches: klar, Wiesen und Felder, das Sportheim, den Bliesransbacher Weg, aber sonst eigentlich nichts von Belang. Erst im Sp\u00e4tjahr, vor allem im Winter, wenn der Bewuchs auf den Feldern verschwunden ist, kann man hie ... Weiterlesen ...","og_url":"https:\/\/eschringen.de\/wordpress\/geschichte\/zeittafel\/die-roemer-in-eschringen\/","og_site_name":"Eschringen","article_modified_time":"2022-08-20T09:37:35+00:00","og_image":[{"url":"https:\/\/eschringen.de\/wordpress\/wp-content\/uploads\/2022\/08\/eschr_roemer.jpg","type":"","width":"","height":""}],"twitter_card":"summary_large_image","twitter_misc":{"Gesch\u00e4tzte Lesezeit":"3\u00a0Minuten"},"schema":{"@context":"https:\/\/schema.org","@graph":[{"@type":"WebPage","@id":"https:\/\/eschringen.de\/wordpress\/geschichte\/zeittafel\/die-roemer-in-eschringen\/","url":"https:\/\/eschringen.de\/wordpress\/geschichte\/zeittafel\/die-roemer-in-eschringen\/","name":"Die R\u00f6mer in Eschringen - Eschringen","isPartOf":{"@id":"https:\/\/eschringen.de\/wordpress\/#website"},"primaryImageOfPage":{"@id":"https:\/\/eschringen.de\/wordpress\/geschichte\/zeittafel\/die-roemer-in-eschringen\/#primaryimage"},"image":{"@id":"https:\/\/eschringen.de\/wordpress\/geschichte\/zeittafel\/die-roemer-in-eschringen\/#primaryimage"},"thumbnailUrl":"https:\/\/eschringen.de\/wordpress\/wp-content\/uploads\/2022\/08\/eschr_roemer.jpg","datePublished":"2017-02-12T15:22:15+00:00","dateModified":"2022-08-20T09:37:35+00:00","breadcrumb":{"@id":"https:\/\/eschringen.de\/wordpress\/geschichte\/zeittafel\/die-roemer-in-eschringen\/#breadcrumb"},"inLanguage":"de","potentialAction":[{"@type":"ReadAction","target":["https:\/\/eschringen.de\/wordpress\/geschichte\/zeittafel\/die-roemer-in-eschringen\/"]}]},{"@type":"ImageObject","inLanguage":"de","@id":"https:\/\/eschringen.de\/wordpress\/geschichte\/zeittafel\/die-roemer-in-eschringen\/#primaryimage","url":"https:\/\/i0.wp.com\/eschringen.de\/wordpress\/wp-content\/uploads\/2022\/08\/eschr_roemer.jpg?fit=500%2C262&ssl=1","contentUrl":"https:\/\/i0.wp.com\/eschringen.de\/wordpress\/wp-content\/uploads\/2022\/08\/eschr_roemer.jpg?fit=500%2C262&ssl=1","width":500,"height":262},{"@type":"BreadcrumbList","@id":"https:\/\/eschringen.de\/wordpress\/geschichte\/zeittafel\/die-roemer-in-eschringen\/#breadcrumb","itemListElement":[{"@type":"ListItem","position":1,"name":"Startseite","item":"https:\/\/eschringen.de\/wordpress\/"},{"@type":"ListItem","position":2,"name":"Geschichte","item":"https:\/\/eschringen.de\/wordpress\/geschichte\/"},{"@type":"ListItem","position":3,"name":"Zeittafel","item":"https:\/\/eschringen.de\/wordpress\/geschichte\/zeittafel\/"},{"@type":"ListItem","position":4,"name":"Die R\u00f6mer in Eschringen"}]},{"@type":"WebSite","@id":"https:\/\/eschringen.de\/wordpress\/#website","url":"https:\/\/eschringen.de\/wordpress\/","name":"Eschringen","description":"","publisher":{"@id":"https:\/\/eschringen.de\/wordpress\/#organization"},"potentialAction":[{"@type":"SearchAction","target":{"@type":"EntryPoint","urlTemplate":"https:\/\/eschringen.de\/wordpress\/?s={search_term_string}"},"query-input":{"@type":"PropertyValueSpecification","valueRequired":true,"valueName":"search_term_string"}}],"inLanguage":"de"},{"@type":"Organization","@id":"https:\/\/eschringen.de\/wordpress\/#organization","name":"Eschringen","url":"https:\/\/eschringen.de\/wordpress\/","logo":{"@type":"ImageObject","inLanguage":"de","@id":"https:\/\/eschringen.de\/wordpress\/#\/schema\/logo\/image\/","url":"https:\/\/eschringen.de\/wordpress\/wp-content\/uploads\/2017\/03\/2017_kw15.jpg","contentUrl":"https:\/\/eschringen.de\/wordpress\/wp-content\/uploads\/2017\/03\/2017_kw15.jpg","width":784,"height":447,"caption":"Eschringen"},"image":{"@id":"https:\/\/eschringen.de\/wordpress\/#\/schema\/logo\/image\/"}}]}},"jetpack_sharing_enabled":true,"_links":{"self":[{"href":"https:\/\/eschringen.de\/wordpress\/wp-json\/wp\/v2\/pages\/646","targetHints":{"allow":["GET"]}}],"collection":[{"href":"https:\/\/eschringen.de\/wordpress\/wp-json\/wp\/v2\/pages"}],"about":[{"href":"https:\/\/eschringen.de\/wordpress\/wp-json\/wp\/v2\/types\/page"}],"author":[{"embeddable":true,"href":"https:\/\/eschringen.de\/wordpress\/wp-json\/wp\/v2\/users\/1"}],"replies":[{"embeddable":true,"href":"https:\/\/eschringen.de\/wordpress\/wp-json\/wp\/v2\/comments?post=646"}],"version-history":[{"count":2,"href":"https:\/\/eschringen.de\/wordpress\/wp-json\/wp\/v2\/pages\/646\/revisions"}],"predecessor-version":[{"id":3758,"href":"https:\/\/eschringen.de\/wordpress\/wp-json\/wp\/v2\/pages\/646\/revisions\/3758"}],"up":[{"embeddable":true,"href":"https:\/\/eschringen.de\/wordpress\/wp-json\/wp\/v2\/pages\/399"}],"wp:attachment":[{"href":"https:\/\/eschringen.de\/wordpress\/wp-json\/wp\/v2\/media?parent=646"}],"curies":[{"name":"wp","href":"https:\/\/api.w.org\/{rel}","templated":true}]}}