{"id":638,"date":"2017-02-12T15:56:49","date_gmt":"2017-02-12T14:56:49","guid":{"rendered":"http:\/\/eschringen.de\/wordpress\/?page_id=638"},"modified":"2017-02-12T15:56:49","modified_gmt":"2017-02-12T14:56:49","slug":"hexe-nacht","status":"publish","type":"page","link":"https:\/\/eschringen.de\/wordpress\/die-menschen\/mundart\/hexe-nacht\/","title":{"rendered":"Hexe-Nacht"},"content":{"rendered":"<h5>von Albert Hoffmann M\u00e4rz 1994<\/h5>\n<p>Unser Dorf war nie sehr gross<br \/>\nimmer war do ebbes los<br \/>\nwar der Winter ball om Enn<br \/>\nso, -wie, ich den noch kenn<br \/>\nIszappe, -Schnee un \u00f6fters kalt<br \/>\ndas Herz gelacht, -von Jung und Alt<br \/>\nder Schneemann hat e Winter long<br \/>\ndruss im Kalte gut geston<br \/>\nisch die Sunn donn h\u00f6her kumm<br \/>\nwurd er klenner, &#8211; fiel donn um<\/p>\n<p>die Natur, war donn erwacht<br \/>\ndie Leit honn wieder me gelacht<br \/>\nso langsam war donn alles grien<br \/>\nBlumme hat ma viel gesiehn<br \/>\nun brummte das Insekt<br \/>\nder Fr\u00fchling war perfekt<br \/>\nisch nit geloh, -die Zit war do<br \/>\ne Maibom jeder hat gesucht<br \/>\nder Iwerwald war usgebucht<br \/>\nendlich war es donn so witt<br \/>\nkum e Platz im Gasthaus kritt<br \/>\nJubel, -Trubel, -Heiterkeit<br \/>\ndie Freinacht n\u00fctzte viele Leit<br \/>\nun ware all recht froh<br \/>\ndie Hexe-Nacht war do<\/p>\n<p>ongetrunk, -ich hatte Mut<br \/>\nhoffentlich geht alles gut<br \/>\nmein beil in der hand<br \/>\nim dunkle Wald donn gelond<br \/>\nhan gewisst, -wo steht mei Buche<br \/>\nsuscht w\u00fcrd ich heit noch suche<br \/>\nschnel gehackt, -und sehr gestimmt<br \/>\nhon Ongscht gehaat, -dass Enner kimmt<br \/>\nun war a sunscht, -im Dunkele<br \/>\ngut munkele kenn Kunscht<br \/>\nbeim Klaue awer, -Ongscht un Schweess verdunscht<br \/>\nund hats emd geknistert dort<br \/>\nob in der N\u00e4h, -weit weg vom Ort<br \/>\nder Herz fiel in die Bux<br \/>\nuffgepasst donn, &#8211; wie e Lux<br \/>\nes h\u00e4tt jo Enner kumme kinne<br \/>\nun mich beim Klaue finne<\/p>\n<p>es war donn allerh\u00f6chste Zit<br \/>\nGott sei Donk, -es war so wit<br \/>\nvom tiefe Wald, do kumm ich her<br \/>\nun schleif de Maibaum hinnerher<br \/>\ndas freie feld war ball erreicht<br \/>\nma hat gesiehn, -donn wars jo leicht<br \/>\nma hat geschleppt un a gezoh<br \/>\nun war donn endlich froh<br \/>\nder Boom am Gewell hat geston<\/p>\n<p>das war nit immer so<br \/>\nm\u00fchsam mir die B\u00e4\u00e4m gebrung<br \/>\ndie Grosse uns dann abgenumm<br \/>\nihrem Sch\u00e4tzje hingestellt<br \/>\nmir Rutz-Kiwelle, -ware abgemeld<br \/>\nmit da Zit, mir ware schlauer<br \/>\nhom angebunn donn, on da Mauer<br \/>\nvor jeder weithin sichtbar donn<br \/>\nder Baum hat fescht un grad geston<\/p>\n<p>so wie ich das kenn<br \/>\ndie Hexe-Nacht noch nit om En<br \/>\nwar unser Durscht, -gel\u00f6scht, -war alles Wurscht<br \/>\ndie Messer dann gewetzt<br \/>\nes wurde viel gehext<br \/>\nob Bidde, -\u00c4mer, -un a Fenschter<br \/>\nalles metgong, wie bei G\u00e4ngschter<br \/>\nob Leiterwohn un a e Karre<br \/>\nvom Wiesbohm bis zur Sparre<br \/>\ngehext hon mir, -wie Narre<br \/>\nwars donn Niet- und Nagellos<br \/>\nunsere Freud dann riesengross<\/p>\n<p>nix war kaputt un nix geklaut<br \/>\nam onere Dah, -mir zugeschaut<br \/>\nes Eigentum donn ingesommelt<br \/>\nwer schlau war,- alles hat verrammet<br \/>\ner bruchte nit se fluche<br \/>\nsin Eigentum se suche<br \/>\nallen war jetzt klar<br \/>\nes war e scheener Dah<\/p>\n<p><a href=\"http:\/\/eschringen.de\/wordpress\/die-menschen\/mundart\/\"><br \/>\nzur\u00fcck zu Mundart<\/a><\/p>\n","protected":false},"excerpt":{"rendered":"<p>von Albert Hoffmann M\u00e4rz 1994 Unser Dorf war nie sehr gross immer war do ebbes los war der Winter ball om Enn so, -wie, ich den noch kenn Iszappe, -Schnee un \u00f6fters kalt das Herz gelacht, -von Jung und Alt der Schneemann hat e Winter long druss im Kalte gut geston isch die Sunn donn &#8230; <a title=\"Hexe-Nacht\" class=\"read-more\" href=\"https:\/\/eschringen.de\/wordpress\/die-menschen\/mundart\/hexe-nacht\/\" aria-label=\"Mehr Informationen \u00fcber Hexe-Nacht\">Weiterlesen &#8230;<\/a><\/p>\n","protected":false},"author":1,"featured_media":0,"parent":288,"menu_order":5,"comment_status":"closed","ping_status":"closed","template":"","meta":{"ngg_post_thumbnail":0,"footnotes":""},"class_list":["post-638","page","type-page","status-publish"],"yoast_head":"<!-- This site is optimized with the Yoast SEO plugin v27.3 - https:\/\/yoast.com\/product\/yoast-seo-wordpress\/ -->\n<title>Hexe-Nacht - Eschringen<\/title>\n<meta name=\"robots\" content=\"index, follow, max-snippet:-1, max-image-preview:large, max-video-preview:-1\" \/>\n<link rel=\"canonical\" href=\"https:\/\/eschringen.de\/wordpress\/die-menschen\/mundart\/hexe-nacht\/\" \/>\n<meta property=\"og:locale\" content=\"de_DE\" \/>\n<meta property=\"og:type\" content=\"article\" \/>\n<meta property=\"og:title\" content=\"Hexe-Nacht - Eschringen\" \/>\n<meta property=\"og:description\" content=\"von Albert Hoffmann M\u00e4rz 1994 Unser Dorf war nie sehr gross immer war do ebbes los war der Winter ball om Enn so, -wie, ich den noch kenn Iszappe, -Schnee un \u00f6fters kalt das Herz gelacht, -von Jung und Alt der Schneemann hat e Winter long druss im Kalte gut geston isch die Sunn donn ... Weiterlesen ...\" \/>\n<meta property=\"og:url\" content=\"https:\/\/eschringen.de\/wordpress\/die-menschen\/mundart\/hexe-nacht\/\" \/>\n<meta property=\"og:site_name\" content=\"Eschringen\" \/>\n<meta name=\"twitter:card\" content=\"summary_large_image\" \/>\n<meta name=\"twitter:label1\" content=\"Gesch\u00e4tzte Lesezeit\" \/>\n\t<meta name=\"twitter:data1\" content=\"2\u00a0Minuten\" \/>\n<script type=\"application\/ld+json\" class=\"yoast-schema-graph\">{\"@context\":\"https:\\\/\\\/schema.org\",\"@graph\":[{\"@type\":\"WebPage\",\"@id\":\"https:\\\/\\\/eschringen.de\\\/wordpress\\\/die-menschen\\\/mundart\\\/hexe-nacht\\\/\",\"url\":\"https:\\\/\\\/eschringen.de\\\/wordpress\\\/die-menschen\\\/mundart\\\/hexe-nacht\\\/\",\"name\":\"Hexe-Nacht - Eschringen\",\"isPartOf\":{\"@id\":\"https:\\\/\\\/eschringen.de\\\/wordpress\\\/#website\"},\"datePublished\":\"2017-02-12T14:56:49+00:00\",\"breadcrumb\":{\"@id\":\"https:\\\/\\\/eschringen.de\\\/wordpress\\\/die-menschen\\\/mundart\\\/hexe-nacht\\\/#breadcrumb\"},\"inLanguage\":\"de\",\"potentialAction\":[{\"@type\":\"ReadAction\",\"target\":[\"https:\\\/\\\/eschringen.de\\\/wordpress\\\/die-menschen\\\/mundart\\\/hexe-nacht\\\/\"]}]},{\"@type\":\"BreadcrumbList\",\"@id\":\"https:\\\/\\\/eschringen.de\\\/wordpress\\\/die-menschen\\\/mundart\\\/hexe-nacht\\\/#breadcrumb\",\"itemListElement\":[{\"@type\":\"ListItem\",\"position\":1,\"name\":\"Startseite\",\"item\":\"https:\\\/\\\/eschringen.de\\\/wordpress\\\/\"},{\"@type\":\"ListItem\",\"position\":2,\"name\":\"Die Menschen\",\"item\":\"https:\\\/\\\/eschringen.de\\\/wordpress\\\/die-menschen\\\/\"},{\"@type\":\"ListItem\",\"position\":3,\"name\":\"Mundart\",\"item\":\"https:\\\/\\\/eschringen.de\\\/wordpress\\\/die-menschen\\\/mundart\\\/\"},{\"@type\":\"ListItem\",\"position\":4,\"name\":\"Hexe-Nacht\"}]},{\"@type\":\"WebSite\",\"@id\":\"https:\\\/\\\/eschringen.de\\\/wordpress\\\/#website\",\"url\":\"https:\\\/\\\/eschringen.de\\\/wordpress\\\/\",\"name\":\"Eschringen\",\"description\":\"\",\"publisher\":{\"@id\":\"https:\\\/\\\/eschringen.de\\\/wordpress\\\/#organization\"},\"potentialAction\":[{\"@type\":\"SearchAction\",\"target\":{\"@type\":\"EntryPoint\",\"urlTemplate\":\"https:\\\/\\\/eschringen.de\\\/wordpress\\\/?s={search_term_string}\"},\"query-input\":{\"@type\":\"PropertyValueSpecification\",\"valueRequired\":true,\"valueName\":\"search_term_string\"}}],\"inLanguage\":\"de\"},{\"@type\":\"Organization\",\"@id\":\"https:\\\/\\\/eschringen.de\\\/wordpress\\\/#organization\",\"name\":\"Eschringen\",\"url\":\"https:\\\/\\\/eschringen.de\\\/wordpress\\\/\",\"logo\":{\"@type\":\"ImageObject\",\"inLanguage\":\"de\",\"@id\":\"https:\\\/\\\/eschringen.de\\\/wordpress\\\/#\\\/schema\\\/logo\\\/image\\\/\",\"url\":\"https:\\\/\\\/eschringen.de\\\/wordpress\\\/wp-content\\\/uploads\\\/2017\\\/03\\\/2017_kw15.jpg\",\"contentUrl\":\"https:\\\/\\\/eschringen.de\\\/wordpress\\\/wp-content\\\/uploads\\\/2017\\\/03\\\/2017_kw15.jpg\",\"width\":784,\"height\":447,\"caption\":\"Eschringen\"},\"image\":{\"@id\":\"https:\\\/\\\/eschringen.de\\\/wordpress\\\/#\\\/schema\\\/logo\\\/image\\\/\"}}]}<\/script>\n<!-- \/ Yoast SEO plugin. -->","yoast_head_json":{"title":"Hexe-Nacht - Eschringen","robots":{"index":"index","follow":"follow","max-snippet":"max-snippet:-1","max-image-preview":"max-image-preview:large","max-video-preview":"max-video-preview:-1"},"canonical":"https:\/\/eschringen.de\/wordpress\/die-menschen\/mundart\/hexe-nacht\/","og_locale":"de_DE","og_type":"article","og_title":"Hexe-Nacht - Eschringen","og_description":"von Albert Hoffmann M\u00e4rz 1994 Unser Dorf war nie sehr gross immer war do ebbes los war der Winter ball om Enn so, -wie, ich den noch kenn Iszappe, -Schnee un \u00f6fters kalt das Herz gelacht, -von Jung und Alt der Schneemann hat e Winter long druss im Kalte gut geston isch die Sunn donn ... Weiterlesen ...","og_url":"https:\/\/eschringen.de\/wordpress\/die-menschen\/mundart\/hexe-nacht\/","og_site_name":"Eschringen","twitter_card":"summary_large_image","twitter_misc":{"Gesch\u00e4tzte Lesezeit":"2\u00a0Minuten"},"schema":{"@context":"https:\/\/schema.org","@graph":[{"@type":"WebPage","@id":"https:\/\/eschringen.de\/wordpress\/die-menschen\/mundart\/hexe-nacht\/","url":"https:\/\/eschringen.de\/wordpress\/die-menschen\/mundart\/hexe-nacht\/","name":"Hexe-Nacht - Eschringen","isPartOf":{"@id":"https:\/\/eschringen.de\/wordpress\/#website"},"datePublished":"2017-02-12T14:56:49+00:00","breadcrumb":{"@id":"https:\/\/eschringen.de\/wordpress\/die-menschen\/mundart\/hexe-nacht\/#breadcrumb"},"inLanguage":"de","potentialAction":[{"@type":"ReadAction","target":["https:\/\/eschringen.de\/wordpress\/die-menschen\/mundart\/hexe-nacht\/"]}]},{"@type":"BreadcrumbList","@id":"https:\/\/eschringen.de\/wordpress\/die-menschen\/mundart\/hexe-nacht\/#breadcrumb","itemListElement":[{"@type":"ListItem","position":1,"name":"Startseite","item":"https:\/\/eschringen.de\/wordpress\/"},{"@type":"ListItem","position":2,"name":"Die Menschen","item":"https:\/\/eschringen.de\/wordpress\/die-menschen\/"},{"@type":"ListItem","position":3,"name":"Mundart","item":"https:\/\/eschringen.de\/wordpress\/die-menschen\/mundart\/"},{"@type":"ListItem","position":4,"name":"Hexe-Nacht"}]},{"@type":"WebSite","@id":"https:\/\/eschringen.de\/wordpress\/#website","url":"https:\/\/eschringen.de\/wordpress\/","name":"Eschringen","description":"","publisher":{"@id":"https:\/\/eschringen.de\/wordpress\/#organization"},"potentialAction":[{"@type":"SearchAction","target":{"@type":"EntryPoint","urlTemplate":"https:\/\/eschringen.de\/wordpress\/?s={search_term_string}"},"query-input":{"@type":"PropertyValueSpecification","valueRequired":true,"valueName":"search_term_string"}}],"inLanguage":"de"},{"@type":"Organization","@id":"https:\/\/eschringen.de\/wordpress\/#organization","name":"Eschringen","url":"https:\/\/eschringen.de\/wordpress\/","logo":{"@type":"ImageObject","inLanguage":"de","@id":"https:\/\/eschringen.de\/wordpress\/#\/schema\/logo\/image\/","url":"https:\/\/eschringen.de\/wordpress\/wp-content\/uploads\/2017\/03\/2017_kw15.jpg","contentUrl":"https:\/\/eschringen.de\/wordpress\/wp-content\/uploads\/2017\/03\/2017_kw15.jpg","width":784,"height":447,"caption":"Eschringen"},"image":{"@id":"https:\/\/eschringen.de\/wordpress\/#\/schema\/logo\/image\/"}}]}},"jetpack_sharing_enabled":true,"_links":{"self":[{"href":"https:\/\/eschringen.de\/wordpress\/wp-json\/wp\/v2\/pages\/638","targetHints":{"allow":["GET"]}}],"collection":[{"href":"https:\/\/eschringen.de\/wordpress\/wp-json\/wp\/v2\/pages"}],"about":[{"href":"https:\/\/eschringen.de\/wordpress\/wp-json\/wp\/v2\/types\/page"}],"author":[{"embeddable":true,"href":"https:\/\/eschringen.de\/wordpress\/wp-json\/wp\/v2\/users\/1"}],"replies":[{"embeddable":true,"href":"https:\/\/eschringen.de\/wordpress\/wp-json\/wp\/v2\/comments?post=638"}],"version-history":[{"count":1,"href":"https:\/\/eschringen.de\/wordpress\/wp-json\/wp\/v2\/pages\/638\/revisions"}],"predecessor-version":[{"id":639,"href":"https:\/\/eschringen.de\/wordpress\/wp-json\/wp\/v2\/pages\/638\/revisions\/639"}],"up":[{"embeddable":true,"href":"https:\/\/eschringen.de\/wordpress\/wp-json\/wp\/v2\/pages\/288"}],"wp:attachment":[{"href":"https:\/\/eschringen.de\/wordpress\/wp-json\/wp\/v2\/media?parent=638"}],"curies":[{"name":"wp","href":"https:\/\/api.w.org\/{rel}","templated":true}]}}