{"id":632,"date":"2017-02-12T15:36:20","date_gmt":"2017-02-12T14:36:20","guid":{"rendered":"http:\/\/eschringen.de\/wordpress\/?page_id=632"},"modified":"2020-02-04T10:24:09","modified_gmt":"2020-02-04T09:24:09","slug":"stefan-vogelgesang","status":"publish","type":"page","link":"https:\/\/eschringen.de\/wordpress\/impressum\/stefan-vogelgesang\/","title":{"rendered":"Stefan Vogelgesang"},"content":{"rendered":"\n<h5 class=\"wp-block-heading\">Technische Betreuung&nbsp;der &#8222;Eschringer Webseid&#8220;<\/h5>\n\n\n\n<div class=\"wp-block-image\"><figure class=\"alignleft\"><img data-recalc-dims=\"1\" loading=\"lazy\" decoding=\"async\" width=\"235\" height=\"300\" src=\"https:\/\/i0.wp.com\/eschringen.de\/wordpress\/wp-content\/uploads\/2017\/02\/stefan-235x300.jpg?resize=235%2C300\" alt=\"\" class=\"wp-image-779\" srcset=\"https:\/\/i0.wp.com\/eschringen.de\/wordpress\/wp-content\/uploads\/2017\/02\/stefan.jpg?resize=235%2C300&amp;ssl=1 235w, https:\/\/i0.wp.com\/eschringen.de\/wordpress\/wp-content\/uploads\/2017\/02\/stefan.jpg?resize=768%2C982&amp;ssl=1 768w, https:\/\/i0.wp.com\/eschringen.de\/wordpress\/wp-content\/uploads\/2017\/02\/stefan.jpg?resize=801%2C1024&amp;ssl=1 801w, https:\/\/i0.wp.com\/eschringen.de\/wordpress\/wp-content\/uploads\/2017\/02\/stefan.jpg?w=1099&amp;ssl=1 1099w\" sizes=\"auto, (max-width: 235px) 100vw, 235px\" \/><\/figure><\/div>\n\n\n\n<p>Ein &#8222;waschechter&#8220; Eschringer, obwohl in Ensheim geboren, aus dem Jahrgang 1962. Nach der mittleren Reife absolvierte er eine Lehre als Radio- und Fernsehtechniker. In diesem Beruf schaffte er sp\u00e4ter auch seinen Meister. 1992 machte er sich selbst\u00e4ndig, seit 1994 mit einem Ladengesch\u00e4ft in Ensheim.<\/p>\n\n\n\n<p>Vereinsarbeit lernte er im Kath. Kirchenchor Eschringen kennen, wo er sechs Jahre lang Vorsitzender war. W\u00e4hrend dieser Zeit (1991) wurde die Arbeitsgemeinschaft Eschringer Vereine e.V. gegr\u00fcndet, in dessen Vorstand er als Kassierer und 2. Vorsitzender gew\u00e4hlt wurde. Dieses Amt f\u00fchrte er 18 Jahre lang aus. Im Herbst 2003 entstanden die Eschringer Home-Pages aus einer Spa\u00dfidee. Seither arbeitet er im Team monatlich daran, damit Termine und Veranstaltungen f\u00fcr alle Eschringer schwarz auf wei\u00df zu lesen sind: im wesentlichen eine gedruckte Ausgabe der Eschringer Homepage im Internet, die er wenig sp\u00e4ter ebenfalls (als Webmaster) zur Betreuung \u00fcbernahm.<\/p>\n\n\n\n<p>Wenn neben Firma und Vereinsleben noch etwas Zeit bleibt, h\u00f6rt er gerne Musik (alles, was im Radio so l\u00e4uft), schaut sich hin und wieder ein Fu\u00dfballspiel an und l\u00e4sst kein Formel 1-Rennen aus. Beim Nachbar mit einem hei\u00dfen Flammkuchen oder einem Amer-Bier werden immer wieder neue Ideen geboren, was man in Eschringen auf die Beine stellen k\u00f6nnte.<\/p>\n\n\n\n<p>Sein Leitspruch: <strong>Ist der Weg auch noch so steinig, es geht immer geradeaus<\/strong>. &nbsp;<\/p>\n\n\n\n<p><a href=\"http:\/\/eschringen.de\/wordpress\/impressum\/\">zur\u00fcck zum Impressum<\/a><\/p>\n","protected":false},"excerpt":{"rendered":"<p>Technische Betreuung&nbsp;der &#8222;Eschringer Webseid&#8220; Ein &#8222;waschechter&#8220; Eschringer, obwohl in Ensheim geboren, aus dem Jahrgang 1962. Nach der mittleren Reife absolvierte er eine Lehre als Radio- und Fernsehtechniker. In diesem Beruf schaffte er sp\u00e4ter auch seinen Meister. 1992 machte er sich selbst\u00e4ndig, seit 1994 mit einem Ladengesch\u00e4ft in Ensheim. Vereinsarbeit lernte er im Kath. Kirchenchor Eschringen &#8230; <a title=\"Stefan Vogelgesang\" class=\"read-more\" href=\"https:\/\/eschringen.de\/wordpress\/impressum\/stefan-vogelgesang\/\" aria-label=\"Mehr Informationen \u00fcber Stefan Vogelgesang\">Weiterlesen &#8230;<\/a><\/p>\n","protected":false},"author":1,"featured_media":0,"parent":86,"menu_order":2,"comment_status":"closed","ping_status":"closed","template":"","meta":{"ngg_post_thumbnail":0,"footnotes":""},"class_list":["post-632","page","type-page","status-publish"],"yoast_head":"<!-- This site is optimized with the Yoast SEO plugin v27.4 - https:\/\/yoast.com\/product\/yoast-seo-wordpress\/ -->\n<title>Stefan Vogelgesang - Eschringen<\/title>\n<meta name=\"robots\" content=\"index, follow, max-snippet:-1, max-image-preview:large, max-video-preview:-1\" \/>\n<link rel=\"canonical\" href=\"https:\/\/eschringen.de\/wordpress\/impressum\/stefan-vogelgesang\/\" \/>\n<meta property=\"og:locale\" content=\"de_DE\" \/>\n<meta property=\"og:type\" content=\"article\" \/>\n<meta property=\"og:title\" content=\"Stefan Vogelgesang - Eschringen\" \/>\n<meta property=\"og:description\" content=\"Technische Betreuung&nbsp;der &#8222;Eschringer Webseid&#8220; Ein &#8222;waschechter&#8220; Eschringer, obwohl in Ensheim geboren, aus dem Jahrgang 1962. Nach der mittleren Reife absolvierte er eine Lehre als Radio- und Fernsehtechniker. In diesem Beruf schaffte er sp\u00e4ter auch seinen Meister. 1992 machte er sich selbst\u00e4ndig, seit 1994 mit einem Ladengesch\u00e4ft in Ensheim. Vereinsarbeit lernte er im Kath. Kirchenchor Eschringen ... Weiterlesen ...\" \/>\n<meta property=\"og:url\" content=\"https:\/\/eschringen.de\/wordpress\/impressum\/stefan-vogelgesang\/\" \/>\n<meta property=\"og:site_name\" content=\"Eschringen\" \/>\n<meta property=\"article:modified_time\" content=\"2020-02-04T09:24:09+00:00\" \/>\n<meta property=\"og:image\" content=\"http:\/\/eschringen.de\/wordpress\/wp-content\/uploads\/2017\/02\/stefan-235x300.jpg\" \/>\n<meta name=\"twitter:card\" content=\"summary_large_image\" \/>\n<meta name=\"twitter:label1\" content=\"Gesch\u00e4tzte Lesezeit\" \/>\n\t<meta name=\"twitter:data1\" content=\"1\u00a0Minute\" \/>\n<script type=\"application\/ld+json\" class=\"yoast-schema-graph\">{\"@context\":\"https:\\\/\\\/schema.org\",\"@graph\":[{\"@type\":\"WebPage\",\"@id\":\"https:\\\/\\\/eschringen.de\\\/wordpress\\\/impressum\\\/stefan-vogelgesang\\\/\",\"url\":\"https:\\\/\\\/eschringen.de\\\/wordpress\\\/impressum\\\/stefan-vogelgesang\\\/\",\"name\":\"Stefan Vogelgesang - Eschringen\",\"isPartOf\":{\"@id\":\"https:\\\/\\\/eschringen.de\\\/wordpress\\\/#website\"},\"primaryImageOfPage\":{\"@id\":\"https:\\\/\\\/eschringen.de\\\/wordpress\\\/impressum\\\/stefan-vogelgesang\\\/#primaryimage\"},\"image\":{\"@id\":\"https:\\\/\\\/eschringen.de\\\/wordpress\\\/impressum\\\/stefan-vogelgesang\\\/#primaryimage\"},\"thumbnailUrl\":\"http:\\\/\\\/eschringen.de\\\/wordpress\\\/wp-content\\\/uploads\\\/2017\\\/02\\\/stefan-235x300.jpg\",\"datePublished\":\"2017-02-12T14:36:20+00:00\",\"dateModified\":\"2020-02-04T09:24:09+00:00\",\"breadcrumb\":{\"@id\":\"https:\\\/\\\/eschringen.de\\\/wordpress\\\/impressum\\\/stefan-vogelgesang\\\/#breadcrumb\"},\"inLanguage\":\"de\",\"potentialAction\":[{\"@type\":\"ReadAction\",\"target\":[\"https:\\\/\\\/eschringen.de\\\/wordpress\\\/impressum\\\/stefan-vogelgesang\\\/\"]}]},{\"@type\":\"ImageObject\",\"inLanguage\":\"de\",\"@id\":\"https:\\\/\\\/eschringen.de\\\/wordpress\\\/impressum\\\/stefan-vogelgesang\\\/#primaryimage\",\"url\":\"http:\\\/\\\/eschringen.de\\\/wordpress\\\/wp-content\\\/uploads\\\/2017\\\/02\\\/stefan-235x300.jpg\",\"contentUrl\":\"http:\\\/\\\/eschringen.de\\\/wordpress\\\/wp-content\\\/uploads\\\/2017\\\/02\\\/stefan-235x300.jpg\"},{\"@type\":\"BreadcrumbList\",\"@id\":\"https:\\\/\\\/eschringen.de\\\/wordpress\\\/impressum\\\/stefan-vogelgesang\\\/#breadcrumb\",\"itemListElement\":[{\"@type\":\"ListItem\",\"position\":1,\"name\":\"Startseite\",\"item\":\"https:\\\/\\\/eschringen.de\\\/wordpress\\\/\"},{\"@type\":\"ListItem\",\"position\":2,\"name\":\"Impressum\",\"item\":\"https:\\\/\\\/eschringen.de\\\/wordpress\\\/impressum\\\/\"},{\"@type\":\"ListItem\",\"position\":3,\"name\":\"Stefan Vogelgesang\"}]},{\"@type\":\"WebSite\",\"@id\":\"https:\\\/\\\/eschringen.de\\\/wordpress\\\/#website\",\"url\":\"https:\\\/\\\/eschringen.de\\\/wordpress\\\/\",\"name\":\"Eschringen\",\"description\":\"\",\"publisher\":{\"@id\":\"https:\\\/\\\/eschringen.de\\\/wordpress\\\/#organization\"},\"potentialAction\":[{\"@type\":\"SearchAction\",\"target\":{\"@type\":\"EntryPoint\",\"urlTemplate\":\"https:\\\/\\\/eschringen.de\\\/wordpress\\\/?s={search_term_string}\"},\"query-input\":{\"@type\":\"PropertyValueSpecification\",\"valueRequired\":true,\"valueName\":\"search_term_string\"}}],\"inLanguage\":\"de\"},{\"@type\":\"Organization\",\"@id\":\"https:\\\/\\\/eschringen.de\\\/wordpress\\\/#organization\",\"name\":\"Eschringen\",\"url\":\"https:\\\/\\\/eschringen.de\\\/wordpress\\\/\",\"logo\":{\"@type\":\"ImageObject\",\"inLanguage\":\"de\",\"@id\":\"https:\\\/\\\/eschringen.de\\\/wordpress\\\/#\\\/schema\\\/logo\\\/image\\\/\",\"url\":\"https:\\\/\\\/eschringen.de\\\/wordpress\\\/wp-content\\\/uploads\\\/2017\\\/03\\\/2017_kw15.jpg\",\"contentUrl\":\"https:\\\/\\\/eschringen.de\\\/wordpress\\\/wp-content\\\/uploads\\\/2017\\\/03\\\/2017_kw15.jpg\",\"width\":784,\"height\":447,\"caption\":\"Eschringen\"},\"image\":{\"@id\":\"https:\\\/\\\/eschringen.de\\\/wordpress\\\/#\\\/schema\\\/logo\\\/image\\\/\"}}]}<\/script>\n<!-- \/ Yoast SEO plugin. -->","yoast_head_json":{"title":"Stefan Vogelgesang - Eschringen","robots":{"index":"index","follow":"follow","max-snippet":"max-snippet:-1","max-image-preview":"max-image-preview:large","max-video-preview":"max-video-preview:-1"},"canonical":"https:\/\/eschringen.de\/wordpress\/impressum\/stefan-vogelgesang\/","og_locale":"de_DE","og_type":"article","og_title":"Stefan Vogelgesang - Eschringen","og_description":"Technische Betreuung&nbsp;der &#8222;Eschringer Webseid&#8220; Ein &#8222;waschechter&#8220; Eschringer, obwohl in Ensheim geboren, aus dem Jahrgang 1962. Nach der mittleren Reife absolvierte er eine Lehre als Radio- und Fernsehtechniker. In diesem Beruf schaffte er sp\u00e4ter auch seinen Meister. 1992 machte er sich selbst\u00e4ndig, seit 1994 mit einem Ladengesch\u00e4ft in Ensheim. Vereinsarbeit lernte er im Kath. Kirchenchor Eschringen ... Weiterlesen ...","og_url":"https:\/\/eschringen.de\/wordpress\/impressum\/stefan-vogelgesang\/","og_site_name":"Eschringen","article_modified_time":"2020-02-04T09:24:09+00:00","og_image":[{"url":"http:\/\/eschringen.de\/wordpress\/wp-content\/uploads\/2017\/02\/stefan-235x300.jpg","type":"","width":"","height":""}],"twitter_card":"summary_large_image","twitter_misc":{"Gesch\u00e4tzte Lesezeit":"1\u00a0Minute"},"schema":{"@context":"https:\/\/schema.org","@graph":[{"@type":"WebPage","@id":"https:\/\/eschringen.de\/wordpress\/impressum\/stefan-vogelgesang\/","url":"https:\/\/eschringen.de\/wordpress\/impressum\/stefan-vogelgesang\/","name":"Stefan Vogelgesang - Eschringen","isPartOf":{"@id":"https:\/\/eschringen.de\/wordpress\/#website"},"primaryImageOfPage":{"@id":"https:\/\/eschringen.de\/wordpress\/impressum\/stefan-vogelgesang\/#primaryimage"},"image":{"@id":"https:\/\/eschringen.de\/wordpress\/impressum\/stefan-vogelgesang\/#primaryimage"},"thumbnailUrl":"http:\/\/eschringen.de\/wordpress\/wp-content\/uploads\/2017\/02\/stefan-235x300.jpg","datePublished":"2017-02-12T14:36:20+00:00","dateModified":"2020-02-04T09:24:09+00:00","breadcrumb":{"@id":"https:\/\/eschringen.de\/wordpress\/impressum\/stefan-vogelgesang\/#breadcrumb"},"inLanguage":"de","potentialAction":[{"@type":"ReadAction","target":["https:\/\/eschringen.de\/wordpress\/impressum\/stefan-vogelgesang\/"]}]},{"@type":"ImageObject","inLanguage":"de","@id":"https:\/\/eschringen.de\/wordpress\/impressum\/stefan-vogelgesang\/#primaryimage","url":"http:\/\/eschringen.de\/wordpress\/wp-content\/uploads\/2017\/02\/stefan-235x300.jpg","contentUrl":"http:\/\/eschringen.de\/wordpress\/wp-content\/uploads\/2017\/02\/stefan-235x300.jpg"},{"@type":"BreadcrumbList","@id":"https:\/\/eschringen.de\/wordpress\/impressum\/stefan-vogelgesang\/#breadcrumb","itemListElement":[{"@type":"ListItem","position":1,"name":"Startseite","item":"https:\/\/eschringen.de\/wordpress\/"},{"@type":"ListItem","position":2,"name":"Impressum","item":"https:\/\/eschringen.de\/wordpress\/impressum\/"},{"@type":"ListItem","position":3,"name":"Stefan Vogelgesang"}]},{"@type":"WebSite","@id":"https:\/\/eschringen.de\/wordpress\/#website","url":"https:\/\/eschringen.de\/wordpress\/","name":"Eschringen","description":"","publisher":{"@id":"https:\/\/eschringen.de\/wordpress\/#organization"},"potentialAction":[{"@type":"SearchAction","target":{"@type":"EntryPoint","urlTemplate":"https:\/\/eschringen.de\/wordpress\/?s={search_term_string}"},"query-input":{"@type":"PropertyValueSpecification","valueRequired":true,"valueName":"search_term_string"}}],"inLanguage":"de"},{"@type":"Organization","@id":"https:\/\/eschringen.de\/wordpress\/#organization","name":"Eschringen","url":"https:\/\/eschringen.de\/wordpress\/","logo":{"@type":"ImageObject","inLanguage":"de","@id":"https:\/\/eschringen.de\/wordpress\/#\/schema\/logo\/image\/","url":"https:\/\/eschringen.de\/wordpress\/wp-content\/uploads\/2017\/03\/2017_kw15.jpg","contentUrl":"https:\/\/eschringen.de\/wordpress\/wp-content\/uploads\/2017\/03\/2017_kw15.jpg","width":784,"height":447,"caption":"Eschringen"},"image":{"@id":"https:\/\/eschringen.de\/wordpress\/#\/schema\/logo\/image\/"}}]}},"jetpack_sharing_enabled":true,"_links":{"self":[{"href":"https:\/\/eschringen.de\/wordpress\/wp-json\/wp\/v2\/pages\/632","targetHints":{"allow":["GET"]}}],"collection":[{"href":"https:\/\/eschringen.de\/wordpress\/wp-json\/wp\/v2\/pages"}],"about":[{"href":"https:\/\/eschringen.de\/wordpress\/wp-json\/wp\/v2\/types\/page"}],"author":[{"embeddable":true,"href":"https:\/\/eschringen.de\/wordpress\/wp-json\/wp\/v2\/users\/1"}],"replies":[{"embeddable":true,"href":"https:\/\/eschringen.de\/wordpress\/wp-json\/wp\/v2\/comments?post=632"}],"version-history":[{"count":4,"href":"https:\/\/eschringen.de\/wordpress\/wp-json\/wp\/v2\/pages\/632\/revisions"}],"predecessor-version":[{"id":2524,"href":"https:\/\/eschringen.de\/wordpress\/wp-json\/wp\/v2\/pages\/632\/revisions\/2524"}],"up":[{"embeddable":true,"href":"https:\/\/eschringen.de\/wordpress\/wp-json\/wp\/v2\/pages\/86"}],"wp:attachment":[{"href":"https:\/\/eschringen.de\/wordpress\/wp-json\/wp\/v2\/media?parent=632"}],"curies":[{"name":"wp","href":"https:\/\/api.w.org\/{rel}","templated":true}]}}