{"id":630,"date":"2017-02-12T15:30:36","date_gmt":"2017-02-12T14:30:36","guid":{"rendered":"http:\/\/eschringen.de\/wordpress\/?page_id=630"},"modified":"2021-10-27T12:10:06","modified_gmt":"2021-10-27T10:10:06","slug":"roland-schmitt","status":"publish","type":"page","link":"https:\/\/eschringen.de\/wordpress\/impressum\/roland-schmitt\/","title":{"rendered":"Roland Schmitt"},"content":{"rendered":"\n<h5 class=\"wp-block-heading\"><span style=\"color: #000000;\">Redakteur der &#8222;Eschringer Webseid&#8220;<\/span> (verstorben am 18.10.2021)<\/h5>\n\n\n\n<div class=\"wp-block-image\"><figure class=\"alignleft is-resized\"><img data-recalc-dims=\"1\" loading=\"lazy\" decoding=\"async\" src=\"https:\/\/i0.wp.com\/eschringen.de\/wordpress\/wp-content\/uploads\/2020\/02\/RoSFoto.jpg?resize=399%2C512&#038;ssl=1\" alt=\"\" class=\"wp-image-2519\" width=\"399\" height=\"512\" srcset=\"https:\/\/i0.wp.com\/eschringen.de\/wordpress\/wp-content\/uploads\/2020\/02\/RoSFoto.jpg?resize=797%2C1024&amp;ssl=1 797w, https:\/\/i0.wp.com\/eschringen.de\/wordpress\/wp-content\/uploads\/2020\/02\/RoSFoto.jpg?resize=234%2C300&amp;ssl=1 234w, https:\/\/i0.wp.com\/eschringen.de\/wordpress\/wp-content\/uploads\/2020\/02\/RoSFoto.jpg?resize=768%2C987&amp;ssl=1 768w, https:\/\/i0.wp.com\/eschringen.de\/wordpress\/wp-content\/uploads\/2020\/02\/RoSFoto.jpg?w=882&amp;ssl=1 882w\" sizes=\"auto, (max-width: 399px) 100vw, 399px\" \/><\/figure><\/div>\n\n\n\n<p>Ein &#8222;M\u00e4\u00e4nzer Bub&#8220;, Jahrgang 1953, der nach famili\u00e4ren, schulischen und beruflichen Wanderjahren im deutschen S\u00fcdwesten (u. a. 1977-1980 Studium des Bibliothekswesens in Stuttgart) &#8211; dank einer Schwangerschaftsvertretung &#8211; 1980 ins Saarland gelangte. Nach zwei Jahren im Kultusministerium und an der Stadtbibliothek in V\u00f6lklingen wechselte er 1982 auf den Halberg, wo er das Printarchiv des Saarl\u00e4ndischen Rundfunks bis 2019 leitete. Mit Frau (aus dem M\u00fcnsterland) und Sohn siedelte der damals eingeschworene Bart- und Brillentr\u00e4ger von &#8222;Molschd&#8220; (Saarbr\u00fccken-Malstatt) 1987 nach Eschringen \u00fcber &#8211; per gl\u00fccklichem Zufall, wie er gesteht. Die Teilnahme an der Durchf\u00fchrung der Eschringer 1100-Jahrfeier (1993), vor allem die Gestaltung und Planung des historischen Umzugs, lie\u00df ihn sein Interesse f\u00fcr Geschichte, insbesondere f\u00fcr Lokal- und Regionalgeschichte, reaktivieren. Mit Herbert Franz , Heinrich Moog und Gerhard Zimmermann rief er &#8211; unter dem Dach der Halberger Volkshochschule &#8211; 1993 die &#8222;Geschichtswerkstatt&#8220; ins Leben.<\/p>\n\n\n\n<p>Seine zweite gro\u00dfe Passion ist die (popul\u00e4re) Musik, wobei er auf &#8222;Handgemachtes&#8220; steht: Roots-Rock, Blues, &#8222;echte&#8220; Volksmusik (vor allem keltischen Ursprungs) und sog. &#8222;Weltmusik&#8220; (Schwerpunkt: Afrika).<\/p>\n\n\n\n<p>Nebenbei schreibt der &#8222;Feierabend&#8220;-Musiker (Bassgitarre u. a.) regelm\u00e4\u00dfig f\u00fcr diverse Zeitschriften (z. B. <a rel=\"noopener noreferrer\" href=\"http:\/\/www.folker.de\/\" target=\"_blank\">folker<\/a>)<\/p>\n\n\n\n<p>Ein drittes Interesse wurde dank des Berufes seines Sohnes (Winzer und Sommelier) mit den Jahren geweckt: die Leidenschaft f\u00fcr gute Weine und die Geschichte des Weinbaus ganz allgemein. Seit 2019 begleitet er bei der &#8222;*Gesellschaft f\u00fcr Geschichte des Weines*&#8220; <a href=\"https:\/\/www.geschichte-des-weines.de\/\">https:\/\/www.geschichte-des-weines.de\/<\/a> das Amt des Pressereferenten.<\/p>\n\n\n\n<p>Zahlreiche <a href=\"http:\/\/eschringen.de\/wordpress\/impressum\/roland-schmitt-bibliografie\/\">Ver\u00f6ffentlichungen<\/a> zu Themen der (Regional-)Geschichte, des Bibliothekswesens und der Musik, darunter die erste Biographie (m. Uli Twelker) zu seiner Lieblingsband, den <a href=\"http:\/\/www.makingtime.co.uk\/rfr\/index1.htm\" target=\"_blank\" rel=\"noopener noreferrer\">SMALL FACES<\/a>: &#8222;Happy Boys Happy&#8220; (dt. 1993 im Sonnentanz-Verlag, Augsburg; engl. 1997 bei Sanctuary Publishing, London). Wenn noch freie Zeit bleibt, dann ist diese dem Familienquartett (mit echt Eschringer Tochter), dem Garten und der K\u00fcche (orientalische, mediterrane und afrikanische Spezialit\u00e4ten) gewidmet.<\/p>\n\n\n\n<p>Seinen langj\u00e4hrigen Leitspruch &#8222;Every problem has its own solution&#8220; (dt.: &#8222;Jedes Problem hat seine eigene L\u00f6sung&#8220;) hat er inzwischen durch das Motto seines els\u00e4ssischen Gro\u00dfvaters ersetzt: \u201e\u00c7a geht\u2019s \u00e7a muss! Es kommt wie\u2019s kommt\u201c.<\/p>\n\n\n\n<p><a href=\"http:\/\/www.alte-grenzsteine.de\">http:\/\/www.alte-grenzsteine.de<\/a><\/p>\n\n\n\n<p><a href=\"http:\/\/eschringen.de\/wordpress\/impressum\/\">Zur\u00fcck zum Impressum<\/a><\/p>\n","protected":false},"excerpt":{"rendered":"<p>Redakteur der &#8222;Eschringer Webseid&#8220; (verstorben am 18.10.2021) Ein &#8222;M\u00e4\u00e4nzer Bub&#8220;, Jahrgang 1953, der nach famili\u00e4ren, schulischen und beruflichen Wanderjahren im deutschen S\u00fcdwesten (u. a. 1977-1980 Studium des Bibliothekswesens in Stuttgart) &#8211; dank einer Schwangerschaftsvertretung &#8211; 1980 ins Saarland gelangte. Nach zwei Jahren im Kultusministerium und an der Stadtbibliothek in V\u00f6lklingen wechselte er 1982 auf den &#8230; <a title=\"Roland Schmitt\" class=\"read-more\" href=\"https:\/\/eschringen.de\/wordpress\/impressum\/roland-schmitt\/\" aria-label=\"Mehr Informationen \u00fcber Roland Schmitt\">Weiterlesen &#8230;<\/a><\/p>\n","protected":false},"author":1,"featured_media":0,"parent":86,"menu_order":1,"comment_status":"closed","ping_status":"closed","template":"","meta":{"ngg_post_thumbnail":0,"footnotes":""},"class_list":["post-630","page","type-page","status-publish"],"yoast_head":"<!-- This site is optimized with the Yoast SEO plugin v27.4 - https:\/\/yoast.com\/product\/yoast-seo-wordpress\/ -->\n<title>Roland Schmitt - Eschringen<\/title>\n<meta name=\"robots\" content=\"index, follow, max-snippet:-1, max-image-preview:large, max-video-preview:-1\" \/>\n<link rel=\"canonical\" href=\"https:\/\/eschringen.de\/wordpress\/impressum\/roland-schmitt\/\" \/>\n<meta property=\"og:locale\" content=\"de_DE\" \/>\n<meta property=\"og:type\" content=\"article\" \/>\n<meta property=\"og:title\" content=\"Roland Schmitt - Eschringen\" \/>\n<meta property=\"og:description\" content=\"Redakteur der &#8222;Eschringer Webseid&#8220; (verstorben am 18.10.2021) Ein &#8222;M\u00e4\u00e4nzer Bub&#8220;, Jahrgang 1953, der nach famili\u00e4ren, schulischen und beruflichen Wanderjahren im deutschen S\u00fcdwesten (u. a. 1977-1980 Studium des Bibliothekswesens in Stuttgart) &#8211; dank einer Schwangerschaftsvertretung &#8211; 1980 ins Saarland gelangte. Nach zwei Jahren im Kultusministerium und an der Stadtbibliothek in V\u00f6lklingen wechselte er 1982 auf den ... Weiterlesen ...\" \/>\n<meta property=\"og:url\" content=\"https:\/\/eschringen.de\/wordpress\/impressum\/roland-schmitt\/\" \/>\n<meta property=\"og:site_name\" content=\"Eschringen\" \/>\n<meta property=\"article:modified_time\" content=\"2021-10-27T10:10:06+00:00\" \/>\n<meta property=\"og:image\" content=\"https:\/\/eschringen.de\/wordpress\/wp-content\/uploads\/2020\/02\/RoSFoto-797x1024.jpg\" \/>\n<meta name=\"twitter:card\" content=\"summary_large_image\" \/>\n<meta name=\"twitter:label1\" content=\"Gesch\u00e4tzte Lesezeit\" \/>\n\t<meta name=\"twitter:data1\" content=\"2\u00a0Minuten\" \/>\n<script type=\"application\/ld+json\" class=\"yoast-schema-graph\">{\"@context\":\"https:\\\/\\\/schema.org\",\"@graph\":[{\"@type\":\"WebPage\",\"@id\":\"https:\\\/\\\/eschringen.de\\\/wordpress\\\/impressum\\\/roland-schmitt\\\/\",\"url\":\"https:\\\/\\\/eschringen.de\\\/wordpress\\\/impressum\\\/roland-schmitt\\\/\",\"name\":\"Roland Schmitt - Eschringen\",\"isPartOf\":{\"@id\":\"https:\\\/\\\/eschringen.de\\\/wordpress\\\/#website\"},\"primaryImageOfPage\":{\"@id\":\"https:\\\/\\\/eschringen.de\\\/wordpress\\\/impressum\\\/roland-schmitt\\\/#primaryimage\"},\"image\":{\"@id\":\"https:\\\/\\\/eschringen.de\\\/wordpress\\\/impressum\\\/roland-schmitt\\\/#primaryimage\"},\"thumbnailUrl\":\"https:\\\/\\\/eschringen.de\\\/wordpress\\\/wp-content\\\/uploads\\\/2020\\\/02\\\/RoSFoto-797x1024.jpg\",\"datePublished\":\"2017-02-12T14:30:36+00:00\",\"dateModified\":\"2021-10-27T10:10:06+00:00\",\"breadcrumb\":{\"@id\":\"https:\\\/\\\/eschringen.de\\\/wordpress\\\/impressum\\\/roland-schmitt\\\/#breadcrumb\"},\"inLanguage\":\"de\",\"potentialAction\":[{\"@type\":\"ReadAction\",\"target\":[\"https:\\\/\\\/eschringen.de\\\/wordpress\\\/impressum\\\/roland-schmitt\\\/\"]}]},{\"@type\":\"ImageObject\",\"inLanguage\":\"de\",\"@id\":\"https:\\\/\\\/eschringen.de\\\/wordpress\\\/impressum\\\/roland-schmitt\\\/#primaryimage\",\"url\":\"https:\\\/\\\/i0.wp.com\\\/eschringen.de\\\/wordpress\\\/wp-content\\\/uploads\\\/2020\\\/02\\\/RoSFoto.jpg?fit=882%2C1133&ssl=1\",\"contentUrl\":\"https:\\\/\\\/i0.wp.com\\\/eschringen.de\\\/wordpress\\\/wp-content\\\/uploads\\\/2020\\\/02\\\/RoSFoto.jpg?fit=882%2C1133&ssl=1\",\"width\":882,\"height\":1133},{\"@type\":\"BreadcrumbList\",\"@id\":\"https:\\\/\\\/eschringen.de\\\/wordpress\\\/impressum\\\/roland-schmitt\\\/#breadcrumb\",\"itemListElement\":[{\"@type\":\"ListItem\",\"position\":1,\"name\":\"Startseite\",\"item\":\"https:\\\/\\\/eschringen.de\\\/wordpress\\\/\"},{\"@type\":\"ListItem\",\"position\":2,\"name\":\"Impressum\",\"item\":\"https:\\\/\\\/eschringen.de\\\/wordpress\\\/impressum\\\/\"},{\"@type\":\"ListItem\",\"position\":3,\"name\":\"Roland Schmitt\"}]},{\"@type\":\"WebSite\",\"@id\":\"https:\\\/\\\/eschringen.de\\\/wordpress\\\/#website\",\"url\":\"https:\\\/\\\/eschringen.de\\\/wordpress\\\/\",\"name\":\"Eschringen\",\"description\":\"\",\"publisher\":{\"@id\":\"https:\\\/\\\/eschringen.de\\\/wordpress\\\/#organization\"},\"potentialAction\":[{\"@type\":\"SearchAction\",\"target\":{\"@type\":\"EntryPoint\",\"urlTemplate\":\"https:\\\/\\\/eschringen.de\\\/wordpress\\\/?s={search_term_string}\"},\"query-input\":{\"@type\":\"PropertyValueSpecification\",\"valueRequired\":true,\"valueName\":\"search_term_string\"}}],\"inLanguage\":\"de\"},{\"@type\":\"Organization\",\"@id\":\"https:\\\/\\\/eschringen.de\\\/wordpress\\\/#organization\",\"name\":\"Eschringen\",\"url\":\"https:\\\/\\\/eschringen.de\\\/wordpress\\\/\",\"logo\":{\"@type\":\"ImageObject\",\"inLanguage\":\"de\",\"@id\":\"https:\\\/\\\/eschringen.de\\\/wordpress\\\/#\\\/schema\\\/logo\\\/image\\\/\",\"url\":\"https:\\\/\\\/eschringen.de\\\/wordpress\\\/wp-content\\\/uploads\\\/2017\\\/03\\\/2017_kw15.jpg\",\"contentUrl\":\"https:\\\/\\\/eschringen.de\\\/wordpress\\\/wp-content\\\/uploads\\\/2017\\\/03\\\/2017_kw15.jpg\",\"width\":784,\"height\":447,\"caption\":\"Eschringen\"},\"image\":{\"@id\":\"https:\\\/\\\/eschringen.de\\\/wordpress\\\/#\\\/schema\\\/logo\\\/image\\\/\"}}]}<\/script>\n<!-- \/ Yoast SEO plugin. -->","yoast_head_json":{"title":"Roland Schmitt - Eschringen","robots":{"index":"index","follow":"follow","max-snippet":"max-snippet:-1","max-image-preview":"max-image-preview:large","max-video-preview":"max-video-preview:-1"},"canonical":"https:\/\/eschringen.de\/wordpress\/impressum\/roland-schmitt\/","og_locale":"de_DE","og_type":"article","og_title":"Roland Schmitt - Eschringen","og_description":"Redakteur der &#8222;Eschringer Webseid&#8220; (verstorben am 18.10.2021) Ein &#8222;M\u00e4\u00e4nzer Bub&#8220;, Jahrgang 1953, der nach famili\u00e4ren, schulischen und beruflichen Wanderjahren im deutschen S\u00fcdwesten (u. a. 1977-1980 Studium des Bibliothekswesens in Stuttgart) &#8211; dank einer Schwangerschaftsvertretung &#8211; 1980 ins Saarland gelangte. Nach zwei Jahren im Kultusministerium und an der Stadtbibliothek in V\u00f6lklingen wechselte er 1982 auf den ... Weiterlesen ...","og_url":"https:\/\/eschringen.de\/wordpress\/impressum\/roland-schmitt\/","og_site_name":"Eschringen","article_modified_time":"2021-10-27T10:10:06+00:00","og_image":[{"url":"https:\/\/eschringen.de\/wordpress\/wp-content\/uploads\/2020\/02\/RoSFoto-797x1024.jpg","type":"","width":"","height":""}],"twitter_card":"summary_large_image","twitter_misc":{"Gesch\u00e4tzte Lesezeit":"2\u00a0Minuten"},"schema":{"@context":"https:\/\/schema.org","@graph":[{"@type":"WebPage","@id":"https:\/\/eschringen.de\/wordpress\/impressum\/roland-schmitt\/","url":"https:\/\/eschringen.de\/wordpress\/impressum\/roland-schmitt\/","name":"Roland Schmitt - Eschringen","isPartOf":{"@id":"https:\/\/eschringen.de\/wordpress\/#website"},"primaryImageOfPage":{"@id":"https:\/\/eschringen.de\/wordpress\/impressum\/roland-schmitt\/#primaryimage"},"image":{"@id":"https:\/\/eschringen.de\/wordpress\/impressum\/roland-schmitt\/#primaryimage"},"thumbnailUrl":"https:\/\/eschringen.de\/wordpress\/wp-content\/uploads\/2020\/02\/RoSFoto-797x1024.jpg","datePublished":"2017-02-12T14:30:36+00:00","dateModified":"2021-10-27T10:10:06+00:00","breadcrumb":{"@id":"https:\/\/eschringen.de\/wordpress\/impressum\/roland-schmitt\/#breadcrumb"},"inLanguage":"de","potentialAction":[{"@type":"ReadAction","target":["https:\/\/eschringen.de\/wordpress\/impressum\/roland-schmitt\/"]}]},{"@type":"ImageObject","inLanguage":"de","@id":"https:\/\/eschringen.de\/wordpress\/impressum\/roland-schmitt\/#primaryimage","url":"https:\/\/i0.wp.com\/eschringen.de\/wordpress\/wp-content\/uploads\/2020\/02\/RoSFoto.jpg?fit=882%2C1133&ssl=1","contentUrl":"https:\/\/i0.wp.com\/eschringen.de\/wordpress\/wp-content\/uploads\/2020\/02\/RoSFoto.jpg?fit=882%2C1133&ssl=1","width":882,"height":1133},{"@type":"BreadcrumbList","@id":"https:\/\/eschringen.de\/wordpress\/impressum\/roland-schmitt\/#breadcrumb","itemListElement":[{"@type":"ListItem","position":1,"name":"Startseite","item":"https:\/\/eschringen.de\/wordpress\/"},{"@type":"ListItem","position":2,"name":"Impressum","item":"https:\/\/eschringen.de\/wordpress\/impressum\/"},{"@type":"ListItem","position":3,"name":"Roland Schmitt"}]},{"@type":"WebSite","@id":"https:\/\/eschringen.de\/wordpress\/#website","url":"https:\/\/eschringen.de\/wordpress\/","name":"Eschringen","description":"","publisher":{"@id":"https:\/\/eschringen.de\/wordpress\/#organization"},"potentialAction":[{"@type":"SearchAction","target":{"@type":"EntryPoint","urlTemplate":"https:\/\/eschringen.de\/wordpress\/?s={search_term_string}"},"query-input":{"@type":"PropertyValueSpecification","valueRequired":true,"valueName":"search_term_string"}}],"inLanguage":"de"},{"@type":"Organization","@id":"https:\/\/eschringen.de\/wordpress\/#organization","name":"Eschringen","url":"https:\/\/eschringen.de\/wordpress\/","logo":{"@type":"ImageObject","inLanguage":"de","@id":"https:\/\/eschringen.de\/wordpress\/#\/schema\/logo\/image\/","url":"https:\/\/eschringen.de\/wordpress\/wp-content\/uploads\/2017\/03\/2017_kw15.jpg","contentUrl":"https:\/\/eschringen.de\/wordpress\/wp-content\/uploads\/2017\/03\/2017_kw15.jpg","width":784,"height":447,"caption":"Eschringen"},"image":{"@id":"https:\/\/eschringen.de\/wordpress\/#\/schema\/logo\/image\/"}}]}},"jetpack_sharing_enabled":true,"_links":{"self":[{"href":"https:\/\/eschringen.de\/wordpress\/wp-json\/wp\/v2\/pages\/630","targetHints":{"allow":["GET"]}}],"collection":[{"href":"https:\/\/eschringen.de\/wordpress\/wp-json\/wp\/v2\/pages"}],"about":[{"href":"https:\/\/eschringen.de\/wordpress\/wp-json\/wp\/v2\/types\/page"}],"author":[{"embeddable":true,"href":"https:\/\/eschringen.de\/wordpress\/wp-json\/wp\/v2\/users\/1"}],"replies":[{"embeddable":true,"href":"https:\/\/eschringen.de\/wordpress\/wp-json\/wp\/v2\/comments?post=630"}],"version-history":[{"count":7,"href":"https:\/\/eschringen.de\/wordpress\/wp-json\/wp\/v2\/pages\/630\/revisions"}],"predecessor-version":[{"id":3279,"href":"https:\/\/eschringen.de\/wordpress\/wp-json\/wp\/v2\/pages\/630\/revisions\/3279"}],"up":[{"embeddable":true,"href":"https:\/\/eschringen.de\/wordpress\/wp-json\/wp\/v2\/pages\/86"}],"wp:attachment":[{"href":"https:\/\/eschringen.de\/wordpress\/wp-json\/wp\/v2\/media?parent=630"}],"curies":[{"name":"wp","href":"https:\/\/api.w.org\/{rel}","templated":true}]}}