{"id":622,"date":"2017-02-12T15:10:54","date_gmt":"2017-02-12T14:10:54","guid":{"rendered":"http:\/\/eschringen.de\/wordpress\/?page_id=622"},"modified":"2024-11-24T12:12:45","modified_gmt":"2024-11-24T11:12:45","slug":"20-september-2015-michael-von-zalejski-bringt-udo-fluegel-auf-touren","status":"publish","type":"page","link":"https:\/\/eschringen.de\/wordpress\/geschichte\/archiv\/20-september-2015-michael-von-zalejski-bringt-udo-fluegel-auf-touren\/","title":{"rendered":"20. September 2015: Michael von Zalejski bringt Udo-Fl\u00fcgel auf Touren"},"content":{"rendered":"<p><a href=\"http:\/\/eschringen.de\/wordpress\/geschichte\/archiv\/20-september-2015-michael-von-zalejski-bringt-udo-fluegel-auf-touren\/merciudo2\/\" rel=\"attachment wp-att-1204\"><img data-recalc-dims=\"1\" loading=\"lazy\" decoding=\"async\" class=\"alignleft size-full wp-image-1204\" src=\"https:\/\/i0.wp.com\/eschringen.de\/wordpress\/wp-content\/uploads\/2017\/02\/MerciUdo2.jpg?resize=600%2C337&#038;ssl=1\" alt=\"\" width=\"600\" height=\"337\" srcset=\"https:\/\/i0.wp.com\/eschringen.de\/wordpress\/wp-content\/uploads\/2017\/02\/MerciUdo2.jpg?w=600&amp;ssl=1 600w, https:\/\/i0.wp.com\/eschringen.de\/wordpress\/wp-content\/uploads\/2017\/02\/MerciUdo2.jpg?resize=300%2C169&amp;ssl=1 300w\" sizes=\"auto, (max-width: 600px) 100vw, 600px\" \/><\/a>Es w\u00e4re l\u00e4ngst mal wieder Zeit, den alten Fl\u00fcgel im Musikzimmer der ehemaligen Grundschule zum Klingen zu bringen, dachte sich (sicher nicht nur) AG-Gesch\u00e4ftsf\u00fchrer Roland Schmitt. Nach dem \u00fcberraschenden Tod Udo J\u00fcrgens im Dezember 2014 kristallisierte sich das Projekt \u201eJ\u00fcrgens-Lieder auf dem Udo-Fl\u00fcgel\u201c immer st\u00e4rker heraus. Mit Blick auf das f\u00fcr den 11. M\u00e4rz 2015 in Saarbr\u00fccken avisierte Udo-J\u00fcrgens-Konzert hatte R. Schmitt im November noch Kontakt mit dessen Management aufgenommen und angeregt, den K\u00fcnstler mal nach Eschringen zu lotsen \u2013 zwecks Auffrischung alter Erinnerungen an diesen Konzertfl\u00fcgel aus dem SR-Fundus. Schlie\u00dflich ist ja hinl\u00e4nglich bekannt, dass J\u00fcrgens eine intensive Verbindung zum Saarl\u00e4ndischen Rundfunk und zu Saarbr\u00fccken hatte. Ein nicht unerheblicher Teil von J\u00fcrgens&#8216; Karriere geht auf dessen Engagements beim SR zur\u00fcck (TV-Show \u201eMeine Melodie\u201c, \u201eGoldene Europa\u201c-Preise u.v.a.).<\/p>\n<p>Bedingt durch J\u00fcrgens&#8216; Tod war der Traum von einem Besuch in der alten Schule definitiv ausgetr\u00e4umt. R. Schmitt recherchierte im Internet, ob es eventuell einen Interpreten g\u00e4be, der sich auf Udo J\u00fcrgens spezialisiert hatte. Und er wurde tats\u00e4chlich f\u00fcndig: Michael von Zalejski (MvZ) aus Hannover, seines Zeichens Ensemble-Mitglied der \u201eComedy Company\u201c, bietet seit drei Jahren nebenbei auch eine musikalische Hommage unter dem Titel \u201eMerci Udo\u201c an. R. Schmitt nahm mit dessen Manager Kontakt auf, und letztlich einigte man sich auf einen passenden Termin (\u201e4. Tag der offenen T\u00fcr\u201c) und ein tragbares Honorar.<br \/>\n<a href=\"http:\/\/eschringen.de\/wordpress\/geschichte\/archiv\/20-september-2015-michael-von-zalejski-bringt-udo-fluegel-auf-touren\/merciudo1\/\" rel=\"attachment wp-att-1202\"><img data-recalc-dims=\"1\" loading=\"lazy\" decoding=\"async\" class=\"alignright wp-image-1202 size-full\" src=\"https:\/\/i0.wp.com\/eschringen.de\/wordpress\/wp-content\/uploads\/2017\/02\/MerciUdo1.jpg?resize=600%2C337&#038;ssl=1\" width=\"600\" height=\"337\" srcset=\"https:\/\/i0.wp.com\/eschringen.de\/wordpress\/wp-content\/uploads\/2017\/02\/MerciUdo1.jpg?w=600&amp;ssl=1 600w, https:\/\/i0.wp.com\/eschringen.de\/wordpress\/wp-content\/uploads\/2017\/02\/MerciUdo1.jpg?resize=300%2C169&amp;ssl=1 300w\" sizes=\"auto, (max-width: 600px) 100vw, 600px\" \/><\/a>Werner Rohe bot sich an, das legend\u00e4re Instrument f\u00fcr den Auftritt zeitnah zu stimmen, das Musikzimmer wurde pr\u00e4pariert, der Kartenvorverkauf angeleiert.<br \/>\nIm Nachgang des 4. Tags der offenen T\u00fcr war es dann an besagtem fr\u00fchen Sonntagabend soweit. Das ordentlich mit Publikum besetzte Musikzimmer empfing den Pianisten und S\u00e4nger Michael von Zalejski h\u00f6flich, aber anfangs auch mit der gebotenen Zur\u00fcckhaltung. Wird der junge Mann seinem Idol gerecht werden? Ja, er wurde es, denn MvZ verzichtete auf einfaches Kopieren, interpretierte die Klassiker und weniger bekannten Lieder und Chansons J\u00fcrgens&#8216; nach eigenem Gusto. So entschleunigte er z. B. den eher als Gassenhauer ber\u00fchmten Titel \u201eGriechischer Wein\u201c, dessen melancholischer und nachdenklicher Text den Zuh\u00f6rern wohl erst richtig bewusst wurde.<br \/>\nNat\u00fcrlich gab&#8217;s im 2. Teil des Abends noch ein Medley mit einer Hitauswahl aus J\u00fcrgens&#8216; Repertoire (\u201eIch wei\u00df, was ich will\u201c, \u201e7 Jahr, blondes Haar\u201c, \u201eMerci Ch\u00e9rie\u201c). Und als MvZ noch einen drauf setzte \u2013 \u201eAber bitte mit Sahne!\u201c und \u201eIch war noch niemals in New York\u201c \u2013 waren \u201estanding ovations\u201c unvermeidlich. Ein toller und w\u00fcrdiger Abend, der vielen noch lange in Erinnerung bleiben wird.<\/p>\n<p><a href=\"http:\/\/eschringen.de\/wordpress\/geschichte\/archiv\/\">zur\u00fcck zum Archiv<\/a><\/p>\n","protected":false},"excerpt":{"rendered":"<p>Es w\u00e4re l\u00e4ngst mal wieder Zeit, den alten Fl\u00fcgel im Musikzimmer der ehemaligen Grundschule zum Klingen zu bringen, dachte sich (sicher nicht nur) AG-Gesch\u00e4ftsf\u00fchrer Roland Schmitt. Nach dem \u00fcberraschenden Tod Udo J\u00fcrgens im Dezember 2014 kristallisierte sich das Projekt \u201eJ\u00fcrgens-Lieder auf dem Udo-Fl\u00fcgel\u201c immer st\u00e4rker heraus. Mit Blick auf das f\u00fcr den 11. M\u00e4rz 2015 &#8230; <a title=\"20. September 2015: Michael von Zalejski bringt Udo-Fl\u00fcgel auf Touren\" class=\"read-more\" href=\"https:\/\/eschringen.de\/wordpress\/geschichte\/archiv\/20-september-2015-michael-von-zalejski-bringt-udo-fluegel-auf-touren\/\" aria-label=\"Mehr Informationen \u00fcber 20. September 2015: Michael von Zalejski bringt Udo-Fl\u00fcgel auf Touren\">Weiterlesen &#8230;<\/a><\/p>\n","protected":false},"author":1,"featured_media":0,"parent":403,"menu_order":5,"comment_status":"closed","ping_status":"closed","template":"","meta":{"ngg_post_thumbnail":0,"footnotes":""},"class_list":["post-622","page","type-page","status-publish"],"yoast_head":"<!-- This site is optimized with the Yoast SEO plugin v27.3 - https:\/\/yoast.com\/product\/yoast-seo-wordpress\/ -->\n<title>20. September 2015: Michael von Zalejski bringt Udo-Fl\u00fcgel auf Touren - Eschringen<\/title>\n<meta name=\"robots\" content=\"index, follow, max-snippet:-1, max-image-preview:large, max-video-preview:-1\" \/>\n<link rel=\"canonical\" href=\"https:\/\/eschringen.de\/wordpress\/geschichte\/archiv\/20-september-2015-michael-von-zalejski-bringt-udo-fluegel-auf-touren\/\" \/>\n<meta property=\"og:locale\" content=\"de_DE\" \/>\n<meta property=\"og:type\" content=\"article\" \/>\n<meta property=\"og:title\" content=\"20. September 2015: Michael von Zalejski bringt Udo-Fl\u00fcgel auf Touren - Eschringen\" \/>\n<meta property=\"og:description\" content=\"Es w\u00e4re l\u00e4ngst mal wieder Zeit, den alten Fl\u00fcgel im Musikzimmer der ehemaligen Grundschule zum Klingen zu bringen, dachte sich (sicher nicht nur) AG-Gesch\u00e4ftsf\u00fchrer Roland Schmitt. Nach dem \u00fcberraschenden Tod Udo J\u00fcrgens im Dezember 2014 kristallisierte sich das Projekt \u201eJ\u00fcrgens-Lieder auf dem Udo-Fl\u00fcgel\u201c immer st\u00e4rker heraus. Mit Blick auf das f\u00fcr den 11. M\u00e4rz 2015 ... Weiterlesen ...\" \/>\n<meta property=\"og:url\" content=\"https:\/\/eschringen.de\/wordpress\/geschichte\/archiv\/20-september-2015-michael-von-zalejski-bringt-udo-fluegel-auf-touren\/\" \/>\n<meta property=\"og:site_name\" content=\"Eschringen\" \/>\n<meta property=\"article:modified_time\" content=\"2024-11-24T11:12:45+00:00\" \/>\n<meta property=\"og:image\" content=\"https:\/\/i0.wp.com\/eschringen.de\/wordpress\/wp-content\/uploads\/2017\/02\/MerciUdo2.jpg?fit=600%2C337&ssl=1\" \/>\n\t<meta property=\"og:image:width\" content=\"600\" \/>\n\t<meta property=\"og:image:height\" content=\"337\" \/>\n\t<meta property=\"og:image:type\" content=\"image\/jpeg\" \/>\n<meta name=\"twitter:card\" content=\"summary_large_image\" \/>\n<meta name=\"twitter:label1\" content=\"Gesch\u00e4tzte Lesezeit\" \/>\n\t<meta name=\"twitter:data1\" content=\"3\u00a0Minuten\" \/>\n<script type=\"application\/ld+json\" class=\"yoast-schema-graph\">{\"@context\":\"https:\\\/\\\/schema.org\",\"@graph\":[{\"@type\":\"WebPage\",\"@id\":\"https:\\\/\\\/eschringen.de\\\/wordpress\\\/geschichte\\\/archiv\\\/20-september-2015-michael-von-zalejski-bringt-udo-fluegel-auf-touren\\\/\",\"url\":\"https:\\\/\\\/eschringen.de\\\/wordpress\\\/geschichte\\\/archiv\\\/20-september-2015-michael-von-zalejski-bringt-udo-fluegel-auf-touren\\\/\",\"name\":\"20. September 2015: Michael von Zalejski bringt Udo-Fl\u00fcgel auf Touren - Eschringen\",\"isPartOf\":{\"@id\":\"https:\\\/\\\/eschringen.de\\\/wordpress\\\/#website\"},\"primaryImageOfPage\":{\"@id\":\"https:\\\/\\\/eschringen.de\\\/wordpress\\\/geschichte\\\/archiv\\\/20-september-2015-michael-von-zalejski-bringt-udo-fluegel-auf-touren\\\/#primaryimage\"},\"image\":{\"@id\":\"https:\\\/\\\/eschringen.de\\\/wordpress\\\/geschichte\\\/archiv\\\/20-september-2015-michael-von-zalejski-bringt-udo-fluegel-auf-touren\\\/#primaryimage\"},\"thumbnailUrl\":\"https:\\\/\\\/eschringen.de\\\/wordpress\\\/wp-content\\\/uploads\\\/2017\\\/02\\\/MerciUdo2.jpg\",\"datePublished\":\"2017-02-12T14:10:54+00:00\",\"dateModified\":\"2024-11-24T11:12:45+00:00\",\"breadcrumb\":{\"@id\":\"https:\\\/\\\/eschringen.de\\\/wordpress\\\/geschichte\\\/archiv\\\/20-september-2015-michael-von-zalejski-bringt-udo-fluegel-auf-touren\\\/#breadcrumb\"},\"inLanguage\":\"de\",\"potentialAction\":[{\"@type\":\"ReadAction\",\"target\":[\"https:\\\/\\\/eschringen.de\\\/wordpress\\\/geschichte\\\/archiv\\\/20-september-2015-michael-von-zalejski-bringt-udo-fluegel-auf-touren\\\/\"]}]},{\"@type\":\"ImageObject\",\"inLanguage\":\"de\",\"@id\":\"https:\\\/\\\/eschringen.de\\\/wordpress\\\/geschichte\\\/archiv\\\/20-september-2015-michael-von-zalejski-bringt-udo-fluegel-auf-touren\\\/#primaryimage\",\"url\":\"https:\\\/\\\/i0.wp.com\\\/eschringen.de\\\/wordpress\\\/wp-content\\\/uploads\\\/2017\\\/02\\\/MerciUdo2.jpg?fit=600%2C337&ssl=1\",\"contentUrl\":\"https:\\\/\\\/i0.wp.com\\\/eschringen.de\\\/wordpress\\\/wp-content\\\/uploads\\\/2017\\\/02\\\/MerciUdo2.jpg?fit=600%2C337&ssl=1\",\"width\":600,\"height\":337},{\"@type\":\"BreadcrumbList\",\"@id\":\"https:\\\/\\\/eschringen.de\\\/wordpress\\\/geschichte\\\/archiv\\\/20-september-2015-michael-von-zalejski-bringt-udo-fluegel-auf-touren\\\/#breadcrumb\",\"itemListElement\":[{\"@type\":\"ListItem\",\"position\":1,\"name\":\"Startseite\",\"item\":\"https:\\\/\\\/eschringen.de\\\/wordpress\\\/\"},{\"@type\":\"ListItem\",\"position\":2,\"name\":\"Geschichte\",\"item\":\"https:\\\/\\\/eschringen.de\\\/wordpress\\\/geschichte\\\/\"},{\"@type\":\"ListItem\",\"position\":3,\"name\":\"Archiv\",\"item\":\"https:\\\/\\\/eschringen.de\\\/wordpress\\\/geschichte\\\/archiv\\\/\"},{\"@type\":\"ListItem\",\"position\":4,\"name\":\"20. September 2015: Michael von Zalejski bringt Udo-Fl\u00fcgel auf Touren\"}]},{\"@type\":\"WebSite\",\"@id\":\"https:\\\/\\\/eschringen.de\\\/wordpress\\\/#website\",\"url\":\"https:\\\/\\\/eschringen.de\\\/wordpress\\\/\",\"name\":\"Eschringen\",\"description\":\"\",\"publisher\":{\"@id\":\"https:\\\/\\\/eschringen.de\\\/wordpress\\\/#organization\"},\"potentialAction\":[{\"@type\":\"SearchAction\",\"target\":{\"@type\":\"EntryPoint\",\"urlTemplate\":\"https:\\\/\\\/eschringen.de\\\/wordpress\\\/?s={search_term_string}\"},\"query-input\":{\"@type\":\"PropertyValueSpecification\",\"valueRequired\":true,\"valueName\":\"search_term_string\"}}],\"inLanguage\":\"de\"},{\"@type\":\"Organization\",\"@id\":\"https:\\\/\\\/eschringen.de\\\/wordpress\\\/#organization\",\"name\":\"Eschringen\",\"url\":\"https:\\\/\\\/eschringen.de\\\/wordpress\\\/\",\"logo\":{\"@type\":\"ImageObject\",\"inLanguage\":\"de\",\"@id\":\"https:\\\/\\\/eschringen.de\\\/wordpress\\\/#\\\/schema\\\/logo\\\/image\\\/\",\"url\":\"https:\\\/\\\/eschringen.de\\\/wordpress\\\/wp-content\\\/uploads\\\/2017\\\/03\\\/2017_kw15.jpg\",\"contentUrl\":\"https:\\\/\\\/eschringen.de\\\/wordpress\\\/wp-content\\\/uploads\\\/2017\\\/03\\\/2017_kw15.jpg\",\"width\":784,\"height\":447,\"caption\":\"Eschringen\"},\"image\":{\"@id\":\"https:\\\/\\\/eschringen.de\\\/wordpress\\\/#\\\/schema\\\/logo\\\/image\\\/\"}}]}<\/script>\n<!-- \/ Yoast SEO plugin. -->","yoast_head_json":{"title":"20. September 2015: Michael von Zalejski bringt Udo-Fl\u00fcgel auf Touren - Eschringen","robots":{"index":"index","follow":"follow","max-snippet":"max-snippet:-1","max-image-preview":"max-image-preview:large","max-video-preview":"max-video-preview:-1"},"canonical":"https:\/\/eschringen.de\/wordpress\/geschichte\/archiv\/20-september-2015-michael-von-zalejski-bringt-udo-fluegel-auf-touren\/","og_locale":"de_DE","og_type":"article","og_title":"20. September 2015: Michael von Zalejski bringt Udo-Fl\u00fcgel auf Touren - Eschringen","og_description":"Es w\u00e4re l\u00e4ngst mal wieder Zeit, den alten Fl\u00fcgel im Musikzimmer der ehemaligen Grundschule zum Klingen zu bringen, dachte sich (sicher nicht nur) AG-Gesch\u00e4ftsf\u00fchrer Roland Schmitt. Nach dem \u00fcberraschenden Tod Udo J\u00fcrgens im Dezember 2014 kristallisierte sich das Projekt \u201eJ\u00fcrgens-Lieder auf dem Udo-Fl\u00fcgel\u201c immer st\u00e4rker heraus. Mit Blick auf das f\u00fcr den 11. M\u00e4rz 2015 ... Weiterlesen ...","og_url":"https:\/\/eschringen.de\/wordpress\/geschichte\/archiv\/20-september-2015-michael-von-zalejski-bringt-udo-fluegel-auf-touren\/","og_site_name":"Eschringen","article_modified_time":"2024-11-24T11:12:45+00:00","og_image":[{"width":600,"height":337,"url":"https:\/\/i0.wp.com\/eschringen.de\/wordpress\/wp-content\/uploads\/2017\/02\/MerciUdo2.jpg?fit=600%2C337&ssl=1","type":"image\/jpeg"}],"twitter_card":"summary_large_image","twitter_misc":{"Gesch\u00e4tzte Lesezeit":"3\u00a0Minuten"},"schema":{"@context":"https:\/\/schema.org","@graph":[{"@type":"WebPage","@id":"https:\/\/eschringen.de\/wordpress\/geschichte\/archiv\/20-september-2015-michael-von-zalejski-bringt-udo-fluegel-auf-touren\/","url":"https:\/\/eschringen.de\/wordpress\/geschichte\/archiv\/20-september-2015-michael-von-zalejski-bringt-udo-fluegel-auf-touren\/","name":"20. September 2015: Michael von Zalejski bringt Udo-Fl\u00fcgel auf Touren - Eschringen","isPartOf":{"@id":"https:\/\/eschringen.de\/wordpress\/#website"},"primaryImageOfPage":{"@id":"https:\/\/eschringen.de\/wordpress\/geschichte\/archiv\/20-september-2015-michael-von-zalejski-bringt-udo-fluegel-auf-touren\/#primaryimage"},"image":{"@id":"https:\/\/eschringen.de\/wordpress\/geschichte\/archiv\/20-september-2015-michael-von-zalejski-bringt-udo-fluegel-auf-touren\/#primaryimage"},"thumbnailUrl":"https:\/\/eschringen.de\/wordpress\/wp-content\/uploads\/2017\/02\/MerciUdo2.jpg","datePublished":"2017-02-12T14:10:54+00:00","dateModified":"2024-11-24T11:12:45+00:00","breadcrumb":{"@id":"https:\/\/eschringen.de\/wordpress\/geschichte\/archiv\/20-september-2015-michael-von-zalejski-bringt-udo-fluegel-auf-touren\/#breadcrumb"},"inLanguage":"de","potentialAction":[{"@type":"ReadAction","target":["https:\/\/eschringen.de\/wordpress\/geschichte\/archiv\/20-september-2015-michael-von-zalejski-bringt-udo-fluegel-auf-touren\/"]}]},{"@type":"ImageObject","inLanguage":"de","@id":"https:\/\/eschringen.de\/wordpress\/geschichte\/archiv\/20-september-2015-michael-von-zalejski-bringt-udo-fluegel-auf-touren\/#primaryimage","url":"https:\/\/i0.wp.com\/eschringen.de\/wordpress\/wp-content\/uploads\/2017\/02\/MerciUdo2.jpg?fit=600%2C337&ssl=1","contentUrl":"https:\/\/i0.wp.com\/eschringen.de\/wordpress\/wp-content\/uploads\/2017\/02\/MerciUdo2.jpg?fit=600%2C337&ssl=1","width":600,"height":337},{"@type":"BreadcrumbList","@id":"https:\/\/eschringen.de\/wordpress\/geschichte\/archiv\/20-september-2015-michael-von-zalejski-bringt-udo-fluegel-auf-touren\/#breadcrumb","itemListElement":[{"@type":"ListItem","position":1,"name":"Startseite","item":"https:\/\/eschringen.de\/wordpress\/"},{"@type":"ListItem","position":2,"name":"Geschichte","item":"https:\/\/eschringen.de\/wordpress\/geschichte\/"},{"@type":"ListItem","position":3,"name":"Archiv","item":"https:\/\/eschringen.de\/wordpress\/geschichte\/archiv\/"},{"@type":"ListItem","position":4,"name":"20. September 2015: Michael von Zalejski bringt Udo-Fl\u00fcgel auf Touren"}]},{"@type":"WebSite","@id":"https:\/\/eschringen.de\/wordpress\/#website","url":"https:\/\/eschringen.de\/wordpress\/","name":"Eschringen","description":"","publisher":{"@id":"https:\/\/eschringen.de\/wordpress\/#organization"},"potentialAction":[{"@type":"SearchAction","target":{"@type":"EntryPoint","urlTemplate":"https:\/\/eschringen.de\/wordpress\/?s={search_term_string}"},"query-input":{"@type":"PropertyValueSpecification","valueRequired":true,"valueName":"search_term_string"}}],"inLanguage":"de"},{"@type":"Organization","@id":"https:\/\/eschringen.de\/wordpress\/#organization","name":"Eschringen","url":"https:\/\/eschringen.de\/wordpress\/","logo":{"@type":"ImageObject","inLanguage":"de","@id":"https:\/\/eschringen.de\/wordpress\/#\/schema\/logo\/image\/","url":"https:\/\/eschringen.de\/wordpress\/wp-content\/uploads\/2017\/03\/2017_kw15.jpg","contentUrl":"https:\/\/eschringen.de\/wordpress\/wp-content\/uploads\/2017\/03\/2017_kw15.jpg","width":784,"height":447,"caption":"Eschringen"},"image":{"@id":"https:\/\/eschringen.de\/wordpress\/#\/schema\/logo\/image\/"}}]}},"jetpack_sharing_enabled":true,"_links":{"self":[{"href":"https:\/\/eschringen.de\/wordpress\/wp-json\/wp\/v2\/pages\/622","targetHints":{"allow":["GET"]}}],"collection":[{"href":"https:\/\/eschringen.de\/wordpress\/wp-json\/wp\/v2\/pages"}],"about":[{"href":"https:\/\/eschringen.de\/wordpress\/wp-json\/wp\/v2\/types\/page"}],"author":[{"embeddable":true,"href":"https:\/\/eschringen.de\/wordpress\/wp-json\/wp\/v2\/users\/1"}],"replies":[{"embeddable":true,"href":"https:\/\/eschringen.de\/wordpress\/wp-json\/wp\/v2\/comments?post=622"}],"version-history":[{"count":3,"href":"https:\/\/eschringen.de\/wordpress\/wp-json\/wp\/v2\/pages\/622\/revisions"}],"predecessor-version":[{"id":4721,"href":"https:\/\/eschringen.de\/wordpress\/wp-json\/wp\/v2\/pages\/622\/revisions\/4721"}],"up":[{"embeddable":true,"href":"https:\/\/eschringen.de\/wordpress\/wp-json\/wp\/v2\/pages\/403"}],"wp:attachment":[{"href":"https:\/\/eschringen.de\/wordpress\/wp-json\/wp\/v2\/media?parent=622"}],"curies":[{"name":"wp","href":"https:\/\/api.w.org\/{rel}","templated":true}]}}